{"id":28022,"date":"2025-04-16T18:46:56","date_gmt":"2025-04-16T18:46:56","guid":{"rendered":"https:\/\/schroevendump.nl\/product\/crayon-de-marquage-pica-dry-3030-longlife\/"},"modified":"2025-12-10T11:32:42","modified_gmt":"2025-12-10T11:32:42","slug":"crayon-de-marquage-pica-dry-3030-longlife","status":"publish","type":"product","link":"https:\/\/schroevendump.nl\/fr\/produit\/crayon-de-marquage-pica-dry-3030-longlife\/","title":{"rendered":"Crayon de marquage Pica Dry 3030 Longlife"},"content":{"rendered":"<div class=\"elementor-element elementor-element-8e8f40c e-flex e-con-boxed e-con e-child\" data-id=\"8e8f40c\" data-element_type=\"container\">\n<div class=\"e-con-inner\">\n<div class=\"elementor-element elementor-element-377bd32 elementor-widget elementor-widget-jet-listing-dynamic-field\" data-id=\"377bd32\" data-element_type=\"widget\" data-widget_type=\"jet-listing-dynamic-field.default\">\n<div class=\"elementor-widget-container\">\n<div class=\"jet-listing jet-listing-dynamic-field display-inline\">\n<div class=\"jet-listing-dynamic-field__inline-wrap\">\n<div class=\"jet-listing-dynamic-field__content\">Porte-mine automatique \u00e0 longue dur\u00e9e de vie<\/div>\n<\/div>\n<\/div>\n<\/div>\n<\/div>\n<\/div>\n<\/div>\n<div class=\"elementor-element elementor-element-5be9a68 e-flex e-con-boxed e-con e-child\" data-id=\"5be9a68\" data-element_type=\"container\">\n<div class=\"e-con-inner\">\n<div class=\"elementor-element elementor-element-21af8af elementor-icon-list--layout-inline elementor-mobile-align-left elementor-widget-mobile__width-inherit elementor-list-item-link-full_width elementor-widget elementor-widget-icon-list\" data-id=\"21af8af\" data-element_type=\"widget\" data-widget_type=\"icon-list.default\">\n<div class=\"elementor-widget-container\">\n<ul class=\"elementor-icon-list-items elementor-inline-items\">\n<li class=\"elementor-icon-list-item elementor-inline-item\"><span class=\"elementor-icon-list-text\">Art. no. 3030 <\/span><\/li>\n<li class=\"elementor-icon-list-item elementor-inline-item\"><span class=\"elementor-icon-list-text\">Diam\u00e8tre minimal : 2,8 mm<\/span><\/li>\n<li class=\"elementor-icon-list-item elementor-inline-item\"><span class=\"elementor-icon-list-text\">Longueur du fil : 125 mm<\/span><\/li>\n<\/ul>\n<\/div>\n<\/div>\n<div class=\"elementor-element elementor-element-0221b0d elementor-widget__width-initial elementor-widget-mobile__width-inherit elementor-widget elementor-widget-text-editor\" data-id=\"0221b0d\" data-element_type=\"widget\" data-widget_type=\"text-editor.default\">\n<div class=\"elementor-widget-container\">\n<p>Le Pica Dry est le marqueur de construction professionnel qui convient \u00e0 presque toutes les surfaces mat\u00e9rielles. Qu&#8217;il s&#8217;agisse de surfaces s\u00e8ches ou humides, lisses ou rugueuses, poussi\u00e9reuses ou rouill\u00e9es, gr\u00e2ce \u00e0 la large gamme de marqueurs, vous \u00eates id\u00e9alement \u00e9quip\u00e9 pour chaque projet. <\/p>\n<\/div>\n<\/div>\n<\/div>\n<\/div>\n<div class=\"elementor-element elementor-element-901ca16 e-flex e-con-boxed e-con e-child\" data-id=\"901ca16\" data-element_type=\"container\">\n<div class=\"e-con-inner\">\n<div class=\"elementor-element elementor-element-02f9f1d e-con-full e-flex e-con e-child animated fadeInUp\" data-id=\"02f9f1d\" data-element_type=\"container\" data-settings=\"{\"animation\":\"fadeInUp\"}\">\n<div class=\"elementor-element elementor-element-cfc444a elementor-widget__width-initial elementor-view-default elementor-widget elementor-widget-icon\" data-id=\"cfc444a\" data-element_type=\"widget\" data-widget_type=\"icon.default\">\n<div class=\"elementor-widget-container\">\n<div class=\"elementor-icon-wrapper\">\n<div class=\"elementor-icon\"><\/div>\n<\/div>\n<\/div>\n<\/div>\n<div class=\"elementor-element elementor-element-4d3595d elementor-widget elementor-widget-heading\" data-id=\"4d3595d\" data-element_type=\"widget\" data-widget_type=\"heading.default\">\n<div class=\"elementor-widget-container\">\n<h2 class=\"elementor-heading-title elementor-size-default\">\u00c0 propos du marqueur<\/h2>\n<\/div>\n<\/div>\n<div class=\"elementor-element elementor-element-9ea9304 elementor-widget elementor-widget-text-editor\" data-id=\"9ea9304\" data-element_type=\"widget\" data-widget_type=\"text-editor.default\">\n<div class=\"elementor-widget-container\">\n<ul>\n<li>Arbre avec but\u00e9e \u00e0 rouleaux<\/li>\n<li>Prot\u00e8ge-tube pratique avec clip sp\u00e9cial, pour une utilisation parfaite d&#8217;une seule main<\/li>\n<li>Aiguisoir brevet\u00e9 int\u00e9gr\u00e9 dans le prot\u00e8ge-manche pour une pr\u00e9cision instantan\u00e9e<\/li>\n<li>M\u00e9canisme de pression de haute technologie pour l&#8217;alimentation automatique en plomb dans un tube en acier inoxydable<\/li>\n<li>Les recharges peuvent \u00eatre facilement recharg\u00e9es \u00e0 l&#8217;arri\u00e8re.<\/li>\n<\/ul>\n<\/div>\n<\/div>\n<\/div>\n<\/div>\n<\/div>\n","protected":false},"excerpt":{"rendered":"<p>Porte-mine automatique \u00e0 longue dur\u00e9e de vie Art. no. 3030 Diam\u00e8tre minimal : 2,8 mm Longueur du fil : 125 mm Le Pica Dry est le marqueur de construction professionnel qui convient \u00e0 presque toutes les surfaces mat\u00e9rielles. Qu&#8217;il s&#8217;agisse de surfaces s\u00e8ches ou humides, lisses ou rugueuses, poussi\u00e9reuses ou rouill\u00e9es, gr\u00e2ce \u00e0 la large [&hellip;]<\/p>\n","protected":false},"featured_media":28023,"comment_status":"open","ping_status":"closed","template":"","meta":[],"product_brand":[],"product_cat":[590],"product_tag":[],"class_list":{"0":"post-28022","1":"product","2":"type-product","3":"status-publish","4":"has-post-thumbnail","6":"product_cat-outils-a-main","8":"first","9":"instock","10":"taxable","11":"shipping-taxable","12":"purchasable","13":"product-type-simple"},"supplier_id":null,"supplier_sku":"","barcode":null,"atum_controlled":true,"out_stock_date":null,"out_stock_threshold":null,"inheritable":false,"inbound_stock":0,"stock_on_hold":1,"sold_today":1,"sales_last_days":4,"reserved_stock":0,"customer_returns":0,"warehouse_damage":0,"lost_in_post":0,"other_logs":0,"out_stock_days":0,"lost_sales":0,"has_location":false,"update_date":"2026-04-18T09:57:00","atum_locations":[],"atum_stock_status":"instock","restock_status":false,"low_stock_amount":"","sales_update_date":"2026-04-18T09:57:00","calc_backorders":null,"acf":[],"yoast_head":"<!-- This site is optimized with the Yoast SEO plugin v26.6 - https:\/\/yoast.com\/wordpress\/plugins\/seo\/ -->\n<title>Crayon de marquage Pica Dry 3030 Longlife - Schroevendump<\/title>\n<meta name=\"robots\" content=\"index, follow, max-snippet:-1, max-image-preview:large, max-video-preview:-1\" \/>\n<link rel=\"canonical\" href=\"https:\/\/schroevendump.nl\/fr\/produit\/crayon-de-marquage-pica-dry-3030-longlife\/\" \/>\n<meta property=\"og:locale\" content=\"fr_FR\" \/>\n<meta property=\"og:type\" content=\"article\" \/>\n<meta property=\"og:title\" content=\"Crayon de marquage Pica Dry 3030 Longlife - Schroevendump\" \/>\n<meta property=\"og:description\" content=\"Porte-mine automatique \u00e0 longue dur\u00e9e de vie Art. no. 3030 Diam\u00e8tre minimal : 2,8 mm Longueur du fil : 125 mm Le Pica Dry est le marqueur de construction professionnel qui convient \u00e0 presque toutes les surfaces mat\u00e9rielles. Qu&#8217;il s&#8217;agisse de surfaces s\u00e8ches ou humides, lisses ou rugueuses, poussi\u00e9reuses ou rouill\u00e9es, gr\u00e2ce \u00e0 la large [&hellip;]\" \/>\n<meta property=\"og:url\" content=\"https:\/\/schroevendump.nl\/fr\/produit\/crayon-de-marquage-pica-dry-3030-longlife\/\" \/>\n<meta property=\"og:site_name\" content=\"Schroevendump\" \/>\n<meta property=\"article:modified_time\" content=\"2025-12-10T11:32:42+00:00\" \/>\n<meta property=\"og:image\" content=\"https:\/\/schroevendump.nl\/wp-content\/uploads\/2025\/04\/pica-dry-3030.png\" \/>\n\t<meta property=\"og:image:width\" content=\"800\" \/>\n\t<meta property=\"og:image:height\" content=\"800\" \/>\n\t<meta property=\"og:image:type\" content=\"image\/png\" \/>\n<meta name=\"twitter:card\" content=\"summary_large_image\" \/>\n<meta name=\"twitter:label1\" content=\"Dur\u00e9e de lecture estim\u00e9e\" \/>\n\t<meta name=\"twitter:data1\" content=\"1 minute\" \/>\n<script type=\"application\/ld+json\" class=\"yoast-schema-graph\">{\"@context\":\"https:\/\/schema.org\",\"@graph\":[{\"@type\":\"WebPage\",\"@id\":\"https:\/\/schroevendump.nl\/fr\/produit\/crayon-de-marquage-pica-dry-3030-longlife\/\",\"url\":\"https:\/\/schroevendump.nl\/fr\/produit\/crayon-de-marquage-pica-dry-3030-longlife\/\",\"name\":\"Crayon de marquage Pica Dry 3030 Longlife - Schroevendump\",\"isPartOf\":{\"@id\":\"https:\/\/schroevendump.nl\/fr\/#website\"},\"primaryImageOfPage\":{\"@id\":\"https:\/\/schroevendump.nl\/fr\/produit\/crayon-de-marquage-pica-dry-3030-longlife\/#primaryimage\"},\"image\":{\"@id\":\"https:\/\/schroevendump.nl\/fr\/produit\/crayon-de-marquage-pica-dry-3030-longlife\/#primaryimage\"},\"thumbnailUrl\":\"https:\/\/schroevendump.nl\/wp-content\/uploads\/2025\/04\/pica-dry-3030.png\",\"datePublished\":\"2025-04-16T18:46:56+00:00\",\"dateModified\":\"2025-12-10T11:32:42+00:00\",\"breadcrumb\":{\"@id\":\"https:\/\/schroevendump.nl\/fr\/produit\/crayon-de-marquage-pica-dry-3030-longlife\/#breadcrumb\"},\"inLanguage\":\"fr-FR\",\"potentialAction\":[{\"@type\":\"ReadAction\",\"target\":[\"https:\/\/schroevendump.nl\/fr\/produit\/crayon-de-marquage-pica-dry-3030-longlife\/\"]}]},{\"@type\":\"ImageObject\",\"inLanguage\":\"fr-FR\",\"@id\":\"https:\/\/schroevendump.nl\/fr\/produit\/crayon-de-marquage-pica-dry-3030-longlife\/#primaryimage\",\"url\":\"https:\/\/schroevendump.nl\/wp-content\/uploads\/2025\/04\/pica-dry-3030.png\",\"contentUrl\":\"https:\/\/schroevendump.nl\/wp-content\/uploads\/2025\/04\/pica-dry-3030.png\",\"width\":800,\"height\":800},{\"@type\":\"BreadcrumbList\",\"@id\":\"https:\/\/schroevendump.nl\/fr\/produit\/crayon-de-marquage-pica-dry-3030-longlife\/#breadcrumb\",\"itemListElement\":[{\"@type\":\"ListItem\",\"position\":1,\"name\":\"Accueil\",\"item\":\"https:\/\/schroevendump.nl\/fr\/\"},{\"@type\":\"ListItem\",\"position\":2,\"name\":\"Boutique\",\"item\":\"https:\/\/schroevendump.nl\/fr\/boutique\/\"},{\"@type\":\"ListItem\",\"position\":3,\"name\":\"Crayon de marquage Pica Dry 3030 Longlife\"}]},{\"@type\":\"WebSite\",\"@id\":\"https:\/\/schroevendump.nl\/fr\/#website\",\"url\":\"https:\/\/schroevendump.nl\/fr\/\",\"name\":\"Schroevendump\",\"description\":\"\",\"potentialAction\":[{\"@type\":\"SearchAction\",\"target\":{\"@type\":\"EntryPoint\",\"urlTemplate\":\"https:\/\/schroevendump.nl\/fr\/?s={search_term_string}\"},\"query-input\":{\"@type\":\"PropertyValueSpecification\",\"valueRequired\":true,\"valueName\":\"search_term_string\"}}],\"inLanguage\":\"fr-FR\"}]}<\/script>\n<!-- \/ Yoast SEO plugin. -->","yoast_head_json":{"title":"Crayon de marquage Pica Dry 3030 Longlife - Schroevendump","robots":{"index":"index","follow":"follow","max-snippet":"max-snippet:-1","max-image-preview":"max-image-preview:large","max-video-preview":"max-video-preview:-1"},"canonical":"https:\/\/schroevendump.nl\/fr\/produit\/crayon-de-marquage-pica-dry-3030-longlife\/","og_locale":"fr_FR","og_type":"article","og_title":"Crayon de marquage Pica Dry 3030 Longlife - Schroevendump","og_description":"Porte-mine automatique \u00e0 longue dur\u00e9e de vie Art. no. 3030 Diam\u00e8tre minimal : 2,8 mm Longueur du fil : 125 mm Le Pica Dry est le marqueur de construction professionnel qui convient \u00e0 presque toutes les surfaces mat\u00e9rielles. Qu&#8217;il s&#8217;agisse de surfaces s\u00e8ches ou humides, lisses ou rugueuses, poussi\u00e9reuses ou rouill\u00e9es, gr\u00e2ce \u00e0 la large [&hellip;]","og_url":"https:\/\/schroevendump.nl\/fr\/produit\/crayon-de-marquage-pica-dry-3030-longlife\/","og_site_name":"Schroevendump","article_modified_time":"2025-12-10T11:32:42+00:00","og_image":[{"width":800,"height":800,"url":"https:\/\/schroevendump.nl\/wp-content\/uploads\/2025\/04\/pica-dry-3030.png","type":"image\/png"}],"twitter_card":"summary_large_image","twitter_misc":{"Dur\u00e9e de lecture estim\u00e9e":"1 minute"},"schema":{"@context":"https:\/\/schema.org","@graph":[{"@type":"WebPage","@id":"https:\/\/schroevendump.nl\/fr\/produit\/crayon-de-marquage-pica-dry-3030-longlife\/","url":"https:\/\/schroevendump.nl\/fr\/produit\/crayon-de-marquage-pica-dry-3030-longlife\/","name":"Crayon de marquage Pica Dry 3030 Longlife - Schroevendump","isPartOf":{"@id":"https:\/\/schroevendump.nl\/fr\/#website"},"primaryImageOfPage":{"@id":"https:\/\/schroevendump.nl\/fr\/produit\/crayon-de-marquage-pica-dry-3030-longlife\/#primaryimage"},"image":{"@id":"https:\/\/schroevendump.nl\/fr\/produit\/crayon-de-marquage-pica-dry-3030-longlife\/#primaryimage"},"thumbnailUrl":"https:\/\/schroevendump.nl\/wp-content\/uploads\/2025\/04\/pica-dry-3030.png","datePublished":"2025-04-16T18:46:56+00:00","dateModified":"2025-12-10T11:32:42+00:00","breadcrumb":{"@id":"https:\/\/schroevendump.nl\/fr\/produit\/crayon-de-marquage-pica-dry-3030-longlife\/#breadcrumb"},"inLanguage":"fr-FR","potentialAction":[{"@type":"ReadAction","target":["https:\/\/schroevendump.nl\/fr\/produit\/crayon-de-marquage-pica-dry-3030-longlife\/"]}]},{"@type":"ImageObject","inLanguage":"fr-FR","@id":"https:\/\/schroevendump.nl\/fr\/produit\/crayon-de-marquage-pica-dry-3030-longlife\/#primaryimage","url":"https:\/\/schroevendump.nl\/wp-content\/uploads\/2025\/04\/pica-dry-3030.png","contentUrl":"https:\/\/schroevendump.nl\/wp-content\/uploads\/2025\/04\/pica-dry-3030.png","width":800,"height":800},{"@type":"BreadcrumbList","@id":"https:\/\/schroevendump.nl\/fr\/produit\/crayon-de-marquage-pica-dry-3030-longlife\/#breadcrumb","itemListElement":[{"@type":"ListItem","position":1,"name":"Accueil","item":"https:\/\/schroevendump.nl\/fr\/"},{"@type":"ListItem","position":2,"name":"Boutique","item":"https:\/\/schroevendump.nl\/fr\/boutique\/"},{"@type":"ListItem","position":3,"name":"Crayon de marquage Pica Dry 3030 Longlife"}]},{"@type":"WebSite","@id":"https:\/\/schroevendump.nl\/fr\/#website","url":"https:\/\/schroevendump.nl\/fr\/","name":"Schroevendump","description":"","potentialAction":[{"@type":"SearchAction","target":{"@type":"EntryPoint","urlTemplate":"https:\/\/schroevendump.nl\/fr\/?s={search_term_string}"},"query-input":{"@type":"PropertyValueSpecification","valueRequired":true,"valueName":"search_term_string"}}],"inLanguage":"fr-FR"}]}},"_links":{"self":[{"href":"https:\/\/schroevendump.nl\/fr\/wp-json\/wp\/v2\/product\/28022","targetHints":{"allow":["GET"]}}],"collection":[{"href":"https:\/\/schroevendump.nl\/fr\/wp-json\/wp\/v2\/product"}],"about":[{"href":"https:\/\/schroevendump.nl\/fr\/wp-json\/wp\/v2\/types\/product"}],"replies":[{"embeddable":true,"href":"https:\/\/schroevendump.nl\/fr\/wp-json\/wp\/v2\/comments?post=28022"}],"wp:featuredmedia":[{"embeddable":true,"href":"https:\/\/schroevendump.nl\/fr\/wp-json\/wp\/v2\/media\/28023"}],"wp:attachment":[{"href":"https:\/\/schroevendump.nl\/fr\/wp-json\/wp\/v2\/media?parent=28022"}],"wp:term":[{"taxonomy":"product_brand","embeddable":true,"href":"https:\/\/schroevendump.nl\/fr\/wp-json\/wp\/v2\/product_brand?post=28022"},{"taxonomy":"product_cat","embeddable":true,"href":"https:\/\/schroevendump.nl\/fr\/wp-json\/wp\/v2\/product_cat?post=28022"},{"taxonomy":"product_tag","embeddable":true,"href":"https:\/\/schroevendump.nl\/fr\/wp-json\/wp\/v2\/product_tag?post=28022"}],"curies":[{"name":"wp","href":"https:\/\/api.w.org\/{rel}","templated":true}]}}