{"id":28034,"date":"2025-03-21T09:13:51","date_gmt":"2025-03-21T09:13:51","guid":{"rendered":"https:\/\/schroevendump.nl\/product\/vis-de-terrasse-a-godet-advantage-en-acier-inoxydable-410-4-0-x-50-30-tx15-1500-pieces\/"},"modified":"2025-12-10T11:32:08","modified_gmt":"2025-12-10T11:32:08","slug":"vis-de-terrasse-a-godet-advantage-en-acier-inoxydable-410-4-0-x-50-30-tx15-1500-pieces","status":"publish","type":"product","link":"https:\/\/schroevendump.nl\/fr\/produit\/vis-de-terrasse-a-godet-advantage-en-acier-inoxydable-410-4-0-x-50-30-tx15-1500-pieces\/","title":{"rendered":"Vis de terrasse \u00e0 godet Advantage en acier inoxydable 410 4.0 x 50\/30 TX15 1500 pi\u00e8ces"},"content":{"rendered":"<p>Les vis de <strong>terrasse<\/strong>, \u00e9galement appel\u00e9es vis \u00e0 bois dur, sont sp\u00e9cialement con\u00e7ues pour la fixation et le montage de bois dur, par exemple lors de la construction de terrasses, de fascias, de balustrades et d&#8217;\u00e9chafaudages.<br \/>\nLes vis de terrasse de screwdump sont fabriqu\u00e9es en acier inoxydable de qualit\u00e9 A410. Il s&#8217;agit de la qualit\u00e9 d&#8217;acier la plus fiable en mati\u00e8re d&#8217;acier inoxydable.  L&#8217;acier inoxydable de qualit\u00e9 inf\u00e9rieure ne peut souvent pas faire face \u00e0 l&#8217;action et \u00e0 la capacit\u00e9 de charge des terrasses en bois. Ne l\u00e9sinez pas sur les vis pour votre terrasse ! Optez pour la qualit\u00e9 et choisissez les vis pour bois dur en acier inoxydable A410 de SCHROEVENDUMP !<br \/>\nLe point de pr\u00e9-coupe sp\u00e9cial permet de travailler les vis <b>sans<\/b> pr\u00e9-per\u00e7age.<br \/>\nSous la t\u00eate de la vis se trouvent des nervures sp\u00e9ciales qui percent le trou dans la lame de terrasse, pour \u00e9viter une trop grande tension sur la vis. Les vis de terrasse Screwdump ont un entra\u00eenement Torx (TX). Les avantages de l&#8217;entra\u00eenement Torx sont un meilleur transfert de puissance entre l&#8217;outil et la vis, et un risque moindre d&#8217;\u00e9jection de l&#8217;outil de la vis. Cela facilite le montage.<\/p>\n","protected":false},"excerpt":{"rendered":"<p>Les vis de terrasse, \u00e9galement appel\u00e9es vis \u00e0 bois dur, sont sp\u00e9cialement con\u00e7ues pour la fixation et le montage de bois dur, par exemple lors de la construction de terrasses, de fascias, de balustrades et d&#8217;\u00e9chafaudages. Les vis de terrasse de screwdump sont fabriqu\u00e9es en acier inoxydable de qualit\u00e9 A410. Il s&#8217;agit de la qualit\u00e9 [&hellip;]<\/p>\n","protected":false},"featured_media":27252,"comment_status":"open","ping_status":"closed","template":"","meta":[],"product_brand":[],"product_cat":[550,599],"product_tag":[],"class_list":{"0":"post-28034","1":"product","2":"type-product","3":"status-publish","4":"has-post-thumbnail","6":"product_cat-vis-de-pont-de-pont-de-marmite","7":"product_cat-seaux-avantageux","9":"first","10":"instock","11":"sale","12":"taxable","13":"shipping-taxable","14":"purchasable","15":"product-type-simple"},"supplier_id":null,"supplier_sku":"","barcode":null,"atum_controlled":true,"out_stock_date":null,"out_stock_threshold":null,"inheritable":false,"inbound_stock":0,"stock_on_hold":1,"sold_today":1,"sales_last_days":9,"reserved_stock":0,"customer_returns":0,"warehouse_damage":0,"lost_in_post":0,"other_logs":0,"out_stock_days":0,"lost_sales":0,"has_location":false,"update_date":"2026-04-18T18:44:11","atum_locations":[],"atum_stock_status":"instock","restock_status":false,"low_stock_amount":"","sales_update_date":"2026-04-18T18:44:11","calc_backorders":null,"acf":[],"yoast_head":"<!-- This site is optimized with the Yoast SEO plugin v26.6 - https:\/\/yoast.com\/wordpress\/plugins\/seo\/ -->\n<title>Vis de terrasse \u00e0 godet Advantage en acier inoxydable 410 4.0 x 50\/30 TX15 1500 pi\u00e8ces - Schroevendump<\/title>\n<meta name=\"robots\" content=\"index, follow, max-snippet:-1, max-image-preview:large, max-video-preview:-1\" \/>\n<link rel=\"canonical\" href=\"https:\/\/schroevendump.nl\/fr\/produit\/vis-de-terrasse-a-godet-advantage-en-acier-inoxydable-410-4-0-x-50-30-tx15-1500-pieces\/\" \/>\n<meta property=\"og:locale\" content=\"fr_FR\" \/>\n<meta property=\"og:type\" content=\"article\" \/>\n<meta property=\"og:title\" content=\"Vis de terrasse \u00e0 godet Advantage en acier inoxydable 410 4.0 x 50\/30 TX15 1500 pi\u00e8ces - Schroevendump\" \/>\n<meta property=\"og:description\" content=\"Les vis de terrasse, \u00e9galement appel\u00e9es vis \u00e0 bois dur, sont sp\u00e9cialement con\u00e7ues pour la fixation et le montage de bois dur, par exemple lors de la construction de terrasses, de fascias, de balustrades et d&#8217;\u00e9chafaudages. Les vis de terrasse de screwdump sont fabriqu\u00e9es en acier inoxydable de qualit\u00e9 A410. Il s&#8217;agit de la qualit\u00e9 [&hellip;]\" \/>\n<meta property=\"og:url\" content=\"https:\/\/schroevendump.nl\/fr\/produit\/vis-de-terrasse-a-godet-advantage-en-acier-inoxydable-410-4-0-x-50-30-tx15-1500-pieces\/\" \/>\n<meta property=\"og:site_name\" content=\"Schroevendump\" \/>\n<meta property=\"article:modified_time\" content=\"2025-12-10T11:32:08+00:00\" \/>\n<meta property=\"og:image\" content=\"https:\/\/schroevendump.nl\/wp-content\/uploads\/2025\/03\/Schroevendump-Emmer-3-removebg-e1746867879655-1024x979.png\" \/>\n\t<meta property=\"og:image:width\" content=\"1024\" \/>\n\t<meta property=\"og:image:height\" content=\"979\" \/>\n\t<meta property=\"og:image:type\" content=\"image\/png\" \/>\n<meta name=\"twitter:card\" content=\"summary_large_image\" \/>\n<meta name=\"twitter:label1\" content=\"Dur\u00e9e de lecture estim\u00e9e\" \/>\n\t<meta name=\"twitter:data1\" content=\"1 minute\" \/>\n<script type=\"application\/ld+json\" class=\"yoast-schema-graph\">{\"@context\":\"https:\/\/schema.org\",\"@graph\":[{\"@type\":\"WebPage\",\"@id\":\"https:\/\/schroevendump.nl\/fr\/produit\/vis-de-terrasse-a-godet-advantage-en-acier-inoxydable-410-4-0-x-50-30-tx15-1500-pieces\/\",\"url\":\"https:\/\/schroevendump.nl\/fr\/produit\/vis-de-terrasse-a-godet-advantage-en-acier-inoxydable-410-4-0-x-50-30-tx15-1500-pieces\/\",\"name\":\"Vis de terrasse \u00e0 godet Advantage en acier inoxydable 410 4.0 x 50\/30 TX15 1500 pi\u00e8ces - Schroevendump\",\"isPartOf\":{\"@id\":\"https:\/\/schroevendump.nl\/fr\/#website\"},\"primaryImageOfPage\":{\"@id\":\"https:\/\/schroevendump.nl\/fr\/produit\/vis-de-terrasse-a-godet-advantage-en-acier-inoxydable-410-4-0-x-50-30-tx15-1500-pieces\/#primaryimage\"},\"image\":{\"@id\":\"https:\/\/schroevendump.nl\/fr\/produit\/vis-de-terrasse-a-godet-advantage-en-acier-inoxydable-410-4-0-x-50-30-tx15-1500-pieces\/#primaryimage\"},\"thumbnailUrl\":\"https:\/\/schroevendump.nl\/wp-content\/uploads\/2025\/03\/Schroevendump-Emmer-3-removebg-e1746867879655.png\",\"datePublished\":\"2025-03-21T09:13:51+00:00\",\"dateModified\":\"2025-12-10T11:32:08+00:00\",\"breadcrumb\":{\"@id\":\"https:\/\/schroevendump.nl\/fr\/produit\/vis-de-terrasse-a-godet-advantage-en-acier-inoxydable-410-4-0-x-50-30-tx15-1500-pieces\/#breadcrumb\"},\"inLanguage\":\"fr-FR\",\"potentialAction\":[{\"@type\":\"ReadAction\",\"target\":[\"https:\/\/schroevendump.nl\/fr\/produit\/vis-de-terrasse-a-godet-advantage-en-acier-inoxydable-410-4-0-x-50-30-tx15-1500-pieces\/\"]}]},{\"@type\":\"ImageObject\",\"inLanguage\":\"fr-FR\",\"@id\":\"https:\/\/schroevendump.nl\/fr\/produit\/vis-de-terrasse-a-godet-advantage-en-acier-inoxydable-410-4-0-x-50-30-tx15-1500-pieces\/#primaryimage\",\"url\":\"https:\/\/schroevendump.nl\/wp-content\/uploads\/2025\/03\/Schroevendump-Emmer-3-removebg-e1746867879655.png\",\"contentUrl\":\"https:\/\/schroevendump.nl\/wp-content\/uploads\/2025\/03\/Schroevendump-Emmer-3-removebg-e1746867879655.png\",\"width\":2004,\"height\":1916},{\"@type\":\"BreadcrumbList\",\"@id\":\"https:\/\/schroevendump.nl\/fr\/produit\/vis-de-terrasse-a-godet-advantage-en-acier-inoxydable-410-4-0-x-50-30-tx15-1500-pieces\/#breadcrumb\",\"itemListElement\":[{\"@type\":\"ListItem\",\"position\":1,\"name\":\"Accueil\",\"item\":\"https:\/\/schroevendump.nl\/fr\/\"},{\"@type\":\"ListItem\",\"position\":2,\"name\":\"Boutique\",\"item\":\"https:\/\/schroevendump.nl\/fr\/boutique\/\"},{\"@type\":\"ListItem\",\"position\":3,\"name\":\"Vis de terrasse \u00e0 godet Advantage en acier inoxydable 410 4.0 x 50\/30 TX15 1500 pi\u00e8ces\"}]},{\"@type\":\"WebSite\",\"@id\":\"https:\/\/schroevendump.nl\/fr\/#website\",\"url\":\"https:\/\/schroevendump.nl\/fr\/\",\"name\":\"Schroevendump\",\"description\":\"\",\"potentialAction\":[{\"@type\":\"SearchAction\",\"target\":{\"@type\":\"EntryPoint\",\"urlTemplate\":\"https:\/\/schroevendump.nl\/fr\/?s={search_term_string}\"},\"query-input\":{\"@type\":\"PropertyValueSpecification\",\"valueRequired\":true,\"valueName\":\"search_term_string\"}}],\"inLanguage\":\"fr-FR\"}]}<\/script>\n<!-- \/ Yoast SEO plugin. -->","yoast_head_json":{"title":"Vis de terrasse \u00e0 godet Advantage en acier inoxydable 410 4.0 x 50\/30 TX15 1500 pi\u00e8ces - Schroevendump","robots":{"index":"index","follow":"follow","max-snippet":"max-snippet:-1","max-image-preview":"max-image-preview:large","max-video-preview":"max-video-preview:-1"},"canonical":"https:\/\/schroevendump.nl\/fr\/produit\/vis-de-terrasse-a-godet-advantage-en-acier-inoxydable-410-4-0-x-50-30-tx15-1500-pieces\/","og_locale":"fr_FR","og_type":"article","og_title":"Vis de terrasse \u00e0 godet Advantage en acier inoxydable 410 4.0 x 50\/30 TX15 1500 pi\u00e8ces - Schroevendump","og_description":"Les vis de terrasse, \u00e9galement appel\u00e9es vis \u00e0 bois dur, sont sp\u00e9cialement con\u00e7ues pour la fixation et le montage de bois dur, par exemple lors de la construction de terrasses, de fascias, de balustrades et d&#8217;\u00e9chafaudages. Les vis de terrasse de screwdump sont fabriqu\u00e9es en acier inoxydable de qualit\u00e9 A410. Il s&#8217;agit de la qualit\u00e9 [&hellip;]","og_url":"https:\/\/schroevendump.nl\/fr\/produit\/vis-de-terrasse-a-godet-advantage-en-acier-inoxydable-410-4-0-x-50-30-tx15-1500-pieces\/","og_site_name":"Schroevendump","article_modified_time":"2025-12-10T11:32:08+00:00","og_image":[{"width":1024,"height":979,"url":"https:\/\/schroevendump.nl\/wp-content\/uploads\/2025\/03\/Schroevendump-Emmer-3-removebg-e1746867879655-1024x979.png","type":"image\/png"}],"twitter_card":"summary_large_image","twitter_misc":{"Dur\u00e9e de lecture estim\u00e9e":"1 minute"},"schema":{"@context":"https:\/\/schema.org","@graph":[{"@type":"WebPage","@id":"https:\/\/schroevendump.nl\/fr\/produit\/vis-de-terrasse-a-godet-advantage-en-acier-inoxydable-410-4-0-x-50-30-tx15-1500-pieces\/","url":"https:\/\/schroevendump.nl\/fr\/produit\/vis-de-terrasse-a-godet-advantage-en-acier-inoxydable-410-4-0-x-50-30-tx15-1500-pieces\/","name":"Vis de terrasse \u00e0 godet Advantage en acier inoxydable 410 4.0 x 50\/30 TX15 1500 pi\u00e8ces - Schroevendump","isPartOf":{"@id":"https:\/\/schroevendump.nl\/fr\/#website"},"primaryImageOfPage":{"@id":"https:\/\/schroevendump.nl\/fr\/produit\/vis-de-terrasse-a-godet-advantage-en-acier-inoxydable-410-4-0-x-50-30-tx15-1500-pieces\/#primaryimage"},"image":{"@id":"https:\/\/schroevendump.nl\/fr\/produit\/vis-de-terrasse-a-godet-advantage-en-acier-inoxydable-410-4-0-x-50-30-tx15-1500-pieces\/#primaryimage"},"thumbnailUrl":"https:\/\/schroevendump.nl\/wp-content\/uploads\/2025\/03\/Schroevendump-Emmer-3-removebg-e1746867879655.png","datePublished":"2025-03-21T09:13:51+00:00","dateModified":"2025-12-10T11:32:08+00:00","breadcrumb":{"@id":"https:\/\/schroevendump.nl\/fr\/produit\/vis-de-terrasse-a-godet-advantage-en-acier-inoxydable-410-4-0-x-50-30-tx15-1500-pieces\/#breadcrumb"},"inLanguage":"fr-FR","potentialAction":[{"@type":"ReadAction","target":["https:\/\/schroevendump.nl\/fr\/produit\/vis-de-terrasse-a-godet-advantage-en-acier-inoxydable-410-4-0-x-50-30-tx15-1500-pieces\/"]}]},{"@type":"ImageObject","inLanguage":"fr-FR","@id":"https:\/\/schroevendump.nl\/fr\/produit\/vis-de-terrasse-a-godet-advantage-en-acier-inoxydable-410-4-0-x-50-30-tx15-1500-pieces\/#primaryimage","url":"https:\/\/schroevendump.nl\/wp-content\/uploads\/2025\/03\/Schroevendump-Emmer-3-removebg-e1746867879655.png","contentUrl":"https:\/\/schroevendump.nl\/wp-content\/uploads\/2025\/03\/Schroevendump-Emmer-3-removebg-e1746867879655.png","width":2004,"height":1916},{"@type":"BreadcrumbList","@id":"https:\/\/schroevendump.nl\/fr\/produit\/vis-de-terrasse-a-godet-advantage-en-acier-inoxydable-410-4-0-x-50-30-tx15-1500-pieces\/#breadcrumb","itemListElement":[{"@type":"ListItem","position":1,"name":"Accueil","item":"https:\/\/schroevendump.nl\/fr\/"},{"@type":"ListItem","position":2,"name":"Boutique","item":"https:\/\/schroevendump.nl\/fr\/boutique\/"},{"@type":"ListItem","position":3,"name":"Vis de terrasse \u00e0 godet Advantage en acier inoxydable 410 4.0 x 50\/30 TX15 1500 pi\u00e8ces"}]},{"@type":"WebSite","@id":"https:\/\/schroevendump.nl\/fr\/#website","url":"https:\/\/schroevendump.nl\/fr\/","name":"Schroevendump","description":"","potentialAction":[{"@type":"SearchAction","target":{"@type":"EntryPoint","urlTemplate":"https:\/\/schroevendump.nl\/fr\/?s={search_term_string}"},"query-input":{"@type":"PropertyValueSpecification","valueRequired":true,"valueName":"search_term_string"}}],"inLanguage":"fr-FR"}]}},"_links":{"self":[{"href":"https:\/\/schroevendump.nl\/fr\/wp-json\/wp\/v2\/product\/28034","targetHints":{"allow":["GET"]}}],"collection":[{"href":"https:\/\/schroevendump.nl\/fr\/wp-json\/wp\/v2\/product"}],"about":[{"href":"https:\/\/schroevendump.nl\/fr\/wp-json\/wp\/v2\/types\/product"}],"replies":[{"embeddable":true,"href":"https:\/\/schroevendump.nl\/fr\/wp-json\/wp\/v2\/comments?post=28034"}],"wp:featuredmedia":[{"embeddable":true,"href":"https:\/\/schroevendump.nl\/fr\/wp-json\/wp\/v2\/media\/27252"}],"wp:attachment":[{"href":"https:\/\/schroevendump.nl\/fr\/wp-json\/wp\/v2\/media?parent=28034"}],"wp:term":[{"taxonomy":"product_brand","embeddable":true,"href":"https:\/\/schroevendump.nl\/fr\/wp-json\/wp\/v2\/product_brand?post=28034"},{"taxonomy":"product_cat","embeddable":true,"href":"https:\/\/schroevendump.nl\/fr\/wp-json\/wp\/v2\/product_cat?post=28034"},{"taxonomy":"product_tag","embeddable":true,"href":"https:\/\/schroevendump.nl\/fr\/wp-json\/wp\/v2\/product_tag?post=28034"}],"curies":[{"name":"wp","href":"https:\/\/api.w.org\/{rel}","templated":true}]}}