{"id":28044,"date":"2025-01-25T21:54:30","date_gmt":"2025-01-25T21:54:30","guid":{"rendered":"https:\/\/schroevendump.nl\/product\/compriband-illbruck-tp610-20-7-16mm-anthracite-33-metres\/"},"modified":"2025-12-10T11:31:42","modified_gmt":"2025-12-10T11:31:42","slug":"compriband-illbruck-tp610-20-7-16mm-anthracite-33-metres","status":"publish","type":"product","link":"https:\/\/schroevendump.nl\/fr\/produit\/compriband-illbruck-tp610-20-7-16mm-anthracite-33-metres\/","title":{"rendered":"Compriband illbruck TP610 20\/7-16mm anthracite 3,3 m\u00e8tres"},"content":{"rendered":"<p><strong>Quelle est la taille des pneus dont j&#8217;ai besoin ?  <\/strong><br \/>\nUtilisez la bonne taille de ruban pour chaque largeur de joint. Plusieurs tailles peuvent \u00eatre utilis\u00e9es pour une largeur de joint d\u00e9grad\u00e9e. Vous n&#8217;\u00eates pas s\u00fbr de la taille dont vous avez besoin pour votre joint ?    <strong><a href=\"https:\/\/www.bandwijzer.nl\/\">Consultez le site www.bandwijzer.nl pour conna\u00eetre la bonne taille !<\/a><\/strong><\/p>\n<p>Cette bande de mousse impr\u00e9gn\u00e9e et pr\u00e9comprim\u00e9e sert \u00e0 \u00e9tancher de mani\u00e8re \u00e9tanche \u00e0 la pluie les joints des surfaces des murs ext\u00e9rieurs verticaux entre les \u00e9l\u00e9ments de construction ou les mat\u00e9riaux de construction en b\u00e9ton, en ma\u00e7onnerie, en pierre naturelle, en m\u00e9tal, en plastique et en bois. La zone d&#8217;application dans les murs ext\u00e9rieurs verticaux n&#8217;a qu&#8217;une fonction de barri\u00e8re contre la pluie.  Un deuxi\u00e8me joint \u00e0 l&#8217;int\u00e9rieur (paroi int\u00e9rieure) est n\u00e9cessaire pour assurer l&#8217;\u00e9tanch\u00e9it\u00e9 \u00e0 l&#8217;air. TP610 ILLMOD COMPRI offre une protection contre l&#8217;humidit\u00e9, la pluie, la poussi\u00e8re, la perte de chaleur et le bruit.<\/p>\n<p><strong> <\/strong><\/p>\n<p>TP610 ILLMOD COMPRI n&#8217;est pas compatible avec les produits d&#8217;\u00e9tanch\u00e9it\u00e9 et ne peut pas \u00eatre peint.<br \/>\n&#8211; \u00c9vitez la d\u00e9viation de la pluie battante le long des mat\u00e9riaux adjacents.<br \/>\n&#8211; Le bois non trait\u00e9 ou les surfaces absorbantes et poreuses doivent \u00eatre prot\u00e9g\u00e9s contre la p\u00e9n\u00e9tration de l&#8217;eau avant l&#8217;installation des bandes.<\/p>\n<p>TP610 ILLMOD COMPRI s&#8217;applique \u00e0<br \/>\n&#8211; Joints parall\u00e8les plats : aluminium, acier, acier inoxydable, bois peint et rabot\u00e9, b\u00e9ton non textur\u00e9, plastique extrud\u00e9, etc.<br \/>\n&#8211; Joints parall\u00e8les irr\u00e9guliers : mat\u00e9riaux de ma\u00e7onnerie pierreux, mat\u00e9riaux finis avec une structure.<br \/>\n&#8211; Joints plats, en pente : pour les joints en pente, la largeur du joint doit \u00eatre d\u00e9termin\u00e9e \u00e0 l&#8217;avance, avec l&#8217;\u00e9paisseur de bande correspondante.<br \/>\n&#8211; Joints in\u00e9gaux, en pente : si une seule des parois du joint est plate, le joint doit \u00eatre consid\u00e9r\u00e9 comme in\u00e9gal. Pour le calcul de l&#8217;\u00e9paisseur et de la largeur de la bande, choisissez toujours la taille de joint la plus large. <\/p>\n<p>&nbsp;<\/p>\n<p>&nbsp;<\/p>\n<p>&nbsp;<\/p>\n<p>&nbsp;<\/p>\n","protected":false},"excerpt":{"rendered":"<p>Quelle est la taille des pneus dont j&#8217;ai besoin ? Utilisez la bonne taille de ruban pour chaque largeur de joint. Plusieurs tailles peuvent \u00eatre utilis\u00e9es pour une largeur de joint d\u00e9grad\u00e9e. Vous n&#8217;\u00eates pas s\u00fbr de la taille dont vous avez besoin pour votre joint ? Consultez le site www.bandwijzer.nl pour conna\u00eetre la bonne [&hellip;]<\/p>\n","protected":false},"featured_media":27262,"comment_status":"open","ping_status":"closed","template":"","meta":[],"product_brand":[],"product_cat":[604],"product_tag":[],"class_list":{"0":"post-28044","1":"product","2":"type-product","3":"status-publish","4":"has-post-thumbnail","6":"product_cat-pneus-et-robinets","8":"first","9":"instock","10":"taxable","11":"shipping-taxable","12":"purchasable","13":"product-type-simple"},"supplier_id":null,"supplier_sku":"","barcode":null,"atum_controlled":true,"out_stock_date":null,"out_stock_threshold":null,"inheritable":false,"inbound_stock":0,"stock_on_hold":0,"sold_today":0,"sales_last_days":0,"reserved_stock":0,"customer_returns":0,"warehouse_damage":0,"lost_in_post":0,"other_logs":0,"out_stock_days":0,"lost_sales":0,"has_location":false,"update_date":"2026-04-12T01:02:58","atum_locations":[],"atum_stock_status":"instock","restock_status":false,"low_stock_amount":"","sales_update_date":"2026-04-12T01:02:58","calc_backorders":null,"acf":[],"yoast_head":"<!-- This site is optimized with the Yoast SEO plugin v26.6 - https:\/\/yoast.com\/wordpress\/plugins\/seo\/ -->\n<title>Compriband illbruck TP610 20\/7-16mm anthracite 3,3 m\u00e8tres - Schroevendump<\/title>\n<meta name=\"robots\" content=\"index, follow, max-snippet:-1, max-image-preview:large, max-video-preview:-1\" \/>\n<link rel=\"canonical\" href=\"https:\/\/schroevendump.nl\/fr\/produit\/compriband-illbruck-tp610-20-7-16mm-anthracite-33-metres\/\" \/>\n<meta property=\"og:locale\" content=\"fr_FR\" \/>\n<meta property=\"og:type\" content=\"article\" \/>\n<meta property=\"og:title\" content=\"Compriband illbruck TP610 20\/7-16mm anthracite 3,3 m\u00e8tres - Schroevendump\" \/>\n<meta property=\"og:description\" content=\"Quelle est la taille des pneus dont j&#8217;ai besoin ? Utilisez la bonne taille de ruban pour chaque largeur de joint. Plusieurs tailles peuvent \u00eatre utilis\u00e9es pour une largeur de joint d\u00e9grad\u00e9e. Vous n&#8217;\u00eates pas s\u00fbr de la taille dont vous avez besoin pour votre joint ? Consultez le site www.bandwijzer.nl pour conna\u00eetre la bonne [&hellip;]\" \/>\n<meta property=\"og:url\" content=\"https:\/\/schroevendump.nl\/fr\/produit\/compriband-illbruck-tp610-20-7-16mm-anthracite-33-metres\/\" \/>\n<meta property=\"og:site_name\" content=\"Schroevendump\" \/>\n<meta property=\"article:modified_time\" content=\"2025-12-10T11:31:42+00:00\" \/>\n<meta property=\"og:image\" content=\"https:\/\/schroevendump.nl\/wp-content\/uploads\/2024\/08\/Compribandtape.png\" \/>\n\t<meta property=\"og:image:width\" content=\"500\" \/>\n\t<meta property=\"og:image:height\" content=\"500\" \/>\n\t<meta property=\"og:image:type\" content=\"image\/png\" \/>\n<meta name=\"twitter:card\" content=\"summary_large_image\" \/>\n<meta name=\"twitter:label1\" content=\"Dur\u00e9e de lecture estim\u00e9e\" \/>\n\t<meta name=\"twitter:data1\" content=\"2 minutes\" \/>\n<script type=\"application\/ld+json\" class=\"yoast-schema-graph\">{\"@context\":\"https:\/\/schema.org\",\"@graph\":[{\"@type\":\"WebPage\",\"@id\":\"https:\/\/schroevendump.nl\/fr\/produit\/compriband-illbruck-tp610-20-7-16mm-anthracite-33-metres\/\",\"url\":\"https:\/\/schroevendump.nl\/fr\/produit\/compriband-illbruck-tp610-20-7-16mm-anthracite-33-metres\/\",\"name\":\"Compriband illbruck TP610 20\/7-16mm anthracite 3,3 m\u00e8tres - Schroevendump\",\"isPartOf\":{\"@id\":\"https:\/\/schroevendump.nl\/fr\/#website\"},\"primaryImageOfPage\":{\"@id\":\"https:\/\/schroevendump.nl\/fr\/produit\/compriband-illbruck-tp610-20-7-16mm-anthracite-33-metres\/#primaryimage\"},\"image\":{\"@id\":\"https:\/\/schroevendump.nl\/fr\/produit\/compriband-illbruck-tp610-20-7-16mm-anthracite-33-metres\/#primaryimage\"},\"thumbnailUrl\":\"https:\/\/schroevendump.nl\/wp-content\/uploads\/2024\/08\/Compribandtape.png\",\"datePublished\":\"2025-01-25T21:54:30+00:00\",\"dateModified\":\"2025-12-10T11:31:42+00:00\",\"breadcrumb\":{\"@id\":\"https:\/\/schroevendump.nl\/fr\/produit\/compriband-illbruck-tp610-20-7-16mm-anthracite-33-metres\/#breadcrumb\"},\"inLanguage\":\"fr-FR\",\"potentialAction\":[{\"@type\":\"ReadAction\",\"target\":[\"https:\/\/schroevendump.nl\/fr\/produit\/compriband-illbruck-tp610-20-7-16mm-anthracite-33-metres\/\"]}]},{\"@type\":\"ImageObject\",\"inLanguage\":\"fr-FR\",\"@id\":\"https:\/\/schroevendump.nl\/fr\/produit\/compriband-illbruck-tp610-20-7-16mm-anthracite-33-metres\/#primaryimage\",\"url\":\"https:\/\/schroevendump.nl\/wp-content\/uploads\/2024\/08\/Compribandtape.png\",\"contentUrl\":\"https:\/\/schroevendump.nl\/wp-content\/uploads\/2024\/08\/Compribandtape.png\",\"width\":500,\"height\":500},{\"@type\":\"BreadcrumbList\",\"@id\":\"https:\/\/schroevendump.nl\/fr\/produit\/compriband-illbruck-tp610-20-7-16mm-anthracite-33-metres\/#breadcrumb\",\"itemListElement\":[{\"@type\":\"ListItem\",\"position\":1,\"name\":\"Accueil\",\"item\":\"https:\/\/schroevendump.nl\/fr\/\"},{\"@type\":\"ListItem\",\"position\":2,\"name\":\"Boutique\",\"item\":\"https:\/\/schroevendump.nl\/fr\/boutique\/\"},{\"@type\":\"ListItem\",\"position\":3,\"name\":\"Compriband illbruck TP610 20\/7-16mm anthracite 3,3 m\u00e8tres\"}]},{\"@type\":\"WebSite\",\"@id\":\"https:\/\/schroevendump.nl\/fr\/#website\",\"url\":\"https:\/\/schroevendump.nl\/fr\/\",\"name\":\"Schroevendump\",\"description\":\"\",\"potentialAction\":[{\"@type\":\"SearchAction\",\"target\":{\"@type\":\"EntryPoint\",\"urlTemplate\":\"https:\/\/schroevendump.nl\/fr\/?s={search_term_string}\"},\"query-input\":{\"@type\":\"PropertyValueSpecification\",\"valueRequired\":true,\"valueName\":\"search_term_string\"}}],\"inLanguage\":\"fr-FR\"}]}<\/script>\n<!-- \/ Yoast SEO plugin. -->","yoast_head_json":{"title":"Compriband illbruck TP610 20\/7-16mm anthracite 3,3 m\u00e8tres - Schroevendump","robots":{"index":"index","follow":"follow","max-snippet":"max-snippet:-1","max-image-preview":"max-image-preview:large","max-video-preview":"max-video-preview:-1"},"canonical":"https:\/\/schroevendump.nl\/fr\/produit\/compriband-illbruck-tp610-20-7-16mm-anthracite-33-metres\/","og_locale":"fr_FR","og_type":"article","og_title":"Compriband illbruck TP610 20\/7-16mm anthracite 3,3 m\u00e8tres - Schroevendump","og_description":"Quelle est la taille des pneus dont j&#8217;ai besoin ? Utilisez la bonne taille de ruban pour chaque largeur de joint. Plusieurs tailles peuvent \u00eatre utilis\u00e9es pour une largeur de joint d\u00e9grad\u00e9e. Vous n&#8217;\u00eates pas s\u00fbr de la taille dont vous avez besoin pour votre joint ? Consultez le site www.bandwijzer.nl pour conna\u00eetre la bonne [&hellip;]","og_url":"https:\/\/schroevendump.nl\/fr\/produit\/compriband-illbruck-tp610-20-7-16mm-anthracite-33-metres\/","og_site_name":"Schroevendump","article_modified_time":"2025-12-10T11:31:42+00:00","og_image":[{"width":500,"height":500,"url":"https:\/\/schroevendump.nl\/wp-content\/uploads\/2024\/08\/Compribandtape.png","type":"image\/png"}],"twitter_card":"summary_large_image","twitter_misc":{"Dur\u00e9e de lecture estim\u00e9e":"2 minutes"},"schema":{"@context":"https:\/\/schema.org","@graph":[{"@type":"WebPage","@id":"https:\/\/schroevendump.nl\/fr\/produit\/compriband-illbruck-tp610-20-7-16mm-anthracite-33-metres\/","url":"https:\/\/schroevendump.nl\/fr\/produit\/compriband-illbruck-tp610-20-7-16mm-anthracite-33-metres\/","name":"Compriband illbruck TP610 20\/7-16mm anthracite 3,3 m\u00e8tres - Schroevendump","isPartOf":{"@id":"https:\/\/schroevendump.nl\/fr\/#website"},"primaryImageOfPage":{"@id":"https:\/\/schroevendump.nl\/fr\/produit\/compriband-illbruck-tp610-20-7-16mm-anthracite-33-metres\/#primaryimage"},"image":{"@id":"https:\/\/schroevendump.nl\/fr\/produit\/compriband-illbruck-tp610-20-7-16mm-anthracite-33-metres\/#primaryimage"},"thumbnailUrl":"https:\/\/schroevendump.nl\/wp-content\/uploads\/2024\/08\/Compribandtape.png","datePublished":"2025-01-25T21:54:30+00:00","dateModified":"2025-12-10T11:31:42+00:00","breadcrumb":{"@id":"https:\/\/schroevendump.nl\/fr\/produit\/compriband-illbruck-tp610-20-7-16mm-anthracite-33-metres\/#breadcrumb"},"inLanguage":"fr-FR","potentialAction":[{"@type":"ReadAction","target":["https:\/\/schroevendump.nl\/fr\/produit\/compriband-illbruck-tp610-20-7-16mm-anthracite-33-metres\/"]}]},{"@type":"ImageObject","inLanguage":"fr-FR","@id":"https:\/\/schroevendump.nl\/fr\/produit\/compriband-illbruck-tp610-20-7-16mm-anthracite-33-metres\/#primaryimage","url":"https:\/\/schroevendump.nl\/wp-content\/uploads\/2024\/08\/Compribandtape.png","contentUrl":"https:\/\/schroevendump.nl\/wp-content\/uploads\/2024\/08\/Compribandtape.png","width":500,"height":500},{"@type":"BreadcrumbList","@id":"https:\/\/schroevendump.nl\/fr\/produit\/compriband-illbruck-tp610-20-7-16mm-anthracite-33-metres\/#breadcrumb","itemListElement":[{"@type":"ListItem","position":1,"name":"Accueil","item":"https:\/\/schroevendump.nl\/fr\/"},{"@type":"ListItem","position":2,"name":"Boutique","item":"https:\/\/schroevendump.nl\/fr\/boutique\/"},{"@type":"ListItem","position":3,"name":"Compriband illbruck TP610 20\/7-16mm anthracite 3,3 m\u00e8tres"}]},{"@type":"WebSite","@id":"https:\/\/schroevendump.nl\/fr\/#website","url":"https:\/\/schroevendump.nl\/fr\/","name":"Schroevendump","description":"","potentialAction":[{"@type":"SearchAction","target":{"@type":"EntryPoint","urlTemplate":"https:\/\/schroevendump.nl\/fr\/?s={search_term_string}"},"query-input":{"@type":"PropertyValueSpecification","valueRequired":true,"valueName":"search_term_string"}}],"inLanguage":"fr-FR"}]}},"_links":{"self":[{"href":"https:\/\/schroevendump.nl\/fr\/wp-json\/wp\/v2\/product\/28044","targetHints":{"allow":["GET"]}}],"collection":[{"href":"https:\/\/schroevendump.nl\/fr\/wp-json\/wp\/v2\/product"}],"about":[{"href":"https:\/\/schroevendump.nl\/fr\/wp-json\/wp\/v2\/types\/product"}],"replies":[{"embeddable":true,"href":"https:\/\/schroevendump.nl\/fr\/wp-json\/wp\/v2\/comments?post=28044"}],"wp:featuredmedia":[{"embeddable":true,"href":"https:\/\/schroevendump.nl\/fr\/wp-json\/wp\/v2\/media\/27262"}],"wp:attachment":[{"href":"https:\/\/schroevendump.nl\/fr\/wp-json\/wp\/v2\/media?parent=28044"}],"wp:term":[{"taxonomy":"product_brand","embeddable":true,"href":"https:\/\/schroevendump.nl\/fr\/wp-json\/wp\/v2\/product_brand?post=28044"},{"taxonomy":"product_cat","embeddable":true,"href":"https:\/\/schroevendump.nl\/fr\/wp-json\/wp\/v2\/product_cat?post=28044"},{"taxonomy":"product_tag","embeddable":true,"href":"https:\/\/schroevendump.nl\/fr\/wp-json\/wp\/v2\/product_tag?post=28044"}],"curies":[{"name":"wp","href":"https:\/\/api.w.org\/{rel}","templated":true}]}}