{"id":28065,"date":"2025-01-25T21:00:44","date_gmt":"2025-01-25T21:00:44","guid":{"rendered":"https:\/\/schroevendump.nl\/product\/multi-spray-den-braven-400ml\/"},"modified":"2025-12-10T11:32:15","modified_gmt":"2025-12-10T11:32:15","slug":"multi-spray-den-braven-400ml","status":"publish","type":"product","link":"https:\/\/schroevendump.nl\/fr\/produit\/multi-spray-den-braven-400ml\/","title":{"rendered":"Multi-Spray Den braven 400ml"},"content":{"rendered":"<table>\n<tbody>\n<tr>\n<td>Principaux avantages<\/td>\n<td>Desserre les vis, \u00e9crous et boulons rouill\u00e9s<\/p>\n<p>Protection efficace contre la corrosion<\/p>\n<p>Lubrifiant pour rails de guidage, charni\u00e8res et cha\u00eenes<\/p>\n<p>Emp\u00eache les bruits de grincement et de couinement<\/p>\n<p>Nettoie en cours d&#8217;utilisation et \u00e9limine les particules r\u00e9siduelles<\/p>\n<p>\u00c9limine et d\u00e9place l&#8217;humidit\u00e9<\/p>\n<p>Avec gaz propulseur ininflammable (CO2)<\/td>\n<\/tr>\n<tr>\n<td>Applications<\/td>\n<td>Lubrification et graissage des roulements et des guides, 4. Pr\u00e9vention des grincements, des craquements et des grincements, 5.      <\/td>\n<\/tr>\n<tr>\n<td>Dur\u00e9e de conservation<\/td>\n<td>Dans l&#8217;emballage d&#8217;origine non ouvert, entre +5\u00b0C et +25\u00b0C, peut \u00eatre conserv\u00e9 jusqu&#8217;\u00e0 24 mois apr\u00e8s la date de production s&#8217;il est stock\u00e9 dans un endroit sec.<\/td>\n<\/tr>\n<\/tbody>\n<\/table>\n","protected":false},"excerpt":{"rendered":"<p>Principaux avantages Desserre les vis, \u00e9crous et boulons rouill\u00e9s Protection efficace contre la corrosion Lubrifiant pour rails de guidage, charni\u00e8res et cha\u00eenes Emp\u00eache les bruits de grincement et de couinement Nettoie en cours d&#8217;utilisation et \u00e9limine les particules r\u00e9siduelles \u00c9limine et d\u00e9place l&#8217;humidit\u00e9 Avec gaz propulseur ininflammable (CO2) Applications Lubrification et graissage des roulements et [&hellip;]<\/p>\n","protected":false},"featured_media":28067,"comment_status":"closed","ping_status":"closed","template":"","meta":[],"product_brand":[],"product_cat":[768],"product_tag":[],"class_list":{"0":"post-28065","1":"product","2":"type-product","3":"status-publish","4":"has-post-thumbnail","6":"product_cat-vaporisateurs-techniques","8":"first","9":"instock","10":"taxable","11":"shipping-taxable","12":"purchasable","13":"product-type-simple"},"supplier_id":null,"supplier_sku":"","barcode":null,"atum_controlled":true,"out_stock_date":null,"out_stock_threshold":null,"inheritable":false,"inbound_stock":0,"stock_on_hold":0,"sold_today":0,"sales_last_days":0,"reserved_stock":0,"customer_returns":0,"warehouse_damage":0,"lost_in_post":0,"other_logs":0,"out_stock_days":0,"lost_sales":0,"has_location":false,"update_date":"2026-05-08T01:10:15","atum_locations":[],"atum_stock_status":"instock","restock_status":false,"low_stock_amount":"","sales_update_date":"2026-05-08T01:10:15","calc_backorders":null,"acf":[],"yoast_head":"<!-- This site is optimized with the Yoast SEO plugin v26.6 - https:\/\/yoast.com\/wordpress\/plugins\/seo\/ -->\n<title>Multi-Spray Den braven 400ml - Schroevendump<\/title>\n<meta name=\"robots\" content=\"index, follow, max-snippet:-1, max-image-preview:large, max-video-preview:-1\" \/>\n<link rel=\"canonical\" href=\"https:\/\/schroevendump.nl\/fr\/produit\/multi-spray-den-braven-400ml\/\" \/>\n<meta property=\"og:locale\" content=\"fr_FR\" \/>\n<meta property=\"og:type\" content=\"article\" \/>\n<meta property=\"og:title\" content=\"Multi-Spray Den braven 400ml - Schroevendump\" \/>\n<meta property=\"og:description\" content=\"Principaux avantages Desserre les vis, \u00e9crous et boulons rouill\u00e9s Protection efficace contre la corrosion Lubrifiant pour rails de guidage, charni\u00e8res et cha\u00eenes Emp\u00eache les bruits de grincement et de couinement Nettoie en cours d&#8217;utilisation et \u00e9limine les particules r\u00e9siduelles \u00c9limine et d\u00e9place l&#8217;humidit\u00e9 Avec gaz propulseur ininflammable (CO2) Applications Lubrification et graissage des roulements et [&hellip;]\" \/>\n<meta property=\"og:url\" content=\"https:\/\/schroevendump.nl\/fr\/produit\/multi-spray-den-braven-400ml\/\" \/>\n<meta property=\"og:site_name\" content=\"Schroevendump\" \/>\n<meta property=\"article:modified_time\" content=\"2025-12-10T11:32:15+00:00\" \/>\n<meta property=\"og:image\" content=\"https:\/\/schroevendump.nl\/wp-content\/uploads\/2025\/01\/Den_braven_Multi-Spray-removebg-preview.png\" \/>\n\t<meta property=\"og:image:width\" content=\"500\" \/>\n\t<meta property=\"og:image:height\" content=\"500\" \/>\n\t<meta property=\"og:image:type\" content=\"image\/png\" \/>\n<meta name=\"twitter:card\" content=\"summary_large_image\" \/>\n<meta name=\"twitter:label1\" content=\"Dur\u00e9e de lecture estim\u00e9e\" \/>\n\t<meta name=\"twitter:data1\" content=\"1 minute\" \/>\n<script type=\"application\/ld+json\" class=\"yoast-schema-graph\">{\"@context\":\"https:\/\/schema.org\",\"@graph\":[{\"@type\":\"WebPage\",\"@id\":\"https:\/\/schroevendump.nl\/fr\/produit\/multi-spray-den-braven-400ml\/\",\"url\":\"https:\/\/schroevendump.nl\/fr\/produit\/multi-spray-den-braven-400ml\/\",\"name\":\"Multi-Spray Den braven 400ml - Schroevendump\",\"isPartOf\":{\"@id\":\"https:\/\/schroevendump.nl\/fr\/#website\"},\"primaryImageOfPage\":{\"@id\":\"https:\/\/schroevendump.nl\/fr\/produit\/multi-spray-den-braven-400ml\/#primaryimage\"},\"image\":{\"@id\":\"https:\/\/schroevendump.nl\/fr\/produit\/multi-spray-den-braven-400ml\/#primaryimage\"},\"thumbnailUrl\":\"https:\/\/schroevendump.nl\/wp-content\/uploads\/2025\/01\/Den_braven_Multi-Spray-removebg-preview.png\",\"datePublished\":\"2025-01-25T21:00:44+00:00\",\"dateModified\":\"2025-12-10T11:32:15+00:00\",\"breadcrumb\":{\"@id\":\"https:\/\/schroevendump.nl\/fr\/produit\/multi-spray-den-braven-400ml\/#breadcrumb\"},\"inLanguage\":\"fr-FR\",\"potentialAction\":[{\"@type\":\"ReadAction\",\"target\":[\"https:\/\/schroevendump.nl\/fr\/produit\/multi-spray-den-braven-400ml\/\"]}]},{\"@type\":\"ImageObject\",\"inLanguage\":\"fr-FR\",\"@id\":\"https:\/\/schroevendump.nl\/fr\/produit\/multi-spray-den-braven-400ml\/#primaryimage\",\"url\":\"https:\/\/schroevendump.nl\/wp-content\/uploads\/2025\/01\/Den_braven_Multi-Spray-removebg-preview.png\",\"contentUrl\":\"https:\/\/schroevendump.nl\/wp-content\/uploads\/2025\/01\/Den_braven_Multi-Spray-removebg-preview.png\",\"width\":500,\"height\":500},{\"@type\":\"BreadcrumbList\",\"@id\":\"https:\/\/schroevendump.nl\/fr\/produit\/multi-spray-den-braven-400ml\/#breadcrumb\",\"itemListElement\":[{\"@type\":\"ListItem\",\"position\":1,\"name\":\"Accueil\",\"item\":\"https:\/\/schroevendump.nl\/fr\/\"},{\"@type\":\"ListItem\",\"position\":2,\"name\":\"Boutique\",\"item\":\"https:\/\/schroevendump.nl\/fr\/boutique\/\"},{\"@type\":\"ListItem\",\"position\":3,\"name\":\"Multi-Spray Den braven 400ml\"}]},{\"@type\":\"WebSite\",\"@id\":\"https:\/\/schroevendump.nl\/fr\/#website\",\"url\":\"https:\/\/schroevendump.nl\/fr\/\",\"name\":\"Schroevendump\",\"description\":\"\",\"potentialAction\":[{\"@type\":\"SearchAction\",\"target\":{\"@type\":\"EntryPoint\",\"urlTemplate\":\"https:\/\/schroevendump.nl\/fr\/?s={search_term_string}\"},\"query-input\":{\"@type\":\"PropertyValueSpecification\",\"valueRequired\":true,\"valueName\":\"search_term_string\"}}],\"inLanguage\":\"fr-FR\"}]}<\/script>\n<!-- \/ Yoast SEO plugin. -->","yoast_head_json":{"title":"Multi-Spray Den braven 400ml - Schroevendump","robots":{"index":"index","follow":"follow","max-snippet":"max-snippet:-1","max-image-preview":"max-image-preview:large","max-video-preview":"max-video-preview:-1"},"canonical":"https:\/\/schroevendump.nl\/fr\/produit\/multi-spray-den-braven-400ml\/","og_locale":"fr_FR","og_type":"article","og_title":"Multi-Spray Den braven 400ml - Schroevendump","og_description":"Principaux avantages Desserre les vis, \u00e9crous et boulons rouill\u00e9s Protection efficace contre la corrosion Lubrifiant pour rails de guidage, charni\u00e8res et cha\u00eenes Emp\u00eache les bruits de grincement et de couinement Nettoie en cours d&#8217;utilisation et \u00e9limine les particules r\u00e9siduelles \u00c9limine et d\u00e9place l&#8217;humidit\u00e9 Avec gaz propulseur ininflammable (CO2) Applications Lubrification et graissage des roulements et [&hellip;]","og_url":"https:\/\/schroevendump.nl\/fr\/produit\/multi-spray-den-braven-400ml\/","og_site_name":"Schroevendump","article_modified_time":"2025-12-10T11:32:15+00:00","og_image":[{"width":500,"height":500,"url":"https:\/\/schroevendump.nl\/wp-content\/uploads\/2025\/01\/Den_braven_Multi-Spray-removebg-preview.png","type":"image\/png"}],"twitter_card":"summary_large_image","twitter_misc":{"Dur\u00e9e de lecture estim\u00e9e":"1 minute"},"schema":{"@context":"https:\/\/schema.org","@graph":[{"@type":"WebPage","@id":"https:\/\/schroevendump.nl\/fr\/produit\/multi-spray-den-braven-400ml\/","url":"https:\/\/schroevendump.nl\/fr\/produit\/multi-spray-den-braven-400ml\/","name":"Multi-Spray Den braven 400ml - Schroevendump","isPartOf":{"@id":"https:\/\/schroevendump.nl\/fr\/#website"},"primaryImageOfPage":{"@id":"https:\/\/schroevendump.nl\/fr\/produit\/multi-spray-den-braven-400ml\/#primaryimage"},"image":{"@id":"https:\/\/schroevendump.nl\/fr\/produit\/multi-spray-den-braven-400ml\/#primaryimage"},"thumbnailUrl":"https:\/\/schroevendump.nl\/wp-content\/uploads\/2025\/01\/Den_braven_Multi-Spray-removebg-preview.png","datePublished":"2025-01-25T21:00:44+00:00","dateModified":"2025-12-10T11:32:15+00:00","breadcrumb":{"@id":"https:\/\/schroevendump.nl\/fr\/produit\/multi-spray-den-braven-400ml\/#breadcrumb"},"inLanguage":"fr-FR","potentialAction":[{"@type":"ReadAction","target":["https:\/\/schroevendump.nl\/fr\/produit\/multi-spray-den-braven-400ml\/"]}]},{"@type":"ImageObject","inLanguage":"fr-FR","@id":"https:\/\/schroevendump.nl\/fr\/produit\/multi-spray-den-braven-400ml\/#primaryimage","url":"https:\/\/schroevendump.nl\/wp-content\/uploads\/2025\/01\/Den_braven_Multi-Spray-removebg-preview.png","contentUrl":"https:\/\/schroevendump.nl\/wp-content\/uploads\/2025\/01\/Den_braven_Multi-Spray-removebg-preview.png","width":500,"height":500},{"@type":"BreadcrumbList","@id":"https:\/\/schroevendump.nl\/fr\/produit\/multi-spray-den-braven-400ml\/#breadcrumb","itemListElement":[{"@type":"ListItem","position":1,"name":"Accueil","item":"https:\/\/schroevendump.nl\/fr\/"},{"@type":"ListItem","position":2,"name":"Boutique","item":"https:\/\/schroevendump.nl\/fr\/boutique\/"},{"@type":"ListItem","position":3,"name":"Multi-Spray Den braven 400ml"}]},{"@type":"WebSite","@id":"https:\/\/schroevendump.nl\/fr\/#website","url":"https:\/\/schroevendump.nl\/fr\/","name":"Schroevendump","description":"","potentialAction":[{"@type":"SearchAction","target":{"@type":"EntryPoint","urlTemplate":"https:\/\/schroevendump.nl\/fr\/?s={search_term_string}"},"query-input":{"@type":"PropertyValueSpecification","valueRequired":true,"valueName":"search_term_string"}}],"inLanguage":"fr-FR"}]}},"_links":{"self":[{"href":"https:\/\/schroevendump.nl\/fr\/wp-json\/wp\/v2\/product\/28065","targetHints":{"allow":["GET"]}}],"collection":[{"href":"https:\/\/schroevendump.nl\/fr\/wp-json\/wp\/v2\/product"}],"about":[{"href":"https:\/\/schroevendump.nl\/fr\/wp-json\/wp\/v2\/types\/product"}],"replies":[{"embeddable":true,"href":"https:\/\/schroevendump.nl\/fr\/wp-json\/wp\/v2\/comments?post=28065"}],"wp:featuredmedia":[{"embeddable":true,"href":"https:\/\/schroevendump.nl\/fr\/wp-json\/wp\/v2\/media\/28067"}],"wp:attachment":[{"href":"https:\/\/schroevendump.nl\/fr\/wp-json\/wp\/v2\/media?parent=28065"}],"wp:term":[{"taxonomy":"product_brand","embeddable":true,"href":"https:\/\/schroevendump.nl\/fr\/wp-json\/wp\/v2\/product_brand?post=28065"},{"taxonomy":"product_cat","embeddable":true,"href":"https:\/\/schroevendump.nl\/fr\/wp-json\/wp\/v2\/product_cat?post=28065"},{"taxonomy":"product_tag","embeddable":true,"href":"https:\/\/schroevendump.nl\/fr\/wp-json\/wp\/v2\/product_tag?post=28065"}],"curies":[{"name":"wp","href":"https:\/\/api.w.org\/{rel}","templated":true}]}}