{"id":28068,"date":"2025-01-25T21:23:40","date_gmt":"2025-01-25T21:23:40","guid":{"rendered":"https:\/\/schroevendump.nl\/product\/scellant-pour-vitres-a-peindre-blanc-290ml-den-braven\/"},"modified":"2025-12-10T11:33:02","modified_gmt":"2025-12-10T11:33:02","slug":"scellant-pour-vitres-a-peindre-blanc-290ml-den-braven","status":"publish","type":"product","link":"https:\/\/schroevendump.nl\/fr\/produit\/scellant-pour-vitres-a-peindre-blanc-290ml-den-braven\/","title":{"rendered":"Scellant pour vitres \u00e0 peindre Blanc 290ml Den Braven"},"content":{"rendered":"<table style=\"height: 393px;\" width=\"1354\">\n<tbody>\n<tr>\n<td>Principaux avantages<\/td>\n<td>Facile \u00e0 mettre en \u0153uvre<\/p>\n<p>Lissage facile<\/p>\n<p>Excellente recouvrabilit\u00e9 avec des peintures \u00e0 base d&#8217;eau et synth\u00e9tiques<\/p>\n<p>Convient \u00e0 une utilisation int\u00e9rieure et ext\u00e9rieure<\/p>\n<p>Large spectre d&#8217;adh\u00e9rence<\/td>\n<\/tr>\n<tr>\n<td>Applications<\/td>\n<td>Window Seal Easy a \u00e9t\u00e9 sp\u00e9cialement con\u00e7u comme un produit d&#8217;\u00e9tanch\u00e9it\u00e9 universel \u00e0 peindre pour les vitrages et les ch\u00e2ssis de fen\u00eatres. Ce mastic peut \u00eatre appliqu\u00e9 sur de nombreux supports tels que le bois, le u-PVC, l&#8217;aluminium anodis\u00e9, le polycarbonate, le polyester, l&#8217;ABS et l&#8217;acier inoxydable. Note : La compatibilit\u00e9 du scellement primaire et secondaire du verre isolant avec les mastics pour vitrage ne peut \u00eatre garantie par le fournisseur du mastic, car la composition des mastics de bordure peut \u00eatre modifi\u00e9e par le fabricant sans pr\u00e9avis. Les avis concernant la compatibilit\u00e9 des mastics pour vitrage avec le scellement des bords du verre isolant sont bas\u00e9s sur l&#8217;exp\u00e9rience et n&#8217;impliquent donc pas de garantie.<\/td>\n<\/tr>\n<tr>\n<td>Dur\u00e9e de conservation<\/td>\n<td>Dans l&#8217;emballage d&#8217;origine non ouvert, entre +5\u00b0C et +25\u00b0C, peut \u00eatre conserv\u00e9 jusqu&#8217;\u00e0 18 mois apr\u00e8s la date de production s&#8217;il est stock\u00e9 dans un endroit sec.<\/td>\n<\/tr>\n<\/tbody>\n<\/table>\n","protected":false},"excerpt":{"rendered":"<p>Principaux avantages Facile \u00e0 mettre en \u0153uvre Lissage facile Excellente recouvrabilit\u00e9 avec des peintures \u00e0 base d&#8217;eau et synth\u00e9tiques Convient \u00e0 une utilisation int\u00e9rieure et ext\u00e9rieure Large spectre d&#8217;adh\u00e9rence Applications Window Seal Easy a \u00e9t\u00e9 sp\u00e9cialement con\u00e7u comme un produit d&#8217;\u00e9tanch\u00e9it\u00e9 universel \u00e0 peindre pour les vitrages et les ch\u00e2ssis de fen\u00eatres. Ce mastic peut [&hellip;]<\/p>\n","protected":false},"featured_media":15636,"comment_status":"open","ping_status":"closed","template":"","meta":[],"product_brand":[],"product_cat":[580],"product_tag":[],"class_list":{"0":"post-28068","1":"product","2":"type-product","3":"status-publish","4":"has-post-thumbnail","6":"product_cat-colles-et-mastics","8":"first","9":"outofstock","10":"taxable","11":"shipping-taxable","12":"purchasable","13":"product-type-simple"},"supplier_id":null,"supplier_sku":"","barcode":null,"atum_controlled":true,"out_stock_date":null,"out_stock_threshold":null,"inheritable":false,"inbound_stock":0,"stock_on_hold":0,"sold_today":0,"sales_last_days":0,"reserved_stock":0,"customer_returns":0,"warehouse_damage":0,"lost_in_post":0,"other_logs":0,"out_stock_days":0,"lost_sales":0,"has_location":false,"update_date":"2026-05-16T01:12:51","atum_locations":[],"atum_stock_status":"outofstock","restock_status":false,"low_stock_amount":"","sales_update_date":"2026-05-16T01:12:51","calc_backorders":null,"acf":[],"yoast_head":"<!-- This site is optimized with the Yoast SEO plugin v26.6 - https:\/\/yoast.com\/wordpress\/plugins\/seo\/ -->\n<title>Scellant pour vitres \u00e0 peindre Blanc 290ml Den Braven - Schroevendump<\/title>\n<meta name=\"robots\" content=\"index, follow, max-snippet:-1, max-image-preview:large, max-video-preview:-1\" \/>\n<link rel=\"canonical\" href=\"https:\/\/schroevendump.nl\/fr\/produit\/scellant-pour-vitres-a-peindre-blanc-290ml-den-braven\/\" \/>\n<meta property=\"og:locale\" content=\"fr_FR\" \/>\n<meta property=\"og:type\" content=\"article\" \/>\n<meta property=\"og:title\" content=\"Scellant pour vitres \u00e0 peindre Blanc 290ml Den Braven - Schroevendump\" \/>\n<meta property=\"og:description\" content=\"Principaux avantages Facile \u00e0 mettre en \u0153uvre Lissage facile Excellente recouvrabilit\u00e9 avec des peintures \u00e0 base d&#8217;eau et synth\u00e9tiques Convient \u00e0 une utilisation int\u00e9rieure et ext\u00e9rieure Large spectre d&#8217;adh\u00e9rence Applications Window Seal Easy a \u00e9t\u00e9 sp\u00e9cialement con\u00e7u comme un produit d&#8217;\u00e9tanch\u00e9it\u00e9 universel \u00e0 peindre pour les vitrages et les ch\u00e2ssis de fen\u00eatres. Ce mastic peut [&hellip;]\" \/>\n<meta property=\"og:url\" content=\"https:\/\/schroevendump.nl\/fr\/produit\/scellant-pour-vitres-a-peindre-blanc-290ml-den-braven\/\" \/>\n<meta property=\"og:site_name\" content=\"Schroevendump\" \/>\n<meta property=\"article:modified_time\" content=\"2025-12-10T11:33:02+00:00\" \/>\n<meta property=\"og:image\" content=\"https:\/\/schroevendump.nl\/wp-content\/uploads\/2025\/01\/Glaskit-removebg-preview.png\" \/>\n\t<meta property=\"og:image:width\" content=\"500\" \/>\n\t<meta property=\"og:image:height\" content=\"500\" \/>\n\t<meta property=\"og:image:type\" content=\"image\/png\" \/>\n<meta name=\"twitter:card\" content=\"summary_large_image\" \/>\n<meta name=\"twitter:label1\" content=\"Dur\u00e9e de lecture estim\u00e9e\" \/>\n\t<meta name=\"twitter:data1\" content=\"1 minute\" \/>\n<script type=\"application\/ld+json\" class=\"yoast-schema-graph\">{\"@context\":\"https:\/\/schema.org\",\"@graph\":[{\"@type\":\"WebPage\",\"@id\":\"https:\/\/schroevendump.nl\/fr\/produit\/scellant-pour-vitres-a-peindre-blanc-290ml-den-braven\/\",\"url\":\"https:\/\/schroevendump.nl\/fr\/produit\/scellant-pour-vitres-a-peindre-blanc-290ml-den-braven\/\",\"name\":\"Scellant pour vitres \u00e0 peindre Blanc 290ml Den Braven - Schroevendump\",\"isPartOf\":{\"@id\":\"https:\/\/schroevendump.nl\/fr\/#website\"},\"primaryImageOfPage\":{\"@id\":\"https:\/\/schroevendump.nl\/fr\/produit\/scellant-pour-vitres-a-peindre-blanc-290ml-den-braven\/#primaryimage\"},\"image\":{\"@id\":\"https:\/\/schroevendump.nl\/fr\/produit\/scellant-pour-vitres-a-peindre-blanc-290ml-den-braven\/#primaryimage\"},\"thumbnailUrl\":\"https:\/\/schroevendump.nl\/wp-content\/uploads\/2025\/01\/Glaskit-removebg-preview.png\",\"datePublished\":\"2025-01-25T21:23:40+00:00\",\"dateModified\":\"2025-12-10T11:33:02+00:00\",\"breadcrumb\":{\"@id\":\"https:\/\/schroevendump.nl\/fr\/produit\/scellant-pour-vitres-a-peindre-blanc-290ml-den-braven\/#breadcrumb\"},\"inLanguage\":\"fr-FR\",\"potentialAction\":[{\"@type\":\"ReadAction\",\"target\":[\"https:\/\/schroevendump.nl\/fr\/produit\/scellant-pour-vitres-a-peindre-blanc-290ml-den-braven\/\"]}]},{\"@type\":\"ImageObject\",\"inLanguage\":\"fr-FR\",\"@id\":\"https:\/\/schroevendump.nl\/fr\/produit\/scellant-pour-vitres-a-peindre-blanc-290ml-den-braven\/#primaryimage\",\"url\":\"https:\/\/schroevendump.nl\/wp-content\/uploads\/2025\/01\/Glaskit-removebg-preview.png\",\"contentUrl\":\"https:\/\/schroevendump.nl\/wp-content\/uploads\/2025\/01\/Glaskit-removebg-preview.png\",\"width\":500,\"height\":500},{\"@type\":\"BreadcrumbList\",\"@id\":\"https:\/\/schroevendump.nl\/fr\/produit\/scellant-pour-vitres-a-peindre-blanc-290ml-den-braven\/#breadcrumb\",\"itemListElement\":[{\"@type\":\"ListItem\",\"position\":1,\"name\":\"Accueil\",\"item\":\"https:\/\/schroevendump.nl\/fr\/\"},{\"@type\":\"ListItem\",\"position\":2,\"name\":\"Boutique\",\"item\":\"https:\/\/schroevendump.nl\/fr\/boutique\/\"},{\"@type\":\"ListItem\",\"position\":3,\"name\":\"Scellant pour vitres \u00e0 peindre Blanc 290ml Den Braven\"}]},{\"@type\":\"WebSite\",\"@id\":\"https:\/\/schroevendump.nl\/fr\/#website\",\"url\":\"https:\/\/schroevendump.nl\/fr\/\",\"name\":\"Schroevendump\",\"description\":\"\",\"potentialAction\":[{\"@type\":\"SearchAction\",\"target\":{\"@type\":\"EntryPoint\",\"urlTemplate\":\"https:\/\/schroevendump.nl\/fr\/?s={search_term_string}\"},\"query-input\":{\"@type\":\"PropertyValueSpecification\",\"valueRequired\":true,\"valueName\":\"search_term_string\"}}],\"inLanguage\":\"fr-FR\"}]}<\/script>\n<!-- \/ Yoast SEO plugin. -->","yoast_head_json":{"title":"Scellant pour vitres \u00e0 peindre Blanc 290ml Den Braven - Schroevendump","robots":{"index":"index","follow":"follow","max-snippet":"max-snippet:-1","max-image-preview":"max-image-preview:large","max-video-preview":"max-video-preview:-1"},"canonical":"https:\/\/schroevendump.nl\/fr\/produit\/scellant-pour-vitres-a-peindre-blanc-290ml-den-braven\/","og_locale":"fr_FR","og_type":"article","og_title":"Scellant pour vitres \u00e0 peindre Blanc 290ml Den Braven - Schroevendump","og_description":"Principaux avantages Facile \u00e0 mettre en \u0153uvre Lissage facile Excellente recouvrabilit\u00e9 avec des peintures \u00e0 base d&#8217;eau et synth\u00e9tiques Convient \u00e0 une utilisation int\u00e9rieure et ext\u00e9rieure Large spectre d&#8217;adh\u00e9rence Applications Window Seal Easy a \u00e9t\u00e9 sp\u00e9cialement con\u00e7u comme un produit d&#8217;\u00e9tanch\u00e9it\u00e9 universel \u00e0 peindre pour les vitrages et les ch\u00e2ssis de fen\u00eatres. Ce mastic peut [&hellip;]","og_url":"https:\/\/schroevendump.nl\/fr\/produit\/scellant-pour-vitres-a-peindre-blanc-290ml-den-braven\/","og_site_name":"Schroevendump","article_modified_time":"2025-12-10T11:33:02+00:00","og_image":[{"width":500,"height":500,"url":"https:\/\/schroevendump.nl\/wp-content\/uploads\/2025\/01\/Glaskit-removebg-preview.png","type":"image\/png"}],"twitter_card":"summary_large_image","twitter_misc":{"Dur\u00e9e de lecture estim\u00e9e":"1 minute"},"schema":{"@context":"https:\/\/schema.org","@graph":[{"@type":"WebPage","@id":"https:\/\/schroevendump.nl\/fr\/produit\/scellant-pour-vitres-a-peindre-blanc-290ml-den-braven\/","url":"https:\/\/schroevendump.nl\/fr\/produit\/scellant-pour-vitres-a-peindre-blanc-290ml-den-braven\/","name":"Scellant pour vitres \u00e0 peindre Blanc 290ml Den Braven - Schroevendump","isPartOf":{"@id":"https:\/\/schroevendump.nl\/fr\/#website"},"primaryImageOfPage":{"@id":"https:\/\/schroevendump.nl\/fr\/produit\/scellant-pour-vitres-a-peindre-blanc-290ml-den-braven\/#primaryimage"},"image":{"@id":"https:\/\/schroevendump.nl\/fr\/produit\/scellant-pour-vitres-a-peindre-blanc-290ml-den-braven\/#primaryimage"},"thumbnailUrl":"https:\/\/schroevendump.nl\/wp-content\/uploads\/2025\/01\/Glaskit-removebg-preview.png","datePublished":"2025-01-25T21:23:40+00:00","dateModified":"2025-12-10T11:33:02+00:00","breadcrumb":{"@id":"https:\/\/schroevendump.nl\/fr\/produit\/scellant-pour-vitres-a-peindre-blanc-290ml-den-braven\/#breadcrumb"},"inLanguage":"fr-FR","potentialAction":[{"@type":"ReadAction","target":["https:\/\/schroevendump.nl\/fr\/produit\/scellant-pour-vitres-a-peindre-blanc-290ml-den-braven\/"]}]},{"@type":"ImageObject","inLanguage":"fr-FR","@id":"https:\/\/schroevendump.nl\/fr\/produit\/scellant-pour-vitres-a-peindre-blanc-290ml-den-braven\/#primaryimage","url":"https:\/\/schroevendump.nl\/wp-content\/uploads\/2025\/01\/Glaskit-removebg-preview.png","contentUrl":"https:\/\/schroevendump.nl\/wp-content\/uploads\/2025\/01\/Glaskit-removebg-preview.png","width":500,"height":500},{"@type":"BreadcrumbList","@id":"https:\/\/schroevendump.nl\/fr\/produit\/scellant-pour-vitres-a-peindre-blanc-290ml-den-braven\/#breadcrumb","itemListElement":[{"@type":"ListItem","position":1,"name":"Accueil","item":"https:\/\/schroevendump.nl\/fr\/"},{"@type":"ListItem","position":2,"name":"Boutique","item":"https:\/\/schroevendump.nl\/fr\/boutique\/"},{"@type":"ListItem","position":3,"name":"Scellant pour vitres \u00e0 peindre Blanc 290ml Den Braven"}]},{"@type":"WebSite","@id":"https:\/\/schroevendump.nl\/fr\/#website","url":"https:\/\/schroevendump.nl\/fr\/","name":"Schroevendump","description":"","potentialAction":[{"@type":"SearchAction","target":{"@type":"EntryPoint","urlTemplate":"https:\/\/schroevendump.nl\/fr\/?s={search_term_string}"},"query-input":{"@type":"PropertyValueSpecification","valueRequired":true,"valueName":"search_term_string"}}],"inLanguage":"fr-FR"}]}},"_links":{"self":[{"href":"https:\/\/schroevendump.nl\/fr\/wp-json\/wp\/v2\/product\/28068","targetHints":{"allow":["GET"]}}],"collection":[{"href":"https:\/\/schroevendump.nl\/fr\/wp-json\/wp\/v2\/product"}],"about":[{"href":"https:\/\/schroevendump.nl\/fr\/wp-json\/wp\/v2\/types\/product"}],"replies":[{"embeddable":true,"href":"https:\/\/schroevendump.nl\/fr\/wp-json\/wp\/v2\/comments?post=28068"}],"wp:featuredmedia":[{"embeddable":true,"href":"https:\/\/schroevendump.nl\/fr\/wp-json\/wp\/v2\/media\/15636"}],"wp:attachment":[{"href":"https:\/\/schroevendump.nl\/fr\/wp-json\/wp\/v2\/media?parent=28068"}],"wp:term":[{"taxonomy":"product_brand","embeddable":true,"href":"https:\/\/schroevendump.nl\/fr\/wp-json\/wp\/v2\/product_brand?post=28068"},{"taxonomy":"product_cat","embeddable":true,"href":"https:\/\/schroevendump.nl\/fr\/wp-json\/wp\/v2\/product_cat?post=28068"},{"taxonomy":"product_tag","embeddable":true,"href":"https:\/\/schroevendump.nl\/fr\/wp-json\/wp\/v2\/product_tag?post=28068"}],"curies":[{"name":"wp","href":"https:\/\/api.w.org\/{rel}","templated":true}]}}