{"id":28078,"date":"2025-01-25T20:50:38","date_gmt":"2025-01-25T20:50:38","guid":{"rendered":"https:\/\/schroevendump.nl\/product\/huile-penetrante-den-braven-400ml\/"},"modified":"2025-12-10T11:32:14","modified_gmt":"2025-12-10T11:32:14","slug":"huile-penetrante-den-braven-400ml","status":"publish","type":"product","link":"https:\/\/schroevendump.nl\/fr\/produit\/huile-penetrante-den-braven-400ml\/","title":{"rendered":"Huile p\u00e9n\u00e9trante Den braven 400ml"},"content":{"rendered":"<table style=\"height: 398px;\" width=\"1359\">\n<tbody>\n<tr>\n<td>Principaux avantages<\/td>\n<td>Desserre rapidement les vis, \u00e9crous et boulons rouill\u00e9s<\/p>\n<p>Prot\u00e8ge durablement contre la corrosion<\/p>\n<p>Lubrifie les surfaces de glissement et les pi\u00e8ces mobiles<\/p>\n<p>Arr\u00eate les grincements et les frottements<\/p>\n<p>Entretient et nettoie les tiges de frein, les c\u00e2bles en acier et tous les types de cha\u00eenes<\/p>\n<p>Contient du MoS2 pour les temp\u00e9ratures extr\u00eames et les charges de pression<\/td>\n<\/tr>\n<tr>\n<td>Applications de l&#8217;huile de fluage<\/td>\n<td>L&#8217;huile de fluage Zwaluw peut \u00eatre utilis\u00e9e pour l&#8217;entretien des voitures, dans l&#8217;industrie, les m\u00e9nages, les bateaux, etc. Lors du nettoyage et des r\u00e9parations, il arrive souvent que des vis corrod\u00e9es se bloquent. Zwaluw Creep Oil avec MoS2 r\u00e9sout ce probl\u00e8me.<\/td>\n<\/tr>\n<tr>\n<td>Dur\u00e9e de conservation<\/td>\n<td>Dans l&#8217;emballage d&#8217;origine non ouvert, entre +5\u00b0C et +25\u00b0C, peut \u00eatre conserv\u00e9 jusqu&#8217;\u00e0 24 mois apr\u00e8s la date de production s&#8217;il est stock\u00e9 dans un endroit sec.<\/td>\n<\/tr>\n<\/tbody>\n<\/table>\n","protected":false},"excerpt":{"rendered":"<p>Principaux avantages Desserre rapidement les vis, \u00e9crous et boulons rouill\u00e9s Prot\u00e8ge durablement contre la corrosion Lubrifie les surfaces de glissement et les pi\u00e8ces mobiles Arr\u00eate les grincements et les frottements Entretient et nettoie les tiges de frein, les c\u00e2bles en acier et tous les types de cha\u00eenes Contient du MoS2 pour les temp\u00e9ratures extr\u00eames et [&hellip;]<\/p>\n","protected":false},"featured_media":28080,"comment_status":"open","ping_status":"closed","template":"","meta":[],"product_brand":[],"product_cat":[768],"product_tag":[],"class_list":{"0":"post-28078","1":"product","2":"type-product","3":"status-publish","4":"has-post-thumbnail","6":"product_cat-vaporisateurs-techniques","8":"first","9":"instock","10":"taxable","11":"shipping-taxable","12":"purchasable","13":"product-type-simple"},"supplier_id":null,"supplier_sku":"","barcode":null,"atum_controlled":true,"out_stock_date":null,"out_stock_threshold":null,"inheritable":false,"inbound_stock":0,"stock_on_hold":0,"sold_today":0,"sales_last_days":0,"reserved_stock":0,"customer_returns":0,"warehouse_damage":0,"lost_in_post":0,"other_logs":0,"out_stock_days":0,"lost_sales":0,"has_location":false,"update_date":"2026-05-08T01:14:04","atum_locations":[],"atum_stock_status":"instock","restock_status":false,"low_stock_amount":"","sales_update_date":"2026-05-08T01:14:04","calc_backorders":null,"acf":[],"yoast_head":"<!-- This site is optimized with the Yoast SEO plugin v26.6 - https:\/\/yoast.com\/wordpress\/plugins\/seo\/ -->\n<title>Huile p\u00e9n\u00e9trante Den braven 400ml - Schroevendump<\/title>\n<meta name=\"robots\" content=\"index, follow, max-snippet:-1, max-image-preview:large, max-video-preview:-1\" \/>\n<link rel=\"canonical\" href=\"https:\/\/schroevendump.nl\/fr\/produit\/huile-penetrante-den-braven-400ml\/\" \/>\n<meta property=\"og:locale\" content=\"fr_FR\" \/>\n<meta property=\"og:type\" content=\"article\" \/>\n<meta property=\"og:title\" content=\"Huile p\u00e9n\u00e9trante Den braven 400ml - Schroevendump\" \/>\n<meta property=\"og:description\" content=\"Principaux avantages Desserre rapidement les vis, \u00e9crous et boulons rouill\u00e9s Prot\u00e8ge durablement contre la corrosion Lubrifie les surfaces de glissement et les pi\u00e8ces mobiles Arr\u00eate les grincements et les frottements Entretient et nettoie les tiges de frein, les c\u00e2bles en acier et tous les types de cha\u00eenes Contient du MoS2 pour les temp\u00e9ratures extr\u00eames et [&hellip;]\" \/>\n<meta property=\"og:url\" content=\"https:\/\/schroevendump.nl\/fr\/produit\/huile-penetrante-den-braven-400ml\/\" \/>\n<meta property=\"og:site_name\" content=\"Schroevendump\" \/>\n<meta property=\"article:modified_time\" content=\"2025-12-10T11:32:14+00:00\" \/>\n<meta property=\"og:image\" content=\"https:\/\/schroevendump.nl\/wp-content\/uploads\/2025\/01\/den-braven_kruipolie-removebg-preview.png\" \/>\n\t<meta property=\"og:image:width\" content=\"577\" \/>\n\t<meta property=\"og:image:height\" content=\"433\" \/>\n\t<meta property=\"og:image:type\" content=\"image\/png\" \/>\n<meta name=\"twitter:card\" content=\"summary_large_image\" \/>\n<meta name=\"twitter:label1\" content=\"Dur\u00e9e de lecture estim\u00e9e\" \/>\n\t<meta name=\"twitter:data1\" content=\"1 minute\" \/>\n<script type=\"application\/ld+json\" class=\"yoast-schema-graph\">{\"@context\":\"https:\/\/schema.org\",\"@graph\":[{\"@type\":\"WebPage\",\"@id\":\"https:\/\/schroevendump.nl\/fr\/produit\/huile-penetrante-den-braven-400ml\/\",\"url\":\"https:\/\/schroevendump.nl\/fr\/produit\/huile-penetrante-den-braven-400ml\/\",\"name\":\"Huile p\u00e9n\u00e9trante Den braven 400ml - Schroevendump\",\"isPartOf\":{\"@id\":\"https:\/\/schroevendump.nl\/fr\/#website\"},\"primaryImageOfPage\":{\"@id\":\"https:\/\/schroevendump.nl\/fr\/produit\/huile-penetrante-den-braven-400ml\/#primaryimage\"},\"image\":{\"@id\":\"https:\/\/schroevendump.nl\/fr\/produit\/huile-penetrante-den-braven-400ml\/#primaryimage\"},\"thumbnailUrl\":\"https:\/\/schroevendump.nl\/wp-content\/uploads\/2025\/01\/den-braven_kruipolie-removebg-preview.png\",\"datePublished\":\"2025-01-25T20:50:38+00:00\",\"dateModified\":\"2025-12-10T11:32:14+00:00\",\"breadcrumb\":{\"@id\":\"https:\/\/schroevendump.nl\/fr\/produit\/huile-penetrante-den-braven-400ml\/#breadcrumb\"},\"inLanguage\":\"fr-FR\",\"potentialAction\":[{\"@type\":\"ReadAction\",\"target\":[\"https:\/\/schroevendump.nl\/fr\/produit\/huile-penetrante-den-braven-400ml\/\"]}]},{\"@type\":\"ImageObject\",\"inLanguage\":\"fr-FR\",\"@id\":\"https:\/\/schroevendump.nl\/fr\/produit\/huile-penetrante-den-braven-400ml\/#primaryimage\",\"url\":\"https:\/\/schroevendump.nl\/wp-content\/uploads\/2025\/01\/den-braven_kruipolie-removebg-preview.png\",\"contentUrl\":\"https:\/\/schroevendump.nl\/wp-content\/uploads\/2025\/01\/den-braven_kruipolie-removebg-preview.png\",\"width\":577,\"height\":433},{\"@type\":\"BreadcrumbList\",\"@id\":\"https:\/\/schroevendump.nl\/fr\/produit\/huile-penetrante-den-braven-400ml\/#breadcrumb\",\"itemListElement\":[{\"@type\":\"ListItem\",\"position\":1,\"name\":\"Accueil\",\"item\":\"https:\/\/schroevendump.nl\/fr\/\"},{\"@type\":\"ListItem\",\"position\":2,\"name\":\"Boutique\",\"item\":\"https:\/\/schroevendump.nl\/fr\/boutique\/\"},{\"@type\":\"ListItem\",\"position\":3,\"name\":\"Huile p\u00e9n\u00e9trante Den braven 400ml\"}]},{\"@type\":\"WebSite\",\"@id\":\"https:\/\/schroevendump.nl\/fr\/#website\",\"url\":\"https:\/\/schroevendump.nl\/fr\/\",\"name\":\"Schroevendump\",\"description\":\"\",\"potentialAction\":[{\"@type\":\"SearchAction\",\"target\":{\"@type\":\"EntryPoint\",\"urlTemplate\":\"https:\/\/schroevendump.nl\/fr\/?s={search_term_string}\"},\"query-input\":{\"@type\":\"PropertyValueSpecification\",\"valueRequired\":true,\"valueName\":\"search_term_string\"}}],\"inLanguage\":\"fr-FR\"}]}<\/script>\n<!-- \/ Yoast SEO plugin. -->","yoast_head_json":{"title":"Huile p\u00e9n\u00e9trante Den braven 400ml - Schroevendump","robots":{"index":"index","follow":"follow","max-snippet":"max-snippet:-1","max-image-preview":"max-image-preview:large","max-video-preview":"max-video-preview:-1"},"canonical":"https:\/\/schroevendump.nl\/fr\/produit\/huile-penetrante-den-braven-400ml\/","og_locale":"fr_FR","og_type":"article","og_title":"Huile p\u00e9n\u00e9trante Den braven 400ml - Schroevendump","og_description":"Principaux avantages Desserre rapidement les vis, \u00e9crous et boulons rouill\u00e9s Prot\u00e8ge durablement contre la corrosion Lubrifie les surfaces de glissement et les pi\u00e8ces mobiles Arr\u00eate les grincements et les frottements Entretient et nettoie les tiges de frein, les c\u00e2bles en acier et tous les types de cha\u00eenes Contient du MoS2 pour les temp\u00e9ratures extr\u00eames et [&hellip;]","og_url":"https:\/\/schroevendump.nl\/fr\/produit\/huile-penetrante-den-braven-400ml\/","og_site_name":"Schroevendump","article_modified_time":"2025-12-10T11:32:14+00:00","og_image":[{"width":577,"height":433,"url":"https:\/\/schroevendump.nl\/wp-content\/uploads\/2025\/01\/den-braven_kruipolie-removebg-preview.png","type":"image\/png"}],"twitter_card":"summary_large_image","twitter_misc":{"Dur\u00e9e de lecture estim\u00e9e":"1 minute"},"schema":{"@context":"https:\/\/schema.org","@graph":[{"@type":"WebPage","@id":"https:\/\/schroevendump.nl\/fr\/produit\/huile-penetrante-den-braven-400ml\/","url":"https:\/\/schroevendump.nl\/fr\/produit\/huile-penetrante-den-braven-400ml\/","name":"Huile p\u00e9n\u00e9trante Den braven 400ml - Schroevendump","isPartOf":{"@id":"https:\/\/schroevendump.nl\/fr\/#website"},"primaryImageOfPage":{"@id":"https:\/\/schroevendump.nl\/fr\/produit\/huile-penetrante-den-braven-400ml\/#primaryimage"},"image":{"@id":"https:\/\/schroevendump.nl\/fr\/produit\/huile-penetrante-den-braven-400ml\/#primaryimage"},"thumbnailUrl":"https:\/\/schroevendump.nl\/wp-content\/uploads\/2025\/01\/den-braven_kruipolie-removebg-preview.png","datePublished":"2025-01-25T20:50:38+00:00","dateModified":"2025-12-10T11:32:14+00:00","breadcrumb":{"@id":"https:\/\/schroevendump.nl\/fr\/produit\/huile-penetrante-den-braven-400ml\/#breadcrumb"},"inLanguage":"fr-FR","potentialAction":[{"@type":"ReadAction","target":["https:\/\/schroevendump.nl\/fr\/produit\/huile-penetrante-den-braven-400ml\/"]}]},{"@type":"ImageObject","inLanguage":"fr-FR","@id":"https:\/\/schroevendump.nl\/fr\/produit\/huile-penetrante-den-braven-400ml\/#primaryimage","url":"https:\/\/schroevendump.nl\/wp-content\/uploads\/2025\/01\/den-braven_kruipolie-removebg-preview.png","contentUrl":"https:\/\/schroevendump.nl\/wp-content\/uploads\/2025\/01\/den-braven_kruipolie-removebg-preview.png","width":577,"height":433},{"@type":"BreadcrumbList","@id":"https:\/\/schroevendump.nl\/fr\/produit\/huile-penetrante-den-braven-400ml\/#breadcrumb","itemListElement":[{"@type":"ListItem","position":1,"name":"Accueil","item":"https:\/\/schroevendump.nl\/fr\/"},{"@type":"ListItem","position":2,"name":"Boutique","item":"https:\/\/schroevendump.nl\/fr\/boutique\/"},{"@type":"ListItem","position":3,"name":"Huile p\u00e9n\u00e9trante Den braven 400ml"}]},{"@type":"WebSite","@id":"https:\/\/schroevendump.nl\/fr\/#website","url":"https:\/\/schroevendump.nl\/fr\/","name":"Schroevendump","description":"","potentialAction":[{"@type":"SearchAction","target":{"@type":"EntryPoint","urlTemplate":"https:\/\/schroevendump.nl\/fr\/?s={search_term_string}"},"query-input":{"@type":"PropertyValueSpecification","valueRequired":true,"valueName":"search_term_string"}}],"inLanguage":"fr-FR"}]}},"_links":{"self":[{"href":"https:\/\/schroevendump.nl\/fr\/wp-json\/wp\/v2\/product\/28078","targetHints":{"allow":["GET"]}}],"collection":[{"href":"https:\/\/schroevendump.nl\/fr\/wp-json\/wp\/v2\/product"}],"about":[{"href":"https:\/\/schroevendump.nl\/fr\/wp-json\/wp\/v2\/types\/product"}],"replies":[{"embeddable":true,"href":"https:\/\/schroevendump.nl\/fr\/wp-json\/wp\/v2\/comments?post=28078"}],"wp:featuredmedia":[{"embeddable":true,"href":"https:\/\/schroevendump.nl\/fr\/wp-json\/wp\/v2\/media\/28080"}],"wp:attachment":[{"href":"https:\/\/schroevendump.nl\/fr\/wp-json\/wp\/v2\/media?parent=28078"}],"wp:term":[{"taxonomy":"product_brand","embeddable":true,"href":"https:\/\/schroevendump.nl\/fr\/wp-json\/wp\/v2\/product_brand?post=28078"},{"taxonomy":"product_cat","embeddable":true,"href":"https:\/\/schroevendump.nl\/fr\/wp-json\/wp\/v2\/product_cat?post=28078"},{"taxonomy":"product_tag","embeddable":true,"href":"https:\/\/schroevendump.nl\/fr\/wp-json\/wp\/v2\/product_tag?post=28078"}],"curies":[{"name":"wp","href":"https:\/\/api.w.org\/{rel}","templated":true}]}}