{"id":28087,"date":"2025-01-25T20:48:21","date_gmt":"2025-01-25T20:48:21","guid":{"rendered":"https:\/\/schroevendump.nl\/product\/nettoyant-universel-den-braven-400ml\/"},"modified":"2025-12-10T11:32:16","modified_gmt":"2025-12-10T11:32:16","slug":"nettoyant-universel-den-braven-400ml","status":"publish","type":"product","link":"https:\/\/schroevendump.nl\/fr\/produit\/nettoyant-universel-den-braven-400ml\/","title":{"rendered":"Nettoyant universel Den braven 400ml"},"content":{"rendered":"<table style=\"height: 311px;\" width=\"1356\">\n<tbody>\n<tr>\n<td>Principaux avantages<\/td>\n<td>\u00c9limine les huiles, les graisses, les r\u00e9sines, les adh\u00e9sifs et m\u00eame les r\u00e9sidus d&#8217;embrayage et de frein<\/p>\n<p>Nettoie les pi\u00e8ces de moteur, les ressorts, les syst\u00e8mes \u00e9lectriques, les d\u00e9marreurs, les roulements \u00e0 rouleaux et les guides<\/p>\n<p>\u00c9limine les taches tenaces sur les coussins et les textiles<\/td>\n<\/tr>\n<tr>\n<td>Applications<\/td>\n<td>Un nettoyant universel est un nettoyant polyvalent qui convient \u00e0 un large \u00e9ventail de surfaces et d&#8217;applications. Ce nettoyant est id\u00e9al pour \u00e9liminer la salet\u00e9, la graisse et d&#8217;autres contaminants des surfaces int\u00e9rieures et ext\u00e9rieures. Gr\u00e2ce \u00e0 sa formule puissante, le nettoyant universel peut \u00eatre utilis\u00e9 efficacement dans divers secteurs, notamment les soins de sant\u00e9, l&#8217;h\u00f4tellerie, l&#8217;industrie alimentaire et les services.<\/td>\n<\/tr>\n<tr>\n<td>Dur\u00e9e de conservation<\/td>\n<td>Dans l&#8217;emballage d&#8217;origine non ouvert, entre +5\u00b0C et +25\u00b0C, peut \u00eatre conserv\u00e9 jusqu&#8217;\u00e0 24 mois apr\u00e8s la date de production s&#8217;il est stock\u00e9 dans un endroit sec.<\/td>\n<\/tr>\n<\/tbody>\n<\/table>\n","protected":false},"excerpt":{"rendered":"<p>Principaux avantages \u00c9limine les huiles, les graisses, les r\u00e9sines, les adh\u00e9sifs et m\u00eame les r\u00e9sidus d&#8217;embrayage et de frein Nettoie les pi\u00e8ces de moteur, les ressorts, les syst\u00e8mes \u00e9lectriques, les d\u00e9marreurs, les roulements \u00e0 rouleaux et les guides \u00c9limine les taches tenaces sur les coussins et les textiles Applications Un nettoyant universel est un nettoyant [&hellip;]<\/p>\n","protected":false},"featured_media":28089,"comment_status":"open","ping_status":"closed","template":"","meta":[],"product_brand":[],"product_cat":[768],"product_tag":[],"class_list":{"0":"post-28087","1":"product","2":"type-product","3":"status-publish","4":"has-post-thumbnail","6":"product_cat-vaporisateurs-techniques","8":"first","9":"instock","10":"taxable","11":"shipping-taxable","12":"purchasable","13":"product-type-simple"},"supplier_id":null,"supplier_sku":"","barcode":null,"atum_controlled":true,"out_stock_date":null,"out_stock_threshold":null,"inheritable":false,"inbound_stock":0,"stock_on_hold":1,"sold_today":0,"sales_last_days":0,"reserved_stock":0,"customer_returns":0,"warehouse_damage":0,"lost_in_post":0,"other_logs":0,"out_stock_days":0,"lost_sales":0,"has_location":false,"update_date":"2026-04-17T01:02:19","atum_locations":[],"atum_stock_status":"instock","restock_status":false,"low_stock_amount":"","sales_update_date":"2026-04-17T01:02:19","calc_backorders":null,"acf":[],"yoast_head":"<!-- This site is optimized with the Yoast SEO plugin v26.6 - https:\/\/yoast.com\/wordpress\/plugins\/seo\/ -->\n<title>Nettoyant universel Den braven 400ml - Schroevendump<\/title>\n<meta name=\"robots\" content=\"index, follow, max-snippet:-1, max-image-preview:large, max-video-preview:-1\" \/>\n<link rel=\"canonical\" href=\"https:\/\/schroevendump.nl\/fr\/produit\/nettoyant-universel-den-braven-400ml\/\" \/>\n<meta property=\"og:locale\" content=\"fr_FR\" \/>\n<meta property=\"og:type\" content=\"article\" \/>\n<meta property=\"og:title\" content=\"Nettoyant universel Den braven 400ml - Schroevendump\" \/>\n<meta property=\"og:description\" content=\"Principaux avantages \u00c9limine les huiles, les graisses, les r\u00e9sines, les adh\u00e9sifs et m\u00eame les r\u00e9sidus d&#8217;embrayage et de frein Nettoie les pi\u00e8ces de moteur, les ressorts, les syst\u00e8mes \u00e9lectriques, les d\u00e9marreurs, les roulements \u00e0 rouleaux et les guides \u00c9limine les taches tenaces sur les coussins et les textiles Applications Un nettoyant universel est un nettoyant [&hellip;]\" \/>\n<meta property=\"og:url\" content=\"https:\/\/schroevendump.nl\/fr\/produit\/nettoyant-universel-den-braven-400ml\/\" \/>\n<meta property=\"og:site_name\" content=\"Schroevendump\" \/>\n<meta property=\"article:modified_time\" content=\"2025-12-10T11:32:16+00:00\" \/>\n<meta property=\"og:image\" content=\"https:\/\/schroevendump.nl\/wp-content\/uploads\/2025\/01\/den-braven_universele_reiniger-removebg-preview.png\" \/>\n\t<meta property=\"og:image:width\" content=\"577\" \/>\n\t<meta property=\"og:image:height\" content=\"433\" \/>\n\t<meta property=\"og:image:type\" content=\"image\/png\" \/>\n<meta name=\"twitter:card\" content=\"summary_large_image\" \/>\n<meta name=\"twitter:label1\" content=\"Dur\u00e9e de lecture estim\u00e9e\" \/>\n\t<meta name=\"twitter:data1\" content=\"1 minute\" \/>\n<script type=\"application\/ld+json\" class=\"yoast-schema-graph\">{\"@context\":\"https:\/\/schema.org\",\"@graph\":[{\"@type\":\"WebPage\",\"@id\":\"https:\/\/schroevendump.nl\/fr\/produit\/nettoyant-universel-den-braven-400ml\/\",\"url\":\"https:\/\/schroevendump.nl\/fr\/produit\/nettoyant-universel-den-braven-400ml\/\",\"name\":\"Nettoyant universel Den braven 400ml - Schroevendump\",\"isPartOf\":{\"@id\":\"https:\/\/schroevendump.nl\/fr\/#website\"},\"primaryImageOfPage\":{\"@id\":\"https:\/\/schroevendump.nl\/fr\/produit\/nettoyant-universel-den-braven-400ml\/#primaryimage\"},\"image\":{\"@id\":\"https:\/\/schroevendump.nl\/fr\/produit\/nettoyant-universel-den-braven-400ml\/#primaryimage\"},\"thumbnailUrl\":\"https:\/\/schroevendump.nl\/wp-content\/uploads\/2025\/01\/den-braven_universele_reiniger-removebg-preview.png\",\"datePublished\":\"2025-01-25T20:48:21+00:00\",\"dateModified\":\"2025-12-10T11:32:16+00:00\",\"breadcrumb\":{\"@id\":\"https:\/\/schroevendump.nl\/fr\/produit\/nettoyant-universel-den-braven-400ml\/#breadcrumb\"},\"inLanguage\":\"fr-FR\",\"potentialAction\":[{\"@type\":\"ReadAction\",\"target\":[\"https:\/\/schroevendump.nl\/fr\/produit\/nettoyant-universel-den-braven-400ml\/\"]}]},{\"@type\":\"ImageObject\",\"inLanguage\":\"fr-FR\",\"@id\":\"https:\/\/schroevendump.nl\/fr\/produit\/nettoyant-universel-den-braven-400ml\/#primaryimage\",\"url\":\"https:\/\/schroevendump.nl\/wp-content\/uploads\/2025\/01\/den-braven_universele_reiniger-removebg-preview.png\",\"contentUrl\":\"https:\/\/schroevendump.nl\/wp-content\/uploads\/2025\/01\/den-braven_universele_reiniger-removebg-preview.png\",\"width\":577,\"height\":433},{\"@type\":\"BreadcrumbList\",\"@id\":\"https:\/\/schroevendump.nl\/fr\/produit\/nettoyant-universel-den-braven-400ml\/#breadcrumb\",\"itemListElement\":[{\"@type\":\"ListItem\",\"position\":1,\"name\":\"Accueil\",\"item\":\"https:\/\/schroevendump.nl\/fr\/\"},{\"@type\":\"ListItem\",\"position\":2,\"name\":\"Boutique\",\"item\":\"https:\/\/schroevendump.nl\/fr\/boutique\/\"},{\"@type\":\"ListItem\",\"position\":3,\"name\":\"Nettoyant universel Den braven 400ml\"}]},{\"@type\":\"WebSite\",\"@id\":\"https:\/\/schroevendump.nl\/fr\/#website\",\"url\":\"https:\/\/schroevendump.nl\/fr\/\",\"name\":\"Schroevendump\",\"description\":\"\",\"potentialAction\":[{\"@type\":\"SearchAction\",\"target\":{\"@type\":\"EntryPoint\",\"urlTemplate\":\"https:\/\/schroevendump.nl\/fr\/?s={search_term_string}\"},\"query-input\":{\"@type\":\"PropertyValueSpecification\",\"valueRequired\":true,\"valueName\":\"search_term_string\"}}],\"inLanguage\":\"fr-FR\"}]}<\/script>\n<!-- \/ Yoast SEO plugin. -->","yoast_head_json":{"title":"Nettoyant universel Den braven 400ml - Schroevendump","robots":{"index":"index","follow":"follow","max-snippet":"max-snippet:-1","max-image-preview":"max-image-preview:large","max-video-preview":"max-video-preview:-1"},"canonical":"https:\/\/schroevendump.nl\/fr\/produit\/nettoyant-universel-den-braven-400ml\/","og_locale":"fr_FR","og_type":"article","og_title":"Nettoyant universel Den braven 400ml - Schroevendump","og_description":"Principaux avantages \u00c9limine les huiles, les graisses, les r\u00e9sines, les adh\u00e9sifs et m\u00eame les r\u00e9sidus d&#8217;embrayage et de frein Nettoie les pi\u00e8ces de moteur, les ressorts, les syst\u00e8mes \u00e9lectriques, les d\u00e9marreurs, les roulements \u00e0 rouleaux et les guides \u00c9limine les taches tenaces sur les coussins et les textiles Applications Un nettoyant universel est un nettoyant [&hellip;]","og_url":"https:\/\/schroevendump.nl\/fr\/produit\/nettoyant-universel-den-braven-400ml\/","og_site_name":"Schroevendump","article_modified_time":"2025-12-10T11:32:16+00:00","og_image":[{"width":577,"height":433,"url":"https:\/\/schroevendump.nl\/wp-content\/uploads\/2025\/01\/den-braven_universele_reiniger-removebg-preview.png","type":"image\/png"}],"twitter_card":"summary_large_image","twitter_misc":{"Dur\u00e9e de lecture estim\u00e9e":"1 minute"},"schema":{"@context":"https:\/\/schema.org","@graph":[{"@type":"WebPage","@id":"https:\/\/schroevendump.nl\/fr\/produit\/nettoyant-universel-den-braven-400ml\/","url":"https:\/\/schroevendump.nl\/fr\/produit\/nettoyant-universel-den-braven-400ml\/","name":"Nettoyant universel Den braven 400ml - Schroevendump","isPartOf":{"@id":"https:\/\/schroevendump.nl\/fr\/#website"},"primaryImageOfPage":{"@id":"https:\/\/schroevendump.nl\/fr\/produit\/nettoyant-universel-den-braven-400ml\/#primaryimage"},"image":{"@id":"https:\/\/schroevendump.nl\/fr\/produit\/nettoyant-universel-den-braven-400ml\/#primaryimage"},"thumbnailUrl":"https:\/\/schroevendump.nl\/wp-content\/uploads\/2025\/01\/den-braven_universele_reiniger-removebg-preview.png","datePublished":"2025-01-25T20:48:21+00:00","dateModified":"2025-12-10T11:32:16+00:00","breadcrumb":{"@id":"https:\/\/schroevendump.nl\/fr\/produit\/nettoyant-universel-den-braven-400ml\/#breadcrumb"},"inLanguage":"fr-FR","potentialAction":[{"@type":"ReadAction","target":["https:\/\/schroevendump.nl\/fr\/produit\/nettoyant-universel-den-braven-400ml\/"]}]},{"@type":"ImageObject","inLanguage":"fr-FR","@id":"https:\/\/schroevendump.nl\/fr\/produit\/nettoyant-universel-den-braven-400ml\/#primaryimage","url":"https:\/\/schroevendump.nl\/wp-content\/uploads\/2025\/01\/den-braven_universele_reiniger-removebg-preview.png","contentUrl":"https:\/\/schroevendump.nl\/wp-content\/uploads\/2025\/01\/den-braven_universele_reiniger-removebg-preview.png","width":577,"height":433},{"@type":"BreadcrumbList","@id":"https:\/\/schroevendump.nl\/fr\/produit\/nettoyant-universel-den-braven-400ml\/#breadcrumb","itemListElement":[{"@type":"ListItem","position":1,"name":"Accueil","item":"https:\/\/schroevendump.nl\/fr\/"},{"@type":"ListItem","position":2,"name":"Boutique","item":"https:\/\/schroevendump.nl\/fr\/boutique\/"},{"@type":"ListItem","position":3,"name":"Nettoyant universel Den braven 400ml"}]},{"@type":"WebSite","@id":"https:\/\/schroevendump.nl\/fr\/#website","url":"https:\/\/schroevendump.nl\/fr\/","name":"Schroevendump","description":"","potentialAction":[{"@type":"SearchAction","target":{"@type":"EntryPoint","urlTemplate":"https:\/\/schroevendump.nl\/fr\/?s={search_term_string}"},"query-input":{"@type":"PropertyValueSpecification","valueRequired":true,"valueName":"search_term_string"}}],"inLanguage":"fr-FR"}]}},"_links":{"self":[{"href":"https:\/\/schroevendump.nl\/fr\/wp-json\/wp\/v2\/product\/28087","targetHints":{"allow":["GET"]}}],"collection":[{"href":"https:\/\/schroevendump.nl\/fr\/wp-json\/wp\/v2\/product"}],"about":[{"href":"https:\/\/schroevendump.nl\/fr\/wp-json\/wp\/v2\/types\/product"}],"replies":[{"embeddable":true,"href":"https:\/\/schroevendump.nl\/fr\/wp-json\/wp\/v2\/comments?post=28087"}],"wp:featuredmedia":[{"embeddable":true,"href":"https:\/\/schroevendump.nl\/fr\/wp-json\/wp\/v2\/media\/28089"}],"wp:attachment":[{"href":"https:\/\/schroevendump.nl\/fr\/wp-json\/wp\/v2\/media?parent=28087"}],"wp:term":[{"taxonomy":"product_brand","embeddable":true,"href":"https:\/\/schroevendump.nl\/fr\/wp-json\/wp\/v2\/product_brand?post=28087"},{"taxonomy":"product_cat","embeddable":true,"href":"https:\/\/schroevendump.nl\/fr\/wp-json\/wp\/v2\/product_cat?post=28087"},{"taxonomy":"product_tag","embeddable":true,"href":"https:\/\/schroevendump.nl\/fr\/wp-json\/wp\/v2\/product_tag?post=28087"}],"curies":[{"name":"wp","href":"https:\/\/api.w.org\/{rel}","templated":true}]}}