{"id":28094,"date":"2025-01-25T20:11:18","date_gmt":"2025-01-25T20:11:18","guid":{"rendered":"https:\/\/schroevendump.nl\/product\/ruban-de-masquage-50mm-50-metres-qualite-professionnelle\/"},"modified":"2025-12-10T11:33:37","modified_gmt":"2025-12-10T11:33:37","slug":"ruban-de-masquage-50mm-50-metres-qualite-professionnelle","status":"publish","type":"product","link":"https:\/\/schroevendump.nl\/fr\/produit\/ruban-de-masquage-50mm-50-metres-qualite-professionnelle\/","title":{"rendered":"ruban de masquage 50mm 50 m\u00e8tres qualit\u00e9 professionnelle"},"content":{"rendered":"<ul>\n<li>50 m\u00e8tres<\/li>\n<li>Adh\u00e8re bien, m\u00eame sur des surfaces irr\u00e9guli\u00e8res<\/li>\n<li>Compatible avec la plupart des peintures et laques courantes<\/li>\n<li>R\u00e9sistant \u00e0 l&#8217;humidit\u00e9 et \u00e0 l&#8217;eau<\/li>\n<li>Adh\u00e9sion aux solvants de caoutchouc<\/li>\n<li>Bonne adh\u00e9rence<\/li>\n<li>Utilisable jusqu&#8217;\u00e0 80 \u00b0C<\/li>\n<li>R\u00e9sistance limit\u00e9e aux UV<\/li>\n<\/ul>\n<p>Gr\u00e2ce \u00e0 notre ruban de masquage de haute qualit\u00e9, peindre devient un jeu d&#8217;enfant ! Notre ruban est sp\u00e9cialement con\u00e7u pour cr\u00e9er des lignes serr\u00e9es et garantir que la peinture ne coule pas sous le ruban. Que vous soyez un peintre professionnel ou que vous souhaitiez simplement donner un nouveau look \u00e0 votre maison, notre ruban de masquage est le choix id\u00e9al.  <\/p>\n<p>Notre ruban est fabriqu\u00e9 dans un mat\u00e9riau durable qui adh\u00e8re fermement \u00e0 diverses surfaces telles que les murs, le bois et le verre. Il est facile \u00e0 appliquer et ne laisse aucun r\u00e9sidu collant lorsqu&#8217;il est retir\u00e9. Vous pouvez donc peindre sans stress.  <\/p>\n<p>Avec notre ruban de masquage, vous pouvez cr\u00e9er des lignes nettes lorsque vous peignez des murs ou des meubles ou que vous appliquez des motifs d\u00e9coratifs. Il est \u00e9galement id\u00e9al pour masquer les bords et les coins lorsque vous peignez des pi\u00e8ces.  Vous pouvez m\u00eame faire preuve de cr\u00e9ativit\u00e9 et cr\u00e9er des motifs uniques avec notre ruban adh\u00e9sif.<\/p>\n<p>Qu&#8217;attendez-vous ? Rendez la peinture plus facile et plus nette gr\u00e2ce \u00e0 notre ruban de masquage de haute qualit\u00e9. Commandez d\u00e8s aujourd&#8217;hui et donnez \u00e0 vos projets un aspect professionnel !  <\/p>\n<p>Opte pour la qualit\u00e9 au meilleur prix chez <a href=\"http:\/\/www.schroevendump.nl\">schroevendump.nl<\/a> et jette un \u0153il \u00e0 notre <a href=\"https:\/\/www.instagram.com\/schroevendump\/\">page Instagram.<\/a><\/p>\n","protected":false},"excerpt":{"rendered":"<p>50 m\u00e8tres Adh\u00e8re bien, m\u00eame sur des surfaces irr\u00e9guli\u00e8res Compatible avec la plupart des peintures et laques courantes R\u00e9sistant \u00e0 l&#8217;humidit\u00e9 et \u00e0 l&#8217;eau Adh\u00e9sion aux solvants de caoutchouc Bonne adh\u00e9rence Utilisable jusqu&#8217;\u00e0 80 \u00b0C R\u00e9sistance limit\u00e9e aux UV Gr\u00e2ce \u00e0 notre ruban de masquage de haute qualit\u00e9, peindre devient un jeu d&#8217;enfant ! Notre [&hellip;]<\/p>\n","protected":false},"featured_media":28085,"comment_status":"open","ping_status":"closed","template":"","meta":[],"product_brand":[],"product_cat":[604],"product_tag":[],"class_list":{"0":"post-28094","1":"product","2":"type-product","3":"status-publish","4":"has-post-thumbnail","6":"product_cat-pneus-et-robinets","8":"first","9":"instock","10":"taxable","11":"shipping-taxable","12":"purchasable","13":"product-type-simple"},"supplier_id":null,"supplier_sku":"","barcode":null,"atum_controlled":true,"out_stock_date":null,"out_stock_threshold":null,"inheritable":false,"inbound_stock":0,"stock_on_hold":0,"sold_today":0,"sales_last_days":0,"reserved_stock":0,"customer_returns":0,"warehouse_damage":0,"lost_in_post":0,"other_logs":0,"out_stock_days":0,"lost_sales":0,"has_location":false,"update_date":"2026-04-07T00:59:55","atum_locations":[],"atum_stock_status":"instock","restock_status":false,"low_stock_amount":"","sales_update_date":"2026-04-07T00:59:55","calc_backorders":null,"acf":[],"yoast_head":"<!-- This site is optimized with the Yoast SEO plugin v26.6 - https:\/\/yoast.com\/wordpress\/plugins\/seo\/ -->\n<title>ruban de masquage 50mm 50 m\u00e8tres qualit\u00e9 professionnelle - Schroevendump<\/title>\n<meta name=\"robots\" content=\"index, follow, max-snippet:-1, max-image-preview:large, max-video-preview:-1\" \/>\n<link rel=\"canonical\" href=\"https:\/\/schroevendump.nl\/fr\/produit\/ruban-de-masquage-50mm-50-metres-qualite-professionnelle\/\" \/>\n<meta property=\"og:locale\" content=\"fr_FR\" \/>\n<meta property=\"og:type\" content=\"article\" \/>\n<meta property=\"og:title\" content=\"ruban de masquage 50mm 50 m\u00e8tres qualit\u00e9 professionnelle - Schroevendump\" \/>\n<meta property=\"og:description\" content=\"50 m\u00e8tres Adh\u00e8re bien, m\u00eame sur des surfaces irr\u00e9guli\u00e8res Compatible avec la plupart des peintures et laques courantes R\u00e9sistant \u00e0 l&#8217;humidit\u00e9 et \u00e0 l&#8217;eau Adh\u00e9sion aux solvants de caoutchouc Bonne adh\u00e9rence Utilisable jusqu&#8217;\u00e0 80 \u00b0C R\u00e9sistance limit\u00e9e aux UV Gr\u00e2ce \u00e0 notre ruban de masquage de haute qualit\u00e9, peindre devient un jeu d&#8217;enfant ! Notre [&hellip;]\" \/>\n<meta property=\"og:url\" content=\"https:\/\/schroevendump.nl\/fr\/produit\/ruban-de-masquage-50mm-50-metres-qualite-professionnelle\/\" \/>\n<meta property=\"og:site_name\" content=\"Schroevendump\" \/>\n<meta property=\"article:modified_time\" content=\"2025-12-10T11:33:37+00:00\" \/>\n<meta property=\"og:image\" content=\"https:\/\/schroevendump.nl\/wp-content\/uploads\/2025\/01\/schilderstape-50-mm-x-50-meter-afplaktap-removebg-preview.png\" \/>\n\t<meta property=\"og:image:width\" content=\"520\" \/>\n\t<meta property=\"og:image:height\" content=\"479\" \/>\n\t<meta property=\"og:image:type\" content=\"image\/png\" \/>\n<meta name=\"twitter:card\" content=\"summary_large_image\" \/>\n<meta name=\"twitter:label1\" content=\"Dur\u00e9e de lecture estim\u00e9e\" \/>\n\t<meta name=\"twitter:data1\" content=\"1 minute\" \/>\n<script type=\"application\/ld+json\" class=\"yoast-schema-graph\">{\"@context\":\"https:\/\/schema.org\",\"@graph\":[{\"@type\":\"WebPage\",\"@id\":\"https:\/\/schroevendump.nl\/fr\/produit\/ruban-de-masquage-50mm-50-metres-qualite-professionnelle\/\",\"url\":\"https:\/\/schroevendump.nl\/fr\/produit\/ruban-de-masquage-50mm-50-metres-qualite-professionnelle\/\",\"name\":\"ruban de masquage 50mm 50 m\u00e8tres qualit\u00e9 professionnelle - Schroevendump\",\"isPartOf\":{\"@id\":\"https:\/\/schroevendump.nl\/fr\/#website\"},\"primaryImageOfPage\":{\"@id\":\"https:\/\/schroevendump.nl\/fr\/produit\/ruban-de-masquage-50mm-50-metres-qualite-professionnelle\/#primaryimage\"},\"image\":{\"@id\":\"https:\/\/schroevendump.nl\/fr\/produit\/ruban-de-masquage-50mm-50-metres-qualite-professionnelle\/#primaryimage\"},\"thumbnailUrl\":\"https:\/\/schroevendump.nl\/wp-content\/uploads\/2025\/01\/schilderstape-50-mm-x-50-meter-afplaktap-removebg-preview.png\",\"datePublished\":\"2025-01-25T20:11:18+00:00\",\"dateModified\":\"2025-12-10T11:33:37+00:00\",\"breadcrumb\":{\"@id\":\"https:\/\/schroevendump.nl\/fr\/produit\/ruban-de-masquage-50mm-50-metres-qualite-professionnelle\/#breadcrumb\"},\"inLanguage\":\"fr-FR\",\"potentialAction\":[{\"@type\":\"ReadAction\",\"target\":[\"https:\/\/schroevendump.nl\/fr\/produit\/ruban-de-masquage-50mm-50-metres-qualite-professionnelle\/\"]}]},{\"@type\":\"ImageObject\",\"inLanguage\":\"fr-FR\",\"@id\":\"https:\/\/schroevendump.nl\/fr\/produit\/ruban-de-masquage-50mm-50-metres-qualite-professionnelle\/#primaryimage\",\"url\":\"https:\/\/schroevendump.nl\/wp-content\/uploads\/2025\/01\/schilderstape-50-mm-x-50-meter-afplaktap-removebg-preview.png\",\"contentUrl\":\"https:\/\/schroevendump.nl\/wp-content\/uploads\/2025\/01\/schilderstape-50-mm-x-50-meter-afplaktap-removebg-preview.png\",\"width\":520,\"height\":479},{\"@type\":\"BreadcrumbList\",\"@id\":\"https:\/\/schroevendump.nl\/fr\/produit\/ruban-de-masquage-50mm-50-metres-qualite-professionnelle\/#breadcrumb\",\"itemListElement\":[{\"@type\":\"ListItem\",\"position\":1,\"name\":\"Accueil\",\"item\":\"https:\/\/schroevendump.nl\/fr\/\"},{\"@type\":\"ListItem\",\"position\":2,\"name\":\"Boutique\",\"item\":\"https:\/\/schroevendump.nl\/fr\/boutique\/\"},{\"@type\":\"ListItem\",\"position\":3,\"name\":\"ruban de masquage 50mm 50 m\u00e8tres qualit\u00e9 professionnelle\"}]},{\"@type\":\"WebSite\",\"@id\":\"https:\/\/schroevendump.nl\/fr\/#website\",\"url\":\"https:\/\/schroevendump.nl\/fr\/\",\"name\":\"Schroevendump\",\"description\":\"\",\"potentialAction\":[{\"@type\":\"SearchAction\",\"target\":{\"@type\":\"EntryPoint\",\"urlTemplate\":\"https:\/\/schroevendump.nl\/fr\/?s={search_term_string}\"},\"query-input\":{\"@type\":\"PropertyValueSpecification\",\"valueRequired\":true,\"valueName\":\"search_term_string\"}}],\"inLanguage\":\"fr-FR\"}]}<\/script>\n<!-- \/ Yoast SEO plugin. -->","yoast_head_json":{"title":"ruban de masquage 50mm 50 m\u00e8tres qualit\u00e9 professionnelle - Schroevendump","robots":{"index":"index","follow":"follow","max-snippet":"max-snippet:-1","max-image-preview":"max-image-preview:large","max-video-preview":"max-video-preview:-1"},"canonical":"https:\/\/schroevendump.nl\/fr\/produit\/ruban-de-masquage-50mm-50-metres-qualite-professionnelle\/","og_locale":"fr_FR","og_type":"article","og_title":"ruban de masquage 50mm 50 m\u00e8tres qualit\u00e9 professionnelle - Schroevendump","og_description":"50 m\u00e8tres Adh\u00e8re bien, m\u00eame sur des surfaces irr\u00e9guli\u00e8res Compatible avec la plupart des peintures et laques courantes R\u00e9sistant \u00e0 l&#8217;humidit\u00e9 et \u00e0 l&#8217;eau Adh\u00e9sion aux solvants de caoutchouc Bonne adh\u00e9rence Utilisable jusqu&#8217;\u00e0 80 \u00b0C R\u00e9sistance limit\u00e9e aux UV Gr\u00e2ce \u00e0 notre ruban de masquage de haute qualit\u00e9, peindre devient un jeu d&#8217;enfant ! Notre [&hellip;]","og_url":"https:\/\/schroevendump.nl\/fr\/produit\/ruban-de-masquage-50mm-50-metres-qualite-professionnelle\/","og_site_name":"Schroevendump","article_modified_time":"2025-12-10T11:33:37+00:00","og_image":[{"width":520,"height":479,"url":"https:\/\/schroevendump.nl\/wp-content\/uploads\/2025\/01\/schilderstape-50-mm-x-50-meter-afplaktap-removebg-preview.png","type":"image\/png"}],"twitter_card":"summary_large_image","twitter_misc":{"Dur\u00e9e de lecture estim\u00e9e":"1 minute"},"schema":{"@context":"https:\/\/schema.org","@graph":[{"@type":"WebPage","@id":"https:\/\/schroevendump.nl\/fr\/produit\/ruban-de-masquage-50mm-50-metres-qualite-professionnelle\/","url":"https:\/\/schroevendump.nl\/fr\/produit\/ruban-de-masquage-50mm-50-metres-qualite-professionnelle\/","name":"ruban de masquage 50mm 50 m\u00e8tres qualit\u00e9 professionnelle - Schroevendump","isPartOf":{"@id":"https:\/\/schroevendump.nl\/fr\/#website"},"primaryImageOfPage":{"@id":"https:\/\/schroevendump.nl\/fr\/produit\/ruban-de-masquage-50mm-50-metres-qualite-professionnelle\/#primaryimage"},"image":{"@id":"https:\/\/schroevendump.nl\/fr\/produit\/ruban-de-masquage-50mm-50-metres-qualite-professionnelle\/#primaryimage"},"thumbnailUrl":"https:\/\/schroevendump.nl\/wp-content\/uploads\/2025\/01\/schilderstape-50-mm-x-50-meter-afplaktap-removebg-preview.png","datePublished":"2025-01-25T20:11:18+00:00","dateModified":"2025-12-10T11:33:37+00:00","breadcrumb":{"@id":"https:\/\/schroevendump.nl\/fr\/produit\/ruban-de-masquage-50mm-50-metres-qualite-professionnelle\/#breadcrumb"},"inLanguage":"fr-FR","potentialAction":[{"@type":"ReadAction","target":["https:\/\/schroevendump.nl\/fr\/produit\/ruban-de-masquage-50mm-50-metres-qualite-professionnelle\/"]}]},{"@type":"ImageObject","inLanguage":"fr-FR","@id":"https:\/\/schroevendump.nl\/fr\/produit\/ruban-de-masquage-50mm-50-metres-qualite-professionnelle\/#primaryimage","url":"https:\/\/schroevendump.nl\/wp-content\/uploads\/2025\/01\/schilderstape-50-mm-x-50-meter-afplaktap-removebg-preview.png","contentUrl":"https:\/\/schroevendump.nl\/wp-content\/uploads\/2025\/01\/schilderstape-50-mm-x-50-meter-afplaktap-removebg-preview.png","width":520,"height":479},{"@type":"BreadcrumbList","@id":"https:\/\/schroevendump.nl\/fr\/produit\/ruban-de-masquage-50mm-50-metres-qualite-professionnelle\/#breadcrumb","itemListElement":[{"@type":"ListItem","position":1,"name":"Accueil","item":"https:\/\/schroevendump.nl\/fr\/"},{"@type":"ListItem","position":2,"name":"Boutique","item":"https:\/\/schroevendump.nl\/fr\/boutique\/"},{"@type":"ListItem","position":3,"name":"ruban de masquage 50mm 50 m\u00e8tres qualit\u00e9 professionnelle"}]},{"@type":"WebSite","@id":"https:\/\/schroevendump.nl\/fr\/#website","url":"https:\/\/schroevendump.nl\/fr\/","name":"Schroevendump","description":"","potentialAction":[{"@type":"SearchAction","target":{"@type":"EntryPoint","urlTemplate":"https:\/\/schroevendump.nl\/fr\/?s={search_term_string}"},"query-input":{"@type":"PropertyValueSpecification","valueRequired":true,"valueName":"search_term_string"}}],"inLanguage":"fr-FR"}]}},"_links":{"self":[{"href":"https:\/\/schroevendump.nl\/fr\/wp-json\/wp\/v2\/product\/28094","targetHints":{"allow":["GET"]}}],"collection":[{"href":"https:\/\/schroevendump.nl\/fr\/wp-json\/wp\/v2\/product"}],"about":[{"href":"https:\/\/schroevendump.nl\/fr\/wp-json\/wp\/v2\/types\/product"}],"replies":[{"embeddable":true,"href":"https:\/\/schroevendump.nl\/fr\/wp-json\/wp\/v2\/comments?post=28094"}],"wp:featuredmedia":[{"embeddable":true,"href":"https:\/\/schroevendump.nl\/fr\/wp-json\/wp\/v2\/media\/28085"}],"wp:attachment":[{"href":"https:\/\/schroevendump.nl\/fr\/wp-json\/wp\/v2\/media?parent=28094"}],"wp:term":[{"taxonomy":"product_brand","embeddable":true,"href":"https:\/\/schroevendump.nl\/fr\/wp-json\/wp\/v2\/product_brand?post=28094"},{"taxonomy":"product_cat","embeddable":true,"href":"https:\/\/schroevendump.nl\/fr\/wp-json\/wp\/v2\/product_cat?post=28094"},{"taxonomy":"product_tag","embeddable":true,"href":"https:\/\/schroevendump.nl\/fr\/wp-json\/wp\/v2\/product_tag?post=28094"}],"curies":[{"name":"wp","href":"https:\/\/api.w.org\/{rel}","templated":true}]}}