{"id":28095,"date":"2025-01-25T20:00:51","date_gmt":"2025-01-25T20:00:51","guid":{"rendered":"https:\/\/schroevendump.nl\/product\/ruban-adhesif-tesa-50mm-x-50m-gris\/"},"modified":"2025-12-10T11:33:04","modified_gmt":"2025-12-10T11:33:04","slug":"ruban-adhesif-tesa-50mm-x-50m-gris","status":"publish","type":"product","link":"https:\/\/schroevendump.nl\/fr\/produit\/ruban-adhesif-tesa-50mm-x-50m-gris\/","title":{"rendered":"Ruban adh\u00e9sif Tesa 50mm x 50m gris"},"content":{"rendered":"<p class=\"copy--large consumer-product-details__copy\">Le ruban de r\u00e9paration universel <span class=\"lowercase hyphens-manual\">tesa<\/span> Extra Power est fabriqu\u00e9 \u00e0 partir de 67% de mat\u00e9riaux recycl\u00e9s et s&#8217;inscrit donc dans une d\u00e9marche durable. Le ruban excelle \u00e9galement dans les t\u00e2ches quotidiennes, telles que l&#8217;artisanat, les r\u00e9parations ou l&#8217;emballage, offrant des performances impressionnantes. Le ruban polyvalent est r\u00e9sistant \u00e0 l&#8217;humidit\u00e9 et aux conditions m\u00e9t\u00e9orologiques difficiles et convient \u00e0 une utilisation int\u00e9rieure et ext\u00e9rieure. Le pouvoir adh\u00e9sif est durable et fiable, m\u00eame dans des conditions difficiles.  <\/p>\n<div class=\"accordion accordion--reverse-order accordion--active\">\n<div class=\"custom-scrollbar accordion__content\">\n<div class=\"custom-scrollbar__scroll-container\">\n<ul class=\"feature-list marg-t--4\">\n<li class=\"feature-list__item\"><span class=\"feature-list__item-text\">Respect de l&#8217;environnement : le support est compos\u00e9 de 67 % de mat\u00e9riaux recycl\u00e9s et d&#8217;un emballage durable.<\/span><\/li>\n<li class=\"feature-list__item\"><span class=\"feature-list__item-text\">Forte adh\u00e9rence : le ruban de r\u00e9paration adh\u00e8re fermement et de mani\u00e8re fiable, m\u00eame sur des surfaces tr\u00e8s rugueuses.<\/span><\/li>\n<li class=\"feature-list__item\"><span class=\"feature-list__item-text\">Convivialit\u00e9 : le ruban peut \u00eatre facilement d\u00e9chir\u00e9 \u00e0 la main, ce qui le rend pr\u00eat \u00e0 l&#8217;emploi.<\/span><\/li>\n<li class=\"feature-list__item\"><span class=\"feature-list__item-text\">R\u00e9sistance aux intemp\u00e9ries : le ruban imperm\u00e9able et r\u00e9sistant aux intemp\u00e9ries assure une bonne tenue \u00e0 l&#8217;int\u00e9rieur comme \u00e0 l&#8217;ext\u00e9rieur.<\/span><\/li>\n<li class=\"feature-list__item\"><span class=\"feature-list__item-text\">Polyvalent : Id\u00e9al pour les projets de bricolage, la fixation, l&#8217;\u00e9tanch\u00e9it\u00e9 ou les r\u00e9parations<\/span><\/li>\n<\/ul>\n<\/div>\n<\/div>\n<\/div>\n","protected":false},"excerpt":{"rendered":"<p>Le ruban de r\u00e9paration universel tesa Extra Power est fabriqu\u00e9 \u00e0 partir de 67% de mat\u00e9riaux recycl\u00e9s et s&#8217;inscrit donc dans une d\u00e9marche durable. Le ruban excelle \u00e9galement dans les t\u00e2ches quotidiennes, telles que l&#8217;artisanat, les r\u00e9parations ou l&#8217;emballage, offrant des performances impressionnantes. Le ruban polyvalent est r\u00e9sistant \u00e0 l&#8217;humidit\u00e9 et aux conditions m\u00e9t\u00e9orologiques difficiles [&hellip;]<\/p>\n","protected":false},"featured_media":28097,"comment_status":"closed","ping_status":"closed","template":"","meta":[],"product_brand":[],"product_cat":[604],"product_tag":[],"class_list":{"0":"post-28095","1":"product","2":"type-product","3":"status-publish","4":"has-post-thumbnail","6":"product_cat-pneus-et-robinets","8":"first","9":"instock","10":"taxable","11":"shipping-taxable","12":"purchasable","13":"product-type-simple"},"supplier_id":null,"supplier_sku":"","barcode":null,"atum_controlled":true,"out_stock_date":null,"out_stock_threshold":null,"inheritable":false,"inbound_stock":0,"stock_on_hold":2,"sold_today":2,"sales_last_days":3,"reserved_stock":0,"customer_returns":0,"warehouse_damage":0,"lost_in_post":0,"other_logs":0,"out_stock_days":0,"lost_sales":0,"has_location":false,"update_date":"2026-04-25T15:46:06","atum_locations":[],"atum_stock_status":"instock","restock_status":false,"low_stock_amount":"","sales_update_date":"2026-04-25T15:46:06","calc_backorders":null,"acf":[],"yoast_head":"<!-- This site is optimized with the Yoast SEO plugin v26.6 - https:\/\/yoast.com\/wordpress\/plugins\/seo\/ -->\n<title>Ruban adh\u00e9sif Tesa 50mm x 50m gris - Schroevendump<\/title>\n<meta name=\"robots\" content=\"index, follow, max-snippet:-1, max-image-preview:large, max-video-preview:-1\" \/>\n<link rel=\"canonical\" href=\"https:\/\/schroevendump.nl\/fr\/produit\/ruban-adhesif-tesa-50mm-x-50m-gris\/\" \/>\n<meta property=\"og:locale\" content=\"fr_FR\" \/>\n<meta property=\"og:type\" content=\"article\" \/>\n<meta property=\"og:title\" content=\"Ruban adh\u00e9sif Tesa 50mm x 50m gris - Schroevendump\" \/>\n<meta property=\"og:description\" content=\"Le ruban de r\u00e9paration universel tesa Extra Power est fabriqu\u00e9 \u00e0 partir de 67% de mat\u00e9riaux recycl\u00e9s et s&#8217;inscrit donc dans une d\u00e9marche durable. Le ruban excelle \u00e9galement dans les t\u00e2ches quotidiennes, telles que l&#8217;artisanat, les r\u00e9parations ou l&#8217;emballage, offrant des performances impressionnantes. Le ruban polyvalent est r\u00e9sistant \u00e0 l&#8217;humidit\u00e9 et aux conditions m\u00e9t\u00e9orologiques difficiles [&hellip;]\" \/>\n<meta property=\"og:url\" content=\"https:\/\/schroevendump.nl\/fr\/produit\/ruban-adhesif-tesa-50mm-x-50m-gris\/\" \/>\n<meta property=\"og:site_name\" content=\"Schroevendump\" \/>\n<meta property=\"article:modified_time\" content=\"2025-12-10T11:33:04+00:00\" \/>\n<meta property=\"og:image\" content=\"https:\/\/schroevendump.nl\/wp-content\/uploads\/2025\/01\/duct_tape-removebg-preview.png\" \/>\n\t<meta property=\"og:image:width\" content=\"480\" \/>\n\t<meta property=\"og:image:height\" content=\"480\" \/>\n\t<meta property=\"og:image:type\" content=\"image\/png\" \/>\n<meta name=\"twitter:card\" content=\"summary_large_image\" \/>\n<meta name=\"twitter:label1\" content=\"Dur\u00e9e de lecture estim\u00e9e\" \/>\n\t<meta name=\"twitter:data1\" content=\"1 minute\" \/>\n<script type=\"application\/ld+json\" class=\"yoast-schema-graph\">{\"@context\":\"https:\/\/schema.org\",\"@graph\":[{\"@type\":\"WebPage\",\"@id\":\"https:\/\/schroevendump.nl\/fr\/produit\/ruban-adhesif-tesa-50mm-x-50m-gris\/\",\"url\":\"https:\/\/schroevendump.nl\/fr\/produit\/ruban-adhesif-tesa-50mm-x-50m-gris\/\",\"name\":\"Ruban adh\u00e9sif Tesa 50mm x 50m gris - Schroevendump\",\"isPartOf\":{\"@id\":\"https:\/\/schroevendump.nl\/fr\/#website\"},\"primaryImageOfPage\":{\"@id\":\"https:\/\/schroevendump.nl\/fr\/produit\/ruban-adhesif-tesa-50mm-x-50m-gris\/#primaryimage\"},\"image\":{\"@id\":\"https:\/\/schroevendump.nl\/fr\/produit\/ruban-adhesif-tesa-50mm-x-50m-gris\/#primaryimage\"},\"thumbnailUrl\":\"https:\/\/schroevendump.nl\/wp-content\/uploads\/2025\/01\/duct_tape-removebg-preview.png\",\"datePublished\":\"2025-01-25T20:00:51+00:00\",\"dateModified\":\"2025-12-10T11:33:04+00:00\",\"breadcrumb\":{\"@id\":\"https:\/\/schroevendump.nl\/fr\/produit\/ruban-adhesif-tesa-50mm-x-50m-gris\/#breadcrumb\"},\"inLanguage\":\"fr-FR\",\"potentialAction\":[{\"@type\":\"ReadAction\",\"target\":[\"https:\/\/schroevendump.nl\/fr\/produit\/ruban-adhesif-tesa-50mm-x-50m-gris\/\"]}]},{\"@type\":\"ImageObject\",\"inLanguage\":\"fr-FR\",\"@id\":\"https:\/\/schroevendump.nl\/fr\/produit\/ruban-adhesif-tesa-50mm-x-50m-gris\/#primaryimage\",\"url\":\"https:\/\/schroevendump.nl\/wp-content\/uploads\/2025\/01\/duct_tape-removebg-preview.png\",\"contentUrl\":\"https:\/\/schroevendump.nl\/wp-content\/uploads\/2025\/01\/duct_tape-removebg-preview.png\",\"width\":480,\"height\":480},{\"@type\":\"BreadcrumbList\",\"@id\":\"https:\/\/schroevendump.nl\/fr\/produit\/ruban-adhesif-tesa-50mm-x-50m-gris\/#breadcrumb\",\"itemListElement\":[{\"@type\":\"ListItem\",\"position\":1,\"name\":\"Accueil\",\"item\":\"https:\/\/schroevendump.nl\/fr\/\"},{\"@type\":\"ListItem\",\"position\":2,\"name\":\"Boutique\",\"item\":\"https:\/\/schroevendump.nl\/fr\/boutique\/\"},{\"@type\":\"ListItem\",\"position\":3,\"name\":\"Ruban adh\u00e9sif Tesa 50mm x 50m gris\"}]},{\"@type\":\"WebSite\",\"@id\":\"https:\/\/schroevendump.nl\/fr\/#website\",\"url\":\"https:\/\/schroevendump.nl\/fr\/\",\"name\":\"Schroevendump\",\"description\":\"\",\"potentialAction\":[{\"@type\":\"SearchAction\",\"target\":{\"@type\":\"EntryPoint\",\"urlTemplate\":\"https:\/\/schroevendump.nl\/fr\/?s={search_term_string}\"},\"query-input\":{\"@type\":\"PropertyValueSpecification\",\"valueRequired\":true,\"valueName\":\"search_term_string\"}}],\"inLanguage\":\"fr-FR\"}]}<\/script>\n<!-- \/ Yoast SEO plugin. -->","yoast_head_json":{"title":"Ruban adh\u00e9sif Tesa 50mm x 50m gris - Schroevendump","robots":{"index":"index","follow":"follow","max-snippet":"max-snippet:-1","max-image-preview":"max-image-preview:large","max-video-preview":"max-video-preview:-1"},"canonical":"https:\/\/schroevendump.nl\/fr\/produit\/ruban-adhesif-tesa-50mm-x-50m-gris\/","og_locale":"fr_FR","og_type":"article","og_title":"Ruban adh\u00e9sif Tesa 50mm x 50m gris - Schroevendump","og_description":"Le ruban de r\u00e9paration universel tesa Extra Power est fabriqu\u00e9 \u00e0 partir de 67% de mat\u00e9riaux recycl\u00e9s et s&#8217;inscrit donc dans une d\u00e9marche durable. Le ruban excelle \u00e9galement dans les t\u00e2ches quotidiennes, telles que l&#8217;artisanat, les r\u00e9parations ou l&#8217;emballage, offrant des performances impressionnantes. Le ruban polyvalent est r\u00e9sistant \u00e0 l&#8217;humidit\u00e9 et aux conditions m\u00e9t\u00e9orologiques difficiles [&hellip;]","og_url":"https:\/\/schroevendump.nl\/fr\/produit\/ruban-adhesif-tesa-50mm-x-50m-gris\/","og_site_name":"Schroevendump","article_modified_time":"2025-12-10T11:33:04+00:00","og_image":[{"width":480,"height":480,"url":"https:\/\/schroevendump.nl\/wp-content\/uploads\/2025\/01\/duct_tape-removebg-preview.png","type":"image\/png"}],"twitter_card":"summary_large_image","twitter_misc":{"Dur\u00e9e de lecture estim\u00e9e":"1 minute"},"schema":{"@context":"https:\/\/schema.org","@graph":[{"@type":"WebPage","@id":"https:\/\/schroevendump.nl\/fr\/produit\/ruban-adhesif-tesa-50mm-x-50m-gris\/","url":"https:\/\/schroevendump.nl\/fr\/produit\/ruban-adhesif-tesa-50mm-x-50m-gris\/","name":"Ruban adh\u00e9sif Tesa 50mm x 50m gris - Schroevendump","isPartOf":{"@id":"https:\/\/schroevendump.nl\/fr\/#website"},"primaryImageOfPage":{"@id":"https:\/\/schroevendump.nl\/fr\/produit\/ruban-adhesif-tesa-50mm-x-50m-gris\/#primaryimage"},"image":{"@id":"https:\/\/schroevendump.nl\/fr\/produit\/ruban-adhesif-tesa-50mm-x-50m-gris\/#primaryimage"},"thumbnailUrl":"https:\/\/schroevendump.nl\/wp-content\/uploads\/2025\/01\/duct_tape-removebg-preview.png","datePublished":"2025-01-25T20:00:51+00:00","dateModified":"2025-12-10T11:33:04+00:00","breadcrumb":{"@id":"https:\/\/schroevendump.nl\/fr\/produit\/ruban-adhesif-tesa-50mm-x-50m-gris\/#breadcrumb"},"inLanguage":"fr-FR","potentialAction":[{"@type":"ReadAction","target":["https:\/\/schroevendump.nl\/fr\/produit\/ruban-adhesif-tesa-50mm-x-50m-gris\/"]}]},{"@type":"ImageObject","inLanguage":"fr-FR","@id":"https:\/\/schroevendump.nl\/fr\/produit\/ruban-adhesif-tesa-50mm-x-50m-gris\/#primaryimage","url":"https:\/\/schroevendump.nl\/wp-content\/uploads\/2025\/01\/duct_tape-removebg-preview.png","contentUrl":"https:\/\/schroevendump.nl\/wp-content\/uploads\/2025\/01\/duct_tape-removebg-preview.png","width":480,"height":480},{"@type":"BreadcrumbList","@id":"https:\/\/schroevendump.nl\/fr\/produit\/ruban-adhesif-tesa-50mm-x-50m-gris\/#breadcrumb","itemListElement":[{"@type":"ListItem","position":1,"name":"Accueil","item":"https:\/\/schroevendump.nl\/fr\/"},{"@type":"ListItem","position":2,"name":"Boutique","item":"https:\/\/schroevendump.nl\/fr\/boutique\/"},{"@type":"ListItem","position":3,"name":"Ruban adh\u00e9sif Tesa 50mm x 50m gris"}]},{"@type":"WebSite","@id":"https:\/\/schroevendump.nl\/fr\/#website","url":"https:\/\/schroevendump.nl\/fr\/","name":"Schroevendump","description":"","potentialAction":[{"@type":"SearchAction","target":{"@type":"EntryPoint","urlTemplate":"https:\/\/schroevendump.nl\/fr\/?s={search_term_string}"},"query-input":{"@type":"PropertyValueSpecification","valueRequired":true,"valueName":"search_term_string"}}],"inLanguage":"fr-FR"}]}},"_links":{"self":[{"href":"https:\/\/schroevendump.nl\/fr\/wp-json\/wp\/v2\/product\/28095","targetHints":{"allow":["GET"]}}],"collection":[{"href":"https:\/\/schroevendump.nl\/fr\/wp-json\/wp\/v2\/product"}],"about":[{"href":"https:\/\/schroevendump.nl\/fr\/wp-json\/wp\/v2\/types\/product"}],"replies":[{"embeddable":true,"href":"https:\/\/schroevendump.nl\/fr\/wp-json\/wp\/v2\/comments?post=28095"}],"wp:featuredmedia":[{"embeddable":true,"href":"https:\/\/schroevendump.nl\/fr\/wp-json\/wp\/v2\/media\/28097"}],"wp:attachment":[{"href":"https:\/\/schroevendump.nl\/fr\/wp-json\/wp\/v2\/media?parent=28095"}],"wp:term":[{"taxonomy":"product_brand","embeddable":true,"href":"https:\/\/schroevendump.nl\/fr\/wp-json\/wp\/v2\/product_brand?post=28095"},{"taxonomy":"product_cat","embeddable":true,"href":"https:\/\/schroevendump.nl\/fr\/wp-json\/wp\/v2\/product_cat?post=28095"},{"taxonomy":"product_tag","embeddable":true,"href":"https:\/\/schroevendump.nl\/fr\/wp-json\/wp\/v2\/product_tag?post=28095"}],"curies":[{"name":"wp","href":"https:\/\/api.w.org\/{rel}","templated":true}]}}