{"id":28113,"date":"2025-01-20T19:21:37","date_gmt":"2025-01-20T19:21:37","guid":{"rendered":"https:\/\/schroevendump.nl\/product\/joint-fix-ciment-gris-310ml\/"},"modified":"2025-12-10T11:32:22","modified_gmt":"2025-12-10T11:32:22","slug":"joint-fix-ciment-gris-310ml","status":"publish","type":"product","link":"https:\/\/schroevendump.nl\/fr\/produit\/joint-fix-ciment-gris-310ml\/","title":{"rendered":"Joint Fix ciment gris 310ml"},"content":{"rendered":"<ul>\n<li>A peindre<\/li>\n<li>R\u00e9sistant aux intemp\u00e9ries et \u00e0 la pluie<\/li>\n<li>Pr\u00eat \u00e0 l&#8217;emploi<\/li>\n<li>Facile \u00e0 appliquer\/nettoyer<\/li>\n<li>Utilisation \u00e0 l&#8217;int\u00e9rieur et \u00e0 l&#8217;ext\u00e9rieur*.<\/li>\n<\/ul>\n<p>Zwaluw Joint Fix\u00ae a \u00e9t\u00e9 sp\u00e9cialement d\u00e9velopp\u00e9 pour le jointoiement durable et la r\u00e9paration de joints nouveaux ou endommag\u00e9s entre les bandes de pierre et les ma\u00e7onneries de fa\u00e7ade. Zwaluw Joint Fix\u00ae est d\u00e9j\u00e0 r\u00e9sistant aux intemp\u00e9ries et \u00e0 la pluie quelques heures apr\u00e8s l&#8217;application. Egalement pour les joints de raccordement entre les ma\u00e7onneries en plomb. N&#8217;est pas destin\u00e9 aux surfaces ext\u00e9rieures horizontales expos\u00e9es aux intemp\u00e9ries.   <\/p>\n","protected":false},"excerpt":{"rendered":"<p>A peindre R\u00e9sistant aux intemp\u00e9ries et \u00e0 la pluie Pr\u00eat \u00e0 l&#8217;emploi Facile \u00e0 appliquer\/nettoyer Utilisation \u00e0 l&#8217;int\u00e9rieur et \u00e0 l&#8217;ext\u00e9rieur*. Zwaluw Joint Fix\u00ae a \u00e9t\u00e9 sp\u00e9cialement d\u00e9velopp\u00e9 pour le jointoiement durable et la r\u00e9paration de joints nouveaux ou endommag\u00e9s entre les bandes de pierre et les ma\u00e7onneries de fa\u00e7ade. Zwaluw Joint Fix\u00ae est d\u00e9j\u00e0 [&hellip;]<\/p>\n","protected":false},"featured_media":28115,"comment_status":"open","ping_status":"closed","template":"","meta":[],"product_brand":[],"product_cat":[580],"product_tag":[],"class_list":{"0":"post-28113","1":"product","2":"type-product","3":"status-publish","4":"has-post-thumbnail","6":"product_cat-colles-et-mastics","8":"first","9":"outofstock","10":"taxable","11":"shipping-taxable","12":"purchasable","13":"product-type-simple"},"supplier_id":null,"supplier_sku":"","barcode":null,"atum_controlled":true,"out_stock_date":"2026-04-02 08:55:49","out_stock_threshold":null,"inheritable":false,"inbound_stock":0,"stock_on_hold":0,"sold_today":0,"sales_last_days":0,"reserved_stock":0,"customer_returns":0,"warehouse_damage":0,"lost_in_post":0,"other_logs":0,"out_stock_days":32,"lost_sales":0,"has_location":false,"update_date":"2026-05-05T01:08:56","atum_locations":[],"atum_stock_status":"outofstock","restock_status":false,"low_stock_amount":"","sales_update_date":"2026-05-05T01:08:56","calc_backorders":null,"acf":[],"yoast_head":"<!-- This site is optimized with the Yoast SEO plugin v26.6 - https:\/\/yoast.com\/wordpress\/plugins\/seo\/ -->\n<title>Joint Fix ciment gris 310ml - Schroevendump<\/title>\n<meta name=\"robots\" content=\"index, follow, max-snippet:-1, max-image-preview:large, max-video-preview:-1\" \/>\n<link rel=\"canonical\" href=\"https:\/\/schroevendump.nl\/fr\/produit\/joint-fix-ciment-gris-310ml\/\" \/>\n<meta property=\"og:locale\" content=\"fr_FR\" \/>\n<meta property=\"og:type\" content=\"article\" \/>\n<meta property=\"og:title\" content=\"Joint Fix ciment gris 310ml - Schroevendump\" \/>\n<meta property=\"og:description\" content=\"A peindre R\u00e9sistant aux intemp\u00e9ries et \u00e0 la pluie Pr\u00eat \u00e0 l&#8217;emploi Facile \u00e0 appliquer\/nettoyer Utilisation \u00e0 l&#8217;int\u00e9rieur et \u00e0 l&#8217;ext\u00e9rieur*. Zwaluw Joint Fix\u00ae a \u00e9t\u00e9 sp\u00e9cialement d\u00e9velopp\u00e9 pour le jointoiement durable et la r\u00e9paration de joints nouveaux ou endommag\u00e9s entre les bandes de pierre et les ma\u00e7onneries de fa\u00e7ade. Zwaluw Joint Fix\u00ae est d\u00e9j\u00e0 [&hellip;]\" \/>\n<meta property=\"og:url\" content=\"https:\/\/schroevendump.nl\/fr\/produit\/joint-fix-ciment-gris-310ml\/\" \/>\n<meta property=\"og:site_name\" content=\"Schroevendump\" \/>\n<meta property=\"article:modified_time\" content=\"2025-12-10T11:32:22+00:00\" \/>\n<meta property=\"og:image\" content=\"https:\/\/schroevendump.nl\/wp-content\/uploads\/2025\/01\/den-braven-product-joint-fix-640x480-removebg-preview.png\" \/>\n\t<meta property=\"og:image:width\" content=\"577\" \/>\n\t<meta property=\"og:image:height\" content=\"433\" \/>\n\t<meta property=\"og:image:type\" content=\"image\/png\" \/>\n<meta name=\"twitter:card\" content=\"summary_large_image\" \/>\n<meta name=\"twitter:label1\" content=\"Dur\u00e9e de lecture estim\u00e9e\" \/>\n\t<meta name=\"twitter:data1\" content=\"1 minute\" \/>\n<script type=\"application\/ld+json\" class=\"yoast-schema-graph\">{\"@context\":\"https:\/\/schema.org\",\"@graph\":[{\"@type\":\"WebPage\",\"@id\":\"https:\/\/schroevendump.nl\/fr\/produit\/joint-fix-ciment-gris-310ml\/\",\"url\":\"https:\/\/schroevendump.nl\/fr\/produit\/joint-fix-ciment-gris-310ml\/\",\"name\":\"Joint Fix ciment gris 310ml - Schroevendump\",\"isPartOf\":{\"@id\":\"https:\/\/schroevendump.nl\/fr\/#website\"},\"primaryImageOfPage\":{\"@id\":\"https:\/\/schroevendump.nl\/fr\/produit\/joint-fix-ciment-gris-310ml\/#primaryimage\"},\"image\":{\"@id\":\"https:\/\/schroevendump.nl\/fr\/produit\/joint-fix-ciment-gris-310ml\/#primaryimage\"},\"thumbnailUrl\":\"https:\/\/schroevendump.nl\/wp-content\/uploads\/2025\/01\/den-braven-product-joint-fix-640x480-removebg-preview.png\",\"datePublished\":\"2025-01-20T19:21:37+00:00\",\"dateModified\":\"2025-12-10T11:32:22+00:00\",\"breadcrumb\":{\"@id\":\"https:\/\/schroevendump.nl\/fr\/produit\/joint-fix-ciment-gris-310ml\/#breadcrumb\"},\"inLanguage\":\"fr-FR\",\"potentialAction\":[{\"@type\":\"ReadAction\",\"target\":[\"https:\/\/schroevendump.nl\/fr\/produit\/joint-fix-ciment-gris-310ml\/\"]}]},{\"@type\":\"ImageObject\",\"inLanguage\":\"fr-FR\",\"@id\":\"https:\/\/schroevendump.nl\/fr\/produit\/joint-fix-ciment-gris-310ml\/#primaryimage\",\"url\":\"https:\/\/schroevendump.nl\/wp-content\/uploads\/2025\/01\/den-braven-product-joint-fix-640x480-removebg-preview.png\",\"contentUrl\":\"https:\/\/schroevendump.nl\/wp-content\/uploads\/2025\/01\/den-braven-product-joint-fix-640x480-removebg-preview.png\",\"width\":577,\"height\":433},{\"@type\":\"BreadcrumbList\",\"@id\":\"https:\/\/schroevendump.nl\/fr\/produit\/joint-fix-ciment-gris-310ml\/#breadcrumb\",\"itemListElement\":[{\"@type\":\"ListItem\",\"position\":1,\"name\":\"Accueil\",\"item\":\"https:\/\/schroevendump.nl\/fr\/\"},{\"@type\":\"ListItem\",\"position\":2,\"name\":\"Boutique\",\"item\":\"https:\/\/schroevendump.nl\/fr\/boutique\/\"},{\"@type\":\"ListItem\",\"position\":3,\"name\":\"Joint Fix ciment gris 310ml\"}]},{\"@type\":\"WebSite\",\"@id\":\"https:\/\/schroevendump.nl\/fr\/#website\",\"url\":\"https:\/\/schroevendump.nl\/fr\/\",\"name\":\"Schroevendump\",\"description\":\"\",\"potentialAction\":[{\"@type\":\"SearchAction\",\"target\":{\"@type\":\"EntryPoint\",\"urlTemplate\":\"https:\/\/schroevendump.nl\/fr\/?s={search_term_string}\"},\"query-input\":{\"@type\":\"PropertyValueSpecification\",\"valueRequired\":true,\"valueName\":\"search_term_string\"}}],\"inLanguage\":\"fr-FR\"}]}<\/script>\n<!-- \/ Yoast SEO plugin. -->","yoast_head_json":{"title":"Joint Fix ciment gris 310ml - Schroevendump","robots":{"index":"index","follow":"follow","max-snippet":"max-snippet:-1","max-image-preview":"max-image-preview:large","max-video-preview":"max-video-preview:-1"},"canonical":"https:\/\/schroevendump.nl\/fr\/produit\/joint-fix-ciment-gris-310ml\/","og_locale":"fr_FR","og_type":"article","og_title":"Joint Fix ciment gris 310ml - Schroevendump","og_description":"A peindre R\u00e9sistant aux intemp\u00e9ries et \u00e0 la pluie Pr\u00eat \u00e0 l&#8217;emploi Facile \u00e0 appliquer\/nettoyer Utilisation \u00e0 l&#8217;int\u00e9rieur et \u00e0 l&#8217;ext\u00e9rieur*. Zwaluw Joint Fix\u00ae a \u00e9t\u00e9 sp\u00e9cialement d\u00e9velopp\u00e9 pour le jointoiement durable et la r\u00e9paration de joints nouveaux ou endommag\u00e9s entre les bandes de pierre et les ma\u00e7onneries de fa\u00e7ade. Zwaluw Joint Fix\u00ae est d\u00e9j\u00e0 [&hellip;]","og_url":"https:\/\/schroevendump.nl\/fr\/produit\/joint-fix-ciment-gris-310ml\/","og_site_name":"Schroevendump","article_modified_time":"2025-12-10T11:32:22+00:00","og_image":[{"width":577,"height":433,"url":"https:\/\/schroevendump.nl\/wp-content\/uploads\/2025\/01\/den-braven-product-joint-fix-640x480-removebg-preview.png","type":"image\/png"}],"twitter_card":"summary_large_image","twitter_misc":{"Dur\u00e9e de lecture estim\u00e9e":"1 minute"},"schema":{"@context":"https:\/\/schema.org","@graph":[{"@type":"WebPage","@id":"https:\/\/schroevendump.nl\/fr\/produit\/joint-fix-ciment-gris-310ml\/","url":"https:\/\/schroevendump.nl\/fr\/produit\/joint-fix-ciment-gris-310ml\/","name":"Joint Fix ciment gris 310ml - Schroevendump","isPartOf":{"@id":"https:\/\/schroevendump.nl\/fr\/#website"},"primaryImageOfPage":{"@id":"https:\/\/schroevendump.nl\/fr\/produit\/joint-fix-ciment-gris-310ml\/#primaryimage"},"image":{"@id":"https:\/\/schroevendump.nl\/fr\/produit\/joint-fix-ciment-gris-310ml\/#primaryimage"},"thumbnailUrl":"https:\/\/schroevendump.nl\/wp-content\/uploads\/2025\/01\/den-braven-product-joint-fix-640x480-removebg-preview.png","datePublished":"2025-01-20T19:21:37+00:00","dateModified":"2025-12-10T11:32:22+00:00","breadcrumb":{"@id":"https:\/\/schroevendump.nl\/fr\/produit\/joint-fix-ciment-gris-310ml\/#breadcrumb"},"inLanguage":"fr-FR","potentialAction":[{"@type":"ReadAction","target":["https:\/\/schroevendump.nl\/fr\/produit\/joint-fix-ciment-gris-310ml\/"]}]},{"@type":"ImageObject","inLanguage":"fr-FR","@id":"https:\/\/schroevendump.nl\/fr\/produit\/joint-fix-ciment-gris-310ml\/#primaryimage","url":"https:\/\/schroevendump.nl\/wp-content\/uploads\/2025\/01\/den-braven-product-joint-fix-640x480-removebg-preview.png","contentUrl":"https:\/\/schroevendump.nl\/wp-content\/uploads\/2025\/01\/den-braven-product-joint-fix-640x480-removebg-preview.png","width":577,"height":433},{"@type":"BreadcrumbList","@id":"https:\/\/schroevendump.nl\/fr\/produit\/joint-fix-ciment-gris-310ml\/#breadcrumb","itemListElement":[{"@type":"ListItem","position":1,"name":"Accueil","item":"https:\/\/schroevendump.nl\/fr\/"},{"@type":"ListItem","position":2,"name":"Boutique","item":"https:\/\/schroevendump.nl\/fr\/boutique\/"},{"@type":"ListItem","position":3,"name":"Joint Fix ciment gris 310ml"}]},{"@type":"WebSite","@id":"https:\/\/schroevendump.nl\/fr\/#website","url":"https:\/\/schroevendump.nl\/fr\/","name":"Schroevendump","description":"","potentialAction":[{"@type":"SearchAction","target":{"@type":"EntryPoint","urlTemplate":"https:\/\/schroevendump.nl\/fr\/?s={search_term_string}"},"query-input":{"@type":"PropertyValueSpecification","valueRequired":true,"valueName":"search_term_string"}}],"inLanguage":"fr-FR"}]}},"_links":{"self":[{"href":"https:\/\/schroevendump.nl\/fr\/wp-json\/wp\/v2\/product\/28113","targetHints":{"allow":["GET"]}}],"collection":[{"href":"https:\/\/schroevendump.nl\/fr\/wp-json\/wp\/v2\/product"}],"about":[{"href":"https:\/\/schroevendump.nl\/fr\/wp-json\/wp\/v2\/types\/product"}],"replies":[{"embeddable":true,"href":"https:\/\/schroevendump.nl\/fr\/wp-json\/wp\/v2\/comments?post=28113"}],"wp:featuredmedia":[{"embeddable":true,"href":"https:\/\/schroevendump.nl\/fr\/wp-json\/wp\/v2\/media\/28115"}],"wp:attachment":[{"href":"https:\/\/schroevendump.nl\/fr\/wp-json\/wp\/v2\/media?parent=28113"}],"wp:term":[{"taxonomy":"product_brand","embeddable":true,"href":"https:\/\/schroevendump.nl\/fr\/wp-json\/wp\/v2\/product_brand?post=28113"},{"taxonomy":"product_cat","embeddable":true,"href":"https:\/\/schroevendump.nl\/fr\/wp-json\/wp\/v2\/product_cat?post=28113"},{"taxonomy":"product_tag","embeddable":true,"href":"https:\/\/schroevendump.nl\/fr\/wp-json\/wp\/v2\/product_tag?post=28113"}],"curies":[{"name":"wp","href":"https:\/\/api.w.org\/{rel}","templated":true}]}}