{"id":28119,"date":"2024-12-13T19:39:16","date_gmt":"2024-12-13T19:39:16","guid":{"rendered":"https:\/\/schroevendump.nl\/product\/emballage-avantageux-de-grandes-vis-silvermate\/"},"modified":"2025-12-10T11:32:23","modified_gmt":"2025-12-10T11:32:23","slug":"emballage-avantageux-de-grandes-vis-silvermate","status":"publish","type":"product","link":"https:\/\/schroevendump.nl\/fr\/produit\/emballage-avantageux-de-grandes-vis-silvermate\/","title":{"rendered":"Emballage avantageux de grandes vis silvermate"},"content":{"rendered":"<h3 class=\"\" data-start=\"161\" data-end=\"189\">\ud83d\udce6 Contenu de l&#8217;emballage<\/h3>\n<ul data-start=\"190\" data-end=\"475\">\n<li class=\"\" data-start=\"190\" data-end=\"229\">\n<p class=\"\" data-start=\"192\" data-end=\"229\"><span class=\"relative -mx-px my-[-0.2rem] rounded px-px py-[0.2rem] transition-colors duration-100 ease-in-out\">4 x 4.0\u00d740 mm &#8211; 200 pi\u00e8ces<\/span><\/p>\n<\/li>\n<li class=\"\" data-start=\"230\" data-end=\"269\">\n<p class=\"\" data-start=\"232\" data-end=\"269\"><span class=\"relative -mx-px my-[-0.2rem] rounded px-px py-[0.2rem] transition-colors duration-100 ease-in-out\">4 x 4,5\u00d750 mm &#8211; 200 pi\u00e8ces<\/span><\/p>\n<\/li>\n<li class=\"\" data-start=\"270\" data-end=\"309\">\n<p class=\"\" data-start=\"272\" data-end=\"309\"><span class=\"relative -mx-px my-[-0.2rem] rounded px-px py-[0.2rem] transition-colors duration-100 ease-in-out\">1 x 4,5\u00d760 mm &#8211; 200 pi\u00e8ces<\/span><\/p>\n<\/li>\n<li class=\"\" data-start=\"310\" data-end=\"349\">\n<p class=\"\" data-start=\"312\" data-end=\"349\"><span class=\"relative -mx-px my-[-0.2rem] rounded px-px py-[0.2rem] transition-colors duration-100 ease-in-out\">1 x 4,5\u00d770 mm &#8211; 200 pi\u00e8ces<\/span><\/p>\n<\/li>\n<li class=\"\" data-start=\"350\" data-end=\"389\">\n<p class=\"\" data-start=\"352\" data-end=\"389\"><span class=\"relative -mx-px my-[-0.2rem] rounded px-px py-[0.2rem] transition-colors duration-100 ease-in-out\">3 x 5.0\u00d780 mm &#8211; 200 pi\u00e8ces<\/span><\/p>\n<\/li>\n<li class=\"\" data-start=\"390\" data-end=\"475\">\n<p class=\"\" data-start=\"392\" data-end=\"475\"><span class=\"relative -mx-px my-[-0.2rem] rounded px-px py-[0.2rem] transition-colors duration-100 ease-in-out\">2 x 5.0\u00d7100 mm &#8211; 200 pi\u00e8ces<\/span><\/p>\n<\/li>\n<\/ul>\n<p class=\"\" data-start=\"40\" data-end=\"159\"><span class=\"relative -mx-px my-[-0.2rem] rounded px-px py-[0.2rem] transition-colors duration-100 ease-in-out\">L&#8217;<strong data-start=\"4\" data-end=\"49\">Advantage Pack grandes vis SilverMate<\/strong> de Schroevendump est un ensemble complet de vis \u00e0 panneaux d&#8217;agglom\u00e9r\u00e9 de haute qualit\u00e9, id\u00e9al pour les bricoleurs professionnels et les bricoleurs.<\/span> <span class=\"relative -mx-px my-[-0.2rem] rounded px-px py-[0.2rem] transition-colors duration-100 ease-in-out\">Ce paquet contient un total de 3 000 vis de diff\u00e9rentes tailles, ce qui vous permet d&#8217;avoir la bonne vis \u00e0 port\u00e9e de main pour presque toutes les constructions en bois.<\/span><\/p>\n<p class=\"\" data-start=\"392\" data-end=\"475\"><span class=\"relative -mx-px my-[-0.2rem] rounded px-px py-[0.2rem] transition-colors duration-100 ease-in-out\">Toutes les vis sont <strong data-start=\"20\" data-end=\"32\">zingu\u00e9es<\/strong> et \u00e9quip\u00e9es d&#8217;une <strong data-start=\"54\" data-end=\"79\">cl\u00e9 Torx (TX)<\/strong> et d&#8217;une <strong data-start=\"87\" data-end=\"106\">double t\u00eate plate<\/strong>, ce qui garantit une connexion solide et r\u00e9duit le risque d&#8217;endommager le mat\u00e9riau.<\/span><\/p>\n<h3 class=\"\" data-start=\"564\" data-end=\"621\">\ud83d\udd27 Caract\u00e9ristiques des vis SilverMate Next Generation<\/h3>\n<ul data-start=\"622\" data-end=\"1015\">\n<li class=\"\" data-start=\"622\" data-end=\"690\">\n<p class=\"\" data-start=\"624\" data-end=\"690\"><strong data-start=\"624\" data-end=\"649\">Faible r\u00e9sistance au vissage<\/strong>: <span class=\"relative -mx-px my-[-0.2rem] rounded px-px py-[0.2rem] transition-colors duration-100 ease-in-out\">jusqu&#8217;\u00e0 25-30% de force en moins lors du vissage, en particulier avec des vis plus longues.<\/span><\/p>\n<\/li>\n<li class=\"\" data-start=\"691\" data-end=\"758\">\n<p class=\"\" data-start=\"693\" data-end=\"758\"><strong data-start=\"693\" data-end=\"717\">Diam\u00e8tres renforc\u00e9s<\/strong>: <span class=\"relative -mx-px my-[-0.2rem] rounded px-px py-[0.2rem] transition-colors duration-100 ease-in-out\">les diam\u00e8tres 4,0, 4,5 et 5,0 mm sont tr\u00e8s r\u00e9sistants et moins susceptibles de se rompre.<\/span><\/p>\n<\/li>\n<li class=\"\" data-start=\"759\" data-end=\"831\">\n<p class=\"\" data-start=\"761\" data-end=\"831\"><strong data-start=\"761\" data-end=\"790\">Pas optimal par longueur<\/strong>: <span class=\"relative -mx-px my-[-0.2rem] rounded px-px py-[0.2rem] transition-colors duration-100 ease-in-out\">les vis courtes ont un pas plus fin pour des valeurs d&#8217;arrachement \u00e9lev\u00e9es ; les vis plus longues se vissent plus rapidement gr\u00e2ce \u00e0 un pas plus grand.<\/span><\/p>\n<\/li>\n<li class=\"\" data-start=\"832\" data-end=\"896\">\n<p class=\"\" data-start=\"834\" data-end=\"896\"><strong data-start=\"834\" data-end=\"855\">Faible risque d&#8217;\u00e9clatement<\/strong>: <span class=\"relative -mx-px my-[-0.2rem] rounded px-px py-[0.2rem] transition-colors duration-100 ease-in-out\">gr\u00e2ce aux nervures de fraisage sp\u00e9ciales \u00e0 la pointe, le risque d&#8217;\u00e9clatement du bois est minime<\/span>.<\/p>\n<\/li>\n<li class=\"\" data-start=\"897\" data-end=\"1015\">\n<p class=\"\" data-start=\"899\" data-end=\"1015\"><strong data-start=\"899\" data-end=\"928\">Certifi\u00e9 CE et ETA<\/strong>: <span class=\"relative -mx-px my-[-0.2rem] rounded px-px py-[0.2rem] transition-colors duration-100 ease-in-out\">Conforme aux normes europ\u00e9ennes de s\u00e9curit\u00e9 et de qualit\u00e9.<\/span><\/p>\n<\/li>\n<\/ul>\n<h3 class=\"\" data-start=\"1017\" data-end=\"1037\">\ud83d\udee0\ufe0f Applications<\/h3>\n<p class=\"\" data-start=\"1038\" data-end=\"1163\"><span class=\"relative -mx-px my-[-0.2rem] rounded px-px py-[0.2rem] transition-colors duration-100 ease-in-out\">Ces vis conviennent parfaitement \u00e0 l&#8217;utilisation dans diff\u00e9rents types de bois tels que l&#8217;\u00e9pic\u00e9a, le pin, le contreplaqu\u00e9 et les sous-couches.<\/span> <span class=\"relative -mx-px my-[-0.2rem] rounded px-px py-[0.2rem] transition-colors duration-100 ease-in-out\">Id\u00e9al pour la r\u00e9alisation de pr\u00e9-murs, plafonds, lambris, menuiseries et autres structures int\u00e9rieures en bois.<\/span><\/p>\n","protected":false},"excerpt":{"rendered":"<p>\ud83d\udce6 Contenu de l&#8217;emballage 4 x 4.0\u00d740 mm &#8211; 200 pi\u00e8ces 4 x 4,5\u00d750 mm &#8211; 200 pi\u00e8ces 1 x 4,5\u00d760 mm &#8211; 200 pi\u00e8ces 1 x 4,5\u00d770 mm &#8211; 200 pi\u00e8ces 3 x 5.0\u00d780 mm &#8211; 200 pi\u00e8ces 2 x 5.0\u00d7100 mm &#8211; 200 pi\u00e8ces L&#8217;Advantage Pack grandes vis SilverMate de Schroevendump est un [&hellip;]<\/p>\n","protected":false},"featured_media":26609,"comment_status":"closed","ping_status":"closed","template":"","meta":[],"product_brand":[],"product_cat":[628],"product_tag":[],"class_list":{"0":"post-28119","1":"product","2":"type-product","3":"status-publish","4":"has-post-thumbnail","6":"product_cat-paquets-davantages","7":"pa_draad-filetage-partiel","9":"first","10":"instock","11":"sale","12":"taxable","13":"shipping-taxable","14":"purchasable","15":"product-type-simple"},"supplier_id":null,"supplier_sku":"","barcode":null,"atum_controlled":true,"out_stock_date":null,"out_stock_threshold":null,"inheritable":false,"inbound_stock":0,"stock_on_hold":2,"sold_today":1,"sales_last_days":4,"reserved_stock":0,"customer_returns":0,"warehouse_damage":0,"lost_in_post":0,"other_logs":0,"out_stock_days":0,"lost_sales":0,"has_location":false,"update_date":"2026-04-18T17:32:34","atum_locations":[],"atum_stock_status":"instock","restock_status":false,"low_stock_amount":"","sales_update_date":"2026-04-18T17:32:34","calc_backorders":null,"acf":[],"yoast_head":"<!-- This site is optimized with the Yoast SEO plugin v26.6 - https:\/\/yoast.com\/wordpress\/plugins\/seo\/ -->\n<title>Emballage avantageux de grandes vis silvermate - Schroevendump<\/title>\n<meta name=\"robots\" content=\"index, follow, max-snippet:-1, max-image-preview:large, max-video-preview:-1\" \/>\n<link rel=\"canonical\" href=\"https:\/\/schroevendump.nl\/fr\/produit\/emballage-avantageux-de-grandes-vis-silvermate\/\" \/>\n<meta property=\"og:locale\" content=\"fr_FR\" \/>\n<meta property=\"og:type\" content=\"article\" \/>\n<meta property=\"og:title\" content=\"Emballage avantageux de grandes vis silvermate - Schroevendump\" \/>\n<meta property=\"og:description\" content=\"\ud83d\udce6 Contenu de l&#8217;emballage 4 x 4.0\u00d740 mm &#8211; 200 pi\u00e8ces 4 x 4,5\u00d750 mm &#8211; 200 pi\u00e8ces 1 x 4,5\u00d760 mm &#8211; 200 pi\u00e8ces 1 x 4,5\u00d770 mm &#8211; 200 pi\u00e8ces 3 x 5.0\u00d780 mm &#8211; 200 pi\u00e8ces 2 x 5.0\u00d7100 mm &#8211; 200 pi\u00e8ces L&#8217;Advantage Pack grandes vis SilverMate de Schroevendump est un [&hellip;]\" \/>\n<meta property=\"og:url\" content=\"https:\/\/schroevendump.nl\/fr\/produit\/emballage-avantageux-de-grandes-vis-silvermate\/\" \/>\n<meta property=\"og:site_name\" content=\"Schroevendump\" \/>\n<meta property=\"article:modified_time\" content=\"2025-12-10T11:32:23+00:00\" \/>\n<meta property=\"og:image\" content=\"https:\/\/schroevendump.nl\/wp-content\/uploads\/2024\/08\/schroevenpakket-silvermate.png\" \/>\n\t<meta property=\"og:image:width\" content=\"699\" \/>\n\t<meta property=\"og:image:height\" content=\"600\" \/>\n\t<meta property=\"og:image:type\" content=\"image\/png\" \/>\n<meta name=\"twitter:card\" content=\"summary_large_image\" \/>\n<meta name=\"twitter:label1\" content=\"Dur\u00e9e de lecture estim\u00e9e\" \/>\n\t<meta name=\"twitter:data1\" content=\"1 minute\" \/>\n<script type=\"application\/ld+json\" class=\"yoast-schema-graph\">{\"@context\":\"https:\/\/schema.org\",\"@graph\":[{\"@type\":\"WebPage\",\"@id\":\"https:\/\/schroevendump.nl\/fr\/produit\/emballage-avantageux-de-grandes-vis-silvermate\/\",\"url\":\"https:\/\/schroevendump.nl\/fr\/produit\/emballage-avantageux-de-grandes-vis-silvermate\/\",\"name\":\"Emballage avantageux de grandes vis silvermate - Schroevendump\",\"isPartOf\":{\"@id\":\"https:\/\/schroevendump.nl\/fr\/#website\"},\"primaryImageOfPage\":{\"@id\":\"https:\/\/schroevendump.nl\/fr\/produit\/emballage-avantageux-de-grandes-vis-silvermate\/#primaryimage\"},\"image\":{\"@id\":\"https:\/\/schroevendump.nl\/fr\/produit\/emballage-avantageux-de-grandes-vis-silvermate\/#primaryimage\"},\"thumbnailUrl\":\"https:\/\/schroevendump.nl\/wp-content\/uploads\/2024\/08\/schroevenpakket-silvermate.png\",\"datePublished\":\"2024-12-13T19:39:16+00:00\",\"dateModified\":\"2025-12-10T11:32:23+00:00\",\"breadcrumb\":{\"@id\":\"https:\/\/schroevendump.nl\/fr\/produit\/emballage-avantageux-de-grandes-vis-silvermate\/#breadcrumb\"},\"inLanguage\":\"fr-FR\",\"potentialAction\":[{\"@type\":\"ReadAction\",\"target\":[\"https:\/\/schroevendump.nl\/fr\/produit\/emballage-avantageux-de-grandes-vis-silvermate\/\"]}]},{\"@type\":\"ImageObject\",\"inLanguage\":\"fr-FR\",\"@id\":\"https:\/\/schroevendump.nl\/fr\/produit\/emballage-avantageux-de-grandes-vis-silvermate\/#primaryimage\",\"url\":\"https:\/\/schroevendump.nl\/wp-content\/uploads\/2024\/08\/schroevenpakket-silvermate.png\",\"contentUrl\":\"https:\/\/schroevendump.nl\/wp-content\/uploads\/2024\/08\/schroevenpakket-silvermate.png\",\"width\":699,\"height\":600},{\"@type\":\"BreadcrumbList\",\"@id\":\"https:\/\/schroevendump.nl\/fr\/produit\/emballage-avantageux-de-grandes-vis-silvermate\/#breadcrumb\",\"itemListElement\":[{\"@type\":\"ListItem\",\"position\":1,\"name\":\"Accueil\",\"item\":\"https:\/\/schroevendump.nl\/fr\/\"},{\"@type\":\"ListItem\",\"position\":2,\"name\":\"Boutique\",\"item\":\"https:\/\/schroevendump.nl\/fr\/boutique\/\"},{\"@type\":\"ListItem\",\"position\":3,\"name\":\"Emballage avantageux de grandes vis silvermate\"}]},{\"@type\":\"WebSite\",\"@id\":\"https:\/\/schroevendump.nl\/fr\/#website\",\"url\":\"https:\/\/schroevendump.nl\/fr\/\",\"name\":\"Schroevendump\",\"description\":\"\",\"potentialAction\":[{\"@type\":\"SearchAction\",\"target\":{\"@type\":\"EntryPoint\",\"urlTemplate\":\"https:\/\/schroevendump.nl\/fr\/?s={search_term_string}\"},\"query-input\":{\"@type\":\"PropertyValueSpecification\",\"valueRequired\":true,\"valueName\":\"search_term_string\"}}],\"inLanguage\":\"fr-FR\"}]}<\/script>\n<!-- \/ Yoast SEO plugin. -->","yoast_head_json":{"title":"Emballage avantageux de grandes vis silvermate - Schroevendump","robots":{"index":"index","follow":"follow","max-snippet":"max-snippet:-1","max-image-preview":"max-image-preview:large","max-video-preview":"max-video-preview:-1"},"canonical":"https:\/\/schroevendump.nl\/fr\/produit\/emballage-avantageux-de-grandes-vis-silvermate\/","og_locale":"fr_FR","og_type":"article","og_title":"Emballage avantageux de grandes vis silvermate - Schroevendump","og_description":"\ud83d\udce6 Contenu de l&#8217;emballage 4 x 4.0\u00d740 mm &#8211; 200 pi\u00e8ces 4 x 4,5\u00d750 mm &#8211; 200 pi\u00e8ces 1 x 4,5\u00d760 mm &#8211; 200 pi\u00e8ces 1 x 4,5\u00d770 mm &#8211; 200 pi\u00e8ces 3 x 5.0\u00d780 mm &#8211; 200 pi\u00e8ces 2 x 5.0\u00d7100 mm &#8211; 200 pi\u00e8ces L&#8217;Advantage Pack grandes vis SilverMate de Schroevendump est un [&hellip;]","og_url":"https:\/\/schroevendump.nl\/fr\/produit\/emballage-avantageux-de-grandes-vis-silvermate\/","og_site_name":"Schroevendump","article_modified_time":"2025-12-10T11:32:23+00:00","og_image":[{"width":699,"height":600,"url":"https:\/\/schroevendump.nl\/wp-content\/uploads\/2024\/08\/schroevenpakket-silvermate.png","type":"image\/png"}],"twitter_card":"summary_large_image","twitter_misc":{"Dur\u00e9e de lecture estim\u00e9e":"1 minute"},"schema":{"@context":"https:\/\/schema.org","@graph":[{"@type":"WebPage","@id":"https:\/\/schroevendump.nl\/fr\/produit\/emballage-avantageux-de-grandes-vis-silvermate\/","url":"https:\/\/schroevendump.nl\/fr\/produit\/emballage-avantageux-de-grandes-vis-silvermate\/","name":"Emballage avantageux de grandes vis silvermate - Schroevendump","isPartOf":{"@id":"https:\/\/schroevendump.nl\/fr\/#website"},"primaryImageOfPage":{"@id":"https:\/\/schroevendump.nl\/fr\/produit\/emballage-avantageux-de-grandes-vis-silvermate\/#primaryimage"},"image":{"@id":"https:\/\/schroevendump.nl\/fr\/produit\/emballage-avantageux-de-grandes-vis-silvermate\/#primaryimage"},"thumbnailUrl":"https:\/\/schroevendump.nl\/wp-content\/uploads\/2024\/08\/schroevenpakket-silvermate.png","datePublished":"2024-12-13T19:39:16+00:00","dateModified":"2025-12-10T11:32:23+00:00","breadcrumb":{"@id":"https:\/\/schroevendump.nl\/fr\/produit\/emballage-avantageux-de-grandes-vis-silvermate\/#breadcrumb"},"inLanguage":"fr-FR","potentialAction":[{"@type":"ReadAction","target":["https:\/\/schroevendump.nl\/fr\/produit\/emballage-avantageux-de-grandes-vis-silvermate\/"]}]},{"@type":"ImageObject","inLanguage":"fr-FR","@id":"https:\/\/schroevendump.nl\/fr\/produit\/emballage-avantageux-de-grandes-vis-silvermate\/#primaryimage","url":"https:\/\/schroevendump.nl\/wp-content\/uploads\/2024\/08\/schroevenpakket-silvermate.png","contentUrl":"https:\/\/schroevendump.nl\/wp-content\/uploads\/2024\/08\/schroevenpakket-silvermate.png","width":699,"height":600},{"@type":"BreadcrumbList","@id":"https:\/\/schroevendump.nl\/fr\/produit\/emballage-avantageux-de-grandes-vis-silvermate\/#breadcrumb","itemListElement":[{"@type":"ListItem","position":1,"name":"Accueil","item":"https:\/\/schroevendump.nl\/fr\/"},{"@type":"ListItem","position":2,"name":"Boutique","item":"https:\/\/schroevendump.nl\/fr\/boutique\/"},{"@type":"ListItem","position":3,"name":"Emballage avantageux de grandes vis silvermate"}]},{"@type":"WebSite","@id":"https:\/\/schroevendump.nl\/fr\/#website","url":"https:\/\/schroevendump.nl\/fr\/","name":"Schroevendump","description":"","potentialAction":[{"@type":"SearchAction","target":{"@type":"EntryPoint","urlTemplate":"https:\/\/schroevendump.nl\/fr\/?s={search_term_string}"},"query-input":{"@type":"PropertyValueSpecification","valueRequired":true,"valueName":"search_term_string"}}],"inLanguage":"fr-FR"}]}},"_links":{"self":[{"href":"https:\/\/schroevendump.nl\/fr\/wp-json\/wp\/v2\/product\/28119","targetHints":{"allow":["GET"]}}],"collection":[{"href":"https:\/\/schroevendump.nl\/fr\/wp-json\/wp\/v2\/product"}],"about":[{"href":"https:\/\/schroevendump.nl\/fr\/wp-json\/wp\/v2\/types\/product"}],"replies":[{"embeddable":true,"href":"https:\/\/schroevendump.nl\/fr\/wp-json\/wp\/v2\/comments?post=28119"}],"wp:featuredmedia":[{"embeddable":true,"href":"https:\/\/schroevendump.nl\/fr\/wp-json\/wp\/v2\/media\/26609"}],"wp:attachment":[{"href":"https:\/\/schroevendump.nl\/fr\/wp-json\/wp\/v2\/media?parent=28119"}],"wp:term":[{"taxonomy":"product_brand","embeddable":true,"href":"https:\/\/schroevendump.nl\/fr\/wp-json\/wp\/v2\/product_brand?post=28119"},{"taxonomy":"product_cat","embeddable":true,"href":"https:\/\/schroevendump.nl\/fr\/wp-json\/wp\/v2\/product_cat?post=28119"},{"taxonomy":"product_tag","embeddable":true,"href":"https:\/\/schroevendump.nl\/fr\/wp-json\/wp\/v2\/product_tag?post=28119"}],"curies":[{"name":"wp","href":"https:\/\/api.w.org\/{rel}","templated":true}]}}