{"id":28132,"date":"2024-12-03T20:43:43","date_gmt":"2024-12-03T20:43:43","guid":{"rendered":"https:\/\/schroevendump.nl\/product\/gants-de-travail-polyvalents-pro-taille-10\/"},"modified":"2025-12-10T11:30:16","modified_gmt":"2025-12-10T11:30:16","slug":"gants-de-travail-polyvalents-pro-taille-10","status":"publish","type":"product","link":"https:\/\/schroevendump.nl\/fr\/produit\/gants-de-travail-polyvalents-pro-taille-10\/","title":{"rendered":"Gants de travail polyvalents PRO taille 10"},"content":{"rendered":"<h1>Gant de montage Maxi-tech 5072MF<\/h1>\n<p>&nbsp;<\/p>\n<p>Les gants de travail de marque propre, super pratiques et fins. Id\u00e9al pour les travaux d&#8217;assemblage ! Un gant de travail parfait pour les travaux o\u00f9 la sensibilit\u00e9 des doigts est importante.  <\/p>\n<p>De bons gants de travail sont indispensables dans l&#8217;atelier. Non seulement les gants de travail offrent une protection suppl\u00e9mentaire, mais ils garantissent \u00e9galement la propret\u00e9 de vos mains et de vos produits. En outre, les gants de s\u00e9curit\u00e9 vous permettent souvent d&#8217;avoir un peu plus d&#8217;emprise sur la situation.  <\/p>\n<p>&nbsp;<\/p>\n<p>&nbsp;<\/p>\n<h2>A quoi sert le gant de montage Maxi-tech 5072MF ?<\/h2>\n<p>&nbsp;<\/p>\n<p>Les gants de montage 5072MF sont des gants de montage de marque propre, solides comme le roc. Avec eux, vous achetez un gant de montage de haute qualit\u00e9, dot\u00e9 d&#8217;une bonne dext\u00e9rit\u00e9, d&#8217;une bonne prise et d&#8217;un excellent ajustement. <\/p>\n<p>Les gants d&#8217;assemblage 5072MF vous permettent de travailler dans diff\u00e9rents m\u00e9tiers. Ces gants de montage conviennent entre autres \u00e0 l&#8217;arboriculture, \u00e0 la m\u00e9canique, \u00e0 la finition, \u00e0 la menuiserie, \u00e0 l&#8217;automobile, etc. Le gant de montage maxi-tech est un gant de travail sans silicone.  <\/p>\n<p>&nbsp;<\/p>\n<h3>Avantages du gant de montage Maxi-tech 5072MF :<\/h3>\n<p>&nbsp;<\/p>\n<p>Le 5072MF est un gant de montage pratique et l\u00e9ger. Le 5072MF est \u00e9galement tr\u00e8s r\u00e9sistant et confortable. Les gants d&#8217;assemblage maxi-tech sont disponibles en paquets de 12 paires.  <\/p>\n<p>Vous ne savez pas quels sont les gants les mieux adapt\u00e9s \u00e0 votre travail ? Appelez-nous et obtenez des conseils sur mesure ! <\/p>\n","protected":false},"excerpt":{"rendered":"<p>Gant de montage Maxi-tech 5072MF &nbsp; Les gants de travail de marque propre, super pratiques et fins. Id\u00e9al pour les travaux d&#8217;assemblage ! Un gant de travail parfait pour les travaux o\u00f9 la sensibilit\u00e9 des doigts est importante. De bons gants de travail sont indispensables dans l&#8217;atelier. Non seulement les gants de travail offrent une [&hellip;]<\/p>\n","protected":false},"featured_media":14341,"comment_status":"open","ping_status":"closed","template":"","meta":[],"product_brand":[],"product_cat":[740],"product_tag":[],"class_list":{"0":"post-28132","1":"product","2":"type-product","3":"status-publish","4":"has-post-thumbnail","6":"product_cat-gestion-des-dechets","8":"first","9":"instock","10":"taxable","11":"shipping-taxable","12":"purchasable","13":"product-type-simple"},"supplier_id":null,"supplier_sku":"","barcode":null,"atum_controlled":true,"out_stock_date":null,"out_stock_threshold":null,"inheritable":false,"inbound_stock":0,"stock_on_hold":0,"sold_today":0,"sales_last_days":0,"reserved_stock":0,"customer_returns":0,"warehouse_damage":0,"lost_in_post":0,"other_logs":0,"out_stock_days":0,"lost_sales":0,"has_location":false,"update_date":"2026-04-20T01:03:52","atum_locations":[],"atum_stock_status":"instock","restock_status":false,"low_stock_amount":"","sales_update_date":"2026-04-20T01:03:51","calc_backorders":null,"acf":[],"yoast_head":"<!-- This site is optimized with the Yoast SEO plugin v26.6 - https:\/\/yoast.com\/wordpress\/plugins\/seo\/ -->\n<title>Gants de travail polyvalents PRO taille 10 - Schroevendump<\/title>\n<meta name=\"robots\" content=\"index, follow, max-snippet:-1, max-image-preview:large, max-video-preview:-1\" \/>\n<link rel=\"canonical\" href=\"https:\/\/schroevendump.nl\/fr\/produit\/gants-de-travail-polyvalents-pro-taille-10\/\" \/>\n<meta property=\"og:locale\" content=\"fr_FR\" \/>\n<meta property=\"og:type\" content=\"article\" \/>\n<meta property=\"og:title\" content=\"Gants de travail polyvalents PRO taille 10 - Schroevendump\" \/>\n<meta property=\"og:description\" content=\"Gant de montage Maxi-tech 5072MF &nbsp; Les gants de travail de marque propre, super pratiques et fins. Id\u00e9al pour les travaux d&#8217;assemblage ! Un gant de travail parfait pour les travaux o\u00f9 la sensibilit\u00e9 des doigts est importante. De bons gants de travail sont indispensables dans l&#8217;atelier. Non seulement les gants de travail offrent une [&hellip;]\" \/>\n<meta property=\"og:url\" content=\"https:\/\/schroevendump.nl\/fr\/produit\/gants-de-travail-polyvalents-pro-taille-10\/\" \/>\n<meta property=\"og:site_name\" content=\"Schroevendump\" \/>\n<meta property=\"article:modified_time\" content=\"2025-12-10T11:30:16+00:00\" \/>\n<meta property=\"og:image\" content=\"https:\/\/schroevendump.nl\/wp-content\/uploads\/2024\/12\/5072mf-paarwebsite_1_1.png\" \/>\n\t<meta property=\"og:image:width\" content=\"607\" \/>\n\t<meta property=\"og:image:height\" content=\"591\" \/>\n\t<meta property=\"og:image:type\" content=\"image\/png\" \/>\n<meta name=\"twitter:card\" content=\"summary_large_image\" \/>\n<meta name=\"twitter:label1\" content=\"Dur\u00e9e de lecture estim\u00e9e\" \/>\n\t<meta name=\"twitter:data1\" content=\"1 minute\" \/>\n<script type=\"application\/ld+json\" class=\"yoast-schema-graph\">{\"@context\":\"https:\/\/schema.org\",\"@graph\":[{\"@type\":\"WebPage\",\"@id\":\"https:\/\/schroevendump.nl\/fr\/produit\/gants-de-travail-polyvalents-pro-taille-10\/\",\"url\":\"https:\/\/schroevendump.nl\/fr\/produit\/gants-de-travail-polyvalents-pro-taille-10\/\",\"name\":\"Gants de travail polyvalents PRO taille 10 - Schroevendump\",\"isPartOf\":{\"@id\":\"https:\/\/schroevendump.nl\/fr\/#website\"},\"primaryImageOfPage\":{\"@id\":\"https:\/\/schroevendump.nl\/fr\/produit\/gants-de-travail-polyvalents-pro-taille-10\/#primaryimage\"},\"image\":{\"@id\":\"https:\/\/schroevendump.nl\/fr\/produit\/gants-de-travail-polyvalents-pro-taille-10\/#primaryimage\"},\"thumbnailUrl\":\"https:\/\/schroevendump.nl\/wp-content\/uploads\/2024\/12\/5072mf-paarwebsite_1_1.png\",\"datePublished\":\"2024-12-03T20:43:43+00:00\",\"dateModified\":\"2025-12-10T11:30:16+00:00\",\"breadcrumb\":{\"@id\":\"https:\/\/schroevendump.nl\/fr\/produit\/gants-de-travail-polyvalents-pro-taille-10\/#breadcrumb\"},\"inLanguage\":\"fr-FR\",\"potentialAction\":[{\"@type\":\"ReadAction\",\"target\":[\"https:\/\/schroevendump.nl\/fr\/produit\/gants-de-travail-polyvalents-pro-taille-10\/\"]}]},{\"@type\":\"ImageObject\",\"inLanguage\":\"fr-FR\",\"@id\":\"https:\/\/schroevendump.nl\/fr\/produit\/gants-de-travail-polyvalents-pro-taille-10\/#primaryimage\",\"url\":\"https:\/\/schroevendump.nl\/wp-content\/uploads\/2024\/12\/5072mf-paarwebsite_1_1.png\",\"contentUrl\":\"https:\/\/schroevendump.nl\/wp-content\/uploads\/2024\/12\/5072mf-paarwebsite_1_1.png\",\"width\":607,\"height\":591},{\"@type\":\"BreadcrumbList\",\"@id\":\"https:\/\/schroevendump.nl\/fr\/produit\/gants-de-travail-polyvalents-pro-taille-10\/#breadcrumb\",\"itemListElement\":[{\"@type\":\"ListItem\",\"position\":1,\"name\":\"Accueil\",\"item\":\"https:\/\/schroevendump.nl\/fr\/\"},{\"@type\":\"ListItem\",\"position\":2,\"name\":\"Boutique\",\"item\":\"https:\/\/schroevendump.nl\/fr\/boutique\/\"},{\"@type\":\"ListItem\",\"position\":3,\"name\":\"Gants de travail polyvalents PRO taille 10\"}]},{\"@type\":\"WebSite\",\"@id\":\"https:\/\/schroevendump.nl\/fr\/#website\",\"url\":\"https:\/\/schroevendump.nl\/fr\/\",\"name\":\"Schroevendump\",\"description\":\"\",\"potentialAction\":[{\"@type\":\"SearchAction\",\"target\":{\"@type\":\"EntryPoint\",\"urlTemplate\":\"https:\/\/schroevendump.nl\/fr\/?s={search_term_string}\"},\"query-input\":{\"@type\":\"PropertyValueSpecification\",\"valueRequired\":true,\"valueName\":\"search_term_string\"}}],\"inLanguage\":\"fr-FR\"}]}<\/script>\n<!-- \/ Yoast SEO plugin. -->","yoast_head_json":{"title":"Gants de travail polyvalents PRO taille 10 - Schroevendump","robots":{"index":"index","follow":"follow","max-snippet":"max-snippet:-1","max-image-preview":"max-image-preview:large","max-video-preview":"max-video-preview:-1"},"canonical":"https:\/\/schroevendump.nl\/fr\/produit\/gants-de-travail-polyvalents-pro-taille-10\/","og_locale":"fr_FR","og_type":"article","og_title":"Gants de travail polyvalents PRO taille 10 - Schroevendump","og_description":"Gant de montage Maxi-tech 5072MF &nbsp; Les gants de travail de marque propre, super pratiques et fins. Id\u00e9al pour les travaux d&#8217;assemblage ! Un gant de travail parfait pour les travaux o\u00f9 la sensibilit\u00e9 des doigts est importante. De bons gants de travail sont indispensables dans l&#8217;atelier. Non seulement les gants de travail offrent une [&hellip;]","og_url":"https:\/\/schroevendump.nl\/fr\/produit\/gants-de-travail-polyvalents-pro-taille-10\/","og_site_name":"Schroevendump","article_modified_time":"2025-12-10T11:30:16+00:00","og_image":[{"width":607,"height":591,"url":"https:\/\/schroevendump.nl\/wp-content\/uploads\/2024\/12\/5072mf-paarwebsite_1_1.png","type":"image\/png"}],"twitter_card":"summary_large_image","twitter_misc":{"Dur\u00e9e de lecture estim\u00e9e":"1 minute"},"schema":{"@context":"https:\/\/schema.org","@graph":[{"@type":"WebPage","@id":"https:\/\/schroevendump.nl\/fr\/produit\/gants-de-travail-polyvalents-pro-taille-10\/","url":"https:\/\/schroevendump.nl\/fr\/produit\/gants-de-travail-polyvalents-pro-taille-10\/","name":"Gants de travail polyvalents PRO taille 10 - Schroevendump","isPartOf":{"@id":"https:\/\/schroevendump.nl\/fr\/#website"},"primaryImageOfPage":{"@id":"https:\/\/schroevendump.nl\/fr\/produit\/gants-de-travail-polyvalents-pro-taille-10\/#primaryimage"},"image":{"@id":"https:\/\/schroevendump.nl\/fr\/produit\/gants-de-travail-polyvalents-pro-taille-10\/#primaryimage"},"thumbnailUrl":"https:\/\/schroevendump.nl\/wp-content\/uploads\/2024\/12\/5072mf-paarwebsite_1_1.png","datePublished":"2024-12-03T20:43:43+00:00","dateModified":"2025-12-10T11:30:16+00:00","breadcrumb":{"@id":"https:\/\/schroevendump.nl\/fr\/produit\/gants-de-travail-polyvalents-pro-taille-10\/#breadcrumb"},"inLanguage":"fr-FR","potentialAction":[{"@type":"ReadAction","target":["https:\/\/schroevendump.nl\/fr\/produit\/gants-de-travail-polyvalents-pro-taille-10\/"]}]},{"@type":"ImageObject","inLanguage":"fr-FR","@id":"https:\/\/schroevendump.nl\/fr\/produit\/gants-de-travail-polyvalents-pro-taille-10\/#primaryimage","url":"https:\/\/schroevendump.nl\/wp-content\/uploads\/2024\/12\/5072mf-paarwebsite_1_1.png","contentUrl":"https:\/\/schroevendump.nl\/wp-content\/uploads\/2024\/12\/5072mf-paarwebsite_1_1.png","width":607,"height":591},{"@type":"BreadcrumbList","@id":"https:\/\/schroevendump.nl\/fr\/produit\/gants-de-travail-polyvalents-pro-taille-10\/#breadcrumb","itemListElement":[{"@type":"ListItem","position":1,"name":"Accueil","item":"https:\/\/schroevendump.nl\/fr\/"},{"@type":"ListItem","position":2,"name":"Boutique","item":"https:\/\/schroevendump.nl\/fr\/boutique\/"},{"@type":"ListItem","position":3,"name":"Gants de travail polyvalents PRO taille 10"}]},{"@type":"WebSite","@id":"https:\/\/schroevendump.nl\/fr\/#website","url":"https:\/\/schroevendump.nl\/fr\/","name":"Schroevendump","description":"","potentialAction":[{"@type":"SearchAction","target":{"@type":"EntryPoint","urlTemplate":"https:\/\/schroevendump.nl\/fr\/?s={search_term_string}"},"query-input":{"@type":"PropertyValueSpecification","valueRequired":true,"valueName":"search_term_string"}}],"inLanguage":"fr-FR"}]}},"_links":{"self":[{"href":"https:\/\/schroevendump.nl\/fr\/wp-json\/wp\/v2\/product\/28132","targetHints":{"allow":["GET"]}}],"collection":[{"href":"https:\/\/schroevendump.nl\/fr\/wp-json\/wp\/v2\/product"}],"about":[{"href":"https:\/\/schroevendump.nl\/fr\/wp-json\/wp\/v2\/types\/product"}],"replies":[{"embeddable":true,"href":"https:\/\/schroevendump.nl\/fr\/wp-json\/wp\/v2\/comments?post=28132"}],"wp:featuredmedia":[{"embeddable":true,"href":"https:\/\/schroevendump.nl\/fr\/wp-json\/wp\/v2\/media\/14341"}],"wp:attachment":[{"href":"https:\/\/schroevendump.nl\/fr\/wp-json\/wp\/v2\/media?parent=28132"}],"wp:term":[{"taxonomy":"product_brand","embeddable":true,"href":"https:\/\/schroevendump.nl\/fr\/wp-json\/wp\/v2\/product_brand?post=28132"},{"taxonomy":"product_cat","embeddable":true,"href":"https:\/\/schroevendump.nl\/fr\/wp-json\/wp\/v2\/product_cat?post=28132"},{"taxonomy":"product_tag","embeddable":true,"href":"https:\/\/schroevendump.nl\/fr\/wp-json\/wp\/v2\/product_tag?post=28132"}],"curies":[{"name":"wp","href":"https:\/\/api.w.org\/{rel}","templated":true}]}}