{"id":28138,"date":"2024-11-30T13:50:20","date_gmt":"2024-11-30T13:50:20","guid":{"rendered":"https:\/\/schroevendump.nl\/product\/disque-a-lamelles-o-125-mm-grain-80\/"},"modified":"2025-12-10T11:32:23","modified_gmt":"2025-12-10T11:32:23","slug":"disque-a-lamelles-o-125-mm-grain-80","status":"publish","type":"product","link":"https:\/\/schroevendump.nl\/fr\/produit\/disque-a-lamelles-o-125-mm-grain-80\/","title":{"rendered":"Disque \u00e0 lamelles \u00d8 125 mm grain 80"},"content":{"rendered":"<div class=\"woocommerce-product-details__short-description\">\n<h4>Exemples d&#8217;application<\/h4>\n<ul>\n<li>pi\u00e8ces galvanis\u00e9es<\/li>\n<li>soudures<\/li>\n<li>\u00e9bavurage<\/li>\n<li>nivellement<\/li>\n<li>d\u00e9rouillage<\/li>\n<li>traitement de surface<\/li>\n<li>pon\u00e7age des coins et des ar\u00eates<\/li>\n<li>nettoyage<\/li>\n<\/ul>\n<h4><strong>Avantages<\/strong><\/h4>\n<ul>\n<li>Bonne performance<\/li>\n<li>Une qualit\u00e9 \u00e9prouv\u00e9e<\/li>\n<li>Longue dur\u00e9e de vie<\/li>\n<li>Meulage confortable gr\u00e2ce \u00e0 la base en polymide \u00e0 faibles vibrations<\/li>\n<li>convient au traitement de l&#8217;acier inoxydable<\/li>\n<li>convient aux meuleuses sans fil<\/li>\n<\/ul>\n<\/div>\n<form class=\"cart\" action=\"https:\/\/schroevendump.nl\/product\/lamellenslijpschijf-o-125mm-korrel-40\/\" enctype=\"multipart\/form-data\" method=\"post\"><\/form>\n<p>La meule d&#8217;\u00e9barbage est un outil essentiel dans divers secteurs industriels, tels que la m\u00e9tallurgie et la construction. Il est utilis\u00e9 pour le meulage, le pon\u00e7age et l&#8217;\u00e9bavurage de mat\u00e9riaux tels que le m\u00e9tal. Les disques d&#8217;\u00e9bavurage sont disponibles en diff\u00e9rents diam\u00e8tres et \u00e9paisseurs, en fonction de l&#8217;application sp\u00e9cifique. Nos disques d&#8217;\u00e9bavurage sont fabriqu\u00e9s \u00e0 partir de mat\u00e9riaux de haute qualit\u00e9 et sont con\u00e7us pour durer. Ils offrent d&#8217;excellentes performances de coupe et permettent d&#8217;obtenir une finition lisse et pr\u00e9cise. En outre, elles produisent peu de vibrations et de bruit.     <\/p>\n<p>Lors de l&#8217;achat de disques d&#8217;\u00e9bavurage, il est important de prendre en compte des facteurs tels que le type de mat\u00e9riau \u00e0 traiter, la vitesse de coupe \u00e9conomique et la pr\u00e9cision requise. Nos experts sont \u00e0 votre disposition pour vous aider \u00e0 faire le bon choix. La s\u00e9curit\u00e9 est une priorit\u00e9 lors de l&#8217;utilisation de disques d&#8217;\u00e9bavurage. Veillez \u00e0 toujours porter les \u00e9quipements de protection individuelle appropri\u00e9s, tels que des lunettes de s\u00e9curit\u00e9 et des gants. Suivez \u00e9galement les instructions du fabricant et entretenez r\u00e9guli\u00e8rement les disques pour garantir des performances optimales. Chez nous, vous trouverez une large gamme de disques d&#8217;\u00e9bavurage de qualit\u00e9 sup\u00e9rieure. N&#8217;h\u00e9sitez pas \u00e0 nous contacter pour plus d&#8217;informations et pour passer une commande. Nous sommes pr\u00eats \u00e0 vous aider pour tous vos besoins en mati\u00e8re de broyage.       <\/p>\n<p>Opte pour la qualit\u00e9 au meilleur prix chez <a href=\"https:\/\/schroevendump.nl\/fr\/\">schroevendump.nl<\/a> et jette un \u0153il \u00e0 notre <a href=\"https:\/\/www.instagram.com\/schroevendump\/\">page Instagram.<\/a><\/p>\n","protected":false},"excerpt":{"rendered":"<p>Exemples d&#8217;application pi\u00e8ces galvanis\u00e9es soudures \u00e9bavurage nivellement d\u00e9rouillage traitement de surface pon\u00e7age des coins et des ar\u00eates nettoyage Avantages Bonne performance Une qualit\u00e9 \u00e9prouv\u00e9e Longue dur\u00e9e de vie Meulage confortable gr\u00e2ce \u00e0 la base en polymide \u00e0 faibles vibrations convient au traitement de l&#8217;acier inoxydable convient aux meuleuses sans fil La meule d&#8217;\u00e9barbage est un [&hellip;]<\/p>\n","protected":false},"featured_media":28129,"comment_status":"open","ping_status":"closed","template":"","meta":[],"product_brand":[],"product_cat":[784],"product_tag":[],"class_list":{"0":"post-28138","1":"product","2":"type-product","3":"status-publish","4":"has-post-thumbnail","6":"product_cat-disques-de-meulage-brasage","8":"first","9":"instock","10":"taxable","11":"shipping-taxable","12":"purchasable","13":"product-type-simple"},"supplier_id":null,"supplier_sku":"","barcode":null,"atum_controlled":true,"out_stock_date":null,"out_stock_threshold":null,"inheritable":false,"inbound_stock":0,"stock_on_hold":0,"sold_today":0,"sales_last_days":0,"reserved_stock":0,"customer_returns":0,"warehouse_damage":0,"lost_in_post":0,"other_logs":0,"out_stock_days":0,"lost_sales":0,"has_location":false,"update_date":"2026-04-18T01:05:13","atum_locations":[],"atum_stock_status":"instock","restock_status":false,"low_stock_amount":"","sales_update_date":"2026-04-18T01:05:13","calc_backorders":null,"acf":[],"yoast_head":"<!-- This site is optimized with the Yoast SEO plugin v26.6 - https:\/\/yoast.com\/wordpress\/plugins\/seo\/ -->\n<title>Disque \u00e0 lamelles \u00d8 125 mm grain 80 - Schroevendump<\/title>\n<meta name=\"robots\" content=\"index, follow, max-snippet:-1, max-image-preview:large, max-video-preview:-1\" \/>\n<link rel=\"canonical\" href=\"https:\/\/schroevendump.nl\/fr\/produit\/disque-a-lamelles-o-125-mm-grain-80\/\" \/>\n<meta property=\"og:locale\" content=\"fr_FR\" \/>\n<meta property=\"og:type\" content=\"article\" \/>\n<meta property=\"og:title\" content=\"Disque \u00e0 lamelles \u00d8 125 mm grain 80 - Schroevendump\" \/>\n<meta property=\"og:description\" content=\"Exemples d&#8217;application pi\u00e8ces galvanis\u00e9es soudures \u00e9bavurage nivellement d\u00e9rouillage traitement de surface pon\u00e7age des coins et des ar\u00eates nettoyage Avantages Bonne performance Une qualit\u00e9 \u00e9prouv\u00e9e Longue dur\u00e9e de vie Meulage confortable gr\u00e2ce \u00e0 la base en polymide \u00e0 faibles vibrations convient au traitement de l&#8217;acier inoxydable convient aux meuleuses sans fil La meule d&#8217;\u00e9barbage est un [&hellip;]\" \/>\n<meta property=\"og:url\" content=\"https:\/\/schroevendump.nl\/fr\/produit\/disque-a-lamelles-o-125-mm-grain-80\/\" \/>\n<meta property=\"og:site_name\" content=\"Schroevendump\" \/>\n<meta property=\"article:modified_time\" content=\"2025-12-10T11:32:23+00:00\" \/>\n<meta property=\"og:image\" content=\"https:\/\/schroevendump.nl\/wp-content\/uploads\/2024\/11\/afbraamschijf-457x457-removebg-preview.png\" \/>\n\t<meta property=\"og:image:width\" content=\"457\" \/>\n\t<meta property=\"og:image:height\" content=\"457\" \/>\n\t<meta property=\"og:image:type\" content=\"image\/png\" \/>\n<meta name=\"twitter:card\" content=\"summary_large_image\" \/>\n<meta name=\"twitter:label1\" content=\"Dur\u00e9e de lecture estim\u00e9e\" \/>\n\t<meta name=\"twitter:data1\" content=\"2 minutes\" \/>\n<script type=\"application\/ld+json\" class=\"yoast-schema-graph\">{\"@context\":\"https:\/\/schema.org\",\"@graph\":[{\"@type\":\"WebPage\",\"@id\":\"https:\/\/schroevendump.nl\/fr\/produit\/disque-a-lamelles-o-125-mm-grain-80\/\",\"url\":\"https:\/\/schroevendump.nl\/fr\/produit\/disque-a-lamelles-o-125-mm-grain-80\/\",\"name\":\"Disque \u00e0 lamelles \u00d8 125 mm grain 80 - Schroevendump\",\"isPartOf\":{\"@id\":\"https:\/\/schroevendump.nl\/fr\/#website\"},\"primaryImageOfPage\":{\"@id\":\"https:\/\/schroevendump.nl\/fr\/produit\/disque-a-lamelles-o-125-mm-grain-80\/#primaryimage\"},\"image\":{\"@id\":\"https:\/\/schroevendump.nl\/fr\/produit\/disque-a-lamelles-o-125-mm-grain-80\/#primaryimage\"},\"thumbnailUrl\":\"https:\/\/schroevendump.nl\/wp-content\/uploads\/2024\/11\/afbraamschijf-457x457-removebg-preview.png\",\"datePublished\":\"2024-11-30T13:50:20+00:00\",\"dateModified\":\"2025-12-10T11:32:23+00:00\",\"breadcrumb\":{\"@id\":\"https:\/\/schroevendump.nl\/fr\/produit\/disque-a-lamelles-o-125-mm-grain-80\/#breadcrumb\"},\"inLanguage\":\"fr-FR\",\"potentialAction\":[{\"@type\":\"ReadAction\",\"target\":[\"https:\/\/schroevendump.nl\/fr\/produit\/disque-a-lamelles-o-125-mm-grain-80\/\"]}]},{\"@type\":\"ImageObject\",\"inLanguage\":\"fr-FR\",\"@id\":\"https:\/\/schroevendump.nl\/fr\/produit\/disque-a-lamelles-o-125-mm-grain-80\/#primaryimage\",\"url\":\"https:\/\/schroevendump.nl\/wp-content\/uploads\/2024\/11\/afbraamschijf-457x457-removebg-preview.png\",\"contentUrl\":\"https:\/\/schroevendump.nl\/wp-content\/uploads\/2024\/11\/afbraamschijf-457x457-removebg-preview.png\",\"width\":457,\"height\":457},{\"@type\":\"BreadcrumbList\",\"@id\":\"https:\/\/schroevendump.nl\/fr\/produit\/disque-a-lamelles-o-125-mm-grain-80\/#breadcrumb\",\"itemListElement\":[{\"@type\":\"ListItem\",\"position\":1,\"name\":\"Accueil\",\"item\":\"https:\/\/schroevendump.nl\/fr\/\"},{\"@type\":\"ListItem\",\"position\":2,\"name\":\"Boutique\",\"item\":\"https:\/\/schroevendump.nl\/fr\/boutique\/\"},{\"@type\":\"ListItem\",\"position\":3,\"name\":\"Disque \u00e0 lamelles \u00d8 125 mm grain 80\"}]},{\"@type\":\"WebSite\",\"@id\":\"https:\/\/schroevendump.nl\/fr\/#website\",\"url\":\"https:\/\/schroevendump.nl\/fr\/\",\"name\":\"Schroevendump\",\"description\":\"\",\"potentialAction\":[{\"@type\":\"SearchAction\",\"target\":{\"@type\":\"EntryPoint\",\"urlTemplate\":\"https:\/\/schroevendump.nl\/fr\/?s={search_term_string}\"},\"query-input\":{\"@type\":\"PropertyValueSpecification\",\"valueRequired\":true,\"valueName\":\"search_term_string\"}}],\"inLanguage\":\"fr-FR\"}]}<\/script>\n<!-- \/ Yoast SEO plugin. -->","yoast_head_json":{"title":"Disque \u00e0 lamelles \u00d8 125 mm grain 80 - Schroevendump","robots":{"index":"index","follow":"follow","max-snippet":"max-snippet:-1","max-image-preview":"max-image-preview:large","max-video-preview":"max-video-preview:-1"},"canonical":"https:\/\/schroevendump.nl\/fr\/produit\/disque-a-lamelles-o-125-mm-grain-80\/","og_locale":"fr_FR","og_type":"article","og_title":"Disque \u00e0 lamelles \u00d8 125 mm grain 80 - Schroevendump","og_description":"Exemples d&#8217;application pi\u00e8ces galvanis\u00e9es soudures \u00e9bavurage nivellement d\u00e9rouillage traitement de surface pon\u00e7age des coins et des ar\u00eates nettoyage Avantages Bonne performance Une qualit\u00e9 \u00e9prouv\u00e9e Longue dur\u00e9e de vie Meulage confortable gr\u00e2ce \u00e0 la base en polymide \u00e0 faibles vibrations convient au traitement de l&#8217;acier inoxydable convient aux meuleuses sans fil La meule d&#8217;\u00e9barbage est un [&hellip;]","og_url":"https:\/\/schroevendump.nl\/fr\/produit\/disque-a-lamelles-o-125-mm-grain-80\/","og_site_name":"Schroevendump","article_modified_time":"2025-12-10T11:32:23+00:00","og_image":[{"width":457,"height":457,"url":"https:\/\/schroevendump.nl\/wp-content\/uploads\/2024\/11\/afbraamschijf-457x457-removebg-preview.png","type":"image\/png"}],"twitter_card":"summary_large_image","twitter_misc":{"Dur\u00e9e de lecture estim\u00e9e":"2 minutes"},"schema":{"@context":"https:\/\/schema.org","@graph":[{"@type":"WebPage","@id":"https:\/\/schroevendump.nl\/fr\/produit\/disque-a-lamelles-o-125-mm-grain-80\/","url":"https:\/\/schroevendump.nl\/fr\/produit\/disque-a-lamelles-o-125-mm-grain-80\/","name":"Disque \u00e0 lamelles \u00d8 125 mm grain 80 - Schroevendump","isPartOf":{"@id":"https:\/\/schroevendump.nl\/fr\/#website"},"primaryImageOfPage":{"@id":"https:\/\/schroevendump.nl\/fr\/produit\/disque-a-lamelles-o-125-mm-grain-80\/#primaryimage"},"image":{"@id":"https:\/\/schroevendump.nl\/fr\/produit\/disque-a-lamelles-o-125-mm-grain-80\/#primaryimage"},"thumbnailUrl":"https:\/\/schroevendump.nl\/wp-content\/uploads\/2024\/11\/afbraamschijf-457x457-removebg-preview.png","datePublished":"2024-11-30T13:50:20+00:00","dateModified":"2025-12-10T11:32:23+00:00","breadcrumb":{"@id":"https:\/\/schroevendump.nl\/fr\/produit\/disque-a-lamelles-o-125-mm-grain-80\/#breadcrumb"},"inLanguage":"fr-FR","potentialAction":[{"@type":"ReadAction","target":["https:\/\/schroevendump.nl\/fr\/produit\/disque-a-lamelles-o-125-mm-grain-80\/"]}]},{"@type":"ImageObject","inLanguage":"fr-FR","@id":"https:\/\/schroevendump.nl\/fr\/produit\/disque-a-lamelles-o-125-mm-grain-80\/#primaryimage","url":"https:\/\/schroevendump.nl\/wp-content\/uploads\/2024\/11\/afbraamschijf-457x457-removebg-preview.png","contentUrl":"https:\/\/schroevendump.nl\/wp-content\/uploads\/2024\/11\/afbraamschijf-457x457-removebg-preview.png","width":457,"height":457},{"@type":"BreadcrumbList","@id":"https:\/\/schroevendump.nl\/fr\/produit\/disque-a-lamelles-o-125-mm-grain-80\/#breadcrumb","itemListElement":[{"@type":"ListItem","position":1,"name":"Accueil","item":"https:\/\/schroevendump.nl\/fr\/"},{"@type":"ListItem","position":2,"name":"Boutique","item":"https:\/\/schroevendump.nl\/fr\/boutique\/"},{"@type":"ListItem","position":3,"name":"Disque \u00e0 lamelles \u00d8 125 mm grain 80"}]},{"@type":"WebSite","@id":"https:\/\/schroevendump.nl\/fr\/#website","url":"https:\/\/schroevendump.nl\/fr\/","name":"Schroevendump","description":"","potentialAction":[{"@type":"SearchAction","target":{"@type":"EntryPoint","urlTemplate":"https:\/\/schroevendump.nl\/fr\/?s={search_term_string}"},"query-input":{"@type":"PropertyValueSpecification","valueRequired":true,"valueName":"search_term_string"}}],"inLanguage":"fr-FR"}]}},"_links":{"self":[{"href":"https:\/\/schroevendump.nl\/fr\/wp-json\/wp\/v2\/product\/28138","targetHints":{"allow":["GET"]}}],"collection":[{"href":"https:\/\/schroevendump.nl\/fr\/wp-json\/wp\/v2\/product"}],"about":[{"href":"https:\/\/schroevendump.nl\/fr\/wp-json\/wp\/v2\/types\/product"}],"replies":[{"embeddable":true,"href":"https:\/\/schroevendump.nl\/fr\/wp-json\/wp\/v2\/comments?post=28138"}],"wp:featuredmedia":[{"embeddable":true,"href":"https:\/\/schroevendump.nl\/fr\/wp-json\/wp\/v2\/media\/28129"}],"wp:attachment":[{"href":"https:\/\/schroevendump.nl\/fr\/wp-json\/wp\/v2\/media?parent=28138"}],"wp:term":[{"taxonomy":"product_brand","embeddable":true,"href":"https:\/\/schroevendump.nl\/fr\/wp-json\/wp\/v2\/product_brand?post=28138"},{"taxonomy":"product_cat","embeddable":true,"href":"https:\/\/schroevendump.nl\/fr\/wp-json\/wp\/v2\/product_cat?post=28138"},{"taxonomy":"product_tag","embeddable":true,"href":"https:\/\/schroevendump.nl\/fr\/wp-json\/wp\/v2\/product_tag?post=28138"}],"curies":[{"name":"wp","href":"https:\/\/api.w.org\/{rel}","templated":true}]}}