{"id":28139,"date":"2024-11-30T13:20:41","date_gmt":"2024-11-30T13:20:41","guid":{"rendered":"https:\/\/schroevendump.nl\/product\/sacs-a-gravats-et-a-dechets-de-construction-de-qualite-superieure-pour-bennes-a-vis\/"},"modified":"2025-12-10T11:29:41","modified_gmt":"2025-12-10T11:29:41","slug":"sacs-a-gravats-et-a-dechets-de-construction-de-qualite-superieure-pour-bennes-a-vis","status":"publish","type":"product","link":"https:\/\/schroevendump.nl\/fr\/produit\/sacs-a-gravats-et-a-dechets-de-construction-de-qualite-superieure-pour-bennes-a-vis\/","title":{"rendered":"Sacs \u00e0 gravats et \u00e0 d\u00e9chets de construction de qualit\u00e9 sup\u00e9rieure pour bennes \u00e0 vis"},"content":{"rendered":"<p>Sacs pour d\u00e9bris solides<\/p>\n<ul>\n<li>Tr\u00e8s solide, il peut \u00eatre utilis\u00e9 plusieurs fois !<\/li>\n<li>  haute r\u00e9sistance \u00e0 la d\u00e9chirure et \u00e0 la perforation.<\/li>\n<li>  fabriqu\u00e9s \u00e0 partir de plastique recycl\u00e9. Ces sacs \u00e0 d\u00e9chets sont donc non seulement parfaitement adapt\u00e9s \u00e0 l&#8217;usage qui en est fait, mais aussi respectueux de l&#8217;environnement. Tout le monde y gagne !  <\/li>\n<\/ul>\n<p>&nbsp;<\/p>\n<ul>\n<li>Les sacs \u00e0 d\u00e9bris sont parfaits pour \u00e9liminer diff\u00e9rents types de d\u00e9chets de construction et de d\u00e9molition. Vous pouvez par exemple y mettre des briques, du bois et des morceaux de placopl\u00e2tre. <\/li>\n<li>Ces sacs \u00e0 d\u00e9bris blancs ont une <b>\u00e9paisseur de 140 microns <\/b>et sont<b> tr\u00e8s r\u00e9sistants<\/b>. Ils sont donc tr\u00e8s robustes, ne se d\u00e9chirent pas facilement et pr\u00e9sentent une grande r\u00e9sistance \u00e0 la perforation. Vous pouvez remplir les sacs jusqu&#8217;\u00e0 <b>\u00b1 30 kg<\/b>. Nous vous conseillons toutefois de ne pas d\u00e9passer 25 kg, car vous devez aussi penser \u00e0 votre dos. Les sacs \u00e0 gravats mesurent <b>60 x 80 cm <\/b>et ont une capacit\u00e9 de <b>60 litres. <\/b>Vous pouvez ainsi stocker une grande quantit\u00e9 de gravats, de mat\u00e9riaux de construction, de d\u00e9chets de bois ou de copeaux. Les sacs \u00e0 gravats sont \u00e9galement imperm\u00e9ables \u00e0 l&#8217;eau et \u00e0 la poussi\u00e8re. Cette derni\u00e8re caract\u00e9ristique est tr\u00e8s pratique lorsque vous devez enlever des gravats tr\u00e8s fins ou des gravats contenant de l&#8217;humidit\u00e9 !     <\/li>\n<\/ul>\n<p>les sacs sont imprim\u00e9s avec le logo screwdump<\/p>\n","protected":false},"excerpt":{"rendered":"<p>Sacs pour d\u00e9bris solides Tr\u00e8s solide, il peut \u00eatre utilis\u00e9 plusieurs fois ! haute r\u00e9sistance \u00e0 la d\u00e9chirure et \u00e0 la perforation. fabriqu\u00e9s \u00e0 partir de plastique recycl\u00e9. Ces sacs \u00e0 d\u00e9chets sont donc non seulement parfaitement adapt\u00e9s \u00e0 l&#8217;usage qui en est fait, mais aussi respectueux de l&#8217;environnement. Tout le monde y gagne ! [&hellip;]<\/p>\n","protected":false},"featured_media":1996,"comment_status":"open","ping_status":"closed","template":"","meta":[],"product_brand":[],"product_cat":[740],"product_tag":[],"class_list":{"0":"post-28139","1":"product","2":"type-product","3":"status-publish","4":"has-post-thumbnail","6":"product_cat-gestion-des-dechets","8":"first","9":"instock","10":"taxable","11":"shipping-taxable","12":"purchasable","13":"product-type-simple"},"supplier_id":null,"supplier_sku":"","barcode":null,"atum_controlled":true,"out_stock_date":null,"out_stock_threshold":null,"inheritable":false,"inbound_stock":0,"stock_on_hold":0,"sold_today":0,"sales_last_days":0,"reserved_stock":0,"customer_returns":0,"warehouse_damage":0,"lost_in_post":0,"other_logs":0,"out_stock_days":0,"lost_sales":0,"has_location":false,"update_date":"2026-04-18T01:04:48","atum_locations":[],"atum_stock_status":"instock","restock_status":false,"low_stock_amount":"","sales_update_date":"2026-04-18T01:04:48","calc_backorders":null,"acf":[],"yoast_head":"<!-- This site is optimized with the Yoast SEO plugin v26.6 - https:\/\/yoast.com\/wordpress\/plugins\/seo\/ -->\n<title>Sacs \u00e0 gravats et \u00e0 d\u00e9chets de construction de qualit\u00e9 sup\u00e9rieure pour bennes \u00e0 vis - Schroevendump<\/title>\n<meta name=\"robots\" content=\"index, follow, max-snippet:-1, max-image-preview:large, max-video-preview:-1\" \/>\n<link rel=\"canonical\" href=\"https:\/\/schroevendump.nl\/fr\/produit\/sacs-a-gravats-et-a-dechets-de-construction-de-qualite-superieure-pour-bennes-a-vis\/\" \/>\n<meta property=\"og:locale\" content=\"fr_FR\" \/>\n<meta property=\"og:type\" content=\"article\" \/>\n<meta property=\"og:title\" content=\"Sacs \u00e0 gravats et \u00e0 d\u00e9chets de construction de qualit\u00e9 sup\u00e9rieure pour bennes \u00e0 vis - Schroevendump\" \/>\n<meta property=\"og:description\" content=\"Sacs pour d\u00e9bris solides Tr\u00e8s solide, il peut \u00eatre utilis\u00e9 plusieurs fois ! haute r\u00e9sistance \u00e0 la d\u00e9chirure et \u00e0 la perforation. fabriqu\u00e9s \u00e0 partir de plastique recycl\u00e9. Ces sacs \u00e0 d\u00e9chets sont donc non seulement parfaitement adapt\u00e9s \u00e0 l&#8217;usage qui en est fait, mais aussi respectueux de l&#8217;environnement. Tout le monde y gagne ! [&hellip;]\" \/>\n<meta property=\"og:url\" content=\"https:\/\/schroevendump.nl\/fr\/produit\/sacs-a-gravats-et-a-dechets-de-construction-de-qualite-superieure-pour-bennes-a-vis\/\" \/>\n<meta property=\"og:site_name\" content=\"Schroevendump\" \/>\n<meta property=\"article:modified_time\" content=\"2025-12-10T11:29:41+00:00\" \/>\n<meta property=\"og:image\" content=\"https:\/\/schroevendump.nl\/wp-content\/uploads\/2024\/11\/puinzak-removebg-preview.png\" \/>\n\t<meta property=\"og:image:width\" content=\"612\" \/>\n\t<meta property=\"og:image:height\" content=\"408\" \/>\n\t<meta property=\"og:image:type\" content=\"image\/png\" \/>\n<meta name=\"twitter:card\" content=\"summary_large_image\" \/>\n<meta name=\"twitter:label1\" content=\"Dur\u00e9e de lecture estim\u00e9e\" \/>\n\t<meta name=\"twitter:data1\" content=\"1 minute\" \/>\n<script type=\"application\/ld+json\" class=\"yoast-schema-graph\">{\"@context\":\"https:\/\/schema.org\",\"@graph\":[{\"@type\":\"WebPage\",\"@id\":\"https:\/\/schroevendump.nl\/fr\/produit\/sacs-a-gravats-et-a-dechets-de-construction-de-qualite-superieure-pour-bennes-a-vis\/\",\"url\":\"https:\/\/schroevendump.nl\/fr\/produit\/sacs-a-gravats-et-a-dechets-de-construction-de-qualite-superieure-pour-bennes-a-vis\/\",\"name\":\"Sacs \u00e0 gravats et \u00e0 d\u00e9chets de construction de qualit\u00e9 sup\u00e9rieure pour bennes \u00e0 vis - Schroevendump\",\"isPartOf\":{\"@id\":\"https:\/\/schroevendump.nl\/fr\/#website\"},\"primaryImageOfPage\":{\"@id\":\"https:\/\/schroevendump.nl\/fr\/produit\/sacs-a-gravats-et-a-dechets-de-construction-de-qualite-superieure-pour-bennes-a-vis\/#primaryimage\"},\"image\":{\"@id\":\"https:\/\/schroevendump.nl\/fr\/produit\/sacs-a-gravats-et-a-dechets-de-construction-de-qualite-superieure-pour-bennes-a-vis\/#primaryimage\"},\"thumbnailUrl\":\"https:\/\/schroevendump.nl\/wp-content\/uploads\/2024\/11\/puinzak-removebg-preview.png\",\"datePublished\":\"2024-11-30T13:20:41+00:00\",\"dateModified\":\"2025-12-10T11:29:41+00:00\",\"breadcrumb\":{\"@id\":\"https:\/\/schroevendump.nl\/fr\/produit\/sacs-a-gravats-et-a-dechets-de-construction-de-qualite-superieure-pour-bennes-a-vis\/#breadcrumb\"},\"inLanguage\":\"fr-FR\",\"potentialAction\":[{\"@type\":\"ReadAction\",\"target\":[\"https:\/\/schroevendump.nl\/fr\/produit\/sacs-a-gravats-et-a-dechets-de-construction-de-qualite-superieure-pour-bennes-a-vis\/\"]}]},{\"@type\":\"ImageObject\",\"inLanguage\":\"fr-FR\",\"@id\":\"https:\/\/schroevendump.nl\/fr\/produit\/sacs-a-gravats-et-a-dechets-de-construction-de-qualite-superieure-pour-bennes-a-vis\/#primaryimage\",\"url\":\"https:\/\/schroevendump.nl\/wp-content\/uploads\/2024\/11\/puinzak-removebg-preview.png\",\"contentUrl\":\"https:\/\/schroevendump.nl\/wp-content\/uploads\/2024\/11\/puinzak-removebg-preview.png\",\"width\":612,\"height\":408},{\"@type\":\"BreadcrumbList\",\"@id\":\"https:\/\/schroevendump.nl\/fr\/produit\/sacs-a-gravats-et-a-dechets-de-construction-de-qualite-superieure-pour-bennes-a-vis\/#breadcrumb\",\"itemListElement\":[{\"@type\":\"ListItem\",\"position\":1,\"name\":\"Accueil\",\"item\":\"https:\/\/schroevendump.nl\/fr\/\"},{\"@type\":\"ListItem\",\"position\":2,\"name\":\"Boutique\",\"item\":\"https:\/\/schroevendump.nl\/fr\/boutique\/\"},{\"@type\":\"ListItem\",\"position\":3,\"name\":\"Sacs \u00e0 gravats et \u00e0 d\u00e9chets de construction de qualit\u00e9 sup\u00e9rieure pour bennes \u00e0 vis\"}]},{\"@type\":\"WebSite\",\"@id\":\"https:\/\/schroevendump.nl\/fr\/#website\",\"url\":\"https:\/\/schroevendump.nl\/fr\/\",\"name\":\"Schroevendump\",\"description\":\"\",\"potentialAction\":[{\"@type\":\"SearchAction\",\"target\":{\"@type\":\"EntryPoint\",\"urlTemplate\":\"https:\/\/schroevendump.nl\/fr\/?s={search_term_string}\"},\"query-input\":{\"@type\":\"PropertyValueSpecification\",\"valueRequired\":true,\"valueName\":\"search_term_string\"}}],\"inLanguage\":\"fr-FR\"}]}<\/script>\n<!-- \/ Yoast SEO plugin. -->","yoast_head_json":{"title":"Sacs \u00e0 gravats et \u00e0 d\u00e9chets de construction de qualit\u00e9 sup\u00e9rieure pour bennes \u00e0 vis - Schroevendump","robots":{"index":"index","follow":"follow","max-snippet":"max-snippet:-1","max-image-preview":"max-image-preview:large","max-video-preview":"max-video-preview:-1"},"canonical":"https:\/\/schroevendump.nl\/fr\/produit\/sacs-a-gravats-et-a-dechets-de-construction-de-qualite-superieure-pour-bennes-a-vis\/","og_locale":"fr_FR","og_type":"article","og_title":"Sacs \u00e0 gravats et \u00e0 d\u00e9chets de construction de qualit\u00e9 sup\u00e9rieure pour bennes \u00e0 vis - Schroevendump","og_description":"Sacs pour d\u00e9bris solides Tr\u00e8s solide, il peut \u00eatre utilis\u00e9 plusieurs fois ! haute r\u00e9sistance \u00e0 la d\u00e9chirure et \u00e0 la perforation. fabriqu\u00e9s \u00e0 partir de plastique recycl\u00e9. Ces sacs \u00e0 d\u00e9chets sont donc non seulement parfaitement adapt\u00e9s \u00e0 l&#8217;usage qui en est fait, mais aussi respectueux de l&#8217;environnement. Tout le monde y gagne ! [&hellip;]","og_url":"https:\/\/schroevendump.nl\/fr\/produit\/sacs-a-gravats-et-a-dechets-de-construction-de-qualite-superieure-pour-bennes-a-vis\/","og_site_name":"Schroevendump","article_modified_time":"2025-12-10T11:29:41+00:00","og_image":[{"width":612,"height":408,"url":"https:\/\/schroevendump.nl\/wp-content\/uploads\/2024\/11\/puinzak-removebg-preview.png","type":"image\/png"}],"twitter_card":"summary_large_image","twitter_misc":{"Dur\u00e9e de lecture estim\u00e9e":"1 minute"},"schema":{"@context":"https:\/\/schema.org","@graph":[{"@type":"WebPage","@id":"https:\/\/schroevendump.nl\/fr\/produit\/sacs-a-gravats-et-a-dechets-de-construction-de-qualite-superieure-pour-bennes-a-vis\/","url":"https:\/\/schroevendump.nl\/fr\/produit\/sacs-a-gravats-et-a-dechets-de-construction-de-qualite-superieure-pour-bennes-a-vis\/","name":"Sacs \u00e0 gravats et \u00e0 d\u00e9chets de construction de qualit\u00e9 sup\u00e9rieure pour bennes \u00e0 vis - Schroevendump","isPartOf":{"@id":"https:\/\/schroevendump.nl\/fr\/#website"},"primaryImageOfPage":{"@id":"https:\/\/schroevendump.nl\/fr\/produit\/sacs-a-gravats-et-a-dechets-de-construction-de-qualite-superieure-pour-bennes-a-vis\/#primaryimage"},"image":{"@id":"https:\/\/schroevendump.nl\/fr\/produit\/sacs-a-gravats-et-a-dechets-de-construction-de-qualite-superieure-pour-bennes-a-vis\/#primaryimage"},"thumbnailUrl":"https:\/\/schroevendump.nl\/wp-content\/uploads\/2024\/11\/puinzak-removebg-preview.png","datePublished":"2024-11-30T13:20:41+00:00","dateModified":"2025-12-10T11:29:41+00:00","breadcrumb":{"@id":"https:\/\/schroevendump.nl\/fr\/produit\/sacs-a-gravats-et-a-dechets-de-construction-de-qualite-superieure-pour-bennes-a-vis\/#breadcrumb"},"inLanguage":"fr-FR","potentialAction":[{"@type":"ReadAction","target":["https:\/\/schroevendump.nl\/fr\/produit\/sacs-a-gravats-et-a-dechets-de-construction-de-qualite-superieure-pour-bennes-a-vis\/"]}]},{"@type":"ImageObject","inLanguage":"fr-FR","@id":"https:\/\/schroevendump.nl\/fr\/produit\/sacs-a-gravats-et-a-dechets-de-construction-de-qualite-superieure-pour-bennes-a-vis\/#primaryimage","url":"https:\/\/schroevendump.nl\/wp-content\/uploads\/2024\/11\/puinzak-removebg-preview.png","contentUrl":"https:\/\/schroevendump.nl\/wp-content\/uploads\/2024\/11\/puinzak-removebg-preview.png","width":612,"height":408},{"@type":"BreadcrumbList","@id":"https:\/\/schroevendump.nl\/fr\/produit\/sacs-a-gravats-et-a-dechets-de-construction-de-qualite-superieure-pour-bennes-a-vis\/#breadcrumb","itemListElement":[{"@type":"ListItem","position":1,"name":"Accueil","item":"https:\/\/schroevendump.nl\/fr\/"},{"@type":"ListItem","position":2,"name":"Boutique","item":"https:\/\/schroevendump.nl\/fr\/boutique\/"},{"@type":"ListItem","position":3,"name":"Sacs \u00e0 gravats et \u00e0 d\u00e9chets de construction de qualit\u00e9 sup\u00e9rieure pour bennes \u00e0 vis"}]},{"@type":"WebSite","@id":"https:\/\/schroevendump.nl\/fr\/#website","url":"https:\/\/schroevendump.nl\/fr\/","name":"Schroevendump","description":"","potentialAction":[{"@type":"SearchAction","target":{"@type":"EntryPoint","urlTemplate":"https:\/\/schroevendump.nl\/fr\/?s={search_term_string}"},"query-input":{"@type":"PropertyValueSpecification","valueRequired":true,"valueName":"search_term_string"}}],"inLanguage":"fr-FR"}]}},"_links":{"self":[{"href":"https:\/\/schroevendump.nl\/fr\/wp-json\/wp\/v2\/product\/28139","targetHints":{"allow":["GET"]}}],"collection":[{"href":"https:\/\/schroevendump.nl\/fr\/wp-json\/wp\/v2\/product"}],"about":[{"href":"https:\/\/schroevendump.nl\/fr\/wp-json\/wp\/v2\/types\/product"}],"replies":[{"embeddable":true,"href":"https:\/\/schroevendump.nl\/fr\/wp-json\/wp\/v2\/comments?post=28139"}],"wp:featuredmedia":[{"embeddable":true,"href":"https:\/\/schroevendump.nl\/fr\/wp-json\/wp\/v2\/media\/1996"}],"wp:attachment":[{"href":"https:\/\/schroevendump.nl\/fr\/wp-json\/wp\/v2\/media?parent=28139"}],"wp:term":[{"taxonomy":"product_brand","embeddable":true,"href":"https:\/\/schroevendump.nl\/fr\/wp-json\/wp\/v2\/product_brand?post=28139"},{"taxonomy":"product_cat","embeddable":true,"href":"https:\/\/schroevendump.nl\/fr\/wp-json\/wp\/v2\/product_cat?post=28139"},{"taxonomy":"product_tag","embeddable":true,"href":"https:\/\/schroevendump.nl\/fr\/wp-json\/wp\/v2\/product_tag?post=28139"}],"curies":[{"name":"wp","href":"https:\/\/api.w.org\/{rel}","templated":true}]}}