{"id":28146,"date":"2024-11-30T12:40:22","date_gmt":"2024-11-30T12:40:22","guid":{"rendered":"https:\/\/schroevendump.nl\/product\/primaire-pret-a-lemploi-perfect-500ml\/"},"modified":"2025-12-10T11:30:18","modified_gmt":"2025-12-10T11:30:18","slug":"primaire-pret-a-lemploi-perfect-500ml","status":"publish","type":"product","link":"https:\/\/schroevendump.nl\/fr\/produit\/primaire-pret-a-lemploi-perfect-500ml\/","title":{"rendered":"Primaire pr\u00eat \u00e0 l&#8217;emploi Perfect 500ML"},"content":{"rendered":"<ul>\n<li>Enduit de lissage pour les mastics de jointoiement<\/li>\n<li>Solution pr\u00eate \u00e0 l&#8217;emploi : le produit est d\u00e9j\u00e0 concentr\u00e9 et peut \u00eatre utilis\u00e9 imm\u00e9diatement sans dilution.<\/li>\n<li>pH totalement neutre<\/li>\n<li>Non agressif envers le mastic de jointoiement<\/li>\n<li>Ne laisse pas de taches apr\u00e8s le rin\u00e7age<\/li>\n<li>Ne contient ni solvants ni acides<\/li>\n<li>N&#8217;affecte pas les substrats les plus courants<\/li>\n<\/ul>\n","protected":false},"excerpt":{"rendered":"<p>Enduit de lissage pour les mastics de jointoiement Solution pr\u00eate \u00e0 l&#8217;emploi : le produit est d\u00e9j\u00e0 concentr\u00e9 et peut \u00eatre utilis\u00e9 imm\u00e9diatement sans dilution. pH totalement neutre Non agressif envers le mastic de jointoiement Ne laisse pas de taches apr\u00e8s le rin\u00e7age Ne contient ni solvants ni acides N&#8217;affecte pas les substrats les plus [&hellip;]<\/p>\n","protected":false},"featured_media":28148,"comment_status":"closed","ping_status":"closed","template":"","meta":[],"product_brand":[],"product_cat":[580],"product_tag":[],"class_list":{"0":"post-28146","1":"product","2":"type-product","3":"status-publish","4":"has-post-thumbnail","6":"product_cat-colles-et-mastics","8":"first","9":"instock","10":"taxable","11":"shipping-taxable","12":"purchasable","13":"product-type-simple"},"supplier_id":null,"supplier_sku":"","barcode":null,"atum_controlled":true,"out_stock_date":null,"out_stock_threshold":null,"inheritable":false,"inbound_stock":0,"stock_on_hold":0,"sold_today":0,"sales_last_days":0,"reserved_stock":0,"customer_returns":0,"warehouse_damage":0,"lost_in_post":0,"other_logs":0,"out_stock_days":0,"lost_sales":0,"has_location":false,"update_date":"2026-05-17T01:18:39","atum_locations":[],"atum_stock_status":"instock","restock_status":false,"low_stock_amount":"","sales_update_date":"2026-05-17T01:18:39","calc_backorders":null,"acf":[],"yoast_head":"<!-- This site is optimized with the Yoast SEO plugin v26.6 - https:\/\/yoast.com\/wordpress\/plugins\/seo\/ -->\n<title>Primaire pr\u00eat \u00e0 l&#039;emploi Perfect 500ML - Schroevendump<\/title>\n<meta name=\"robots\" content=\"index, follow, max-snippet:-1, max-image-preview:large, max-video-preview:-1\" \/>\n<link rel=\"canonical\" href=\"https:\/\/schroevendump.nl\/fr\/produit\/primaire-pret-a-lemploi-perfect-500ml\/\" \/>\n<meta property=\"og:locale\" content=\"fr_FR\" \/>\n<meta property=\"og:type\" content=\"article\" \/>\n<meta property=\"og:title\" content=\"Primaire pr\u00eat \u00e0 l&#039;emploi Perfect 500ML - Schroevendump\" \/>\n<meta property=\"og:description\" content=\"Enduit de lissage pour les mastics de jointoiement Solution pr\u00eate \u00e0 l&#8217;emploi : le produit est d\u00e9j\u00e0 concentr\u00e9 et peut \u00eatre utilis\u00e9 imm\u00e9diatement sans dilution. pH totalement neutre Non agressif envers le mastic de jointoiement Ne laisse pas de taches apr\u00e8s le rin\u00e7age Ne contient ni solvants ni acides N&#8217;affecte pas les substrats les plus [&hellip;]\" \/>\n<meta property=\"og:url\" content=\"https:\/\/schroevendump.nl\/fr\/produit\/primaire-pret-a-lemploi-perfect-500ml\/\" \/>\n<meta property=\"og:site_name\" content=\"Schroevendump\" \/>\n<meta property=\"article:modified_time\" content=\"2025-12-10T11:30:18+00:00\" \/>\n<meta property=\"og:image\" content=\"https:\/\/schroevendump.nl\/wp-content\/uploads\/2024\/11\/dl_100_afstrijkmiddel_kant_en_klaar-dl_100_afstrijkmiddel_kant_en_klaar-foto1-perfect_joint_tooling_agent_2-removebg-preview.png\" \/>\n\t<meta property=\"og:image:width\" content=\"500\" \/>\n\t<meta property=\"og:image:height\" content=\"500\" \/>\n\t<meta property=\"og:image:type\" content=\"image\/png\" \/>\n<meta name=\"twitter:card\" content=\"summary_large_image\" \/>\n<script type=\"application\/ld+json\" class=\"yoast-schema-graph\">{\"@context\":\"https:\/\/schema.org\",\"@graph\":[{\"@type\":\"WebPage\",\"@id\":\"https:\/\/schroevendump.nl\/fr\/produit\/primaire-pret-a-lemploi-perfect-500ml\/\",\"url\":\"https:\/\/schroevendump.nl\/fr\/produit\/primaire-pret-a-lemploi-perfect-500ml\/\",\"name\":\"Primaire pr\u00eat \u00e0 l'emploi Perfect 500ML - Schroevendump\",\"isPartOf\":{\"@id\":\"https:\/\/schroevendump.nl\/fr\/#website\"},\"primaryImageOfPage\":{\"@id\":\"https:\/\/schroevendump.nl\/fr\/produit\/primaire-pret-a-lemploi-perfect-500ml\/#primaryimage\"},\"image\":{\"@id\":\"https:\/\/schroevendump.nl\/fr\/produit\/primaire-pret-a-lemploi-perfect-500ml\/#primaryimage\"},\"thumbnailUrl\":\"https:\/\/schroevendump.nl\/wp-content\/uploads\/2024\/11\/dl_100_afstrijkmiddel_kant_en_klaar-dl_100_afstrijkmiddel_kant_en_klaar-foto1-perfect_joint_tooling_agent_2-removebg-preview.png\",\"datePublished\":\"2024-11-30T12:40:22+00:00\",\"dateModified\":\"2025-12-10T11:30:18+00:00\",\"breadcrumb\":{\"@id\":\"https:\/\/schroevendump.nl\/fr\/produit\/primaire-pret-a-lemploi-perfect-500ml\/#breadcrumb\"},\"inLanguage\":\"fr-FR\",\"potentialAction\":[{\"@type\":\"ReadAction\",\"target\":[\"https:\/\/schroevendump.nl\/fr\/produit\/primaire-pret-a-lemploi-perfect-500ml\/\"]}]},{\"@type\":\"ImageObject\",\"inLanguage\":\"fr-FR\",\"@id\":\"https:\/\/schroevendump.nl\/fr\/produit\/primaire-pret-a-lemploi-perfect-500ml\/#primaryimage\",\"url\":\"https:\/\/schroevendump.nl\/wp-content\/uploads\/2024\/11\/dl_100_afstrijkmiddel_kant_en_klaar-dl_100_afstrijkmiddel_kant_en_klaar-foto1-perfect_joint_tooling_agent_2-removebg-preview.png\",\"contentUrl\":\"https:\/\/schroevendump.nl\/wp-content\/uploads\/2024\/11\/dl_100_afstrijkmiddel_kant_en_klaar-dl_100_afstrijkmiddel_kant_en_klaar-foto1-perfect_joint_tooling_agent_2-removebg-preview.png\",\"width\":500,\"height\":500},{\"@type\":\"BreadcrumbList\",\"@id\":\"https:\/\/schroevendump.nl\/fr\/produit\/primaire-pret-a-lemploi-perfect-500ml\/#breadcrumb\",\"itemListElement\":[{\"@type\":\"ListItem\",\"position\":1,\"name\":\"Accueil\",\"item\":\"https:\/\/schroevendump.nl\/fr\/\"},{\"@type\":\"ListItem\",\"position\":2,\"name\":\"Boutique\",\"item\":\"https:\/\/schroevendump.nl\/fr\/boutique\/\"},{\"@type\":\"ListItem\",\"position\":3,\"name\":\"Primaire pr\u00eat \u00e0 l&#8217;emploi Perfect 500ML\"}]},{\"@type\":\"WebSite\",\"@id\":\"https:\/\/schroevendump.nl\/fr\/#website\",\"url\":\"https:\/\/schroevendump.nl\/fr\/\",\"name\":\"Schroevendump\",\"description\":\"\",\"potentialAction\":[{\"@type\":\"SearchAction\",\"target\":{\"@type\":\"EntryPoint\",\"urlTemplate\":\"https:\/\/schroevendump.nl\/fr\/?s={search_term_string}\"},\"query-input\":{\"@type\":\"PropertyValueSpecification\",\"valueRequired\":true,\"valueName\":\"search_term_string\"}}],\"inLanguage\":\"fr-FR\"}]}<\/script>\n<!-- \/ Yoast SEO plugin. -->","yoast_head_json":{"title":"Primaire pr\u00eat \u00e0 l'emploi Perfect 500ML - Schroevendump","robots":{"index":"index","follow":"follow","max-snippet":"max-snippet:-1","max-image-preview":"max-image-preview:large","max-video-preview":"max-video-preview:-1"},"canonical":"https:\/\/schroevendump.nl\/fr\/produit\/primaire-pret-a-lemploi-perfect-500ml\/","og_locale":"fr_FR","og_type":"article","og_title":"Primaire pr\u00eat \u00e0 l'emploi Perfect 500ML - Schroevendump","og_description":"Enduit de lissage pour les mastics de jointoiement Solution pr\u00eate \u00e0 l&#8217;emploi : le produit est d\u00e9j\u00e0 concentr\u00e9 et peut \u00eatre utilis\u00e9 imm\u00e9diatement sans dilution. pH totalement neutre Non agressif envers le mastic de jointoiement Ne laisse pas de taches apr\u00e8s le rin\u00e7age Ne contient ni solvants ni acides N&#8217;affecte pas les substrats les plus [&hellip;]","og_url":"https:\/\/schroevendump.nl\/fr\/produit\/primaire-pret-a-lemploi-perfect-500ml\/","og_site_name":"Schroevendump","article_modified_time":"2025-12-10T11:30:18+00:00","og_image":[{"width":500,"height":500,"url":"https:\/\/schroevendump.nl\/wp-content\/uploads\/2024\/11\/dl_100_afstrijkmiddel_kant_en_klaar-dl_100_afstrijkmiddel_kant_en_klaar-foto1-perfect_joint_tooling_agent_2-removebg-preview.png","type":"image\/png"}],"twitter_card":"summary_large_image","schema":{"@context":"https:\/\/schema.org","@graph":[{"@type":"WebPage","@id":"https:\/\/schroevendump.nl\/fr\/produit\/primaire-pret-a-lemploi-perfect-500ml\/","url":"https:\/\/schroevendump.nl\/fr\/produit\/primaire-pret-a-lemploi-perfect-500ml\/","name":"Primaire pr\u00eat \u00e0 l'emploi Perfect 500ML - Schroevendump","isPartOf":{"@id":"https:\/\/schroevendump.nl\/fr\/#website"},"primaryImageOfPage":{"@id":"https:\/\/schroevendump.nl\/fr\/produit\/primaire-pret-a-lemploi-perfect-500ml\/#primaryimage"},"image":{"@id":"https:\/\/schroevendump.nl\/fr\/produit\/primaire-pret-a-lemploi-perfect-500ml\/#primaryimage"},"thumbnailUrl":"https:\/\/schroevendump.nl\/wp-content\/uploads\/2024\/11\/dl_100_afstrijkmiddel_kant_en_klaar-dl_100_afstrijkmiddel_kant_en_klaar-foto1-perfect_joint_tooling_agent_2-removebg-preview.png","datePublished":"2024-11-30T12:40:22+00:00","dateModified":"2025-12-10T11:30:18+00:00","breadcrumb":{"@id":"https:\/\/schroevendump.nl\/fr\/produit\/primaire-pret-a-lemploi-perfect-500ml\/#breadcrumb"},"inLanguage":"fr-FR","potentialAction":[{"@type":"ReadAction","target":["https:\/\/schroevendump.nl\/fr\/produit\/primaire-pret-a-lemploi-perfect-500ml\/"]}]},{"@type":"ImageObject","inLanguage":"fr-FR","@id":"https:\/\/schroevendump.nl\/fr\/produit\/primaire-pret-a-lemploi-perfect-500ml\/#primaryimage","url":"https:\/\/schroevendump.nl\/wp-content\/uploads\/2024\/11\/dl_100_afstrijkmiddel_kant_en_klaar-dl_100_afstrijkmiddel_kant_en_klaar-foto1-perfect_joint_tooling_agent_2-removebg-preview.png","contentUrl":"https:\/\/schroevendump.nl\/wp-content\/uploads\/2024\/11\/dl_100_afstrijkmiddel_kant_en_klaar-dl_100_afstrijkmiddel_kant_en_klaar-foto1-perfect_joint_tooling_agent_2-removebg-preview.png","width":500,"height":500},{"@type":"BreadcrumbList","@id":"https:\/\/schroevendump.nl\/fr\/produit\/primaire-pret-a-lemploi-perfect-500ml\/#breadcrumb","itemListElement":[{"@type":"ListItem","position":1,"name":"Accueil","item":"https:\/\/schroevendump.nl\/fr\/"},{"@type":"ListItem","position":2,"name":"Boutique","item":"https:\/\/schroevendump.nl\/fr\/boutique\/"},{"@type":"ListItem","position":3,"name":"Primaire pr\u00eat \u00e0 l&#8217;emploi Perfect 500ML"}]},{"@type":"WebSite","@id":"https:\/\/schroevendump.nl\/fr\/#website","url":"https:\/\/schroevendump.nl\/fr\/","name":"Schroevendump","description":"","potentialAction":[{"@type":"SearchAction","target":{"@type":"EntryPoint","urlTemplate":"https:\/\/schroevendump.nl\/fr\/?s={search_term_string}"},"query-input":{"@type":"PropertyValueSpecification","valueRequired":true,"valueName":"search_term_string"}}],"inLanguage":"fr-FR"}]}},"_links":{"self":[{"href":"https:\/\/schroevendump.nl\/fr\/wp-json\/wp\/v2\/product\/28146","targetHints":{"allow":["GET"]}}],"collection":[{"href":"https:\/\/schroevendump.nl\/fr\/wp-json\/wp\/v2\/product"}],"about":[{"href":"https:\/\/schroevendump.nl\/fr\/wp-json\/wp\/v2\/types\/product"}],"replies":[{"embeddable":true,"href":"https:\/\/schroevendump.nl\/fr\/wp-json\/wp\/v2\/comments?post=28146"}],"wp:featuredmedia":[{"embeddable":true,"href":"https:\/\/schroevendump.nl\/fr\/wp-json\/wp\/v2\/media\/28148"}],"wp:attachment":[{"href":"https:\/\/schroevendump.nl\/fr\/wp-json\/wp\/v2\/media?parent=28146"}],"wp:term":[{"taxonomy":"product_brand","embeddable":true,"href":"https:\/\/schroevendump.nl\/fr\/wp-json\/wp\/v2\/product_brand?post=28146"},{"taxonomy":"product_cat","embeddable":true,"href":"https:\/\/schroevendump.nl\/fr\/wp-json\/wp\/v2\/product_cat?post=28146"},{"taxonomy":"product_tag","embeddable":true,"href":"https:\/\/schroevendump.nl\/fr\/wp-json\/wp\/v2\/product_tag?post=28146"}],"curies":[{"name":"wp","href":"https:\/\/api.w.org\/{rel}","templated":true}]}}