{"id":28154,"date":"2024-11-30T12:34:06","date_gmt":"2024-11-30T12:34:06","guid":{"rendered":"https:\/\/schroevendump.nl\/product\/pistolet-a-calfeutrer-economique-310ml\/"},"modified":"2025-12-10T11:30:55","modified_gmt":"2025-12-10T11:30:55","slug":"pistolet-a-calfeutrer-economique-310ml","status":"publish","type":"product","link":"https:\/\/schroevendump.nl\/fr\/produit\/pistolet-a-calfeutrer-economique-310ml\/","title":{"rendered":"Pistolet \u00e0 calfeutrer \u00e9conomique 310ml"},"content":{"rendered":"<ul>\n<li>Insertion facile des tubes dans le cadre ouvert<\/li>\n<li>  Lumi\u00e8re en cours d&#8217;utilisation<\/li>\n<li>Facilit\u00e9 d&#8217;utilisation accrue gr\u00e2ce au cadre m\u00e9tallique rotatif \u00e0 <b>360\u00b0<\/b>.<\/li>\n<li>Ce pistolet \u00e0 calfeutrer manuel convient aux cartouches de 290 ml, 300 ml et 310 ml.<\/li>\n<\/ul>\n","protected":false},"excerpt":{"rendered":"<p>Insertion facile des tubes dans le cadre ouvert Lumi\u00e8re en cours d&#8217;utilisation Facilit\u00e9 d&#8217;utilisation accrue gr\u00e2ce au cadre m\u00e9tallique rotatif \u00e0 360\u00b0. Ce pistolet \u00e0 calfeutrer manuel convient aux cartouches de 290 ml, 300 ml et 310 ml.<\/p>\n","protected":false},"featured_media":28155,"comment_status":"closed","ping_status":"closed","template":"","meta":[],"product_brand":[],"product_cat":[580],"product_tag":[],"class_list":{"0":"post-28154","1":"product","2":"type-product","3":"status-publish","4":"has-post-thumbnail","6":"product_cat-colles-et-mastics","8":"first","9":"instock","10":"taxable","11":"shipping-taxable","12":"purchasable","13":"product-type-simple"},"supplier_id":null,"supplier_sku":"","barcode":null,"atum_controlled":true,"out_stock_date":null,"out_stock_threshold":null,"inheritable":false,"inbound_stock":0,"stock_on_hold":0,"sold_today":0,"sales_last_days":0,"reserved_stock":0,"customer_returns":0,"warehouse_damage":0,"lost_in_post":0,"other_logs":0,"out_stock_days":0,"lost_sales":0,"has_location":false,"update_date":"2026-04-18T01:04:25","atum_locations":[],"atum_stock_status":"instock","restock_status":false,"low_stock_amount":"","sales_update_date":"2026-04-18T01:04:25","calc_backorders":null,"acf":[],"yoast_head":"<!-- This site is optimized with the Yoast SEO plugin v26.6 - https:\/\/yoast.com\/wordpress\/plugins\/seo\/ -->\n<title>Pistolet \u00e0 calfeutrer \u00e9conomique 310ml - Schroevendump<\/title>\n<meta name=\"robots\" content=\"index, follow, max-snippet:-1, max-image-preview:large, max-video-preview:-1\" \/>\n<link rel=\"canonical\" href=\"https:\/\/schroevendump.nl\/fr\/produit\/pistolet-a-calfeutrer-economique-310ml\/\" \/>\n<meta property=\"og:locale\" content=\"fr_FR\" \/>\n<meta property=\"og:type\" content=\"article\" \/>\n<meta property=\"og:title\" content=\"Pistolet \u00e0 calfeutrer \u00e9conomique 310ml - Schroevendump\" \/>\n<meta property=\"og:description\" content=\"Insertion facile des tubes dans le cadre ouvert Lumi\u00e8re en cours d&#8217;utilisation Facilit\u00e9 d&#8217;utilisation accrue gr\u00e2ce au cadre m\u00e9tallique rotatif \u00e0 360\u00b0. Ce pistolet \u00e0 calfeutrer manuel convient aux cartouches de 290 ml, 300 ml et 310 ml.\" \/>\n<meta property=\"og:url\" content=\"https:\/\/schroevendump.nl\/fr\/produit\/pistolet-a-calfeutrer-economique-310ml\/\" \/>\n<meta property=\"og:site_name\" content=\"Schroevendump\" \/>\n<meta property=\"article:modified_time\" content=\"2025-12-10T11:30:55+00:00\" \/>\n<meta property=\"og:image\" content=\"https:\/\/schroevendump.nl\/wp-content\/uploads\/2024\/11\/101410-101410-foto1-101410_manual_gun_professional_310ml-removebg-preview.png\" \/>\n\t<meta property=\"og:image:width\" content=\"500\" \/>\n\t<meta property=\"og:image:height\" content=\"500\" \/>\n\t<meta property=\"og:image:type\" content=\"image\/png\" \/>\n<meta name=\"twitter:card\" content=\"summary_large_image\" \/>\n<script type=\"application\/ld+json\" class=\"yoast-schema-graph\">{\"@context\":\"https:\/\/schema.org\",\"@graph\":[{\"@type\":\"WebPage\",\"@id\":\"https:\/\/schroevendump.nl\/fr\/produit\/pistolet-a-calfeutrer-economique-310ml\/\",\"url\":\"https:\/\/schroevendump.nl\/fr\/produit\/pistolet-a-calfeutrer-economique-310ml\/\",\"name\":\"Pistolet \u00e0 calfeutrer \u00e9conomique 310ml - Schroevendump\",\"isPartOf\":{\"@id\":\"https:\/\/schroevendump.nl\/fr\/#website\"},\"primaryImageOfPage\":{\"@id\":\"https:\/\/schroevendump.nl\/fr\/produit\/pistolet-a-calfeutrer-economique-310ml\/#primaryimage\"},\"image\":{\"@id\":\"https:\/\/schroevendump.nl\/fr\/produit\/pistolet-a-calfeutrer-economique-310ml\/#primaryimage\"},\"thumbnailUrl\":\"https:\/\/schroevendump.nl\/wp-content\/uploads\/2024\/11\/101410-101410-foto1-101410_manual_gun_professional_310ml-removebg-preview.png\",\"datePublished\":\"2024-11-30T12:34:06+00:00\",\"dateModified\":\"2025-12-10T11:30:55+00:00\",\"breadcrumb\":{\"@id\":\"https:\/\/schroevendump.nl\/fr\/produit\/pistolet-a-calfeutrer-economique-310ml\/#breadcrumb\"},\"inLanguage\":\"fr-FR\",\"potentialAction\":[{\"@type\":\"ReadAction\",\"target\":[\"https:\/\/schroevendump.nl\/fr\/produit\/pistolet-a-calfeutrer-economique-310ml\/\"]}]},{\"@type\":\"ImageObject\",\"inLanguage\":\"fr-FR\",\"@id\":\"https:\/\/schroevendump.nl\/fr\/produit\/pistolet-a-calfeutrer-economique-310ml\/#primaryimage\",\"url\":\"https:\/\/schroevendump.nl\/wp-content\/uploads\/2024\/11\/101410-101410-foto1-101410_manual_gun_professional_310ml-removebg-preview.png\",\"contentUrl\":\"https:\/\/schroevendump.nl\/wp-content\/uploads\/2024\/11\/101410-101410-foto1-101410_manual_gun_professional_310ml-removebg-preview.png\",\"width\":500,\"height\":500},{\"@type\":\"BreadcrumbList\",\"@id\":\"https:\/\/schroevendump.nl\/fr\/produit\/pistolet-a-calfeutrer-economique-310ml\/#breadcrumb\",\"itemListElement\":[{\"@type\":\"ListItem\",\"position\":1,\"name\":\"Accueil\",\"item\":\"https:\/\/schroevendump.nl\/fr\/\"},{\"@type\":\"ListItem\",\"position\":2,\"name\":\"Boutique\",\"item\":\"https:\/\/schroevendump.nl\/fr\/boutique\/\"},{\"@type\":\"ListItem\",\"position\":3,\"name\":\"Pistolet \u00e0 calfeutrer \u00e9conomique 310ml\"}]},{\"@type\":\"WebSite\",\"@id\":\"https:\/\/schroevendump.nl\/fr\/#website\",\"url\":\"https:\/\/schroevendump.nl\/fr\/\",\"name\":\"Schroevendump\",\"description\":\"\",\"potentialAction\":[{\"@type\":\"SearchAction\",\"target\":{\"@type\":\"EntryPoint\",\"urlTemplate\":\"https:\/\/schroevendump.nl\/fr\/?s={search_term_string}\"},\"query-input\":{\"@type\":\"PropertyValueSpecification\",\"valueRequired\":true,\"valueName\":\"search_term_string\"}}],\"inLanguage\":\"fr-FR\"}]}<\/script>\n<!-- \/ Yoast SEO plugin. -->","yoast_head_json":{"title":"Pistolet \u00e0 calfeutrer \u00e9conomique 310ml - Schroevendump","robots":{"index":"index","follow":"follow","max-snippet":"max-snippet:-1","max-image-preview":"max-image-preview:large","max-video-preview":"max-video-preview:-1"},"canonical":"https:\/\/schroevendump.nl\/fr\/produit\/pistolet-a-calfeutrer-economique-310ml\/","og_locale":"fr_FR","og_type":"article","og_title":"Pistolet \u00e0 calfeutrer \u00e9conomique 310ml - Schroevendump","og_description":"Insertion facile des tubes dans le cadre ouvert Lumi\u00e8re en cours d&#8217;utilisation Facilit\u00e9 d&#8217;utilisation accrue gr\u00e2ce au cadre m\u00e9tallique rotatif \u00e0 360\u00b0. Ce pistolet \u00e0 calfeutrer manuel convient aux cartouches de 290 ml, 300 ml et 310 ml.","og_url":"https:\/\/schroevendump.nl\/fr\/produit\/pistolet-a-calfeutrer-economique-310ml\/","og_site_name":"Schroevendump","article_modified_time":"2025-12-10T11:30:55+00:00","og_image":[{"width":500,"height":500,"url":"https:\/\/schroevendump.nl\/wp-content\/uploads\/2024\/11\/101410-101410-foto1-101410_manual_gun_professional_310ml-removebg-preview.png","type":"image\/png"}],"twitter_card":"summary_large_image","schema":{"@context":"https:\/\/schema.org","@graph":[{"@type":"WebPage","@id":"https:\/\/schroevendump.nl\/fr\/produit\/pistolet-a-calfeutrer-economique-310ml\/","url":"https:\/\/schroevendump.nl\/fr\/produit\/pistolet-a-calfeutrer-economique-310ml\/","name":"Pistolet \u00e0 calfeutrer \u00e9conomique 310ml - Schroevendump","isPartOf":{"@id":"https:\/\/schroevendump.nl\/fr\/#website"},"primaryImageOfPage":{"@id":"https:\/\/schroevendump.nl\/fr\/produit\/pistolet-a-calfeutrer-economique-310ml\/#primaryimage"},"image":{"@id":"https:\/\/schroevendump.nl\/fr\/produit\/pistolet-a-calfeutrer-economique-310ml\/#primaryimage"},"thumbnailUrl":"https:\/\/schroevendump.nl\/wp-content\/uploads\/2024\/11\/101410-101410-foto1-101410_manual_gun_professional_310ml-removebg-preview.png","datePublished":"2024-11-30T12:34:06+00:00","dateModified":"2025-12-10T11:30:55+00:00","breadcrumb":{"@id":"https:\/\/schroevendump.nl\/fr\/produit\/pistolet-a-calfeutrer-economique-310ml\/#breadcrumb"},"inLanguage":"fr-FR","potentialAction":[{"@type":"ReadAction","target":["https:\/\/schroevendump.nl\/fr\/produit\/pistolet-a-calfeutrer-economique-310ml\/"]}]},{"@type":"ImageObject","inLanguage":"fr-FR","@id":"https:\/\/schroevendump.nl\/fr\/produit\/pistolet-a-calfeutrer-economique-310ml\/#primaryimage","url":"https:\/\/schroevendump.nl\/wp-content\/uploads\/2024\/11\/101410-101410-foto1-101410_manual_gun_professional_310ml-removebg-preview.png","contentUrl":"https:\/\/schroevendump.nl\/wp-content\/uploads\/2024\/11\/101410-101410-foto1-101410_manual_gun_professional_310ml-removebg-preview.png","width":500,"height":500},{"@type":"BreadcrumbList","@id":"https:\/\/schroevendump.nl\/fr\/produit\/pistolet-a-calfeutrer-economique-310ml\/#breadcrumb","itemListElement":[{"@type":"ListItem","position":1,"name":"Accueil","item":"https:\/\/schroevendump.nl\/fr\/"},{"@type":"ListItem","position":2,"name":"Boutique","item":"https:\/\/schroevendump.nl\/fr\/boutique\/"},{"@type":"ListItem","position":3,"name":"Pistolet \u00e0 calfeutrer \u00e9conomique 310ml"}]},{"@type":"WebSite","@id":"https:\/\/schroevendump.nl\/fr\/#website","url":"https:\/\/schroevendump.nl\/fr\/","name":"Schroevendump","description":"","potentialAction":[{"@type":"SearchAction","target":{"@type":"EntryPoint","urlTemplate":"https:\/\/schroevendump.nl\/fr\/?s={search_term_string}"},"query-input":{"@type":"PropertyValueSpecification","valueRequired":true,"valueName":"search_term_string"}}],"inLanguage":"fr-FR"}]}},"_links":{"self":[{"href":"https:\/\/schroevendump.nl\/fr\/wp-json\/wp\/v2\/product\/28154","targetHints":{"allow":["GET"]}}],"collection":[{"href":"https:\/\/schroevendump.nl\/fr\/wp-json\/wp\/v2\/product"}],"about":[{"href":"https:\/\/schroevendump.nl\/fr\/wp-json\/wp\/v2\/types\/product"}],"replies":[{"embeddable":true,"href":"https:\/\/schroevendump.nl\/fr\/wp-json\/wp\/v2\/comments?post=28154"}],"wp:featuredmedia":[{"embeddable":true,"href":"https:\/\/schroevendump.nl\/fr\/wp-json\/wp\/v2\/media\/28155"}],"wp:attachment":[{"href":"https:\/\/schroevendump.nl\/fr\/wp-json\/wp\/v2\/media?parent=28154"}],"wp:term":[{"taxonomy":"product_brand","embeddable":true,"href":"https:\/\/schroevendump.nl\/fr\/wp-json\/wp\/v2\/product_brand?post=28154"},{"taxonomy":"product_cat","embeddable":true,"href":"https:\/\/schroevendump.nl\/fr\/wp-json\/wp\/v2\/product_cat?post=28154"},{"taxonomy":"product_tag","embeddable":true,"href":"https:\/\/schroevendump.nl\/fr\/wp-json\/wp\/v2\/product_tag?post=28154"}],"curies":[{"name":"wp","href":"https:\/\/api.w.org\/{rel}","templated":true}]}}