{"id":28156,"date":"2024-11-30T12:15:52","date_gmt":"2024-11-30T12:15:52","guid":{"rendered":"https:\/\/schroevendump.nl\/product\/colle-professionnelle-kit-dassemblage-g30-blanc-290ml-promotion\/"},"modified":"2025-12-10T11:30:29","modified_gmt":"2025-12-10T11:30:29","slug":"colle-professionnelle-kit-dassemblage-g30-blanc-290ml-promotion","status":"publish","type":"product","link":"https:\/\/schroevendump.nl\/fr\/produit\/colle-professionnelle-kit-dassemblage-g30-blanc-290ml-promotion\/","title":{"rendered":"Colle professionnelle\/kit d&#8217;assemblage G30 blanc 290ml Promotion !"},"content":{"rendered":"<p>Veuillez noter que l&#8217;\u00e9tiquette sur le paquet re\u00e7u peut diff\u00e9rer de la photo du produit. Nous sommes en train de changer d&#8217;\u00e9tiquette. <\/p>\n<p><strong>Propri\u00e9t\u00e9s<\/strong><\/p>\n<p>&#8211; Durable, conserve son \u00e9lasticit\u00e9 et offre une mobilit\u00e9 maximale de 25 %.<br \/>\n&#8211; Excellentes propri\u00e9t\u00e9s d&#8217;application et d&#8217;adh\u00e9rence sur de nombreux supports, m\u00eame humides, sans primaire.<br \/>\n&#8211; Polyvalent \u00e0 l&#8217;int\u00e9rieur comme \u00e0 l&#8217;ext\u00e9rieur : collez, scellez et installez pratiquement tout avec un seul produit.<br \/>\n&#8211; Durcissement et renforcement rapides, r\u00e9sistance m\u00e9canique \u00e9lev\u00e9e et r\u00e9sistance ultime.<br \/>\n&#8211; Pas de taches ni de saignement sur les mat\u00e9riaux poreux, tels que la pierre naturelle, le b\u00e9ton et le bois non trait\u00e9 ; pas de taches sur les bords.<br \/>\n&#8211; Exempt d&#8217;isocyanates, de solvants et de silicones.<br \/>\n&#8211; Tr\u00e8s faible \u00e9mission : certifi\u00e9 EMICODE EC1 PLUS.<br \/>\n&#8211; Bonne r\u00e9sistance \u00e0 la d\u00e9coloration, aux UV, aux intemp\u00e9ries, \u00e0 l&#8217;eau, \u00e0 l&#8217;humidit\u00e9, au vieillissement et aux moisissures.<br \/>\n&#8211; Pon\u00e7age et meulage optimaux apr\u00e8s durcissement complet.<br \/>\n&#8211; Syst\u00e8me hybride neutre, inodore, sans adh\u00e9sif, sans bulle et sans r\u00e9traction, durcissant \u00e0 l&#8217;humidit\u00e9.<br \/>\n&#8211; Non corrosif pour les m\u00e9taux.<br \/>\n&#8211; Compatible avec le contact direct avec la couche d&#8217;argent sur les miroirs et le verre lamin\u00e9 au PVB.<br \/>\n&#8211; Excellente absorption des vibrations m\u00e9caniques et acoustiques.<\/p>\n<p>&nbsp;<\/p>\n<p><strong>Applications<\/strong><\/p>\n<p>&#8211; Mastic d&#8217;\u00e9tanch\u00e9it\u00e9 largement applicable, \u00e0 utiliser comme adh\u00e9sif d&#8217;assemblage et de construction, pour la plupart des mat\u00e9riaux de construction et des substrats.<br \/>\n&#8211; Mastic de vitrage pour : cadres de fen\u00eatres, fa\u00e7ades, fen\u00eatres, fa\u00e7ades, v\u00e9randas et autres.<br \/>\n&#8211; Propri\u00e9t\u00e9s anti-moisissures adapt\u00e9es aux zones humides, sanitaires et r\u00e9frig\u00e9r\u00e9es.<br \/>\n&#8211; A utiliser dans les lieux o\u00f9 les denr\u00e9es alimentaires sont stock\u00e9es et\/ou transform\u00e9es.<br \/>\n&#8211; Scellant adh\u00e9sif pour tuiles, briques, feuilles EPDM, plinthes, lattes, bandes, plaques, moulures, panneaux et autres.<br \/>\n&#8211; Collage de miroirs sans taches.<br \/>\n&#8211; Scellant\/adh\u00e9sif pour pierres naturelles pour le granit, la pierre bleue, le marbre, le b\u00e9ton et d&#8217;autres mat\u00e9riaux ouverts.<br \/>\n&#8211; Scellant de construction pour les joints de pont et de bavette, entre les parties en b\u00e9ton, comme dans les galeries et les planchers.<br \/>\n&#8211; Joint\/adh\u00e9sif m\u00e9tallique pour toitures, fa\u00e7ades, carrosseries, remorques, bateaux, conteneurs et conduits d&#8217;air.<br \/>\n&#8211; Etanch\u00e9it\u00e9 des canalisations de douche en acier inoxydable, des canalisations et des syst\u00e8mes d&#8217;\u00e9vacuation des eaux de pluie.<br \/>\n&#8211; Collage structurel dans les structures vibrantes, par exemple dans la construction de fa\u00e7ades, de transports, de machines et d&#8217;\u00e9quipements.<br \/>\n&#8211; Scellant adh\u00e9sif de r\u00e9paration pour r\u00e9parer les joints MSP \/ hybrides et les \u00e9l\u00e9ments de construction d\u00e9tach\u00e9s.<\/p>\n<p>&nbsp;<\/p>\n<div>\n<div>Opte pour la qualit\u00e9 au meilleur prix chez <a href=\"https:\/\/schroevendump.nl\/fr\/\">schroevendump.nl<\/a> et jette un \u0153il \u00e0 notre <a href=\"https:\/\/www.instagram.com\/schroevendump\/\">page Instagram.<\/a><\/div>\n<\/div>\n","protected":false},"excerpt":{"rendered":"<p>Veuillez noter que l&#8217;\u00e9tiquette sur le paquet re\u00e7u peut diff\u00e9rer de la photo du produit. Nous sommes en train de changer d&#8217;\u00e9tiquette. Propri\u00e9t\u00e9s &#8211; Durable, conserve son \u00e9lasticit\u00e9 et offre une mobilit\u00e9 maximale de 25 %. &#8211; Excellentes propri\u00e9t\u00e9s d&#8217;application et d&#8217;adh\u00e9rence sur de nombreux supports, m\u00eame humides, sans primaire. &#8211; Polyvalent \u00e0 l&#8217;int\u00e9rieur comme [&hellip;]<\/p>\n","protected":false},"featured_media":28160,"comment_status":"closed","ping_status":"closed","template":"","meta":[],"product_brand":[],"product_cat":[580],"product_tag":[],"class_list":{"0":"post-28156","1":"product","2":"type-product","3":"status-publish","4":"has-post-thumbnail","6":"product_cat-colles-et-mastics","8":"first","9":"instock","10":"taxable","11":"shipping-taxable","12":"purchasable","13":"product-type-simple"},"supplier_id":null,"supplier_sku":"","barcode":null,"atum_controlled":true,"out_stock_date":null,"out_stock_threshold":null,"inheritable":false,"inbound_stock":0,"stock_on_hold":0,"sold_today":0,"sales_last_days":0,"reserved_stock":0,"customer_returns":0,"warehouse_damage":0,"lost_in_post":0,"other_logs":0,"out_stock_days":0,"lost_sales":0,"has_location":false,"update_date":"2026-04-18T01:05:32","atum_locations":[],"atum_stock_status":"instock","restock_status":false,"low_stock_amount":"","sales_update_date":"2026-04-18T01:05:32","calc_backorders":null,"acf":[],"yoast_head":"<!-- This site is optimized with the Yoast SEO plugin v26.6 - https:\/\/yoast.com\/wordpress\/plugins\/seo\/ -->\n<title>Colle professionnelle\/kit d&#039;assemblage G30 blanc 290ml Promotion ! - Schroevendump<\/title>\n<meta name=\"robots\" content=\"index, follow, max-snippet:-1, max-image-preview:large, max-video-preview:-1\" \/>\n<link rel=\"canonical\" href=\"https:\/\/schroevendump.nl\/fr\/produit\/colle-professionnelle-kit-dassemblage-g30-blanc-290ml-promotion\/\" \/>\n<meta property=\"og:locale\" content=\"fr_FR\" \/>\n<meta property=\"og:type\" content=\"article\" \/>\n<meta property=\"og:title\" content=\"Colle professionnelle\/kit d&#039;assemblage G30 blanc 290ml Promotion ! - Schroevendump\" \/>\n<meta property=\"og:description\" content=\"Veuillez noter que l&#8217;\u00e9tiquette sur le paquet re\u00e7u peut diff\u00e9rer de la photo du produit. Nous sommes en train de changer d&#8217;\u00e9tiquette. Propri\u00e9t\u00e9s &#8211; Durable, conserve son \u00e9lasticit\u00e9 et offre une mobilit\u00e9 maximale de 25 %. &#8211; Excellentes propri\u00e9t\u00e9s d&#8217;application et d&#8217;adh\u00e9rence sur de nombreux supports, m\u00eame humides, sans primaire. &#8211; Polyvalent \u00e0 l&#8217;int\u00e9rieur comme [&hellip;]\" \/>\n<meta property=\"og:url\" content=\"https:\/\/schroevendump.nl\/fr\/produit\/colle-professionnelle-kit-dassemblage-g30-blanc-290ml-promotion\/\" \/>\n<meta property=\"og:site_name\" content=\"Schroevendump\" \/>\n<meta property=\"article:modified_time\" content=\"2025-12-10T11:30:29+00:00\" \/>\n<meta property=\"og:image\" content=\"https:\/\/schroevendump.nl\/wp-content\/uploads\/2024\/11\/Mockup-Schroevendump-G30-Polymer-07-25.png\" \/>\n\t<meta property=\"og:image:width\" content=\"2000\" \/>\n\t<meta property=\"og:image:height\" content=\"2000\" \/>\n\t<meta property=\"og:image:type\" content=\"image\/png\" \/>\n<meta name=\"twitter:card\" content=\"summary_large_image\" \/>\n<meta name=\"twitter:label1\" content=\"Dur\u00e9e de lecture estim\u00e9e\" \/>\n\t<meta name=\"twitter:data1\" content=\"2 minutes\" \/>\n<script type=\"application\/ld+json\" class=\"yoast-schema-graph\">{\"@context\":\"https:\/\/schema.org\",\"@graph\":[{\"@type\":\"WebPage\",\"@id\":\"https:\/\/schroevendump.nl\/fr\/produit\/colle-professionnelle-kit-dassemblage-g30-blanc-290ml-promotion\/\",\"url\":\"https:\/\/schroevendump.nl\/fr\/produit\/colle-professionnelle-kit-dassemblage-g30-blanc-290ml-promotion\/\",\"name\":\"Colle professionnelle\/kit d'assemblage G30 blanc 290ml Promotion ! - Schroevendump\",\"isPartOf\":{\"@id\":\"https:\/\/schroevendump.nl\/fr\/#website\"},\"primaryImageOfPage\":{\"@id\":\"https:\/\/schroevendump.nl\/fr\/produit\/colle-professionnelle-kit-dassemblage-g30-blanc-290ml-promotion\/#primaryimage\"},\"image\":{\"@id\":\"https:\/\/schroevendump.nl\/fr\/produit\/colle-professionnelle-kit-dassemblage-g30-blanc-290ml-promotion\/#primaryimage\"},\"thumbnailUrl\":\"https:\/\/schroevendump.nl\/wp-content\/uploads\/2024\/11\/Mockup-Schroevendump-G30-Polymer-07-25.png\",\"datePublished\":\"2024-11-30T12:15:52+00:00\",\"dateModified\":\"2025-12-10T11:30:29+00:00\",\"breadcrumb\":{\"@id\":\"https:\/\/schroevendump.nl\/fr\/produit\/colle-professionnelle-kit-dassemblage-g30-blanc-290ml-promotion\/#breadcrumb\"},\"inLanguage\":\"fr-FR\",\"potentialAction\":[{\"@type\":\"ReadAction\",\"target\":[\"https:\/\/schroevendump.nl\/fr\/produit\/colle-professionnelle-kit-dassemblage-g30-blanc-290ml-promotion\/\"]}]},{\"@type\":\"ImageObject\",\"inLanguage\":\"fr-FR\",\"@id\":\"https:\/\/schroevendump.nl\/fr\/produit\/colle-professionnelle-kit-dassemblage-g30-blanc-290ml-promotion\/#primaryimage\",\"url\":\"https:\/\/schroevendump.nl\/wp-content\/uploads\/2024\/11\/Mockup-Schroevendump-G30-Polymer-07-25.png\",\"contentUrl\":\"https:\/\/schroevendump.nl\/wp-content\/uploads\/2024\/11\/Mockup-Schroevendump-G30-Polymer-07-25.png\",\"width\":2000,\"height\":2000},{\"@type\":\"BreadcrumbList\",\"@id\":\"https:\/\/schroevendump.nl\/fr\/produit\/colle-professionnelle-kit-dassemblage-g30-blanc-290ml-promotion\/#breadcrumb\",\"itemListElement\":[{\"@type\":\"ListItem\",\"position\":1,\"name\":\"Accueil\",\"item\":\"https:\/\/schroevendump.nl\/fr\/\"},{\"@type\":\"ListItem\",\"position\":2,\"name\":\"Boutique\",\"item\":\"https:\/\/schroevendump.nl\/fr\/boutique\/\"},{\"@type\":\"ListItem\",\"position\":3,\"name\":\"Colle professionnelle\/kit d&#8217;assemblage G30 blanc 290ml Promotion !\"}]},{\"@type\":\"WebSite\",\"@id\":\"https:\/\/schroevendump.nl\/fr\/#website\",\"url\":\"https:\/\/schroevendump.nl\/fr\/\",\"name\":\"Schroevendump\",\"description\":\"\",\"potentialAction\":[{\"@type\":\"SearchAction\",\"target\":{\"@type\":\"EntryPoint\",\"urlTemplate\":\"https:\/\/schroevendump.nl\/fr\/?s={search_term_string}\"},\"query-input\":{\"@type\":\"PropertyValueSpecification\",\"valueRequired\":true,\"valueName\":\"search_term_string\"}}],\"inLanguage\":\"fr-FR\"}]}<\/script>\n<!-- \/ Yoast SEO plugin. -->","yoast_head_json":{"title":"Colle professionnelle\/kit d'assemblage G30 blanc 290ml Promotion ! - Schroevendump","robots":{"index":"index","follow":"follow","max-snippet":"max-snippet:-1","max-image-preview":"max-image-preview:large","max-video-preview":"max-video-preview:-1"},"canonical":"https:\/\/schroevendump.nl\/fr\/produit\/colle-professionnelle-kit-dassemblage-g30-blanc-290ml-promotion\/","og_locale":"fr_FR","og_type":"article","og_title":"Colle professionnelle\/kit d'assemblage G30 blanc 290ml Promotion ! - Schroevendump","og_description":"Veuillez noter que l&#8217;\u00e9tiquette sur le paquet re\u00e7u peut diff\u00e9rer de la photo du produit. Nous sommes en train de changer d&#8217;\u00e9tiquette. Propri\u00e9t\u00e9s &#8211; Durable, conserve son \u00e9lasticit\u00e9 et offre une mobilit\u00e9 maximale de 25 %. &#8211; Excellentes propri\u00e9t\u00e9s d&#8217;application et d&#8217;adh\u00e9rence sur de nombreux supports, m\u00eame humides, sans primaire. &#8211; Polyvalent \u00e0 l&#8217;int\u00e9rieur comme [&hellip;]","og_url":"https:\/\/schroevendump.nl\/fr\/produit\/colle-professionnelle-kit-dassemblage-g30-blanc-290ml-promotion\/","og_site_name":"Schroevendump","article_modified_time":"2025-12-10T11:30:29+00:00","og_image":[{"width":2000,"height":2000,"url":"https:\/\/schroevendump.nl\/wp-content\/uploads\/2024\/11\/Mockup-Schroevendump-G30-Polymer-07-25.png","type":"image\/png"}],"twitter_card":"summary_large_image","twitter_misc":{"Dur\u00e9e de lecture estim\u00e9e":"2 minutes"},"schema":{"@context":"https:\/\/schema.org","@graph":[{"@type":"WebPage","@id":"https:\/\/schroevendump.nl\/fr\/produit\/colle-professionnelle-kit-dassemblage-g30-blanc-290ml-promotion\/","url":"https:\/\/schroevendump.nl\/fr\/produit\/colle-professionnelle-kit-dassemblage-g30-blanc-290ml-promotion\/","name":"Colle professionnelle\/kit d'assemblage G30 blanc 290ml Promotion ! - Schroevendump","isPartOf":{"@id":"https:\/\/schroevendump.nl\/fr\/#website"},"primaryImageOfPage":{"@id":"https:\/\/schroevendump.nl\/fr\/produit\/colle-professionnelle-kit-dassemblage-g30-blanc-290ml-promotion\/#primaryimage"},"image":{"@id":"https:\/\/schroevendump.nl\/fr\/produit\/colle-professionnelle-kit-dassemblage-g30-blanc-290ml-promotion\/#primaryimage"},"thumbnailUrl":"https:\/\/schroevendump.nl\/wp-content\/uploads\/2024\/11\/Mockup-Schroevendump-G30-Polymer-07-25.png","datePublished":"2024-11-30T12:15:52+00:00","dateModified":"2025-12-10T11:30:29+00:00","breadcrumb":{"@id":"https:\/\/schroevendump.nl\/fr\/produit\/colle-professionnelle-kit-dassemblage-g30-blanc-290ml-promotion\/#breadcrumb"},"inLanguage":"fr-FR","potentialAction":[{"@type":"ReadAction","target":["https:\/\/schroevendump.nl\/fr\/produit\/colle-professionnelle-kit-dassemblage-g30-blanc-290ml-promotion\/"]}]},{"@type":"ImageObject","inLanguage":"fr-FR","@id":"https:\/\/schroevendump.nl\/fr\/produit\/colle-professionnelle-kit-dassemblage-g30-blanc-290ml-promotion\/#primaryimage","url":"https:\/\/schroevendump.nl\/wp-content\/uploads\/2024\/11\/Mockup-Schroevendump-G30-Polymer-07-25.png","contentUrl":"https:\/\/schroevendump.nl\/wp-content\/uploads\/2024\/11\/Mockup-Schroevendump-G30-Polymer-07-25.png","width":2000,"height":2000},{"@type":"BreadcrumbList","@id":"https:\/\/schroevendump.nl\/fr\/produit\/colle-professionnelle-kit-dassemblage-g30-blanc-290ml-promotion\/#breadcrumb","itemListElement":[{"@type":"ListItem","position":1,"name":"Accueil","item":"https:\/\/schroevendump.nl\/fr\/"},{"@type":"ListItem","position":2,"name":"Boutique","item":"https:\/\/schroevendump.nl\/fr\/boutique\/"},{"@type":"ListItem","position":3,"name":"Colle professionnelle\/kit d&#8217;assemblage G30 blanc 290ml Promotion !"}]},{"@type":"WebSite","@id":"https:\/\/schroevendump.nl\/fr\/#website","url":"https:\/\/schroevendump.nl\/fr\/","name":"Schroevendump","description":"","potentialAction":[{"@type":"SearchAction","target":{"@type":"EntryPoint","urlTemplate":"https:\/\/schroevendump.nl\/fr\/?s={search_term_string}"},"query-input":{"@type":"PropertyValueSpecification","valueRequired":true,"valueName":"search_term_string"}}],"inLanguage":"fr-FR"}]}},"_links":{"self":[{"href":"https:\/\/schroevendump.nl\/fr\/wp-json\/wp\/v2\/product\/28156","targetHints":{"allow":["GET"]}}],"collection":[{"href":"https:\/\/schroevendump.nl\/fr\/wp-json\/wp\/v2\/product"}],"about":[{"href":"https:\/\/schroevendump.nl\/fr\/wp-json\/wp\/v2\/types\/product"}],"replies":[{"embeddable":true,"href":"https:\/\/schroevendump.nl\/fr\/wp-json\/wp\/v2\/comments?post=28156"}],"wp:featuredmedia":[{"embeddable":true,"href":"https:\/\/schroevendump.nl\/fr\/wp-json\/wp\/v2\/media\/28160"}],"wp:attachment":[{"href":"https:\/\/schroevendump.nl\/fr\/wp-json\/wp\/v2\/media?parent=28156"}],"wp:term":[{"taxonomy":"product_brand","embeddable":true,"href":"https:\/\/schroevendump.nl\/fr\/wp-json\/wp\/v2\/product_brand?post=28156"},{"taxonomy":"product_cat","embeddable":true,"href":"https:\/\/schroevendump.nl\/fr\/wp-json\/wp\/v2\/product_cat?post=28156"},{"taxonomy":"product_tag","embeddable":true,"href":"https:\/\/schroevendump.nl\/fr\/wp-json\/wp\/v2\/product_tag?post=28156"}],"curies":[{"name":"wp","href":"https:\/\/api.w.org\/{rel}","templated":true}]}}