{"id":28163,"date":"2024-11-30T12:30:57","date_gmt":"2024-11-30T12:30:57","guid":{"rendered":"https:\/\/schroevendump.nl\/product\/nouveau-pistolet-a-calfeutrer-manuel-dual-power-310ml\/"},"modified":"2025-12-10T11:31:00","modified_gmt":"2025-12-10T11:31:00","slug":"nouveau-pistolet-a-calfeutrer-manuel-dual-power-310ml","status":"publish","type":"product","link":"https:\/\/schroevendump.nl\/fr\/produit\/nouveau-pistolet-a-calfeutrer-manuel-dual-power-310ml\/","title":{"rendered":"NOUVEAU Pistolet \u00e0 calfeutrer manuel Dual Power 310ml"},"content":{"rendered":"<p>Pistolet \u00e0 mastic manuel 2 en 1, ergonomique et robuste, qui permet de passer facilement des produits l\u00e9gers aux produits durs, ce qui fait gagner du temps \u00e0 l&#8217;utilisateur. Pour une utilisation intensive et \u00e0 long terme. <\/p>\n<ul>\n<li>  Commutation rapide et facile entre les rapports de transmission 18:1 et 12:1<\/li>\n<li>  Application rapide et lisse du mastic en mode goutte \u00e0 goutte<\/li>\n<li>  Un travail plus ordonn\u00e9 et moins de perte de produit en mode &#8220;no-drip&#8221;.<\/li>\n<li>  Conception ergonomique avec une large poign\u00e9e et des boutons faciles \u00e0 utiliser<\/li>\n<li>  Facilit\u00e9 d&#8217;utilisation accrue gr\u00e2ce au cadre m\u00e9tallique rotatif \u00e0 360\u00b0.<\/li>\n<li>  Aucune lubrification des pi\u00e8ces n&#8217;est n\u00e9cessaire<\/li>\n<li>  Longue dur\u00e9e de vie<\/li>\n<\/ul>\n<p>Ce pistolet \u00e0 calfeutrer manuel convient aux cartouches de 290 ml, 300 ml et 310 ml.<\/p>\n","protected":false},"excerpt":{"rendered":"<p>Pistolet \u00e0 mastic manuel 2 en 1, ergonomique et robuste, qui permet de passer facilement des produits l\u00e9gers aux produits durs, ce qui fait gagner du temps \u00e0 l&#8217;utilisateur. Pour une utilisation intensive et \u00e0 long terme. Commutation rapide et facile entre les rapports de transmission 18:1 et 12:1 Application rapide et lisse du mastic [&hellip;]<\/p>\n","protected":false},"featured_media":28167,"comment_status":"closed","ping_status":"closed","template":"","meta":[],"product_brand":[],"product_cat":[580],"product_tag":[],"class_list":{"0":"post-28163","1":"product","2":"type-product","3":"status-publish","4":"has-post-thumbnail","6":"product_cat-colles-et-mastics","8":"first","9":"instock","10":"taxable","11":"shipping-taxable","12":"purchasable","13":"product-type-simple"},"supplier_id":null,"supplier_sku":"","barcode":null,"atum_controlled":true,"out_stock_date":null,"out_stock_threshold":null,"inheritable":false,"inbound_stock":0,"stock_on_hold":0,"sold_today":0,"sales_last_days":0,"reserved_stock":0,"customer_returns":0,"warehouse_damage":0,"lost_in_post":0,"other_logs":0,"out_stock_days":0,"lost_sales":0,"has_location":false,"update_date":"2026-04-25T01:06:55","atum_locations":[],"atum_stock_status":"instock","restock_status":false,"low_stock_amount":"","sales_update_date":"2026-04-25T01:06:55","calc_backorders":null,"acf":[],"yoast_head":"<!-- This site is optimized with the Yoast SEO plugin v26.6 - https:\/\/yoast.com\/wordpress\/plugins\/seo\/ -->\n<title>NOUVEAU Pistolet \u00e0 calfeutrer manuel Dual Power 310ml - Schroevendump<\/title>\n<meta name=\"robots\" content=\"index, follow, max-snippet:-1, max-image-preview:large, max-video-preview:-1\" \/>\n<link rel=\"canonical\" href=\"https:\/\/schroevendump.nl\/fr\/produit\/nouveau-pistolet-a-calfeutrer-manuel-dual-power-310ml\/\" \/>\n<meta property=\"og:locale\" content=\"fr_FR\" \/>\n<meta property=\"og:type\" content=\"article\" \/>\n<meta property=\"og:title\" content=\"NOUVEAU Pistolet \u00e0 calfeutrer manuel Dual Power 310ml - Schroevendump\" \/>\n<meta property=\"og:description\" content=\"Pistolet \u00e0 mastic manuel 2 en 1, ergonomique et robuste, qui permet de passer facilement des produits l\u00e9gers aux produits durs, ce qui fait gagner du temps \u00e0 l&#8217;utilisateur. Pour une utilisation intensive et \u00e0 long terme. Commutation rapide et facile entre les rapports de transmission 18:1 et 12:1 Application rapide et lisse du mastic [&hellip;]\" \/>\n<meta property=\"og:url\" content=\"https:\/\/schroevendump.nl\/fr\/produit\/nouveau-pistolet-a-calfeutrer-manuel-dual-power-310ml\/\" \/>\n<meta property=\"og:site_name\" content=\"Schroevendump\" \/>\n<meta property=\"article:modified_time\" content=\"2025-12-10T11:31:00+00:00\" \/>\n<meta property=\"og:image\" content=\"https:\/\/schroevendump.nl\/wp-content\/uploads\/2024\/11\/106333-106333-foto1-106333_manual_gun_dual_power_310ml-removebg-preview.png\" \/>\n\t<meta property=\"og:image:width\" content=\"500\" \/>\n\t<meta property=\"og:image:height\" content=\"500\" \/>\n\t<meta property=\"og:image:type\" content=\"image\/png\" \/>\n<meta name=\"twitter:card\" content=\"summary_large_image\" \/>\n<meta name=\"twitter:label1\" content=\"Dur\u00e9e de lecture estim\u00e9e\" \/>\n\t<meta name=\"twitter:data1\" content=\"1 minute\" \/>\n<script type=\"application\/ld+json\" class=\"yoast-schema-graph\">{\"@context\":\"https:\/\/schema.org\",\"@graph\":[{\"@type\":\"WebPage\",\"@id\":\"https:\/\/schroevendump.nl\/fr\/produit\/nouveau-pistolet-a-calfeutrer-manuel-dual-power-310ml\/\",\"url\":\"https:\/\/schroevendump.nl\/fr\/produit\/nouveau-pistolet-a-calfeutrer-manuel-dual-power-310ml\/\",\"name\":\"NOUVEAU Pistolet \u00e0 calfeutrer manuel Dual Power 310ml - Schroevendump\",\"isPartOf\":{\"@id\":\"https:\/\/schroevendump.nl\/fr\/#website\"},\"primaryImageOfPage\":{\"@id\":\"https:\/\/schroevendump.nl\/fr\/produit\/nouveau-pistolet-a-calfeutrer-manuel-dual-power-310ml\/#primaryimage\"},\"image\":{\"@id\":\"https:\/\/schroevendump.nl\/fr\/produit\/nouveau-pistolet-a-calfeutrer-manuel-dual-power-310ml\/#primaryimage\"},\"thumbnailUrl\":\"https:\/\/schroevendump.nl\/wp-content\/uploads\/2024\/11\/106333-106333-foto1-106333_manual_gun_dual_power_310ml-removebg-preview.png\",\"datePublished\":\"2024-11-30T12:30:57+00:00\",\"dateModified\":\"2025-12-10T11:31:00+00:00\",\"breadcrumb\":{\"@id\":\"https:\/\/schroevendump.nl\/fr\/produit\/nouveau-pistolet-a-calfeutrer-manuel-dual-power-310ml\/#breadcrumb\"},\"inLanguage\":\"fr-FR\",\"potentialAction\":[{\"@type\":\"ReadAction\",\"target\":[\"https:\/\/schroevendump.nl\/fr\/produit\/nouveau-pistolet-a-calfeutrer-manuel-dual-power-310ml\/\"]}]},{\"@type\":\"ImageObject\",\"inLanguage\":\"fr-FR\",\"@id\":\"https:\/\/schroevendump.nl\/fr\/produit\/nouveau-pistolet-a-calfeutrer-manuel-dual-power-310ml\/#primaryimage\",\"url\":\"https:\/\/schroevendump.nl\/wp-content\/uploads\/2024\/11\/106333-106333-foto1-106333_manual_gun_dual_power_310ml-removebg-preview.png\",\"contentUrl\":\"https:\/\/schroevendump.nl\/wp-content\/uploads\/2024\/11\/106333-106333-foto1-106333_manual_gun_dual_power_310ml-removebg-preview.png\",\"width\":500,\"height\":500},{\"@type\":\"BreadcrumbList\",\"@id\":\"https:\/\/schroevendump.nl\/fr\/produit\/nouveau-pistolet-a-calfeutrer-manuel-dual-power-310ml\/#breadcrumb\",\"itemListElement\":[{\"@type\":\"ListItem\",\"position\":1,\"name\":\"Accueil\",\"item\":\"https:\/\/schroevendump.nl\/fr\/\"},{\"@type\":\"ListItem\",\"position\":2,\"name\":\"Boutique\",\"item\":\"https:\/\/schroevendump.nl\/fr\/boutique\/\"},{\"@type\":\"ListItem\",\"position\":3,\"name\":\"NOUVEAU Pistolet \u00e0 calfeutrer manuel Dual Power 310ml\"}]},{\"@type\":\"WebSite\",\"@id\":\"https:\/\/schroevendump.nl\/fr\/#website\",\"url\":\"https:\/\/schroevendump.nl\/fr\/\",\"name\":\"Schroevendump\",\"description\":\"\",\"potentialAction\":[{\"@type\":\"SearchAction\",\"target\":{\"@type\":\"EntryPoint\",\"urlTemplate\":\"https:\/\/schroevendump.nl\/fr\/?s={search_term_string}\"},\"query-input\":{\"@type\":\"PropertyValueSpecification\",\"valueRequired\":true,\"valueName\":\"search_term_string\"}}],\"inLanguage\":\"fr-FR\"}]}<\/script>\n<!-- \/ Yoast SEO plugin. -->","yoast_head_json":{"title":"NOUVEAU Pistolet \u00e0 calfeutrer manuel Dual Power 310ml - Schroevendump","robots":{"index":"index","follow":"follow","max-snippet":"max-snippet:-1","max-image-preview":"max-image-preview:large","max-video-preview":"max-video-preview:-1"},"canonical":"https:\/\/schroevendump.nl\/fr\/produit\/nouveau-pistolet-a-calfeutrer-manuel-dual-power-310ml\/","og_locale":"fr_FR","og_type":"article","og_title":"NOUVEAU Pistolet \u00e0 calfeutrer manuel Dual Power 310ml - Schroevendump","og_description":"Pistolet \u00e0 mastic manuel 2 en 1, ergonomique et robuste, qui permet de passer facilement des produits l\u00e9gers aux produits durs, ce qui fait gagner du temps \u00e0 l&#8217;utilisateur. Pour une utilisation intensive et \u00e0 long terme. Commutation rapide et facile entre les rapports de transmission 18:1 et 12:1 Application rapide et lisse du mastic [&hellip;]","og_url":"https:\/\/schroevendump.nl\/fr\/produit\/nouveau-pistolet-a-calfeutrer-manuel-dual-power-310ml\/","og_site_name":"Schroevendump","article_modified_time":"2025-12-10T11:31:00+00:00","og_image":[{"width":500,"height":500,"url":"https:\/\/schroevendump.nl\/wp-content\/uploads\/2024\/11\/106333-106333-foto1-106333_manual_gun_dual_power_310ml-removebg-preview.png","type":"image\/png"}],"twitter_card":"summary_large_image","twitter_misc":{"Dur\u00e9e de lecture estim\u00e9e":"1 minute"},"schema":{"@context":"https:\/\/schema.org","@graph":[{"@type":"WebPage","@id":"https:\/\/schroevendump.nl\/fr\/produit\/nouveau-pistolet-a-calfeutrer-manuel-dual-power-310ml\/","url":"https:\/\/schroevendump.nl\/fr\/produit\/nouveau-pistolet-a-calfeutrer-manuel-dual-power-310ml\/","name":"NOUVEAU Pistolet \u00e0 calfeutrer manuel Dual Power 310ml - Schroevendump","isPartOf":{"@id":"https:\/\/schroevendump.nl\/fr\/#website"},"primaryImageOfPage":{"@id":"https:\/\/schroevendump.nl\/fr\/produit\/nouveau-pistolet-a-calfeutrer-manuel-dual-power-310ml\/#primaryimage"},"image":{"@id":"https:\/\/schroevendump.nl\/fr\/produit\/nouveau-pistolet-a-calfeutrer-manuel-dual-power-310ml\/#primaryimage"},"thumbnailUrl":"https:\/\/schroevendump.nl\/wp-content\/uploads\/2024\/11\/106333-106333-foto1-106333_manual_gun_dual_power_310ml-removebg-preview.png","datePublished":"2024-11-30T12:30:57+00:00","dateModified":"2025-12-10T11:31:00+00:00","breadcrumb":{"@id":"https:\/\/schroevendump.nl\/fr\/produit\/nouveau-pistolet-a-calfeutrer-manuel-dual-power-310ml\/#breadcrumb"},"inLanguage":"fr-FR","potentialAction":[{"@type":"ReadAction","target":["https:\/\/schroevendump.nl\/fr\/produit\/nouveau-pistolet-a-calfeutrer-manuel-dual-power-310ml\/"]}]},{"@type":"ImageObject","inLanguage":"fr-FR","@id":"https:\/\/schroevendump.nl\/fr\/produit\/nouveau-pistolet-a-calfeutrer-manuel-dual-power-310ml\/#primaryimage","url":"https:\/\/schroevendump.nl\/wp-content\/uploads\/2024\/11\/106333-106333-foto1-106333_manual_gun_dual_power_310ml-removebg-preview.png","contentUrl":"https:\/\/schroevendump.nl\/wp-content\/uploads\/2024\/11\/106333-106333-foto1-106333_manual_gun_dual_power_310ml-removebg-preview.png","width":500,"height":500},{"@type":"BreadcrumbList","@id":"https:\/\/schroevendump.nl\/fr\/produit\/nouveau-pistolet-a-calfeutrer-manuel-dual-power-310ml\/#breadcrumb","itemListElement":[{"@type":"ListItem","position":1,"name":"Accueil","item":"https:\/\/schroevendump.nl\/fr\/"},{"@type":"ListItem","position":2,"name":"Boutique","item":"https:\/\/schroevendump.nl\/fr\/boutique\/"},{"@type":"ListItem","position":3,"name":"NOUVEAU Pistolet \u00e0 calfeutrer manuel Dual Power 310ml"}]},{"@type":"WebSite","@id":"https:\/\/schroevendump.nl\/fr\/#website","url":"https:\/\/schroevendump.nl\/fr\/","name":"Schroevendump","description":"","potentialAction":[{"@type":"SearchAction","target":{"@type":"EntryPoint","urlTemplate":"https:\/\/schroevendump.nl\/fr\/?s={search_term_string}"},"query-input":{"@type":"PropertyValueSpecification","valueRequired":true,"valueName":"search_term_string"}}],"inLanguage":"fr-FR"}]}},"_links":{"self":[{"href":"https:\/\/schroevendump.nl\/fr\/wp-json\/wp\/v2\/product\/28163","targetHints":{"allow":["GET"]}}],"collection":[{"href":"https:\/\/schroevendump.nl\/fr\/wp-json\/wp\/v2\/product"}],"about":[{"href":"https:\/\/schroevendump.nl\/fr\/wp-json\/wp\/v2\/types\/product"}],"replies":[{"embeddable":true,"href":"https:\/\/schroevendump.nl\/fr\/wp-json\/wp\/v2\/comments?post=28163"}],"wp:featuredmedia":[{"embeddable":true,"href":"https:\/\/schroevendump.nl\/fr\/wp-json\/wp\/v2\/media\/28167"}],"wp:attachment":[{"href":"https:\/\/schroevendump.nl\/fr\/wp-json\/wp\/v2\/media?parent=28163"}],"wp:term":[{"taxonomy":"product_brand","embeddable":true,"href":"https:\/\/schroevendump.nl\/fr\/wp-json\/wp\/v2\/product_brand?post=28163"},{"taxonomy":"product_cat","embeddable":true,"href":"https:\/\/schroevendump.nl\/fr\/wp-json\/wp\/v2\/product_cat?post=28163"},{"taxonomy":"product_tag","embeddable":true,"href":"https:\/\/schroevendump.nl\/fr\/wp-json\/wp\/v2\/product_tag?post=28163"}],"curies":[{"name":"wp","href":"https:\/\/api.w.org\/{rel}","templated":true}]}}