{"id":28170,"date":"2024-11-30T12:14:12","date_gmt":"2024-11-30T12:14:12","guid":{"rendered":"https:\/\/schroevendump.nl\/product\/professionnel-mastic-detancheite-hautement-adhesif-g70-blanc-290ml\/"},"modified":"2025-12-10T11:29:43","modified_gmt":"2025-12-10T11:29:43","slug":"professionnel-mastic-detancheite-hautement-adhesif-g70-blanc-290ml","status":"publish","type":"product","link":"https:\/\/schroevendump.nl\/fr\/produit\/professionnel-mastic-detancheite-hautement-adhesif-g70-blanc-290ml\/","title":{"rendered":"Professionnel Mastic d&#8217;\u00e9tanch\u00e9it\u00e9 hautement adh\u00e9sif G70 blanc 290ml"},"content":{"rendered":"<div>\n<p>Veuillez noter que l&#8217;\u00e9tiquette sur le paquet re\u00e7u peut diff\u00e9rer de la photo du produit. Nous sommes en train de changer d&#8217;\u00e9tiquette. <\/p>\n<p>Le Schroevendump High Tack est un mastic adh\u00e9sif r\u00e9sistant qui reste \u00e9lastique et ne se tache pas, avec une adh\u00e9rence initiale extr\u00eamement \u00e9lev\u00e9e, pour un collage r\u00e9sistant et instantan\u00e9, bas\u00e9 sur une technologie hybride. Gr\u00e2ce \u00e0 l&#8217;humidit\u00e9 de l&#8217;air, ce produit se transforme en un caoutchouc durablement \u00e9lastique. Adh\u00e9rence initiale extr\u00eamement \u00e9lev\u00e9e de min. 400 kg\/m\u00b2, pour un collage imm\u00e9diatement fort et ferme.  <\/p>\n<p>&#8211; Durable, \u00e9lastique en permanence, capacit\u00e9 de mouvement maximale de 20 %.<\/p>\n<p>&#8211; Peut \u00eatre utilis\u00e9 \u00e0 l&#8217;int\u00e9rieur comme \u00e0 l&#8217;ext\u00e9rieur, super solide, rapide et facile \u00e0 utiliser.<\/p>\n<p>&#8211; Adh\u00e8re exceptionnellement bien, sans primaire, \u00e0 pratiquement tous les supports, m\u00eame humides.<\/p>\n<p>&#8211; Accroissement tr\u00e8s rapide de la r\u00e9sistance, durcissement et obtention de la r\u00e9sistance finale.<\/p>\n<p>&#8211; Haute r\u00e9sistance finale et r\u00e9sistance m\u00e9canique, pour les joints adh\u00e9sifs \u00e0 usage intensif.<\/p>\n<p>&#8211; Sublimement recouvrable avec les syst\u00e8mes de peinture synth\u00e9tique et en dispersion.<\/p>\n<p>&#8211; Thixotrope, ne s&#8217;affaisse pas, id\u00e9al pour les applications a\u00e9riennes.<\/p>\n<p>&#8211; Non corrosif pour les m\u00e9taux.<\/p>\n<p>&#8211; Tol\u00e8re le contact direct avec les miroirs argent\u00e9s et le verre feuillet\u00e9 en PVB.<\/p>\n<p>&#8211; Syst\u00e8me hybride inodore, adh\u00e9sif, sans cloquage ni r\u00e9tr\u00e9cissement.<\/p>\n<p>&#8211; Bonne r\u00e9sistance aux UV, aux intemp\u00e9ries, \u00e0 l&#8217;eau, \u00e0 l&#8217;humidit\u00e9 et au vieillissement.<\/p>\n<p>&#8211; Sans isocyanate, sans solvant et sans silicone.<\/p>\n<p>&#8211; Tr\u00e8s faibles \u00e9missions.<\/p>\n<p>&#8211; Ne tache pas et \/ ou ne d\u00e9teint pas sur les mat\u00e9riaux poreux \/ ouverts \/ absorbants et \/ ou les substrats, tels que la pierre naturelle et le b\u00e9ton, ne provoque pas non plus de contamination des zones de bordure.<\/p>\n<p>&#8211; Absorbe bien les vibrations et oscillations acoustiques et m\u00e9caniques.<\/p>\n<p>&#8211; Parfait pour le pon\u00e7age et\/ou le meulage, apr\u00e8s durcissement complet.<\/p>\n<\/div>\n<div>\n<div><b>Applications<\/b><\/div>\n<div>\n<p>&#8211; Convient parfaitement comme colle de montage et de construction solide comme le roc, pour un collage lourd et direct, pour presque tous les mat\u00e9riaux de construction et substrats, sans utiliser de pinces adh\u00e9sives, de tampons et\/ou de rubans de fixation.<\/p>\n<p>&#8211; Colle de montage et de construction haute performance, pour des assemblages par collage direct et \u00e0 haute r\u00e9sistance.<\/p>\n<p>&#8211; Collage structurel dans les structures vibrantes, par exemple dans la construction de fa\u00e7ades, de transports, d&#8217;appareils et de machines.<\/p>\n<p>&#8211; Collage et\/ou pose de miroirs, de pierres naturelles et dures, de marbre, de granit, de b\u00e9ton et d&#8217;autres mat\u00e9riaux critiques\/poreux.<\/p>\n<p>&#8211; Colle de montage et\/ou de construction pour plinthes, panneaux, moulures, profil\u00e9s, mat\u00e9riaux isolants et en feuilles, poutres, lattes, tuiles, briques, etc.<\/p>\n<p>&#8211; Assemblage et\/ou collage de pi\u00e8ces m\u00e9talliques dans les toits, les conteneurs, les fa\u00e7ades, les conduits d&#8217;air, les remorques, les carrosseries et la construction navale.<\/p>\n<\/div>\n<\/div>\n","protected":false},"excerpt":{"rendered":"<p>Veuillez noter que l&#8217;\u00e9tiquette sur le paquet re\u00e7u peut diff\u00e9rer de la photo du produit. Nous sommes en train de changer d&#8217;\u00e9tiquette. Le Schroevendump High Tack est un mastic adh\u00e9sif r\u00e9sistant qui reste \u00e9lastique et ne se tache pas, avec une adh\u00e9rence initiale extr\u00eamement \u00e9lev\u00e9e, pour un collage r\u00e9sistant et instantan\u00e9, bas\u00e9 sur une technologie [&hellip;]<\/p>\n","protected":false},"featured_media":28175,"comment_status":"closed","ping_status":"closed","template":"","meta":[],"product_brand":[],"product_cat":[580],"product_tag":[],"class_list":{"0":"post-28170","1":"product","2":"type-product","3":"status-publish","4":"has-post-thumbnail","6":"product_cat-colles-et-mastics","8":"first","9":"instock","10":"sale","11":"taxable","12":"shipping-taxable","13":"purchasable","14":"product-type-simple"},"supplier_id":null,"supplier_sku":"","barcode":null,"atum_controlled":true,"out_stock_date":null,"out_stock_threshold":null,"inheritable":false,"inbound_stock":0,"stock_on_hold":6,"sold_today":6,"sales_last_days":172,"reserved_stock":0,"customer_returns":0,"warehouse_damage":0,"lost_in_post":0,"other_logs":0,"out_stock_days":0,"lost_sales":0,"has_location":false,"update_date":"2026-04-18T09:05:19","atum_locations":[],"atum_stock_status":"instock","restock_status":false,"low_stock_amount":"","sales_update_date":"2026-04-18T09:05:19","calc_backorders":null,"acf":[],"yoast_head":"<!-- This site is optimized with the Yoast SEO plugin v26.6 - https:\/\/yoast.com\/wordpress\/plugins\/seo\/ -->\n<title>Professionnel Mastic d&#039;\u00e9tanch\u00e9it\u00e9 hautement adh\u00e9sif G70 blanc 290ml - Schroevendump<\/title>\n<meta name=\"robots\" content=\"index, follow, max-snippet:-1, max-image-preview:large, max-video-preview:-1\" \/>\n<link rel=\"canonical\" href=\"https:\/\/schroevendump.nl\/fr\/produit\/professionnel-mastic-detancheite-hautement-adhesif-g70-blanc-290ml\/\" \/>\n<meta property=\"og:locale\" content=\"fr_FR\" \/>\n<meta property=\"og:type\" content=\"article\" \/>\n<meta property=\"og:title\" content=\"Professionnel Mastic d&#039;\u00e9tanch\u00e9it\u00e9 hautement adh\u00e9sif G70 blanc 290ml - Schroevendump\" \/>\n<meta property=\"og:description\" content=\"Veuillez noter que l&#8217;\u00e9tiquette sur le paquet re\u00e7u peut diff\u00e9rer de la photo du produit. Nous sommes en train de changer d&#8217;\u00e9tiquette. Le Schroevendump High Tack est un mastic adh\u00e9sif r\u00e9sistant qui reste \u00e9lastique et ne se tache pas, avec une adh\u00e9rence initiale extr\u00eamement \u00e9lev\u00e9e, pour un collage r\u00e9sistant et instantan\u00e9, bas\u00e9 sur une technologie [&hellip;]\" \/>\n<meta property=\"og:url\" content=\"https:\/\/schroevendump.nl\/fr\/produit\/professionnel-mastic-detancheite-hautement-adhesif-g70-blanc-290ml\/\" \/>\n<meta property=\"og:site_name\" content=\"Schroevendump\" \/>\n<meta property=\"article:modified_time\" content=\"2025-12-10T11:29:43+00:00\" \/>\n<meta property=\"og:image\" content=\"https:\/\/schroevendump.nl\/wp-content\/uploads\/2024\/11\/Mockup-Schroevendump-G70-Polymer-07-25.png\" \/>\n\t<meta property=\"og:image:width\" content=\"2000\" \/>\n\t<meta property=\"og:image:height\" content=\"2000\" \/>\n\t<meta property=\"og:image:type\" content=\"image\/png\" \/>\n<meta name=\"twitter:card\" content=\"summary_large_image\" \/>\n<meta name=\"twitter:label1\" content=\"Dur\u00e9e de lecture estim\u00e9e\" \/>\n\t<meta name=\"twitter:data1\" content=\"2 minutes\" \/>\n<script type=\"application\/ld+json\" class=\"yoast-schema-graph\">{\"@context\":\"https:\/\/schema.org\",\"@graph\":[{\"@type\":\"WebPage\",\"@id\":\"https:\/\/schroevendump.nl\/fr\/produit\/professionnel-mastic-detancheite-hautement-adhesif-g70-blanc-290ml\/\",\"url\":\"https:\/\/schroevendump.nl\/fr\/produit\/professionnel-mastic-detancheite-hautement-adhesif-g70-blanc-290ml\/\",\"name\":\"Professionnel Mastic d'\u00e9tanch\u00e9it\u00e9 hautement adh\u00e9sif G70 blanc 290ml - Schroevendump\",\"isPartOf\":{\"@id\":\"https:\/\/schroevendump.nl\/fr\/#website\"},\"primaryImageOfPage\":{\"@id\":\"https:\/\/schroevendump.nl\/fr\/produit\/professionnel-mastic-detancheite-hautement-adhesif-g70-blanc-290ml\/#primaryimage\"},\"image\":{\"@id\":\"https:\/\/schroevendump.nl\/fr\/produit\/professionnel-mastic-detancheite-hautement-adhesif-g70-blanc-290ml\/#primaryimage\"},\"thumbnailUrl\":\"https:\/\/schroevendump.nl\/wp-content\/uploads\/2024\/11\/Mockup-Schroevendump-G70-Polymer-07-25.png\",\"datePublished\":\"2024-11-30T12:14:12+00:00\",\"dateModified\":\"2025-12-10T11:29:43+00:00\",\"breadcrumb\":{\"@id\":\"https:\/\/schroevendump.nl\/fr\/produit\/professionnel-mastic-detancheite-hautement-adhesif-g70-blanc-290ml\/#breadcrumb\"},\"inLanguage\":\"fr-FR\",\"potentialAction\":[{\"@type\":\"ReadAction\",\"target\":[\"https:\/\/schroevendump.nl\/fr\/produit\/professionnel-mastic-detancheite-hautement-adhesif-g70-blanc-290ml\/\"]}]},{\"@type\":\"ImageObject\",\"inLanguage\":\"fr-FR\",\"@id\":\"https:\/\/schroevendump.nl\/fr\/produit\/professionnel-mastic-detancheite-hautement-adhesif-g70-blanc-290ml\/#primaryimage\",\"url\":\"https:\/\/schroevendump.nl\/wp-content\/uploads\/2024\/11\/Mockup-Schroevendump-G70-Polymer-07-25.png\",\"contentUrl\":\"https:\/\/schroevendump.nl\/wp-content\/uploads\/2024\/11\/Mockup-Schroevendump-G70-Polymer-07-25.png\",\"width\":2000,\"height\":2000},{\"@type\":\"BreadcrumbList\",\"@id\":\"https:\/\/schroevendump.nl\/fr\/produit\/professionnel-mastic-detancheite-hautement-adhesif-g70-blanc-290ml\/#breadcrumb\",\"itemListElement\":[{\"@type\":\"ListItem\",\"position\":1,\"name\":\"Accueil\",\"item\":\"https:\/\/schroevendump.nl\/fr\/\"},{\"@type\":\"ListItem\",\"position\":2,\"name\":\"Boutique\",\"item\":\"https:\/\/schroevendump.nl\/fr\/boutique\/\"},{\"@type\":\"ListItem\",\"position\":3,\"name\":\"Professionnel Mastic d&#8217;\u00e9tanch\u00e9it\u00e9 hautement adh\u00e9sif G70 blanc 290ml\"}]},{\"@type\":\"WebSite\",\"@id\":\"https:\/\/schroevendump.nl\/fr\/#website\",\"url\":\"https:\/\/schroevendump.nl\/fr\/\",\"name\":\"Schroevendump\",\"description\":\"\",\"potentialAction\":[{\"@type\":\"SearchAction\",\"target\":{\"@type\":\"EntryPoint\",\"urlTemplate\":\"https:\/\/schroevendump.nl\/fr\/?s={search_term_string}\"},\"query-input\":{\"@type\":\"PropertyValueSpecification\",\"valueRequired\":true,\"valueName\":\"search_term_string\"}}],\"inLanguage\":\"fr-FR\"}]}<\/script>\n<!-- \/ Yoast SEO plugin. -->","yoast_head_json":{"title":"Professionnel Mastic d'\u00e9tanch\u00e9it\u00e9 hautement adh\u00e9sif G70 blanc 290ml - Schroevendump","robots":{"index":"index","follow":"follow","max-snippet":"max-snippet:-1","max-image-preview":"max-image-preview:large","max-video-preview":"max-video-preview:-1"},"canonical":"https:\/\/schroevendump.nl\/fr\/produit\/professionnel-mastic-detancheite-hautement-adhesif-g70-blanc-290ml\/","og_locale":"fr_FR","og_type":"article","og_title":"Professionnel Mastic d'\u00e9tanch\u00e9it\u00e9 hautement adh\u00e9sif G70 blanc 290ml - Schroevendump","og_description":"Veuillez noter que l&#8217;\u00e9tiquette sur le paquet re\u00e7u peut diff\u00e9rer de la photo du produit. Nous sommes en train de changer d&#8217;\u00e9tiquette. Le Schroevendump High Tack est un mastic adh\u00e9sif r\u00e9sistant qui reste \u00e9lastique et ne se tache pas, avec une adh\u00e9rence initiale extr\u00eamement \u00e9lev\u00e9e, pour un collage r\u00e9sistant et instantan\u00e9, bas\u00e9 sur une technologie [&hellip;]","og_url":"https:\/\/schroevendump.nl\/fr\/produit\/professionnel-mastic-detancheite-hautement-adhesif-g70-blanc-290ml\/","og_site_name":"Schroevendump","article_modified_time":"2025-12-10T11:29:43+00:00","og_image":[{"width":2000,"height":2000,"url":"https:\/\/schroevendump.nl\/wp-content\/uploads\/2024\/11\/Mockup-Schroevendump-G70-Polymer-07-25.png","type":"image\/png"}],"twitter_card":"summary_large_image","twitter_misc":{"Dur\u00e9e de lecture estim\u00e9e":"2 minutes"},"schema":{"@context":"https:\/\/schema.org","@graph":[{"@type":"WebPage","@id":"https:\/\/schroevendump.nl\/fr\/produit\/professionnel-mastic-detancheite-hautement-adhesif-g70-blanc-290ml\/","url":"https:\/\/schroevendump.nl\/fr\/produit\/professionnel-mastic-detancheite-hautement-adhesif-g70-blanc-290ml\/","name":"Professionnel Mastic d'\u00e9tanch\u00e9it\u00e9 hautement adh\u00e9sif G70 blanc 290ml - Schroevendump","isPartOf":{"@id":"https:\/\/schroevendump.nl\/fr\/#website"},"primaryImageOfPage":{"@id":"https:\/\/schroevendump.nl\/fr\/produit\/professionnel-mastic-detancheite-hautement-adhesif-g70-blanc-290ml\/#primaryimage"},"image":{"@id":"https:\/\/schroevendump.nl\/fr\/produit\/professionnel-mastic-detancheite-hautement-adhesif-g70-blanc-290ml\/#primaryimage"},"thumbnailUrl":"https:\/\/schroevendump.nl\/wp-content\/uploads\/2024\/11\/Mockup-Schroevendump-G70-Polymer-07-25.png","datePublished":"2024-11-30T12:14:12+00:00","dateModified":"2025-12-10T11:29:43+00:00","breadcrumb":{"@id":"https:\/\/schroevendump.nl\/fr\/produit\/professionnel-mastic-detancheite-hautement-adhesif-g70-blanc-290ml\/#breadcrumb"},"inLanguage":"fr-FR","potentialAction":[{"@type":"ReadAction","target":["https:\/\/schroevendump.nl\/fr\/produit\/professionnel-mastic-detancheite-hautement-adhesif-g70-blanc-290ml\/"]}]},{"@type":"ImageObject","inLanguage":"fr-FR","@id":"https:\/\/schroevendump.nl\/fr\/produit\/professionnel-mastic-detancheite-hautement-adhesif-g70-blanc-290ml\/#primaryimage","url":"https:\/\/schroevendump.nl\/wp-content\/uploads\/2024\/11\/Mockup-Schroevendump-G70-Polymer-07-25.png","contentUrl":"https:\/\/schroevendump.nl\/wp-content\/uploads\/2024\/11\/Mockup-Schroevendump-G70-Polymer-07-25.png","width":2000,"height":2000},{"@type":"BreadcrumbList","@id":"https:\/\/schroevendump.nl\/fr\/produit\/professionnel-mastic-detancheite-hautement-adhesif-g70-blanc-290ml\/#breadcrumb","itemListElement":[{"@type":"ListItem","position":1,"name":"Accueil","item":"https:\/\/schroevendump.nl\/fr\/"},{"@type":"ListItem","position":2,"name":"Boutique","item":"https:\/\/schroevendump.nl\/fr\/boutique\/"},{"@type":"ListItem","position":3,"name":"Professionnel Mastic d&#8217;\u00e9tanch\u00e9it\u00e9 hautement adh\u00e9sif G70 blanc 290ml"}]},{"@type":"WebSite","@id":"https:\/\/schroevendump.nl\/fr\/#website","url":"https:\/\/schroevendump.nl\/fr\/","name":"Schroevendump","description":"","potentialAction":[{"@type":"SearchAction","target":{"@type":"EntryPoint","urlTemplate":"https:\/\/schroevendump.nl\/fr\/?s={search_term_string}"},"query-input":{"@type":"PropertyValueSpecification","valueRequired":true,"valueName":"search_term_string"}}],"inLanguage":"fr-FR"}]}},"_links":{"self":[{"href":"https:\/\/schroevendump.nl\/fr\/wp-json\/wp\/v2\/product\/28170","targetHints":{"allow":["GET"]}}],"collection":[{"href":"https:\/\/schroevendump.nl\/fr\/wp-json\/wp\/v2\/product"}],"about":[{"href":"https:\/\/schroevendump.nl\/fr\/wp-json\/wp\/v2\/types\/product"}],"replies":[{"embeddable":true,"href":"https:\/\/schroevendump.nl\/fr\/wp-json\/wp\/v2\/comments?post=28170"}],"wp:featuredmedia":[{"embeddable":true,"href":"https:\/\/schroevendump.nl\/fr\/wp-json\/wp\/v2\/media\/28175"}],"wp:attachment":[{"href":"https:\/\/schroevendump.nl\/fr\/wp-json\/wp\/v2\/media?parent=28170"}],"wp:term":[{"taxonomy":"product_brand","embeddable":true,"href":"https:\/\/schroevendump.nl\/fr\/wp-json\/wp\/v2\/product_brand?post=28170"},{"taxonomy":"product_cat","embeddable":true,"href":"https:\/\/schroevendump.nl\/fr\/wp-json\/wp\/v2\/product_cat?post=28170"},{"taxonomy":"product_tag","embeddable":true,"href":"https:\/\/schroevendump.nl\/fr\/wp-json\/wp\/v2\/product_tag?post=28170"}],"curies":[{"name":"wp","href":"https:\/\/api.w.org\/{rel}","templated":true}]}}