{"id":28178,"date":"2024-11-30T12:27:55","date_gmt":"2024-11-30T12:27:55","guid":{"rendered":"https:\/\/schroevendump.nl\/product\/ancre-chimique-300ml-approuve-eta\/"},"modified":"2025-12-10T11:29:42","modified_gmt":"2025-12-10T11:29:42","slug":"ancre-chimique-300ml-approuve-eta","status":"publish","type":"product","link":"https:\/\/schroevendump.nl\/fr\/produit\/ancre-chimique-300ml-approuve-eta\/","title":{"rendered":"Ancre chimique 300ML Approuv\u00e9 ETA."},"content":{"rendered":"<ul>\n<li>Ancrage chimique \u00e0 2 composants pour l&#8217;ancrage dans les mat\u00e9riaux solides et creux<\/li>\n<li>Performance sup\u00e9rieure pour les applications structurelles<\/li>\n<li>Sans styr\u00e8ne, utilisable dans les espaces clos<\/li>\n<li>Emballage pr\u00eat \u00e0 l&#8217;emploi, pr\u00e9d\u00e9coup\u00e9<\/li>\n<li>Convient aux trous secs, humides et inond\u00e9s(*) sans perte de performance<\/li>\n<li>Temps de chargement rapide<\/li>\n<li>Avec indicateur de couleur pour le temps de travail (le bleu devient gris)<\/li>\n<li>L&#8217;ancrage peut \u00eatre plac\u00e9 pr\u00e8s des bords (voir les param\u00e8tres d&#8217;installation).<\/li>\n<li>Peut \u00eatre appliqu\u00e9 \u00e0 l&#8217;aide d&#8217;un pistolet \u00e0 mastic standard<\/li>\n<\/ul>\n<p>certificats<\/p>\n<ul class=\"certificates\">\n<li>Classe d&#8217;\u00e9mission de COV fran\u00e7aise A+<\/li>\n<li>ETA 19\/ 0744 selon EAD 330499-01-0601 M8 &#8211; M24 pour fixer et\/ou soutenir du b\u00e9ton, des \u00e9l\u00e9ments structurels (contribuant \u00e0 la stabilit\u00e9 des ouvrages) ou des unit\u00e9s lourdes.<\/li>\n<li>ETA 19\/ 0743 selon EAD 330076-00-0604 M8 &#8211; M12 pour fixer et\/ou soutenir la ma\u00e7onnerie, les \u00e9l\u00e9ments structurels (contribuant \u00e0 la stabilit\u00e9 des ouvrages) ou les unit\u00e9s lourdes.<\/li>\n<li>ETA 22\/ 0326 selon EAD 330087-01-0601 \u00af8 &#8211; \u00af20 pour les joints d&#8217;armature post-install\u00e9s dans les structures existantes en b\u00e9ton de poids normal.<\/li>\n<li>Consultez la <a href=\"https:\/\/www.dl-chem.com\/nl\/amfile\/file\/download\/file\/RUztCo5dpkw0PwFPg8CpB7JP4RCQP4MV\/product\/712\/\">description technique <\/a> ici  <\/li>\n<\/ul>\n<div class=\"certificate-images\"><img decoding=\"async\" src=\"https:\/\/www.dl-chem.com\/static\/version1715691776\/frontend\/Dlchemicals\/default\/nl_NL\/Dlchemicals_Product\/images\/certificates\/a+.png\" alt=\"A+\"> <img decoding=\"async\" src=\"https:\/\/www.dl-chem.com\/static\/version1715691776\/frontend\/Dlchemicals\/default\/nl_NL\/Dlchemicals_Product\/images\/certificates\/ce.png\" alt=\"CE\"><\/div>\n","protected":false},"excerpt":{"rendered":"<p>Ancrage chimique \u00e0 2 composants pour l&#8217;ancrage dans les mat\u00e9riaux solides et creux Performance sup\u00e9rieure pour les applications structurelles Sans styr\u00e8ne, utilisable dans les espaces clos Emballage pr\u00eat \u00e0 l&#8217;emploi, pr\u00e9d\u00e9coup\u00e9 Convient aux trous secs, humides et inond\u00e9s(*) sans perte de performance Temps de chargement rapide Avec indicateur de couleur pour le temps de travail [&hellip;]<\/p>\n","protected":false},"featured_media":1986,"comment_status":"open","ping_status":"closed","template":"","meta":[],"product_brand":[],"product_cat":[580],"product_tag":[],"class_list":{"0":"post-28178","1":"product","2":"type-product","3":"status-publish","4":"has-post-thumbnail","6":"product_cat-colles-et-mastics","8":"first","9":"instock","10":"taxable","11":"shipping-taxable","12":"purchasable","13":"product-type-simple"},"supplier_id":null,"supplier_sku":"","barcode":null,"atum_controlled":true,"out_stock_date":null,"out_stock_threshold":null,"inheritable":false,"inbound_stock":0,"stock_on_hold":0,"sold_today":0,"sales_last_days":0,"reserved_stock":0,"customer_returns":0,"warehouse_damage":0,"lost_in_post":0,"other_logs":0,"out_stock_days":0,"lost_sales":0,"has_location":false,"update_date":"2026-04-25T01:06:56","atum_locations":[],"atum_stock_status":"instock","restock_status":false,"low_stock_amount":"","sales_update_date":"2026-04-25T01:06:55","calc_backorders":null,"acf":[],"yoast_head":"<!-- This site is optimized with the Yoast SEO plugin v26.6 - https:\/\/yoast.com\/wordpress\/plugins\/seo\/ -->\n<title>Ancre chimique 300ML Approuv\u00e9 ETA. - Schroevendump<\/title>\n<meta name=\"robots\" content=\"index, follow, max-snippet:-1, max-image-preview:large, max-video-preview:-1\" \/>\n<link rel=\"canonical\" href=\"https:\/\/schroevendump.nl\/fr\/produit\/ancre-chimique-300ml-approuve-eta\/\" \/>\n<meta property=\"og:locale\" content=\"fr_FR\" \/>\n<meta property=\"og:type\" content=\"article\" \/>\n<meta property=\"og:title\" content=\"Ancre chimique 300ML Approuv\u00e9 ETA. - Schroevendump\" \/>\n<meta property=\"og:description\" content=\"Ancrage chimique \u00e0 2 composants pour l&#8217;ancrage dans les mat\u00e9riaux solides et creux Performance sup\u00e9rieure pour les applications structurelles Sans styr\u00e8ne, utilisable dans les espaces clos Emballage pr\u00eat \u00e0 l&#8217;emploi, pr\u00e9d\u00e9coup\u00e9 Convient aux trous secs, humides et inond\u00e9s(*) sans perte de performance Temps de chargement rapide Avec indicateur de couleur pour le temps de travail [&hellip;]\" \/>\n<meta property=\"og:url\" content=\"https:\/\/schroevendump.nl\/fr\/produit\/ancre-chimique-300ml-approuve-eta\/\" \/>\n<meta property=\"og:site_name\" content=\"Schroevendump\" \/>\n<meta property=\"article:modified_time\" content=\"2025-12-10T11:29:42+00:00\" \/>\n<meta property=\"og:image\" content=\"https:\/\/schroevendump.nl\/wp-content\/uploads\/2024\/11\/104696-104696-foto1-parachim_vinylester__1_-removebg-preview.png\" \/>\n\t<meta property=\"og:image:width\" content=\"500\" \/>\n\t<meta property=\"og:image:height\" content=\"500\" \/>\n\t<meta property=\"og:image:type\" content=\"image\/png\" \/>\n<meta name=\"twitter:card\" content=\"summary_large_image\" \/>\n<meta name=\"twitter:label1\" content=\"Dur\u00e9e de lecture estim\u00e9e\" \/>\n\t<meta name=\"twitter:data1\" content=\"1 minute\" \/>\n<script type=\"application\/ld+json\" class=\"yoast-schema-graph\">{\"@context\":\"https:\/\/schema.org\",\"@graph\":[{\"@type\":\"WebPage\",\"@id\":\"https:\/\/schroevendump.nl\/fr\/produit\/ancre-chimique-300ml-approuve-eta\/\",\"url\":\"https:\/\/schroevendump.nl\/fr\/produit\/ancre-chimique-300ml-approuve-eta\/\",\"name\":\"Ancre chimique 300ML Approuv\u00e9 ETA. - Schroevendump\",\"isPartOf\":{\"@id\":\"https:\/\/schroevendump.nl\/fr\/#website\"},\"primaryImageOfPage\":{\"@id\":\"https:\/\/schroevendump.nl\/fr\/produit\/ancre-chimique-300ml-approuve-eta\/#primaryimage\"},\"image\":{\"@id\":\"https:\/\/schroevendump.nl\/fr\/produit\/ancre-chimique-300ml-approuve-eta\/#primaryimage\"},\"thumbnailUrl\":\"https:\/\/schroevendump.nl\/wp-content\/uploads\/2024\/11\/104696-104696-foto1-parachim_vinylester__1_-removebg-preview.png\",\"datePublished\":\"2024-11-30T12:27:55+00:00\",\"dateModified\":\"2025-12-10T11:29:42+00:00\",\"breadcrumb\":{\"@id\":\"https:\/\/schroevendump.nl\/fr\/produit\/ancre-chimique-300ml-approuve-eta\/#breadcrumb\"},\"inLanguage\":\"fr-FR\",\"potentialAction\":[{\"@type\":\"ReadAction\",\"target\":[\"https:\/\/schroevendump.nl\/fr\/produit\/ancre-chimique-300ml-approuve-eta\/\"]}]},{\"@type\":\"ImageObject\",\"inLanguage\":\"fr-FR\",\"@id\":\"https:\/\/schroevendump.nl\/fr\/produit\/ancre-chimique-300ml-approuve-eta\/#primaryimage\",\"url\":\"https:\/\/schroevendump.nl\/wp-content\/uploads\/2024\/11\/104696-104696-foto1-parachim_vinylester__1_-removebg-preview.png\",\"contentUrl\":\"https:\/\/schroevendump.nl\/wp-content\/uploads\/2024\/11\/104696-104696-foto1-parachim_vinylester__1_-removebg-preview.png\",\"width\":500,\"height\":500},{\"@type\":\"BreadcrumbList\",\"@id\":\"https:\/\/schroevendump.nl\/fr\/produit\/ancre-chimique-300ml-approuve-eta\/#breadcrumb\",\"itemListElement\":[{\"@type\":\"ListItem\",\"position\":1,\"name\":\"Accueil\",\"item\":\"https:\/\/schroevendump.nl\/fr\/\"},{\"@type\":\"ListItem\",\"position\":2,\"name\":\"Boutique\",\"item\":\"https:\/\/schroevendump.nl\/fr\/boutique\/\"},{\"@type\":\"ListItem\",\"position\":3,\"name\":\"Ancre chimique 300ML Approuv\u00e9 ETA.\"}]},{\"@type\":\"WebSite\",\"@id\":\"https:\/\/schroevendump.nl\/fr\/#website\",\"url\":\"https:\/\/schroevendump.nl\/fr\/\",\"name\":\"Schroevendump\",\"description\":\"\",\"potentialAction\":[{\"@type\":\"SearchAction\",\"target\":{\"@type\":\"EntryPoint\",\"urlTemplate\":\"https:\/\/schroevendump.nl\/fr\/?s={search_term_string}\"},\"query-input\":{\"@type\":\"PropertyValueSpecification\",\"valueRequired\":true,\"valueName\":\"search_term_string\"}}],\"inLanguage\":\"fr-FR\"}]}<\/script>\n<!-- \/ Yoast SEO plugin. -->","yoast_head_json":{"title":"Ancre chimique 300ML Approuv\u00e9 ETA. - Schroevendump","robots":{"index":"index","follow":"follow","max-snippet":"max-snippet:-1","max-image-preview":"max-image-preview:large","max-video-preview":"max-video-preview:-1"},"canonical":"https:\/\/schroevendump.nl\/fr\/produit\/ancre-chimique-300ml-approuve-eta\/","og_locale":"fr_FR","og_type":"article","og_title":"Ancre chimique 300ML Approuv\u00e9 ETA. - Schroevendump","og_description":"Ancrage chimique \u00e0 2 composants pour l&#8217;ancrage dans les mat\u00e9riaux solides et creux Performance sup\u00e9rieure pour les applications structurelles Sans styr\u00e8ne, utilisable dans les espaces clos Emballage pr\u00eat \u00e0 l&#8217;emploi, pr\u00e9d\u00e9coup\u00e9 Convient aux trous secs, humides et inond\u00e9s(*) sans perte de performance Temps de chargement rapide Avec indicateur de couleur pour le temps de travail [&hellip;]","og_url":"https:\/\/schroevendump.nl\/fr\/produit\/ancre-chimique-300ml-approuve-eta\/","og_site_name":"Schroevendump","article_modified_time":"2025-12-10T11:29:42+00:00","og_image":[{"width":500,"height":500,"url":"https:\/\/schroevendump.nl\/wp-content\/uploads\/2024\/11\/104696-104696-foto1-parachim_vinylester__1_-removebg-preview.png","type":"image\/png"}],"twitter_card":"summary_large_image","twitter_misc":{"Dur\u00e9e de lecture estim\u00e9e":"1 minute"},"schema":{"@context":"https:\/\/schema.org","@graph":[{"@type":"WebPage","@id":"https:\/\/schroevendump.nl\/fr\/produit\/ancre-chimique-300ml-approuve-eta\/","url":"https:\/\/schroevendump.nl\/fr\/produit\/ancre-chimique-300ml-approuve-eta\/","name":"Ancre chimique 300ML Approuv\u00e9 ETA. - Schroevendump","isPartOf":{"@id":"https:\/\/schroevendump.nl\/fr\/#website"},"primaryImageOfPage":{"@id":"https:\/\/schroevendump.nl\/fr\/produit\/ancre-chimique-300ml-approuve-eta\/#primaryimage"},"image":{"@id":"https:\/\/schroevendump.nl\/fr\/produit\/ancre-chimique-300ml-approuve-eta\/#primaryimage"},"thumbnailUrl":"https:\/\/schroevendump.nl\/wp-content\/uploads\/2024\/11\/104696-104696-foto1-parachim_vinylester__1_-removebg-preview.png","datePublished":"2024-11-30T12:27:55+00:00","dateModified":"2025-12-10T11:29:42+00:00","breadcrumb":{"@id":"https:\/\/schroevendump.nl\/fr\/produit\/ancre-chimique-300ml-approuve-eta\/#breadcrumb"},"inLanguage":"fr-FR","potentialAction":[{"@type":"ReadAction","target":["https:\/\/schroevendump.nl\/fr\/produit\/ancre-chimique-300ml-approuve-eta\/"]}]},{"@type":"ImageObject","inLanguage":"fr-FR","@id":"https:\/\/schroevendump.nl\/fr\/produit\/ancre-chimique-300ml-approuve-eta\/#primaryimage","url":"https:\/\/schroevendump.nl\/wp-content\/uploads\/2024\/11\/104696-104696-foto1-parachim_vinylester__1_-removebg-preview.png","contentUrl":"https:\/\/schroevendump.nl\/wp-content\/uploads\/2024\/11\/104696-104696-foto1-parachim_vinylester__1_-removebg-preview.png","width":500,"height":500},{"@type":"BreadcrumbList","@id":"https:\/\/schroevendump.nl\/fr\/produit\/ancre-chimique-300ml-approuve-eta\/#breadcrumb","itemListElement":[{"@type":"ListItem","position":1,"name":"Accueil","item":"https:\/\/schroevendump.nl\/fr\/"},{"@type":"ListItem","position":2,"name":"Boutique","item":"https:\/\/schroevendump.nl\/fr\/boutique\/"},{"@type":"ListItem","position":3,"name":"Ancre chimique 300ML Approuv\u00e9 ETA."}]},{"@type":"WebSite","@id":"https:\/\/schroevendump.nl\/fr\/#website","url":"https:\/\/schroevendump.nl\/fr\/","name":"Schroevendump","description":"","potentialAction":[{"@type":"SearchAction","target":{"@type":"EntryPoint","urlTemplate":"https:\/\/schroevendump.nl\/fr\/?s={search_term_string}"},"query-input":{"@type":"PropertyValueSpecification","valueRequired":true,"valueName":"search_term_string"}}],"inLanguage":"fr-FR"}]}},"_links":{"self":[{"href":"https:\/\/schroevendump.nl\/fr\/wp-json\/wp\/v2\/product\/28178","targetHints":{"allow":["GET"]}}],"collection":[{"href":"https:\/\/schroevendump.nl\/fr\/wp-json\/wp\/v2\/product"}],"about":[{"href":"https:\/\/schroevendump.nl\/fr\/wp-json\/wp\/v2\/types\/product"}],"replies":[{"embeddable":true,"href":"https:\/\/schroevendump.nl\/fr\/wp-json\/wp\/v2\/comments?post=28178"}],"wp:featuredmedia":[{"embeddable":true,"href":"https:\/\/schroevendump.nl\/fr\/wp-json\/wp\/v2\/media\/1986"}],"wp:attachment":[{"href":"https:\/\/schroevendump.nl\/fr\/wp-json\/wp\/v2\/media?parent=28178"}],"wp:term":[{"taxonomy":"product_brand","embeddable":true,"href":"https:\/\/schroevendump.nl\/fr\/wp-json\/wp\/v2\/product_brand?post=28178"},{"taxonomy":"product_cat","embeddable":true,"href":"https:\/\/schroevendump.nl\/fr\/wp-json\/wp\/v2\/product_cat?post=28178"},{"taxonomy":"product_tag","embeddable":true,"href":"https:\/\/schroevendump.nl\/fr\/wp-json\/wp\/v2\/product_tag?post=28178"}],"curies":[{"name":"wp","href":"https:\/\/api.w.org\/{rel}","templated":true}]}}