{"id":28198,"date":"2024-11-30T11:46:28","date_gmt":"2024-11-30T11:46:28","guid":{"rendered":"https:\/\/schroevendump.nl\/product\/illbruck-aa290-nettoyant-pour-pistolet-500-ml\/"},"modified":"2025-12-10T11:29:24","modified_gmt":"2025-12-10T11:29:24","slug":"illbruck-aa290-nettoyant-pour-pistolet-500-ml","status":"publish","type":"product","link":"https:\/\/schroevendump.nl\/fr\/produit\/illbruck-aa290-nettoyant-pour-pistolet-500-ml\/","title":{"rendered":"illbruck AA290 Nettoyant pour pistolet 500 ml"},"content":{"rendered":"<p><strong>Application<\/strong><\/p>\n<ul>\n<li>Pour le nettoyage des pistolets \u00e0 mousse et l&#8217;\u00e9limination de la mousse non durcie.<\/li>\n<li>Applicable universellement.<\/li>\n<li>Peut \u00e9galement \u00eatre utilis\u00e9 pour \u00e9liminer les r\u00e9sidus de peinture fra\u00eeche, de cire, de graisse, d&#8217;huile et de colle.<\/li>\n<\/ul>\n<p><strong>Traitement<\/strong><\/p>\n<p>D\u00e9vissez la bo\u00eete vide de mousse PU du pistolet. Vissez le nettoyant avec l&#8217;adaptateur sur le pistolet. Appuyez ensuite sur la g\u00e2chette du pistolet jusqu&#8217;\u00e0 ce qu&#8217;il n&#8217;en sorte plus de mousse, mais un liquide clair. Laissez agir pendant 5 minutes. D\u00e9vissez \u00e0 nouveau le nettoyant du pistolet et retirez l&#8217;exc\u00e9dent de nettoyant de l&#8217;adaptateur. Placez imm\u00e9diatement une nouvelle bo\u00eete de mousse PU sur le pistolet et vaporisez bien pour que tout le nettoyant soit \u00e9limin\u00e9 du pistolet.     <\/p>\n","protected":false},"excerpt":{"rendered":"<p>Application Pour le nettoyage des pistolets \u00e0 mousse et l&#8217;\u00e9limination de la mousse non durcie. Applicable universellement. Peut \u00e9galement \u00eatre utilis\u00e9 pour \u00e9liminer les r\u00e9sidus de peinture fra\u00eeche, de cire, de graisse, d&#8217;huile et de colle. Traitement D\u00e9vissez la bo\u00eete vide de mousse PU du pistolet. Vissez le nettoyant avec l&#8217;adaptateur sur le pistolet. Appuyez [&hellip;]<\/p>\n","protected":false},"featured_media":1973,"comment_status":"open","ping_status":"closed","template":"","meta":[],"product_brand":[],"product_cat":[788],"product_tag":[],"class_list":{"0":"post-28198","1":"product","2":"type-product","3":"status-publish","4":"has-post-thumbnail","6":"product_cat-mousse-pure","8":"first","9":"outofstock","10":"taxable","11":"shipping-taxable","12":"purchasable","13":"product-type-simple"},"supplier_id":null,"supplier_sku":"","barcode":null,"atum_controlled":true,"out_stock_date":null,"out_stock_threshold":null,"inheritable":false,"inbound_stock":0,"stock_on_hold":0,"sold_today":0,"sales_last_days":0,"reserved_stock":0,"customer_returns":0,"warehouse_damage":0,"lost_in_post":0,"other_logs":0,"out_stock_days":0,"lost_sales":0,"has_location":false,"update_date":"2026-04-19T01:00:38","atum_locations":[],"atum_stock_status":"outofstock","restock_status":false,"low_stock_amount":"","sales_update_date":"2026-04-19T01:00:38","calc_backorders":null,"acf":[],"yoast_head":"<!-- This site is optimized with the Yoast SEO plugin v26.6 - https:\/\/yoast.com\/wordpress\/plugins\/seo\/ -->\n<title>illbruck AA290 Nettoyant pour pistolet 500 ml - Schroevendump<\/title>\n<meta name=\"robots\" content=\"index, follow, max-snippet:-1, max-image-preview:large, max-video-preview:-1\" \/>\n<link rel=\"canonical\" href=\"https:\/\/schroevendump.nl\/fr\/produit\/illbruck-aa290-nettoyant-pour-pistolet-500-ml\/\" \/>\n<meta property=\"og:locale\" content=\"fr_FR\" \/>\n<meta property=\"og:type\" content=\"article\" \/>\n<meta property=\"og:title\" content=\"illbruck AA290 Nettoyant pour pistolet 500 ml - Schroevendump\" \/>\n<meta property=\"og:description\" content=\"Application Pour le nettoyage des pistolets \u00e0 mousse et l&#8217;\u00e9limination de la mousse non durcie. Applicable universellement. Peut \u00e9galement \u00eatre utilis\u00e9 pour \u00e9liminer les r\u00e9sidus de peinture fra\u00eeche, de cire, de graisse, d&#8217;huile et de colle. Traitement D\u00e9vissez la bo\u00eete vide de mousse PU du pistolet. Vissez le nettoyant avec l&#8217;adaptateur sur le pistolet. Appuyez [&hellip;]\" \/>\n<meta property=\"og:url\" content=\"https:\/\/schroevendump.nl\/fr\/produit\/illbruck-aa290-nettoyant-pour-pistolet-500-ml\/\" \/>\n<meta property=\"og:site_name\" content=\"Schroevendump\" \/>\n<meta property=\"article:modified_time\" content=\"2025-12-10T11:29:24+00:00\" \/>\n<meta property=\"og:image\" content=\"https:\/\/schroevendump.nl\/wp-content\/uploads\/2024\/11\/illbruck_AA290_500ml-removebg-preview.png\" \/>\n\t<meta property=\"og:image:width\" content=\"456\" \/>\n\t<meta property=\"og:image:height\" content=\"456\" \/>\n\t<meta property=\"og:image:type\" content=\"image\/png\" \/>\n<meta name=\"twitter:card\" content=\"summary_large_image\" \/>\n<meta name=\"twitter:label1\" content=\"Dur\u00e9e de lecture estim\u00e9e\" \/>\n\t<meta name=\"twitter:data1\" content=\"1 minute\" \/>\n<script type=\"application\/ld+json\" class=\"yoast-schema-graph\">{\"@context\":\"https:\/\/schema.org\",\"@graph\":[{\"@type\":\"WebPage\",\"@id\":\"https:\/\/schroevendump.nl\/fr\/produit\/illbruck-aa290-nettoyant-pour-pistolet-500-ml\/\",\"url\":\"https:\/\/schroevendump.nl\/fr\/produit\/illbruck-aa290-nettoyant-pour-pistolet-500-ml\/\",\"name\":\"illbruck AA290 Nettoyant pour pistolet 500 ml - Schroevendump\",\"isPartOf\":{\"@id\":\"https:\/\/schroevendump.nl\/fr\/#website\"},\"primaryImageOfPage\":{\"@id\":\"https:\/\/schroevendump.nl\/fr\/produit\/illbruck-aa290-nettoyant-pour-pistolet-500-ml\/#primaryimage\"},\"image\":{\"@id\":\"https:\/\/schroevendump.nl\/fr\/produit\/illbruck-aa290-nettoyant-pour-pistolet-500-ml\/#primaryimage\"},\"thumbnailUrl\":\"https:\/\/schroevendump.nl\/wp-content\/uploads\/2024\/11\/illbruck_AA290_500ml-removebg-preview.png\",\"datePublished\":\"2024-11-30T11:46:28+00:00\",\"dateModified\":\"2025-12-10T11:29:24+00:00\",\"breadcrumb\":{\"@id\":\"https:\/\/schroevendump.nl\/fr\/produit\/illbruck-aa290-nettoyant-pour-pistolet-500-ml\/#breadcrumb\"},\"inLanguage\":\"fr-FR\",\"potentialAction\":[{\"@type\":\"ReadAction\",\"target\":[\"https:\/\/schroevendump.nl\/fr\/produit\/illbruck-aa290-nettoyant-pour-pistolet-500-ml\/\"]}]},{\"@type\":\"ImageObject\",\"inLanguage\":\"fr-FR\",\"@id\":\"https:\/\/schroevendump.nl\/fr\/produit\/illbruck-aa290-nettoyant-pour-pistolet-500-ml\/#primaryimage\",\"url\":\"https:\/\/schroevendump.nl\/wp-content\/uploads\/2024\/11\/illbruck_AA290_500ml-removebg-preview.png\",\"contentUrl\":\"https:\/\/schroevendump.nl\/wp-content\/uploads\/2024\/11\/illbruck_AA290_500ml-removebg-preview.png\",\"width\":456,\"height\":456},{\"@type\":\"BreadcrumbList\",\"@id\":\"https:\/\/schroevendump.nl\/fr\/produit\/illbruck-aa290-nettoyant-pour-pistolet-500-ml\/#breadcrumb\",\"itemListElement\":[{\"@type\":\"ListItem\",\"position\":1,\"name\":\"Accueil\",\"item\":\"https:\/\/schroevendump.nl\/fr\/\"},{\"@type\":\"ListItem\",\"position\":2,\"name\":\"Boutique\",\"item\":\"https:\/\/schroevendump.nl\/fr\/boutique\/\"},{\"@type\":\"ListItem\",\"position\":3,\"name\":\"illbruck AA290 Nettoyant pour pistolet 500 ml\"}]},{\"@type\":\"WebSite\",\"@id\":\"https:\/\/schroevendump.nl\/fr\/#website\",\"url\":\"https:\/\/schroevendump.nl\/fr\/\",\"name\":\"Schroevendump\",\"description\":\"\",\"potentialAction\":[{\"@type\":\"SearchAction\",\"target\":{\"@type\":\"EntryPoint\",\"urlTemplate\":\"https:\/\/schroevendump.nl\/fr\/?s={search_term_string}\"},\"query-input\":{\"@type\":\"PropertyValueSpecification\",\"valueRequired\":true,\"valueName\":\"search_term_string\"}}],\"inLanguage\":\"fr-FR\"}]}<\/script>\n<!-- \/ Yoast SEO plugin. -->","yoast_head_json":{"title":"illbruck AA290 Nettoyant pour pistolet 500 ml - Schroevendump","robots":{"index":"index","follow":"follow","max-snippet":"max-snippet:-1","max-image-preview":"max-image-preview:large","max-video-preview":"max-video-preview:-1"},"canonical":"https:\/\/schroevendump.nl\/fr\/produit\/illbruck-aa290-nettoyant-pour-pistolet-500-ml\/","og_locale":"fr_FR","og_type":"article","og_title":"illbruck AA290 Nettoyant pour pistolet 500 ml - Schroevendump","og_description":"Application Pour le nettoyage des pistolets \u00e0 mousse et l&#8217;\u00e9limination de la mousse non durcie. Applicable universellement. Peut \u00e9galement \u00eatre utilis\u00e9 pour \u00e9liminer les r\u00e9sidus de peinture fra\u00eeche, de cire, de graisse, d&#8217;huile et de colle. Traitement D\u00e9vissez la bo\u00eete vide de mousse PU du pistolet. Vissez le nettoyant avec l&#8217;adaptateur sur le pistolet. Appuyez [&hellip;]","og_url":"https:\/\/schroevendump.nl\/fr\/produit\/illbruck-aa290-nettoyant-pour-pistolet-500-ml\/","og_site_name":"Schroevendump","article_modified_time":"2025-12-10T11:29:24+00:00","og_image":[{"width":456,"height":456,"url":"https:\/\/schroevendump.nl\/wp-content\/uploads\/2024\/11\/illbruck_AA290_500ml-removebg-preview.png","type":"image\/png"}],"twitter_card":"summary_large_image","twitter_misc":{"Dur\u00e9e de lecture estim\u00e9e":"1 minute"},"schema":{"@context":"https:\/\/schema.org","@graph":[{"@type":"WebPage","@id":"https:\/\/schroevendump.nl\/fr\/produit\/illbruck-aa290-nettoyant-pour-pistolet-500-ml\/","url":"https:\/\/schroevendump.nl\/fr\/produit\/illbruck-aa290-nettoyant-pour-pistolet-500-ml\/","name":"illbruck AA290 Nettoyant pour pistolet 500 ml - Schroevendump","isPartOf":{"@id":"https:\/\/schroevendump.nl\/fr\/#website"},"primaryImageOfPage":{"@id":"https:\/\/schroevendump.nl\/fr\/produit\/illbruck-aa290-nettoyant-pour-pistolet-500-ml\/#primaryimage"},"image":{"@id":"https:\/\/schroevendump.nl\/fr\/produit\/illbruck-aa290-nettoyant-pour-pistolet-500-ml\/#primaryimage"},"thumbnailUrl":"https:\/\/schroevendump.nl\/wp-content\/uploads\/2024\/11\/illbruck_AA290_500ml-removebg-preview.png","datePublished":"2024-11-30T11:46:28+00:00","dateModified":"2025-12-10T11:29:24+00:00","breadcrumb":{"@id":"https:\/\/schroevendump.nl\/fr\/produit\/illbruck-aa290-nettoyant-pour-pistolet-500-ml\/#breadcrumb"},"inLanguage":"fr-FR","potentialAction":[{"@type":"ReadAction","target":["https:\/\/schroevendump.nl\/fr\/produit\/illbruck-aa290-nettoyant-pour-pistolet-500-ml\/"]}]},{"@type":"ImageObject","inLanguage":"fr-FR","@id":"https:\/\/schroevendump.nl\/fr\/produit\/illbruck-aa290-nettoyant-pour-pistolet-500-ml\/#primaryimage","url":"https:\/\/schroevendump.nl\/wp-content\/uploads\/2024\/11\/illbruck_AA290_500ml-removebg-preview.png","contentUrl":"https:\/\/schroevendump.nl\/wp-content\/uploads\/2024\/11\/illbruck_AA290_500ml-removebg-preview.png","width":456,"height":456},{"@type":"BreadcrumbList","@id":"https:\/\/schroevendump.nl\/fr\/produit\/illbruck-aa290-nettoyant-pour-pistolet-500-ml\/#breadcrumb","itemListElement":[{"@type":"ListItem","position":1,"name":"Accueil","item":"https:\/\/schroevendump.nl\/fr\/"},{"@type":"ListItem","position":2,"name":"Boutique","item":"https:\/\/schroevendump.nl\/fr\/boutique\/"},{"@type":"ListItem","position":3,"name":"illbruck AA290 Nettoyant pour pistolet 500 ml"}]},{"@type":"WebSite","@id":"https:\/\/schroevendump.nl\/fr\/#website","url":"https:\/\/schroevendump.nl\/fr\/","name":"Schroevendump","description":"","potentialAction":[{"@type":"SearchAction","target":{"@type":"EntryPoint","urlTemplate":"https:\/\/schroevendump.nl\/fr\/?s={search_term_string}"},"query-input":{"@type":"PropertyValueSpecification","valueRequired":true,"valueName":"search_term_string"}}],"inLanguage":"fr-FR"}]}},"_links":{"self":[{"href":"https:\/\/schroevendump.nl\/fr\/wp-json\/wp\/v2\/product\/28198","targetHints":{"allow":["GET"]}}],"collection":[{"href":"https:\/\/schroevendump.nl\/fr\/wp-json\/wp\/v2\/product"}],"about":[{"href":"https:\/\/schroevendump.nl\/fr\/wp-json\/wp\/v2\/types\/product"}],"replies":[{"embeddable":true,"href":"https:\/\/schroevendump.nl\/fr\/wp-json\/wp\/v2\/comments?post=28198"}],"wp:featuredmedia":[{"embeddable":true,"href":"https:\/\/schroevendump.nl\/fr\/wp-json\/wp\/v2\/media\/1973"}],"wp:attachment":[{"href":"https:\/\/schroevendump.nl\/fr\/wp-json\/wp\/v2\/media?parent=28198"}],"wp:term":[{"taxonomy":"product_brand","embeddable":true,"href":"https:\/\/schroevendump.nl\/fr\/wp-json\/wp\/v2\/product_brand?post=28198"},{"taxonomy":"product_cat","embeddable":true,"href":"https:\/\/schroevendump.nl\/fr\/wp-json\/wp\/v2\/product_cat?post=28198"},{"taxonomy":"product_tag","embeddable":true,"href":"https:\/\/schroevendump.nl\/fr\/wp-json\/wp\/v2\/product_tag?post=28198"}],"curies":[{"name":"wp","href":"https:\/\/api.w.org\/{rel}","templated":true}]}}