{"id":28206,"date":"2024-11-30T11:41:51","date_gmt":"2024-11-30T11:41:51","guid":{"rendered":"https:\/\/schroevendump.nl\/product\/illbruck-mousse-pu-fm350-perfect-foam-pro-880ml\/"},"modified":"2025-12-10T11:29:25","modified_gmt":"2025-12-10T11:29:25","slug":"illbruck-mousse-pu-fm350-perfect-foam-pro-880ml","status":"publish","type":"product","link":"https:\/\/schroevendump.nl\/fr\/produit\/illbruck-mousse-pu-fm350-perfect-foam-pro-880ml\/","title":{"rendered":"illbruck mousse PU FM350 Perfect Foam Pro 880ml"},"content":{"rendered":"<p><strong>Avantages<\/strong><\/p>\n<ul>\n<li>Plus de m\u00e8tres (+50%) de rendement par rapport \u00e0 un bus standard de taille similaire<\/li>\n<li>Peut \u00eatre appliqu\u00e9 jusqu&#8217;\u00e0 -10\u00b0C (bus de temp\u00e9rature &gt;5\u00b0C)<\/li>\n<li>R\u00e9sistant \u00e0 la chaleur, \u00e0 l&#8217;eau et \u00e0 de nombreux produits chimiques<\/li>\n<li>Peut \u00eatre peinte et finie avec du pl\u00e2tre<\/li>\n<li>R\u00e9duction des d\u00e9chets et gain de temps<\/li>\n<li>Dur\u00e9e de conservation plus longue : 24 mois<\/li>\n<\/ul>\n<p><strong>Application<\/strong><\/p>\n<div class=\"application-area\">\n<div class=\"application-area\">\n<div class=\"application-area\">\n<div class=\"application-area\">\n<p>Convient pour \u00e9tancher, isoler et remplir les raccords, joints et fissures, par exemple dans les murs de s\u00e9paration avec les planchers d&#8217;\u00e9tage et les murs de s\u00e9paration, les espaces d&#8217;ajustement et de montage entre les ch\u00e2ssis de fen\u00eatres et de portes ainsi que les \u00e9l\u00e9ments pr\u00e9fabriqu\u00e9s, les joints de raccordement des fa\u00eeti\u00e8res, des chevrons et des lucarnes, les p\u00e9n\u00e9trations de tuyaux et de tubes et l&#8217;\u00e9tanch\u00e9it\u00e9 des panneaux d&#8217;isolation. M\u00eame en cas de temp\u00e9ratures ambiantes basses. <\/p>\n<\/div>\n<\/div>\n<\/div>\n<\/div>\n<p><strong>Conseil d&#8217;utilisation<\/strong><\/p>\n<ul>\n<li>Observez une hygi\u00e8ne professionnelle g\u00e9n\u00e9rale pendant la transformation.<\/li>\n<li>Portez des gants et des lunettes de s\u00e9curit\u00e9.<\/li>\n<li>La mousse durcie ne peut \u00eatre enlev\u00e9e que m\u00e9caniquement.<\/li>\n<li>Reportez-vous \u00e0 l&#8217;\u00e9tiquette de l&#8217;emballage et\/ou \u00e0 la fiche de donn\u00e9es de s\u00e9curit\u00e9 pour de plus amples informations.<\/li>\n<\/ul>\n","protected":false},"excerpt":{"rendered":"<p>Avantages Plus de m\u00e8tres (+50%) de rendement par rapport \u00e0 un bus standard de taille similaire Peut \u00eatre appliqu\u00e9 jusqu&#8217;\u00e0 -10\u00b0C (bus de temp\u00e9rature &gt;5\u00b0C) R\u00e9sistant \u00e0 la chaleur, \u00e0 l&#8217;eau et \u00e0 de nombreux produits chimiques Peut \u00eatre peinte et finie avec du pl\u00e2tre R\u00e9duction des d\u00e9chets et gain de temps Dur\u00e9e de conservation [&hellip;]<\/p>\n","protected":false},"featured_media":28208,"comment_status":"closed","ping_status":"closed","template":"","meta":[],"product_brand":[],"product_cat":[788],"product_tag":[],"class_list":{"0":"post-28206","1":"product","2":"type-product","3":"status-publish","4":"has-post-thumbnail","6":"product_cat-mousse-pure","8":"first","9":"instock","10":"taxable","11":"shipping-taxable","12":"purchasable","13":"product-type-simple"},"supplier_id":null,"supplier_sku":"","barcode":null,"atum_controlled":true,"out_stock_date":null,"out_stock_threshold":null,"inheritable":false,"inbound_stock":0,"stock_on_hold":12,"sold_today":12,"sales_last_days":53,"reserved_stock":0,"customer_returns":0,"warehouse_damage":0,"lost_in_post":0,"other_logs":0,"out_stock_days":0,"lost_sales":0,"has_location":false,"update_date":"2026-04-18T19:32:13","atum_locations":[],"atum_stock_status":"instock","restock_status":true,"low_stock_amount":"","sales_update_date":"2026-04-18T19:32:13","calc_backorders":null,"acf":[],"yoast_head":"<!-- This site is optimized with the Yoast SEO plugin v26.6 - https:\/\/yoast.com\/wordpress\/plugins\/seo\/ -->\n<title>illbruck mousse PU FM350 Perfect Foam Pro 880ml - Schroevendump<\/title>\n<meta name=\"robots\" content=\"index, follow, max-snippet:-1, max-image-preview:large, max-video-preview:-1\" \/>\n<link rel=\"canonical\" href=\"https:\/\/schroevendump.nl\/fr\/produit\/illbruck-mousse-pu-fm350-perfect-foam-pro-880ml\/\" \/>\n<meta property=\"og:locale\" content=\"fr_FR\" \/>\n<meta property=\"og:type\" content=\"article\" \/>\n<meta property=\"og:title\" content=\"illbruck mousse PU FM350 Perfect Foam Pro 880ml - Schroevendump\" \/>\n<meta property=\"og:description\" content=\"Avantages Plus de m\u00e8tres (+50%) de rendement par rapport \u00e0 un bus standard de taille similaire Peut \u00eatre appliqu\u00e9 jusqu&#8217;\u00e0 -10\u00b0C (bus de temp\u00e9rature &gt;5\u00b0C) R\u00e9sistant \u00e0 la chaleur, \u00e0 l&#8217;eau et \u00e0 de nombreux produits chimiques Peut \u00eatre peinte et finie avec du pl\u00e2tre R\u00e9duction des d\u00e9chets et gain de temps Dur\u00e9e de conservation [&hellip;]\" \/>\n<meta property=\"og:url\" content=\"https:\/\/schroevendump.nl\/fr\/produit\/illbruck-mousse-pu-fm350-perfect-foam-pro-880ml\/\" \/>\n<meta property=\"og:site_name\" content=\"Schroevendump\" \/>\n<meta property=\"article:modified_time\" content=\"2025-12-10T11:29:25+00:00\" \/>\n<meta property=\"og:image\" content=\"https:\/\/schroevendump.nl\/wp-content\/uploads\/2024\/11\/illbruck_FM350_880ml-removebg-preview.png\" \/>\n\t<meta property=\"og:image:width\" content=\"456\" \/>\n\t<meta property=\"og:image:height\" content=\"456\" \/>\n\t<meta property=\"og:image:type\" content=\"image\/png\" \/>\n<meta name=\"twitter:card\" content=\"summary_large_image\" \/>\n<meta name=\"twitter:label1\" content=\"Dur\u00e9e de lecture estim\u00e9e\" \/>\n\t<meta name=\"twitter:data1\" content=\"1 minute\" \/>\n<script type=\"application\/ld+json\" class=\"yoast-schema-graph\">{\"@context\":\"https:\/\/schema.org\",\"@graph\":[{\"@type\":\"WebPage\",\"@id\":\"https:\/\/schroevendump.nl\/fr\/produit\/illbruck-mousse-pu-fm350-perfect-foam-pro-880ml\/\",\"url\":\"https:\/\/schroevendump.nl\/fr\/produit\/illbruck-mousse-pu-fm350-perfect-foam-pro-880ml\/\",\"name\":\"illbruck mousse PU FM350 Perfect Foam Pro 880ml - Schroevendump\",\"isPartOf\":{\"@id\":\"https:\/\/schroevendump.nl\/fr\/#website\"},\"primaryImageOfPage\":{\"@id\":\"https:\/\/schroevendump.nl\/fr\/produit\/illbruck-mousse-pu-fm350-perfect-foam-pro-880ml\/#primaryimage\"},\"image\":{\"@id\":\"https:\/\/schroevendump.nl\/fr\/produit\/illbruck-mousse-pu-fm350-perfect-foam-pro-880ml\/#primaryimage\"},\"thumbnailUrl\":\"https:\/\/schroevendump.nl\/wp-content\/uploads\/2024\/11\/illbruck_FM350_880ml-removebg-preview.png\",\"datePublished\":\"2024-11-30T11:41:51+00:00\",\"dateModified\":\"2025-12-10T11:29:25+00:00\",\"breadcrumb\":{\"@id\":\"https:\/\/schroevendump.nl\/fr\/produit\/illbruck-mousse-pu-fm350-perfect-foam-pro-880ml\/#breadcrumb\"},\"inLanguage\":\"fr-FR\",\"potentialAction\":[{\"@type\":\"ReadAction\",\"target\":[\"https:\/\/schroevendump.nl\/fr\/produit\/illbruck-mousse-pu-fm350-perfect-foam-pro-880ml\/\"]}]},{\"@type\":\"ImageObject\",\"inLanguage\":\"fr-FR\",\"@id\":\"https:\/\/schroevendump.nl\/fr\/produit\/illbruck-mousse-pu-fm350-perfect-foam-pro-880ml\/#primaryimage\",\"url\":\"https:\/\/schroevendump.nl\/wp-content\/uploads\/2024\/11\/illbruck_FM350_880ml-removebg-preview.png\",\"contentUrl\":\"https:\/\/schroevendump.nl\/wp-content\/uploads\/2024\/11\/illbruck_FM350_880ml-removebg-preview.png\",\"width\":456,\"height\":456},{\"@type\":\"BreadcrumbList\",\"@id\":\"https:\/\/schroevendump.nl\/fr\/produit\/illbruck-mousse-pu-fm350-perfect-foam-pro-880ml\/#breadcrumb\",\"itemListElement\":[{\"@type\":\"ListItem\",\"position\":1,\"name\":\"Accueil\",\"item\":\"https:\/\/schroevendump.nl\/fr\/\"},{\"@type\":\"ListItem\",\"position\":2,\"name\":\"Boutique\",\"item\":\"https:\/\/schroevendump.nl\/fr\/boutique\/\"},{\"@type\":\"ListItem\",\"position\":3,\"name\":\"illbruck mousse PU FM350 Perfect Foam Pro 880ml\"}]},{\"@type\":\"WebSite\",\"@id\":\"https:\/\/schroevendump.nl\/fr\/#website\",\"url\":\"https:\/\/schroevendump.nl\/fr\/\",\"name\":\"Schroevendump\",\"description\":\"\",\"potentialAction\":[{\"@type\":\"SearchAction\",\"target\":{\"@type\":\"EntryPoint\",\"urlTemplate\":\"https:\/\/schroevendump.nl\/fr\/?s={search_term_string}\"},\"query-input\":{\"@type\":\"PropertyValueSpecification\",\"valueRequired\":true,\"valueName\":\"search_term_string\"}}],\"inLanguage\":\"fr-FR\"}]}<\/script>\n<!-- \/ Yoast SEO plugin. -->","yoast_head_json":{"title":"illbruck mousse PU FM350 Perfect Foam Pro 880ml - Schroevendump","robots":{"index":"index","follow":"follow","max-snippet":"max-snippet:-1","max-image-preview":"max-image-preview:large","max-video-preview":"max-video-preview:-1"},"canonical":"https:\/\/schroevendump.nl\/fr\/produit\/illbruck-mousse-pu-fm350-perfect-foam-pro-880ml\/","og_locale":"fr_FR","og_type":"article","og_title":"illbruck mousse PU FM350 Perfect Foam Pro 880ml - Schroevendump","og_description":"Avantages Plus de m\u00e8tres (+50%) de rendement par rapport \u00e0 un bus standard de taille similaire Peut \u00eatre appliqu\u00e9 jusqu&#8217;\u00e0 -10\u00b0C (bus de temp\u00e9rature &gt;5\u00b0C) R\u00e9sistant \u00e0 la chaleur, \u00e0 l&#8217;eau et \u00e0 de nombreux produits chimiques Peut \u00eatre peinte et finie avec du pl\u00e2tre R\u00e9duction des d\u00e9chets et gain de temps Dur\u00e9e de conservation [&hellip;]","og_url":"https:\/\/schroevendump.nl\/fr\/produit\/illbruck-mousse-pu-fm350-perfect-foam-pro-880ml\/","og_site_name":"Schroevendump","article_modified_time":"2025-12-10T11:29:25+00:00","og_image":[{"width":456,"height":456,"url":"https:\/\/schroevendump.nl\/wp-content\/uploads\/2024\/11\/illbruck_FM350_880ml-removebg-preview.png","type":"image\/png"}],"twitter_card":"summary_large_image","twitter_misc":{"Dur\u00e9e de lecture estim\u00e9e":"1 minute"},"schema":{"@context":"https:\/\/schema.org","@graph":[{"@type":"WebPage","@id":"https:\/\/schroevendump.nl\/fr\/produit\/illbruck-mousse-pu-fm350-perfect-foam-pro-880ml\/","url":"https:\/\/schroevendump.nl\/fr\/produit\/illbruck-mousse-pu-fm350-perfect-foam-pro-880ml\/","name":"illbruck mousse PU FM350 Perfect Foam Pro 880ml - Schroevendump","isPartOf":{"@id":"https:\/\/schroevendump.nl\/fr\/#website"},"primaryImageOfPage":{"@id":"https:\/\/schroevendump.nl\/fr\/produit\/illbruck-mousse-pu-fm350-perfect-foam-pro-880ml\/#primaryimage"},"image":{"@id":"https:\/\/schroevendump.nl\/fr\/produit\/illbruck-mousse-pu-fm350-perfect-foam-pro-880ml\/#primaryimage"},"thumbnailUrl":"https:\/\/schroevendump.nl\/wp-content\/uploads\/2024\/11\/illbruck_FM350_880ml-removebg-preview.png","datePublished":"2024-11-30T11:41:51+00:00","dateModified":"2025-12-10T11:29:25+00:00","breadcrumb":{"@id":"https:\/\/schroevendump.nl\/fr\/produit\/illbruck-mousse-pu-fm350-perfect-foam-pro-880ml\/#breadcrumb"},"inLanguage":"fr-FR","potentialAction":[{"@type":"ReadAction","target":["https:\/\/schroevendump.nl\/fr\/produit\/illbruck-mousse-pu-fm350-perfect-foam-pro-880ml\/"]}]},{"@type":"ImageObject","inLanguage":"fr-FR","@id":"https:\/\/schroevendump.nl\/fr\/produit\/illbruck-mousse-pu-fm350-perfect-foam-pro-880ml\/#primaryimage","url":"https:\/\/schroevendump.nl\/wp-content\/uploads\/2024\/11\/illbruck_FM350_880ml-removebg-preview.png","contentUrl":"https:\/\/schroevendump.nl\/wp-content\/uploads\/2024\/11\/illbruck_FM350_880ml-removebg-preview.png","width":456,"height":456},{"@type":"BreadcrumbList","@id":"https:\/\/schroevendump.nl\/fr\/produit\/illbruck-mousse-pu-fm350-perfect-foam-pro-880ml\/#breadcrumb","itemListElement":[{"@type":"ListItem","position":1,"name":"Accueil","item":"https:\/\/schroevendump.nl\/fr\/"},{"@type":"ListItem","position":2,"name":"Boutique","item":"https:\/\/schroevendump.nl\/fr\/boutique\/"},{"@type":"ListItem","position":3,"name":"illbruck mousse PU FM350 Perfect Foam Pro 880ml"}]},{"@type":"WebSite","@id":"https:\/\/schroevendump.nl\/fr\/#website","url":"https:\/\/schroevendump.nl\/fr\/","name":"Schroevendump","description":"","potentialAction":[{"@type":"SearchAction","target":{"@type":"EntryPoint","urlTemplate":"https:\/\/schroevendump.nl\/fr\/?s={search_term_string}"},"query-input":{"@type":"PropertyValueSpecification","valueRequired":true,"valueName":"search_term_string"}}],"inLanguage":"fr-FR"}]}},"_links":{"self":[{"href":"https:\/\/schroevendump.nl\/fr\/wp-json\/wp\/v2\/product\/28206","targetHints":{"allow":["GET"]}}],"collection":[{"href":"https:\/\/schroevendump.nl\/fr\/wp-json\/wp\/v2\/product"}],"about":[{"href":"https:\/\/schroevendump.nl\/fr\/wp-json\/wp\/v2\/types\/product"}],"replies":[{"embeddable":true,"href":"https:\/\/schroevendump.nl\/fr\/wp-json\/wp\/v2\/comments?post=28206"}],"wp:featuredmedia":[{"embeddable":true,"href":"https:\/\/schroevendump.nl\/fr\/wp-json\/wp\/v2\/media\/28208"}],"wp:attachment":[{"href":"https:\/\/schroevendump.nl\/fr\/wp-json\/wp\/v2\/media?parent=28206"}],"wp:term":[{"taxonomy":"product_brand","embeddable":true,"href":"https:\/\/schroevendump.nl\/fr\/wp-json\/wp\/v2\/product_brand?post=28206"},{"taxonomy":"product_cat","embeddable":true,"href":"https:\/\/schroevendump.nl\/fr\/wp-json\/wp\/v2\/product_cat?post=28206"},{"taxonomy":"product_tag","embeddable":true,"href":"https:\/\/schroevendump.nl\/fr\/wp-json\/wp\/v2\/product_tag?post=28206"}],"curies":[{"name":"wp","href":"https:\/\/api.w.org\/{rel}","templated":true}]}}