{"id":28217,"date":"2024-11-30T11:28:37","date_gmt":"2024-11-30T11:28:37","guid":{"rendered":"https:\/\/schroevendump.nl\/product\/illbruck-pu-foam-fm330-perfect-elastic-foam-pro-880ml\/"},"modified":"2025-12-10T11:29:26","modified_gmt":"2025-12-10T11:29:26","slug":"illbruck-pu-foam-fm330-perfect-elastic-foam-pro-880ml","status":"publish","type":"product","link":"https:\/\/schroevendump.nl\/fr\/produit\/illbruck-pu-foam-fm330-perfect-elastic-foam-pro-880ml\/","title":{"rendered":"illbruck PU foam FM330 Perfect Elastic Foam Pro 880ml"},"content":{"rendered":"<p><strong>illbruck FM330 Perfect Elastic Foam Pro 880 ml<\/strong><\/p>\n<p>&nbsp;<\/p>\n<p>Pr\u00e9paration<\/p>\n<ul>\n<li>Les supports doivent \u00eatre l\u00e9g\u00e8rement humides, suffisamment porteurs et exempts de poussi\u00e8re et de graisse.<\/li>\n<li>Si n\u00e9cessaire, humidifiez les substrats (poreux) au pr\u00e9alable, par exemple \u00e0 l&#8217;aide d&#8217;un pulv\u00e9risateur de plantes.<\/li>\n<li>Fixez les \u00e9l\u00e9ments de construction d\u00e9formables, tels que les panneaux d&#8217;isolation, suffisamment \u00e0 l&#8217;avance.<\/li>\n<\/ul>\n<p>Traitement<\/p>\n<ul>\n<li>Secouez vigoureusement le bidon pendant au moins 20 secondes avant chaque utilisation.<\/li>\n<li>Vaporisez la bague d&#8217;adaptation du pistolet bien \u00e0 l&#8217;avance avec le spray lubrifiant pour adaptateur AA291. Cela prolonge la dur\u00e9e de vie du pistolet et emp\u00eache l&#8217;adh\u00e9rence de la mousse, l&#8217;endommagement de la valve du bidon et les fuites du bidon. <\/li>\n<li>Ensuite, retirez le capuchon protecteur de la bombe et vissez-la sur le pistolet ou fixez la buse de pulv\u00e9risation AA210.<\/li>\n<li>Si vous utilisez un pistolet, la quantit\u00e9 de mousse peut \u00eatre contr\u00f4l\u00e9e par la g\u00e2chette et le r\u00e9glage de la vis de dosage sur le pistolet.<\/li>\n<li>Remplissez environ 90 % du joint. Pour les joints d&#8217;une largeur sup\u00e9rieure \u00e0 30 mm et d&#8217;une profondeur sup\u00e9rieure \u00e0 70 mm, appliquez la mousse en plusieurs couches \u00e0 des intervalles de 1 \u00e0 2 heures. Pr\u00e9-humidifier l\u00e9g\u00e8rement avant d&#8217;appliquer la couche suivante.  <\/li>\n<li>Lorsque vous r\u00e9utilisez la cartouche, secouez-la toujours \u00e0 nouveau. Le pistolet peut rester sur la bo\u00eete jusqu&#8217;\u00e0 4 semaines s&#8217;il est stock\u00e9 \u00e0 la verticale. <\/li>\n<li>Pour des r\u00e9sultats optimaux, nous vous recommandons d&#8217;utiliser le AA250 Foam Gun Pro ou le AA270 Foam Gun Ultra.<\/li>\n<\/ul>\n<p><strong>Mat\u00e9riau<\/strong><\/p>\n<p>Mousse de polyur\u00e9thane \u00e0 un composant qui durcit par absorption de l&#8217;humidit\u00e9 de l&#8217;air et\/ou du substrat. Le FM330 est exempt de CFC, HCFC et HFC. <\/p>\n<p>Le FM330 a une excellente adh\u00e9rence sur la plupart des supports tels que : le b\u00e9ton, la ma\u00e7onnerie, la pierre, le pl\u00e2tre, le bois, le fibrociment, le m\u00e9tal mais aussi les plastiques tels que le polystyr\u00e8ne, la mousse PU, le polyester et le PVC dur.<\/p>\n","protected":false},"excerpt":{"rendered":"<p>illbruck FM330 Perfect Elastic Foam Pro 880 ml &nbsp; Pr\u00e9paration Les supports doivent \u00eatre l\u00e9g\u00e8rement humides, suffisamment porteurs et exempts de poussi\u00e8re et de graisse. Si n\u00e9cessaire, humidifiez les substrats (poreux) au pr\u00e9alable, par exemple \u00e0 l&#8217;aide d&#8217;un pulv\u00e9risateur de plantes. Fixez les \u00e9l\u00e9ments de construction d\u00e9formables, tels que les panneaux d&#8217;isolation, suffisamment \u00e0 l&#8217;avance. [&hellip;]<\/p>\n","protected":false},"featured_media":28221,"comment_status":"closed","ping_status":"closed","template":"","meta":[],"product_brand":[],"product_cat":[788],"product_tag":[],"class_list":{"0":"post-28217","1":"product","2":"type-product","3":"status-publish","4":"has-post-thumbnail","6":"product_cat-mousse-pure","8":"first","9":"instock","10":"taxable","11":"shipping-taxable","12":"purchasable","13":"product-type-simple"},"supplier_id":null,"supplier_sku":"","barcode":null,"atum_controlled":true,"out_stock_date":null,"out_stock_threshold":null,"inheritable":false,"inbound_stock":0,"stock_on_hold":0,"sold_today":0,"sales_last_days":0,"reserved_stock":0,"customer_returns":0,"warehouse_damage":0,"lost_in_post":0,"other_logs":0,"out_stock_days":0,"lost_sales":0,"has_location":false,"update_date":"2026-04-18T01:05:27","atum_locations":[],"atum_stock_status":"instock","restock_status":false,"low_stock_amount":"","sales_update_date":"2026-04-18T01:05:27","calc_backorders":null,"acf":[],"yoast_head":"<!-- This site is optimized with the Yoast SEO plugin v26.6 - https:\/\/yoast.com\/wordpress\/plugins\/seo\/ -->\n<title>illbruck PU foam FM330 Perfect Elastic Foam Pro 880ml - Schroevendump<\/title>\n<meta name=\"robots\" content=\"index, follow, max-snippet:-1, max-image-preview:large, max-video-preview:-1\" \/>\n<link rel=\"canonical\" href=\"https:\/\/schroevendump.nl\/fr\/produit\/illbruck-pu-foam-fm330-perfect-elastic-foam-pro-880ml\/\" \/>\n<meta property=\"og:locale\" content=\"fr_FR\" \/>\n<meta property=\"og:type\" content=\"article\" \/>\n<meta property=\"og:title\" content=\"illbruck PU foam FM330 Perfect Elastic Foam Pro 880ml - Schroevendump\" \/>\n<meta property=\"og:description\" content=\"illbruck FM330 Perfect Elastic Foam Pro 880 ml &nbsp; Pr\u00e9paration Les supports doivent \u00eatre l\u00e9g\u00e8rement humides, suffisamment porteurs et exempts de poussi\u00e8re et de graisse. Si n\u00e9cessaire, humidifiez les substrats (poreux) au pr\u00e9alable, par exemple \u00e0 l&#8217;aide d&#8217;un pulv\u00e9risateur de plantes. Fixez les \u00e9l\u00e9ments de construction d\u00e9formables, tels que les panneaux d&#8217;isolation, suffisamment \u00e0 l&#8217;avance. [&hellip;]\" \/>\n<meta property=\"og:url\" content=\"https:\/\/schroevendump.nl\/fr\/produit\/illbruck-pu-foam-fm330-perfect-elastic-foam-pro-880ml\/\" \/>\n<meta property=\"og:site_name\" content=\"Schroevendump\" \/>\n<meta property=\"article:modified_time\" content=\"2025-12-10T11:29:26+00:00\" \/>\n<meta property=\"og:image\" content=\"https:\/\/schroevendump.nl\/wp-content\/uploads\/2024\/11\/illbruck_FM330_880ml.png\" \/>\n\t<meta property=\"og:image:width\" content=\"456\" \/>\n\t<meta property=\"og:image:height\" content=\"456\" \/>\n\t<meta property=\"og:image:type\" content=\"image\/png\" \/>\n<meta name=\"twitter:card\" content=\"summary_large_image\" \/>\n<meta name=\"twitter:label1\" content=\"Dur\u00e9e de lecture estim\u00e9e\" \/>\n\t<meta name=\"twitter:data1\" content=\"2 minutes\" \/>\n<script type=\"application\/ld+json\" class=\"yoast-schema-graph\">{\"@context\":\"https:\/\/schema.org\",\"@graph\":[{\"@type\":\"WebPage\",\"@id\":\"https:\/\/schroevendump.nl\/fr\/produit\/illbruck-pu-foam-fm330-perfect-elastic-foam-pro-880ml\/\",\"url\":\"https:\/\/schroevendump.nl\/fr\/produit\/illbruck-pu-foam-fm330-perfect-elastic-foam-pro-880ml\/\",\"name\":\"illbruck PU foam FM330 Perfect Elastic Foam Pro 880ml - Schroevendump\",\"isPartOf\":{\"@id\":\"https:\/\/schroevendump.nl\/fr\/#website\"},\"primaryImageOfPage\":{\"@id\":\"https:\/\/schroevendump.nl\/fr\/produit\/illbruck-pu-foam-fm330-perfect-elastic-foam-pro-880ml\/#primaryimage\"},\"image\":{\"@id\":\"https:\/\/schroevendump.nl\/fr\/produit\/illbruck-pu-foam-fm330-perfect-elastic-foam-pro-880ml\/#primaryimage\"},\"thumbnailUrl\":\"https:\/\/schroevendump.nl\/wp-content\/uploads\/2024\/11\/illbruck_FM330_880ml.png\",\"datePublished\":\"2024-11-30T11:28:37+00:00\",\"dateModified\":\"2025-12-10T11:29:26+00:00\",\"breadcrumb\":{\"@id\":\"https:\/\/schroevendump.nl\/fr\/produit\/illbruck-pu-foam-fm330-perfect-elastic-foam-pro-880ml\/#breadcrumb\"},\"inLanguage\":\"fr-FR\",\"potentialAction\":[{\"@type\":\"ReadAction\",\"target\":[\"https:\/\/schroevendump.nl\/fr\/produit\/illbruck-pu-foam-fm330-perfect-elastic-foam-pro-880ml\/\"]}]},{\"@type\":\"ImageObject\",\"inLanguage\":\"fr-FR\",\"@id\":\"https:\/\/schroevendump.nl\/fr\/produit\/illbruck-pu-foam-fm330-perfect-elastic-foam-pro-880ml\/#primaryimage\",\"url\":\"https:\/\/schroevendump.nl\/wp-content\/uploads\/2024\/11\/illbruck_FM330_880ml.png\",\"contentUrl\":\"https:\/\/schroevendump.nl\/wp-content\/uploads\/2024\/11\/illbruck_FM330_880ml.png\",\"width\":456,\"height\":456},{\"@type\":\"BreadcrumbList\",\"@id\":\"https:\/\/schroevendump.nl\/fr\/produit\/illbruck-pu-foam-fm330-perfect-elastic-foam-pro-880ml\/#breadcrumb\",\"itemListElement\":[{\"@type\":\"ListItem\",\"position\":1,\"name\":\"Accueil\",\"item\":\"https:\/\/schroevendump.nl\/fr\/\"},{\"@type\":\"ListItem\",\"position\":2,\"name\":\"Boutique\",\"item\":\"https:\/\/schroevendump.nl\/fr\/boutique\/\"},{\"@type\":\"ListItem\",\"position\":3,\"name\":\"illbruck PU foam FM330 Perfect Elastic Foam Pro 880ml\"}]},{\"@type\":\"WebSite\",\"@id\":\"https:\/\/schroevendump.nl\/fr\/#website\",\"url\":\"https:\/\/schroevendump.nl\/fr\/\",\"name\":\"Schroevendump\",\"description\":\"\",\"potentialAction\":[{\"@type\":\"SearchAction\",\"target\":{\"@type\":\"EntryPoint\",\"urlTemplate\":\"https:\/\/schroevendump.nl\/fr\/?s={search_term_string}\"},\"query-input\":{\"@type\":\"PropertyValueSpecification\",\"valueRequired\":true,\"valueName\":\"search_term_string\"}}],\"inLanguage\":\"fr-FR\"}]}<\/script>\n<!-- \/ Yoast SEO plugin. -->","yoast_head_json":{"title":"illbruck PU foam FM330 Perfect Elastic Foam Pro 880ml - Schroevendump","robots":{"index":"index","follow":"follow","max-snippet":"max-snippet:-1","max-image-preview":"max-image-preview:large","max-video-preview":"max-video-preview:-1"},"canonical":"https:\/\/schroevendump.nl\/fr\/produit\/illbruck-pu-foam-fm330-perfect-elastic-foam-pro-880ml\/","og_locale":"fr_FR","og_type":"article","og_title":"illbruck PU foam FM330 Perfect Elastic Foam Pro 880ml - Schroevendump","og_description":"illbruck FM330 Perfect Elastic Foam Pro 880 ml &nbsp; Pr\u00e9paration Les supports doivent \u00eatre l\u00e9g\u00e8rement humides, suffisamment porteurs et exempts de poussi\u00e8re et de graisse. Si n\u00e9cessaire, humidifiez les substrats (poreux) au pr\u00e9alable, par exemple \u00e0 l&#8217;aide d&#8217;un pulv\u00e9risateur de plantes. Fixez les \u00e9l\u00e9ments de construction d\u00e9formables, tels que les panneaux d&#8217;isolation, suffisamment \u00e0 l&#8217;avance. [&hellip;]","og_url":"https:\/\/schroevendump.nl\/fr\/produit\/illbruck-pu-foam-fm330-perfect-elastic-foam-pro-880ml\/","og_site_name":"Schroevendump","article_modified_time":"2025-12-10T11:29:26+00:00","og_image":[{"width":456,"height":456,"url":"https:\/\/schroevendump.nl\/wp-content\/uploads\/2024\/11\/illbruck_FM330_880ml.png","type":"image\/png"}],"twitter_card":"summary_large_image","twitter_misc":{"Dur\u00e9e de lecture estim\u00e9e":"2 minutes"},"schema":{"@context":"https:\/\/schema.org","@graph":[{"@type":"WebPage","@id":"https:\/\/schroevendump.nl\/fr\/produit\/illbruck-pu-foam-fm330-perfect-elastic-foam-pro-880ml\/","url":"https:\/\/schroevendump.nl\/fr\/produit\/illbruck-pu-foam-fm330-perfect-elastic-foam-pro-880ml\/","name":"illbruck PU foam FM330 Perfect Elastic Foam Pro 880ml - Schroevendump","isPartOf":{"@id":"https:\/\/schroevendump.nl\/fr\/#website"},"primaryImageOfPage":{"@id":"https:\/\/schroevendump.nl\/fr\/produit\/illbruck-pu-foam-fm330-perfect-elastic-foam-pro-880ml\/#primaryimage"},"image":{"@id":"https:\/\/schroevendump.nl\/fr\/produit\/illbruck-pu-foam-fm330-perfect-elastic-foam-pro-880ml\/#primaryimage"},"thumbnailUrl":"https:\/\/schroevendump.nl\/wp-content\/uploads\/2024\/11\/illbruck_FM330_880ml.png","datePublished":"2024-11-30T11:28:37+00:00","dateModified":"2025-12-10T11:29:26+00:00","breadcrumb":{"@id":"https:\/\/schroevendump.nl\/fr\/produit\/illbruck-pu-foam-fm330-perfect-elastic-foam-pro-880ml\/#breadcrumb"},"inLanguage":"fr-FR","potentialAction":[{"@type":"ReadAction","target":["https:\/\/schroevendump.nl\/fr\/produit\/illbruck-pu-foam-fm330-perfect-elastic-foam-pro-880ml\/"]}]},{"@type":"ImageObject","inLanguage":"fr-FR","@id":"https:\/\/schroevendump.nl\/fr\/produit\/illbruck-pu-foam-fm330-perfect-elastic-foam-pro-880ml\/#primaryimage","url":"https:\/\/schroevendump.nl\/wp-content\/uploads\/2024\/11\/illbruck_FM330_880ml.png","contentUrl":"https:\/\/schroevendump.nl\/wp-content\/uploads\/2024\/11\/illbruck_FM330_880ml.png","width":456,"height":456},{"@type":"BreadcrumbList","@id":"https:\/\/schroevendump.nl\/fr\/produit\/illbruck-pu-foam-fm330-perfect-elastic-foam-pro-880ml\/#breadcrumb","itemListElement":[{"@type":"ListItem","position":1,"name":"Accueil","item":"https:\/\/schroevendump.nl\/fr\/"},{"@type":"ListItem","position":2,"name":"Boutique","item":"https:\/\/schroevendump.nl\/fr\/boutique\/"},{"@type":"ListItem","position":3,"name":"illbruck PU foam FM330 Perfect Elastic Foam Pro 880ml"}]},{"@type":"WebSite","@id":"https:\/\/schroevendump.nl\/fr\/#website","url":"https:\/\/schroevendump.nl\/fr\/","name":"Schroevendump","description":"","potentialAction":[{"@type":"SearchAction","target":{"@type":"EntryPoint","urlTemplate":"https:\/\/schroevendump.nl\/fr\/?s={search_term_string}"},"query-input":{"@type":"PropertyValueSpecification","valueRequired":true,"valueName":"search_term_string"}}],"inLanguage":"fr-FR"}]}},"_links":{"self":[{"href":"https:\/\/schroevendump.nl\/fr\/wp-json\/wp\/v2\/product\/28217","targetHints":{"allow":["GET"]}}],"collection":[{"href":"https:\/\/schroevendump.nl\/fr\/wp-json\/wp\/v2\/product"}],"about":[{"href":"https:\/\/schroevendump.nl\/fr\/wp-json\/wp\/v2\/types\/product"}],"replies":[{"embeddable":true,"href":"https:\/\/schroevendump.nl\/fr\/wp-json\/wp\/v2\/comments?post=28217"}],"wp:featuredmedia":[{"embeddable":true,"href":"https:\/\/schroevendump.nl\/fr\/wp-json\/wp\/v2\/media\/28221"}],"wp:attachment":[{"href":"https:\/\/schroevendump.nl\/fr\/wp-json\/wp\/v2\/media?parent=28217"}],"wp:term":[{"taxonomy":"product_brand","embeddable":true,"href":"https:\/\/schroevendump.nl\/fr\/wp-json\/wp\/v2\/product_brand?post=28217"},{"taxonomy":"product_cat","embeddable":true,"href":"https:\/\/schroevendump.nl\/fr\/wp-json\/wp\/v2\/product_cat?post=28217"},{"taxonomy":"product_tag","embeddable":true,"href":"https:\/\/schroevendump.nl\/fr\/wp-json\/wp\/v2\/product_tag?post=28217"}],"curies":[{"name":"wp","href":"https:\/\/api.w.org\/{rel}","templated":true}]}}