{"id":28222,"date":"2024-11-30T11:07:41","date_gmt":"2024-11-30T11:07:41","guid":{"rendered":"https:\/\/schroevendump.nl\/product\/colle-pour-pierres-a-visser-s94-pu-stonefix-750ml\/"},"modified":"2025-12-10T11:29:07","modified_gmt":"2025-12-10T11:29:07","slug":"colle-pour-pierres-a-visser-s94-pu-stonefix-750ml","status":"publish","type":"product","link":"https:\/\/schroevendump.nl\/fr\/produit\/colle-pour-pierres-a-visser-s94-pu-stonefix-750ml\/","title":{"rendered":"Colle pour pierres \u00e0 visser S94 PU-Stonefix 750ml"},"content":{"rendered":"<p><b>Avantages<\/b><\/p>\n<ul>\n<li>Pr\u00eat \u00e0 l&#8217;emploi imm\u00e9diatement<\/li>\n<li>  Tr\u00e8s rapide<\/li>\n<li>  Extr\u00eamement puissant<\/li>\n<li>Facile \u00e0 utiliser<\/li>\n<li>Facile \u00e0 doser<\/li>\n<li>Utilisation multifonctionnelle.<\/li>\n<li>forte adh\u00e9rence en 30 minutes<\/li>\n<\/ul>\n<p><b>Utilisation<\/b><br \/>\nUtilis\u00e9 pour le collage rapide de blocs de construction sur des murs int\u00e9rieurs non porteurs. En outre, Screwdump S94 Stonefix peut \u00e9galement \u00eatre utilis\u00e9 pour coller, par exemple, des liens de palissade dans un jardin. Screwdump S94 Stonefix peut donc \u00e9galement \u00eatre utilis\u00e9 \u00e0 l&#8217;ext\u00e9rieur pour le collage de divers \u00e9l\u00e9ments.  <\/p>\n<p>1. En tenant la pierre adh\u00e9sive en position verticale, retirez le bouchon de l&#8217;adaptateur et vissez l&#8217;a\u00e9rosol sur le Foamgun.<br \/>\n2. Veillez \u00e0 ce que le Foamgun ne soit pas dirig\u00e9 vers d&#8217;autres personnes lorsque la bombe a\u00e9rosol est viss\u00e9e.<br \/>\n3. Apr\u00e8s avoir fix\u00e9 la bombe de S94 Stonefix, vous devez la secouer au moins 20 fois avant de pouvoir l&#8217;utiliser.<br \/>\n4. Le support doit \u00eatre humidifi\u00e9, car Stonefix durcit mieux et plus rapidement sur des supports pr\u00e9alablement humidifi\u00e9s.<br \/>\n5. Par temps froid, Stonefix doit \u00eatre r\u00e9chauff\u00e9 dans une pi\u00e8ce chaude ou dans de l&#8217;eau chaude. La temp\u00e9rature ne doit cependant pas d\u00e9passer 30 degr\u00e9s !<x id=\"gid_4\"><\/x>6. Fixez les surfaces en pierre imm\u00e9diatement apr\u00e8s l&#8217;application de Stonefix.<x id=\"gid_5\"><\/x>7. La mousse non durcie peut \u00eatre enlev\u00e9e avec le Foamcleaner. Les mains peuvent \u00eatre nettoy\u00e9es avec les lingettes nettoyantes.  <\/p>\n<p>Applications<\/p>\n<div class=\"product-applications-wrap\">\n<div class=\"product-applications collapse show\">\n<p>Le Schroevendump S94 Stonefix est utilis\u00e9 pour le collage rapide de blocs de construction sur des murs int\u00e9rieurs non porteurs. En outre, Screwdump S94 Stonefix peut \u00e9galement \u00eatre utilis\u00e9 pour coller, par exemple, des liens de palissade dans un jardin. Screwdump S94 Stonefix peut donc \u00e9galement \u00eatre utilis\u00e9 \u00e0 l&#8217;ext\u00e9rieur pour le collage de divers \u00e9l\u00e9ments.  <\/p>\n<\/div>\n<\/div>\n","protected":false},"excerpt":{"rendered":"<p>Avantages Pr\u00eat \u00e0 l&#8217;emploi imm\u00e9diatement Tr\u00e8s rapide Extr\u00eamement puissant Facile \u00e0 utiliser Facile \u00e0 doser Utilisation multifonctionnelle. forte adh\u00e9rence en 30 minutes Utilisation Utilis\u00e9 pour le collage rapide de blocs de construction sur des murs int\u00e9rieurs non porteurs. En outre, Screwdump S94 Stonefix peut \u00e9galement \u00eatre utilis\u00e9 pour coller, par exemple, des liens de palissade [&hellip;]<\/p>\n","protected":false},"featured_media":28224,"comment_status":"closed","ping_status":"closed","template":"","meta":[],"product_brand":[],"product_cat":[788],"product_tag":[],"class_list":{"0":"post-28222","1":"product","2":"type-product","3":"status-publish","4":"has-post-thumbnail","6":"product_cat-mousse-pure","8":"first","9":"outofstock","10":"taxable","11":"shipping-taxable","12":"purchasable","13":"product-type-simple"},"supplier_id":null,"supplier_sku":"","barcode":null,"atum_controlled":true,"out_stock_date":"2026-04-01 21:33:35","out_stock_threshold":null,"inheritable":false,"inbound_stock":0,"stock_on_hold":0,"sold_today":0,"sales_last_days":0,"reserved_stock":0,"customer_returns":0,"warehouse_damage":0,"lost_in_post":0,"other_logs":0,"out_stock_days":31,"lost_sales":0,"has_location":false,"update_date":"2026-05-03T01:08:36","atum_locations":[],"atum_stock_status":"outofstock","restock_status":false,"low_stock_amount":"","sales_update_date":"2026-05-03T01:08:36","calc_backorders":null,"acf":[],"yoast_head":"<!-- This site is optimized with the Yoast SEO plugin v26.6 - https:\/\/yoast.com\/wordpress\/plugins\/seo\/ -->\n<title>Colle pour pierres \u00e0 visser S94 PU-Stonefix 750ml - Schroevendump<\/title>\n<meta name=\"robots\" content=\"index, follow, max-snippet:-1, max-image-preview:large, max-video-preview:-1\" \/>\n<link rel=\"canonical\" href=\"https:\/\/schroevendump.nl\/fr\/produit\/colle-pour-pierres-a-visser-s94-pu-stonefix-750ml\/\" \/>\n<meta property=\"og:locale\" content=\"fr_FR\" \/>\n<meta property=\"og:type\" content=\"article\" \/>\n<meta property=\"og:title\" content=\"Colle pour pierres \u00e0 visser S94 PU-Stonefix 750ml - Schroevendump\" \/>\n<meta property=\"og:description\" content=\"Avantages Pr\u00eat \u00e0 l&#8217;emploi imm\u00e9diatement Tr\u00e8s rapide Extr\u00eamement puissant Facile \u00e0 utiliser Facile \u00e0 doser Utilisation multifonctionnelle. forte adh\u00e9rence en 30 minutes Utilisation Utilis\u00e9 pour le collage rapide de blocs de construction sur des murs int\u00e9rieurs non porteurs. En outre, Screwdump S94 Stonefix peut \u00e9galement \u00eatre utilis\u00e9 pour coller, par exemple, des liens de palissade [&hellip;]\" \/>\n<meta property=\"og:url\" content=\"https:\/\/schroevendump.nl\/fr\/produit\/colle-pour-pierres-a-visser-s94-pu-stonefix-750ml\/\" \/>\n<meta property=\"og:site_name\" content=\"Schroevendump\" \/>\n<meta property=\"article:modified_time\" content=\"2025-12-10T11:29:07+00:00\" \/>\n<meta property=\"og:image\" content=\"https:\/\/schroevendump.nl\/wp-content\/uploads\/2024\/11\/steenlijm_pur.png\" \/>\n\t<meta property=\"og:image:width\" content=\"433\" \/>\n\t<meta property=\"og:image:height\" content=\"489\" \/>\n\t<meta property=\"og:image:type\" content=\"image\/png\" \/>\n<meta name=\"twitter:card\" content=\"summary_large_image\" \/>\n<meta name=\"twitter:label1\" content=\"Dur\u00e9e de lecture estim\u00e9e\" \/>\n\t<meta name=\"twitter:data1\" content=\"1 minute\" \/>\n<script type=\"application\/ld+json\" class=\"yoast-schema-graph\">{\"@context\":\"https:\/\/schema.org\",\"@graph\":[{\"@type\":\"WebPage\",\"@id\":\"https:\/\/schroevendump.nl\/fr\/produit\/colle-pour-pierres-a-visser-s94-pu-stonefix-750ml\/\",\"url\":\"https:\/\/schroevendump.nl\/fr\/produit\/colle-pour-pierres-a-visser-s94-pu-stonefix-750ml\/\",\"name\":\"Colle pour pierres \u00e0 visser S94 PU-Stonefix 750ml - Schroevendump\",\"isPartOf\":{\"@id\":\"https:\/\/schroevendump.nl\/fr\/#website\"},\"primaryImageOfPage\":{\"@id\":\"https:\/\/schroevendump.nl\/fr\/produit\/colle-pour-pierres-a-visser-s94-pu-stonefix-750ml\/#primaryimage\"},\"image\":{\"@id\":\"https:\/\/schroevendump.nl\/fr\/produit\/colle-pour-pierres-a-visser-s94-pu-stonefix-750ml\/#primaryimage\"},\"thumbnailUrl\":\"https:\/\/schroevendump.nl\/wp-content\/uploads\/2024\/11\/steenlijm_pur.png\",\"datePublished\":\"2024-11-30T11:07:41+00:00\",\"dateModified\":\"2025-12-10T11:29:07+00:00\",\"breadcrumb\":{\"@id\":\"https:\/\/schroevendump.nl\/fr\/produit\/colle-pour-pierres-a-visser-s94-pu-stonefix-750ml\/#breadcrumb\"},\"inLanguage\":\"fr-FR\",\"potentialAction\":[{\"@type\":\"ReadAction\",\"target\":[\"https:\/\/schroevendump.nl\/fr\/produit\/colle-pour-pierres-a-visser-s94-pu-stonefix-750ml\/\"]}]},{\"@type\":\"ImageObject\",\"inLanguage\":\"fr-FR\",\"@id\":\"https:\/\/schroevendump.nl\/fr\/produit\/colle-pour-pierres-a-visser-s94-pu-stonefix-750ml\/#primaryimage\",\"url\":\"https:\/\/schroevendump.nl\/wp-content\/uploads\/2024\/11\/steenlijm_pur.png\",\"contentUrl\":\"https:\/\/schroevendump.nl\/wp-content\/uploads\/2024\/11\/steenlijm_pur.png\",\"width\":433,\"height\":489},{\"@type\":\"BreadcrumbList\",\"@id\":\"https:\/\/schroevendump.nl\/fr\/produit\/colle-pour-pierres-a-visser-s94-pu-stonefix-750ml\/#breadcrumb\",\"itemListElement\":[{\"@type\":\"ListItem\",\"position\":1,\"name\":\"Accueil\",\"item\":\"https:\/\/schroevendump.nl\/fr\/\"},{\"@type\":\"ListItem\",\"position\":2,\"name\":\"Boutique\",\"item\":\"https:\/\/schroevendump.nl\/fr\/boutique\/\"},{\"@type\":\"ListItem\",\"position\":3,\"name\":\"Colle pour pierres \u00e0 visser S94 PU-Stonefix 750ml\"}]},{\"@type\":\"WebSite\",\"@id\":\"https:\/\/schroevendump.nl\/fr\/#website\",\"url\":\"https:\/\/schroevendump.nl\/fr\/\",\"name\":\"Schroevendump\",\"description\":\"\",\"potentialAction\":[{\"@type\":\"SearchAction\",\"target\":{\"@type\":\"EntryPoint\",\"urlTemplate\":\"https:\/\/schroevendump.nl\/fr\/?s={search_term_string}\"},\"query-input\":{\"@type\":\"PropertyValueSpecification\",\"valueRequired\":true,\"valueName\":\"search_term_string\"}}],\"inLanguage\":\"fr-FR\"}]}<\/script>\n<!-- \/ Yoast SEO plugin. -->","yoast_head_json":{"title":"Colle pour pierres \u00e0 visser S94 PU-Stonefix 750ml - Schroevendump","robots":{"index":"index","follow":"follow","max-snippet":"max-snippet:-1","max-image-preview":"max-image-preview:large","max-video-preview":"max-video-preview:-1"},"canonical":"https:\/\/schroevendump.nl\/fr\/produit\/colle-pour-pierres-a-visser-s94-pu-stonefix-750ml\/","og_locale":"fr_FR","og_type":"article","og_title":"Colle pour pierres \u00e0 visser S94 PU-Stonefix 750ml - Schroevendump","og_description":"Avantages Pr\u00eat \u00e0 l&#8217;emploi imm\u00e9diatement Tr\u00e8s rapide Extr\u00eamement puissant Facile \u00e0 utiliser Facile \u00e0 doser Utilisation multifonctionnelle. forte adh\u00e9rence en 30 minutes Utilisation Utilis\u00e9 pour le collage rapide de blocs de construction sur des murs int\u00e9rieurs non porteurs. En outre, Screwdump S94 Stonefix peut \u00e9galement \u00eatre utilis\u00e9 pour coller, par exemple, des liens de palissade [&hellip;]","og_url":"https:\/\/schroevendump.nl\/fr\/produit\/colle-pour-pierres-a-visser-s94-pu-stonefix-750ml\/","og_site_name":"Schroevendump","article_modified_time":"2025-12-10T11:29:07+00:00","og_image":[{"width":433,"height":489,"url":"https:\/\/schroevendump.nl\/wp-content\/uploads\/2024\/11\/steenlijm_pur.png","type":"image\/png"}],"twitter_card":"summary_large_image","twitter_misc":{"Dur\u00e9e de lecture estim\u00e9e":"1 minute"},"schema":{"@context":"https:\/\/schema.org","@graph":[{"@type":"WebPage","@id":"https:\/\/schroevendump.nl\/fr\/produit\/colle-pour-pierres-a-visser-s94-pu-stonefix-750ml\/","url":"https:\/\/schroevendump.nl\/fr\/produit\/colle-pour-pierres-a-visser-s94-pu-stonefix-750ml\/","name":"Colle pour pierres \u00e0 visser S94 PU-Stonefix 750ml - Schroevendump","isPartOf":{"@id":"https:\/\/schroevendump.nl\/fr\/#website"},"primaryImageOfPage":{"@id":"https:\/\/schroevendump.nl\/fr\/produit\/colle-pour-pierres-a-visser-s94-pu-stonefix-750ml\/#primaryimage"},"image":{"@id":"https:\/\/schroevendump.nl\/fr\/produit\/colle-pour-pierres-a-visser-s94-pu-stonefix-750ml\/#primaryimage"},"thumbnailUrl":"https:\/\/schroevendump.nl\/wp-content\/uploads\/2024\/11\/steenlijm_pur.png","datePublished":"2024-11-30T11:07:41+00:00","dateModified":"2025-12-10T11:29:07+00:00","breadcrumb":{"@id":"https:\/\/schroevendump.nl\/fr\/produit\/colle-pour-pierres-a-visser-s94-pu-stonefix-750ml\/#breadcrumb"},"inLanguage":"fr-FR","potentialAction":[{"@type":"ReadAction","target":["https:\/\/schroevendump.nl\/fr\/produit\/colle-pour-pierres-a-visser-s94-pu-stonefix-750ml\/"]}]},{"@type":"ImageObject","inLanguage":"fr-FR","@id":"https:\/\/schroevendump.nl\/fr\/produit\/colle-pour-pierres-a-visser-s94-pu-stonefix-750ml\/#primaryimage","url":"https:\/\/schroevendump.nl\/wp-content\/uploads\/2024\/11\/steenlijm_pur.png","contentUrl":"https:\/\/schroevendump.nl\/wp-content\/uploads\/2024\/11\/steenlijm_pur.png","width":433,"height":489},{"@type":"BreadcrumbList","@id":"https:\/\/schroevendump.nl\/fr\/produit\/colle-pour-pierres-a-visser-s94-pu-stonefix-750ml\/#breadcrumb","itemListElement":[{"@type":"ListItem","position":1,"name":"Accueil","item":"https:\/\/schroevendump.nl\/fr\/"},{"@type":"ListItem","position":2,"name":"Boutique","item":"https:\/\/schroevendump.nl\/fr\/boutique\/"},{"@type":"ListItem","position":3,"name":"Colle pour pierres \u00e0 visser S94 PU-Stonefix 750ml"}]},{"@type":"WebSite","@id":"https:\/\/schroevendump.nl\/fr\/#website","url":"https:\/\/schroevendump.nl\/fr\/","name":"Schroevendump","description":"","potentialAction":[{"@type":"SearchAction","target":{"@type":"EntryPoint","urlTemplate":"https:\/\/schroevendump.nl\/fr\/?s={search_term_string}"},"query-input":{"@type":"PropertyValueSpecification","valueRequired":true,"valueName":"search_term_string"}}],"inLanguage":"fr-FR"}]}},"_links":{"self":[{"href":"https:\/\/schroevendump.nl\/fr\/wp-json\/wp\/v2\/product\/28222","targetHints":{"allow":["GET"]}}],"collection":[{"href":"https:\/\/schroevendump.nl\/fr\/wp-json\/wp\/v2\/product"}],"about":[{"href":"https:\/\/schroevendump.nl\/fr\/wp-json\/wp\/v2\/types\/product"}],"replies":[{"embeddable":true,"href":"https:\/\/schroevendump.nl\/fr\/wp-json\/wp\/v2\/comments?post=28222"}],"wp:featuredmedia":[{"embeddable":true,"href":"https:\/\/schroevendump.nl\/fr\/wp-json\/wp\/v2\/media\/28224"}],"wp:attachment":[{"href":"https:\/\/schroevendump.nl\/fr\/wp-json\/wp\/v2\/media?parent=28222"}],"wp:term":[{"taxonomy":"product_brand","embeddable":true,"href":"https:\/\/schroevendump.nl\/fr\/wp-json\/wp\/v2\/product_brand?post=28222"},{"taxonomy":"product_cat","embeddable":true,"href":"https:\/\/schroevendump.nl\/fr\/wp-json\/wp\/v2\/product_cat?post=28222"},{"taxonomy":"product_tag","embeddable":true,"href":"https:\/\/schroevendump.nl\/fr\/wp-json\/wp\/v2\/product_tag?post=28222"}],"curies":[{"name":"wp","href":"https:\/\/api.w.org\/{rel}","templated":true}]}}