{"id":28230,"date":"2024-11-30T11:06:00","date_gmt":"2024-11-30T11:06:00","guid":{"rendered":"https:\/\/schroevendump.nl\/product\/screwdump-mousse-pu-elastique-s90-750-ml\/"},"modified":"2025-12-10T11:29:04","modified_gmt":"2025-12-10T11:29:04","slug":"screwdump-mousse-pu-elastique-s90-750-ml","status":"publish","type":"product","link":"https:\/\/schroevendump.nl\/fr\/produit\/screwdump-mousse-pu-elastique-s90-750-ml\/","title":{"rendered":"Screwdump Mousse PU \u00e9lastique S90 750 ml"},"content":{"rendered":"<p><strong>Description du produit<br \/>\n<\/strong>screwdump Elastic Foam S90 est une mousse \u00e0 \u00e9lasticit\u00e9 permanente sp\u00e9cialement con\u00e7ue pour absorber les mouvements des surfaces et des joints. Ainsi, les excellentes propri\u00e9t\u00e9s d&#8217;isolation phonique et thermique entre les composants, tels que les joints de cadres de fen\u00eatres, sont maintenues \u00e0 long terme. Gr\u00e2ce \u00e0 sa formulation unique, le produit peut \u00eatre utilis\u00e9 \u00e0 des temp\u00e9ratures allant jusqu&#8217;\u00e0 -10\u00b0C. Le d\u00e9veloppement et la production de ce produit r\u00e9pondent aux exigences strictes des normes de qualit\u00e9 ISO 9001 \/ EN 29001.  <\/p>\n<p><b>Domaines d&#8217;application :<\/b><br \/>\n&#8211; Installation de cadres de fen\u00eatres (remplissage propre et contr\u00f4l\u00e9, isolation et scellement des joints des cadres de fen\u00eatres et des volets ext\u00e9rieurs).<br \/>\n&#8211; Remplissage des joints des cadres de portes ext\u00e9rieures, mais pas pour une installation primaire sans autres fixations m\u00e9caniques.<br \/>\n&#8211; Remplissage des murs creux, des p\u00e9n\u00e9trations pour l&#8217;alimentation en \u00e9lectricit\u00e9, en gaz et en eau et autres ouvertures.<\/p>\n<div><b> <\/b><\/div>\n<div><b>Traitement<\/b><br \/>\nL&#8217;Elastic Foam S90 peut \u00eatre fix\u00e9 au Foamgun. Cela permet une pulv\u00e9risation optimale de l&#8217;Elastic Foam S90. Secouez bien la bo\u00eete 20 fois avant utilisation. Cela garantit une adh\u00e9rence optimale de l&#8217;Elastic Foam S90. Apr\u00e8s la pulv\u00e9risation, le pistolet \u00e0 mousse peut \u00eatre nettoy\u00e9 avec le Foamcleaner et les mains peuvent \u00eatre nettoy\u00e9es avec les lingettes de nettoyage.    <\/div>\n<div><\/div>\n<div><strong>Mat\u00e9riau<\/strong><br \/>\nMousse de polyur\u00e9thane \u00e9lastique \u00e0 un composant. Sans CFC, HCFC et HFC (sans danger pour l&#8217;ozone et ne contribue pas \u00e0 l&#8217;effet de serre).- Conductivit\u00e9 thermique : 0,035 W\/(m-K)<br \/>\n&#8211; Excellentes valeurs d&#8217;isolation acoustique RS,w :<br \/>\n&#8211; Largeur de joint de 10 mm : 63 dB<br \/>\n&#8211; Largeur de joint de 20 mm : 64 dB<br \/>\n&#8211; R\u00e9sultats optimaux \u00e0 basse temp\u00e9rature jusqu&#8217;\u00e0 -10\u00b0C<br \/>\n&#8211; Forte adh\u00e9rence<br \/>\n&#8211; Classe de mat\u00e9riau de construction B2 selon DIN 4102-1<br \/>\n&#8211; Classe de mat\u00e9riau de construction E selon EN 13501-1<br \/>\n&#8211; Valeur d&#8217;isolation \u00e9lev\u00e9e<br \/>\n&#8211; Valeur MTV 37%<br \/>\n&#8211; Applicable sur n&#8217;importe quel substrat<br \/>\n&#8211; Peut \u00eatre finie avec du pl\u00e2tre<br \/>\n&#8211; Peut \u00eatre peinte<\/div>\n","protected":false},"excerpt":{"rendered":"<p>Description du produit screwdump Elastic Foam S90 est une mousse \u00e0 \u00e9lasticit\u00e9 permanente sp\u00e9cialement con\u00e7ue pour absorber les mouvements des surfaces et des joints. Ainsi, les excellentes propri\u00e9t\u00e9s d&#8217;isolation phonique et thermique entre les composants, tels que les joints de cadres de fen\u00eatres, sont maintenues \u00e0 long terme. Gr\u00e2ce \u00e0 sa formulation unique, le produit [&hellip;]<\/p>\n","protected":false},"featured_media":28233,"comment_status":"open","ping_status":"closed","template":"","meta":[],"product_brand":[],"product_cat":[788],"product_tag":[],"class_list":{"0":"post-28230","1":"product","2":"type-product","3":"status-publish","4":"has-post-thumbnail","6":"product_cat-mousse-pure","8":"first","9":"instock","10":"taxable","11":"shipping-taxable","12":"purchasable","13":"product-type-simple"},"supplier_id":null,"supplier_sku":"","barcode":null,"atum_controlled":true,"out_stock_date":null,"out_stock_threshold":null,"inheritable":false,"inbound_stock":0,"stock_on_hold":0,"sold_today":0,"sales_last_days":0,"reserved_stock":0,"customer_returns":0,"warehouse_damage":0,"lost_in_post":0,"other_logs":0,"out_stock_days":0,"lost_sales":0,"has_location":false,"update_date":"2026-04-18T09:57:03","atum_locations":[],"atum_stock_status":"instock","restock_status":true,"low_stock_amount":"","sales_update_date":"2026-04-18T01:04:51","calc_backorders":null,"acf":[],"yoast_head":"<!-- This site is optimized with the Yoast SEO plugin v26.6 - https:\/\/yoast.com\/wordpress\/plugins\/seo\/ -->\n<title>Screwdump Mousse PU \u00e9lastique S90 750 ml - Schroevendump<\/title>\n<meta name=\"robots\" content=\"index, follow, max-snippet:-1, max-image-preview:large, max-video-preview:-1\" \/>\n<link rel=\"canonical\" href=\"https:\/\/schroevendump.nl\/fr\/produit\/screwdump-mousse-pu-elastique-s90-750-ml\/\" \/>\n<meta property=\"og:locale\" content=\"fr_FR\" \/>\n<meta property=\"og:type\" content=\"article\" \/>\n<meta property=\"og:title\" content=\"Screwdump Mousse PU \u00e9lastique S90 750 ml - Schroevendump\" \/>\n<meta property=\"og:description\" content=\"Description du produit screwdump Elastic Foam S90 est une mousse \u00e0 \u00e9lasticit\u00e9 permanente sp\u00e9cialement con\u00e7ue pour absorber les mouvements des surfaces et des joints. Ainsi, les excellentes propri\u00e9t\u00e9s d&#8217;isolation phonique et thermique entre les composants, tels que les joints de cadres de fen\u00eatres, sont maintenues \u00e0 long terme. Gr\u00e2ce \u00e0 sa formulation unique, le produit [&hellip;]\" \/>\n<meta property=\"og:url\" content=\"https:\/\/schroevendump.nl\/fr\/produit\/screwdump-mousse-pu-elastique-s90-750-ml\/\" \/>\n<meta property=\"og:site_name\" content=\"Schroevendump\" \/>\n<meta property=\"article:modified_time\" content=\"2025-12-10T11:29:04+00:00\" \/>\n<meta property=\"og:image\" content=\"https:\/\/schroevendump.nl\/wp-content\/uploads\/2024\/11\/flexfoom-removebg-preview.png\" \/>\n\t<meta property=\"og:image:width\" content=\"500\" \/>\n\t<meta property=\"og:image:height\" content=\"500\" \/>\n\t<meta property=\"og:image:type\" content=\"image\/png\" \/>\n<meta name=\"twitter:card\" content=\"summary_large_image\" \/>\n<meta name=\"twitter:label1\" content=\"Dur\u00e9e de lecture estim\u00e9e\" \/>\n\t<meta name=\"twitter:data1\" content=\"2 minutes\" \/>\n<script type=\"application\/ld+json\" class=\"yoast-schema-graph\">{\"@context\":\"https:\/\/schema.org\",\"@graph\":[{\"@type\":\"WebPage\",\"@id\":\"https:\/\/schroevendump.nl\/fr\/produit\/screwdump-mousse-pu-elastique-s90-750-ml\/\",\"url\":\"https:\/\/schroevendump.nl\/fr\/produit\/screwdump-mousse-pu-elastique-s90-750-ml\/\",\"name\":\"Screwdump Mousse PU \u00e9lastique S90 750 ml - Schroevendump\",\"isPartOf\":{\"@id\":\"https:\/\/schroevendump.nl\/fr\/#website\"},\"primaryImageOfPage\":{\"@id\":\"https:\/\/schroevendump.nl\/fr\/produit\/screwdump-mousse-pu-elastique-s90-750-ml\/#primaryimage\"},\"image\":{\"@id\":\"https:\/\/schroevendump.nl\/fr\/produit\/screwdump-mousse-pu-elastique-s90-750-ml\/#primaryimage\"},\"thumbnailUrl\":\"https:\/\/schroevendump.nl\/wp-content\/uploads\/2024\/11\/flexfoom-removebg-preview.png\",\"datePublished\":\"2024-11-30T11:06:00+00:00\",\"dateModified\":\"2025-12-10T11:29:04+00:00\",\"breadcrumb\":{\"@id\":\"https:\/\/schroevendump.nl\/fr\/produit\/screwdump-mousse-pu-elastique-s90-750-ml\/#breadcrumb\"},\"inLanguage\":\"fr-FR\",\"potentialAction\":[{\"@type\":\"ReadAction\",\"target\":[\"https:\/\/schroevendump.nl\/fr\/produit\/screwdump-mousse-pu-elastique-s90-750-ml\/\"]}]},{\"@type\":\"ImageObject\",\"inLanguage\":\"fr-FR\",\"@id\":\"https:\/\/schroevendump.nl\/fr\/produit\/screwdump-mousse-pu-elastique-s90-750-ml\/#primaryimage\",\"url\":\"https:\/\/schroevendump.nl\/wp-content\/uploads\/2024\/11\/flexfoom-removebg-preview.png\",\"contentUrl\":\"https:\/\/schroevendump.nl\/wp-content\/uploads\/2024\/11\/flexfoom-removebg-preview.png\",\"width\":500,\"height\":500},{\"@type\":\"BreadcrumbList\",\"@id\":\"https:\/\/schroevendump.nl\/fr\/produit\/screwdump-mousse-pu-elastique-s90-750-ml\/#breadcrumb\",\"itemListElement\":[{\"@type\":\"ListItem\",\"position\":1,\"name\":\"Accueil\",\"item\":\"https:\/\/schroevendump.nl\/fr\/\"},{\"@type\":\"ListItem\",\"position\":2,\"name\":\"Boutique\",\"item\":\"https:\/\/schroevendump.nl\/fr\/boutique\/\"},{\"@type\":\"ListItem\",\"position\":3,\"name\":\"Screwdump Mousse PU \u00e9lastique S90 750 ml\"}]},{\"@type\":\"WebSite\",\"@id\":\"https:\/\/schroevendump.nl\/fr\/#website\",\"url\":\"https:\/\/schroevendump.nl\/fr\/\",\"name\":\"Schroevendump\",\"description\":\"\",\"potentialAction\":[{\"@type\":\"SearchAction\",\"target\":{\"@type\":\"EntryPoint\",\"urlTemplate\":\"https:\/\/schroevendump.nl\/fr\/?s={search_term_string}\"},\"query-input\":{\"@type\":\"PropertyValueSpecification\",\"valueRequired\":true,\"valueName\":\"search_term_string\"}}],\"inLanguage\":\"fr-FR\"}]}<\/script>\n<!-- \/ Yoast SEO plugin. -->","yoast_head_json":{"title":"Screwdump Mousse PU \u00e9lastique S90 750 ml - Schroevendump","robots":{"index":"index","follow":"follow","max-snippet":"max-snippet:-1","max-image-preview":"max-image-preview:large","max-video-preview":"max-video-preview:-1"},"canonical":"https:\/\/schroevendump.nl\/fr\/produit\/screwdump-mousse-pu-elastique-s90-750-ml\/","og_locale":"fr_FR","og_type":"article","og_title":"Screwdump Mousse PU \u00e9lastique S90 750 ml - Schroevendump","og_description":"Description du produit screwdump Elastic Foam S90 est une mousse \u00e0 \u00e9lasticit\u00e9 permanente sp\u00e9cialement con\u00e7ue pour absorber les mouvements des surfaces et des joints. Ainsi, les excellentes propri\u00e9t\u00e9s d&#8217;isolation phonique et thermique entre les composants, tels que les joints de cadres de fen\u00eatres, sont maintenues \u00e0 long terme. Gr\u00e2ce \u00e0 sa formulation unique, le produit [&hellip;]","og_url":"https:\/\/schroevendump.nl\/fr\/produit\/screwdump-mousse-pu-elastique-s90-750-ml\/","og_site_name":"Schroevendump","article_modified_time":"2025-12-10T11:29:04+00:00","og_image":[{"width":500,"height":500,"url":"https:\/\/schroevendump.nl\/wp-content\/uploads\/2024\/11\/flexfoom-removebg-preview.png","type":"image\/png"}],"twitter_card":"summary_large_image","twitter_misc":{"Dur\u00e9e de lecture estim\u00e9e":"2 minutes"},"schema":{"@context":"https:\/\/schema.org","@graph":[{"@type":"WebPage","@id":"https:\/\/schroevendump.nl\/fr\/produit\/screwdump-mousse-pu-elastique-s90-750-ml\/","url":"https:\/\/schroevendump.nl\/fr\/produit\/screwdump-mousse-pu-elastique-s90-750-ml\/","name":"Screwdump Mousse PU \u00e9lastique S90 750 ml - Schroevendump","isPartOf":{"@id":"https:\/\/schroevendump.nl\/fr\/#website"},"primaryImageOfPage":{"@id":"https:\/\/schroevendump.nl\/fr\/produit\/screwdump-mousse-pu-elastique-s90-750-ml\/#primaryimage"},"image":{"@id":"https:\/\/schroevendump.nl\/fr\/produit\/screwdump-mousse-pu-elastique-s90-750-ml\/#primaryimage"},"thumbnailUrl":"https:\/\/schroevendump.nl\/wp-content\/uploads\/2024\/11\/flexfoom-removebg-preview.png","datePublished":"2024-11-30T11:06:00+00:00","dateModified":"2025-12-10T11:29:04+00:00","breadcrumb":{"@id":"https:\/\/schroevendump.nl\/fr\/produit\/screwdump-mousse-pu-elastique-s90-750-ml\/#breadcrumb"},"inLanguage":"fr-FR","potentialAction":[{"@type":"ReadAction","target":["https:\/\/schroevendump.nl\/fr\/produit\/screwdump-mousse-pu-elastique-s90-750-ml\/"]}]},{"@type":"ImageObject","inLanguage":"fr-FR","@id":"https:\/\/schroevendump.nl\/fr\/produit\/screwdump-mousse-pu-elastique-s90-750-ml\/#primaryimage","url":"https:\/\/schroevendump.nl\/wp-content\/uploads\/2024\/11\/flexfoom-removebg-preview.png","contentUrl":"https:\/\/schroevendump.nl\/wp-content\/uploads\/2024\/11\/flexfoom-removebg-preview.png","width":500,"height":500},{"@type":"BreadcrumbList","@id":"https:\/\/schroevendump.nl\/fr\/produit\/screwdump-mousse-pu-elastique-s90-750-ml\/#breadcrumb","itemListElement":[{"@type":"ListItem","position":1,"name":"Accueil","item":"https:\/\/schroevendump.nl\/fr\/"},{"@type":"ListItem","position":2,"name":"Boutique","item":"https:\/\/schroevendump.nl\/fr\/boutique\/"},{"@type":"ListItem","position":3,"name":"Screwdump Mousse PU \u00e9lastique S90 750 ml"}]},{"@type":"WebSite","@id":"https:\/\/schroevendump.nl\/fr\/#website","url":"https:\/\/schroevendump.nl\/fr\/","name":"Schroevendump","description":"","potentialAction":[{"@type":"SearchAction","target":{"@type":"EntryPoint","urlTemplate":"https:\/\/schroevendump.nl\/fr\/?s={search_term_string}"},"query-input":{"@type":"PropertyValueSpecification","valueRequired":true,"valueName":"search_term_string"}}],"inLanguage":"fr-FR"}]}},"_links":{"self":[{"href":"https:\/\/schroevendump.nl\/fr\/wp-json\/wp\/v2\/product\/28230","targetHints":{"allow":["GET"]}}],"collection":[{"href":"https:\/\/schroevendump.nl\/fr\/wp-json\/wp\/v2\/product"}],"about":[{"href":"https:\/\/schroevendump.nl\/fr\/wp-json\/wp\/v2\/types\/product"}],"replies":[{"embeddable":true,"href":"https:\/\/schroevendump.nl\/fr\/wp-json\/wp\/v2\/comments?post=28230"}],"wp:featuredmedia":[{"embeddable":true,"href":"https:\/\/schroevendump.nl\/fr\/wp-json\/wp\/v2\/media\/28233"}],"wp:attachment":[{"href":"https:\/\/schroevendump.nl\/fr\/wp-json\/wp\/v2\/media?parent=28230"}],"wp:term":[{"taxonomy":"product_brand","embeddable":true,"href":"https:\/\/schroevendump.nl\/fr\/wp-json\/wp\/v2\/product_brand?post=28230"},{"taxonomy":"product_cat","embeddable":true,"href":"https:\/\/schroevendump.nl\/fr\/wp-json\/wp\/v2\/product_cat?post=28230"},{"taxonomy":"product_tag","embeddable":true,"href":"https:\/\/schroevendump.nl\/fr\/wp-json\/wp\/v2\/product_tag?post=28230"}],"curies":[{"name":"wp","href":"https:\/\/api.w.org\/{rel}","templated":true}]}}