{"id":28241,"date":"2024-11-30T11:00:21","date_gmt":"2024-11-30T11:00:21","guid":{"rendered":"https:\/\/schroevendump.nl\/product\/isolation-mousse-de-polyurethane-750ml-s92\/"},"modified":"2025-12-10T11:29:06","modified_gmt":"2025-12-10T11:29:06","slug":"isolation-mousse-de-polyurethane-750ml-s92","status":"publish","type":"product","link":"https:\/\/schroevendump.nl\/fr\/produit\/isolation-mousse-de-polyurethane-750ml-s92\/","title":{"rendered":"Isolation\/mousse de polyur\u00e9thane 750ml S92"},"content":{"rendered":"<div class=\"product-description-wrap\">\n<div class=\"product-description collapse show\">\n<ul>\n<li>Secouez vigoureusement le bidon pendant au moins 20 secondes avant chaque utilisation.<\/li>\n<\/ul>\n<p>Pas de souffle de vent \u00e0 travers un trou ou une fissure avec le Screwdump Gun Foam NBS. Cette mousse d&#8217;isolation et de montage <em>colmate tous les interstices et fissures<\/em> entre les cloisons, les plafonds et les sols. Cette valve s <em>&#8216;applique universellement<\/em> aux mat\u00e9riaux tels que la pierre, le polyester et le m\u00e9tal. C&#8217;est donc le h\u00e9ros id\u00e9al pour \u00e9tancher les joints des ch\u00e2ssis de fen\u00eatres, par exemple. Ce travail est \u00e9galement un <em>jeu d&#8217;enfant<\/em> car Gun Foam NBS s\u00e8che rapidement et est facile \u00e0 utiliser.<br \/>\nApr\u00e8s le scellement, cette mousse d&#8217;isolation et d&#8217;assemblage peut \u00e9galement \u00eatre peinte et repeinte. Vous pouvez ainsi donner aux joints la couleur que vous souhaitez et ils s&#8217;harmonisent parfaitement avec l&#8217;ext\u00e9rieur. Elle est parfaite pour l&#8217;ext\u00e9rieur et <em>r\u00e9siste \u00e0<\/em> des temp\u00e9ratures allant de -40 \u00e0 +90 degr\u00e9s, de sorte qu&#8217;elle ne s&#8217;ab\u00eemera pas comme \u00e7a. Le Screwdump Gun Foam NBS est la mousse d&#8217;isolation et d&#8217;assemblage id\u00e9ale pour vos travaux d&#8217;\u00e9tanch\u00e9it\u00e9.       <\/p>\n<p>&nbsp;<\/p>\n<\/div>\n<\/div>\n<div class=\"product-applications-wrap\">\n<h4 id=\"product-applications\" class=\"collapse-single-product collapse-product-applications toggle\">CANDIDATURES<\/h4>\n<div class=\"product-applications collapse show\">\n<p>Screw Dump Gunfoam NBS est excellent pour sceller les joints entre les cloisons, les plafonds et les planchers. Les p\u00e9n\u00e9trations de tuyaux et de tubes \u00e0 travers les murs et les planchers. Joints autour des cadres de fen\u00eatres et de portes. Ne convient pas \u00e0 une application sous l&#8217;eau ni au remplissage de grands espaces clos. Tous les supports doivent \u00eatre exempts de graisse et de poussi\u00e8re. Pour les joints plus larges et les joints d&#8217;une profondeur sup\u00e9rieure \u00e0 5 cm, appliquez la mousse en plusieurs couches. Pr\u00e9voyez un temps d&#8217;attente de 15 \u00e0 30 minutes entre chaque couche. Vous obtiendrez ainsi un r\u00e9sultat optimal.       <\/p>\n<\/div>\n<h3><\/h3>\n<p>Les bidons de mousse PU doivent \u00eatre stock\u00e9s \u00e0 la verticale. Si les bo\u00eetes restent trop longtemps \u00e0 plat, la valve de la bo\u00eete peut commencer \u00e0 coller et la mousse PU ne fonctionnera plus. <\/p>\n<p>&nbsp;<\/p>\n<\/div>\n","protected":false},"excerpt":{"rendered":"<p>Secouez vigoureusement le bidon pendant au moins 20 secondes avant chaque utilisation. Pas de souffle de vent \u00e0 travers un trou ou une fissure avec le Screwdump Gun Foam NBS. Cette mousse d&#8217;isolation et de montage colmate tous les interstices et fissures entre les cloisons, les plafonds et les sols. Cette valve s &#8216;applique universellement [&hellip;]<\/p>\n","protected":false},"featured_media":28243,"comment_status":"closed","ping_status":"closed","template":"","meta":[],"product_brand":[],"product_cat":[788],"product_tag":[],"class_list":{"0":"post-28241","1":"product","2":"type-product","3":"status-publish","4":"has-post-thumbnail","6":"product_cat-mousse-pure","8":"first","9":"instock","10":"taxable","11":"shipping-taxable","12":"purchasable","13":"product-type-simple"},"supplier_id":null,"supplier_sku":"","barcode":null,"atum_controlled":true,"out_stock_date":null,"out_stock_threshold":null,"inheritable":false,"inbound_stock":0,"stock_on_hold":23,"sold_today":0,"sales_last_days":198,"reserved_stock":0,"customer_returns":0,"warehouse_damage":0,"lost_in_post":0,"other_logs":0,"out_stock_days":0,"lost_sales":0,"has_location":false,"update_date":"2026-04-20T06:31:52","atum_locations":[],"atum_stock_status":"instock","restock_status":false,"low_stock_amount":"","sales_update_date":"2026-04-20T06:31:52","calc_backorders":null,"acf":[],"yoast_head":"<!-- This site is optimized with the Yoast SEO plugin v26.6 - https:\/\/yoast.com\/wordpress\/plugins\/seo\/ -->\n<title>Isolation\/mousse de polyur\u00e9thane 750ml S92 - Schroevendump<\/title>\n<meta name=\"robots\" content=\"index, follow, max-snippet:-1, max-image-preview:large, max-video-preview:-1\" \/>\n<link rel=\"canonical\" href=\"https:\/\/schroevendump.nl\/fr\/produit\/isolation-mousse-de-polyurethane-750ml-s92\/\" \/>\n<meta property=\"og:locale\" content=\"fr_FR\" \/>\n<meta property=\"og:type\" content=\"article\" \/>\n<meta property=\"og:title\" content=\"Isolation\/mousse de polyur\u00e9thane 750ml S92 - Schroevendump\" \/>\n<meta property=\"og:description\" content=\"Secouez vigoureusement le bidon pendant au moins 20 secondes avant chaque utilisation. Pas de souffle de vent \u00e0 travers un trou ou une fissure avec le Screwdump Gun Foam NBS. Cette mousse d&#8217;isolation et de montage colmate tous les interstices et fissures entre les cloisons, les plafonds et les sols. Cette valve s &#8216;applique universellement [&hellip;]\" \/>\n<meta property=\"og:url\" content=\"https:\/\/schroevendump.nl\/fr\/produit\/isolation-mousse-de-polyurethane-750ml-s92\/\" \/>\n<meta property=\"og:site_name\" content=\"Schroevendump\" \/>\n<meta property=\"article:modified_time\" content=\"2025-12-10T11:29:06+00:00\" \/>\n<meta property=\"og:image\" content=\"https:\/\/schroevendump.nl\/wp-content\/uploads\/2024\/11\/Isolatieschuim_-removebg.png\" \/>\n\t<meta property=\"og:image:width\" content=\"2500\" \/>\n\t<meta property=\"og:image:height\" content=\"2500\" \/>\n\t<meta property=\"og:image:type\" content=\"image\/png\" \/>\n<meta name=\"twitter:card\" content=\"summary_large_image\" \/>\n<meta name=\"twitter:label1\" content=\"Dur\u00e9e de lecture estim\u00e9e\" \/>\n\t<meta name=\"twitter:data1\" content=\"2 minutes\" \/>\n<script type=\"application\/ld+json\" class=\"yoast-schema-graph\">{\"@context\":\"https:\/\/schema.org\",\"@graph\":[{\"@type\":\"WebPage\",\"@id\":\"https:\/\/schroevendump.nl\/fr\/produit\/isolation-mousse-de-polyurethane-750ml-s92\/\",\"url\":\"https:\/\/schroevendump.nl\/fr\/produit\/isolation-mousse-de-polyurethane-750ml-s92\/\",\"name\":\"Isolation\/mousse de polyur\u00e9thane 750ml S92 - Schroevendump\",\"isPartOf\":{\"@id\":\"https:\/\/schroevendump.nl\/fr\/#website\"},\"primaryImageOfPage\":{\"@id\":\"https:\/\/schroevendump.nl\/fr\/produit\/isolation-mousse-de-polyurethane-750ml-s92\/#primaryimage\"},\"image\":{\"@id\":\"https:\/\/schroevendump.nl\/fr\/produit\/isolation-mousse-de-polyurethane-750ml-s92\/#primaryimage\"},\"thumbnailUrl\":\"https:\/\/schroevendump.nl\/wp-content\/uploads\/2024\/11\/Isolatieschuim_-removebg.png\",\"datePublished\":\"2024-11-30T11:00:21+00:00\",\"dateModified\":\"2025-12-10T11:29:06+00:00\",\"breadcrumb\":{\"@id\":\"https:\/\/schroevendump.nl\/fr\/produit\/isolation-mousse-de-polyurethane-750ml-s92\/#breadcrumb\"},\"inLanguage\":\"fr-FR\",\"potentialAction\":[{\"@type\":\"ReadAction\",\"target\":[\"https:\/\/schroevendump.nl\/fr\/produit\/isolation-mousse-de-polyurethane-750ml-s92\/\"]}]},{\"@type\":\"ImageObject\",\"inLanguage\":\"fr-FR\",\"@id\":\"https:\/\/schroevendump.nl\/fr\/produit\/isolation-mousse-de-polyurethane-750ml-s92\/#primaryimage\",\"url\":\"https:\/\/schroevendump.nl\/wp-content\/uploads\/2024\/11\/Isolatieschuim_-removebg.png\",\"contentUrl\":\"https:\/\/schroevendump.nl\/wp-content\/uploads\/2024\/11\/Isolatieschuim_-removebg.png\",\"width\":2500,\"height\":2500},{\"@type\":\"BreadcrumbList\",\"@id\":\"https:\/\/schroevendump.nl\/fr\/produit\/isolation-mousse-de-polyurethane-750ml-s92\/#breadcrumb\",\"itemListElement\":[{\"@type\":\"ListItem\",\"position\":1,\"name\":\"Accueil\",\"item\":\"https:\/\/schroevendump.nl\/fr\/\"},{\"@type\":\"ListItem\",\"position\":2,\"name\":\"Boutique\",\"item\":\"https:\/\/schroevendump.nl\/fr\/boutique\/\"},{\"@type\":\"ListItem\",\"position\":3,\"name\":\"Isolation\/mousse de polyur\u00e9thane 750ml S92\"}]},{\"@type\":\"WebSite\",\"@id\":\"https:\/\/schroevendump.nl\/fr\/#website\",\"url\":\"https:\/\/schroevendump.nl\/fr\/\",\"name\":\"Schroevendump\",\"description\":\"\",\"potentialAction\":[{\"@type\":\"SearchAction\",\"target\":{\"@type\":\"EntryPoint\",\"urlTemplate\":\"https:\/\/schroevendump.nl\/fr\/?s={search_term_string}\"},\"query-input\":{\"@type\":\"PropertyValueSpecification\",\"valueRequired\":true,\"valueName\":\"search_term_string\"}}],\"inLanguage\":\"fr-FR\"}]}<\/script>\n<!-- \/ Yoast SEO plugin. -->","yoast_head_json":{"title":"Isolation\/mousse de polyur\u00e9thane 750ml S92 - Schroevendump","robots":{"index":"index","follow":"follow","max-snippet":"max-snippet:-1","max-image-preview":"max-image-preview:large","max-video-preview":"max-video-preview:-1"},"canonical":"https:\/\/schroevendump.nl\/fr\/produit\/isolation-mousse-de-polyurethane-750ml-s92\/","og_locale":"fr_FR","og_type":"article","og_title":"Isolation\/mousse de polyur\u00e9thane 750ml S92 - Schroevendump","og_description":"Secouez vigoureusement le bidon pendant au moins 20 secondes avant chaque utilisation. Pas de souffle de vent \u00e0 travers un trou ou une fissure avec le Screwdump Gun Foam NBS. Cette mousse d&#8217;isolation et de montage colmate tous les interstices et fissures entre les cloisons, les plafonds et les sols. Cette valve s &#8216;applique universellement [&hellip;]","og_url":"https:\/\/schroevendump.nl\/fr\/produit\/isolation-mousse-de-polyurethane-750ml-s92\/","og_site_name":"Schroevendump","article_modified_time":"2025-12-10T11:29:06+00:00","og_image":[{"width":2500,"height":2500,"url":"https:\/\/schroevendump.nl\/wp-content\/uploads\/2024\/11\/Isolatieschuim_-removebg.png","type":"image\/png"}],"twitter_card":"summary_large_image","twitter_misc":{"Dur\u00e9e de lecture estim\u00e9e":"2 minutes"},"schema":{"@context":"https:\/\/schema.org","@graph":[{"@type":"WebPage","@id":"https:\/\/schroevendump.nl\/fr\/produit\/isolation-mousse-de-polyurethane-750ml-s92\/","url":"https:\/\/schroevendump.nl\/fr\/produit\/isolation-mousse-de-polyurethane-750ml-s92\/","name":"Isolation\/mousse de polyur\u00e9thane 750ml S92 - Schroevendump","isPartOf":{"@id":"https:\/\/schroevendump.nl\/fr\/#website"},"primaryImageOfPage":{"@id":"https:\/\/schroevendump.nl\/fr\/produit\/isolation-mousse-de-polyurethane-750ml-s92\/#primaryimage"},"image":{"@id":"https:\/\/schroevendump.nl\/fr\/produit\/isolation-mousse-de-polyurethane-750ml-s92\/#primaryimage"},"thumbnailUrl":"https:\/\/schroevendump.nl\/wp-content\/uploads\/2024\/11\/Isolatieschuim_-removebg.png","datePublished":"2024-11-30T11:00:21+00:00","dateModified":"2025-12-10T11:29:06+00:00","breadcrumb":{"@id":"https:\/\/schroevendump.nl\/fr\/produit\/isolation-mousse-de-polyurethane-750ml-s92\/#breadcrumb"},"inLanguage":"fr-FR","potentialAction":[{"@type":"ReadAction","target":["https:\/\/schroevendump.nl\/fr\/produit\/isolation-mousse-de-polyurethane-750ml-s92\/"]}]},{"@type":"ImageObject","inLanguage":"fr-FR","@id":"https:\/\/schroevendump.nl\/fr\/produit\/isolation-mousse-de-polyurethane-750ml-s92\/#primaryimage","url":"https:\/\/schroevendump.nl\/wp-content\/uploads\/2024\/11\/Isolatieschuim_-removebg.png","contentUrl":"https:\/\/schroevendump.nl\/wp-content\/uploads\/2024\/11\/Isolatieschuim_-removebg.png","width":2500,"height":2500},{"@type":"BreadcrumbList","@id":"https:\/\/schroevendump.nl\/fr\/produit\/isolation-mousse-de-polyurethane-750ml-s92\/#breadcrumb","itemListElement":[{"@type":"ListItem","position":1,"name":"Accueil","item":"https:\/\/schroevendump.nl\/fr\/"},{"@type":"ListItem","position":2,"name":"Boutique","item":"https:\/\/schroevendump.nl\/fr\/boutique\/"},{"@type":"ListItem","position":3,"name":"Isolation\/mousse de polyur\u00e9thane 750ml S92"}]},{"@type":"WebSite","@id":"https:\/\/schroevendump.nl\/fr\/#website","url":"https:\/\/schroevendump.nl\/fr\/","name":"Schroevendump","description":"","potentialAction":[{"@type":"SearchAction","target":{"@type":"EntryPoint","urlTemplate":"https:\/\/schroevendump.nl\/fr\/?s={search_term_string}"},"query-input":{"@type":"PropertyValueSpecification","valueRequired":true,"valueName":"search_term_string"}}],"inLanguage":"fr-FR"}]}},"_links":{"self":[{"href":"https:\/\/schroevendump.nl\/fr\/wp-json\/wp\/v2\/product\/28241","targetHints":{"allow":["GET"]}}],"collection":[{"href":"https:\/\/schroevendump.nl\/fr\/wp-json\/wp\/v2\/product"}],"about":[{"href":"https:\/\/schroevendump.nl\/fr\/wp-json\/wp\/v2\/types\/product"}],"replies":[{"embeddable":true,"href":"https:\/\/schroevendump.nl\/fr\/wp-json\/wp\/v2\/comments?post=28241"}],"wp:featuredmedia":[{"embeddable":true,"href":"https:\/\/schroevendump.nl\/fr\/wp-json\/wp\/v2\/media\/28243"}],"wp:attachment":[{"href":"https:\/\/schroevendump.nl\/fr\/wp-json\/wp\/v2\/media?parent=28241"}],"wp:term":[{"taxonomy":"product_brand","embeddable":true,"href":"https:\/\/schroevendump.nl\/fr\/wp-json\/wp\/v2\/product_brand?post=28241"},{"taxonomy":"product_cat","embeddable":true,"href":"https:\/\/schroevendump.nl\/fr\/wp-json\/wp\/v2\/product_cat?post=28241"},{"taxonomy":"product_tag","embeddable":true,"href":"https:\/\/schroevendump.nl\/fr\/wp-json\/wp\/v2\/product_tag?post=28241"}],"curies":[{"name":"wp","href":"https:\/\/api.w.org\/{rel}","templated":true}]}}