{"id":28252,"date":"2024-11-30T10:07:53","date_gmt":"2024-11-30T10:07:53","guid":{"rendered":"https:\/\/schroevendump.nl\/product\/bouchon-de-vis-tx-15-50mm-titane\/"},"modified":"2025-12-10T11:24:03","modified_gmt":"2025-12-10T11:24:03","slug":"bouchon-de-vis-tx-15-50mm-titane","status":"publish","type":"product","link":"https:\/\/schroevendump.nl\/fr\/produit\/bouchon-de-vis-tx-15-50mm-titane\/","title":{"rendered":"Bouchon de vis TX-15 50mm Titane"},"content":{"rendered":"<p>Embouts pour visser, par exemple, les vis \u00e0 panneaux d&#8217;agglom\u00e9r\u00e9 Screwdump ou d&#8217;autres fixations \u00e0 connexion Torx. Disponibles dans diff\u00e9rentes connexions, \u00e0 savoir TX-10, TX-15, TX-20, TX-25, TX-30 et TX-40. Disponibles en longueurs de 25 et 50 mm. Pour une qualit\u00e9 sup\u00e9rieure absolue, choisissez les embouts en titane Schroevendump, dot\u00e9s d&#8217;une couche sup\u00e9rieure en titane. Ces embouts dor\u00e9s sont extr\u00eamement durables et offrent une excellente prise sur la t\u00eate de la vis.<br \/>\nLa douille de tous les embouts Screwdump est hexagonale de \u00bc&#8221;.     <\/p>\n<p><b>Application<\/b><br \/>\nVissage d&#8217;\u00e9l\u00e9ments de fixation dot\u00e9s d&#8217;un raccord TORX<\/p>\n","protected":false},"excerpt":{"rendered":"<p>Embouts pour visser, par exemple, les vis \u00e0 panneaux d&#8217;agglom\u00e9r\u00e9 Screwdump ou d&#8217;autres fixations \u00e0 connexion Torx. Disponibles dans diff\u00e9rentes connexions, \u00e0 savoir TX-10, TX-15, TX-20, TX-25, TX-30 et TX-40. Disponibles en longueurs de 25 et 50 mm. Pour une qualit\u00e9 sup\u00e9rieure absolue, choisissez les embouts en titane Schroevendump, dot\u00e9s d&#8217;une couche sup\u00e9rieure en titane. [&hellip;]<\/p>\n","protected":false},"featured_media":31707,"comment_status":"open","ping_status":"closed","template":"","meta":[],"product_brand":[],"product_cat":[662],"product_tag":[],"class_list":{"0":"post-28252","1":"product","2":"type-product","3":"status-publish","4":"has-post-thumbnail","6":"product_cat-embouts-de-vis","8":"first","9":"instock","10":"taxable","11":"shipping-taxable","12":"purchasable","13":"product-type-simple"},"supplier_id":null,"supplier_sku":"","barcode":null,"atum_controlled":true,"out_stock_date":null,"out_stock_threshold":null,"inheritable":false,"inbound_stock":0,"stock_on_hold":0,"sold_today":0,"sales_last_days":0,"reserved_stock":0,"customer_returns":0,"warehouse_damage":0,"lost_in_post":0,"other_logs":0,"out_stock_days":0,"lost_sales":0,"has_location":false,"update_date":"2026-04-16T01:02:25","atum_locations":[],"atum_stock_status":"instock","restock_status":false,"low_stock_amount":"","sales_update_date":"2026-04-16T01:02:25","calc_backorders":null,"acf":[],"yoast_head":"<!-- This site is optimized with the Yoast SEO plugin v26.6 - https:\/\/yoast.com\/wordpress\/plugins\/seo\/ -->\n<title>Bouchon de vis TX-15 50mm Titane - Schroevendump<\/title>\n<meta name=\"robots\" content=\"index, follow, max-snippet:-1, max-image-preview:large, max-video-preview:-1\" \/>\n<link rel=\"canonical\" href=\"https:\/\/schroevendump.nl\/fr\/produit\/bouchon-de-vis-tx-15-50mm-titane\/\" \/>\n<meta property=\"og:locale\" content=\"fr_FR\" \/>\n<meta property=\"og:type\" content=\"article\" \/>\n<meta property=\"og:title\" content=\"Bouchon de vis TX-15 50mm Titane - Schroevendump\" \/>\n<meta property=\"og:description\" content=\"Embouts pour visser, par exemple, les vis \u00e0 panneaux d&#8217;agglom\u00e9r\u00e9 Screwdump ou d&#8217;autres fixations \u00e0 connexion Torx. Disponibles dans diff\u00e9rentes connexions, \u00e0 savoir TX-10, TX-15, TX-20, TX-25, TX-30 et TX-40. Disponibles en longueurs de 25 et 50 mm. Pour une qualit\u00e9 sup\u00e9rieure absolue, choisissez les embouts en titane Schroevendump, dot\u00e9s d&#8217;une couche sup\u00e9rieure en titane. [&hellip;]\" \/>\n<meta property=\"og:url\" content=\"https:\/\/schroevendump.nl\/fr\/produit\/bouchon-de-vis-tx-15-50mm-titane\/\" \/>\n<meta property=\"og:site_name\" content=\"Schroevendump\" \/>\n<meta property=\"article:modified_time\" content=\"2025-12-10T11:24:03+00:00\" \/>\n<meta property=\"og:image\" content=\"https:\/\/schroevendump.nl\/wp-content\/uploads\/2024\/11\/titanium_torx_50mm-e1732961164662.png\" \/>\n\t<meta property=\"og:image:width\" content=\"244\" \/>\n\t<meta property=\"og:image:height\" content=\"249\" \/>\n\t<meta property=\"og:image:type\" content=\"image\/png\" \/>\n<meta name=\"twitter:card\" content=\"summary_large_image\" \/>\n<script type=\"application\/ld+json\" class=\"yoast-schema-graph\">{\"@context\":\"https:\/\/schema.org\",\"@graph\":[{\"@type\":\"WebPage\",\"@id\":\"https:\/\/schroevendump.nl\/fr\/produit\/bouchon-de-vis-tx-15-50mm-titane\/\",\"url\":\"https:\/\/schroevendump.nl\/fr\/produit\/bouchon-de-vis-tx-15-50mm-titane\/\",\"name\":\"Bouchon de vis TX-15 50mm Titane - Schroevendump\",\"isPartOf\":{\"@id\":\"https:\/\/schroevendump.nl\/fr\/#website\"},\"primaryImageOfPage\":{\"@id\":\"https:\/\/schroevendump.nl\/fr\/produit\/bouchon-de-vis-tx-15-50mm-titane\/#primaryimage\"},\"image\":{\"@id\":\"https:\/\/schroevendump.nl\/fr\/produit\/bouchon-de-vis-tx-15-50mm-titane\/#primaryimage\"},\"thumbnailUrl\":\"https:\/\/schroevendump.nl\/wp-content\/uploads\/2024\/11\/titanium-50mm-zonder-achtergrond-.png\",\"datePublished\":\"2024-11-30T10:07:53+00:00\",\"dateModified\":\"2025-12-10T11:24:03+00:00\",\"breadcrumb\":{\"@id\":\"https:\/\/schroevendump.nl\/fr\/produit\/bouchon-de-vis-tx-15-50mm-titane\/#breadcrumb\"},\"inLanguage\":\"fr-FR\",\"potentialAction\":[{\"@type\":\"ReadAction\",\"target\":[\"https:\/\/schroevendump.nl\/fr\/produit\/bouchon-de-vis-tx-15-50mm-titane\/\"]}]},{\"@type\":\"ImageObject\",\"inLanguage\":\"fr-FR\",\"@id\":\"https:\/\/schroevendump.nl\/fr\/produit\/bouchon-de-vis-tx-15-50mm-titane\/#primaryimage\",\"url\":\"https:\/\/schroevendump.nl\/wp-content\/uploads\/2024\/11\/titanium-50mm-zonder-achtergrond-.png\",\"contentUrl\":\"https:\/\/schroevendump.nl\/wp-content\/uploads\/2024\/11\/titanium-50mm-zonder-achtergrond-.png\",\"width\":1536,\"height\":1024},{\"@type\":\"BreadcrumbList\",\"@id\":\"https:\/\/schroevendump.nl\/fr\/produit\/bouchon-de-vis-tx-15-50mm-titane\/#breadcrumb\",\"itemListElement\":[{\"@type\":\"ListItem\",\"position\":1,\"name\":\"Accueil\",\"item\":\"https:\/\/schroevendump.nl\/fr\/\"},{\"@type\":\"ListItem\",\"position\":2,\"name\":\"Boutique\",\"item\":\"https:\/\/schroevendump.nl\/fr\/boutique\/\"},{\"@type\":\"ListItem\",\"position\":3,\"name\":\"Bouchon de vis TX-15 50mm Titane\"}]},{\"@type\":\"WebSite\",\"@id\":\"https:\/\/schroevendump.nl\/fr\/#website\",\"url\":\"https:\/\/schroevendump.nl\/fr\/\",\"name\":\"Schroevendump\",\"description\":\"\",\"potentialAction\":[{\"@type\":\"SearchAction\",\"target\":{\"@type\":\"EntryPoint\",\"urlTemplate\":\"https:\/\/schroevendump.nl\/fr\/?s={search_term_string}\"},\"query-input\":{\"@type\":\"PropertyValueSpecification\",\"valueRequired\":true,\"valueName\":\"search_term_string\"}}],\"inLanguage\":\"fr-FR\"}]}<\/script>\n<!-- \/ Yoast SEO plugin. -->","yoast_head_json":{"title":"Bouchon de vis TX-15 50mm Titane - Schroevendump","robots":{"index":"index","follow":"follow","max-snippet":"max-snippet:-1","max-image-preview":"max-image-preview:large","max-video-preview":"max-video-preview:-1"},"canonical":"https:\/\/schroevendump.nl\/fr\/produit\/bouchon-de-vis-tx-15-50mm-titane\/","og_locale":"fr_FR","og_type":"article","og_title":"Bouchon de vis TX-15 50mm Titane - Schroevendump","og_description":"Embouts pour visser, par exemple, les vis \u00e0 panneaux d&#8217;agglom\u00e9r\u00e9 Screwdump ou d&#8217;autres fixations \u00e0 connexion Torx. Disponibles dans diff\u00e9rentes connexions, \u00e0 savoir TX-10, TX-15, TX-20, TX-25, TX-30 et TX-40. Disponibles en longueurs de 25 et 50 mm. Pour une qualit\u00e9 sup\u00e9rieure absolue, choisissez les embouts en titane Schroevendump, dot\u00e9s d&#8217;une couche sup\u00e9rieure en titane. [&hellip;]","og_url":"https:\/\/schroevendump.nl\/fr\/produit\/bouchon-de-vis-tx-15-50mm-titane\/","og_site_name":"Schroevendump","article_modified_time":"2025-12-10T11:24:03+00:00","og_image":[{"width":244,"height":249,"url":"https:\/\/schroevendump.nl\/wp-content\/uploads\/2024\/11\/titanium_torx_50mm-e1732961164662.png","type":"image\/png"}],"twitter_card":"summary_large_image","schema":{"@context":"https:\/\/schema.org","@graph":[{"@type":"WebPage","@id":"https:\/\/schroevendump.nl\/fr\/produit\/bouchon-de-vis-tx-15-50mm-titane\/","url":"https:\/\/schroevendump.nl\/fr\/produit\/bouchon-de-vis-tx-15-50mm-titane\/","name":"Bouchon de vis TX-15 50mm Titane - Schroevendump","isPartOf":{"@id":"https:\/\/schroevendump.nl\/fr\/#website"},"primaryImageOfPage":{"@id":"https:\/\/schroevendump.nl\/fr\/produit\/bouchon-de-vis-tx-15-50mm-titane\/#primaryimage"},"image":{"@id":"https:\/\/schroevendump.nl\/fr\/produit\/bouchon-de-vis-tx-15-50mm-titane\/#primaryimage"},"thumbnailUrl":"https:\/\/schroevendump.nl\/wp-content\/uploads\/2024\/11\/titanium-50mm-zonder-achtergrond-.png","datePublished":"2024-11-30T10:07:53+00:00","dateModified":"2025-12-10T11:24:03+00:00","breadcrumb":{"@id":"https:\/\/schroevendump.nl\/fr\/produit\/bouchon-de-vis-tx-15-50mm-titane\/#breadcrumb"},"inLanguage":"fr-FR","potentialAction":[{"@type":"ReadAction","target":["https:\/\/schroevendump.nl\/fr\/produit\/bouchon-de-vis-tx-15-50mm-titane\/"]}]},{"@type":"ImageObject","inLanguage":"fr-FR","@id":"https:\/\/schroevendump.nl\/fr\/produit\/bouchon-de-vis-tx-15-50mm-titane\/#primaryimage","url":"https:\/\/schroevendump.nl\/wp-content\/uploads\/2024\/11\/titanium-50mm-zonder-achtergrond-.png","contentUrl":"https:\/\/schroevendump.nl\/wp-content\/uploads\/2024\/11\/titanium-50mm-zonder-achtergrond-.png","width":1536,"height":1024},{"@type":"BreadcrumbList","@id":"https:\/\/schroevendump.nl\/fr\/produit\/bouchon-de-vis-tx-15-50mm-titane\/#breadcrumb","itemListElement":[{"@type":"ListItem","position":1,"name":"Accueil","item":"https:\/\/schroevendump.nl\/fr\/"},{"@type":"ListItem","position":2,"name":"Boutique","item":"https:\/\/schroevendump.nl\/fr\/boutique\/"},{"@type":"ListItem","position":3,"name":"Bouchon de vis TX-15 50mm Titane"}]},{"@type":"WebSite","@id":"https:\/\/schroevendump.nl\/fr\/#website","url":"https:\/\/schroevendump.nl\/fr\/","name":"Schroevendump","description":"","potentialAction":[{"@type":"SearchAction","target":{"@type":"EntryPoint","urlTemplate":"https:\/\/schroevendump.nl\/fr\/?s={search_term_string}"},"query-input":{"@type":"PropertyValueSpecification","valueRequired":true,"valueName":"search_term_string"}}],"inLanguage":"fr-FR"}]}},"_links":{"self":[{"href":"https:\/\/schroevendump.nl\/fr\/wp-json\/wp\/v2\/product\/28252","targetHints":{"allow":["GET"]}}],"collection":[{"href":"https:\/\/schroevendump.nl\/fr\/wp-json\/wp\/v2\/product"}],"about":[{"href":"https:\/\/schroevendump.nl\/fr\/wp-json\/wp\/v2\/types\/product"}],"replies":[{"embeddable":true,"href":"https:\/\/schroevendump.nl\/fr\/wp-json\/wp\/v2\/comments?post=28252"}],"wp:featuredmedia":[{"embeddable":true,"href":"https:\/\/schroevendump.nl\/fr\/wp-json\/wp\/v2\/media\/31707"}],"wp:attachment":[{"href":"https:\/\/schroevendump.nl\/fr\/wp-json\/wp\/v2\/media?parent=28252"}],"wp:term":[{"taxonomy":"product_brand","embeddable":true,"href":"https:\/\/schroevendump.nl\/fr\/wp-json\/wp\/v2\/product_brand?post=28252"},{"taxonomy":"product_cat","embeddable":true,"href":"https:\/\/schroevendump.nl\/fr\/wp-json\/wp\/v2\/product_cat?post=28252"},{"taxonomy":"product_tag","embeddable":true,"href":"https:\/\/schroevendump.nl\/fr\/wp-json\/wp\/v2\/product_tag?post=28252"}],"curies":[{"name":"wp","href":"https:\/\/api.w.org\/{rel}","templated":true}]}}