{"id":28286,"date":"2024-11-30T09:15:52","date_gmt":"2024-11-30T09:15:52","guid":{"rendered":"https:\/\/schroevendump.nl\/product\/tournevis-torx-tx20-50mm\/"},"modified":"2025-12-10T11:24:22","modified_gmt":"2025-12-10T11:24:22","slug":"tournevis-torx-tx20-50mm","status":"publish","type":"product","link":"https:\/\/schroevendump.nl\/fr\/produit\/tournevis-torx-tx20-50mm\/","title":{"rendered":"Tournevis Torx TX20 50mm"},"content":{"rendered":"<p>pour visser par exemple des vis \u00e0 panneaux d&#8217;agglom\u00e9r\u00e9 ou d&#8217;autres \u00e9l\u00e9ments de fixation ayant un raccord Torx. Disponibles en 6 raccords Torx, \u00e0 savoir TX10, TX15, TX20, TX25, TX30, TX40. Pour les diff\u00e9rentes applications de vissage, les embouts sont disponibles en diff\u00e9rentes longueurs, \u00e0 savoir 25, 50 et 70 mm de long. Le raccord de tournevis de tous les embouts \u00e0 visser est hexagonal \u00bc&#8221;.   <\/p>\n<p><b>Application<\/b><br \/>\nTourner dans les fixations qui ont une connexion Torx.<\/p>\n","protected":false},"excerpt":{"rendered":"<p>pour visser par exemple des vis \u00e0 panneaux d&#8217;agglom\u00e9r\u00e9 ou d&#8217;autres \u00e9l\u00e9ments de fixation ayant un raccord Torx. Disponibles en 6 raccords Torx, \u00e0 savoir TX10, TX15, TX20, TX25, TX30, TX40. Pour les diff\u00e9rentes applications de vissage, les embouts sont disponibles en diff\u00e9rentes longueurs, \u00e0 savoir 25, 50 et 70 mm de long. Le raccord [&hellip;]<\/p>\n","protected":false},"featured_media":28279,"comment_status":"open","ping_status":"closed","template":"","meta":[],"product_brand":[],"product_cat":[662],"product_tag":[],"class_list":{"0":"post-28286","1":"product","2":"type-product","3":"status-publish","4":"has-post-thumbnail","6":"product_cat-embouts-de-vis","8":"first","9":"outofstock","10":"taxable","11":"shipping-taxable","12":"purchasable","13":"product-type-simple"},"supplier_id":null,"supplier_sku":"","barcode":null,"atum_controlled":true,"out_stock_date":"2026-01-25 19:07:12","out_stock_threshold":null,"inheritable":false,"inbound_stock":0,"stock_on_hold":0,"sold_today":0,"sales_last_days":0,"reserved_stock":0,"customer_returns":0,"warehouse_damage":0,"lost_in_post":0,"other_logs":0,"out_stock_days":78,"lost_sales":0,"has_location":false,"update_date":"2026-04-14T01:01:50","atum_locations":[],"atum_stock_status":"outofstock","restock_status":false,"low_stock_amount":"","sales_update_date":"2026-04-14T01:01:50","calc_backorders":null,"acf":[],"yoast_head":"<!-- This site is optimized with the Yoast SEO plugin v26.6 - https:\/\/yoast.com\/wordpress\/plugins\/seo\/ -->\n<title>Tournevis Torx TX20 50mm - Schroevendump<\/title>\n<meta name=\"robots\" content=\"index, follow, max-snippet:-1, max-image-preview:large, max-video-preview:-1\" \/>\n<link rel=\"canonical\" href=\"https:\/\/schroevendump.nl\/fr\/produit\/tournevis-torx-tx20-50mm\/\" \/>\n<meta property=\"og:locale\" content=\"fr_FR\" \/>\n<meta property=\"og:type\" content=\"article\" \/>\n<meta property=\"og:title\" content=\"Tournevis Torx TX20 50mm - Schroevendump\" \/>\n<meta property=\"og:description\" content=\"pour visser par exemple des vis \u00e0 panneaux d&#8217;agglom\u00e9r\u00e9 ou d&#8217;autres \u00e9l\u00e9ments de fixation ayant un raccord Torx. Disponibles en 6 raccords Torx, \u00e0 savoir TX10, TX15, TX20, TX25, TX30, TX40. Pour les diff\u00e9rentes applications de vissage, les embouts sont disponibles en diff\u00e9rentes longueurs, \u00e0 savoir 25, 50 et 70 mm de long. Le raccord [&hellip;]\" \/>\n<meta property=\"og:url\" content=\"https:\/\/schroevendump.nl\/fr\/produit\/tournevis-torx-tx20-50mm\/\" \/>\n<meta property=\"og:site_name\" content=\"Schroevendump\" \/>\n<meta property=\"article:modified_time\" content=\"2025-12-10T11:24:22+00:00\" \/>\n<meta property=\"og:image\" content=\"https:\/\/schroevendump.nl\/wp-content\/uploads\/2024\/11\/schroevendump_torxbit_50mm-e1732957786482.png\" \/>\n\t<meta property=\"og:image:width\" content=\"320\" \/>\n\t<meta property=\"og:image:height\" content=\"335\" \/>\n\t<meta property=\"og:image:type\" content=\"image\/png\" \/>\n<meta name=\"twitter:card\" content=\"summary_large_image\" \/>\n<script type=\"application\/ld+json\" class=\"yoast-schema-graph\">{\"@context\":\"https:\/\/schema.org\",\"@graph\":[{\"@type\":\"WebPage\",\"@id\":\"https:\/\/schroevendump.nl\/fr\/produit\/tournevis-torx-tx20-50mm\/\",\"url\":\"https:\/\/schroevendump.nl\/fr\/produit\/tournevis-torx-tx20-50mm\/\",\"name\":\"Tournevis Torx TX20 50mm - Schroevendump\",\"isPartOf\":{\"@id\":\"https:\/\/schroevendump.nl\/fr\/#website\"},\"primaryImageOfPage\":{\"@id\":\"https:\/\/schroevendump.nl\/fr\/produit\/tournevis-torx-tx20-50mm\/#primaryimage\"},\"image\":{\"@id\":\"https:\/\/schroevendump.nl\/fr\/produit\/tournevis-torx-tx20-50mm\/#primaryimage\"},\"thumbnailUrl\":\"https:\/\/schroevendump.nl\/wp-content\/uploads\/2024\/11\/schroevendump_torxbit_50mm-e1732957786482.png\",\"datePublished\":\"2024-11-30T09:15:52+00:00\",\"dateModified\":\"2025-12-10T11:24:22+00:00\",\"breadcrumb\":{\"@id\":\"https:\/\/schroevendump.nl\/fr\/produit\/tournevis-torx-tx20-50mm\/#breadcrumb\"},\"inLanguage\":\"fr-FR\",\"potentialAction\":[{\"@type\":\"ReadAction\",\"target\":[\"https:\/\/schroevendump.nl\/fr\/produit\/tournevis-torx-tx20-50mm\/\"]}]},{\"@type\":\"ImageObject\",\"inLanguage\":\"fr-FR\",\"@id\":\"https:\/\/schroevendump.nl\/fr\/produit\/tournevis-torx-tx20-50mm\/#primaryimage\",\"url\":\"https:\/\/schroevendump.nl\/wp-content\/uploads\/2024\/11\/schroevendump_torxbit_50mm-e1732957786482.png\",\"contentUrl\":\"https:\/\/schroevendump.nl\/wp-content\/uploads\/2024\/11\/schroevendump_torxbit_50mm-e1732957786482.png\",\"width\":320,\"height\":335},{\"@type\":\"BreadcrumbList\",\"@id\":\"https:\/\/schroevendump.nl\/fr\/produit\/tournevis-torx-tx20-50mm\/#breadcrumb\",\"itemListElement\":[{\"@type\":\"ListItem\",\"position\":1,\"name\":\"Accueil\",\"item\":\"https:\/\/schroevendump.nl\/fr\/\"},{\"@type\":\"ListItem\",\"position\":2,\"name\":\"Boutique\",\"item\":\"https:\/\/schroevendump.nl\/fr\/boutique\/\"},{\"@type\":\"ListItem\",\"position\":3,\"name\":\"Tournevis Torx TX20 50mm\"}]},{\"@type\":\"WebSite\",\"@id\":\"https:\/\/schroevendump.nl\/fr\/#website\",\"url\":\"https:\/\/schroevendump.nl\/fr\/\",\"name\":\"Schroevendump\",\"description\":\"\",\"potentialAction\":[{\"@type\":\"SearchAction\",\"target\":{\"@type\":\"EntryPoint\",\"urlTemplate\":\"https:\/\/schroevendump.nl\/fr\/?s={search_term_string}\"},\"query-input\":{\"@type\":\"PropertyValueSpecification\",\"valueRequired\":true,\"valueName\":\"search_term_string\"}}],\"inLanguage\":\"fr-FR\"}]}<\/script>\n<!-- \/ Yoast SEO plugin. -->","yoast_head_json":{"title":"Tournevis Torx TX20 50mm - Schroevendump","robots":{"index":"index","follow":"follow","max-snippet":"max-snippet:-1","max-image-preview":"max-image-preview:large","max-video-preview":"max-video-preview:-1"},"canonical":"https:\/\/schroevendump.nl\/fr\/produit\/tournevis-torx-tx20-50mm\/","og_locale":"fr_FR","og_type":"article","og_title":"Tournevis Torx TX20 50mm - Schroevendump","og_description":"pour visser par exemple des vis \u00e0 panneaux d&#8217;agglom\u00e9r\u00e9 ou d&#8217;autres \u00e9l\u00e9ments de fixation ayant un raccord Torx. Disponibles en 6 raccords Torx, \u00e0 savoir TX10, TX15, TX20, TX25, TX30, TX40. Pour les diff\u00e9rentes applications de vissage, les embouts sont disponibles en diff\u00e9rentes longueurs, \u00e0 savoir 25, 50 et 70 mm de long. Le raccord [&hellip;]","og_url":"https:\/\/schroevendump.nl\/fr\/produit\/tournevis-torx-tx20-50mm\/","og_site_name":"Schroevendump","article_modified_time":"2025-12-10T11:24:22+00:00","og_image":[{"width":320,"height":335,"url":"https:\/\/schroevendump.nl\/wp-content\/uploads\/2024\/11\/schroevendump_torxbit_50mm-e1732957786482.png","type":"image\/png"}],"twitter_card":"summary_large_image","schema":{"@context":"https:\/\/schema.org","@graph":[{"@type":"WebPage","@id":"https:\/\/schroevendump.nl\/fr\/produit\/tournevis-torx-tx20-50mm\/","url":"https:\/\/schroevendump.nl\/fr\/produit\/tournevis-torx-tx20-50mm\/","name":"Tournevis Torx TX20 50mm - Schroevendump","isPartOf":{"@id":"https:\/\/schroevendump.nl\/fr\/#website"},"primaryImageOfPage":{"@id":"https:\/\/schroevendump.nl\/fr\/produit\/tournevis-torx-tx20-50mm\/#primaryimage"},"image":{"@id":"https:\/\/schroevendump.nl\/fr\/produit\/tournevis-torx-tx20-50mm\/#primaryimage"},"thumbnailUrl":"https:\/\/schroevendump.nl\/wp-content\/uploads\/2024\/11\/schroevendump_torxbit_50mm-e1732957786482.png","datePublished":"2024-11-30T09:15:52+00:00","dateModified":"2025-12-10T11:24:22+00:00","breadcrumb":{"@id":"https:\/\/schroevendump.nl\/fr\/produit\/tournevis-torx-tx20-50mm\/#breadcrumb"},"inLanguage":"fr-FR","potentialAction":[{"@type":"ReadAction","target":["https:\/\/schroevendump.nl\/fr\/produit\/tournevis-torx-tx20-50mm\/"]}]},{"@type":"ImageObject","inLanguage":"fr-FR","@id":"https:\/\/schroevendump.nl\/fr\/produit\/tournevis-torx-tx20-50mm\/#primaryimage","url":"https:\/\/schroevendump.nl\/wp-content\/uploads\/2024\/11\/schroevendump_torxbit_50mm-e1732957786482.png","contentUrl":"https:\/\/schroevendump.nl\/wp-content\/uploads\/2024\/11\/schroevendump_torxbit_50mm-e1732957786482.png","width":320,"height":335},{"@type":"BreadcrumbList","@id":"https:\/\/schroevendump.nl\/fr\/produit\/tournevis-torx-tx20-50mm\/#breadcrumb","itemListElement":[{"@type":"ListItem","position":1,"name":"Accueil","item":"https:\/\/schroevendump.nl\/fr\/"},{"@type":"ListItem","position":2,"name":"Boutique","item":"https:\/\/schroevendump.nl\/fr\/boutique\/"},{"@type":"ListItem","position":3,"name":"Tournevis Torx TX20 50mm"}]},{"@type":"WebSite","@id":"https:\/\/schroevendump.nl\/fr\/#website","url":"https:\/\/schroevendump.nl\/fr\/","name":"Schroevendump","description":"","potentialAction":[{"@type":"SearchAction","target":{"@type":"EntryPoint","urlTemplate":"https:\/\/schroevendump.nl\/fr\/?s={search_term_string}"},"query-input":{"@type":"PropertyValueSpecification","valueRequired":true,"valueName":"search_term_string"}}],"inLanguage":"fr-FR"}]}},"_links":{"self":[{"href":"https:\/\/schroevendump.nl\/fr\/wp-json\/wp\/v2\/product\/28286","targetHints":{"allow":["GET"]}}],"collection":[{"href":"https:\/\/schroevendump.nl\/fr\/wp-json\/wp\/v2\/product"}],"about":[{"href":"https:\/\/schroevendump.nl\/fr\/wp-json\/wp\/v2\/types\/product"}],"replies":[{"embeddable":true,"href":"https:\/\/schroevendump.nl\/fr\/wp-json\/wp\/v2\/comments?post=28286"}],"wp:featuredmedia":[{"embeddable":true,"href":"https:\/\/schroevendump.nl\/fr\/wp-json\/wp\/v2\/media\/28279"}],"wp:attachment":[{"href":"https:\/\/schroevendump.nl\/fr\/wp-json\/wp\/v2\/media?parent=28286"}],"wp:term":[{"taxonomy":"product_brand","embeddable":true,"href":"https:\/\/schroevendump.nl\/fr\/wp-json\/wp\/v2\/product_brand?post=28286"},{"taxonomy":"product_cat","embeddable":true,"href":"https:\/\/schroevendump.nl\/fr\/wp-json\/wp\/v2\/product_cat?post=28286"},{"taxonomy":"product_tag","embeddable":true,"href":"https:\/\/schroevendump.nl\/fr\/wp-json\/wp\/v2\/product_tag?post=28286"}],"curies":[{"name":"wp","href":"https:\/\/api.w.org\/{rel}","templated":true}]}}