{"id":28290,"date":"2024-11-28T20:31:52","date_gmt":"2024-11-28T20:31:52","guid":{"rendered":"https:\/\/schroevendump.nl\/product\/wera-bit-torx-25-25mm-acier\/"},"modified":"2025-12-10T11:24:35","modified_gmt":"2025-12-10T11:24:35","slug":"wera-bit-torx-25-25mm-acier","status":"publish","type":"product","link":"https:\/\/schroevendump.nl\/fr\/produit\/wera-bit-torx-25-25mm-acier\/","title":{"rendered":"Wera bit Torx 25 25mm acier"},"content":{"rendered":"<ul>\n<li>Pour vis TORX<\/li>\n<li>Gr\u00e2ce \u00e0 un profil TORX\u00ae conique, cet outil permet une meilleure prise dans la vis.<\/li>\n<li>Pour les grandes profondeurs de p\u00e9n\u00e9tration, un effet de serrage est obtenu<\/li>\n<li>R\u00e9sistant, pour une utilisation universelle<\/li>\n<li>Entra\u00eenement hexagonal 1\/4&#8243; (connexion Wera s\u00e9rie 1)<\/li>\n<\/ul>\n","protected":false},"excerpt":{"rendered":"<p>Pour vis TORX Gr\u00e2ce \u00e0 un profil TORX\u00ae conique, cet outil permet une meilleure prise dans la vis. Pour les grandes profondeurs de p\u00e9n\u00e9tration, un effet de serrage est obtenu R\u00e9sistant, pour une utilisation universelle Entra\u00eenement hexagonal 1\/4&#8243; (connexion Wera s\u00e9rie 1)<\/p>\n","protected":false},"featured_media":1917,"comment_status":"open","ping_status":"closed","template":"","meta":[],"product_brand":[],"product_cat":[662],"product_tag":[],"class_list":{"0":"post-28290","1":"product","2":"type-product","3":"status-publish","4":"has-post-thumbnail","6":"product_cat-embouts-de-vis","8":"first","9":"instock","10":"taxable","11":"shipping-taxable","12":"purchasable","13":"product-type-simple"},"supplier_id":null,"supplier_sku":"","barcode":null,"atum_controlled":true,"out_stock_date":null,"out_stock_threshold":null,"inheritable":false,"inbound_stock":0,"stock_on_hold":0,"sold_today":0,"sales_last_days":0,"reserved_stock":0,"customer_returns":0,"warehouse_damage":0,"lost_in_post":0,"other_logs":0,"out_stock_days":0,"lost_sales":0,"has_location":false,"update_date":"2026-04-04T00:55:52","atum_locations":[],"atum_stock_status":"instock","restock_status":false,"low_stock_amount":"","sales_update_date":"2026-04-04T00:55:51","calc_backorders":null,"acf":[],"yoast_head":"<!-- This site is optimized with the Yoast SEO plugin v26.6 - https:\/\/yoast.com\/wordpress\/plugins\/seo\/ -->\n<title>Wera bit Torx 25 25mm acier - Schroevendump<\/title>\n<meta name=\"robots\" content=\"index, follow, max-snippet:-1, max-image-preview:large, max-video-preview:-1\" \/>\n<link rel=\"canonical\" href=\"https:\/\/schroevendump.nl\/fr\/produit\/wera-bit-torx-25-25mm-acier\/\" \/>\n<meta property=\"og:locale\" content=\"fr_FR\" \/>\n<meta property=\"og:type\" content=\"article\" \/>\n<meta property=\"og:title\" content=\"Wera bit Torx 25 25mm acier - Schroevendump\" \/>\n<meta property=\"og:description\" content=\"Pour vis TORX Gr\u00e2ce \u00e0 un profil TORX\u00ae conique, cet outil permet une meilleure prise dans la vis. Pour les grandes profondeurs de p\u00e9n\u00e9tration, un effet de serrage est obtenu R\u00e9sistant, pour une utilisation universelle Entra\u00eenement hexagonal 1\/4&#8243; (connexion Wera s\u00e9rie 1)\" \/>\n<meta property=\"og:url\" content=\"https:\/\/schroevendump.nl\/fr\/produit\/wera-bit-torx-25-25mm-acier\/\" \/>\n<meta property=\"og:site_name\" content=\"Schroevendump\" \/>\n<meta property=\"article:modified_time\" content=\"2025-12-10T11:24:35+00:00\" \/>\n<meta property=\"og:image\" content=\"https:\/\/schroevendump.nl\/wp-content\/uploads\/2024\/11\/867_1_z_torx_wedge-removebg-preview-e1732824363468.png\" \/>\n\t<meta property=\"og:image:width\" content=\"620\" \/>\n\t<meta property=\"og:image:height\" content=\"499\" \/>\n\t<meta property=\"og:image:type\" content=\"image\/png\" \/>\n<meta name=\"twitter:card\" content=\"summary_large_image\" \/>\n<script type=\"application\/ld+json\" class=\"yoast-schema-graph\">{\"@context\":\"https:\/\/schema.org\",\"@graph\":[{\"@type\":\"WebPage\",\"@id\":\"https:\/\/schroevendump.nl\/fr\/produit\/wera-bit-torx-25-25mm-acier\/\",\"url\":\"https:\/\/schroevendump.nl\/fr\/produit\/wera-bit-torx-25-25mm-acier\/\",\"name\":\"Wera bit Torx 25 25mm acier - Schroevendump\",\"isPartOf\":{\"@id\":\"https:\/\/schroevendump.nl\/fr\/#website\"},\"primaryImageOfPage\":{\"@id\":\"https:\/\/schroevendump.nl\/fr\/produit\/wera-bit-torx-25-25mm-acier\/#primaryimage\"},\"image\":{\"@id\":\"https:\/\/schroevendump.nl\/fr\/produit\/wera-bit-torx-25-25mm-acier\/#primaryimage\"},\"thumbnailUrl\":\"https:\/\/schroevendump.nl\/wp-content\/uploads\/2024\/11\/867_1_z_torx_wedge-removebg-preview-e1732824363468.png\",\"datePublished\":\"2024-11-28T20:31:52+00:00\",\"dateModified\":\"2025-12-10T11:24:35+00:00\",\"breadcrumb\":{\"@id\":\"https:\/\/schroevendump.nl\/fr\/produit\/wera-bit-torx-25-25mm-acier\/#breadcrumb\"},\"inLanguage\":\"fr-FR\",\"potentialAction\":[{\"@type\":\"ReadAction\",\"target\":[\"https:\/\/schroevendump.nl\/fr\/produit\/wera-bit-torx-25-25mm-acier\/\"]}]},{\"@type\":\"ImageObject\",\"inLanguage\":\"fr-FR\",\"@id\":\"https:\/\/schroevendump.nl\/fr\/produit\/wera-bit-torx-25-25mm-acier\/#primaryimage\",\"url\":\"https:\/\/schroevendump.nl\/wp-content\/uploads\/2024\/11\/867_1_z_torx_wedge-removebg-preview-e1732824363468.png\",\"contentUrl\":\"https:\/\/schroevendump.nl\/wp-content\/uploads\/2024\/11\/867_1_z_torx_wedge-removebg-preview-e1732824363468.png\",\"width\":620,\"height\":499},{\"@type\":\"BreadcrumbList\",\"@id\":\"https:\/\/schroevendump.nl\/fr\/produit\/wera-bit-torx-25-25mm-acier\/#breadcrumb\",\"itemListElement\":[{\"@type\":\"ListItem\",\"position\":1,\"name\":\"Accueil\",\"item\":\"https:\/\/schroevendump.nl\/fr\/\"},{\"@type\":\"ListItem\",\"position\":2,\"name\":\"Boutique\",\"item\":\"https:\/\/schroevendump.nl\/fr\/boutique\/\"},{\"@type\":\"ListItem\",\"position\":3,\"name\":\"Wera bit Torx 25 25mm acier\"}]},{\"@type\":\"WebSite\",\"@id\":\"https:\/\/schroevendump.nl\/fr\/#website\",\"url\":\"https:\/\/schroevendump.nl\/fr\/\",\"name\":\"Schroevendump\",\"description\":\"\",\"potentialAction\":[{\"@type\":\"SearchAction\",\"target\":{\"@type\":\"EntryPoint\",\"urlTemplate\":\"https:\/\/schroevendump.nl\/fr\/?s={search_term_string}\"},\"query-input\":{\"@type\":\"PropertyValueSpecification\",\"valueRequired\":true,\"valueName\":\"search_term_string\"}}],\"inLanguage\":\"fr-FR\"}]}<\/script>\n<!-- \/ Yoast SEO plugin. -->","yoast_head_json":{"title":"Wera bit Torx 25 25mm acier - Schroevendump","robots":{"index":"index","follow":"follow","max-snippet":"max-snippet:-1","max-image-preview":"max-image-preview:large","max-video-preview":"max-video-preview:-1"},"canonical":"https:\/\/schroevendump.nl\/fr\/produit\/wera-bit-torx-25-25mm-acier\/","og_locale":"fr_FR","og_type":"article","og_title":"Wera bit Torx 25 25mm acier - Schroevendump","og_description":"Pour vis TORX Gr\u00e2ce \u00e0 un profil TORX\u00ae conique, cet outil permet une meilleure prise dans la vis. Pour les grandes profondeurs de p\u00e9n\u00e9tration, un effet de serrage est obtenu R\u00e9sistant, pour une utilisation universelle Entra\u00eenement hexagonal 1\/4&#8243; (connexion Wera s\u00e9rie 1)","og_url":"https:\/\/schroevendump.nl\/fr\/produit\/wera-bit-torx-25-25mm-acier\/","og_site_name":"Schroevendump","article_modified_time":"2025-12-10T11:24:35+00:00","og_image":[{"width":620,"height":499,"url":"https:\/\/schroevendump.nl\/wp-content\/uploads\/2024\/11\/867_1_z_torx_wedge-removebg-preview-e1732824363468.png","type":"image\/png"}],"twitter_card":"summary_large_image","schema":{"@context":"https:\/\/schema.org","@graph":[{"@type":"WebPage","@id":"https:\/\/schroevendump.nl\/fr\/produit\/wera-bit-torx-25-25mm-acier\/","url":"https:\/\/schroevendump.nl\/fr\/produit\/wera-bit-torx-25-25mm-acier\/","name":"Wera bit Torx 25 25mm acier - Schroevendump","isPartOf":{"@id":"https:\/\/schroevendump.nl\/fr\/#website"},"primaryImageOfPage":{"@id":"https:\/\/schroevendump.nl\/fr\/produit\/wera-bit-torx-25-25mm-acier\/#primaryimage"},"image":{"@id":"https:\/\/schroevendump.nl\/fr\/produit\/wera-bit-torx-25-25mm-acier\/#primaryimage"},"thumbnailUrl":"https:\/\/schroevendump.nl\/wp-content\/uploads\/2024\/11\/867_1_z_torx_wedge-removebg-preview-e1732824363468.png","datePublished":"2024-11-28T20:31:52+00:00","dateModified":"2025-12-10T11:24:35+00:00","breadcrumb":{"@id":"https:\/\/schroevendump.nl\/fr\/produit\/wera-bit-torx-25-25mm-acier\/#breadcrumb"},"inLanguage":"fr-FR","potentialAction":[{"@type":"ReadAction","target":["https:\/\/schroevendump.nl\/fr\/produit\/wera-bit-torx-25-25mm-acier\/"]}]},{"@type":"ImageObject","inLanguage":"fr-FR","@id":"https:\/\/schroevendump.nl\/fr\/produit\/wera-bit-torx-25-25mm-acier\/#primaryimage","url":"https:\/\/schroevendump.nl\/wp-content\/uploads\/2024\/11\/867_1_z_torx_wedge-removebg-preview-e1732824363468.png","contentUrl":"https:\/\/schroevendump.nl\/wp-content\/uploads\/2024\/11\/867_1_z_torx_wedge-removebg-preview-e1732824363468.png","width":620,"height":499},{"@type":"BreadcrumbList","@id":"https:\/\/schroevendump.nl\/fr\/produit\/wera-bit-torx-25-25mm-acier\/#breadcrumb","itemListElement":[{"@type":"ListItem","position":1,"name":"Accueil","item":"https:\/\/schroevendump.nl\/fr\/"},{"@type":"ListItem","position":2,"name":"Boutique","item":"https:\/\/schroevendump.nl\/fr\/boutique\/"},{"@type":"ListItem","position":3,"name":"Wera bit Torx 25 25mm acier"}]},{"@type":"WebSite","@id":"https:\/\/schroevendump.nl\/fr\/#website","url":"https:\/\/schroevendump.nl\/fr\/","name":"Schroevendump","description":"","potentialAction":[{"@type":"SearchAction","target":{"@type":"EntryPoint","urlTemplate":"https:\/\/schroevendump.nl\/fr\/?s={search_term_string}"},"query-input":{"@type":"PropertyValueSpecification","valueRequired":true,"valueName":"search_term_string"}}],"inLanguage":"fr-FR"}]}},"_links":{"self":[{"href":"https:\/\/schroevendump.nl\/fr\/wp-json\/wp\/v2\/product\/28290","targetHints":{"allow":["GET"]}}],"collection":[{"href":"https:\/\/schroevendump.nl\/fr\/wp-json\/wp\/v2\/product"}],"about":[{"href":"https:\/\/schroevendump.nl\/fr\/wp-json\/wp\/v2\/types\/product"}],"replies":[{"embeddable":true,"href":"https:\/\/schroevendump.nl\/fr\/wp-json\/wp\/v2\/comments?post=28290"}],"wp:featuredmedia":[{"embeddable":true,"href":"https:\/\/schroevendump.nl\/fr\/wp-json\/wp\/v2\/media\/1917"}],"wp:attachment":[{"href":"https:\/\/schroevendump.nl\/fr\/wp-json\/wp\/v2\/media?parent=28290"}],"wp:term":[{"taxonomy":"product_brand","embeddable":true,"href":"https:\/\/schroevendump.nl\/fr\/wp-json\/wp\/v2\/product_brand?post=28290"},{"taxonomy":"product_cat","embeddable":true,"href":"https:\/\/schroevendump.nl\/fr\/wp-json\/wp\/v2\/product_cat?post=28290"},{"taxonomy":"product_tag","embeddable":true,"href":"https:\/\/schroevendump.nl\/fr\/wp-json\/wp\/v2\/product_tag?post=28290"}],"curies":[{"name":"wp","href":"https:\/\/api.w.org\/{rel}","templated":true}]}}