{"id":28356,"date":"2025-05-10T13:37:35","date_gmt":"2025-05-10T13:37:35","guid":{"rendered":"https:\/\/schroevendump.nl\/product\/foret-rapide-rex-20-x-400mm-extra-long\/"},"modified":"2025-12-10T11:37:28","modified_gmt":"2025-12-10T11:37:28","slug":"foret-rapide-rex-20-x-400mm-extra-long","status":"publish","type":"product","link":"https:\/\/schroevendump.nl\/fr\/produit\/foret-rapide-rex-20-x-400mm-extra-long\/","title":{"rendered":"Foret rapide REX 20 x 400mm extra long"},"content":{"rendered":"<p class=\"\" data-start=\"345\" data-end=\"585\">Ce foret de haute qualit\u00e9 de 400 mm est id\u00e9al pour un per\u00e7age pr\u00e9cis et rapide dans le bois. Gr\u00e2ce \u00e0 son raccord hexagonal de 1\/4 de pouce (6,35 mm), le foret est compatible avec la plupart des perceuses (sans fil) et des syst\u00e8mes de changement rapide. <\/p>\n<p class=\"\" data-start=\"587\" data-end=\"821\">La pointe de centrage bien aiguis\u00e9e assure un d\u00e9marrage parfait du trou de forage, tandis que les deux fraises lat\u00e9rales permettent une coupe nette et rapide sans \u00e9chardes. Fabriqu\u00e9 en acier tremp\u00e9 pour une longue dur\u00e9e de vie, m\u00eame en cas d&#8217;utilisation intensive. <\/p>\n<p class=\"\" data-start=\"823\" data-end=\"839\"><strong data-start=\"823\" data-end=\"837\">Caract\u00e9ristiques :<\/strong><\/p>\n<ul data-start=\"840\" data-end=\"1139\">\n<li class=\"\" data-start=\"840\" data-end=\"858\">\n<p class=\"\" data-start=\"842\" data-end=\"858\">Longueur : 400 mm<\/p>\n<\/li>\n<li class=\"\" data-start=\"859\" data-end=\"922\">\n<p class=\"\" data-start=\"861\" data-end=\"922\">Diam\u00e8tre : disponible en plusieurs tailles (par exemple 6 mm, 13 mm)<\/p>\n<\/li>\n<li class=\"\" data-start=\"923\" data-end=\"971\">\n<p class=\"\" data-start=\"925\" data-end=\"971\">Connexion : m\u00e8che hexagonale 1\/4&#8243; (changement rapide)<\/p>\n<\/li>\n<li class=\"\" data-start=\"972\" data-end=\"999\">\n<p class=\"\" data-start=\"974\" data-end=\"999\">Mat\u00e9riau : acier tremp\u00e9<\/p>\n<\/li>\n<li class=\"\" data-start=\"1000\" data-end=\"1055\">\n<p class=\"\" data-start=\"1002\" data-end=\"1055\">Convient pour : bois dur, bois tendre, panneaux de particules, MDF<\/p>\n<\/li>\n<li class=\"\" data-start=\"1056\" data-end=\"1139\">\n<p class=\"\" data-start=\"1058\" data-end=\"1139\">Application : par exemple, travaux \u00e9lectriques et d&#8217;installation, trous de passage et constructions en bois.<\/p>\n<\/li>\n<\/ul>\n<p class=\"\" data-start=\"1141\" data-end=\"1220\"><strong data-start=\"1141\" data-end=\"1220\">Parfait pour les artisans et les bricoleurs qui exigent des performances fiables.<\/strong><\/p>\n","protected":false},"excerpt":{"rendered":"<p>Ce foret de haute qualit\u00e9 de 400 mm est id\u00e9al pour un per\u00e7age pr\u00e9cis et rapide dans le bois. Gr\u00e2ce \u00e0 son raccord hexagonal de 1\/4 de pouce (6,35 mm), le foret est compatible avec la plupart des perceuses (sans fil) et des syst\u00e8mes de changement rapide. La pointe de centrage bien aiguis\u00e9e assure un [&hellip;]<\/p>\n","protected":false},"featured_media":28337,"comment_status":"open","ping_status":"closed","template":"","meta":[],"product_brand":[],"product_cat":[578],"product_tag":[],"class_list":{"0":"post-28356","1":"product","2":"type-product","3":"status-publish","4":"has-post-thumbnail","6":"product_cat-exercices-de-vitesse","8":"first","9":"instock","10":"taxable","11":"shipping-taxable","12":"purchasable","13":"product-type-simple"},"supplier_id":null,"supplier_sku":"","barcode":null,"atum_controlled":true,"out_stock_date":null,"out_stock_threshold":null,"inheritable":false,"inbound_stock":0,"stock_on_hold":0,"sold_today":0,"sales_last_days":0,"reserved_stock":0,"customer_returns":0,"warehouse_damage":0,"lost_in_post":0,"other_logs":0,"out_stock_days":0,"lost_sales":0,"has_location":false,"update_date":"2026-04-04T00:56:48","atum_locations":[],"atum_stock_status":"instock","restock_status":false,"low_stock_amount":"","sales_update_date":"2026-04-04T00:56:48","calc_backorders":null,"acf":[],"yoast_head":"<!-- This site is optimized with the Yoast SEO plugin v26.6 - https:\/\/yoast.com\/wordpress\/plugins\/seo\/ -->\n<title>Foret rapide REX 20 x 400mm extra long - Schroevendump<\/title>\n<meta name=\"robots\" content=\"index, follow, max-snippet:-1, max-image-preview:large, max-video-preview:-1\" \/>\n<link rel=\"canonical\" href=\"https:\/\/schroevendump.nl\/fr\/produit\/foret-rapide-rex-20-x-400mm-extra-long\/\" \/>\n<meta property=\"og:locale\" content=\"fr_FR\" \/>\n<meta property=\"og:type\" content=\"article\" \/>\n<meta property=\"og:title\" content=\"Foret rapide REX 20 x 400mm extra long - Schroevendump\" \/>\n<meta property=\"og:description\" content=\"Ce foret de haute qualit\u00e9 de 400 mm est id\u00e9al pour un per\u00e7age pr\u00e9cis et rapide dans le bois. Gr\u00e2ce \u00e0 son raccord hexagonal de 1\/4 de pouce (6,35 mm), le foret est compatible avec la plupart des perceuses (sans fil) et des syst\u00e8mes de changement rapide. La pointe de centrage bien aiguis\u00e9e assure un [&hellip;]\" \/>\n<meta property=\"og:url\" content=\"https:\/\/schroevendump.nl\/fr\/produit\/foret-rapide-rex-20-x-400mm-extra-long\/\" \/>\n<meta property=\"og:site_name\" content=\"Schroevendump\" \/>\n<meta property=\"article:modified_time\" content=\"2025-12-10T11:37:28+00:00\" \/>\n<meta property=\"og:image\" content=\"https:\/\/schroevendump.nl\/wp-content\/uploads\/2025\/05\/speedboor-400mm-2.png\" \/>\n\t<meta property=\"og:image:width\" content=\"500\" \/>\n\t<meta property=\"og:image:height\" content=\"500\" \/>\n\t<meta property=\"og:image:type\" content=\"image\/png\" \/>\n<meta name=\"twitter:card\" content=\"summary_large_image\" \/>\n<meta name=\"twitter:label1\" content=\"Dur\u00e9e de lecture estim\u00e9e\" \/>\n\t<meta name=\"twitter:data1\" content=\"1 minute\" \/>\n<script type=\"application\/ld+json\" class=\"yoast-schema-graph\">{\"@context\":\"https:\/\/schema.org\",\"@graph\":[{\"@type\":\"WebPage\",\"@id\":\"https:\/\/schroevendump.nl\/fr\/produit\/foret-rapide-rex-20-x-400mm-extra-long\/\",\"url\":\"https:\/\/schroevendump.nl\/fr\/produit\/foret-rapide-rex-20-x-400mm-extra-long\/\",\"name\":\"Foret rapide REX 20 x 400mm extra long - Schroevendump\",\"isPartOf\":{\"@id\":\"https:\/\/schroevendump.nl\/fr\/#website\"},\"primaryImageOfPage\":{\"@id\":\"https:\/\/schroevendump.nl\/fr\/produit\/foret-rapide-rex-20-x-400mm-extra-long\/#primaryimage\"},\"image\":{\"@id\":\"https:\/\/schroevendump.nl\/fr\/produit\/foret-rapide-rex-20-x-400mm-extra-long\/#primaryimage\"},\"thumbnailUrl\":\"https:\/\/schroevendump.nl\/wp-content\/uploads\/2025\/05\/speedboor-400mm-2.png\",\"datePublished\":\"2025-05-10T13:37:35+00:00\",\"dateModified\":\"2025-12-10T11:37:28+00:00\",\"breadcrumb\":{\"@id\":\"https:\/\/schroevendump.nl\/fr\/produit\/foret-rapide-rex-20-x-400mm-extra-long\/#breadcrumb\"},\"inLanguage\":\"fr-FR\",\"potentialAction\":[{\"@type\":\"ReadAction\",\"target\":[\"https:\/\/schroevendump.nl\/fr\/produit\/foret-rapide-rex-20-x-400mm-extra-long\/\"]}]},{\"@type\":\"ImageObject\",\"inLanguage\":\"fr-FR\",\"@id\":\"https:\/\/schroevendump.nl\/fr\/produit\/foret-rapide-rex-20-x-400mm-extra-long\/#primaryimage\",\"url\":\"https:\/\/schroevendump.nl\/wp-content\/uploads\/2025\/05\/speedboor-400mm-2.png\",\"contentUrl\":\"https:\/\/schroevendump.nl\/wp-content\/uploads\/2025\/05\/speedboor-400mm-2.png\",\"width\":500,\"height\":500},{\"@type\":\"BreadcrumbList\",\"@id\":\"https:\/\/schroevendump.nl\/fr\/produit\/foret-rapide-rex-20-x-400mm-extra-long\/#breadcrumb\",\"itemListElement\":[{\"@type\":\"ListItem\",\"position\":1,\"name\":\"Accueil\",\"item\":\"https:\/\/schroevendump.nl\/fr\/\"},{\"@type\":\"ListItem\",\"position\":2,\"name\":\"Boutique\",\"item\":\"https:\/\/schroevendump.nl\/fr\/boutique\/\"},{\"@type\":\"ListItem\",\"position\":3,\"name\":\"Foret rapide REX 20 x 400mm extra long\"}]},{\"@type\":\"WebSite\",\"@id\":\"https:\/\/schroevendump.nl\/fr\/#website\",\"url\":\"https:\/\/schroevendump.nl\/fr\/\",\"name\":\"Schroevendump\",\"description\":\"\",\"potentialAction\":[{\"@type\":\"SearchAction\",\"target\":{\"@type\":\"EntryPoint\",\"urlTemplate\":\"https:\/\/schroevendump.nl\/fr\/?s={search_term_string}\"},\"query-input\":{\"@type\":\"PropertyValueSpecification\",\"valueRequired\":true,\"valueName\":\"search_term_string\"}}],\"inLanguage\":\"fr-FR\"}]}<\/script>\n<!-- \/ Yoast SEO plugin. -->","yoast_head_json":{"title":"Foret rapide REX 20 x 400mm extra long - Schroevendump","robots":{"index":"index","follow":"follow","max-snippet":"max-snippet:-1","max-image-preview":"max-image-preview:large","max-video-preview":"max-video-preview:-1"},"canonical":"https:\/\/schroevendump.nl\/fr\/produit\/foret-rapide-rex-20-x-400mm-extra-long\/","og_locale":"fr_FR","og_type":"article","og_title":"Foret rapide REX 20 x 400mm extra long - Schroevendump","og_description":"Ce foret de haute qualit\u00e9 de 400 mm est id\u00e9al pour un per\u00e7age pr\u00e9cis et rapide dans le bois. Gr\u00e2ce \u00e0 son raccord hexagonal de 1\/4 de pouce (6,35 mm), le foret est compatible avec la plupart des perceuses (sans fil) et des syst\u00e8mes de changement rapide. La pointe de centrage bien aiguis\u00e9e assure un [&hellip;]","og_url":"https:\/\/schroevendump.nl\/fr\/produit\/foret-rapide-rex-20-x-400mm-extra-long\/","og_site_name":"Schroevendump","article_modified_time":"2025-12-10T11:37:28+00:00","og_image":[{"width":500,"height":500,"url":"https:\/\/schroevendump.nl\/wp-content\/uploads\/2025\/05\/speedboor-400mm-2.png","type":"image\/png"}],"twitter_card":"summary_large_image","twitter_misc":{"Dur\u00e9e de lecture estim\u00e9e":"1 minute"},"schema":{"@context":"https:\/\/schema.org","@graph":[{"@type":"WebPage","@id":"https:\/\/schroevendump.nl\/fr\/produit\/foret-rapide-rex-20-x-400mm-extra-long\/","url":"https:\/\/schroevendump.nl\/fr\/produit\/foret-rapide-rex-20-x-400mm-extra-long\/","name":"Foret rapide REX 20 x 400mm extra long - Schroevendump","isPartOf":{"@id":"https:\/\/schroevendump.nl\/fr\/#website"},"primaryImageOfPage":{"@id":"https:\/\/schroevendump.nl\/fr\/produit\/foret-rapide-rex-20-x-400mm-extra-long\/#primaryimage"},"image":{"@id":"https:\/\/schroevendump.nl\/fr\/produit\/foret-rapide-rex-20-x-400mm-extra-long\/#primaryimage"},"thumbnailUrl":"https:\/\/schroevendump.nl\/wp-content\/uploads\/2025\/05\/speedboor-400mm-2.png","datePublished":"2025-05-10T13:37:35+00:00","dateModified":"2025-12-10T11:37:28+00:00","breadcrumb":{"@id":"https:\/\/schroevendump.nl\/fr\/produit\/foret-rapide-rex-20-x-400mm-extra-long\/#breadcrumb"},"inLanguage":"fr-FR","potentialAction":[{"@type":"ReadAction","target":["https:\/\/schroevendump.nl\/fr\/produit\/foret-rapide-rex-20-x-400mm-extra-long\/"]}]},{"@type":"ImageObject","inLanguage":"fr-FR","@id":"https:\/\/schroevendump.nl\/fr\/produit\/foret-rapide-rex-20-x-400mm-extra-long\/#primaryimage","url":"https:\/\/schroevendump.nl\/wp-content\/uploads\/2025\/05\/speedboor-400mm-2.png","contentUrl":"https:\/\/schroevendump.nl\/wp-content\/uploads\/2025\/05\/speedboor-400mm-2.png","width":500,"height":500},{"@type":"BreadcrumbList","@id":"https:\/\/schroevendump.nl\/fr\/produit\/foret-rapide-rex-20-x-400mm-extra-long\/#breadcrumb","itemListElement":[{"@type":"ListItem","position":1,"name":"Accueil","item":"https:\/\/schroevendump.nl\/fr\/"},{"@type":"ListItem","position":2,"name":"Boutique","item":"https:\/\/schroevendump.nl\/fr\/boutique\/"},{"@type":"ListItem","position":3,"name":"Foret rapide REX 20 x 400mm extra long"}]},{"@type":"WebSite","@id":"https:\/\/schroevendump.nl\/fr\/#website","url":"https:\/\/schroevendump.nl\/fr\/","name":"Schroevendump","description":"","potentialAction":[{"@type":"SearchAction","target":{"@type":"EntryPoint","urlTemplate":"https:\/\/schroevendump.nl\/fr\/?s={search_term_string}"},"query-input":{"@type":"PropertyValueSpecification","valueRequired":true,"valueName":"search_term_string"}}],"inLanguage":"fr-FR"}]}},"_links":{"self":[{"href":"https:\/\/schroevendump.nl\/fr\/wp-json\/wp\/v2\/product\/28356","targetHints":{"allow":["GET"]}}],"collection":[{"href":"https:\/\/schroevendump.nl\/fr\/wp-json\/wp\/v2\/product"}],"about":[{"href":"https:\/\/schroevendump.nl\/fr\/wp-json\/wp\/v2\/types\/product"}],"replies":[{"embeddable":true,"href":"https:\/\/schroevendump.nl\/fr\/wp-json\/wp\/v2\/comments?post=28356"}],"wp:featuredmedia":[{"embeddable":true,"href":"https:\/\/schroevendump.nl\/fr\/wp-json\/wp\/v2\/media\/28337"}],"wp:attachment":[{"href":"https:\/\/schroevendump.nl\/fr\/wp-json\/wp\/v2\/media?parent=28356"}],"wp:term":[{"taxonomy":"product_brand","embeddable":true,"href":"https:\/\/schroevendump.nl\/fr\/wp-json\/wp\/v2\/product_brand?post=28356"},{"taxonomy":"product_cat","embeddable":true,"href":"https:\/\/schroevendump.nl\/fr\/wp-json\/wp\/v2\/product_cat?post=28356"},{"taxonomy":"product_tag","embeddable":true,"href":"https:\/\/schroevendump.nl\/fr\/wp-json\/wp\/v2\/product_tag?post=28356"}],"curies":[{"name":"wp","href":"https:\/\/api.w.org\/{rel}","templated":true}]}}