{"id":28415,"date":"2025-10-04T19:29:00","date_gmt":"2025-10-04T19:29:00","guid":{"rendered":"https:\/\/schroevendump.nl\/product\/lame-de-scie-a-guichet-s1111df-bois-et-metal-225-mm-bi-metal\/"},"modified":"2025-12-10T12:03:35","modified_gmt":"2025-12-10T12:03:35","slug":"lame-de-scie-a-guichet-s1111df-bois-et-metal-225-mm-bi-metal","status":"publish","type":"product","link":"https:\/\/schroevendump.nl\/fr\/produit\/lame-de-scie-a-guichet-s1111df-bois-et-metal-225-mm-bi-metal\/","title":{"rendered":"Lame de scie \u00e0 guichet S1111DF &#8211; Bois et m\u00e9tal 225 mm Bi-Metal"},"content":{"rendered":"<ul data-start=\"387\" data-end=\"1173\">\n<li data-start=\"387\" data-end=\"478\">\n<p data-start=\"389\" data-end=\"478\"><strong data-start=\"389\" data-end=\"418\">Lame de scie BIM (bi-m\u00e9tal) :<\/strong> extr\u00eamement solide et r\u00e9sistante \u00e0 la chaleur, adapt\u00e9e aux travaux lourds.<\/p>\n<\/li>\n<li data-start=\"479\" data-end=\"676\">\n<p data-start=\"481\" data-end=\"676\"><strong data-start=\"481\" data-end=\"496\">Application :<\/strong> coupe sans effort le bois avec des clous, le bois brut, le bois de construction, l&#8217;agglom\u00e9r\u00e9, le MDF, le bois coll\u00e9, le GRP\/\u00e9poxy, la t\u00f4le, les tuyaux, les profil\u00e9s, l&#8217;aluminium, le PVC et diverses mati\u00e8res plastiques.<\/p>\n<\/li>\n<li data-start=\"677\" data-end=\"806\">\n<p data-start=\"679\" data-end=\"806\"><strong data-start=\"679\" data-end=\"694\">Dimensions :<\/strong> Longueur totale 225 mm, <strong data-start=\"717\" data-end=\"743\">longueur utile 205 mm<\/strong>, la tige universelle s&#8217;adapte \u00e0 la plupart des scies alternatives.<\/p>\n<\/li>\n<li data-start=\"807\" data-end=\"942\">\n<p data-start=\"809\" data-end=\"942\"><strong data-start=\"809\" data-end=\"829\">Compatibilit\u00e9 :<\/strong> convient pour AEG, Atlas Copco, Bosch, Dewalt, Fein, Flex, Hitachi, Makita, Metabo, Milwaukee et d&#8217;autres marques.<\/p>\n<\/li>\n<li data-start=\"943\" data-end=\"1057\">\n<p data-start=\"945\" data-end=\"1057\"><strong data-start=\"945\" data-end=\"960\">Conditionnement :<\/strong> \u00e0 l&#8217;unit\u00e9 ou en tube de 10 &#8211; utile pour un usage professionnel ou des projets plus importants<\/p>\n<\/li>\n<li data-start=\"1058\" data-end=\"1173\">\n<p data-start=\"1060\" data-end=\"1173\"><strong data-start=\"1060\" data-end=\"1086\">Performances \u00e9lev\u00e9es :<\/strong> parfait pour les travaux de d\u00e9molition et la coupe de mat\u00e9riaux contenant des clous ou des r\u00e9sidus m\u00e9talliques.<\/p>\n<\/li>\n<\/ul>\n<hr data-start=\"1175\" data-end=\"1178\">\n<h3 data-start=\"1180\" data-end=\"1210\"><strong data-start=\"1187\" data-end=\"1208\">\ud83d\udd28 Petits conseils d&#8217;utilisation<\/strong><\/h3>\n<ul data-start=\"1211\" data-end=\"1431\">\n<li data-start=\"1211\" data-end=\"1302\">\n<p data-start=\"1213\" data-end=\"1302\">Coupez tranquillement le m\u00e9tal et le bois avec des clous pour prolonger la dur\u00e9e de vie de la lame.<\/p>\n<\/li>\n<li data-start=\"1303\" data-end=\"1363\">\n<p data-start=\"1305\" data-end=\"1363\">Laissez la machine faire le travail ; n&#8217;appliquez pas de pression suppl\u00e9mentaire.<\/p>\n<\/li>\n<li data-start=\"1364\" data-end=\"1431\">\n<p data-start=\"1366\" data-end=\"1431\">Id\u00e9al pour la d\u00e9molition, la r\u00e9novation et les travaux polyvalents sur le bois et le m\u00e9tal<\/p>\n<\/li>\n<\/ul>\n","protected":false},"excerpt":{"rendered":"<p>Lame de scie BIM (bi-m\u00e9tal) : extr\u00eamement solide et r\u00e9sistante \u00e0 la chaleur, adapt\u00e9e aux travaux lourds. Application : coupe sans effort le bois avec des clous, le bois brut, le bois de construction, l&#8217;agglom\u00e9r\u00e9, le MDF, le bois coll\u00e9, le GRP\/\u00e9poxy, la t\u00f4le, les tuyaux, les profil\u00e9s, l&#8217;aluminium, le PVC et diverses mati\u00e8res plastiques. [&hellip;]<\/p>\n","protected":false},"featured_media":28417,"comment_status":"closed","ping_status":"closed","template":"","meta":[],"product_brand":[],"product_cat":[803],"product_tag":[],"class_list":{"0":"post-28415","1":"product","2":"type-product","3":"status-publish","4":"has-post-thumbnail","6":"product_cat-scies-a-guichet","8":"first","9":"instock","10":"taxable","11":"shipping-taxable","12":"purchasable","13":"product-type-simple"},"supplier_id":null,"supplier_sku":"","barcode":null,"atum_controlled":true,"out_stock_date":null,"out_stock_threshold":null,"inheritable":false,"inbound_stock":0,"stock_on_hold":0,"sold_today":0,"sales_last_days":0,"reserved_stock":0,"customer_returns":0,"warehouse_damage":0,"lost_in_post":0,"other_logs":0,"out_stock_days":0,"lost_sales":0,"has_location":false,"update_date":"2026-04-29T01:10:27","atum_locations":[],"atum_stock_status":"instock","restock_status":false,"low_stock_amount":"","sales_update_date":"2026-04-29T01:10:26","calc_backorders":null,"acf":[],"yoast_head":"<!-- This site is optimized with the Yoast SEO plugin v26.6 - https:\/\/yoast.com\/wordpress\/plugins\/seo\/ -->\n<title>Lame de scie \u00e0 guichet S1111DF - Bois et m\u00e9tal 225 mm Bi-Metal - Schroevendump<\/title>\n<meta name=\"robots\" content=\"index, follow, max-snippet:-1, max-image-preview:large, max-video-preview:-1\" \/>\n<link rel=\"canonical\" href=\"https:\/\/schroevendump.nl\/fr\/produit\/lame-de-scie-a-guichet-s1111df-bois-et-metal-225-mm-bi-metal\/\" \/>\n<meta property=\"og:locale\" content=\"fr_FR\" \/>\n<meta property=\"og:type\" content=\"article\" \/>\n<meta property=\"og:title\" content=\"Lame de scie \u00e0 guichet S1111DF - Bois et m\u00e9tal 225 mm Bi-Metal - Schroevendump\" \/>\n<meta property=\"og:description\" content=\"Lame de scie BIM (bi-m\u00e9tal) : extr\u00eamement solide et r\u00e9sistante \u00e0 la chaleur, adapt\u00e9e aux travaux lourds. Application : coupe sans effort le bois avec des clous, le bois brut, le bois de construction, l&#8217;agglom\u00e9r\u00e9, le MDF, le bois coll\u00e9, le GRP\/\u00e9poxy, la t\u00f4le, les tuyaux, les profil\u00e9s, l&#8217;aluminium, le PVC et diverses mati\u00e8res plastiques. [&hellip;]\" \/>\n<meta property=\"og:url\" content=\"https:\/\/schroevendump.nl\/fr\/produit\/lame-de-scie-a-guichet-s1111df-bois-et-metal-225-mm-bi-metal\/\" \/>\n<meta property=\"og:site_name\" content=\"Schroevendump\" \/>\n<meta property=\"article:modified_time\" content=\"2025-12-10T12:03:35+00:00\" \/>\n<meta property=\"og:image\" content=\"https:\/\/schroevendump.nl\/wp-content\/uploads\/2025\/10\/Schroevendump-4-10-2025-113-Reciprozaagblad-Barracuda-Stepdrill-Bi-Metaal-225-mm-\u2013-Hout-Metaal-\u2013-Heavy-D-scaled-e1760385291110.png\" \/>\n\t<meta property=\"og:image:width\" content=\"2560\" \/>\n\t<meta property=\"og:image:height\" content=\"2197\" \/>\n\t<meta property=\"og:image:type\" content=\"image\/png\" \/>\n<meta name=\"twitter:card\" content=\"summary_large_image\" \/>\n<meta name=\"twitter:label1\" content=\"Dur\u00e9e de lecture estim\u00e9e\" \/>\n\t<meta name=\"twitter:data1\" content=\"1 minute\" \/>\n<script type=\"application\/ld+json\" class=\"yoast-schema-graph\">{\"@context\":\"https:\/\/schema.org\",\"@graph\":[{\"@type\":\"WebPage\",\"@id\":\"https:\/\/schroevendump.nl\/fr\/produit\/lame-de-scie-a-guichet-s1111df-bois-et-metal-225-mm-bi-metal\/\",\"url\":\"https:\/\/schroevendump.nl\/fr\/produit\/lame-de-scie-a-guichet-s1111df-bois-et-metal-225-mm-bi-metal\/\",\"name\":\"Lame de scie \u00e0 guichet S1111DF - Bois et m\u00e9tal 225 mm Bi-Metal - Schroevendump\",\"isPartOf\":{\"@id\":\"https:\/\/schroevendump.nl\/fr\/#website\"},\"primaryImageOfPage\":{\"@id\":\"https:\/\/schroevendump.nl\/fr\/produit\/lame-de-scie-a-guichet-s1111df-bois-et-metal-225-mm-bi-metal\/#primaryimage\"},\"image\":{\"@id\":\"https:\/\/schroevendump.nl\/fr\/produit\/lame-de-scie-a-guichet-s1111df-bois-et-metal-225-mm-bi-metal\/#primaryimage\"},\"thumbnailUrl\":\"https:\/\/schroevendump.nl\/wp-content\/uploads\/2025\/10\/Schroevendump-4-10-2025-113-Reciprozaagblad-Barracuda-Stepdrill-Bi-Metaal-225-mm-\u2013-Hout-Metaal-\u2013-Heavy-D-scaled-e1760385291110.png\",\"datePublished\":\"2025-10-04T19:29:00+00:00\",\"dateModified\":\"2025-12-10T12:03:35+00:00\",\"breadcrumb\":{\"@id\":\"https:\/\/schroevendump.nl\/fr\/produit\/lame-de-scie-a-guichet-s1111df-bois-et-metal-225-mm-bi-metal\/#breadcrumb\"},\"inLanguage\":\"fr-FR\",\"potentialAction\":[{\"@type\":\"ReadAction\",\"target\":[\"https:\/\/schroevendump.nl\/fr\/produit\/lame-de-scie-a-guichet-s1111df-bois-et-metal-225-mm-bi-metal\/\"]}]},{\"@type\":\"ImageObject\",\"inLanguage\":\"fr-FR\",\"@id\":\"https:\/\/schroevendump.nl\/fr\/produit\/lame-de-scie-a-guichet-s1111df-bois-et-metal-225-mm-bi-metal\/#primaryimage\",\"url\":\"https:\/\/schroevendump.nl\/wp-content\/uploads\/2025\/10\/Schroevendump-4-10-2025-113-Reciprozaagblad-Barracuda-Stepdrill-Bi-Metaal-225-mm-\u2013-Hout-Metaal-\u2013-Heavy-D-scaled-e1760385291110.png\",\"contentUrl\":\"https:\/\/schroevendump.nl\/wp-content\/uploads\/2025\/10\/Schroevendump-4-10-2025-113-Reciprozaagblad-Barracuda-Stepdrill-Bi-Metaal-225-mm-\u2013-Hout-Metaal-\u2013-Heavy-D-scaled-e1760385291110.png\",\"width\":2560,\"height\":2197},{\"@type\":\"BreadcrumbList\",\"@id\":\"https:\/\/schroevendump.nl\/fr\/produit\/lame-de-scie-a-guichet-s1111df-bois-et-metal-225-mm-bi-metal\/#breadcrumb\",\"itemListElement\":[{\"@type\":\"ListItem\",\"position\":1,\"name\":\"Accueil\",\"item\":\"https:\/\/schroevendump.nl\/fr\/\"},{\"@type\":\"ListItem\",\"position\":2,\"name\":\"Boutique\",\"item\":\"https:\/\/schroevendump.nl\/fr\/boutique\/\"},{\"@type\":\"ListItem\",\"position\":3,\"name\":\"Lame de scie \u00e0 guichet S1111DF &#8211; Bois et m\u00e9tal 225 mm Bi-Metal\"}]},{\"@type\":\"WebSite\",\"@id\":\"https:\/\/schroevendump.nl\/fr\/#website\",\"url\":\"https:\/\/schroevendump.nl\/fr\/\",\"name\":\"Schroevendump\",\"description\":\"\",\"potentialAction\":[{\"@type\":\"SearchAction\",\"target\":{\"@type\":\"EntryPoint\",\"urlTemplate\":\"https:\/\/schroevendump.nl\/fr\/?s={search_term_string}\"},\"query-input\":{\"@type\":\"PropertyValueSpecification\",\"valueRequired\":true,\"valueName\":\"search_term_string\"}}],\"inLanguage\":\"fr-FR\"}]}<\/script>\n<!-- \/ Yoast SEO plugin. -->","yoast_head_json":{"title":"Lame de scie \u00e0 guichet S1111DF - Bois et m\u00e9tal 225 mm Bi-Metal - Schroevendump","robots":{"index":"index","follow":"follow","max-snippet":"max-snippet:-1","max-image-preview":"max-image-preview:large","max-video-preview":"max-video-preview:-1"},"canonical":"https:\/\/schroevendump.nl\/fr\/produit\/lame-de-scie-a-guichet-s1111df-bois-et-metal-225-mm-bi-metal\/","og_locale":"fr_FR","og_type":"article","og_title":"Lame de scie \u00e0 guichet S1111DF - Bois et m\u00e9tal 225 mm Bi-Metal - Schroevendump","og_description":"Lame de scie BIM (bi-m\u00e9tal) : extr\u00eamement solide et r\u00e9sistante \u00e0 la chaleur, adapt\u00e9e aux travaux lourds. Application : coupe sans effort le bois avec des clous, le bois brut, le bois de construction, l&#8217;agglom\u00e9r\u00e9, le MDF, le bois coll\u00e9, le GRP\/\u00e9poxy, la t\u00f4le, les tuyaux, les profil\u00e9s, l&#8217;aluminium, le PVC et diverses mati\u00e8res plastiques. [&hellip;]","og_url":"https:\/\/schroevendump.nl\/fr\/produit\/lame-de-scie-a-guichet-s1111df-bois-et-metal-225-mm-bi-metal\/","og_site_name":"Schroevendump","article_modified_time":"2025-12-10T12:03:35+00:00","og_image":[{"width":2560,"height":2197,"url":"https:\/\/schroevendump.nl\/wp-content\/uploads\/2025\/10\/Schroevendump-4-10-2025-113-Reciprozaagblad-Barracuda-Stepdrill-Bi-Metaal-225-mm-\u2013-Hout-Metaal-\u2013-Heavy-D-scaled-e1760385291110.png","type":"image\/png"}],"twitter_card":"summary_large_image","twitter_misc":{"Dur\u00e9e de lecture estim\u00e9e":"1 minute"},"schema":{"@context":"https:\/\/schema.org","@graph":[{"@type":"WebPage","@id":"https:\/\/schroevendump.nl\/fr\/produit\/lame-de-scie-a-guichet-s1111df-bois-et-metal-225-mm-bi-metal\/","url":"https:\/\/schroevendump.nl\/fr\/produit\/lame-de-scie-a-guichet-s1111df-bois-et-metal-225-mm-bi-metal\/","name":"Lame de scie \u00e0 guichet S1111DF - Bois et m\u00e9tal 225 mm Bi-Metal - Schroevendump","isPartOf":{"@id":"https:\/\/schroevendump.nl\/fr\/#website"},"primaryImageOfPage":{"@id":"https:\/\/schroevendump.nl\/fr\/produit\/lame-de-scie-a-guichet-s1111df-bois-et-metal-225-mm-bi-metal\/#primaryimage"},"image":{"@id":"https:\/\/schroevendump.nl\/fr\/produit\/lame-de-scie-a-guichet-s1111df-bois-et-metal-225-mm-bi-metal\/#primaryimage"},"thumbnailUrl":"https:\/\/schroevendump.nl\/wp-content\/uploads\/2025\/10\/Schroevendump-4-10-2025-113-Reciprozaagblad-Barracuda-Stepdrill-Bi-Metaal-225-mm-\u2013-Hout-Metaal-\u2013-Heavy-D-scaled-e1760385291110.png","datePublished":"2025-10-04T19:29:00+00:00","dateModified":"2025-12-10T12:03:35+00:00","breadcrumb":{"@id":"https:\/\/schroevendump.nl\/fr\/produit\/lame-de-scie-a-guichet-s1111df-bois-et-metal-225-mm-bi-metal\/#breadcrumb"},"inLanguage":"fr-FR","potentialAction":[{"@type":"ReadAction","target":["https:\/\/schroevendump.nl\/fr\/produit\/lame-de-scie-a-guichet-s1111df-bois-et-metal-225-mm-bi-metal\/"]}]},{"@type":"ImageObject","inLanguage":"fr-FR","@id":"https:\/\/schroevendump.nl\/fr\/produit\/lame-de-scie-a-guichet-s1111df-bois-et-metal-225-mm-bi-metal\/#primaryimage","url":"https:\/\/schroevendump.nl\/wp-content\/uploads\/2025\/10\/Schroevendump-4-10-2025-113-Reciprozaagblad-Barracuda-Stepdrill-Bi-Metaal-225-mm-\u2013-Hout-Metaal-\u2013-Heavy-D-scaled-e1760385291110.png","contentUrl":"https:\/\/schroevendump.nl\/wp-content\/uploads\/2025\/10\/Schroevendump-4-10-2025-113-Reciprozaagblad-Barracuda-Stepdrill-Bi-Metaal-225-mm-\u2013-Hout-Metaal-\u2013-Heavy-D-scaled-e1760385291110.png","width":2560,"height":2197},{"@type":"BreadcrumbList","@id":"https:\/\/schroevendump.nl\/fr\/produit\/lame-de-scie-a-guichet-s1111df-bois-et-metal-225-mm-bi-metal\/#breadcrumb","itemListElement":[{"@type":"ListItem","position":1,"name":"Accueil","item":"https:\/\/schroevendump.nl\/fr\/"},{"@type":"ListItem","position":2,"name":"Boutique","item":"https:\/\/schroevendump.nl\/fr\/boutique\/"},{"@type":"ListItem","position":3,"name":"Lame de scie \u00e0 guichet S1111DF &#8211; Bois et m\u00e9tal 225 mm Bi-Metal"}]},{"@type":"WebSite","@id":"https:\/\/schroevendump.nl\/fr\/#website","url":"https:\/\/schroevendump.nl\/fr\/","name":"Schroevendump","description":"","potentialAction":[{"@type":"SearchAction","target":{"@type":"EntryPoint","urlTemplate":"https:\/\/schroevendump.nl\/fr\/?s={search_term_string}"},"query-input":{"@type":"PropertyValueSpecification","valueRequired":true,"valueName":"search_term_string"}}],"inLanguage":"fr-FR"}]}},"_links":{"self":[{"href":"https:\/\/schroevendump.nl\/fr\/wp-json\/wp\/v2\/product\/28415","targetHints":{"allow":["GET"]}}],"collection":[{"href":"https:\/\/schroevendump.nl\/fr\/wp-json\/wp\/v2\/product"}],"about":[{"href":"https:\/\/schroevendump.nl\/fr\/wp-json\/wp\/v2\/types\/product"}],"replies":[{"embeddable":true,"href":"https:\/\/schroevendump.nl\/fr\/wp-json\/wp\/v2\/comments?post=28415"}],"wp:featuredmedia":[{"embeddable":true,"href":"https:\/\/schroevendump.nl\/fr\/wp-json\/wp\/v2\/media\/28417"}],"wp:attachment":[{"href":"https:\/\/schroevendump.nl\/fr\/wp-json\/wp\/v2\/media?parent=28415"}],"wp:term":[{"taxonomy":"product_brand","embeddable":true,"href":"https:\/\/schroevendump.nl\/fr\/wp-json\/wp\/v2\/product_brand?post=28415"},{"taxonomy":"product_cat","embeddable":true,"href":"https:\/\/schroevendump.nl\/fr\/wp-json\/wp\/v2\/product_cat?post=28415"},{"taxonomy":"product_tag","embeddable":true,"href":"https:\/\/schroevendump.nl\/fr\/wp-json\/wp\/v2\/product_tag?post=28415"}],"curies":[{"name":"wp","href":"https:\/\/api.w.org\/{rel}","templated":true}]}}