{"id":28421,"date":"2025-10-04T19:26:12","date_gmt":"2025-10-04T19:26:12","guid":{"rendered":"https:\/\/schroevendump.nl\/product\/lame-de-scie-a-guichet-barracuda-stepdrill-bi-metal-225-mm-bois-et-metal-heavy-duty\/"},"modified":"2025-12-15T16:55:52","modified_gmt":"2025-12-15T16:55:52","slug":"lame-de-scie-a-guichet-barracuda-stepdrill-bi-metal-225-mm-bois-et-metal-heavy-duty","status":"publish","type":"product","link":"https:\/\/schroevendump.nl\/fr\/produit\/lame-de-scie-a-guichet-barracuda-stepdrill-bi-metal-225-mm-bois-et-metal-heavy-duty\/","title":{"rendered":"Lame de scie \u00e0 guichet Barracuda Stepdrill Bi-Metal 225 mm &#8211; Bois et m\u00e9tal &#8211; Heavy-Duty"},"content":{"rendered":"<p data-start=\"363\" data-end=\"667\">Lorsque vous vous attaquez \u00e0 des travaux de d\u00e9molition, de r\u00e9novation ou \u00e0 des projets exigeants en bois et en m\u00e9tal, vous ne voulez pas risquer que votre lame de scie tombe en panne au moment o\u00f9 vous en avez le plus besoin. La <strong data-start=\"562\" data-end=\"607\"> lame de scie alternative Barracuda Stepdrill<\/strong> est con\u00e7ue pour les professionnels qui ne font pas de compromis. <\/p>\n<p data-start=\"669\" data-end=\"1021\">Avec son <strong data-start=\"678\" data-end=\"705\">design Barracuda unique<\/strong> et sa construction BiM robuste, cette lame coupe sans effort le bois dur, le bois avec des clous enfonc\u00e9s, les feuilles de m\u00e9tal et m\u00eame le PVC. Les &#8220;\u00e9cailles&#8221; distinctives de la lame ne sont pas seulement \u00e9l\u00e9gantes, elles sont aussi un signe d&#8217;innovation : elles garantissent une puissance de coupe optimale, la stabilit\u00e9 et une plus longue dur\u00e9e de vie de la lame.<\/p>\n<p data-start=\"1023\" data-end=\"1354\">Gr\u00e2ce \u00e0 la <strong data-start=\"1034\" data-end=\"1055\">fonction Stepdrill<\/strong>, cette lame s&#8217;adapte aux diff\u00e9rentes \u00e9paisseurs de mat\u00e9riaux, ce qui vous permet de travailler plus rapidement et plus efficacement sans perdre le contr\u00f4le. Qu&#8217;il s&#8217;agisse de fendre une palette de clous, de couper un tube m\u00e9tallique sur mesure ou d&#8217;usiner du bois de construction, la lame de scie Barracuda est toujours performante.<\/p>\n<p data-start=\"1356\" data-end=\"1615\">En bref, cette lame n&#8217;est pas une lame de scie comme les autres &#8211; c&#8217;est un <strong data-start=\"1414\" data-end=\"1463\">partenaire robuste pour tous les travaux exigeants<\/strong>, con\u00e7u pour rester fiable pendant des ann\u00e9es. Avec la <strong data-start=\"1520\" data-end=\"1558\"> lame de scie Barracuda Stepdrill<\/strong>, vous choisissez la puissance, la pr\u00e9cision et la durabilit\u00e9 ultime.<\/p>\n<hr data-start=\"1617\" data-end=\"1620\">\n<h3 data-start=\"1622\" data-end=\"1662\">\u2699\ufe0f <strong data-start=\"1629\" data-end=\"1660\">Caract\u00e9ristiques principales<\/strong><\/h3>\n<ul data-start=\"1664\" data-end=\"2024\">\n<li data-start=\"1664\" data-end=\"1710\">\n<p data-start=\"1666\" data-end=\"1710\">Mat\u00e9riau HM\/BiM &#8211; solide et r\u00e9sistant \u00e0 la chaleur<\/p>\n<\/li>\n<li data-start=\"1711\" data-end=\"1776\">\n<p data-start=\"1713\" data-end=\"1776\">Coupe sans effort le bois, le bois avec des clous, le m\u00e9tal et le plastique<\/p>\n<\/li>\n<li data-start=\"1777\" data-end=\"1837\">\n<p data-start=\"1779\" data-end=\"1837\">Conception de forets \u00e9tag\u00e9s pour diff\u00e9rentes \u00e9paisseurs et diff\u00e9rents mat\u00e9riaux<\/p>\n<\/li>\n<li data-start=\"1838\" data-end=\"1897\">\n<p data-start=\"1840\" data-end=\"1897\">Les \u00e9cailles Barracuda innovantes pour une puissance de coupe optimale<\/p>\n<\/li>\n<li data-start=\"1898\" data-end=\"1962\">\n<p data-start=\"1900\" data-end=\"1962\">Robuste et durable &#8211; convient \u00e0 un usage professionnel<\/p>\n<\/li>\n<li data-start=\"1963\" data-end=\"2024\">\n<p data-start=\"1965\" data-end=\"2024\">Connexion universelle pour la plupart des scies alternatives<\/p>\n<\/li>\n<\/ul>\n<hr data-start=\"2026\" data-end=\"2029\">\n<h3 data-start=\"2031\" data-end=\"2061\">\ud83d\udd28 <strong data-start=\"2038\" data-end=\"2059\">Conseils d&#8217;utilisation<\/strong><\/h3>\n<ul data-start=\"2062\" data-end=\"2281\">\n<li data-start=\"2062\" data-end=\"2136\">\n<p data-start=\"2064\" data-end=\"2136\">Coupez sans bruit l&#8217;acier et le bois dur pour que la lame reste aiguis\u00e9e plus longtemps.<\/p>\n<\/li>\n<li data-start=\"2137\" data-end=\"2197\">\n<p data-start=\"2139\" data-end=\"2197\">Laissez la machine faire le travail ; n&#8217;appliquez pas de pression suppl\u00e9mentaire.<\/p>\n<\/li>\n<li data-start=\"2198\" data-end=\"2281\">\n<p data-start=\"2200\" data-end=\"2281\">Parfait pour la d\u00e9molition, la r\u00e9novation, la construction et les projets polyvalents bois\/m\u00e9tal<\/p>\n<\/li>\n<\/ul>\n","protected":false},"excerpt":{"rendered":"<p>Lorsque vous vous attaquez \u00e0 des travaux de d\u00e9molition, de r\u00e9novation ou \u00e0 des projets exigeants en bois et en m\u00e9tal, vous ne voulez pas risquer que votre lame de scie tombe en panne au moment o\u00f9 vous en avez le plus besoin. La lame de scie alternative Barracuda Stepdrill est con\u00e7ue pour les professionnels [&hellip;]<\/p>\n","protected":false},"featured_media":28428,"comment_status":"closed","ping_status":"closed","template":"","meta":[],"product_brand":[],"product_cat":[803],"product_tag":[],"class_list":{"0":"post-28421","1":"product","2":"type-product","3":"status-publish","4":"has-post-thumbnail","6":"product_cat-scies-a-guichet","8":"first","9":"instock","10":"taxable","11":"shipping-taxable","12":"purchasable","13":"product-type-simple"},"supplier_id":null,"supplier_sku":"","barcode":null,"atum_controlled":true,"out_stock_date":null,"out_stock_threshold":null,"inheritable":false,"inbound_stock":0,"stock_on_hold":3,"sold_today":0,"sales_last_days":0,"reserved_stock":0,"customer_returns":0,"warehouse_damage":0,"lost_in_post":0,"other_logs":0,"out_stock_days":0,"lost_sales":0,"has_location":false,"update_date":"2026-04-29T01:11:36","atum_locations":[],"atum_stock_status":"instock","restock_status":false,"low_stock_amount":"","sales_update_date":"2026-04-29T01:11:36","calc_backorders":null,"acf":[],"yoast_head":"<!-- This site is optimized with the Yoast SEO plugin v26.6 - https:\/\/yoast.com\/wordpress\/plugins\/seo\/ -->\n<title>Lame de scie \u00e0 guichet Barracuda Stepdrill Bi-Metal 225 mm - Bois et m\u00e9tal - Heavy-Duty - Schroevendump<\/title>\n<meta name=\"robots\" content=\"index, follow, max-snippet:-1, max-image-preview:large, max-video-preview:-1\" \/>\n<link rel=\"canonical\" href=\"https:\/\/schroevendump.nl\/fr\/produit\/lame-de-scie-a-guichet-barracuda-stepdrill-bi-metal-225-mm-bois-et-metal-heavy-duty\/\" \/>\n<meta property=\"og:locale\" content=\"fr_FR\" \/>\n<meta property=\"og:type\" content=\"article\" \/>\n<meta property=\"og:title\" content=\"Lame de scie \u00e0 guichet Barracuda Stepdrill Bi-Metal 225 mm - Bois et m\u00e9tal - Heavy-Duty - Schroevendump\" \/>\n<meta property=\"og:description\" content=\"Lorsque vous vous attaquez \u00e0 des travaux de d\u00e9molition, de r\u00e9novation ou \u00e0 des projets exigeants en bois et en m\u00e9tal, vous ne voulez pas risquer que votre lame de scie tombe en panne au moment o\u00f9 vous en avez le plus besoin. La lame de scie alternative Barracuda Stepdrill est con\u00e7ue pour les professionnels [&hellip;]\" \/>\n<meta property=\"og:url\" content=\"https:\/\/schroevendump.nl\/fr\/produit\/lame-de-scie-a-guichet-barracuda-stepdrill-bi-metal-225-mm-bois-et-metal-heavy-duty\/\" \/>\n<meta property=\"og:site_name\" content=\"Schroevendump\" \/>\n<meta property=\"article:modified_time\" content=\"2025-12-15T16:55:52+00:00\" \/>\n<meta property=\"og:image\" content=\"https:\/\/schroevendump.nl\/wp-content\/uploads\/2025\/10\/Schroevendump-4-10-2025-120-Reciprozaagblad-Barracuda-Stepdrill-Bi-Metaal-225-mm-\u2013-Hout-Metaal-\u2013-Heavy-Duty-scaled.png\" \/>\n\t<meta property=\"og:image:width\" content=\"2560\" \/>\n\t<meta property=\"og:image:height\" content=\"2560\" \/>\n\t<meta property=\"og:image:type\" content=\"image\/png\" \/>\n<meta name=\"twitter:card\" content=\"summary_large_image\" \/>\n<meta name=\"twitter:label1\" content=\"Dur\u00e9e de lecture estim\u00e9e\" \/>\n\t<meta name=\"twitter:data1\" content=\"2 minutes\" \/>\n<script type=\"application\/ld+json\" class=\"yoast-schema-graph\">{\"@context\":\"https:\/\/schema.org\",\"@graph\":[{\"@type\":\"WebPage\",\"@id\":\"https:\/\/schroevendump.nl\/fr\/produit\/lame-de-scie-a-guichet-barracuda-stepdrill-bi-metal-225-mm-bois-et-metal-heavy-duty\/\",\"url\":\"https:\/\/schroevendump.nl\/fr\/produit\/lame-de-scie-a-guichet-barracuda-stepdrill-bi-metal-225-mm-bois-et-metal-heavy-duty\/\",\"name\":\"Lame de scie \u00e0 guichet Barracuda Stepdrill Bi-Metal 225 mm - Bois et m\u00e9tal - Heavy-Duty - Schroevendump\",\"isPartOf\":{\"@id\":\"https:\/\/schroevendump.nl\/fr\/#website\"},\"primaryImageOfPage\":{\"@id\":\"https:\/\/schroevendump.nl\/fr\/produit\/lame-de-scie-a-guichet-barracuda-stepdrill-bi-metal-225-mm-bois-et-metal-heavy-duty\/#primaryimage\"},\"image\":{\"@id\":\"https:\/\/schroevendump.nl\/fr\/produit\/lame-de-scie-a-guichet-barracuda-stepdrill-bi-metal-225-mm-bois-et-metal-heavy-duty\/#primaryimage\"},\"thumbnailUrl\":\"https:\/\/schroevendump.nl\/wp-content\/uploads\/2025\/10\/Schroevendump-4-10-2025-120-Reciprozaagblad-Barracuda-Stepdrill-Bi-Metaal-225-mm-\u2013-Hout-Metaal-\u2013-Heavy-Duty-scaled.png\",\"datePublished\":\"2025-10-04T19:26:12+00:00\",\"dateModified\":\"2025-12-15T16:55:52+00:00\",\"breadcrumb\":{\"@id\":\"https:\/\/schroevendump.nl\/fr\/produit\/lame-de-scie-a-guichet-barracuda-stepdrill-bi-metal-225-mm-bois-et-metal-heavy-duty\/#breadcrumb\"},\"inLanguage\":\"fr-FR\",\"potentialAction\":[{\"@type\":\"ReadAction\",\"target\":[\"https:\/\/schroevendump.nl\/fr\/produit\/lame-de-scie-a-guichet-barracuda-stepdrill-bi-metal-225-mm-bois-et-metal-heavy-duty\/\"]}]},{\"@type\":\"ImageObject\",\"inLanguage\":\"fr-FR\",\"@id\":\"https:\/\/schroevendump.nl\/fr\/produit\/lame-de-scie-a-guichet-barracuda-stepdrill-bi-metal-225-mm-bois-et-metal-heavy-duty\/#primaryimage\",\"url\":\"https:\/\/schroevendump.nl\/wp-content\/uploads\/2025\/10\/Schroevendump-4-10-2025-120-Reciprozaagblad-Barracuda-Stepdrill-Bi-Metaal-225-mm-\u2013-Hout-Metaal-\u2013-Heavy-Duty-scaled.png\",\"contentUrl\":\"https:\/\/schroevendump.nl\/wp-content\/uploads\/2025\/10\/Schroevendump-4-10-2025-120-Reciprozaagblad-Barracuda-Stepdrill-Bi-Metaal-225-mm-\u2013-Hout-Metaal-\u2013-Heavy-Duty-scaled.png\",\"width\":2560,\"height\":2560},{\"@type\":\"BreadcrumbList\",\"@id\":\"https:\/\/schroevendump.nl\/fr\/produit\/lame-de-scie-a-guichet-barracuda-stepdrill-bi-metal-225-mm-bois-et-metal-heavy-duty\/#breadcrumb\",\"itemListElement\":[{\"@type\":\"ListItem\",\"position\":1,\"name\":\"Accueil\",\"item\":\"https:\/\/schroevendump.nl\/fr\/\"},{\"@type\":\"ListItem\",\"position\":2,\"name\":\"Boutique\",\"item\":\"https:\/\/schroevendump.nl\/fr\/boutique\/\"},{\"@type\":\"ListItem\",\"position\":3,\"name\":\"Lame de scie \u00e0 guichet Barracuda Stepdrill Bi-Metal 225 mm &#8211; Bois et m\u00e9tal &#8211; Heavy-Duty\"}]},{\"@type\":\"WebSite\",\"@id\":\"https:\/\/schroevendump.nl\/fr\/#website\",\"url\":\"https:\/\/schroevendump.nl\/fr\/\",\"name\":\"Schroevendump\",\"description\":\"\",\"potentialAction\":[{\"@type\":\"SearchAction\",\"target\":{\"@type\":\"EntryPoint\",\"urlTemplate\":\"https:\/\/schroevendump.nl\/fr\/?s={search_term_string}\"},\"query-input\":{\"@type\":\"PropertyValueSpecification\",\"valueRequired\":true,\"valueName\":\"search_term_string\"}}],\"inLanguage\":\"fr-FR\"}]}<\/script>\n<!-- \/ Yoast SEO plugin. -->","yoast_head_json":{"title":"Lame de scie \u00e0 guichet Barracuda Stepdrill Bi-Metal 225 mm - Bois et m\u00e9tal - Heavy-Duty - Schroevendump","robots":{"index":"index","follow":"follow","max-snippet":"max-snippet:-1","max-image-preview":"max-image-preview:large","max-video-preview":"max-video-preview:-1"},"canonical":"https:\/\/schroevendump.nl\/fr\/produit\/lame-de-scie-a-guichet-barracuda-stepdrill-bi-metal-225-mm-bois-et-metal-heavy-duty\/","og_locale":"fr_FR","og_type":"article","og_title":"Lame de scie \u00e0 guichet Barracuda Stepdrill Bi-Metal 225 mm - Bois et m\u00e9tal - Heavy-Duty - Schroevendump","og_description":"Lorsque vous vous attaquez \u00e0 des travaux de d\u00e9molition, de r\u00e9novation ou \u00e0 des projets exigeants en bois et en m\u00e9tal, vous ne voulez pas risquer que votre lame de scie tombe en panne au moment o\u00f9 vous en avez le plus besoin. La lame de scie alternative Barracuda Stepdrill est con\u00e7ue pour les professionnels [&hellip;]","og_url":"https:\/\/schroevendump.nl\/fr\/produit\/lame-de-scie-a-guichet-barracuda-stepdrill-bi-metal-225-mm-bois-et-metal-heavy-duty\/","og_site_name":"Schroevendump","article_modified_time":"2025-12-15T16:55:52+00:00","og_image":[{"width":2560,"height":2560,"url":"https:\/\/schroevendump.nl\/wp-content\/uploads\/2025\/10\/Schroevendump-4-10-2025-120-Reciprozaagblad-Barracuda-Stepdrill-Bi-Metaal-225-mm-\u2013-Hout-Metaal-\u2013-Heavy-Duty-scaled.png","type":"image\/png"}],"twitter_card":"summary_large_image","twitter_misc":{"Dur\u00e9e de lecture estim\u00e9e":"2 minutes"},"schema":{"@context":"https:\/\/schema.org","@graph":[{"@type":"WebPage","@id":"https:\/\/schroevendump.nl\/fr\/produit\/lame-de-scie-a-guichet-barracuda-stepdrill-bi-metal-225-mm-bois-et-metal-heavy-duty\/","url":"https:\/\/schroevendump.nl\/fr\/produit\/lame-de-scie-a-guichet-barracuda-stepdrill-bi-metal-225-mm-bois-et-metal-heavy-duty\/","name":"Lame de scie \u00e0 guichet Barracuda Stepdrill Bi-Metal 225 mm - Bois et m\u00e9tal - Heavy-Duty - Schroevendump","isPartOf":{"@id":"https:\/\/schroevendump.nl\/fr\/#website"},"primaryImageOfPage":{"@id":"https:\/\/schroevendump.nl\/fr\/produit\/lame-de-scie-a-guichet-barracuda-stepdrill-bi-metal-225-mm-bois-et-metal-heavy-duty\/#primaryimage"},"image":{"@id":"https:\/\/schroevendump.nl\/fr\/produit\/lame-de-scie-a-guichet-barracuda-stepdrill-bi-metal-225-mm-bois-et-metal-heavy-duty\/#primaryimage"},"thumbnailUrl":"https:\/\/schroevendump.nl\/wp-content\/uploads\/2025\/10\/Schroevendump-4-10-2025-120-Reciprozaagblad-Barracuda-Stepdrill-Bi-Metaal-225-mm-\u2013-Hout-Metaal-\u2013-Heavy-Duty-scaled.png","datePublished":"2025-10-04T19:26:12+00:00","dateModified":"2025-12-15T16:55:52+00:00","breadcrumb":{"@id":"https:\/\/schroevendump.nl\/fr\/produit\/lame-de-scie-a-guichet-barracuda-stepdrill-bi-metal-225-mm-bois-et-metal-heavy-duty\/#breadcrumb"},"inLanguage":"fr-FR","potentialAction":[{"@type":"ReadAction","target":["https:\/\/schroevendump.nl\/fr\/produit\/lame-de-scie-a-guichet-barracuda-stepdrill-bi-metal-225-mm-bois-et-metal-heavy-duty\/"]}]},{"@type":"ImageObject","inLanguage":"fr-FR","@id":"https:\/\/schroevendump.nl\/fr\/produit\/lame-de-scie-a-guichet-barracuda-stepdrill-bi-metal-225-mm-bois-et-metal-heavy-duty\/#primaryimage","url":"https:\/\/schroevendump.nl\/wp-content\/uploads\/2025\/10\/Schroevendump-4-10-2025-120-Reciprozaagblad-Barracuda-Stepdrill-Bi-Metaal-225-mm-\u2013-Hout-Metaal-\u2013-Heavy-Duty-scaled.png","contentUrl":"https:\/\/schroevendump.nl\/wp-content\/uploads\/2025\/10\/Schroevendump-4-10-2025-120-Reciprozaagblad-Barracuda-Stepdrill-Bi-Metaal-225-mm-\u2013-Hout-Metaal-\u2013-Heavy-Duty-scaled.png","width":2560,"height":2560},{"@type":"BreadcrumbList","@id":"https:\/\/schroevendump.nl\/fr\/produit\/lame-de-scie-a-guichet-barracuda-stepdrill-bi-metal-225-mm-bois-et-metal-heavy-duty\/#breadcrumb","itemListElement":[{"@type":"ListItem","position":1,"name":"Accueil","item":"https:\/\/schroevendump.nl\/fr\/"},{"@type":"ListItem","position":2,"name":"Boutique","item":"https:\/\/schroevendump.nl\/fr\/boutique\/"},{"@type":"ListItem","position":3,"name":"Lame de scie \u00e0 guichet Barracuda Stepdrill Bi-Metal 225 mm &#8211; Bois et m\u00e9tal &#8211; Heavy-Duty"}]},{"@type":"WebSite","@id":"https:\/\/schroevendump.nl\/fr\/#website","url":"https:\/\/schroevendump.nl\/fr\/","name":"Schroevendump","description":"","potentialAction":[{"@type":"SearchAction","target":{"@type":"EntryPoint","urlTemplate":"https:\/\/schroevendump.nl\/fr\/?s={search_term_string}"},"query-input":{"@type":"PropertyValueSpecification","valueRequired":true,"valueName":"search_term_string"}}],"inLanguage":"fr-FR"}]}},"_links":{"self":[{"href":"https:\/\/schroevendump.nl\/fr\/wp-json\/wp\/v2\/product\/28421","targetHints":{"allow":["GET"]}}],"collection":[{"href":"https:\/\/schroevendump.nl\/fr\/wp-json\/wp\/v2\/product"}],"about":[{"href":"https:\/\/schroevendump.nl\/fr\/wp-json\/wp\/v2\/types\/product"}],"replies":[{"embeddable":true,"href":"https:\/\/schroevendump.nl\/fr\/wp-json\/wp\/v2\/comments?post=28421"}],"wp:featuredmedia":[{"embeddable":true,"href":"https:\/\/schroevendump.nl\/fr\/wp-json\/wp\/v2\/media\/28428"}],"wp:attachment":[{"href":"https:\/\/schroevendump.nl\/fr\/wp-json\/wp\/v2\/media?parent=28421"}],"wp:term":[{"taxonomy":"product_brand","embeddable":true,"href":"https:\/\/schroevendump.nl\/fr\/wp-json\/wp\/v2\/product_brand?post=28421"},{"taxonomy":"product_cat","embeddable":true,"href":"https:\/\/schroevendump.nl\/fr\/wp-json\/wp\/v2\/product_cat?post=28421"},{"taxonomy":"product_tag","embeddable":true,"href":"https:\/\/schroevendump.nl\/fr\/wp-json\/wp\/v2\/product_tag?post=28421"}],"curies":[{"name":"wp","href":"https:\/\/api.w.org\/{rel}","templated":true}]}}