{"id":28447,"date":"2025-10-04T19:14:52","date_gmt":"2025-10-04T19:14:52","guid":{"rendered":"https:\/\/schroevendump.nl\/product\/lame-de-scie-a-guichet-240-mm-s1531l-hcs-bois-et-elagage\/"},"modified":"2025-12-10T11:55:06","modified_gmt":"2025-12-10T11:55:06","slug":"lame-de-scie-a-guichet-240-mm-s1531l-hcs-bois-et-elagage","status":"publish","type":"product","link":"https:\/\/schroevendump.nl\/fr\/produit\/lame-de-scie-a-guichet-240-mm-s1531l-hcs-bois-et-elagage\/","title":{"rendered":"Lame de scie \u00e0 guichet 240 mm &#8211; S1531L HCS Bois et \u00e9lagage"},"content":{"rendered":"<ul data-start=\"299\" data-end=\"866\">\n<li data-start=\"299\" data-end=\"391\">\n<p data-start=\"301\" data-end=\"391\"><strong data-start=\"301\" data-end=\"315\">Mat\u00e9riau :<\/strong> Acier HCS (High Carbon Steel) de haute qualit\u00e9 pour une r\u00e9sistance et une durabilit\u00e9 optimales.<\/p>\n<\/li>\n<li data-start=\"392\" data-end=\"491\">\n<p data-start=\"394\" data-end=\"491\"><strong data-start=\"394\" data-end=\"409\">Application :<\/strong> Id\u00e9al pour couper le bois vert et le bois sec, y compris l&#8217;\u00e9lagage et le bois de chauffage.<\/p>\n<\/li>\n<li data-start=\"492\" data-end=\"556\">\n<p data-start=\"494\" data-end=\"556\"><strong data-start=\"494\" data-end=\"509\">Dimensions :<\/strong> Longueur totale 240 mm, longueur utile 220 mm<\/p>\n<\/li>\n<li data-start=\"557\" data-end=\"644\">\n<p data-start=\"559\" data-end=\"644\"><strong data-start=\"559\" data-end=\"574\">Denture :<\/strong> 5 TPI &#8211; dents grossi\u00e8res et aff\u00fbt\u00e9es pour des coupes rapides et efficaces<\/p>\n<\/li>\n<li data-start=\"645\" data-end=\"743\">\n<p data-start=\"647\" data-end=\"743\"><strong data-start=\"647\" data-end=\"667\">Compatibilit\u00e9 :<\/strong> Convient \u00e0 la plupart des scies \u00e0 guichet dot\u00e9es d&#8217;un raccord universel de 1\/2 pouce.<\/p>\n<\/li>\n<li data-start=\"744\" data-end=\"866\">\n<p data-start=\"746\" data-end=\"866\"><strong data-start=\"746\" data-end=\"761\">Conditionnement :<\/strong> Emballage individuel ou 10 dans un tube &#8211; utile pour un usage professionnel et des projets plus importants<\/p>\n<\/li>\n<\/ul>\n<hr data-start=\"868\" data-end=\"871\">\n<h3 data-start=\"873\" data-end=\"903\"><strong data-start=\"880\" data-end=\"901\">\ud83d\udd28 Petits conseils d&#8217;utilisation<\/strong><\/h3>\n<ul data-start=\"904\" data-end=\"1111\">\n<li data-start=\"904\" data-end=\"961\">\n<p data-start=\"906\" data-end=\"961\">Laissez la scie faire le travail ; n&#8217;appliquez pas de pression suppl\u00e9mentaire.<\/p>\n<\/li>\n<li data-start=\"962\" data-end=\"1054\">\n<p data-start=\"964\" data-end=\"1054\">Lorsque vous coupez du bois vert, utilisez une vitesse mod\u00e9r\u00e9e pour \u00e9viter toute surchauffe.<\/p>\n<\/li>\n<li data-start=\"1055\" data-end=\"1111\">\n<p data-start=\"1057\" data-end=\"1111\">Parfait pour les branches, les buissons, les cadres ou le bois de chauffage<\/p>\n<\/li>\n<\/ul>\n","protected":false},"excerpt":{"rendered":"<p>Mat\u00e9riau : Acier HCS (High Carbon Steel) de haute qualit\u00e9 pour une r\u00e9sistance et une durabilit\u00e9 optimales. Application : Id\u00e9al pour couper le bois vert et le bois sec, y compris l&#8217;\u00e9lagage et le bois de chauffage. Dimensions : Longueur totale 240 mm, longueur utile 220 mm Denture : 5 TPI &#8211; dents grossi\u00e8res et [&hellip;]<\/p>\n","protected":false},"featured_media":28450,"comment_status":"open","ping_status":"closed","template":"","meta":[],"product_brand":[],"product_cat":[803],"product_tag":[],"class_list":{"0":"post-28447","1":"product","2":"type-product","3":"status-publish","4":"has-post-thumbnail","6":"product_cat-scies-a-guichet","8":"first","9":"instock","10":"taxable","11":"shipping-taxable","12":"purchasable","13":"product-type-simple"},"supplier_id":null,"supplier_sku":"","barcode":null,"atum_controlled":true,"out_stock_date":null,"out_stock_threshold":null,"inheritable":false,"inbound_stock":0,"stock_on_hold":0,"sold_today":0,"sales_last_days":118,"reserved_stock":0,"customer_returns":0,"warehouse_damage":0,"lost_in_post":0,"other_logs":0,"out_stock_days":0,"lost_sales":0,"has_location":false,"update_date":"2026-05-08T07:10:39","atum_locations":[],"atum_stock_status":"instock","restock_status":true,"low_stock_amount":"","sales_update_date":"2026-05-08T07:10:38","calc_backorders":null,"acf":[],"yoast_head":"<!-- This site is optimized with the Yoast SEO plugin v26.6 - https:\/\/yoast.com\/wordpress\/plugins\/seo\/ -->\n<title>Lame de scie \u00e0 guichet 240 mm - S1531L HCS Bois et \u00e9lagage - Schroevendump<\/title>\n<meta name=\"robots\" content=\"index, follow, max-snippet:-1, max-image-preview:large, max-video-preview:-1\" \/>\n<link rel=\"canonical\" href=\"https:\/\/schroevendump.nl\/fr\/produit\/lame-de-scie-a-guichet-240-mm-s1531l-hcs-bois-et-elagage\/\" \/>\n<meta property=\"og:locale\" content=\"fr_FR\" \/>\n<meta property=\"og:type\" content=\"article\" \/>\n<meta property=\"og:title\" content=\"Lame de scie \u00e0 guichet 240 mm - S1531L HCS Bois et \u00e9lagage - Schroevendump\" \/>\n<meta property=\"og:description\" content=\"Mat\u00e9riau : Acier HCS (High Carbon Steel) de haute qualit\u00e9 pour une r\u00e9sistance et une durabilit\u00e9 optimales. Application : Id\u00e9al pour couper le bois vert et le bois sec, y compris l&#8217;\u00e9lagage et le bois de chauffage. Dimensions : Longueur totale 240 mm, longueur utile 220 mm Denture : 5 TPI &#8211; dents grossi\u00e8res et [&hellip;]\" \/>\n<meta property=\"og:url\" content=\"https:\/\/schroevendump.nl\/fr\/produit\/lame-de-scie-a-guichet-240-mm-s1531l-hcs-bois-et-elagage\/\" \/>\n<meta property=\"og:site_name\" content=\"Schroevendump\" \/>\n<meta property=\"article:modified_time\" content=\"2025-12-10T11:55:06+00:00\" \/>\n<meta property=\"og:image\" content=\"https:\/\/schroevendump.nl\/wp-content\/uploads\/2025\/10\/reciprozaag-hout--scaled-e1760385092459.png\" \/>\n\t<meta property=\"og:image:width\" content=\"2540\" \/>\n\t<meta property=\"og:image:height\" content=\"2176\" \/>\n\t<meta property=\"og:image:type\" content=\"image\/png\" \/>\n<meta name=\"twitter:card\" content=\"summary_large_image\" \/>\n<meta name=\"twitter:label1\" content=\"Dur\u00e9e de lecture estim\u00e9e\" \/>\n\t<meta name=\"twitter:data1\" content=\"1 minute\" \/>\n<script type=\"application\/ld+json\" class=\"yoast-schema-graph\">{\"@context\":\"https:\/\/schema.org\",\"@graph\":[{\"@type\":\"WebPage\",\"@id\":\"https:\/\/schroevendump.nl\/fr\/produit\/lame-de-scie-a-guichet-240-mm-s1531l-hcs-bois-et-elagage\/\",\"url\":\"https:\/\/schroevendump.nl\/fr\/produit\/lame-de-scie-a-guichet-240-mm-s1531l-hcs-bois-et-elagage\/\",\"name\":\"Lame de scie \u00e0 guichet 240 mm - S1531L HCS Bois et \u00e9lagage - Schroevendump\",\"isPartOf\":{\"@id\":\"https:\/\/schroevendump.nl\/fr\/#website\"},\"primaryImageOfPage\":{\"@id\":\"https:\/\/schroevendump.nl\/fr\/produit\/lame-de-scie-a-guichet-240-mm-s1531l-hcs-bois-et-elagage\/#primaryimage\"},\"image\":{\"@id\":\"https:\/\/schroevendump.nl\/fr\/produit\/lame-de-scie-a-guichet-240-mm-s1531l-hcs-bois-et-elagage\/#primaryimage\"},\"thumbnailUrl\":\"https:\/\/schroevendump.nl\/wp-content\/uploads\/2025\/10\/reciprozaag-hout--scaled-e1760385092459.png\",\"datePublished\":\"2025-10-04T19:14:52+00:00\",\"dateModified\":\"2025-12-10T11:55:06+00:00\",\"breadcrumb\":{\"@id\":\"https:\/\/schroevendump.nl\/fr\/produit\/lame-de-scie-a-guichet-240-mm-s1531l-hcs-bois-et-elagage\/#breadcrumb\"},\"inLanguage\":\"fr-FR\",\"potentialAction\":[{\"@type\":\"ReadAction\",\"target\":[\"https:\/\/schroevendump.nl\/fr\/produit\/lame-de-scie-a-guichet-240-mm-s1531l-hcs-bois-et-elagage\/\"]}]},{\"@type\":\"ImageObject\",\"inLanguage\":\"fr-FR\",\"@id\":\"https:\/\/schroevendump.nl\/fr\/produit\/lame-de-scie-a-guichet-240-mm-s1531l-hcs-bois-et-elagage\/#primaryimage\",\"url\":\"https:\/\/schroevendump.nl\/wp-content\/uploads\/2025\/10\/reciprozaag-hout--scaled-e1760385092459.png\",\"contentUrl\":\"https:\/\/schroevendump.nl\/wp-content\/uploads\/2025\/10\/reciprozaag-hout--scaled-e1760385092459.png\",\"width\":2540,\"height\":2176},{\"@type\":\"BreadcrumbList\",\"@id\":\"https:\/\/schroevendump.nl\/fr\/produit\/lame-de-scie-a-guichet-240-mm-s1531l-hcs-bois-et-elagage\/#breadcrumb\",\"itemListElement\":[{\"@type\":\"ListItem\",\"position\":1,\"name\":\"Accueil\",\"item\":\"https:\/\/schroevendump.nl\/fr\/\"},{\"@type\":\"ListItem\",\"position\":2,\"name\":\"Boutique\",\"item\":\"https:\/\/schroevendump.nl\/fr\/boutique\/\"},{\"@type\":\"ListItem\",\"position\":3,\"name\":\"Lame de scie \u00e0 guichet 240 mm &#8211; S1531L HCS Bois et \u00e9lagage\"}]},{\"@type\":\"WebSite\",\"@id\":\"https:\/\/schroevendump.nl\/fr\/#website\",\"url\":\"https:\/\/schroevendump.nl\/fr\/\",\"name\":\"Schroevendump\",\"description\":\"\",\"potentialAction\":[{\"@type\":\"SearchAction\",\"target\":{\"@type\":\"EntryPoint\",\"urlTemplate\":\"https:\/\/schroevendump.nl\/fr\/?s={search_term_string}\"},\"query-input\":{\"@type\":\"PropertyValueSpecification\",\"valueRequired\":true,\"valueName\":\"search_term_string\"}}],\"inLanguage\":\"fr-FR\"}]}<\/script>\n<!-- \/ Yoast SEO plugin. -->","yoast_head_json":{"title":"Lame de scie \u00e0 guichet 240 mm - S1531L HCS Bois et \u00e9lagage - Schroevendump","robots":{"index":"index","follow":"follow","max-snippet":"max-snippet:-1","max-image-preview":"max-image-preview:large","max-video-preview":"max-video-preview:-1"},"canonical":"https:\/\/schroevendump.nl\/fr\/produit\/lame-de-scie-a-guichet-240-mm-s1531l-hcs-bois-et-elagage\/","og_locale":"fr_FR","og_type":"article","og_title":"Lame de scie \u00e0 guichet 240 mm - S1531L HCS Bois et \u00e9lagage - Schroevendump","og_description":"Mat\u00e9riau : Acier HCS (High Carbon Steel) de haute qualit\u00e9 pour une r\u00e9sistance et une durabilit\u00e9 optimales. Application : Id\u00e9al pour couper le bois vert et le bois sec, y compris l&#8217;\u00e9lagage et le bois de chauffage. Dimensions : Longueur totale 240 mm, longueur utile 220 mm Denture : 5 TPI &#8211; dents grossi\u00e8res et [&hellip;]","og_url":"https:\/\/schroevendump.nl\/fr\/produit\/lame-de-scie-a-guichet-240-mm-s1531l-hcs-bois-et-elagage\/","og_site_name":"Schroevendump","article_modified_time":"2025-12-10T11:55:06+00:00","og_image":[{"width":2540,"height":2176,"url":"https:\/\/schroevendump.nl\/wp-content\/uploads\/2025\/10\/reciprozaag-hout--scaled-e1760385092459.png","type":"image\/png"}],"twitter_card":"summary_large_image","twitter_misc":{"Dur\u00e9e de lecture estim\u00e9e":"1 minute"},"schema":{"@context":"https:\/\/schema.org","@graph":[{"@type":"WebPage","@id":"https:\/\/schroevendump.nl\/fr\/produit\/lame-de-scie-a-guichet-240-mm-s1531l-hcs-bois-et-elagage\/","url":"https:\/\/schroevendump.nl\/fr\/produit\/lame-de-scie-a-guichet-240-mm-s1531l-hcs-bois-et-elagage\/","name":"Lame de scie \u00e0 guichet 240 mm - S1531L HCS Bois et \u00e9lagage - Schroevendump","isPartOf":{"@id":"https:\/\/schroevendump.nl\/fr\/#website"},"primaryImageOfPage":{"@id":"https:\/\/schroevendump.nl\/fr\/produit\/lame-de-scie-a-guichet-240-mm-s1531l-hcs-bois-et-elagage\/#primaryimage"},"image":{"@id":"https:\/\/schroevendump.nl\/fr\/produit\/lame-de-scie-a-guichet-240-mm-s1531l-hcs-bois-et-elagage\/#primaryimage"},"thumbnailUrl":"https:\/\/schroevendump.nl\/wp-content\/uploads\/2025\/10\/reciprozaag-hout--scaled-e1760385092459.png","datePublished":"2025-10-04T19:14:52+00:00","dateModified":"2025-12-10T11:55:06+00:00","breadcrumb":{"@id":"https:\/\/schroevendump.nl\/fr\/produit\/lame-de-scie-a-guichet-240-mm-s1531l-hcs-bois-et-elagage\/#breadcrumb"},"inLanguage":"fr-FR","potentialAction":[{"@type":"ReadAction","target":["https:\/\/schroevendump.nl\/fr\/produit\/lame-de-scie-a-guichet-240-mm-s1531l-hcs-bois-et-elagage\/"]}]},{"@type":"ImageObject","inLanguage":"fr-FR","@id":"https:\/\/schroevendump.nl\/fr\/produit\/lame-de-scie-a-guichet-240-mm-s1531l-hcs-bois-et-elagage\/#primaryimage","url":"https:\/\/schroevendump.nl\/wp-content\/uploads\/2025\/10\/reciprozaag-hout--scaled-e1760385092459.png","contentUrl":"https:\/\/schroevendump.nl\/wp-content\/uploads\/2025\/10\/reciprozaag-hout--scaled-e1760385092459.png","width":2540,"height":2176},{"@type":"BreadcrumbList","@id":"https:\/\/schroevendump.nl\/fr\/produit\/lame-de-scie-a-guichet-240-mm-s1531l-hcs-bois-et-elagage\/#breadcrumb","itemListElement":[{"@type":"ListItem","position":1,"name":"Accueil","item":"https:\/\/schroevendump.nl\/fr\/"},{"@type":"ListItem","position":2,"name":"Boutique","item":"https:\/\/schroevendump.nl\/fr\/boutique\/"},{"@type":"ListItem","position":3,"name":"Lame de scie \u00e0 guichet 240 mm &#8211; S1531L HCS Bois et \u00e9lagage"}]},{"@type":"WebSite","@id":"https:\/\/schroevendump.nl\/fr\/#website","url":"https:\/\/schroevendump.nl\/fr\/","name":"Schroevendump","description":"","potentialAction":[{"@type":"SearchAction","target":{"@type":"EntryPoint","urlTemplate":"https:\/\/schroevendump.nl\/fr\/?s={search_term_string}"},"query-input":{"@type":"PropertyValueSpecification","valueRequired":true,"valueName":"search_term_string"}}],"inLanguage":"fr-FR"}]}},"_links":{"self":[{"href":"https:\/\/schroevendump.nl\/fr\/wp-json\/wp\/v2\/product\/28447","targetHints":{"allow":["GET"]}}],"collection":[{"href":"https:\/\/schroevendump.nl\/fr\/wp-json\/wp\/v2\/product"}],"about":[{"href":"https:\/\/schroevendump.nl\/fr\/wp-json\/wp\/v2\/types\/product"}],"replies":[{"embeddable":true,"href":"https:\/\/schroevendump.nl\/fr\/wp-json\/wp\/v2\/comments?post=28447"}],"wp:featuredmedia":[{"embeddable":true,"href":"https:\/\/schroevendump.nl\/fr\/wp-json\/wp\/v2\/media\/28450"}],"wp:attachment":[{"href":"https:\/\/schroevendump.nl\/fr\/wp-json\/wp\/v2\/media?parent=28447"}],"wp:term":[{"taxonomy":"product_brand","embeddable":true,"href":"https:\/\/schroevendump.nl\/fr\/wp-json\/wp\/v2\/product_brand?post=28447"},{"taxonomy":"product_cat","embeddable":true,"href":"https:\/\/schroevendump.nl\/fr\/wp-json\/wp\/v2\/product_cat?post=28447"},{"taxonomy":"product_tag","embeddable":true,"href":"https:\/\/schroevendump.nl\/fr\/wp-json\/wp\/v2\/product_tag?post=28447"}],"curies":[{"name":"wp","href":"https:\/\/api.w.org\/{rel}","templated":true}]}}