{"id":28457,"date":"2025-10-04T13:18:27","date_gmt":"2025-10-04T13:18:27","guid":{"rendered":"https:\/\/schroevendump.nl\/product\/starlock-bim-multitool-lame-de-scie-30x50-mm-metal-et-bois-00005\/"},"modified":"2025-12-10T11:54:54","modified_gmt":"2025-12-10T11:54:54","slug":"starlock-bim-multitool-lame-de-scie-30x50-mm-metal-et-bois-00005","status":"publish","type":"product","link":"https:\/\/schroevendump.nl\/fr\/produit\/starlock-bim-multitool-lame-de-scie-30x50-mm-metal-et-bois-00005\/","title":{"rendered":"Starlock BIM Multitool Lame de scie 30\u00d750 mm &#8211; M\u00e9tal et bois (00005)"},"content":{"rendered":"<ul data-start=\"358\" data-end=\"878\">\n<li data-start=\"358\" data-end=\"421\">\n<p data-start=\"360\" data-end=\"421\"><strong data-start=\"360\" data-end=\"376\">Lame de scie BIM<\/strong> &#8211; solide et durable pour un usage intensif<\/p>\n<\/li>\n<li data-start=\"422\" data-end=\"513\">\n<p data-start=\"424\" data-end=\"513\"><strong data-start=\"424\" data-end=\"447\">Pour le m\u00e9tal et le bois<\/strong> &#8211; coupe sans effort le m\u00e9tal tendre, l&#8217;aluminium et les types de bois<\/p>\n<\/li>\n<li data-start=\"514\" data-end=\"589\">\n<p data-start=\"516\" data-end=\"589\"><strong data-start=\"516\" data-end=\"531\">Dimensions :<\/strong> 30\u00d750 mm, convient \u00e0 tous les <strong data-start=\"561\" data-end=\"587\">outils multifonctions Starlock<\/strong><\/p>\n<\/li>\n<li data-start=\"590\" data-end=\"669\">\n<p data-start=\"592\" data-end=\"669\"><strong data-start=\"592\" data-end=\"606\">Mat\u00e9riau :<\/strong> Bi-m\u00e9tal (BIM) &#8211; r\u00e9sistant \u00e0 la chaleur, robuste et de longue dur\u00e9e de vie<\/p>\n<\/li>\n<li data-start=\"670\" data-end=\"771\">\n<p data-start=\"672\" data-end=\"771\"><strong data-start=\"672\" data-end=\"700\">Connexion Starlock :<\/strong> changement rapide sans outil et connexion stable et \u00e0 faible vibration<\/p>\n<\/li>\n<li data-start=\"772\" data-end=\"878\">\n<p data-start=\"774\" data-end=\"878\"><strong data-start=\"774\" data-end=\"806\">Polyvalent et professionnel :<\/strong> id\u00e9al pour les coupes fines dans le bois et le travail l\u00e9ger du m\u00e9tal<\/p>\n<\/li>\n<\/ul>\n<hr data-start=\"880\" data-end=\"883\">\n<h3 data-start=\"885\" data-end=\"915\"><strong data-start=\"892\" data-end=\"913\">\ud83d\udd28 Petits conseils d&#8217;utilisation<\/strong><\/h3>\n<ul data-start=\"916\" data-end=\"1168\">\n<li data-start=\"916\" data-end=\"974\">\n<p data-start=\"918\" data-end=\"974\">Laissez la lame faire le travail, n&#8217;appliquez pas de pression suppl\u00e9mentaire.<\/p>\n<\/li>\n<li data-start=\"975\" data-end=\"1048\">\n<p data-start=\"977\" data-end=\"1048\">Pour le m\u00e9tal : utilisez une vitesse mod\u00e9r\u00e9e pour \u00e9viter la surchauffe.<\/p>\n<\/li>\n<li data-start=\"1049\" data-end=\"1168\">\n<p data-start=\"1051\" data-end=\"1168\">Parfait pour les projets combinant le bois et le m\u00e9tal l\u00e9ger, tels que les cadres de fen\u00eatres, les profil\u00e9s ou la t\u00f4le.<\/p>\n<\/li>\n<\/ul>\n","protected":false},"excerpt":{"rendered":"<p>Lame de scie BIM &#8211; solide et durable pour un usage intensif Pour le m\u00e9tal et le bois &#8211; coupe sans effort le m\u00e9tal tendre, l&#8217;aluminium et les types de bois Dimensions : 30\u00d750 mm, convient \u00e0 tous les outils multifonctions Starlock Mat\u00e9riau : Bi-m\u00e9tal (BIM) &#8211; r\u00e9sistant \u00e0 la chaleur, robuste et de longue [&hellip;]<\/p>\n","protected":false},"featured_media":28461,"comment_status":"closed","ping_status":"closed","template":"","meta":[],"product_brand":[],"product_cat":[807],"product_tag":[],"class_list":{"0":"post-28457","1":"product","2":"type-product","3":"status-publish","4":"has-post-thumbnail","6":"product_cat-lames-de-scie-pour-outils-multiples","8":"first","9":"instock","10":"taxable","11":"shipping-taxable","12":"purchasable","13":"product-type-simple"},"supplier_id":null,"supplier_sku":"","barcode":null,"atum_controlled":true,"out_stock_date":null,"out_stock_threshold":null,"inheritable":false,"inbound_stock":0,"stock_on_hold":0,"sold_today":0,"sales_last_days":0,"reserved_stock":0,"customer_returns":0,"warehouse_damage":0,"lost_in_post":0,"other_logs":0,"out_stock_days":0,"lost_sales":0,"has_location":false,"update_date":"2026-04-15T01:03:14","atum_locations":[],"atum_stock_status":"instock","restock_status":false,"low_stock_amount":"","sales_update_date":"2026-04-15T01:03:14","calc_backorders":null,"acf":[],"yoast_head":"<!-- This site is optimized with the Yoast SEO plugin v26.6 - https:\/\/yoast.com\/wordpress\/plugins\/seo\/ -->\n<title>Starlock BIM Multitool Lame de scie 30\u00d750 mm - M\u00e9tal et bois (00005) - Schroevendump<\/title>\n<meta name=\"robots\" content=\"index, follow, max-snippet:-1, max-image-preview:large, max-video-preview:-1\" \/>\n<link rel=\"canonical\" href=\"https:\/\/schroevendump.nl\/fr\/produit\/starlock-bim-multitool-lame-de-scie-30x50-mm-metal-et-bois-00005\/\" \/>\n<meta property=\"og:locale\" content=\"fr_FR\" \/>\n<meta property=\"og:type\" content=\"article\" \/>\n<meta property=\"og:title\" content=\"Starlock BIM Multitool Lame de scie 30\u00d750 mm - M\u00e9tal et bois (00005) - Schroevendump\" \/>\n<meta property=\"og:description\" content=\"Lame de scie BIM &#8211; solide et durable pour un usage intensif Pour le m\u00e9tal et le bois &#8211; coupe sans effort le m\u00e9tal tendre, l&#8217;aluminium et les types de bois Dimensions : 30\u00d750 mm, convient \u00e0 tous les outils multifonctions Starlock Mat\u00e9riau : Bi-m\u00e9tal (BIM) &#8211; r\u00e9sistant \u00e0 la chaleur, robuste et de longue [&hellip;]\" \/>\n<meta property=\"og:url\" content=\"https:\/\/schroevendump.nl\/fr\/produit\/starlock-bim-multitool-lame-de-scie-30x50-mm-metal-et-bois-00005\/\" \/>\n<meta property=\"og:site_name\" content=\"Schroevendump\" \/>\n<meta property=\"article:modified_time\" content=\"2025-12-10T11:54:54+00:00\" \/>\n<meta property=\"og:image\" content=\"https:\/\/schroevendump.nl\/wp-content\/uploads\/2025\/10\/Schroevendump-multi-metaal--scaled-e1760380026453.png\" \/>\n\t<meta property=\"og:image:width\" content=\"2014\" \/>\n\t<meta property=\"og:image:height\" content=\"2172\" \/>\n\t<meta property=\"og:image:type\" content=\"image\/png\" \/>\n<meta name=\"twitter:card\" content=\"summary_large_image\" \/>\n<meta name=\"twitter:label1\" content=\"Dur\u00e9e de lecture estim\u00e9e\" \/>\n\t<meta name=\"twitter:data1\" content=\"1 minute\" \/>\n<script type=\"application\/ld+json\" class=\"yoast-schema-graph\">{\"@context\":\"https:\/\/schema.org\",\"@graph\":[{\"@type\":\"WebPage\",\"@id\":\"https:\/\/schroevendump.nl\/fr\/produit\/starlock-bim-multitool-lame-de-scie-30x50-mm-metal-et-bois-00005\/\",\"url\":\"https:\/\/schroevendump.nl\/fr\/produit\/starlock-bim-multitool-lame-de-scie-30x50-mm-metal-et-bois-00005\/\",\"name\":\"Starlock BIM Multitool Lame de scie 30\u00d750 mm - M\u00e9tal et bois (00005) - Schroevendump\",\"isPartOf\":{\"@id\":\"https:\/\/schroevendump.nl\/fr\/#website\"},\"primaryImageOfPage\":{\"@id\":\"https:\/\/schroevendump.nl\/fr\/produit\/starlock-bim-multitool-lame-de-scie-30x50-mm-metal-et-bois-00005\/#primaryimage\"},\"image\":{\"@id\":\"https:\/\/schroevendump.nl\/fr\/produit\/starlock-bim-multitool-lame-de-scie-30x50-mm-metal-et-bois-00005\/#primaryimage\"},\"thumbnailUrl\":\"https:\/\/schroevendump.nl\/wp-content\/uploads\/2025\/10\/Schroevendump-multi-metaal--scaled-e1760380026453.png\",\"datePublished\":\"2025-10-04T13:18:27+00:00\",\"dateModified\":\"2025-12-10T11:54:54+00:00\",\"breadcrumb\":{\"@id\":\"https:\/\/schroevendump.nl\/fr\/produit\/starlock-bim-multitool-lame-de-scie-30x50-mm-metal-et-bois-00005\/#breadcrumb\"},\"inLanguage\":\"fr-FR\",\"potentialAction\":[{\"@type\":\"ReadAction\",\"target\":[\"https:\/\/schroevendump.nl\/fr\/produit\/starlock-bim-multitool-lame-de-scie-30x50-mm-metal-et-bois-00005\/\"]}]},{\"@type\":\"ImageObject\",\"inLanguage\":\"fr-FR\",\"@id\":\"https:\/\/schroevendump.nl\/fr\/produit\/starlock-bim-multitool-lame-de-scie-30x50-mm-metal-et-bois-00005\/#primaryimage\",\"url\":\"https:\/\/schroevendump.nl\/wp-content\/uploads\/2025\/10\/Schroevendump-multi-metaal--scaled-e1760380026453.png\",\"contentUrl\":\"https:\/\/schroevendump.nl\/wp-content\/uploads\/2025\/10\/Schroevendump-multi-metaal--scaled-e1760380026453.png\",\"width\":2014,\"height\":2172},{\"@type\":\"BreadcrumbList\",\"@id\":\"https:\/\/schroevendump.nl\/fr\/produit\/starlock-bim-multitool-lame-de-scie-30x50-mm-metal-et-bois-00005\/#breadcrumb\",\"itemListElement\":[{\"@type\":\"ListItem\",\"position\":1,\"name\":\"Accueil\",\"item\":\"https:\/\/schroevendump.nl\/fr\/\"},{\"@type\":\"ListItem\",\"position\":2,\"name\":\"Boutique\",\"item\":\"https:\/\/schroevendump.nl\/fr\/boutique\/\"},{\"@type\":\"ListItem\",\"position\":3,\"name\":\"Starlock BIM Multitool Lame de scie 30\u00d750 mm &#8211; M\u00e9tal et bois (00005)\"}]},{\"@type\":\"WebSite\",\"@id\":\"https:\/\/schroevendump.nl\/fr\/#website\",\"url\":\"https:\/\/schroevendump.nl\/fr\/\",\"name\":\"Schroevendump\",\"description\":\"\",\"potentialAction\":[{\"@type\":\"SearchAction\",\"target\":{\"@type\":\"EntryPoint\",\"urlTemplate\":\"https:\/\/schroevendump.nl\/fr\/?s={search_term_string}\"},\"query-input\":{\"@type\":\"PropertyValueSpecification\",\"valueRequired\":true,\"valueName\":\"search_term_string\"}}],\"inLanguage\":\"fr-FR\"}]}<\/script>\n<!-- \/ Yoast SEO plugin. -->","yoast_head_json":{"title":"Starlock BIM Multitool Lame de scie 30\u00d750 mm - M\u00e9tal et bois (00005) - Schroevendump","robots":{"index":"index","follow":"follow","max-snippet":"max-snippet:-1","max-image-preview":"max-image-preview:large","max-video-preview":"max-video-preview:-1"},"canonical":"https:\/\/schroevendump.nl\/fr\/produit\/starlock-bim-multitool-lame-de-scie-30x50-mm-metal-et-bois-00005\/","og_locale":"fr_FR","og_type":"article","og_title":"Starlock BIM Multitool Lame de scie 30\u00d750 mm - M\u00e9tal et bois (00005) - Schroevendump","og_description":"Lame de scie BIM &#8211; solide et durable pour un usage intensif Pour le m\u00e9tal et le bois &#8211; coupe sans effort le m\u00e9tal tendre, l&#8217;aluminium et les types de bois Dimensions : 30\u00d750 mm, convient \u00e0 tous les outils multifonctions Starlock Mat\u00e9riau : Bi-m\u00e9tal (BIM) &#8211; r\u00e9sistant \u00e0 la chaleur, robuste et de longue [&hellip;]","og_url":"https:\/\/schroevendump.nl\/fr\/produit\/starlock-bim-multitool-lame-de-scie-30x50-mm-metal-et-bois-00005\/","og_site_name":"Schroevendump","article_modified_time":"2025-12-10T11:54:54+00:00","og_image":[{"width":2014,"height":2172,"url":"https:\/\/schroevendump.nl\/wp-content\/uploads\/2025\/10\/Schroevendump-multi-metaal--scaled-e1760380026453.png","type":"image\/png"}],"twitter_card":"summary_large_image","twitter_misc":{"Dur\u00e9e de lecture estim\u00e9e":"1 minute"},"schema":{"@context":"https:\/\/schema.org","@graph":[{"@type":"WebPage","@id":"https:\/\/schroevendump.nl\/fr\/produit\/starlock-bim-multitool-lame-de-scie-30x50-mm-metal-et-bois-00005\/","url":"https:\/\/schroevendump.nl\/fr\/produit\/starlock-bim-multitool-lame-de-scie-30x50-mm-metal-et-bois-00005\/","name":"Starlock BIM Multitool Lame de scie 30\u00d750 mm - M\u00e9tal et bois (00005) - Schroevendump","isPartOf":{"@id":"https:\/\/schroevendump.nl\/fr\/#website"},"primaryImageOfPage":{"@id":"https:\/\/schroevendump.nl\/fr\/produit\/starlock-bim-multitool-lame-de-scie-30x50-mm-metal-et-bois-00005\/#primaryimage"},"image":{"@id":"https:\/\/schroevendump.nl\/fr\/produit\/starlock-bim-multitool-lame-de-scie-30x50-mm-metal-et-bois-00005\/#primaryimage"},"thumbnailUrl":"https:\/\/schroevendump.nl\/wp-content\/uploads\/2025\/10\/Schroevendump-multi-metaal--scaled-e1760380026453.png","datePublished":"2025-10-04T13:18:27+00:00","dateModified":"2025-12-10T11:54:54+00:00","breadcrumb":{"@id":"https:\/\/schroevendump.nl\/fr\/produit\/starlock-bim-multitool-lame-de-scie-30x50-mm-metal-et-bois-00005\/#breadcrumb"},"inLanguage":"fr-FR","potentialAction":[{"@type":"ReadAction","target":["https:\/\/schroevendump.nl\/fr\/produit\/starlock-bim-multitool-lame-de-scie-30x50-mm-metal-et-bois-00005\/"]}]},{"@type":"ImageObject","inLanguage":"fr-FR","@id":"https:\/\/schroevendump.nl\/fr\/produit\/starlock-bim-multitool-lame-de-scie-30x50-mm-metal-et-bois-00005\/#primaryimage","url":"https:\/\/schroevendump.nl\/wp-content\/uploads\/2025\/10\/Schroevendump-multi-metaal--scaled-e1760380026453.png","contentUrl":"https:\/\/schroevendump.nl\/wp-content\/uploads\/2025\/10\/Schroevendump-multi-metaal--scaled-e1760380026453.png","width":2014,"height":2172},{"@type":"BreadcrumbList","@id":"https:\/\/schroevendump.nl\/fr\/produit\/starlock-bim-multitool-lame-de-scie-30x50-mm-metal-et-bois-00005\/#breadcrumb","itemListElement":[{"@type":"ListItem","position":1,"name":"Accueil","item":"https:\/\/schroevendump.nl\/fr\/"},{"@type":"ListItem","position":2,"name":"Boutique","item":"https:\/\/schroevendump.nl\/fr\/boutique\/"},{"@type":"ListItem","position":3,"name":"Starlock BIM Multitool Lame de scie 30\u00d750 mm &#8211; M\u00e9tal et bois (00005)"}]},{"@type":"WebSite","@id":"https:\/\/schroevendump.nl\/fr\/#website","url":"https:\/\/schroevendump.nl\/fr\/","name":"Schroevendump","description":"","potentialAction":[{"@type":"SearchAction","target":{"@type":"EntryPoint","urlTemplate":"https:\/\/schroevendump.nl\/fr\/?s={search_term_string}"},"query-input":{"@type":"PropertyValueSpecification","valueRequired":true,"valueName":"search_term_string"}}],"inLanguage":"fr-FR"}]}},"_links":{"self":[{"href":"https:\/\/schroevendump.nl\/fr\/wp-json\/wp\/v2\/product\/28457","targetHints":{"allow":["GET"]}}],"collection":[{"href":"https:\/\/schroevendump.nl\/fr\/wp-json\/wp\/v2\/product"}],"about":[{"href":"https:\/\/schroevendump.nl\/fr\/wp-json\/wp\/v2\/types\/product"}],"replies":[{"embeddable":true,"href":"https:\/\/schroevendump.nl\/fr\/wp-json\/wp\/v2\/comments?post=28457"}],"wp:featuredmedia":[{"embeddable":true,"href":"https:\/\/schroevendump.nl\/fr\/wp-json\/wp\/v2\/media\/28461"}],"wp:attachment":[{"href":"https:\/\/schroevendump.nl\/fr\/wp-json\/wp\/v2\/media?parent=28457"}],"wp:term":[{"taxonomy":"product_brand","embeddable":true,"href":"https:\/\/schroevendump.nl\/fr\/wp-json\/wp\/v2\/product_brand?post=28457"},{"taxonomy":"product_cat","embeddable":true,"href":"https:\/\/schroevendump.nl\/fr\/wp-json\/wp\/v2\/product_cat?post=28457"},{"taxonomy":"product_tag","embeddable":true,"href":"https:\/\/schroevendump.nl\/fr\/wp-json\/wp\/v2\/product_tag?post=28457"}],"curies":[{"name":"wp","href":"https:\/\/api.w.org\/{rel}","templated":true}]}}