{"id":28466,"date":"2025-10-04T12:56:49","date_gmt":"2025-10-04T12:56:49","guid":{"rendered":"https:\/\/schroevendump.nl\/product\/starlock-hcs-multitool-lame-de-scie-standard-65x50-mm-bois-00002\/"},"modified":"2025-12-10T12:03:42","modified_gmt":"2025-12-10T12:03:42","slug":"starlock-hcs-multitool-lame-de-scie-standard-65x50-mm-bois-00002","status":"publish","type":"product","link":"https:\/\/schroevendump.nl\/fr\/produit\/starlock-hcs-multitool-lame-de-scie-standard-65x50-mm-bois-00002\/","title":{"rendered":"Starlock HCS Multitool Lame de scie standard 65\u00d750 mm &#8211; Bois (00002)"},"content":{"rendered":"<ul data-start=\"310\" data-end=\"806\">\n<li data-start=\"310\" data-end=\"414\">\n<p data-start=\"312\" data-end=\"414\">Lame de scie <strong data-start=\"312\" data-end=\"349\">standard HCS (High Carbon Steel<\/strong> ) : \u00e9conomique et adapt\u00e9e aux bois tendres \u00e0 moyennement durs.<\/p>\n<\/li>\n<li data-start=\"415\" data-end=\"490\">\n<p data-start=\"417\" data-end=\"490\"><strong data-start=\"417\" data-end=\"432\">Dimensions :<\/strong> 35\u00d750 mm, convient \u00e0 tous les <strong data-start=\"462\" data-end=\"488\">outils multifonctions Starlock SL<\/strong><\/p>\n<\/li>\n<li data-start=\"491\" data-end=\"566\">\n<p data-start=\"493\" data-end=\"566\"><strong data-start=\"493\" data-end=\"507\">Mat\u00e9riau :<\/strong> acier au carbone &#8211; flexible, tranchant et facile \u00e0 aiguiser<\/p>\n<\/li>\n<li data-start=\"567\" data-end=\"638\">\n<p data-start=\"569\" data-end=\"638\"><strong data-start=\"569\" data-end=\"584\">Application :<\/strong> bois, MDF, agglom\u00e9r\u00e9, stratifi\u00e9 et plastique souple<\/p>\n<\/li>\n<li data-start=\"639\" data-end=\"725\">\n<p data-start=\"641\" data-end=\"725\"><strong data-start=\"641\" data-end=\"669\">Connexion Starlock :<\/strong> changement rapide sans outil et connexion stable<\/p>\n<\/li>\n<li data-start=\"726\" data-end=\"806\">\n<p data-start=\"728\" data-end=\"806\"><strong data-start=\"728\" data-end=\"757\">Pour la pr\u00e9cision et le contr\u00f4le :<\/strong> id\u00e9al pour les petits et moyens travaux de coupe<\/p>\n<\/li>\n<\/ul>\n<hr data-start=\"808\" data-end=\"811\">\n<h3 data-start=\"813\" data-end=\"843\"><strong data-start=\"820\" data-end=\"841\">\ud83d\udd28 Petits conseils d&#8217;utilisation<\/strong><\/h3>\n<ul data-start=\"844\" data-end=\"1035\">\n<li data-start=\"844\" data-end=\"904\">\n<p data-start=\"846\" data-end=\"904\">Laissez la machine faire le travail, n&#8217;appliquez pas de pression suppl\u00e9mentaire.<\/p>\n<\/li>\n<li data-start=\"905\" data-end=\"966\">\n<p data-start=\"907\" data-end=\"966\">Sciez lentement le bois fin ou le MDF pour obtenir des r\u00e9sultats lisses.<\/p>\n<\/li>\n<li data-start=\"967\" data-end=\"1035\">\n<p data-start=\"969\" data-end=\"1035\">Parfait pour les cadres de fen\u00eatres, les plinthes, le stratifi\u00e9 et d&#8217;autres projets en bois.<\/p>\n<\/li>\n<\/ul>\n","protected":false},"excerpt":{"rendered":"<p>Lame de scie standard HCS (High Carbon Steel ) : \u00e9conomique et adapt\u00e9e aux bois tendres \u00e0 moyennement durs. Dimensions : 35\u00d750 mm, convient \u00e0 tous les outils multifonctions Starlock SL Mat\u00e9riau : acier au carbone &#8211; flexible, tranchant et facile \u00e0 aiguiser Application : bois, MDF, agglom\u00e9r\u00e9, stratifi\u00e9 et plastique souple Connexion Starlock : [&hellip;]<\/p>\n","protected":false},"featured_media":24745,"comment_status":"closed","ping_status":"closed","template":"","meta":[],"product_brand":[],"product_cat":[807],"product_tag":[],"class_list":{"0":"post-28466","1":"product","2":"type-product","3":"status-publish","4":"has-post-thumbnail","6":"product_cat-lames-de-scie-pour-outils-multiples","8":"first","9":"instock","10":"taxable","11":"shipping-taxable","12":"purchasable","13":"product-type-simple"},"supplier_id":null,"supplier_sku":"","barcode":null,"atum_controlled":true,"out_stock_date":null,"out_stock_threshold":null,"inheritable":false,"inbound_stock":0,"stock_on_hold":0,"sold_today":0,"sales_last_days":0,"reserved_stock":0,"customer_returns":0,"warehouse_damage":0,"lost_in_post":0,"other_logs":0,"out_stock_days":0,"lost_sales":0,"has_location":false,"update_date":"2026-04-15T01:02:09","atum_locations":[],"atum_stock_status":"instock","restock_status":false,"low_stock_amount":"","sales_update_date":"2026-04-15T01:02:09","calc_backorders":null,"acf":[],"yoast_head":"<!-- This site is optimized with the Yoast SEO plugin v26.6 - https:\/\/yoast.com\/wordpress\/plugins\/seo\/ -->\n<title>Starlock HCS Multitool Lame de scie standard 65\u00d750 mm - Bois (00002) - Schroevendump<\/title>\n<meta name=\"robots\" content=\"index, follow, max-snippet:-1, max-image-preview:large, max-video-preview:-1\" \/>\n<link rel=\"canonical\" href=\"https:\/\/schroevendump.nl\/fr\/produit\/starlock-hcs-multitool-lame-de-scie-standard-65x50-mm-bois-00002\/\" \/>\n<meta property=\"og:locale\" content=\"fr_FR\" \/>\n<meta property=\"og:type\" content=\"article\" \/>\n<meta property=\"og:title\" content=\"Starlock HCS Multitool Lame de scie standard 65\u00d750 mm - Bois (00002) - Schroevendump\" \/>\n<meta property=\"og:description\" content=\"Lame de scie standard HCS (High Carbon Steel ) : \u00e9conomique et adapt\u00e9e aux bois tendres \u00e0 moyennement durs. Dimensions : 35\u00d750 mm, convient \u00e0 tous les outils multifonctions Starlock SL Mat\u00e9riau : acier au carbone &#8211; flexible, tranchant et facile \u00e0 aiguiser Application : bois, MDF, agglom\u00e9r\u00e9, stratifi\u00e9 et plastique souple Connexion Starlock : [&hellip;]\" \/>\n<meta property=\"og:url\" content=\"https:\/\/schroevendump.nl\/fr\/produit\/starlock-hcs-multitool-lame-de-scie-standard-65x50-mm-bois-00002\/\" \/>\n<meta property=\"og:site_name\" content=\"Schroevendump\" \/>\n<meta property=\"article:modified_time\" content=\"2025-12-10T12:03:42+00:00\" \/>\n<meta property=\"og:image\" content=\"https:\/\/schroevendump.nl\/wp-content\/uploads\/2025\/10\/Schroevendump-multi-hout-2--scaled.png\" \/>\n\t<meta property=\"og:image:width\" content=\"2560\" \/>\n\t<meta property=\"og:image:height\" content=\"2560\" \/>\n\t<meta property=\"og:image:type\" content=\"image\/png\" \/>\n<meta name=\"twitter:card\" content=\"summary_large_image\" \/>\n<meta name=\"twitter:label1\" content=\"Dur\u00e9e de lecture estim\u00e9e\" \/>\n\t<meta name=\"twitter:data1\" content=\"1 minute\" \/>\n<script type=\"application\/ld+json\" class=\"yoast-schema-graph\">{\"@context\":\"https:\/\/schema.org\",\"@graph\":[{\"@type\":\"WebPage\",\"@id\":\"https:\/\/schroevendump.nl\/fr\/produit\/starlock-hcs-multitool-lame-de-scie-standard-65x50-mm-bois-00002\/\",\"url\":\"https:\/\/schroevendump.nl\/fr\/produit\/starlock-hcs-multitool-lame-de-scie-standard-65x50-mm-bois-00002\/\",\"name\":\"Starlock HCS Multitool Lame de scie standard 65\u00d750 mm - Bois (00002) - Schroevendump\",\"isPartOf\":{\"@id\":\"https:\/\/schroevendump.nl\/fr\/#website\"},\"primaryImageOfPage\":{\"@id\":\"https:\/\/schroevendump.nl\/fr\/produit\/starlock-hcs-multitool-lame-de-scie-standard-65x50-mm-bois-00002\/#primaryimage\"},\"image\":{\"@id\":\"https:\/\/schroevendump.nl\/fr\/produit\/starlock-hcs-multitool-lame-de-scie-standard-65x50-mm-bois-00002\/#primaryimage\"},\"thumbnailUrl\":\"https:\/\/schroevendump.nl\/wp-content\/uploads\/2025\/10\/Schroevendump-multi-hout-2--scaled.png\",\"datePublished\":\"2025-10-04T12:56:49+00:00\",\"dateModified\":\"2025-12-10T12:03:42+00:00\",\"breadcrumb\":{\"@id\":\"https:\/\/schroevendump.nl\/fr\/produit\/starlock-hcs-multitool-lame-de-scie-standard-65x50-mm-bois-00002\/#breadcrumb\"},\"inLanguage\":\"fr-FR\",\"potentialAction\":[{\"@type\":\"ReadAction\",\"target\":[\"https:\/\/schroevendump.nl\/fr\/produit\/starlock-hcs-multitool-lame-de-scie-standard-65x50-mm-bois-00002\/\"]}]},{\"@type\":\"ImageObject\",\"inLanguage\":\"fr-FR\",\"@id\":\"https:\/\/schroevendump.nl\/fr\/produit\/starlock-hcs-multitool-lame-de-scie-standard-65x50-mm-bois-00002\/#primaryimage\",\"url\":\"https:\/\/schroevendump.nl\/wp-content\/uploads\/2025\/10\/Schroevendump-multi-hout-2--scaled.png\",\"contentUrl\":\"https:\/\/schroevendump.nl\/wp-content\/uploads\/2025\/10\/Schroevendump-multi-hout-2--scaled.png\",\"width\":2560,\"height\":2560},{\"@type\":\"BreadcrumbList\",\"@id\":\"https:\/\/schroevendump.nl\/fr\/produit\/starlock-hcs-multitool-lame-de-scie-standard-65x50-mm-bois-00002\/#breadcrumb\",\"itemListElement\":[{\"@type\":\"ListItem\",\"position\":1,\"name\":\"Accueil\",\"item\":\"https:\/\/schroevendump.nl\/fr\/\"},{\"@type\":\"ListItem\",\"position\":2,\"name\":\"Boutique\",\"item\":\"https:\/\/schroevendump.nl\/fr\/boutique\/\"},{\"@type\":\"ListItem\",\"position\":3,\"name\":\"Starlock HCS Multitool Lame de scie standard 65\u00d750 mm &#8211; Bois (00002)\"}]},{\"@type\":\"WebSite\",\"@id\":\"https:\/\/schroevendump.nl\/fr\/#website\",\"url\":\"https:\/\/schroevendump.nl\/fr\/\",\"name\":\"Schroevendump\",\"description\":\"\",\"potentialAction\":[{\"@type\":\"SearchAction\",\"target\":{\"@type\":\"EntryPoint\",\"urlTemplate\":\"https:\/\/schroevendump.nl\/fr\/?s={search_term_string}\"},\"query-input\":{\"@type\":\"PropertyValueSpecification\",\"valueRequired\":true,\"valueName\":\"search_term_string\"}}],\"inLanguage\":\"fr-FR\"}]}<\/script>\n<!-- \/ Yoast SEO plugin. -->","yoast_head_json":{"title":"Starlock HCS Multitool Lame de scie standard 65\u00d750 mm - Bois (00002) - Schroevendump","robots":{"index":"index","follow":"follow","max-snippet":"max-snippet:-1","max-image-preview":"max-image-preview:large","max-video-preview":"max-video-preview:-1"},"canonical":"https:\/\/schroevendump.nl\/fr\/produit\/starlock-hcs-multitool-lame-de-scie-standard-65x50-mm-bois-00002\/","og_locale":"fr_FR","og_type":"article","og_title":"Starlock HCS Multitool Lame de scie standard 65\u00d750 mm - Bois (00002) - Schroevendump","og_description":"Lame de scie standard HCS (High Carbon Steel ) : \u00e9conomique et adapt\u00e9e aux bois tendres \u00e0 moyennement durs. Dimensions : 35\u00d750 mm, convient \u00e0 tous les outils multifonctions Starlock SL Mat\u00e9riau : acier au carbone &#8211; flexible, tranchant et facile \u00e0 aiguiser Application : bois, MDF, agglom\u00e9r\u00e9, stratifi\u00e9 et plastique souple Connexion Starlock : [&hellip;]","og_url":"https:\/\/schroevendump.nl\/fr\/produit\/starlock-hcs-multitool-lame-de-scie-standard-65x50-mm-bois-00002\/","og_site_name":"Schroevendump","article_modified_time":"2025-12-10T12:03:42+00:00","og_image":[{"width":2560,"height":2560,"url":"https:\/\/schroevendump.nl\/wp-content\/uploads\/2025\/10\/Schroevendump-multi-hout-2--scaled.png","type":"image\/png"}],"twitter_card":"summary_large_image","twitter_misc":{"Dur\u00e9e de lecture estim\u00e9e":"1 minute"},"schema":{"@context":"https:\/\/schema.org","@graph":[{"@type":"WebPage","@id":"https:\/\/schroevendump.nl\/fr\/produit\/starlock-hcs-multitool-lame-de-scie-standard-65x50-mm-bois-00002\/","url":"https:\/\/schroevendump.nl\/fr\/produit\/starlock-hcs-multitool-lame-de-scie-standard-65x50-mm-bois-00002\/","name":"Starlock HCS Multitool Lame de scie standard 65\u00d750 mm - Bois (00002) - Schroevendump","isPartOf":{"@id":"https:\/\/schroevendump.nl\/fr\/#website"},"primaryImageOfPage":{"@id":"https:\/\/schroevendump.nl\/fr\/produit\/starlock-hcs-multitool-lame-de-scie-standard-65x50-mm-bois-00002\/#primaryimage"},"image":{"@id":"https:\/\/schroevendump.nl\/fr\/produit\/starlock-hcs-multitool-lame-de-scie-standard-65x50-mm-bois-00002\/#primaryimage"},"thumbnailUrl":"https:\/\/schroevendump.nl\/wp-content\/uploads\/2025\/10\/Schroevendump-multi-hout-2--scaled.png","datePublished":"2025-10-04T12:56:49+00:00","dateModified":"2025-12-10T12:03:42+00:00","breadcrumb":{"@id":"https:\/\/schroevendump.nl\/fr\/produit\/starlock-hcs-multitool-lame-de-scie-standard-65x50-mm-bois-00002\/#breadcrumb"},"inLanguage":"fr-FR","potentialAction":[{"@type":"ReadAction","target":["https:\/\/schroevendump.nl\/fr\/produit\/starlock-hcs-multitool-lame-de-scie-standard-65x50-mm-bois-00002\/"]}]},{"@type":"ImageObject","inLanguage":"fr-FR","@id":"https:\/\/schroevendump.nl\/fr\/produit\/starlock-hcs-multitool-lame-de-scie-standard-65x50-mm-bois-00002\/#primaryimage","url":"https:\/\/schroevendump.nl\/wp-content\/uploads\/2025\/10\/Schroevendump-multi-hout-2--scaled.png","contentUrl":"https:\/\/schroevendump.nl\/wp-content\/uploads\/2025\/10\/Schroevendump-multi-hout-2--scaled.png","width":2560,"height":2560},{"@type":"BreadcrumbList","@id":"https:\/\/schroevendump.nl\/fr\/produit\/starlock-hcs-multitool-lame-de-scie-standard-65x50-mm-bois-00002\/#breadcrumb","itemListElement":[{"@type":"ListItem","position":1,"name":"Accueil","item":"https:\/\/schroevendump.nl\/fr\/"},{"@type":"ListItem","position":2,"name":"Boutique","item":"https:\/\/schroevendump.nl\/fr\/boutique\/"},{"@type":"ListItem","position":3,"name":"Starlock HCS Multitool Lame de scie standard 65\u00d750 mm &#8211; Bois (00002)"}]},{"@type":"WebSite","@id":"https:\/\/schroevendump.nl\/fr\/#website","url":"https:\/\/schroevendump.nl\/fr\/","name":"Schroevendump","description":"","potentialAction":[{"@type":"SearchAction","target":{"@type":"EntryPoint","urlTemplate":"https:\/\/schroevendump.nl\/fr\/?s={search_term_string}"},"query-input":{"@type":"PropertyValueSpecification","valueRequired":true,"valueName":"search_term_string"}}],"inLanguage":"fr-FR"}]}},"_links":{"self":[{"href":"https:\/\/schroevendump.nl\/fr\/wp-json\/wp\/v2\/product\/28466","targetHints":{"allow":["GET"]}}],"collection":[{"href":"https:\/\/schroevendump.nl\/fr\/wp-json\/wp\/v2\/product"}],"about":[{"href":"https:\/\/schroevendump.nl\/fr\/wp-json\/wp\/v2\/types\/product"}],"replies":[{"embeddable":true,"href":"https:\/\/schroevendump.nl\/fr\/wp-json\/wp\/v2\/comments?post=28466"}],"wp:featuredmedia":[{"embeddable":true,"href":"https:\/\/schroevendump.nl\/fr\/wp-json\/wp\/v2\/media\/24745"}],"wp:attachment":[{"href":"https:\/\/schroevendump.nl\/fr\/wp-json\/wp\/v2\/media?parent=28466"}],"wp:term":[{"taxonomy":"product_brand","embeddable":true,"href":"https:\/\/schroevendump.nl\/fr\/wp-json\/wp\/v2\/product_brand?post=28466"},{"taxonomy":"product_cat","embeddable":true,"href":"https:\/\/schroevendump.nl\/fr\/wp-json\/wp\/v2\/product_cat?post=28466"},{"taxonomy":"product_tag","embeddable":true,"href":"https:\/\/schroevendump.nl\/fr\/wp-json\/wp\/v2\/product_tag?post=28466"}],"curies":[{"name":"wp","href":"https:\/\/api.w.org\/{rel}","templated":true}]}}