{"id":28527,"date":"2025-10-04T12:17:27","date_gmt":"2025-10-04T12:17:27","guid":{"rendered":"https:\/\/schroevendump.nl\/product\/starlock-multitool-saw-blade-65x50-mm-scie-de-precision-pour-bois-plastique-et-panneaux-denture-japonaise-10002\/"},"modified":"2025-12-10T11:54:41","modified_gmt":"2025-12-10T11:54:41","slug":"starlock-multitool-saw-blade-65x50-mm-scie-de-precision-pour-bois-plastique-et-panneaux-denture-japonaise-10002","status":"publish","type":"product","link":"https:\/\/schroevendump.nl\/fr\/produit\/starlock-multitool-saw-blade-65x50-mm-scie-de-precision-pour-bois-plastique-et-panneaux-denture-japonaise-10002\/","title":{"rendered":"Starlock Multitool Saw Blade 65\u00d750 mm &#8211; Scie de pr\u00e9cision pour bois, plastique et panneaux denture japonaise (10002)"},"content":{"rendered":"<p data-start=\"216\" data-end=\"295\"><strong data-start=\"216\" data-end=\"293\">Lame de scie multi-usages Starlock 65\u00d750 mm &#8211; Bois et plastique (Bi-m\u00e9tal \/ HCS)<\/strong><\/p>\n<h3 data-start=\"297\" data-end=\"336\">\ud83d\udd27 Puissant, pr\u00e9cis et polyvalent<\/h3>\n<p data-start=\"337\" data-end=\"635\">Con\u00e7ue pour des performances de coupe maximales dans le bois et le plastique, cette lame de scie Starlock permet des coupes nettes et pr\u00e9cises avec un minimum d&#8217;\u00e9clats. Gr\u00e2ce \u00e0 la connexion Starlock, vous pouvez changer rapidement la lame &#8211; sans outils suppl\u00e9mentaires &#8211; et b\u00e9n\u00e9ficier d&#8217;une connexion stable et \u00e0 faible vibration. <\/p>\n<h3 data-start=\"637\" data-end=\"659\">\ud83d\udcd0 Sp\u00e9cifications<\/h3>\n<ul data-start=\"660\" data-end=\"952\">\n<li data-start=\"660\" data-end=\"704\">\n<p data-start=\"662\" data-end=\"704\">Dimensions :<strong data-start=\"674\" data-end=\"702\">65 mm de large \u00d7 50 mm de long<\/strong><\/p>\n<\/li>\n<li data-start=\"705\" data-end=\"786\">\n<p data-start=\"707\" data-end=\"786\">Mat\u00e9riau : <strong data-start=\"718\" data-end=\"737\">Bi-m\u00e9tal \/ HCS<\/strong> pour une durabilit\u00e9 et une performance de coupe efficace<\/p>\n<\/li>\n<li data-start=\"787\" data-end=\"889\">\n<p data-start=\"789\" data-end=\"889\">Connexion : <strong data-start=\"802\" data-end=\"814\">Starlock<\/strong> &#8211; convient \u00e0 tous les outils multiples dot\u00e9s d&#8217;un raccord Starlock (tels que Bosch, Fein)<\/p>\n<\/li>\n<li data-start=\"890\" data-end=\"952\">\n<p data-start=\"892\" data-end=\"952\">Applications : pour le bois, le plastique et les mat\u00e9riaux en feuilles<\/p>\n<\/li>\n<\/ul>\n<div class=\"_tableContainer_1rjym_1\">\n<div class=\"group _tableWrapper_1rjym_13 flex w-fit flex-col-reverse\" tabindex=\"-1\"><\/div>\n<\/div>\n<h3 data-start=\"1349\" data-end=\"1386\">\ud83d\udee0\ufe0f Applications et conseils d&#8217;utilisation<\/h3>\n<ul data-start=\"1388\" data-end=\"1710\">\n<li data-start=\"1388\" data-end=\"1465\">\n<p data-start=\"1390\" data-end=\"1465\">Sciez les chevilles, les lattes, les profil\u00e9s ou les t\u00f4les sans fendre les bords.<\/p>\n<\/li>\n<li data-start=\"1466\" data-end=\"1515\">\n<p data-start=\"1468\" data-end=\"1515\">D\u00e9coupez proprement dans des panneaux en plastique ou en stratifi\u00e9<\/p>\n<\/li>\n<li data-start=\"1516\" data-end=\"1568\">\n<p data-start=\"1518\" data-end=\"1568\">Laissez la machine faire le travail &#8211; ne poussez pas trop fort<\/p>\n<\/li>\n<li data-start=\"1569\" data-end=\"1639\">\n<p data-start=\"1571\" data-end=\"1639\">Travaillez de pr\u00e9f\u00e9rence \u00e0 pleine vitesse pour une coupe rapide et nette.<\/p>\n<\/li>\n<li data-start=\"1640\" data-end=\"1710\">\n<p data-start=\"1642\" data-end=\"1710\">Pour le plastique, utilisez une vitesse de coupe mod\u00e9r\u00e9e pour \u00e9viter de le faire fondre.<\/p>\n<\/li>\n<\/ul>\n<h3 data-start=\"1712\" data-end=\"1752\">\u2705 Pourquoi choisir cette lame de scie ?<\/h3>\n<ul data-start=\"1754\" data-end=\"2002\">\n<li data-start=\"1754\" data-end=\"1831\">\n<p data-start=\"1756\" data-end=\"1831\">Parfaitement adapt\u00e9 aux machines Starlock, pour un transfert de puissance optimal<\/p>\n<\/li>\n<li data-start=\"1832\" data-end=\"1895\">\n<p data-start=\"1834\" data-end=\"1895\">Plus durable que les lames standard gr\u00e2ce \u00e0 la construction bi-m\u00e9tallique<\/p>\n<\/li>\n<li data-start=\"1896\" data-end=\"1937\">\n<p data-start=\"1898\" data-end=\"1937\">Coupes pr\u00e9cises, m\u00eame pour les travaux fins<\/p>\n<\/li>\n<li data-start=\"1938\" data-end=\"2002\">\n<p data-start=\"1940\" data-end=\"2002\">Facilement interchangeables, ils vous permettent de continuer \u00e0 travailler rapidement.<\/p>\n<\/li>\n<\/ul>\n","protected":false},"excerpt":{"rendered":"<p>Lame de scie multi-usages Starlock 65\u00d750 mm &#8211; Bois et plastique (Bi-m\u00e9tal \/ HCS) \ud83d\udd27 Puissant, pr\u00e9cis et polyvalent Con\u00e7ue pour des performances de coupe maximales dans le bois et le plastique, cette lame de scie Starlock permet des coupes nettes et pr\u00e9cises avec un minimum d&#8217;\u00e9clats. Gr\u00e2ce \u00e0 la connexion Starlock, vous pouvez changer [&hellip;]<\/p>\n","protected":false},"featured_media":24719,"comment_status":"closed","ping_status":"closed","template":"","meta":[],"product_brand":[],"product_cat":[807],"product_tag":[],"class_list":{"0":"post-28527","1":"product","2":"type-product","3":"status-publish","4":"has-post-thumbnail","6":"product_cat-lames-de-scie-pour-outils-multiples","8":"first","9":"instock","10":"taxable","11":"shipping-taxable","12":"purchasable","13":"product-type-simple"},"supplier_id":null,"supplier_sku":"","barcode":null,"atum_controlled":true,"out_stock_date":null,"out_stock_threshold":null,"inheritable":false,"inbound_stock":0,"stock_on_hold":0,"sold_today":0,"sales_last_days":0,"reserved_stock":0,"customer_returns":0,"warehouse_damage":0,"lost_in_post":0,"other_logs":0,"out_stock_days":0,"lost_sales":0,"has_location":false,"update_date":"2026-04-15T01:02:09","atum_locations":[],"atum_stock_status":"instock","restock_status":false,"low_stock_amount":"","sales_update_date":"2026-04-15T01:02:09","calc_backorders":null,"acf":[],"yoast_head":"<!-- This site is optimized with the Yoast SEO plugin v26.6 - https:\/\/yoast.com\/wordpress\/plugins\/seo\/ -->\n<title>Starlock Multitool Saw Blade 65\u00d750 mm - Scie de pr\u00e9cision pour bois, plastique et panneaux denture japonaise (10002) - Schroevendump<\/title>\n<meta name=\"robots\" content=\"index, follow, max-snippet:-1, max-image-preview:large, max-video-preview:-1\" \/>\n<link rel=\"canonical\" href=\"https:\/\/schroevendump.nl\/fr\/produit\/starlock-multitool-saw-blade-65x50-mm-scie-de-precision-pour-bois-plastique-et-panneaux-denture-japonaise-10002\/\" \/>\n<meta property=\"og:locale\" content=\"fr_FR\" \/>\n<meta property=\"og:type\" content=\"article\" \/>\n<meta property=\"og:title\" content=\"Starlock Multitool Saw Blade 65\u00d750 mm - Scie de pr\u00e9cision pour bois, plastique et panneaux denture japonaise (10002) - Schroevendump\" \/>\n<meta property=\"og:description\" content=\"Lame de scie multi-usages Starlock 65\u00d750 mm &#8211; Bois et plastique (Bi-m\u00e9tal \/ HCS) \ud83d\udd27 Puissant, pr\u00e9cis et polyvalent Con\u00e7ue pour des performances de coupe maximales dans le bois et le plastique, cette lame de scie Starlock permet des coupes nettes et pr\u00e9cises avec un minimum d&#8217;\u00e9clats. Gr\u00e2ce \u00e0 la connexion Starlock, vous pouvez changer [&hellip;]\" \/>\n<meta property=\"og:url\" content=\"https:\/\/schroevendump.nl\/fr\/produit\/starlock-multitool-saw-blade-65x50-mm-scie-de-precision-pour-bois-plastique-et-panneaux-denture-japonaise-10002\/\" \/>\n<meta property=\"og:site_name\" content=\"Schroevendump\" \/>\n<meta property=\"article:modified_time\" content=\"2025-12-10T11:54:41+00:00\" \/>\n<meta property=\"og:image\" content=\"https:\/\/schroevendump.nl\/wp-content\/uploads\/2025\/10\/Schroevendump-hcs-wood-plastic-breed--scaled.png\" \/>\n\t<meta property=\"og:image:width\" content=\"2560\" \/>\n\t<meta property=\"og:image:height\" content=\"2560\" \/>\n\t<meta property=\"og:image:type\" content=\"image\/png\" \/>\n<meta name=\"twitter:card\" content=\"summary_large_image\" \/>\n<meta name=\"twitter:label1\" content=\"Dur\u00e9e de lecture estim\u00e9e\" \/>\n\t<meta name=\"twitter:data1\" content=\"1 minute\" \/>\n<script type=\"application\/ld+json\" class=\"yoast-schema-graph\">{\"@context\":\"https:\/\/schema.org\",\"@graph\":[{\"@type\":\"WebPage\",\"@id\":\"https:\/\/schroevendump.nl\/fr\/produit\/starlock-multitool-saw-blade-65x50-mm-scie-de-precision-pour-bois-plastique-et-panneaux-denture-japonaise-10002\/\",\"url\":\"https:\/\/schroevendump.nl\/fr\/produit\/starlock-multitool-saw-blade-65x50-mm-scie-de-precision-pour-bois-plastique-et-panneaux-denture-japonaise-10002\/\",\"name\":\"Starlock Multitool Saw Blade 65\u00d750 mm - Scie de pr\u00e9cision pour bois, plastique et panneaux denture japonaise (10002) - Schroevendump\",\"isPartOf\":{\"@id\":\"https:\/\/schroevendump.nl\/fr\/#website\"},\"primaryImageOfPage\":{\"@id\":\"https:\/\/schroevendump.nl\/fr\/produit\/starlock-multitool-saw-blade-65x50-mm-scie-de-precision-pour-bois-plastique-et-panneaux-denture-japonaise-10002\/#primaryimage\"},\"image\":{\"@id\":\"https:\/\/schroevendump.nl\/fr\/produit\/starlock-multitool-saw-blade-65x50-mm-scie-de-precision-pour-bois-plastique-et-panneaux-denture-japonaise-10002\/#primaryimage\"},\"thumbnailUrl\":\"https:\/\/schroevendump.nl\/wp-content\/uploads\/2025\/10\/Schroevendump-hcs-wood-plastic-breed--scaled.png\",\"datePublished\":\"2025-10-04T12:17:27+00:00\",\"dateModified\":\"2025-12-10T11:54:41+00:00\",\"breadcrumb\":{\"@id\":\"https:\/\/schroevendump.nl\/fr\/produit\/starlock-multitool-saw-blade-65x50-mm-scie-de-precision-pour-bois-plastique-et-panneaux-denture-japonaise-10002\/#breadcrumb\"},\"inLanguage\":\"fr-FR\",\"potentialAction\":[{\"@type\":\"ReadAction\",\"target\":[\"https:\/\/schroevendump.nl\/fr\/produit\/starlock-multitool-saw-blade-65x50-mm-scie-de-precision-pour-bois-plastique-et-panneaux-denture-japonaise-10002\/\"]}]},{\"@type\":\"ImageObject\",\"inLanguage\":\"fr-FR\",\"@id\":\"https:\/\/schroevendump.nl\/fr\/produit\/starlock-multitool-saw-blade-65x50-mm-scie-de-precision-pour-bois-plastique-et-panneaux-denture-japonaise-10002\/#primaryimage\",\"url\":\"https:\/\/schroevendump.nl\/wp-content\/uploads\/2025\/10\/Schroevendump-hcs-wood-plastic-breed--scaled.png\",\"contentUrl\":\"https:\/\/schroevendump.nl\/wp-content\/uploads\/2025\/10\/Schroevendump-hcs-wood-plastic-breed--scaled.png\",\"width\":2560,\"height\":2560},{\"@type\":\"BreadcrumbList\",\"@id\":\"https:\/\/schroevendump.nl\/fr\/produit\/starlock-multitool-saw-blade-65x50-mm-scie-de-precision-pour-bois-plastique-et-panneaux-denture-japonaise-10002\/#breadcrumb\",\"itemListElement\":[{\"@type\":\"ListItem\",\"position\":1,\"name\":\"Accueil\",\"item\":\"https:\/\/schroevendump.nl\/fr\/\"},{\"@type\":\"ListItem\",\"position\":2,\"name\":\"Boutique\",\"item\":\"https:\/\/schroevendump.nl\/fr\/boutique\/\"},{\"@type\":\"ListItem\",\"position\":3,\"name\":\"Starlock Multitool Saw Blade 65\u00d750 mm &#8211; Scie de pr\u00e9cision pour bois, plastique et panneaux denture japonaise (10002)\"}]},{\"@type\":\"WebSite\",\"@id\":\"https:\/\/schroevendump.nl\/fr\/#website\",\"url\":\"https:\/\/schroevendump.nl\/fr\/\",\"name\":\"Schroevendump\",\"description\":\"\",\"potentialAction\":[{\"@type\":\"SearchAction\",\"target\":{\"@type\":\"EntryPoint\",\"urlTemplate\":\"https:\/\/schroevendump.nl\/fr\/?s={search_term_string}\"},\"query-input\":{\"@type\":\"PropertyValueSpecification\",\"valueRequired\":true,\"valueName\":\"search_term_string\"}}],\"inLanguage\":\"fr-FR\"}]}<\/script>\n<!-- \/ Yoast SEO plugin. -->","yoast_head_json":{"title":"Starlock Multitool Saw Blade 65\u00d750 mm - Scie de pr\u00e9cision pour bois, plastique et panneaux denture japonaise (10002) - Schroevendump","robots":{"index":"index","follow":"follow","max-snippet":"max-snippet:-1","max-image-preview":"max-image-preview:large","max-video-preview":"max-video-preview:-1"},"canonical":"https:\/\/schroevendump.nl\/fr\/produit\/starlock-multitool-saw-blade-65x50-mm-scie-de-precision-pour-bois-plastique-et-panneaux-denture-japonaise-10002\/","og_locale":"fr_FR","og_type":"article","og_title":"Starlock Multitool Saw Blade 65\u00d750 mm - Scie de pr\u00e9cision pour bois, plastique et panneaux denture japonaise (10002) - Schroevendump","og_description":"Lame de scie multi-usages Starlock 65\u00d750 mm &#8211; Bois et plastique (Bi-m\u00e9tal \/ HCS) \ud83d\udd27 Puissant, pr\u00e9cis et polyvalent Con\u00e7ue pour des performances de coupe maximales dans le bois et le plastique, cette lame de scie Starlock permet des coupes nettes et pr\u00e9cises avec un minimum d&#8217;\u00e9clats. Gr\u00e2ce \u00e0 la connexion Starlock, vous pouvez changer [&hellip;]","og_url":"https:\/\/schroevendump.nl\/fr\/produit\/starlock-multitool-saw-blade-65x50-mm-scie-de-precision-pour-bois-plastique-et-panneaux-denture-japonaise-10002\/","og_site_name":"Schroevendump","article_modified_time":"2025-12-10T11:54:41+00:00","og_image":[{"width":2560,"height":2560,"url":"https:\/\/schroevendump.nl\/wp-content\/uploads\/2025\/10\/Schroevendump-hcs-wood-plastic-breed--scaled.png","type":"image\/png"}],"twitter_card":"summary_large_image","twitter_misc":{"Dur\u00e9e de lecture estim\u00e9e":"1 minute"},"schema":{"@context":"https:\/\/schema.org","@graph":[{"@type":"WebPage","@id":"https:\/\/schroevendump.nl\/fr\/produit\/starlock-multitool-saw-blade-65x50-mm-scie-de-precision-pour-bois-plastique-et-panneaux-denture-japonaise-10002\/","url":"https:\/\/schroevendump.nl\/fr\/produit\/starlock-multitool-saw-blade-65x50-mm-scie-de-precision-pour-bois-plastique-et-panneaux-denture-japonaise-10002\/","name":"Starlock Multitool Saw Blade 65\u00d750 mm - Scie de pr\u00e9cision pour bois, plastique et panneaux denture japonaise (10002) - Schroevendump","isPartOf":{"@id":"https:\/\/schroevendump.nl\/fr\/#website"},"primaryImageOfPage":{"@id":"https:\/\/schroevendump.nl\/fr\/produit\/starlock-multitool-saw-blade-65x50-mm-scie-de-precision-pour-bois-plastique-et-panneaux-denture-japonaise-10002\/#primaryimage"},"image":{"@id":"https:\/\/schroevendump.nl\/fr\/produit\/starlock-multitool-saw-blade-65x50-mm-scie-de-precision-pour-bois-plastique-et-panneaux-denture-japonaise-10002\/#primaryimage"},"thumbnailUrl":"https:\/\/schroevendump.nl\/wp-content\/uploads\/2025\/10\/Schroevendump-hcs-wood-plastic-breed--scaled.png","datePublished":"2025-10-04T12:17:27+00:00","dateModified":"2025-12-10T11:54:41+00:00","breadcrumb":{"@id":"https:\/\/schroevendump.nl\/fr\/produit\/starlock-multitool-saw-blade-65x50-mm-scie-de-precision-pour-bois-plastique-et-panneaux-denture-japonaise-10002\/#breadcrumb"},"inLanguage":"fr-FR","potentialAction":[{"@type":"ReadAction","target":["https:\/\/schroevendump.nl\/fr\/produit\/starlock-multitool-saw-blade-65x50-mm-scie-de-precision-pour-bois-plastique-et-panneaux-denture-japonaise-10002\/"]}]},{"@type":"ImageObject","inLanguage":"fr-FR","@id":"https:\/\/schroevendump.nl\/fr\/produit\/starlock-multitool-saw-blade-65x50-mm-scie-de-precision-pour-bois-plastique-et-panneaux-denture-japonaise-10002\/#primaryimage","url":"https:\/\/schroevendump.nl\/wp-content\/uploads\/2025\/10\/Schroevendump-hcs-wood-plastic-breed--scaled.png","contentUrl":"https:\/\/schroevendump.nl\/wp-content\/uploads\/2025\/10\/Schroevendump-hcs-wood-plastic-breed--scaled.png","width":2560,"height":2560},{"@type":"BreadcrumbList","@id":"https:\/\/schroevendump.nl\/fr\/produit\/starlock-multitool-saw-blade-65x50-mm-scie-de-precision-pour-bois-plastique-et-panneaux-denture-japonaise-10002\/#breadcrumb","itemListElement":[{"@type":"ListItem","position":1,"name":"Accueil","item":"https:\/\/schroevendump.nl\/fr\/"},{"@type":"ListItem","position":2,"name":"Boutique","item":"https:\/\/schroevendump.nl\/fr\/boutique\/"},{"@type":"ListItem","position":3,"name":"Starlock Multitool Saw Blade 65\u00d750 mm &#8211; Scie de pr\u00e9cision pour bois, plastique et panneaux denture japonaise (10002)"}]},{"@type":"WebSite","@id":"https:\/\/schroevendump.nl\/fr\/#website","url":"https:\/\/schroevendump.nl\/fr\/","name":"Schroevendump","description":"","potentialAction":[{"@type":"SearchAction","target":{"@type":"EntryPoint","urlTemplate":"https:\/\/schroevendump.nl\/fr\/?s={search_term_string}"},"query-input":{"@type":"PropertyValueSpecification","valueRequired":true,"valueName":"search_term_string"}}],"inLanguage":"fr-FR"}]}},"_links":{"self":[{"href":"https:\/\/schroevendump.nl\/fr\/wp-json\/wp\/v2\/product\/28527","targetHints":{"allow":["GET"]}}],"collection":[{"href":"https:\/\/schroevendump.nl\/fr\/wp-json\/wp\/v2\/product"}],"about":[{"href":"https:\/\/schroevendump.nl\/fr\/wp-json\/wp\/v2\/types\/product"}],"replies":[{"embeddable":true,"href":"https:\/\/schroevendump.nl\/fr\/wp-json\/wp\/v2\/comments?post=28527"}],"wp:featuredmedia":[{"embeddable":true,"href":"https:\/\/schroevendump.nl\/fr\/wp-json\/wp\/v2\/media\/24719"}],"wp:attachment":[{"href":"https:\/\/schroevendump.nl\/fr\/wp-json\/wp\/v2\/media?parent=28527"}],"wp:term":[{"taxonomy":"product_brand","embeddable":true,"href":"https:\/\/schroevendump.nl\/fr\/wp-json\/wp\/v2\/product_brand?post=28527"},{"taxonomy":"product_cat","embeddable":true,"href":"https:\/\/schroevendump.nl\/fr\/wp-json\/wp\/v2\/product_cat?post=28527"},{"taxonomy":"product_tag","embeddable":true,"href":"https:\/\/schroevendump.nl\/fr\/wp-json\/wp\/v2\/product_tag?post=28527"}],"curies":[{"name":"wp","href":"https:\/\/api.w.org\/{rel}","templated":true}]}}