{"id":28542,"date":"2025-09-29T19:23:02","date_gmt":"2025-09-29T19:23:02","guid":{"rendered":"https:\/\/schroevendump.nl\/product\/seau-advantage-350x-silvermate-vis-a-panneaux-dagglomere-a-filetage-fendu-5-0x100mm-tx20-zingue\/"},"modified":"2025-12-10T12:02:57","modified_gmt":"2025-12-10T12:02:57","slug":"seau-advantage-350x-silvermate-vis-a-panneaux-dagglomere-a-filetage-fendu-5-0x100mm-tx20-zingue","status":"publish","type":"product","link":"https:\/\/schroevendump.nl\/fr\/produit\/seau-advantage-350x-silvermate-vis-a-panneaux-dagglomere-a-filetage-fendu-5-0x100mm-tx20-zingue\/","title":{"rendered":"Seau Advantage 350x Silvermate vis \u00e0 panneaux d&#8217;agglom\u00e9r\u00e9 \u00e0 filetage fendu 5.0x100mm TX20 Zingu\u00e9"},"content":{"rendered":"<h2 data-start=\"314\" data-end=\"385\">SilverMate Next Generation Vis \u00e0 panneaux d&#8217;agglom\u00e9r\u00e9 &#8211; zingu\u00e9e, Torx (TX)<\/h2>\n<p data-start=\"387\" data-end=\"733\">Les <strong data-start=\"390\" data-end=\"440\">vis \u00e0 panneaux d&#8217;agglom\u00e9r\u00e9 SilverMate Next Generation<\/strong> sont con\u00e7ues pour les artisans professionnels et les bricoleurs exigeants qui souhaitent obtenir le meilleur de leurs outils de vissage. Ces vis se distinguent par leur conception unique, chaque longueur et chaque diam\u00e8tre ayant un <strong data-start=\"667\" data-end=\"687\">pas sp\u00e9cifique<\/strong> et un <strong data-start=\"691\" data-end=\"724\">filetage optimis\u00e9<\/strong>.<\/p>\n<h3 data-start=\"735\" data-end=\"787\">Une technologie avanc\u00e9e pour des performances maximales<\/h3>\n<ul data-start=\"788\" data-end=\"1814\">\n<li data-start=\"788\" data-end=\"1063\">\n<p data-start=\"790\" data-end=\"1063\"><strong data-start=\"790\" data-end=\"820\">Pas optimal par longueur :<\/strong> les vis courtes ont un pas plus petit pour une valeur d&#8217;arrachement \u00e9lev\u00e9e ; les vis plus longues (60-200 mm) ont un pas de plus en plus grand, ce qui leur permet de se visser plus rapidement. Cela permet de gagner du temps, surtout avec les tournevis de plus en plus puissants d&#8217;aujourd&#8217;hui. <\/p>\n<\/li>\n<li data-start=\"1064\" data-end=\"1268\">\n<p data-start=\"1066\" data-end=\"1268\"><strong data-start=\"1066\" data-end=\"1098\">D\u00e9marrage instantan\u00e9 sans force :<\/strong> d\u00e8s la premi\u00e8re rotation, la vis s&#8217;accroche sans effort, m\u00eame dans les bois durs. La pression de d\u00e9marrage est moindre par rapport \u00e0 de nombreuses vis \u00e0 t\u00eate frais\u00e9e de type 17. <\/p>\n<\/li>\n<li data-start=\"1269\" data-end=\"1456\">\n<p data-start=\"1271\" data-end=\"1456\"><strong data-start=\"1271\" data-end=\"1308\">Extr\u00eamement r\u00e9sistants aux charges \u00e9lev\u00e9es : les<\/strong> diam\u00e8tres 4.0, 4.5 et 5.0 sont renforc\u00e9s et se cassent nettement moins vite, m\u00eame en cas d&#8217;utilisation intensive avec des tournevis modernes et puissants.<\/p>\n<\/li>\n<li data-start=\"1457\" data-end=\"1662\">\n<p data-start=\"1459\" data-end=\"1662\"><strong data-start=\"1459\" data-end=\"1479\">Vissage l\u00e9ger :<\/strong> gr\u00e2ce au filetage et \u00e0 l&#8217;embout sp\u00e9ciaux, la r\u00e9sistance au vissage est de 25 \u00e0 30 % inf\u00e9rieure \u00e0 celle de la plupart des marques concurrentes. Vous remarquerez imm\u00e9diatement la diff\u00e9rence, en particulier dans les tailles longues (\u00d8 5,0 et 6,0). <\/p>\n<\/li>\n<li data-start=\"1663\" data-end=\"1814\">\n<p data-start=\"1665\" data-end=\"1814\"><strong data-start=\"1665\" data-end=\"1687\">Faible risque d&#8217;\u00e9clatement :<\/strong> le <em data-start=\"1700\" data-end=\"1716\">filet de fraisage<\/em> sp\u00e9cial \u00e0 l&#8217;extr\u00e9mit\u00e9 emp\u00eache l&#8217;arrachement lorsque vous vissez pr\u00e8s de l&#8217;extr\u00e9mit\u00e9 d&#8217;une planche ou d&#8217;une latte.<\/p>\n<\/li>\n<\/ul>\n<h3 data-start=\"1816\" data-end=\"1845\">Une ex\u00e9cution de qualit\u00e9<\/h3>\n<ul data-start=\"1846\" data-end=\"2430\">\n<li data-start=\"1846\" data-end=\"1974\">\n<p data-start=\"1848\" data-end=\"1974\"><strong data-start=\"1848\" data-end=\"1874\">Entra\u00eenement Torx (TX) :<\/strong> assure une prise maximale et emp\u00eache votre machine de glisser, pour un assemblage s\u00fbr et efficace.<\/p>\n<\/li>\n<li data-start=\"1975\" data-end=\"2066\">\n<p data-start=\"1977\" data-end=\"2066\"><strong data-start=\"1977\" data-end=\"1997\">Double t\u00eate plate :<\/strong> assure une connexion solide et serre le mat\u00e9riel.<\/p>\n<\/li>\n<li data-start=\"2067\" data-end=\"2187\">\n<p data-start=\"2069\" data-end=\"2187\"><strong data-start=\"2069\" data-end=\"2093\">Finition galvanis\u00e9e :<\/strong> prot\u00e8ge contre la corrosion et permet aux vis d&#8217;\u00eatre utilis\u00e9es \u00e0 long terme \u00e0 l&#8217;int\u00e9rieur.<\/p>\n<\/li>\n<li data-start=\"2188\" data-end=\"2337\">\n<p data-start=\"2190\" data-end=\"2337\"><strong data-start=\"2190\" data-end=\"2214\">Marquage CE et ETA :<\/strong> garantit que chaque vis r\u00e9pond aux exigences europ\u00e9ennes en mati\u00e8re de s\u00e9curit\u00e9, de sant\u00e9, d&#8217;environnement et de protection des consommateurs.<\/p>\n<\/li>\n<li data-start=\"2338\" data-end=\"2430\">\n<p data-start=\"2340\" data-end=\"2430\"><strong data-start=\"2340\" data-end=\"2368\">Sans bavure et super r\u00e9sistante :<\/strong> chaque vis est strictement contr\u00f4l\u00e9e pendant la production.<\/p>\n<\/li>\n<\/ul>\n<h3 data-start=\"2432\" data-end=\"2451\">Polyvalent<\/h3>\n<p data-start=\"2452\" data-end=\"2501\">Les vis \u00e0 panneaux d&#8217;agglom\u00e9r\u00e9 SilverMate sont parfaites pour :<\/p>\n<ul data-start=\"2502\" data-end=\"2740\">\n<li data-start=\"2502\" data-end=\"2562\">\n<p data-start=\"2504\" data-end=\"2562\">Int\u00e9rieur en \u00e9pic\u00e9a, pin et autres essences de bois tendre<\/p>\n<\/li>\n<li data-start=\"2563\" data-end=\"2613\">\n<p data-start=\"2565\" data-end=\"2613\">Mat\u00e9riaux en feuilles tels que le contreplaqu\u00e9 et la sous-couche<\/p>\n<\/li>\n<li data-start=\"2614\" data-end=\"2684\">\n<p data-start=\"2616\" data-end=\"2684\">Pr\u00e9murs, plafonds, enduits et lambris<\/p>\n<\/li>\n<li data-start=\"2685\" data-end=\"2740\">\n<p data-start=\"2687\" data-end=\"2740\">Structures de toit et autres applications int\u00e9rieures porteuses<\/p>\n<\/li>\n<\/ul>\n<h3 data-start=\"2742\" data-end=\"2767\">Fil partiel et fil complet<\/h3>\n<ul data-start=\"2768\" data-end=\"3052\">\n<li data-start=\"2768\" data-end=\"2926\">\n<p data-start=\"2770\" data-end=\"2926\"><strong data-start=\"2770\" data-end=\"2784\">Fil de fer :<\/strong> id\u00e9al lorsque vous souhaitez assembler fermement deux pi\u00e8ces de bois, par exemple pour le montage de murs, de plafonds ou de planches de bois.<\/p>\n<\/li>\n<li data-start=\"2927\" data-end=\"3052\">\n<p data-start=\"2929\" data-end=\"3052\">Filet <strong data-start=\"2929\" data-end=\"2942\">complet :<\/strong> filets jusqu&#8217;\u00e0 la t\u00eate pour une r\u00e9partition uniforme de la force et une prise maximale dans une seule pi\u00e8ce de bois.<\/p>\n<\/li>\n<\/ul>\n<hr data-start=\"3240\" data-end=\"3243\">\n<p data-start=\"3245\" data-end=\"3494\"><strong data-start=\"3245\" data-end=\"3415\">Optez pour la qualit\u00e9 au meilleur prix et commandez facilement les vis \u00e0 panneaux d&#8217;agglom\u00e9r\u00e9 SilverMate Next Generation en ligne sur <a class=\"decorated-link\" href=\"https:\/\/www.schroevendump.nl\" target=\"_new\" rel=\"noopener\" data-start=\"3364\" data-end=\"3412\">screwdump.co.uk<\/a>.<\/strong><br data-start=\"3415\" data-end=\"3418\">Suivez-nous \u00e9galement sur <strong data-start=\"3434\" data-end=\"3447\">Instagram<\/strong> pour des offres actuelles, des conseils et de l&#8217;inspiration.<\/p>\n","protected":false},"excerpt":{"rendered":"<p>SilverMate Next Generation Vis \u00e0 panneaux d&#8217;agglom\u00e9r\u00e9 &#8211; zingu\u00e9e, Torx (TX) Les vis \u00e0 panneaux d&#8217;agglom\u00e9r\u00e9 SilverMate Next Generation sont con\u00e7ues pour les artisans professionnels et les bricoleurs exigeants qui souhaitent obtenir le meilleur de leurs outils de vissage. Ces vis se distinguent par leur conception unique, chaque longueur et chaque diam\u00e8tre ayant un pas [&hellip;]<\/p>\n","protected":false},"featured_media":28541,"comment_status":"open","ping_status":"closed","template":"","meta":[],"product_brand":[],"product_cat":[599],"product_tag":[],"class_list":{"0":"post-28542","1":"product","2":"type-product","3":"status-publish","4":"has-post-thumbnail","6":"product_cat-seaux-avantageux","7":"pa_draad-filetage-partiel","9":"first","10":"instock","11":"sale","12":"taxable","13":"shipping-taxable","14":"purchasable","15":"product-type-simple"},"supplier_id":null,"supplier_sku":"","barcode":null,"atum_controlled":true,"out_stock_date":null,"out_stock_threshold":null,"inheritable":false,"inbound_stock":0,"stock_on_hold":0,"sold_today":0,"sales_last_days":0,"reserved_stock":0,"customer_returns":0,"warehouse_damage":0,"lost_in_post":0,"other_logs":0,"out_stock_days":0,"lost_sales":0,"has_location":false,"update_date":"2026-04-04T00:56:45","atum_locations":[],"atum_stock_status":"instock","restock_status":false,"low_stock_amount":"","sales_update_date":"2026-04-04T00:56:45","calc_backorders":null,"acf":[],"yoast_head":"<!-- This site is optimized with the Yoast SEO plugin v26.6 - https:\/\/yoast.com\/wordpress\/plugins\/seo\/ -->\n<title>Seau Advantage 350x Silvermate vis \u00e0 panneaux d&#039;agglom\u00e9r\u00e9 \u00e0 filetage fendu 5.0x100mm TX20 Zingu\u00e9 - Schroevendump<\/title>\n<meta name=\"robots\" content=\"index, follow, max-snippet:-1, max-image-preview:large, max-video-preview:-1\" \/>\n<link rel=\"canonical\" href=\"https:\/\/schroevendump.nl\/fr\/produit\/seau-advantage-350x-silvermate-vis-a-panneaux-dagglomere-a-filetage-fendu-5-0x100mm-tx20-zingue\/\" \/>\n<meta property=\"og:locale\" content=\"fr_FR\" \/>\n<meta property=\"og:type\" content=\"article\" \/>\n<meta property=\"og:title\" content=\"Seau Advantage 350x Silvermate vis \u00e0 panneaux d&#039;agglom\u00e9r\u00e9 \u00e0 filetage fendu 5.0x100mm TX20 Zingu\u00e9 - Schroevendump\" \/>\n<meta property=\"og:description\" content=\"SilverMate Next Generation Vis \u00e0 panneaux d&#8217;agglom\u00e9r\u00e9 &#8211; zingu\u00e9e, Torx (TX) Les vis \u00e0 panneaux d&#8217;agglom\u00e9r\u00e9 SilverMate Next Generation sont con\u00e7ues pour les artisans professionnels et les bricoleurs exigeants qui souhaitent obtenir le meilleur de leurs outils de vissage. Ces vis se distinguent par leur conception unique, chaque longueur et chaque diam\u00e8tre ayant un pas [&hellip;]\" \/>\n<meta property=\"og:url\" content=\"https:\/\/schroevendump.nl\/fr\/produit\/seau-advantage-350x-silvermate-vis-a-panneaux-dagglomere-a-filetage-fendu-5-0x100mm-tx20-zingue\/\" \/>\n<meta property=\"og:site_name\" content=\"Schroevendump\" \/>\n<meta property=\"article:modified_time\" content=\"2025-12-10T12:02:57+00:00\" \/>\n<meta property=\"og:image\" content=\"https:\/\/schroevendump.nl\/wp-content\/uploads\/2025\/09\/Schroevendump-Productfotos-aug2025-3-removebg-preview.png\" \/>\n\t<meta property=\"og:image:width\" content=\"500\" \/>\n\t<meta property=\"og:image:height\" content=\"500\" \/>\n\t<meta property=\"og:image:type\" content=\"image\/png\" \/>\n<meta name=\"twitter:card\" content=\"summary_large_image\" \/>\n<meta name=\"twitter:label1\" content=\"Dur\u00e9e de lecture estim\u00e9e\" \/>\n\t<meta name=\"twitter:data1\" content=\"3 minutes\" \/>\n<script type=\"application\/ld+json\" class=\"yoast-schema-graph\">{\"@context\":\"https:\/\/schema.org\",\"@graph\":[{\"@type\":\"WebPage\",\"@id\":\"https:\/\/schroevendump.nl\/fr\/produit\/seau-advantage-350x-silvermate-vis-a-panneaux-dagglomere-a-filetage-fendu-5-0x100mm-tx20-zingue\/\",\"url\":\"https:\/\/schroevendump.nl\/fr\/produit\/seau-advantage-350x-silvermate-vis-a-panneaux-dagglomere-a-filetage-fendu-5-0x100mm-tx20-zingue\/\",\"name\":\"Seau Advantage 350x Silvermate vis \u00e0 panneaux d'agglom\u00e9r\u00e9 \u00e0 filetage fendu 5.0x100mm TX20 Zingu\u00e9 - Schroevendump\",\"isPartOf\":{\"@id\":\"https:\/\/schroevendump.nl\/fr\/#website\"},\"primaryImageOfPage\":{\"@id\":\"https:\/\/schroevendump.nl\/fr\/produit\/seau-advantage-350x-silvermate-vis-a-panneaux-dagglomere-a-filetage-fendu-5-0x100mm-tx20-zingue\/#primaryimage\"},\"image\":{\"@id\":\"https:\/\/schroevendump.nl\/fr\/produit\/seau-advantage-350x-silvermate-vis-a-panneaux-dagglomere-a-filetage-fendu-5-0x100mm-tx20-zingue\/#primaryimage\"},\"thumbnailUrl\":\"https:\/\/schroevendump.nl\/wp-content\/uploads\/2025\/09\/Schroevendump-Productfotos-aug2025-3-removebg-preview.png\",\"datePublished\":\"2025-09-29T19:23:02+00:00\",\"dateModified\":\"2025-12-10T12:02:57+00:00\",\"breadcrumb\":{\"@id\":\"https:\/\/schroevendump.nl\/fr\/produit\/seau-advantage-350x-silvermate-vis-a-panneaux-dagglomere-a-filetage-fendu-5-0x100mm-tx20-zingue\/#breadcrumb\"},\"inLanguage\":\"fr-FR\",\"potentialAction\":[{\"@type\":\"ReadAction\",\"target\":[\"https:\/\/schroevendump.nl\/fr\/produit\/seau-advantage-350x-silvermate-vis-a-panneaux-dagglomere-a-filetage-fendu-5-0x100mm-tx20-zingue\/\"]}]},{\"@type\":\"ImageObject\",\"inLanguage\":\"fr-FR\",\"@id\":\"https:\/\/schroevendump.nl\/fr\/produit\/seau-advantage-350x-silvermate-vis-a-panneaux-dagglomere-a-filetage-fendu-5-0x100mm-tx20-zingue\/#primaryimage\",\"url\":\"https:\/\/schroevendump.nl\/wp-content\/uploads\/2025\/09\/Schroevendump-Productfotos-aug2025-3-removebg-preview.png\",\"contentUrl\":\"https:\/\/schroevendump.nl\/wp-content\/uploads\/2025\/09\/Schroevendump-Productfotos-aug2025-3-removebg-preview.png\",\"width\":500,\"height\":500},{\"@type\":\"BreadcrumbList\",\"@id\":\"https:\/\/schroevendump.nl\/fr\/produit\/seau-advantage-350x-silvermate-vis-a-panneaux-dagglomere-a-filetage-fendu-5-0x100mm-tx20-zingue\/#breadcrumb\",\"itemListElement\":[{\"@type\":\"ListItem\",\"position\":1,\"name\":\"Accueil\",\"item\":\"https:\/\/schroevendump.nl\/fr\/\"},{\"@type\":\"ListItem\",\"position\":2,\"name\":\"Boutique\",\"item\":\"https:\/\/schroevendump.nl\/fr\/boutique\/\"},{\"@type\":\"ListItem\",\"position\":3,\"name\":\"Seau Advantage 350x Silvermate vis \u00e0 panneaux d&#8217;agglom\u00e9r\u00e9 \u00e0 filetage fendu 5.0x100mm TX20 Zingu\u00e9\"}]},{\"@type\":\"WebSite\",\"@id\":\"https:\/\/schroevendump.nl\/fr\/#website\",\"url\":\"https:\/\/schroevendump.nl\/fr\/\",\"name\":\"Schroevendump\",\"description\":\"\",\"potentialAction\":[{\"@type\":\"SearchAction\",\"target\":{\"@type\":\"EntryPoint\",\"urlTemplate\":\"https:\/\/schroevendump.nl\/fr\/?s={search_term_string}\"},\"query-input\":{\"@type\":\"PropertyValueSpecification\",\"valueRequired\":true,\"valueName\":\"search_term_string\"}}],\"inLanguage\":\"fr-FR\"}]}<\/script>\n<!-- \/ Yoast SEO plugin. -->","yoast_head_json":{"title":"Seau Advantage 350x Silvermate vis \u00e0 panneaux d'agglom\u00e9r\u00e9 \u00e0 filetage fendu 5.0x100mm TX20 Zingu\u00e9 - Schroevendump","robots":{"index":"index","follow":"follow","max-snippet":"max-snippet:-1","max-image-preview":"max-image-preview:large","max-video-preview":"max-video-preview:-1"},"canonical":"https:\/\/schroevendump.nl\/fr\/produit\/seau-advantage-350x-silvermate-vis-a-panneaux-dagglomere-a-filetage-fendu-5-0x100mm-tx20-zingue\/","og_locale":"fr_FR","og_type":"article","og_title":"Seau Advantage 350x Silvermate vis \u00e0 panneaux d'agglom\u00e9r\u00e9 \u00e0 filetage fendu 5.0x100mm TX20 Zingu\u00e9 - Schroevendump","og_description":"SilverMate Next Generation Vis \u00e0 panneaux d&#8217;agglom\u00e9r\u00e9 &#8211; zingu\u00e9e, Torx (TX) Les vis \u00e0 panneaux d&#8217;agglom\u00e9r\u00e9 SilverMate Next Generation sont con\u00e7ues pour les artisans professionnels et les bricoleurs exigeants qui souhaitent obtenir le meilleur de leurs outils de vissage. Ces vis se distinguent par leur conception unique, chaque longueur et chaque diam\u00e8tre ayant un pas [&hellip;]","og_url":"https:\/\/schroevendump.nl\/fr\/produit\/seau-advantage-350x-silvermate-vis-a-panneaux-dagglomere-a-filetage-fendu-5-0x100mm-tx20-zingue\/","og_site_name":"Schroevendump","article_modified_time":"2025-12-10T12:02:57+00:00","og_image":[{"width":500,"height":500,"url":"https:\/\/schroevendump.nl\/wp-content\/uploads\/2025\/09\/Schroevendump-Productfotos-aug2025-3-removebg-preview.png","type":"image\/png"}],"twitter_card":"summary_large_image","twitter_misc":{"Dur\u00e9e de lecture estim\u00e9e":"3 minutes"},"schema":{"@context":"https:\/\/schema.org","@graph":[{"@type":"WebPage","@id":"https:\/\/schroevendump.nl\/fr\/produit\/seau-advantage-350x-silvermate-vis-a-panneaux-dagglomere-a-filetage-fendu-5-0x100mm-tx20-zingue\/","url":"https:\/\/schroevendump.nl\/fr\/produit\/seau-advantage-350x-silvermate-vis-a-panneaux-dagglomere-a-filetage-fendu-5-0x100mm-tx20-zingue\/","name":"Seau Advantage 350x Silvermate vis \u00e0 panneaux d'agglom\u00e9r\u00e9 \u00e0 filetage fendu 5.0x100mm TX20 Zingu\u00e9 - Schroevendump","isPartOf":{"@id":"https:\/\/schroevendump.nl\/fr\/#website"},"primaryImageOfPage":{"@id":"https:\/\/schroevendump.nl\/fr\/produit\/seau-advantage-350x-silvermate-vis-a-panneaux-dagglomere-a-filetage-fendu-5-0x100mm-tx20-zingue\/#primaryimage"},"image":{"@id":"https:\/\/schroevendump.nl\/fr\/produit\/seau-advantage-350x-silvermate-vis-a-panneaux-dagglomere-a-filetage-fendu-5-0x100mm-tx20-zingue\/#primaryimage"},"thumbnailUrl":"https:\/\/schroevendump.nl\/wp-content\/uploads\/2025\/09\/Schroevendump-Productfotos-aug2025-3-removebg-preview.png","datePublished":"2025-09-29T19:23:02+00:00","dateModified":"2025-12-10T12:02:57+00:00","breadcrumb":{"@id":"https:\/\/schroevendump.nl\/fr\/produit\/seau-advantage-350x-silvermate-vis-a-panneaux-dagglomere-a-filetage-fendu-5-0x100mm-tx20-zingue\/#breadcrumb"},"inLanguage":"fr-FR","potentialAction":[{"@type":"ReadAction","target":["https:\/\/schroevendump.nl\/fr\/produit\/seau-advantage-350x-silvermate-vis-a-panneaux-dagglomere-a-filetage-fendu-5-0x100mm-tx20-zingue\/"]}]},{"@type":"ImageObject","inLanguage":"fr-FR","@id":"https:\/\/schroevendump.nl\/fr\/produit\/seau-advantage-350x-silvermate-vis-a-panneaux-dagglomere-a-filetage-fendu-5-0x100mm-tx20-zingue\/#primaryimage","url":"https:\/\/schroevendump.nl\/wp-content\/uploads\/2025\/09\/Schroevendump-Productfotos-aug2025-3-removebg-preview.png","contentUrl":"https:\/\/schroevendump.nl\/wp-content\/uploads\/2025\/09\/Schroevendump-Productfotos-aug2025-3-removebg-preview.png","width":500,"height":500},{"@type":"BreadcrumbList","@id":"https:\/\/schroevendump.nl\/fr\/produit\/seau-advantage-350x-silvermate-vis-a-panneaux-dagglomere-a-filetage-fendu-5-0x100mm-tx20-zingue\/#breadcrumb","itemListElement":[{"@type":"ListItem","position":1,"name":"Accueil","item":"https:\/\/schroevendump.nl\/fr\/"},{"@type":"ListItem","position":2,"name":"Boutique","item":"https:\/\/schroevendump.nl\/fr\/boutique\/"},{"@type":"ListItem","position":3,"name":"Seau Advantage 350x Silvermate vis \u00e0 panneaux d&#8217;agglom\u00e9r\u00e9 \u00e0 filetage fendu 5.0x100mm TX20 Zingu\u00e9"}]},{"@type":"WebSite","@id":"https:\/\/schroevendump.nl\/fr\/#website","url":"https:\/\/schroevendump.nl\/fr\/","name":"Schroevendump","description":"","potentialAction":[{"@type":"SearchAction","target":{"@type":"EntryPoint","urlTemplate":"https:\/\/schroevendump.nl\/fr\/?s={search_term_string}"},"query-input":{"@type":"PropertyValueSpecification","valueRequired":true,"valueName":"search_term_string"}}],"inLanguage":"fr-FR"}]}},"_links":{"self":[{"href":"https:\/\/schroevendump.nl\/fr\/wp-json\/wp\/v2\/product\/28542","targetHints":{"allow":["GET"]}}],"collection":[{"href":"https:\/\/schroevendump.nl\/fr\/wp-json\/wp\/v2\/product"}],"about":[{"href":"https:\/\/schroevendump.nl\/fr\/wp-json\/wp\/v2\/types\/product"}],"replies":[{"embeddable":true,"href":"https:\/\/schroevendump.nl\/fr\/wp-json\/wp\/v2\/comments?post=28542"}],"wp:featuredmedia":[{"embeddable":true,"href":"https:\/\/schroevendump.nl\/fr\/wp-json\/wp\/v2\/media\/28541"}],"wp:attachment":[{"href":"https:\/\/schroevendump.nl\/fr\/wp-json\/wp\/v2\/media?parent=28542"}],"wp:term":[{"taxonomy":"product_brand","embeddable":true,"href":"https:\/\/schroevendump.nl\/fr\/wp-json\/wp\/v2\/product_brand?post=28542"},{"taxonomy":"product_cat","embeddable":true,"href":"https:\/\/schroevendump.nl\/fr\/wp-json\/wp\/v2\/product_cat?post=28542"},{"taxonomy":"product_tag","embeddable":true,"href":"https:\/\/schroevendump.nl\/fr\/wp-json\/wp\/v2\/product_tag?post=28542"}],"curies":[{"name":"wp","href":"https:\/\/api.w.org\/{rel}","templated":true}]}}