{"id":28649,"date":"2025-07-26T19:18:23","date_gmt":"2025-07-26T19:18:23","guid":{"rendered":"https:\/\/schroevendump.nl\/product\/stanley-impact-line-powder-red-225g-1-47-804-pour-un-marquage-durable\/"},"modified":"2025-12-10T11:59:13","modified_gmt":"2025-12-10T11:59:13","slug":"stanley-impact-line-powder-red-225g-1-47-804-pour-un-marquage-durable","status":"publish","type":"product","link":"https:\/\/schroevendump.nl\/fr\/produit\/stanley-impact-line-powder-red-225g-1-47-804-pour-un-marquage-durable\/","title":{"rendered":"Stanley Impact Line Powder Red 225g &#8211; 1-47-804 &#8211; Pour un marquage durable"},"content":{"rendered":"<h3 data-start=\"121\" data-end=\"172\">\ud83d\udee0\ufe0f Stanley Impact Line Powder Red 225g (1-47-804)<\/h3>\n<p data-start=\"174\" data-end=\"232\"><strong data-start=\"174\" data-end=\"232\">Poudre sp\u00e9ciale pour un marquage durable et visible<\/strong><\/p>\n<p data-start=\"234\" data-end=\"348\"><span class=\"relative -mx-px my-[-0.2rem] rounded px-px py-[0.2rem] transition-colors duration-100 ease-in-out\">Le Stanley Impact Line Powder Red 225g est con\u00e7u pour r\u00e9aliser des marquages clairs et durables, id\u00e9aux pour la ma\u00e7onnerie et les applications ext\u00e9rieures.<\/span> <span class=\"relative -mx-px my-[-0.2rem] rounded px-px py-[0.2rem] transition-colors duration-100 ease-in-out\">La poudre offre une excellente adh\u00e9rence et une bonne visibilit\u00e9, m\u00eame dans des conditions humides.<\/span><\/p>\n<p data-start=\"350\" data-end=\"378\"><strong data-start=\"350\" data-end=\"378\">Caract\u00e9ristiques principales :<\/strong><\/p>\n<ul data-start=\"380\" data-end=\"676\">\n<li data-start=\"380\" data-end=\"397\">\n<p data-start=\"382\" data-end=\"397\"><strong data-start=\"382\" data-end=\"392\">Couleur :<\/strong> rouge<\/p>\n<\/li>\n<li data-start=\"398\" data-end=\"451\">\n<p data-start=\"400\" data-end=\"451\"><strong data-start=\"400\" data-end=\"411\">Contenu :<\/strong><span class=\"relative -mx-px my-[-0.2rem] rounded px-px py-[0.2rem] transition-colors duration-100 ease-in-out\">225 grammes<\/span><\/p>\n<\/li>\n<li data-start=\"452\" data-end=\"509\">\n<p data-start=\"454\" data-end=\"509\"><strong data-start=\"454\" data-end=\"469\">Application :<\/strong> <span class=\"relative -mx-px my-[-0.2rem] rounded px-px py-[0.2rem] transition-colors duration-100 ease-in-out\">Convient \u00e0 la ma\u00e7onnerie et \u00e0 d&#8217;autres applications ext\u00e9rieures n\u00e9cessitant un marquage permanent.<\/span><\/p>\n<\/li>\n<li data-start=\"510\" data-end=\"571\">\n<p data-start=\"512\" data-end=\"571\"><strong data-start=\"512\" data-end=\"531\">R\u00e9sistant \u00e0 l&#8217;eau :<\/strong> <span class=\"relative -mx-px my-[-0.2rem] rounded px-px py-[0.2rem] transition-colors duration-100 ease-in-out\">Conserve la visibilit\u00e9 m\u00eame en cas d&#8217;exposition \u00e0 l&#8217;humidit\u00e9<\/span><\/p>\n<\/li>\n<li data-start=\"572\" data-end=\"676\">\n<p data-start=\"574\" data-end=\"676\"><strong data-start=\"574\" data-end=\"597\">Non amovible :<\/strong> <span class=\"relative -mx-px my-[-0.2rem] rounded px-px py-[0.2rem] transition-colors duration-100 ease-in-out\">Id\u00e9al pour les situations o\u00f9 des marquages permanents sont n\u00e9cessaires &#8211; Classe 3 (visibilit\u00e9 \u00b12 mois)<\/span><\/p>\n<\/li>\n<\/ul>\n","protected":false},"excerpt":{"rendered":"<p>\ud83d\udee0\ufe0f Stanley Impact Line Powder Red 225g (1-47-804) Poudre sp\u00e9ciale pour un marquage durable et visible Le Stanley Impact Line Powder Red 225g est con\u00e7u pour r\u00e9aliser des marquages clairs et durables, id\u00e9aux pour la ma\u00e7onnerie et les applications ext\u00e9rieures. La poudre offre une excellente adh\u00e9rence et une bonne visibilit\u00e9, m\u00eame dans des conditions humides. [&hellip;]<\/p>\n","protected":false},"featured_media":28656,"comment_status":"open","ping_status":"closed","template":"","meta":[],"product_brand":[],"product_cat":[590],"product_tag":[],"class_list":{"0":"post-28649","1":"product","2":"type-product","3":"status-publish","4":"has-post-thumbnail","6":"product_cat-outils-a-main","8":"first","9":"instock","10":"taxable","11":"shipping-taxable","12":"purchasable","13":"product-type-simple"},"supplier_id":null,"supplier_sku":"","barcode":null,"atum_controlled":true,"out_stock_date":null,"out_stock_threshold":null,"inheritable":false,"inbound_stock":0,"stock_on_hold":0,"sold_today":0,"sales_last_days":0,"reserved_stock":0,"customer_returns":0,"warehouse_damage":0,"lost_in_post":0,"other_logs":0,"out_stock_days":0,"lost_sales":0,"has_location":false,"update_date":"2026-04-18T01:04:14","atum_locations":[],"atum_stock_status":"instock","restock_status":false,"low_stock_amount":"","sales_update_date":"2026-04-18T01:04:14","calc_backorders":null,"acf":[],"yoast_head":"<!-- This site is optimized with the Yoast SEO plugin v26.6 - https:\/\/yoast.com\/wordpress\/plugins\/seo\/ -->\n<title>Stanley Impact Line Powder Red 225g - 1-47-804 - Pour un marquage durable - Schroevendump<\/title>\n<meta name=\"robots\" content=\"index, follow, max-snippet:-1, max-image-preview:large, max-video-preview:-1\" \/>\n<link rel=\"canonical\" href=\"https:\/\/schroevendump.nl\/fr\/produit\/stanley-impact-line-powder-red-225g-1-47-804-pour-un-marquage-durable\/\" \/>\n<meta property=\"og:locale\" content=\"fr_FR\" \/>\n<meta property=\"og:type\" content=\"article\" \/>\n<meta property=\"og:title\" content=\"Stanley Impact Line Powder Red 225g - 1-47-804 - Pour un marquage durable - Schroevendump\" \/>\n<meta property=\"og:description\" content=\"\ud83d\udee0\ufe0f Stanley Impact Line Powder Red 225g (1-47-804) Poudre sp\u00e9ciale pour un marquage durable et visible Le Stanley Impact Line Powder Red 225g est con\u00e7u pour r\u00e9aliser des marquages clairs et durables, id\u00e9aux pour la ma\u00e7onnerie et les applications ext\u00e9rieures. La poudre offre une excellente adh\u00e9rence et une bonne visibilit\u00e9, m\u00eame dans des conditions humides. [&hellip;]\" \/>\n<meta property=\"og:url\" content=\"https:\/\/schroevendump.nl\/fr\/produit\/stanley-impact-line-powder-red-225g-1-47-804-pour-un-marquage-durable\/\" \/>\n<meta property=\"og:site_name\" content=\"Schroevendump\" \/>\n<meta property=\"article:modified_time\" content=\"2025-12-10T11:59:13+00:00\" \/>\n<meta property=\"og:image\" content=\"https:\/\/schroevendump.nl\/wp-content\/uploads\/2025\/05\/1-47-404_1_1_-removebg-preview.png\" \/>\n\t<meta property=\"og:image:width\" content=\"500\" \/>\n\t<meta property=\"og:image:height\" content=\"500\" \/>\n\t<meta property=\"og:image:type\" content=\"image\/png\" \/>\n<meta name=\"twitter:card\" content=\"summary_large_image\" \/>\n<meta name=\"twitter:label1\" content=\"Dur\u00e9e de lecture estim\u00e9e\" \/>\n\t<meta name=\"twitter:data1\" content=\"1 minute\" \/>\n<script type=\"application\/ld+json\" class=\"yoast-schema-graph\">{\"@context\":\"https:\/\/schema.org\",\"@graph\":[{\"@type\":\"WebPage\",\"@id\":\"https:\/\/schroevendump.nl\/fr\/produit\/stanley-impact-line-powder-red-225g-1-47-804-pour-un-marquage-durable\/\",\"url\":\"https:\/\/schroevendump.nl\/fr\/produit\/stanley-impact-line-powder-red-225g-1-47-804-pour-un-marquage-durable\/\",\"name\":\"Stanley Impact Line Powder Red 225g - 1-47-804 - Pour un marquage durable - Schroevendump\",\"isPartOf\":{\"@id\":\"https:\/\/schroevendump.nl\/fr\/#website\"},\"primaryImageOfPage\":{\"@id\":\"https:\/\/schroevendump.nl\/fr\/produit\/stanley-impact-line-powder-red-225g-1-47-804-pour-un-marquage-durable\/#primaryimage\"},\"image\":{\"@id\":\"https:\/\/schroevendump.nl\/fr\/produit\/stanley-impact-line-powder-red-225g-1-47-804-pour-un-marquage-durable\/#primaryimage\"},\"thumbnailUrl\":\"https:\/\/schroevendump.nl\/wp-content\/uploads\/2025\/05\/1-47-404_1_1_-removebg-preview.png\",\"datePublished\":\"2025-07-26T19:18:23+00:00\",\"dateModified\":\"2025-12-10T11:59:13+00:00\",\"breadcrumb\":{\"@id\":\"https:\/\/schroevendump.nl\/fr\/produit\/stanley-impact-line-powder-red-225g-1-47-804-pour-un-marquage-durable\/#breadcrumb\"},\"inLanguage\":\"fr-FR\",\"potentialAction\":[{\"@type\":\"ReadAction\",\"target\":[\"https:\/\/schroevendump.nl\/fr\/produit\/stanley-impact-line-powder-red-225g-1-47-804-pour-un-marquage-durable\/\"]}]},{\"@type\":\"ImageObject\",\"inLanguage\":\"fr-FR\",\"@id\":\"https:\/\/schroevendump.nl\/fr\/produit\/stanley-impact-line-powder-red-225g-1-47-804-pour-un-marquage-durable\/#primaryimage\",\"url\":\"https:\/\/schroevendump.nl\/wp-content\/uploads\/2025\/05\/1-47-404_1_1_-removebg-preview.png\",\"contentUrl\":\"https:\/\/schroevendump.nl\/wp-content\/uploads\/2025\/05\/1-47-404_1_1_-removebg-preview.png\",\"width\":500,\"height\":500},{\"@type\":\"BreadcrumbList\",\"@id\":\"https:\/\/schroevendump.nl\/fr\/produit\/stanley-impact-line-powder-red-225g-1-47-804-pour-un-marquage-durable\/#breadcrumb\",\"itemListElement\":[{\"@type\":\"ListItem\",\"position\":1,\"name\":\"Accueil\",\"item\":\"https:\/\/schroevendump.nl\/fr\/\"},{\"@type\":\"ListItem\",\"position\":2,\"name\":\"Boutique\",\"item\":\"https:\/\/schroevendump.nl\/fr\/boutique\/\"},{\"@type\":\"ListItem\",\"position\":3,\"name\":\"Stanley Impact Line Powder Red 225g &#8211; 1-47-804 &#8211; Pour un marquage durable\"}]},{\"@type\":\"WebSite\",\"@id\":\"https:\/\/schroevendump.nl\/fr\/#website\",\"url\":\"https:\/\/schroevendump.nl\/fr\/\",\"name\":\"Schroevendump\",\"description\":\"\",\"potentialAction\":[{\"@type\":\"SearchAction\",\"target\":{\"@type\":\"EntryPoint\",\"urlTemplate\":\"https:\/\/schroevendump.nl\/fr\/?s={search_term_string}\"},\"query-input\":{\"@type\":\"PropertyValueSpecification\",\"valueRequired\":true,\"valueName\":\"search_term_string\"}}],\"inLanguage\":\"fr-FR\"}]}<\/script>\n<!-- \/ Yoast SEO plugin. -->","yoast_head_json":{"title":"Stanley Impact Line Powder Red 225g - 1-47-804 - Pour un marquage durable - Schroevendump","robots":{"index":"index","follow":"follow","max-snippet":"max-snippet:-1","max-image-preview":"max-image-preview:large","max-video-preview":"max-video-preview:-1"},"canonical":"https:\/\/schroevendump.nl\/fr\/produit\/stanley-impact-line-powder-red-225g-1-47-804-pour-un-marquage-durable\/","og_locale":"fr_FR","og_type":"article","og_title":"Stanley Impact Line Powder Red 225g - 1-47-804 - Pour un marquage durable - Schroevendump","og_description":"\ud83d\udee0\ufe0f Stanley Impact Line Powder Red 225g (1-47-804) Poudre sp\u00e9ciale pour un marquage durable et visible Le Stanley Impact Line Powder Red 225g est con\u00e7u pour r\u00e9aliser des marquages clairs et durables, id\u00e9aux pour la ma\u00e7onnerie et les applications ext\u00e9rieures. La poudre offre une excellente adh\u00e9rence et une bonne visibilit\u00e9, m\u00eame dans des conditions humides. [&hellip;]","og_url":"https:\/\/schroevendump.nl\/fr\/produit\/stanley-impact-line-powder-red-225g-1-47-804-pour-un-marquage-durable\/","og_site_name":"Schroevendump","article_modified_time":"2025-12-10T11:59:13+00:00","og_image":[{"width":500,"height":500,"url":"https:\/\/schroevendump.nl\/wp-content\/uploads\/2025\/05\/1-47-404_1_1_-removebg-preview.png","type":"image\/png"}],"twitter_card":"summary_large_image","twitter_misc":{"Dur\u00e9e de lecture estim\u00e9e":"1 minute"},"schema":{"@context":"https:\/\/schema.org","@graph":[{"@type":"WebPage","@id":"https:\/\/schroevendump.nl\/fr\/produit\/stanley-impact-line-powder-red-225g-1-47-804-pour-un-marquage-durable\/","url":"https:\/\/schroevendump.nl\/fr\/produit\/stanley-impact-line-powder-red-225g-1-47-804-pour-un-marquage-durable\/","name":"Stanley Impact Line Powder Red 225g - 1-47-804 - Pour un marquage durable - Schroevendump","isPartOf":{"@id":"https:\/\/schroevendump.nl\/fr\/#website"},"primaryImageOfPage":{"@id":"https:\/\/schroevendump.nl\/fr\/produit\/stanley-impact-line-powder-red-225g-1-47-804-pour-un-marquage-durable\/#primaryimage"},"image":{"@id":"https:\/\/schroevendump.nl\/fr\/produit\/stanley-impact-line-powder-red-225g-1-47-804-pour-un-marquage-durable\/#primaryimage"},"thumbnailUrl":"https:\/\/schroevendump.nl\/wp-content\/uploads\/2025\/05\/1-47-404_1_1_-removebg-preview.png","datePublished":"2025-07-26T19:18:23+00:00","dateModified":"2025-12-10T11:59:13+00:00","breadcrumb":{"@id":"https:\/\/schroevendump.nl\/fr\/produit\/stanley-impact-line-powder-red-225g-1-47-804-pour-un-marquage-durable\/#breadcrumb"},"inLanguage":"fr-FR","potentialAction":[{"@type":"ReadAction","target":["https:\/\/schroevendump.nl\/fr\/produit\/stanley-impact-line-powder-red-225g-1-47-804-pour-un-marquage-durable\/"]}]},{"@type":"ImageObject","inLanguage":"fr-FR","@id":"https:\/\/schroevendump.nl\/fr\/produit\/stanley-impact-line-powder-red-225g-1-47-804-pour-un-marquage-durable\/#primaryimage","url":"https:\/\/schroevendump.nl\/wp-content\/uploads\/2025\/05\/1-47-404_1_1_-removebg-preview.png","contentUrl":"https:\/\/schroevendump.nl\/wp-content\/uploads\/2025\/05\/1-47-404_1_1_-removebg-preview.png","width":500,"height":500},{"@type":"BreadcrumbList","@id":"https:\/\/schroevendump.nl\/fr\/produit\/stanley-impact-line-powder-red-225g-1-47-804-pour-un-marquage-durable\/#breadcrumb","itemListElement":[{"@type":"ListItem","position":1,"name":"Accueil","item":"https:\/\/schroevendump.nl\/fr\/"},{"@type":"ListItem","position":2,"name":"Boutique","item":"https:\/\/schroevendump.nl\/fr\/boutique\/"},{"@type":"ListItem","position":3,"name":"Stanley Impact Line Powder Red 225g &#8211; 1-47-804 &#8211; Pour un marquage durable"}]},{"@type":"WebSite","@id":"https:\/\/schroevendump.nl\/fr\/#website","url":"https:\/\/schroevendump.nl\/fr\/","name":"Schroevendump","description":"","potentialAction":[{"@type":"SearchAction","target":{"@type":"EntryPoint","urlTemplate":"https:\/\/schroevendump.nl\/fr\/?s={search_term_string}"},"query-input":{"@type":"PropertyValueSpecification","valueRequired":true,"valueName":"search_term_string"}}],"inLanguage":"fr-FR"}]}},"_links":{"self":[{"href":"https:\/\/schroevendump.nl\/fr\/wp-json\/wp\/v2\/product\/28649","targetHints":{"allow":["GET"]}}],"collection":[{"href":"https:\/\/schroevendump.nl\/fr\/wp-json\/wp\/v2\/product"}],"about":[{"href":"https:\/\/schroevendump.nl\/fr\/wp-json\/wp\/v2\/types\/product"}],"replies":[{"embeddable":true,"href":"https:\/\/schroevendump.nl\/fr\/wp-json\/wp\/v2\/comments?post=28649"}],"wp:featuredmedia":[{"embeddable":true,"href":"https:\/\/schroevendump.nl\/fr\/wp-json\/wp\/v2\/media\/28656"}],"wp:attachment":[{"href":"https:\/\/schroevendump.nl\/fr\/wp-json\/wp\/v2\/media?parent=28649"}],"wp:term":[{"taxonomy":"product_brand","embeddable":true,"href":"https:\/\/schroevendump.nl\/fr\/wp-json\/wp\/v2\/product_brand?post=28649"},{"taxonomy":"product_cat","embeddable":true,"href":"https:\/\/schroevendump.nl\/fr\/wp-json\/wp\/v2\/product_cat?post=28649"},{"taxonomy":"product_tag","embeddable":true,"href":"https:\/\/schroevendump.nl\/fr\/wp-json\/wp\/v2\/product_tag?post=28649"}],"curies":[{"name":"wp","href":"https:\/\/api.w.org\/{rel}","templated":true}]}}