{"id":28655,"date":"2025-07-26T18:53:39","date_gmt":"2025-07-26T18:53:39","guid":{"rendered":"https:\/\/schroevendump.nl\/product\/stanley-surform-block-planer-140mm-hobby-model\/"},"modified":"2025-12-10T11:58:56","modified_gmt":"2025-12-10T11:58:56","slug":"stanley-surform-block-planer-140mm-hobby-model","status":"publish","type":"product","link":"https:\/\/schroevendump.nl\/fr\/produit\/stanley-surform-block-planer-140mm-hobby-model\/","title":{"rendered":"Stanley Surform Block Planer 140mm &#8211; Hobby Model"},"content":{"rendered":"<h3 data-start=\"143\" data-end=\"196\">\ud83d\udd27 <strong data-start=\"150\" data-end=\"196\">Stanley Surform Block Planer Hobby &#8211; 140mm<\/strong><\/h3>\n<p data-start=\"198\" data-end=\"454\"><strong data-start=\"198\" data-end=\"215\">Description :<\/strong><br data-start=\"215\" data-end=\"218\">Raboteuse compacte et pratique de Stanley, parfaite pour raboter et fa\u00e7onner les cloisons s\u00e8ches et autres. Gr\u00e2ce \u00e0 sa conception l\u00e9g\u00e8re et \u00e0 sa prise en main confortable, ce rabot est id\u00e9al pour les loisirs et les petits travaux.<\/p>\n<p data-start=\"456\" data-end=\"470\"><strong data-start=\"456\" data-end=\"470\">Caract\u00e9ristiques :<\/strong><\/p>\n<ul data-start=\"471\" data-end=\"766\">\n<li data-start=\"471\" data-end=\"493\">\n<p data-start=\"473\" data-end=\"493\"><strong data-start=\"473\" data-end=\"484\">Longueur :<\/strong> 140 mm<\/p>\n<\/li>\n<li data-start=\"494\" data-end=\"531\">\n<p data-start=\"496\" data-end=\"531\"><strong data-start=\"496\" data-end=\"505\">Type :<\/strong> Raboteuse, mod\u00e8le Hobby<\/p>\n<\/li>\n<li data-start=\"532\" data-end=\"553\">\n<p data-start=\"534\" data-end=\"553\"><strong data-start=\"534\" data-end=\"543\">Marque :<\/strong> Stanley<\/p>\n<\/li>\n<li data-start=\"554\" data-end=\"585\">\n<p data-start=\"556\" data-end=\"585\"><strong data-start=\"556\" data-end=\"574\">Num\u00e9ro d&#8217;article :<\/strong> 5-21-104<\/p>\n<\/li>\n<li data-start=\"586\" data-end=\"663\">\n<p data-start=\"588\" data-end=\"663\">Convient pour le traitement rapide et efficace de diff\u00e9rents mat\u00e9riaux<\/p>\n<\/li>\n<li data-start=\"664\" data-end=\"718\">\n<p data-start=\"666\" data-end=\"718\">Corps en plastique l\u00e9ger avec lame de rabotage en m\u00e9tal<\/p>\n<\/li>\n<li data-start=\"719\" data-end=\"766\">\n<p data-start=\"721\" data-end=\"766\">Lame rempla\u00e7able (lames Surform de Stanley)<\/p>\n<\/li>\n<\/ul>\n<p data-start=\"768\" data-end=\"913\"><strong data-start=\"768\" data-end=\"783\">Application :<\/strong><br data-start=\"783\" data-end=\"786\">Convient pour le travail du bois, les plaques de pl\u00e2tre, le plastique et d&#8217;autres mat\u00e9riaux souples. Parfait pour les finitions, les retouches ou le modelage.<\/p>\n","protected":false},"excerpt":{"rendered":"<p>\ud83d\udd27 Stanley Surform Block Planer Hobby &#8211; 140mm Description :Raboteuse compacte et pratique de Stanley, parfaite pour raboter et fa\u00e7onner les cloisons s\u00e8ches et autres. Gr\u00e2ce \u00e0 sa conception l\u00e9g\u00e8re et \u00e0 sa prise en main confortable, ce rabot est id\u00e9al pour les loisirs et les petits travaux. Caract\u00e9ristiques : Longueur : 140 mm Type [&hellip;]<\/p>\n","protected":false},"featured_media":28644,"comment_status":"open","ping_status":"closed","template":"","meta":[],"product_brand":[],"product_cat":[590],"product_tag":[],"class_list":{"0":"post-28655","1":"product","2":"type-product","3":"status-publish","4":"has-post-thumbnail","6":"product_cat-outils-a-main","8":"first","9":"instock","10":"taxable","11":"shipping-taxable","12":"purchasable","13":"product-type-simple"},"supplier_id":null,"supplier_sku":"","barcode":null,"atum_controlled":true,"out_stock_date":null,"out_stock_threshold":null,"inheritable":false,"inbound_stock":0,"stock_on_hold":0,"sold_today":0,"sales_last_days":0,"reserved_stock":0,"customer_returns":0,"warehouse_damage":0,"lost_in_post":0,"other_logs":0,"out_stock_days":0,"lost_sales":0,"has_location":false,"update_date":"2026-05-08T01:09:59","atum_locations":[],"atum_stock_status":"instock","restock_status":false,"low_stock_amount":"","sales_update_date":"2026-05-08T01:09:59","calc_backorders":null,"acf":[],"yoast_head":"<!-- This site is optimized with the Yoast SEO plugin v26.6 - https:\/\/yoast.com\/wordpress\/plugins\/seo\/ -->\n<title>Stanley Surform Block Planer 140mm - Hobby Model - Schroevendump<\/title>\n<meta name=\"robots\" content=\"index, follow, max-snippet:-1, max-image-preview:large, max-video-preview:-1\" \/>\n<link rel=\"canonical\" href=\"https:\/\/schroevendump.nl\/fr\/produit\/stanley-surform-block-planer-140mm-hobby-model\/\" \/>\n<meta property=\"og:locale\" content=\"fr_FR\" \/>\n<meta property=\"og:type\" content=\"article\" \/>\n<meta property=\"og:title\" content=\"Stanley Surform Block Planer 140mm - Hobby Model - Schroevendump\" \/>\n<meta property=\"og:description\" content=\"\ud83d\udd27 Stanley Surform Block Planer Hobby &#8211; 140mm Description :Raboteuse compacte et pratique de Stanley, parfaite pour raboter et fa\u00e7onner les cloisons s\u00e8ches et autres. Gr\u00e2ce \u00e0 sa conception l\u00e9g\u00e8re et \u00e0 sa prise en main confortable, ce rabot est id\u00e9al pour les loisirs et les petits travaux. Caract\u00e9ristiques : Longueur : 140 mm Type [&hellip;]\" \/>\n<meta property=\"og:url\" content=\"https:\/\/schroevendump.nl\/fr\/produit\/stanley-surform-block-planer-140mm-hobby-model\/\" \/>\n<meta property=\"og:site_name\" content=\"Schroevendump\" \/>\n<meta property=\"article:modified_time\" content=\"2025-12-10T11:58:56+00:00\" \/>\n<meta property=\"og:image\" content=\"https:\/\/schroevendump.nl\/wp-content\/uploads\/2025\/07\/Ecomm_Large-5-21-104_1_1_-removebg-preview-e1753557213148.png\" \/>\n\t<meta property=\"og:image:width\" content=\"406\" \/>\n\t<meta property=\"og:image:height\" content=\"392\" \/>\n\t<meta property=\"og:image:type\" content=\"image\/png\" \/>\n<meta name=\"twitter:card\" content=\"summary_large_image\" \/>\n<meta name=\"twitter:label1\" content=\"Dur\u00e9e de lecture estim\u00e9e\" \/>\n\t<meta name=\"twitter:data1\" content=\"1 minute\" \/>\n<script type=\"application\/ld+json\" class=\"yoast-schema-graph\">{\"@context\":\"https:\/\/schema.org\",\"@graph\":[{\"@type\":\"WebPage\",\"@id\":\"https:\/\/schroevendump.nl\/fr\/produit\/stanley-surform-block-planer-140mm-hobby-model\/\",\"url\":\"https:\/\/schroevendump.nl\/fr\/produit\/stanley-surform-block-planer-140mm-hobby-model\/\",\"name\":\"Stanley Surform Block Planer 140mm - Hobby Model - Schroevendump\",\"isPartOf\":{\"@id\":\"https:\/\/schroevendump.nl\/fr\/#website\"},\"primaryImageOfPage\":{\"@id\":\"https:\/\/schroevendump.nl\/fr\/produit\/stanley-surform-block-planer-140mm-hobby-model\/#primaryimage\"},\"image\":{\"@id\":\"https:\/\/schroevendump.nl\/fr\/produit\/stanley-surform-block-planer-140mm-hobby-model\/#primaryimage\"},\"thumbnailUrl\":\"https:\/\/schroevendump.nl\/wp-content\/uploads\/2025\/07\/Ecomm_Large-5-21-104_1_1_-removebg-preview-e1753557213148.png\",\"datePublished\":\"2025-07-26T18:53:39+00:00\",\"dateModified\":\"2025-12-10T11:58:56+00:00\",\"breadcrumb\":{\"@id\":\"https:\/\/schroevendump.nl\/fr\/produit\/stanley-surform-block-planer-140mm-hobby-model\/#breadcrumb\"},\"inLanguage\":\"fr-FR\",\"potentialAction\":[{\"@type\":\"ReadAction\",\"target\":[\"https:\/\/schroevendump.nl\/fr\/produit\/stanley-surform-block-planer-140mm-hobby-model\/\"]}]},{\"@type\":\"ImageObject\",\"inLanguage\":\"fr-FR\",\"@id\":\"https:\/\/schroevendump.nl\/fr\/produit\/stanley-surform-block-planer-140mm-hobby-model\/#primaryimage\",\"url\":\"https:\/\/schroevendump.nl\/wp-content\/uploads\/2025\/07\/Ecomm_Large-5-21-104_1_1_-removebg-preview-e1753557213148.png\",\"contentUrl\":\"https:\/\/schroevendump.nl\/wp-content\/uploads\/2025\/07\/Ecomm_Large-5-21-104_1_1_-removebg-preview-e1753557213148.png\",\"width\":406,\"height\":392},{\"@type\":\"BreadcrumbList\",\"@id\":\"https:\/\/schroevendump.nl\/fr\/produit\/stanley-surform-block-planer-140mm-hobby-model\/#breadcrumb\",\"itemListElement\":[{\"@type\":\"ListItem\",\"position\":1,\"name\":\"Accueil\",\"item\":\"https:\/\/schroevendump.nl\/fr\/\"},{\"@type\":\"ListItem\",\"position\":2,\"name\":\"Boutique\",\"item\":\"https:\/\/schroevendump.nl\/fr\/boutique\/\"},{\"@type\":\"ListItem\",\"position\":3,\"name\":\"Stanley Surform Block Planer 140mm &#8211; Hobby Model\"}]},{\"@type\":\"WebSite\",\"@id\":\"https:\/\/schroevendump.nl\/fr\/#website\",\"url\":\"https:\/\/schroevendump.nl\/fr\/\",\"name\":\"Schroevendump\",\"description\":\"\",\"potentialAction\":[{\"@type\":\"SearchAction\",\"target\":{\"@type\":\"EntryPoint\",\"urlTemplate\":\"https:\/\/schroevendump.nl\/fr\/?s={search_term_string}\"},\"query-input\":{\"@type\":\"PropertyValueSpecification\",\"valueRequired\":true,\"valueName\":\"search_term_string\"}}],\"inLanguage\":\"fr-FR\"}]}<\/script>\n<!-- \/ Yoast SEO plugin. -->","yoast_head_json":{"title":"Stanley Surform Block Planer 140mm - Hobby Model - Schroevendump","robots":{"index":"index","follow":"follow","max-snippet":"max-snippet:-1","max-image-preview":"max-image-preview:large","max-video-preview":"max-video-preview:-1"},"canonical":"https:\/\/schroevendump.nl\/fr\/produit\/stanley-surform-block-planer-140mm-hobby-model\/","og_locale":"fr_FR","og_type":"article","og_title":"Stanley Surform Block Planer 140mm - Hobby Model - Schroevendump","og_description":"\ud83d\udd27 Stanley Surform Block Planer Hobby &#8211; 140mm Description :Raboteuse compacte et pratique de Stanley, parfaite pour raboter et fa\u00e7onner les cloisons s\u00e8ches et autres. Gr\u00e2ce \u00e0 sa conception l\u00e9g\u00e8re et \u00e0 sa prise en main confortable, ce rabot est id\u00e9al pour les loisirs et les petits travaux. Caract\u00e9ristiques : Longueur : 140 mm Type [&hellip;]","og_url":"https:\/\/schroevendump.nl\/fr\/produit\/stanley-surform-block-planer-140mm-hobby-model\/","og_site_name":"Schroevendump","article_modified_time":"2025-12-10T11:58:56+00:00","og_image":[{"width":406,"height":392,"url":"https:\/\/schroevendump.nl\/wp-content\/uploads\/2025\/07\/Ecomm_Large-5-21-104_1_1_-removebg-preview-e1753557213148.png","type":"image\/png"}],"twitter_card":"summary_large_image","twitter_misc":{"Dur\u00e9e de lecture estim\u00e9e":"1 minute"},"schema":{"@context":"https:\/\/schema.org","@graph":[{"@type":"WebPage","@id":"https:\/\/schroevendump.nl\/fr\/produit\/stanley-surform-block-planer-140mm-hobby-model\/","url":"https:\/\/schroevendump.nl\/fr\/produit\/stanley-surform-block-planer-140mm-hobby-model\/","name":"Stanley Surform Block Planer 140mm - Hobby Model - Schroevendump","isPartOf":{"@id":"https:\/\/schroevendump.nl\/fr\/#website"},"primaryImageOfPage":{"@id":"https:\/\/schroevendump.nl\/fr\/produit\/stanley-surform-block-planer-140mm-hobby-model\/#primaryimage"},"image":{"@id":"https:\/\/schroevendump.nl\/fr\/produit\/stanley-surform-block-planer-140mm-hobby-model\/#primaryimage"},"thumbnailUrl":"https:\/\/schroevendump.nl\/wp-content\/uploads\/2025\/07\/Ecomm_Large-5-21-104_1_1_-removebg-preview-e1753557213148.png","datePublished":"2025-07-26T18:53:39+00:00","dateModified":"2025-12-10T11:58:56+00:00","breadcrumb":{"@id":"https:\/\/schroevendump.nl\/fr\/produit\/stanley-surform-block-planer-140mm-hobby-model\/#breadcrumb"},"inLanguage":"fr-FR","potentialAction":[{"@type":"ReadAction","target":["https:\/\/schroevendump.nl\/fr\/produit\/stanley-surform-block-planer-140mm-hobby-model\/"]}]},{"@type":"ImageObject","inLanguage":"fr-FR","@id":"https:\/\/schroevendump.nl\/fr\/produit\/stanley-surform-block-planer-140mm-hobby-model\/#primaryimage","url":"https:\/\/schroevendump.nl\/wp-content\/uploads\/2025\/07\/Ecomm_Large-5-21-104_1_1_-removebg-preview-e1753557213148.png","contentUrl":"https:\/\/schroevendump.nl\/wp-content\/uploads\/2025\/07\/Ecomm_Large-5-21-104_1_1_-removebg-preview-e1753557213148.png","width":406,"height":392},{"@type":"BreadcrumbList","@id":"https:\/\/schroevendump.nl\/fr\/produit\/stanley-surform-block-planer-140mm-hobby-model\/#breadcrumb","itemListElement":[{"@type":"ListItem","position":1,"name":"Accueil","item":"https:\/\/schroevendump.nl\/fr\/"},{"@type":"ListItem","position":2,"name":"Boutique","item":"https:\/\/schroevendump.nl\/fr\/boutique\/"},{"@type":"ListItem","position":3,"name":"Stanley Surform Block Planer 140mm &#8211; Hobby Model"}]},{"@type":"WebSite","@id":"https:\/\/schroevendump.nl\/fr\/#website","url":"https:\/\/schroevendump.nl\/fr\/","name":"Schroevendump","description":"","potentialAction":[{"@type":"SearchAction","target":{"@type":"EntryPoint","urlTemplate":"https:\/\/schroevendump.nl\/fr\/?s={search_term_string}"},"query-input":{"@type":"PropertyValueSpecification","valueRequired":true,"valueName":"search_term_string"}}],"inLanguage":"fr-FR"}]}},"_links":{"self":[{"href":"https:\/\/schroevendump.nl\/fr\/wp-json\/wp\/v2\/product\/28655","targetHints":{"allow":["GET"]}}],"collection":[{"href":"https:\/\/schroevendump.nl\/fr\/wp-json\/wp\/v2\/product"}],"about":[{"href":"https:\/\/schroevendump.nl\/fr\/wp-json\/wp\/v2\/types\/product"}],"replies":[{"embeddable":true,"href":"https:\/\/schroevendump.nl\/fr\/wp-json\/wp\/v2\/comments?post=28655"}],"wp:featuredmedia":[{"embeddable":true,"href":"https:\/\/schroevendump.nl\/fr\/wp-json\/wp\/v2\/media\/28644"}],"wp:attachment":[{"href":"https:\/\/schroevendump.nl\/fr\/wp-json\/wp\/v2\/media?parent=28655"}],"wp:term":[{"taxonomy":"product_brand","embeddable":true,"href":"https:\/\/schroevendump.nl\/fr\/wp-json\/wp\/v2\/product_brand?post=28655"},{"taxonomy":"product_cat","embeddable":true,"href":"https:\/\/schroevendump.nl\/fr\/wp-json\/wp\/v2\/product_cat?post=28655"},{"taxonomy":"product_tag","embeddable":true,"href":"https:\/\/schroevendump.nl\/fr\/wp-json\/wp\/v2\/product_tag?post=28655"}],"curies":[{"name":"wp","href":"https:\/\/api.w.org\/{rel}","templated":true}]}}