{"id":28665,"date":"2025-07-26T18:42:47","date_gmt":"2025-07-26T18:42:47","guid":{"rendered":"https:\/\/schroevendump.nl\/product\/alu-tape-50mm-x-50m-pour-lisolation-et-les-conduits-dair\/"},"modified":"2025-12-10T11:59:43","modified_gmt":"2025-12-10T11:59:43","slug":"alu-tape-50mm-x-50m-pour-lisolation-et-les-conduits-dair","status":"publish","type":"product","link":"https:\/\/schroevendump.nl\/fr\/produit\/alu-tape-50mm-x-50m-pour-lisolation-et-les-conduits-dair\/","title":{"rendered":"Alu Tape 50mm x 50m &#8211; Pour l&#8217;isolation et les conduits d&#8217;air"},"content":{"rendered":"<h3 data-start=\"95\" data-end=\"137\">\ud83d\udd29 <strong data-start=\"102\" data-end=\"137\">Ruban d&#8217;aluminium 50 mm x 50 m\u00e8tres<\/strong><\/h3>\n<p data-start=\"139\" data-end=\"373\"><strong data-start=\"139\" data-end=\"156\">Description :<\/strong><br data-start=\"156\" data-end=\"159\">Ruban adh\u00e9sif en aluminium solide et r\u00e9sistant \u00e0 la chaleur pour un usage professionnel. Id\u00e9al pour sceller les conduits d&#8217;air, les mat\u00e9riaux d&#8217;isolation, les joints, les interstices et autres applications n\u00e9cessitant une r\u00e9sistance \u00e0 la chaleur ou \u00e0 l&#8217;humidit\u00e9.<\/p>\n<p data-start=\"375\" data-end=\"393\"><strong data-start=\"375\" data-end=\"393\">Sp\u00e9cifications :<\/strong><\/p>\n<ul data-start=\"394\" data-end=\"565\">\n<li data-start=\"394\" data-end=\"416\">\n<p data-start=\"396\" data-end=\"416\"><strong data-start=\"396\" data-end=\"408\">Largeur :<\/strong> 50 mm<\/p>\n<\/li>\n<li data-start=\"417\" data-end=\"441\">\n<p data-start=\"419\" data-end=\"441\"><strong data-start=\"419\" data-end=\"430\">Longueur :<\/strong> 50 m\u00e8tres<\/p>\n<\/li>\n<li data-start=\"442\" data-end=\"490\">\n<p data-start=\"444\" data-end=\"490\"><strong data-start=\"444\" data-end=\"458\">Mat\u00e9riau :<\/strong> Aluminium avec rev\u00eatement adh\u00e9sif puissant<\/p>\n<\/li>\n<li data-start=\"491\" data-end=\"519\">\n<p data-start=\"493\" data-end=\"519\"><strong data-start=\"493\" data-end=\"517\">R\u00e9sistant \u00e0 la temp\u00e9rature<\/strong><\/p>\n<\/li>\n<li data-start=\"520\" data-end=\"547\">\n<p data-start=\"522\" data-end=\"547\"><strong data-start=\"522\" data-end=\"545\">Imperm\u00e9able \u00e0 l&#8217;eau et \u00e0 la vapeur<\/strong><\/p>\n<\/li>\n<li data-start=\"548\" data-end=\"565\">\n<p data-start=\"550\" data-end=\"565\"><strong data-start=\"550\" data-end=\"565\">Autocollant<\/strong><\/p>\n<\/li>\n<\/ul>\n<p data-start=\"567\" data-end=\"717\"><strong data-start=\"567\" data-end=\"582\">Application :<\/strong><br data-start=\"582\" data-end=\"585\">Parfait pour les installations HVAC, les travaux d&#8217;isolation, les conduits d&#8217;air, les tuyaux et le masquage des feuilles d&#8217;aluminium et de l&#8217;isolation PUR.<\/p>\n","protected":false},"excerpt":{"rendered":"<p>\ud83d\udd29 Ruban d&#8217;aluminium 50 mm x 50 m\u00e8tres Description :Ruban adh\u00e9sif en aluminium solide et r\u00e9sistant \u00e0 la chaleur pour un usage professionnel. Id\u00e9al pour sceller les conduits d&#8217;air, les mat\u00e9riaux d&#8217;isolation, les joints, les interstices et autres applications n\u00e9cessitant une r\u00e9sistance \u00e0 la chaleur ou \u00e0 l&#8217;humidit\u00e9. Sp\u00e9cifications : Largeur : 50 mm Longueur [&hellip;]<\/p>\n","protected":false},"featured_media":32852,"comment_status":"open","ping_status":"closed","template":"","meta":[],"product_brand":[],"product_cat":[604],"product_tag":[],"class_list":{"0":"post-28665","1":"product","2":"type-product","3":"status-publish","4":"has-post-thumbnail","6":"product_cat-pneus-et-robinets","8":"first","9":"instock","10":"taxable","11":"shipping-taxable","12":"purchasable","13":"product-type-simple"},"supplier_id":null,"supplier_sku":"","barcode":null,"atum_controlled":true,"out_stock_date":null,"out_stock_threshold":null,"inheritable":false,"inbound_stock":0,"stock_on_hold":0,"sold_today":0,"sales_last_days":0,"reserved_stock":0,"customer_returns":0,"warehouse_damage":0,"lost_in_post":0,"other_logs":0,"out_stock_days":0,"lost_sales":0,"has_location":false,"update_date":"2026-04-18T01:05:26","atum_locations":[],"atum_stock_status":"instock","restock_status":false,"low_stock_amount":"","sales_update_date":"2026-04-18T01:05:26","calc_backorders":null,"acf":[],"yoast_head":"<!-- This site is optimized with the Yoast SEO plugin v26.6 - https:\/\/yoast.com\/wordpress\/plugins\/seo\/ -->\n<title>Alu Tape 50mm x 50m - Pour l&#039;isolation et les conduits d&#039;air - Schroevendump<\/title>\n<meta name=\"robots\" content=\"index, follow, max-snippet:-1, max-image-preview:large, max-video-preview:-1\" \/>\n<link rel=\"canonical\" href=\"https:\/\/schroevendump.nl\/fr\/produit\/alu-tape-50mm-x-50m-pour-lisolation-et-les-conduits-dair\/\" \/>\n<meta property=\"og:locale\" content=\"fr_FR\" \/>\n<meta property=\"og:type\" content=\"article\" \/>\n<meta property=\"og:title\" content=\"Alu Tape 50mm x 50m - Pour l&#039;isolation et les conduits d&#039;air - Schroevendump\" \/>\n<meta property=\"og:description\" content=\"\ud83d\udd29 Ruban d&#8217;aluminium 50 mm x 50 m\u00e8tres Description :Ruban adh\u00e9sif en aluminium solide et r\u00e9sistant \u00e0 la chaleur pour un usage professionnel. Id\u00e9al pour sceller les conduits d&#8217;air, les mat\u00e9riaux d&#8217;isolation, les joints, les interstices et autres applications n\u00e9cessitant une r\u00e9sistance \u00e0 la chaleur ou \u00e0 l&#8217;humidit\u00e9. Sp\u00e9cifications : Largeur : 50 mm Longueur [&hellip;]\" \/>\n<meta property=\"og:url\" content=\"https:\/\/schroevendump.nl\/fr\/produit\/alu-tape-50mm-x-50m-pour-lisolation-et-les-conduits-dair\/\" \/>\n<meta property=\"og:site_name\" content=\"Schroevendump\" \/>\n<meta property=\"article:modified_time\" content=\"2025-12-10T11:59:43+00:00\" \/>\n<meta property=\"og:image\" content=\"https:\/\/schroevendump.nl\/wp-content\/uploads\/2025\/07\/aluminiumtape-schroevendump-300x300-removebg-preview.png\" \/>\n\t<meta property=\"og:image:width\" content=\"300\" \/>\n\t<meta property=\"og:image:height\" content=\"300\" \/>\n\t<meta property=\"og:image:type\" content=\"image\/png\" \/>\n<meta name=\"twitter:card\" content=\"summary_large_image\" \/>\n<meta name=\"twitter:label1\" content=\"Dur\u00e9e de lecture estim\u00e9e\" \/>\n\t<meta name=\"twitter:data1\" content=\"1 minute\" \/>\n<script type=\"application\/ld+json\" class=\"yoast-schema-graph\">{\"@context\":\"https:\/\/schema.org\",\"@graph\":[{\"@type\":\"WebPage\",\"@id\":\"https:\/\/schroevendump.nl\/fr\/produit\/alu-tape-50mm-x-50m-pour-lisolation-et-les-conduits-dair\/\",\"url\":\"https:\/\/schroevendump.nl\/fr\/produit\/alu-tape-50mm-x-50m-pour-lisolation-et-les-conduits-dair\/\",\"name\":\"Alu Tape 50mm x 50m - Pour l'isolation et les conduits d'air - Schroevendump\",\"isPartOf\":{\"@id\":\"https:\/\/schroevendump.nl\/fr\/#website\"},\"primaryImageOfPage\":{\"@id\":\"https:\/\/schroevendump.nl\/fr\/produit\/alu-tape-50mm-x-50m-pour-lisolation-et-les-conduits-dair\/#primaryimage\"},\"image\":{\"@id\":\"https:\/\/schroevendump.nl\/fr\/produit\/alu-tape-50mm-x-50m-pour-lisolation-et-les-conduits-dair\/#primaryimage\"},\"thumbnailUrl\":\"https:\/\/schroevendump.nl\/wp-content\/uploads\/2025\/07\/alu-tape.png\",\"datePublished\":\"2025-07-26T18:42:47+00:00\",\"dateModified\":\"2025-12-10T11:59:43+00:00\",\"breadcrumb\":{\"@id\":\"https:\/\/schroevendump.nl\/fr\/produit\/alu-tape-50mm-x-50m-pour-lisolation-et-les-conduits-dair\/#breadcrumb\"},\"inLanguage\":\"fr-FR\",\"potentialAction\":[{\"@type\":\"ReadAction\",\"target\":[\"https:\/\/schroevendump.nl\/fr\/produit\/alu-tape-50mm-x-50m-pour-lisolation-et-les-conduits-dair\/\"]}]},{\"@type\":\"ImageObject\",\"inLanguage\":\"fr-FR\",\"@id\":\"https:\/\/schroevendump.nl\/fr\/produit\/alu-tape-50mm-x-50m-pour-lisolation-et-les-conduits-dair\/#primaryimage\",\"url\":\"https:\/\/schroevendump.nl\/wp-content\/uploads\/2025\/07\/alu-tape.png\",\"contentUrl\":\"https:\/\/schroevendump.nl\/wp-content\/uploads\/2025\/07\/alu-tape.png\",\"width\":1024,\"height\":1024},{\"@type\":\"BreadcrumbList\",\"@id\":\"https:\/\/schroevendump.nl\/fr\/produit\/alu-tape-50mm-x-50m-pour-lisolation-et-les-conduits-dair\/#breadcrumb\",\"itemListElement\":[{\"@type\":\"ListItem\",\"position\":1,\"name\":\"Accueil\",\"item\":\"https:\/\/schroevendump.nl\/fr\/\"},{\"@type\":\"ListItem\",\"position\":2,\"name\":\"Boutique\",\"item\":\"https:\/\/schroevendump.nl\/fr\/boutique\/\"},{\"@type\":\"ListItem\",\"position\":3,\"name\":\"Alu Tape 50mm x 50m &#8211; Pour l&#8217;isolation et les conduits d&#8217;air\"}]},{\"@type\":\"WebSite\",\"@id\":\"https:\/\/schroevendump.nl\/fr\/#website\",\"url\":\"https:\/\/schroevendump.nl\/fr\/\",\"name\":\"Schroevendump\",\"description\":\"\",\"potentialAction\":[{\"@type\":\"SearchAction\",\"target\":{\"@type\":\"EntryPoint\",\"urlTemplate\":\"https:\/\/schroevendump.nl\/fr\/?s={search_term_string}\"},\"query-input\":{\"@type\":\"PropertyValueSpecification\",\"valueRequired\":true,\"valueName\":\"search_term_string\"}}],\"inLanguage\":\"fr-FR\"}]}<\/script>\n<!-- \/ Yoast SEO plugin. -->","yoast_head_json":{"title":"Alu Tape 50mm x 50m - Pour l'isolation et les conduits d'air - Schroevendump","robots":{"index":"index","follow":"follow","max-snippet":"max-snippet:-1","max-image-preview":"max-image-preview:large","max-video-preview":"max-video-preview:-1"},"canonical":"https:\/\/schroevendump.nl\/fr\/produit\/alu-tape-50mm-x-50m-pour-lisolation-et-les-conduits-dair\/","og_locale":"fr_FR","og_type":"article","og_title":"Alu Tape 50mm x 50m - Pour l'isolation et les conduits d'air - Schroevendump","og_description":"\ud83d\udd29 Ruban d&#8217;aluminium 50 mm x 50 m\u00e8tres Description :Ruban adh\u00e9sif en aluminium solide et r\u00e9sistant \u00e0 la chaleur pour un usage professionnel. Id\u00e9al pour sceller les conduits d&#8217;air, les mat\u00e9riaux d&#8217;isolation, les joints, les interstices et autres applications n\u00e9cessitant une r\u00e9sistance \u00e0 la chaleur ou \u00e0 l&#8217;humidit\u00e9. Sp\u00e9cifications : Largeur : 50 mm Longueur [&hellip;]","og_url":"https:\/\/schroevendump.nl\/fr\/produit\/alu-tape-50mm-x-50m-pour-lisolation-et-les-conduits-dair\/","og_site_name":"Schroevendump","article_modified_time":"2025-12-10T11:59:43+00:00","og_image":[{"width":300,"height":300,"url":"https:\/\/schroevendump.nl\/wp-content\/uploads\/2025\/07\/aluminiumtape-schroevendump-300x300-removebg-preview.png","type":"image\/png"}],"twitter_card":"summary_large_image","twitter_misc":{"Dur\u00e9e de lecture estim\u00e9e":"1 minute"},"schema":{"@context":"https:\/\/schema.org","@graph":[{"@type":"WebPage","@id":"https:\/\/schroevendump.nl\/fr\/produit\/alu-tape-50mm-x-50m-pour-lisolation-et-les-conduits-dair\/","url":"https:\/\/schroevendump.nl\/fr\/produit\/alu-tape-50mm-x-50m-pour-lisolation-et-les-conduits-dair\/","name":"Alu Tape 50mm x 50m - Pour l'isolation et les conduits d'air - Schroevendump","isPartOf":{"@id":"https:\/\/schroevendump.nl\/fr\/#website"},"primaryImageOfPage":{"@id":"https:\/\/schroevendump.nl\/fr\/produit\/alu-tape-50mm-x-50m-pour-lisolation-et-les-conduits-dair\/#primaryimage"},"image":{"@id":"https:\/\/schroevendump.nl\/fr\/produit\/alu-tape-50mm-x-50m-pour-lisolation-et-les-conduits-dair\/#primaryimage"},"thumbnailUrl":"https:\/\/schroevendump.nl\/wp-content\/uploads\/2025\/07\/alu-tape.png","datePublished":"2025-07-26T18:42:47+00:00","dateModified":"2025-12-10T11:59:43+00:00","breadcrumb":{"@id":"https:\/\/schroevendump.nl\/fr\/produit\/alu-tape-50mm-x-50m-pour-lisolation-et-les-conduits-dair\/#breadcrumb"},"inLanguage":"fr-FR","potentialAction":[{"@type":"ReadAction","target":["https:\/\/schroevendump.nl\/fr\/produit\/alu-tape-50mm-x-50m-pour-lisolation-et-les-conduits-dair\/"]}]},{"@type":"ImageObject","inLanguage":"fr-FR","@id":"https:\/\/schroevendump.nl\/fr\/produit\/alu-tape-50mm-x-50m-pour-lisolation-et-les-conduits-dair\/#primaryimage","url":"https:\/\/schroevendump.nl\/wp-content\/uploads\/2025\/07\/alu-tape.png","contentUrl":"https:\/\/schroevendump.nl\/wp-content\/uploads\/2025\/07\/alu-tape.png","width":1024,"height":1024},{"@type":"BreadcrumbList","@id":"https:\/\/schroevendump.nl\/fr\/produit\/alu-tape-50mm-x-50m-pour-lisolation-et-les-conduits-dair\/#breadcrumb","itemListElement":[{"@type":"ListItem","position":1,"name":"Accueil","item":"https:\/\/schroevendump.nl\/fr\/"},{"@type":"ListItem","position":2,"name":"Boutique","item":"https:\/\/schroevendump.nl\/fr\/boutique\/"},{"@type":"ListItem","position":3,"name":"Alu Tape 50mm x 50m &#8211; Pour l&#8217;isolation et les conduits d&#8217;air"}]},{"@type":"WebSite","@id":"https:\/\/schroevendump.nl\/fr\/#website","url":"https:\/\/schroevendump.nl\/fr\/","name":"Schroevendump","description":"","potentialAction":[{"@type":"SearchAction","target":{"@type":"EntryPoint","urlTemplate":"https:\/\/schroevendump.nl\/fr\/?s={search_term_string}"},"query-input":{"@type":"PropertyValueSpecification","valueRequired":true,"valueName":"search_term_string"}}],"inLanguage":"fr-FR"}]}},"_links":{"self":[{"href":"https:\/\/schroevendump.nl\/fr\/wp-json\/wp\/v2\/product\/28665","targetHints":{"allow":["GET"]}}],"collection":[{"href":"https:\/\/schroevendump.nl\/fr\/wp-json\/wp\/v2\/product"}],"about":[{"href":"https:\/\/schroevendump.nl\/fr\/wp-json\/wp\/v2\/types\/product"}],"replies":[{"embeddable":true,"href":"https:\/\/schroevendump.nl\/fr\/wp-json\/wp\/v2\/comments?post=28665"}],"wp:featuredmedia":[{"embeddable":true,"href":"https:\/\/schroevendump.nl\/fr\/wp-json\/wp\/v2\/media\/32852"}],"wp:attachment":[{"href":"https:\/\/schroevendump.nl\/fr\/wp-json\/wp\/v2\/media?parent=28665"}],"wp:term":[{"taxonomy":"product_brand","embeddable":true,"href":"https:\/\/schroevendump.nl\/fr\/wp-json\/wp\/v2\/product_brand?post=28665"},{"taxonomy":"product_cat","embeddable":true,"href":"https:\/\/schroevendump.nl\/fr\/wp-json\/wp\/v2\/product_cat?post=28665"},{"taxonomy":"product_tag","embeddable":true,"href":"https:\/\/schroevendump.nl\/fr\/wp-json\/wp\/v2\/product_tag?post=28665"}],"curies":[{"name":"wp","href":"https:\/\/api.w.org\/{rel}","templated":true}]}}