{"id":28680,"date":"2025-06-11T20:01:47","date_gmt":"2025-06-11T20:01:47","guid":{"rendered":"https:\/\/schroevendump.nl\/product\/silvermate-outdoor-screws-6-0x80-ar-coated-part-thread-tx-30-100-pieces\/"},"modified":"2025-12-10T11:58:57","modified_gmt":"2025-12-10T11:58:57","slug":"silvermate-outdoor-screws-6-0x80-ar-coated-part-thread-tx-30-100-pieces","status":"publish","type":"product","link":"https:\/\/schroevendump.nl\/fr\/produit\/silvermate-outdoor-screws-6-0x80-ar-coated-part-thread-tx-30-100-pieces\/","title":{"rendered":"SilverMate Outdoor Screws 6.0&#215;80 AR-Coated Part Thread TX-30 100 pieces"},"content":{"rendered":"<h2 data-start=\"98\" data-end=\"182\"><strong data-start=\"101\" data-end=\"182\">SilverMate Outdoor &#8211; La vis id\u00e9ale pour les applications ext\u00e9rieures (bois contre bois)<\/strong><\/h2>\n<p data-start=\"184\" data-end=\"430\">La <strong data-start=\"187\" data-end=\"209\">SilverMate Outdoor<\/strong> est la vis pour toutes vos applications ext\u00e9rieures bois contre bois. Gr\u00e2ce \u00e0 son <strong data-start=\"292\" data-end=\"313\">rev\u00eatement AR Kaitex de<\/strong> haute qualit\u00e9 et \u00e0 sa construction intelligente, cette vis offre une combinaison parfaite de <strong data-start=\"386\" data-end=\"429\">durabilit\u00e9, de r\u00e9sistance et de facilit\u00e9 de traitement.<\/strong><\/p>\n<h3 data-start=\"432\" data-end=\"470\"><strong data-start=\"436\" data-end=\"470\">Protection contre le vent et les intemp\u00e9ries<\/strong><\/h3>\n<p data-start=\"471\" data-end=\"860\">Le <strong data-start=\"483\" data-end=\"504\">rev\u00eatement<\/strong> sp\u00e9cial <strong data-start=\"483\" data-end=\"504\">AR Kaitex<\/strong> est un rev\u00eatement antirouille argent\u00e9 qui r\u00e9pond \u00e0 la <strong data-start=\"552\" data-end=\"573\">classe de corrosion C4<\/strong>. La vis r\u00e9siste ainsi \u00e0 la pluie, \u00e0 l&#8217;humidit\u00e9 et au gel, ce qui est id\u00e9al pour les applications ext\u00e9rieures \u00e0 long terme telles que les cl\u00f4tures, les rev\u00eatements muraux, les pergolas, les terrasses et les auvents. Le rev\u00eatement est \u00e9galement <strong data-start=\"775\" data-end=\"820\">auto-cicatrisant en cas de dommages mineurs<\/strong>, ce qui garantit une dur\u00e9e de vie plus longue.<\/p>\n<h3 data-start=\"862\" data-end=\"900\"><strong data-start=\"866\" data-end=\"900\">Jusqu&#8217;\u00e0 deux fois plus r\u00e9sistant que l&#8217;acier inoxydable<\/strong><\/h3>\n<p data-start=\"901\" data-end=\"1190\">Contrairement \u00e0 de nombreuses vis en acier inoxydable, les vis SilverMate Outdoor sont jusqu <strong data-start=\"975\" data-end=\"1001\">&#8216;\u00e0 deux fois plus r\u00e9sistantes<\/strong>, ce qui <strong data-start=\"1023\" data-end=\"1066\">minimise le<\/strong> risque de <strong data-start=\"1023\" data-end=\"1066\">rupture lors du vissage<\/strong> &#8211; m\u00eame dans le bois dur ou sous des charges \u00e9lev\u00e9es. Ils offrent donc une s\u00e9curit\u00e9 tant pour le professionnel que pour le bricoleur.<\/p>\n<h3 data-start=\"1192\" data-end=\"1218\"><strong data-start=\"1196\" data-end=\"1218\">Une utilisation parfaite<\/strong><\/h3>\n<ul data-start=\"1219\" data-end=\"1547\">\n<li data-start=\"1219\" data-end=\"1322\">\n<p data-start=\"1221\" data-end=\"1322\"><strong data-start=\"1221\" data-end=\"1235\">Magn\u00e9tique<\/strong>: reste fermement fix\u00e9 \u00e0 l&#8217;embout, id\u00e9al pour travailler au-dessus de la t\u00eate ou d&#8217;une seule main.<\/p>\n<\/li>\n<li data-start=\"1323\" data-end=\"1392\">\n<p data-start=\"1325\" data-end=\"1392\"><strong data-start=\"1325\" data-end=\"1350\">Entra\u00eenement TX (Torx<\/strong>) : pour une prise optimale sans glissement.<\/p>\n<\/li>\n<li data-start=\"1393\" data-end=\"1466\">\n<p data-start=\"1395\" data-end=\"1466\"><strong data-start=\"1395\" data-end=\"1427\">TX-20 de \u00d8 3,5 \u00e0 \u00d8 5,0 mm<\/strong>: pour un traitement solide et s\u00fbr.<\/p>\n<\/li>\n<li data-start=\"1467\" data-end=\"1547\">\n<p data-start=\"1469\" data-end=\"1547\"><strong data-start=\"1469\" data-end=\"1491\">Vissage en douceur<\/strong> gr\u00e2ce \u00e0 un faible coefficient de frottement et \u00e0 des filets fins.<\/p>\n<\/li>\n<\/ul>\n<hr data-start=\"1549\" data-end=\"1552\">\n<h3 data-start=\"1554\" data-end=\"1583\"><strong data-start=\"1558\" data-end=\"1583\">Les avantages en un coup d&#8217;\u0153il :<\/strong><\/h3>\n<ul data-start=\"1584\" data-end=\"2006\">\n<li data-start=\"1584\" data-end=\"1635\">\n<p data-start=\"1586\" data-end=\"1635\"><strong data-start=\"1586\" data-end=\"1633\">Id\u00e9al pour les applications ext\u00e9rieures bois sur bois<\/strong><\/p>\n<\/li>\n<li data-start=\"1636\" data-end=\"1698\">\n<p data-start=\"1638\" data-end=\"1698\"><strong data-start=\"1638\" data-end=\"1664\">AR Kaitex Coating (C4)<\/strong>: protection antirouille argent\u00e9e<\/p>\n<\/li>\n<li data-start=\"1699\" data-end=\"1751\">\n<p data-start=\"1701\" data-end=\"1751\"><strong data-start=\"1701\" data-end=\"1727\">Jusqu&#8217;\u00e0 2 fois plus r\u00e9sistant que l&#8217;acier inoxydable<\/strong>: moins de risques de rupture<\/p>\n<\/li>\n<li data-start=\"1752\" data-end=\"1815\">\n<p data-start=\"1754\" data-end=\"1815\"><strong data-start=\"1754\" data-end=\"1768\">Magn\u00e9tique<\/strong>: id\u00e9al pour une manipulation rapide avec le porte-embout<\/p>\n<\/li>\n<li data-start=\"1816\" data-end=\"1876\">\n<p data-start=\"1818\" data-end=\"1876\"><strong data-start=\"1818\" data-end=\"1874\">Entra\u00eenement TX avec prise ferme (TX-20 jusqu&#8217;\u00e0 \u00d8 5,0 mm)<\/strong><\/p>\n<\/li>\n<li data-start=\"1877\" data-end=\"1926\">\n<p data-start=\"1879\" data-end=\"1926\"><strong data-start=\"1879\" data-end=\"1907\">Rev\u00eatement auto-cicatrisant<\/strong> en cas d&#8217;endommagement<\/p>\n<\/li>\n<li data-start=\"1927\" data-end=\"1967\">\n<p data-start=\"1929\" data-end=\"1967\"><strong data-start=\"1929\" data-end=\"1965\">Convient pour les bois tendres et durs<\/strong><\/p>\n<\/li>\n<li data-start=\"1968\" data-end=\"2006\">\n<p data-start=\"1970\" data-end=\"2006\">R\u00e9sistant aux intemp\u00e9ries<\/p>\n<\/li>\n<\/ul>\n<p data-start=\"2008\" data-end=\"2076\"><strong data-start=\"2008\" data-end=\"2076\">SilverMate Outdoor &#8211; con\u00e7u pour l&#8217;ext\u00e9rieur. Fabriqu\u00e9 pour durer. <\/strong><\/p>\n","protected":false},"excerpt":{"rendered":"<p>SilverMate Outdoor &#8211; La vis id\u00e9ale pour les applications ext\u00e9rieures (bois contre bois) La SilverMate Outdoor est la vis pour toutes vos applications ext\u00e9rieures bois contre bois. Gr\u00e2ce \u00e0 son rev\u00eatement AR Kaitex de haute qualit\u00e9 et \u00e0 sa construction intelligente, cette vis offre une combinaison parfaite de durabilit\u00e9, de r\u00e9sistance et de facilit\u00e9 de [&hellip;]<\/p>\n","protected":false},"featured_media":28586,"comment_status":"open","ping_status":"closed","template":"","meta":[],"product_brand":[],"product_cat":[800],"product_tag":[],"class_list":{"0":"post-28680","1":"product","2":"type-product","3":"status-publish","4":"has-post-thumbnail","6":"product_cat-silvermate-outdoor","7":"pa_draad-filetage-partiel","9":"first","10":"instock","11":"taxable","12":"shipping-taxable","13":"purchasable","14":"product-type-simple"},"supplier_id":null,"supplier_sku":"","barcode":null,"atum_controlled":true,"out_stock_date":null,"out_stock_threshold":null,"inheritable":false,"inbound_stock":0,"stock_on_hold":0,"sold_today":0,"sales_last_days":0,"reserved_stock":0,"customer_returns":0,"warehouse_damage":0,"lost_in_post":0,"other_logs":0,"out_stock_days":0,"lost_sales":0,"has_location":false,"update_date":"2026-04-15T01:01:07","atum_locations":[],"atum_stock_status":"instock","restock_status":false,"low_stock_amount":"","sales_update_date":"2026-04-15T01:01:06","calc_backorders":null,"acf":[],"yoast_head":"<!-- This site is optimized with the Yoast SEO plugin v26.6 - https:\/\/yoast.com\/wordpress\/plugins\/seo\/ -->\n<title>SilverMate Outdoor Screws 6.0x80 AR-Coated Part Thread TX-30 100 pieces - Schroevendump<\/title>\n<meta name=\"robots\" content=\"index, follow, max-snippet:-1, max-image-preview:large, max-video-preview:-1\" \/>\n<link rel=\"canonical\" href=\"https:\/\/schroevendump.nl\/fr\/produit\/silvermate-outdoor-screws-6-0x80-ar-coated-part-thread-tx-30-100-pieces\/\" \/>\n<meta property=\"og:locale\" content=\"fr_FR\" \/>\n<meta property=\"og:type\" content=\"article\" \/>\n<meta property=\"og:title\" content=\"SilverMate Outdoor Screws 6.0x80 AR-Coated Part Thread TX-30 100 pieces - Schroevendump\" \/>\n<meta property=\"og:description\" content=\"SilverMate Outdoor &#8211; La vis id\u00e9ale pour les applications ext\u00e9rieures (bois contre bois) La SilverMate Outdoor est la vis pour toutes vos applications ext\u00e9rieures bois contre bois. Gr\u00e2ce \u00e0 son rev\u00eatement AR Kaitex de haute qualit\u00e9 et \u00e0 sa construction intelligente, cette vis offre une combinaison parfaite de durabilit\u00e9, de r\u00e9sistance et de facilit\u00e9 de [&hellip;]\" \/>\n<meta property=\"og:url\" content=\"https:\/\/schroevendump.nl\/fr\/produit\/silvermate-outdoor-screws-6-0x80-ar-coated-part-thread-tx-30-100-pieces\/\" \/>\n<meta property=\"og:site_name\" content=\"Schroevendump\" \/>\n<meta property=\"article:modified_time\" content=\"2025-12-10T11:58:57+00:00\" \/>\n<meta property=\"og:image\" content=\"https:\/\/schroevendump.nl\/wp-content\/uploads\/2025\/06\/outdoor_dd--scaled-e1749669093901.png\" \/>\n\t<meta property=\"og:image:width\" content=\"2010\" \/>\n\t<meta property=\"og:image:height\" content=\"1610\" \/>\n\t<meta property=\"og:image:type\" content=\"image\/png\" \/>\n<meta name=\"twitter:card\" content=\"summary_large_image\" \/>\n<meta name=\"twitter:label1\" content=\"Dur\u00e9e de lecture estim\u00e9e\" \/>\n\t<meta name=\"twitter:data1\" content=\"2 minutes\" \/>\n<script type=\"application\/ld+json\" class=\"yoast-schema-graph\">{\"@context\":\"https:\/\/schema.org\",\"@graph\":[{\"@type\":\"WebPage\",\"@id\":\"https:\/\/schroevendump.nl\/fr\/produit\/silvermate-outdoor-screws-6-0x80-ar-coated-part-thread-tx-30-100-pieces\/\",\"url\":\"https:\/\/schroevendump.nl\/fr\/produit\/silvermate-outdoor-screws-6-0x80-ar-coated-part-thread-tx-30-100-pieces\/\",\"name\":\"SilverMate Outdoor Screws 6.0x80 AR-Coated Part Thread TX-30 100 pieces - Schroevendump\",\"isPartOf\":{\"@id\":\"https:\/\/schroevendump.nl\/fr\/#website\"},\"primaryImageOfPage\":{\"@id\":\"https:\/\/schroevendump.nl\/fr\/produit\/silvermate-outdoor-screws-6-0x80-ar-coated-part-thread-tx-30-100-pieces\/#primaryimage\"},\"image\":{\"@id\":\"https:\/\/schroevendump.nl\/fr\/produit\/silvermate-outdoor-screws-6-0x80-ar-coated-part-thread-tx-30-100-pieces\/#primaryimage\"},\"thumbnailUrl\":\"https:\/\/schroevendump.nl\/wp-content\/uploads\/2025\/06\/outdoor_dd--scaled-e1749669093901.png\",\"datePublished\":\"2025-06-11T20:01:47+00:00\",\"dateModified\":\"2025-12-10T11:58:57+00:00\",\"breadcrumb\":{\"@id\":\"https:\/\/schroevendump.nl\/fr\/produit\/silvermate-outdoor-screws-6-0x80-ar-coated-part-thread-tx-30-100-pieces\/#breadcrumb\"},\"inLanguage\":\"fr-FR\",\"potentialAction\":[{\"@type\":\"ReadAction\",\"target\":[\"https:\/\/schroevendump.nl\/fr\/produit\/silvermate-outdoor-screws-6-0x80-ar-coated-part-thread-tx-30-100-pieces\/\"]}]},{\"@type\":\"ImageObject\",\"inLanguage\":\"fr-FR\",\"@id\":\"https:\/\/schroevendump.nl\/fr\/produit\/silvermate-outdoor-screws-6-0x80-ar-coated-part-thread-tx-30-100-pieces\/#primaryimage\",\"url\":\"https:\/\/schroevendump.nl\/wp-content\/uploads\/2025\/06\/outdoor_dd--scaled-e1749669093901.png\",\"contentUrl\":\"https:\/\/schroevendump.nl\/wp-content\/uploads\/2025\/06\/outdoor_dd--scaled-e1749669093901.png\",\"width\":2010,\"height\":1610},{\"@type\":\"BreadcrumbList\",\"@id\":\"https:\/\/schroevendump.nl\/fr\/produit\/silvermate-outdoor-screws-6-0x80-ar-coated-part-thread-tx-30-100-pieces\/#breadcrumb\",\"itemListElement\":[{\"@type\":\"ListItem\",\"position\":1,\"name\":\"Accueil\",\"item\":\"https:\/\/schroevendump.nl\/fr\/\"},{\"@type\":\"ListItem\",\"position\":2,\"name\":\"Boutique\",\"item\":\"https:\/\/schroevendump.nl\/fr\/boutique\/\"},{\"@type\":\"ListItem\",\"position\":3,\"name\":\"SilverMate Outdoor Screws 6.0&#215;80 AR-Coated Part Thread TX-30 100 pieces\"}]},{\"@type\":\"WebSite\",\"@id\":\"https:\/\/schroevendump.nl\/fr\/#website\",\"url\":\"https:\/\/schroevendump.nl\/fr\/\",\"name\":\"Schroevendump\",\"description\":\"\",\"potentialAction\":[{\"@type\":\"SearchAction\",\"target\":{\"@type\":\"EntryPoint\",\"urlTemplate\":\"https:\/\/schroevendump.nl\/fr\/?s={search_term_string}\"},\"query-input\":{\"@type\":\"PropertyValueSpecification\",\"valueRequired\":true,\"valueName\":\"search_term_string\"}}],\"inLanguage\":\"fr-FR\"}]}<\/script>\n<!-- \/ Yoast SEO plugin. -->","yoast_head_json":{"title":"SilverMate Outdoor Screws 6.0x80 AR-Coated Part Thread TX-30 100 pieces - Schroevendump","robots":{"index":"index","follow":"follow","max-snippet":"max-snippet:-1","max-image-preview":"max-image-preview:large","max-video-preview":"max-video-preview:-1"},"canonical":"https:\/\/schroevendump.nl\/fr\/produit\/silvermate-outdoor-screws-6-0x80-ar-coated-part-thread-tx-30-100-pieces\/","og_locale":"fr_FR","og_type":"article","og_title":"SilverMate Outdoor Screws 6.0x80 AR-Coated Part Thread TX-30 100 pieces - Schroevendump","og_description":"SilverMate Outdoor &#8211; La vis id\u00e9ale pour les applications ext\u00e9rieures (bois contre bois) La SilverMate Outdoor est la vis pour toutes vos applications ext\u00e9rieures bois contre bois. Gr\u00e2ce \u00e0 son rev\u00eatement AR Kaitex de haute qualit\u00e9 et \u00e0 sa construction intelligente, cette vis offre une combinaison parfaite de durabilit\u00e9, de r\u00e9sistance et de facilit\u00e9 de [&hellip;]","og_url":"https:\/\/schroevendump.nl\/fr\/produit\/silvermate-outdoor-screws-6-0x80-ar-coated-part-thread-tx-30-100-pieces\/","og_site_name":"Schroevendump","article_modified_time":"2025-12-10T11:58:57+00:00","og_image":[{"width":2010,"height":1610,"url":"https:\/\/schroevendump.nl\/wp-content\/uploads\/2025\/06\/outdoor_dd--scaled-e1749669093901.png","type":"image\/png"}],"twitter_card":"summary_large_image","twitter_misc":{"Dur\u00e9e de lecture estim\u00e9e":"2 minutes"},"schema":{"@context":"https:\/\/schema.org","@graph":[{"@type":"WebPage","@id":"https:\/\/schroevendump.nl\/fr\/produit\/silvermate-outdoor-screws-6-0x80-ar-coated-part-thread-tx-30-100-pieces\/","url":"https:\/\/schroevendump.nl\/fr\/produit\/silvermate-outdoor-screws-6-0x80-ar-coated-part-thread-tx-30-100-pieces\/","name":"SilverMate Outdoor Screws 6.0x80 AR-Coated Part Thread TX-30 100 pieces - Schroevendump","isPartOf":{"@id":"https:\/\/schroevendump.nl\/fr\/#website"},"primaryImageOfPage":{"@id":"https:\/\/schroevendump.nl\/fr\/produit\/silvermate-outdoor-screws-6-0x80-ar-coated-part-thread-tx-30-100-pieces\/#primaryimage"},"image":{"@id":"https:\/\/schroevendump.nl\/fr\/produit\/silvermate-outdoor-screws-6-0x80-ar-coated-part-thread-tx-30-100-pieces\/#primaryimage"},"thumbnailUrl":"https:\/\/schroevendump.nl\/wp-content\/uploads\/2025\/06\/outdoor_dd--scaled-e1749669093901.png","datePublished":"2025-06-11T20:01:47+00:00","dateModified":"2025-12-10T11:58:57+00:00","breadcrumb":{"@id":"https:\/\/schroevendump.nl\/fr\/produit\/silvermate-outdoor-screws-6-0x80-ar-coated-part-thread-tx-30-100-pieces\/#breadcrumb"},"inLanguage":"fr-FR","potentialAction":[{"@type":"ReadAction","target":["https:\/\/schroevendump.nl\/fr\/produit\/silvermate-outdoor-screws-6-0x80-ar-coated-part-thread-tx-30-100-pieces\/"]}]},{"@type":"ImageObject","inLanguage":"fr-FR","@id":"https:\/\/schroevendump.nl\/fr\/produit\/silvermate-outdoor-screws-6-0x80-ar-coated-part-thread-tx-30-100-pieces\/#primaryimage","url":"https:\/\/schroevendump.nl\/wp-content\/uploads\/2025\/06\/outdoor_dd--scaled-e1749669093901.png","contentUrl":"https:\/\/schroevendump.nl\/wp-content\/uploads\/2025\/06\/outdoor_dd--scaled-e1749669093901.png","width":2010,"height":1610},{"@type":"BreadcrumbList","@id":"https:\/\/schroevendump.nl\/fr\/produit\/silvermate-outdoor-screws-6-0x80-ar-coated-part-thread-tx-30-100-pieces\/#breadcrumb","itemListElement":[{"@type":"ListItem","position":1,"name":"Accueil","item":"https:\/\/schroevendump.nl\/fr\/"},{"@type":"ListItem","position":2,"name":"Boutique","item":"https:\/\/schroevendump.nl\/fr\/boutique\/"},{"@type":"ListItem","position":3,"name":"SilverMate Outdoor Screws 6.0&#215;80 AR-Coated Part Thread TX-30 100 pieces"}]},{"@type":"WebSite","@id":"https:\/\/schroevendump.nl\/fr\/#website","url":"https:\/\/schroevendump.nl\/fr\/","name":"Schroevendump","description":"","potentialAction":[{"@type":"SearchAction","target":{"@type":"EntryPoint","urlTemplate":"https:\/\/schroevendump.nl\/fr\/?s={search_term_string}"},"query-input":{"@type":"PropertyValueSpecification","valueRequired":true,"valueName":"search_term_string"}}],"inLanguage":"fr-FR"}]}},"_links":{"self":[{"href":"https:\/\/schroevendump.nl\/fr\/wp-json\/wp\/v2\/product\/28680","targetHints":{"allow":["GET"]}}],"collection":[{"href":"https:\/\/schroevendump.nl\/fr\/wp-json\/wp\/v2\/product"}],"about":[{"href":"https:\/\/schroevendump.nl\/fr\/wp-json\/wp\/v2\/types\/product"}],"replies":[{"embeddable":true,"href":"https:\/\/schroevendump.nl\/fr\/wp-json\/wp\/v2\/comments?post=28680"}],"wp:featuredmedia":[{"embeddable":true,"href":"https:\/\/schroevendump.nl\/fr\/wp-json\/wp\/v2\/media\/28586"}],"wp:attachment":[{"href":"https:\/\/schroevendump.nl\/fr\/wp-json\/wp\/v2\/media?parent=28680"}],"wp:term":[{"taxonomy":"product_brand","embeddable":true,"href":"https:\/\/schroevendump.nl\/fr\/wp-json\/wp\/v2\/product_brand?post=28680"},{"taxonomy":"product_cat","embeddable":true,"href":"https:\/\/schroevendump.nl\/fr\/wp-json\/wp\/v2\/product_cat?post=28680"},{"taxonomy":"product_tag","embeddable":true,"href":"https:\/\/schroevendump.nl\/fr\/wp-json\/wp\/v2\/product_tag?post=28680"}],"curies":[{"name":"wp","href":"https:\/\/api.w.org\/{rel}","templated":true}]}}