{"id":28764,"date":"2025-05-28T19:55:00","date_gmt":"2025-05-28T19:55:00","guid":{"rendered":"https:\/\/schroevendump.nl\/product\/rex-steelmaster-hss-co5-foret-a-metaux-6-0mm-din-338-5-cobalt\/"},"modified":"2025-12-10T11:50:13","modified_gmt":"2025-12-10T11:50:13","slug":"rex-steelmaster-hss-co5-foret-a-metaux-6-0mm-din-338-5-cobalt","status":"publish","type":"product","link":"https:\/\/schroevendump.nl\/fr\/produit\/rex-steelmaster-hss-co5-foret-a-metaux-6-0mm-din-338-5-cobalt\/","title":{"rendered":"REX Steelmaster HSS-Co5 Foret \u00e0 m\u00e9taux 6.0mm DIN 338 &#8211; 5% Cobalt"},"content":{"rendered":"<h3 data-start=\"123\" data-end=\"180\">\ud83d\udee0\ufe0f REX Steelmaster HSS-Co5 DIN 338 5.5 mm &#8211; 1 pi\u00e8ce<\/h3>\n<p data-start=\"182\" data-end=\"245\"><strong data-start=\"182\" data-end=\"245\">M\u00e8ches professionnelles en m\u00e9tal \u00e0 5% de cobalt pour les applications lourdes<\/strong><\/p>\n<p data-start=\"247\" data-end=\"564\">Les forets <strong data-start=\"250\" data-end=\"292\">REX Steelmaster HSS-Co5 DIN 338 <\/strong> sont fabriqu\u00e9s en acier rapide de haute qualit\u00e9 avec une <strong data-start=\"346\" data-end=\"369\">addition de 5% de cobalt<\/strong>. Cela garantit une excellente r\u00e9sistance \u00e0 la chaleur et \u00e0 l&#8217;usure, ce qui rend ces forets parfaits pour l&#8217;usinage de mat\u00e9riaux durs tels que l&#8217;acier inoxydable et les aciers fortement alli\u00e9s.<\/p>\n<p data-start=\"566\" data-end=\"594\"><strong data-start=\"566\" data-end=\"594\">Caract\u00e9ristiques principales :<\/strong><\/p>\n<ul data-start=\"596\" data-end=\"891\">\n<li data-start=\"661\" data-end=\"707\">\n<p data-start=\"663\" data-end=\"707\"><strong data-start=\"663\" data-end=\"677\">Mat\u00e9riau :<\/strong> HSS avec 5% de cobalt (HSS-Co5)<\/p>\n<\/li>\n<li data-start=\"708\" data-end=\"778\">\n<p data-start=\"710\" data-end=\"778\"><strong data-start=\"710\" data-end=\"722\">Angle sup\u00e9rieur :<\/strong> 135\u00b0 point de s\u00e9paration &#8211; auto-centr\u00e9, emp\u00eache le glissement<\/p>\n<\/li>\n<li data-start=\"779\" data-end=\"805\">\n<p data-start=\"781\" data-end=\"805\"><strong data-start=\"781\" data-end=\"795\">Normalisation :<\/strong> DIN 338<\/p>\n<\/li>\n<li data-start=\"806\" data-end=\"842\">\n<p data-start=\"808\" data-end=\"842\"><strong data-start=\"808\" data-end=\"819\">Prise d&#8217;air :<\/strong> Tige cylindrique<\/p>\n<\/li>\n<\/ul>\n<p data-start=\"893\" data-end=\"910\"><strong data-start=\"893\" data-end=\"910\">Applications :<\/strong><\/p>\n<p data-start=\"912\" data-end=\"939\">Convient pour le per\u00e7age :<\/p>\n<ul data-start=\"941\" data-end=\"1078\">\n<li data-start=\"941\" data-end=\"966\">\n<p data-start=\"943\" data-end=\"966\">Acier inoxydable<\/p>\n<\/li>\n<li data-start=\"967\" data-end=\"997\">\n<p data-start=\"969\" data-end=\"997\">Acier tremp\u00e9 et acier \u00e0 ressort<\/p>\n<\/li>\n<li data-start=\"998\" data-end=\"1022\">\n<p data-start=\"1000\" data-end=\"1022\">Titane et alliages<\/p>\n<\/li>\n<li data-start=\"1023\" data-end=\"1036\">\n<p data-start=\"1025\" data-end=\"1036\">Fonte<\/p>\n<\/li>\n<li data-start=\"1037\" data-end=\"1078\">\n<p data-start=\"1039\" data-end=\"1078\">Alliages m\u00e9talliques \u00e0 haute r\u00e9sistance<\/p>\n<\/li>\n<\/ul>\n","protected":false},"excerpt":{"rendered":"<p>\ud83d\udee0\ufe0f REX Steelmaster HSS-Co5 DIN 338 5.5 mm &#8211; 1 pi\u00e8ce M\u00e8ches professionnelles en m\u00e9tal \u00e0 5% de cobalt pour les applications lourdes Les forets REX Steelmaster HSS-Co5 DIN 338 sont fabriqu\u00e9s en acier rapide de haute qualit\u00e9 avec une addition de 5% de cobalt. Cela garantit une excellente r\u00e9sistance \u00e0 la chaleur et \u00e0 [&hellip;]<\/p>\n","protected":false},"featured_media":28747,"comment_status":"closed","ping_status":"closed","template":"","meta":[],"product_brand":[],"product_cat":[837],"product_tag":[],"class_list":{"0":"post-28764","1":"product","2":"type-product","3":"status-publish","4":"has-post-thumbnail","6":"product_cat-forets-metalliques","8":"first","9":"instock","10":"taxable","11":"shipping-taxable","12":"purchasable","13":"product-type-simple"},"supplier_id":null,"supplier_sku":"","barcode":null,"atum_controlled":true,"out_stock_date":null,"out_stock_threshold":null,"inheritable":false,"inbound_stock":0,"stock_on_hold":0,"sold_today":0,"sales_last_days":0,"reserved_stock":0,"customer_returns":0,"warehouse_damage":0,"lost_in_post":0,"other_logs":0,"out_stock_days":0,"lost_sales":0,"has_location":false,"update_date":"2026-04-17T01:02:33","atum_locations":[],"atum_stock_status":"instock","restock_status":false,"low_stock_amount":"","sales_update_date":"2026-04-17T01:02:33","calc_backorders":null,"acf":[],"yoast_head":"<!-- This site is optimized with the Yoast SEO plugin v26.6 - https:\/\/yoast.com\/wordpress\/plugins\/seo\/ -->\n<title>REX Steelmaster HSS-Co5 Foret \u00e0 m\u00e9taux 6.0mm DIN 338 - 5% Cobalt - Schroevendump<\/title>\n<meta name=\"robots\" content=\"index, follow, max-snippet:-1, max-image-preview:large, max-video-preview:-1\" \/>\n<link rel=\"canonical\" href=\"https:\/\/schroevendump.nl\/fr\/produit\/rex-steelmaster-hss-co5-foret-a-metaux-6-0mm-din-338-5-cobalt\/\" \/>\n<meta property=\"og:locale\" content=\"fr_FR\" \/>\n<meta property=\"og:type\" content=\"article\" \/>\n<meta property=\"og:title\" content=\"REX Steelmaster HSS-Co5 Foret \u00e0 m\u00e9taux 6.0mm DIN 338 - 5% Cobalt - Schroevendump\" \/>\n<meta property=\"og:description\" content=\"\ud83d\udee0\ufe0f REX Steelmaster HSS-Co5 DIN 338 5.5 mm &#8211; 1 pi\u00e8ce M\u00e8ches professionnelles en m\u00e9tal \u00e0 5% de cobalt pour les applications lourdes Les forets REX Steelmaster HSS-Co5 DIN 338 sont fabriqu\u00e9s en acier rapide de haute qualit\u00e9 avec une addition de 5% de cobalt. Cela garantit une excellente r\u00e9sistance \u00e0 la chaleur et \u00e0 [&hellip;]\" \/>\n<meta property=\"og:url\" content=\"https:\/\/schroevendump.nl\/fr\/produit\/rex-steelmaster-hss-co5-foret-a-metaux-6-0mm-din-338-5-cobalt\/\" \/>\n<meta property=\"og:site_name\" content=\"Schroevendump\" \/>\n<meta property=\"article:modified_time\" content=\"2025-12-10T11:50:13+00:00\" \/>\n<meta property=\"og:image\" content=\"https:\/\/schroevendump.nl\/wp-content\/uploads\/2025\/05\/rex_metaalboor-removebg-preview.png\" \/>\n\t<meta property=\"og:image:width\" content=\"500\" \/>\n\t<meta property=\"og:image:height\" content=\"500\" \/>\n\t<meta property=\"og:image:type\" content=\"image\/png\" \/>\n<meta name=\"twitter:card\" content=\"summary_large_image\" \/>\n<meta name=\"twitter:label1\" content=\"Dur\u00e9e de lecture estim\u00e9e\" \/>\n\t<meta name=\"twitter:data1\" content=\"1 minute\" \/>\n<script type=\"application\/ld+json\" class=\"yoast-schema-graph\">{\"@context\":\"https:\/\/schema.org\",\"@graph\":[{\"@type\":\"WebPage\",\"@id\":\"https:\/\/schroevendump.nl\/fr\/produit\/rex-steelmaster-hss-co5-foret-a-metaux-6-0mm-din-338-5-cobalt\/\",\"url\":\"https:\/\/schroevendump.nl\/fr\/produit\/rex-steelmaster-hss-co5-foret-a-metaux-6-0mm-din-338-5-cobalt\/\",\"name\":\"REX Steelmaster HSS-Co5 Foret \u00e0 m\u00e9taux 6.0mm DIN 338 - 5% Cobalt - Schroevendump\",\"isPartOf\":{\"@id\":\"https:\/\/schroevendump.nl\/fr\/#website\"},\"primaryImageOfPage\":{\"@id\":\"https:\/\/schroevendump.nl\/fr\/produit\/rex-steelmaster-hss-co5-foret-a-metaux-6-0mm-din-338-5-cobalt\/#primaryimage\"},\"image\":{\"@id\":\"https:\/\/schroevendump.nl\/fr\/produit\/rex-steelmaster-hss-co5-foret-a-metaux-6-0mm-din-338-5-cobalt\/#primaryimage\"},\"thumbnailUrl\":\"https:\/\/schroevendump.nl\/wp-content\/uploads\/2025\/05\/rex_metaalboor-removebg-preview.png\",\"datePublished\":\"2025-05-28T19:55:00+00:00\",\"dateModified\":\"2025-12-10T11:50:13+00:00\",\"breadcrumb\":{\"@id\":\"https:\/\/schroevendump.nl\/fr\/produit\/rex-steelmaster-hss-co5-foret-a-metaux-6-0mm-din-338-5-cobalt\/#breadcrumb\"},\"inLanguage\":\"fr-FR\",\"potentialAction\":[{\"@type\":\"ReadAction\",\"target\":[\"https:\/\/schroevendump.nl\/fr\/produit\/rex-steelmaster-hss-co5-foret-a-metaux-6-0mm-din-338-5-cobalt\/\"]}]},{\"@type\":\"ImageObject\",\"inLanguage\":\"fr-FR\",\"@id\":\"https:\/\/schroevendump.nl\/fr\/produit\/rex-steelmaster-hss-co5-foret-a-metaux-6-0mm-din-338-5-cobalt\/#primaryimage\",\"url\":\"https:\/\/schroevendump.nl\/wp-content\/uploads\/2025\/05\/rex_metaalboor-removebg-preview.png\",\"contentUrl\":\"https:\/\/schroevendump.nl\/wp-content\/uploads\/2025\/05\/rex_metaalboor-removebg-preview.png\",\"width\":500,\"height\":500},{\"@type\":\"BreadcrumbList\",\"@id\":\"https:\/\/schroevendump.nl\/fr\/produit\/rex-steelmaster-hss-co5-foret-a-metaux-6-0mm-din-338-5-cobalt\/#breadcrumb\",\"itemListElement\":[{\"@type\":\"ListItem\",\"position\":1,\"name\":\"Accueil\",\"item\":\"https:\/\/schroevendump.nl\/fr\/\"},{\"@type\":\"ListItem\",\"position\":2,\"name\":\"Boutique\",\"item\":\"https:\/\/schroevendump.nl\/fr\/boutique\/\"},{\"@type\":\"ListItem\",\"position\":3,\"name\":\"REX Steelmaster HSS-Co5 Foret \u00e0 m\u00e9taux 6.0mm DIN 338 &#8211; 5% Cobalt\"}]},{\"@type\":\"WebSite\",\"@id\":\"https:\/\/schroevendump.nl\/fr\/#website\",\"url\":\"https:\/\/schroevendump.nl\/fr\/\",\"name\":\"Schroevendump\",\"description\":\"\",\"potentialAction\":[{\"@type\":\"SearchAction\",\"target\":{\"@type\":\"EntryPoint\",\"urlTemplate\":\"https:\/\/schroevendump.nl\/fr\/?s={search_term_string}\"},\"query-input\":{\"@type\":\"PropertyValueSpecification\",\"valueRequired\":true,\"valueName\":\"search_term_string\"}}],\"inLanguage\":\"fr-FR\"}]}<\/script>\n<!-- \/ Yoast SEO plugin. -->","yoast_head_json":{"title":"REX Steelmaster HSS-Co5 Foret \u00e0 m\u00e9taux 6.0mm DIN 338 - 5% Cobalt - Schroevendump","robots":{"index":"index","follow":"follow","max-snippet":"max-snippet:-1","max-image-preview":"max-image-preview:large","max-video-preview":"max-video-preview:-1"},"canonical":"https:\/\/schroevendump.nl\/fr\/produit\/rex-steelmaster-hss-co5-foret-a-metaux-6-0mm-din-338-5-cobalt\/","og_locale":"fr_FR","og_type":"article","og_title":"REX Steelmaster HSS-Co5 Foret \u00e0 m\u00e9taux 6.0mm DIN 338 - 5% Cobalt - Schroevendump","og_description":"\ud83d\udee0\ufe0f REX Steelmaster HSS-Co5 DIN 338 5.5 mm &#8211; 1 pi\u00e8ce M\u00e8ches professionnelles en m\u00e9tal \u00e0 5% de cobalt pour les applications lourdes Les forets REX Steelmaster HSS-Co5 DIN 338 sont fabriqu\u00e9s en acier rapide de haute qualit\u00e9 avec une addition de 5% de cobalt. Cela garantit une excellente r\u00e9sistance \u00e0 la chaleur et \u00e0 [&hellip;]","og_url":"https:\/\/schroevendump.nl\/fr\/produit\/rex-steelmaster-hss-co5-foret-a-metaux-6-0mm-din-338-5-cobalt\/","og_site_name":"Schroevendump","article_modified_time":"2025-12-10T11:50:13+00:00","og_image":[{"width":500,"height":500,"url":"https:\/\/schroevendump.nl\/wp-content\/uploads\/2025\/05\/rex_metaalboor-removebg-preview.png","type":"image\/png"}],"twitter_card":"summary_large_image","twitter_misc":{"Dur\u00e9e de lecture estim\u00e9e":"1 minute"},"schema":{"@context":"https:\/\/schema.org","@graph":[{"@type":"WebPage","@id":"https:\/\/schroevendump.nl\/fr\/produit\/rex-steelmaster-hss-co5-foret-a-metaux-6-0mm-din-338-5-cobalt\/","url":"https:\/\/schroevendump.nl\/fr\/produit\/rex-steelmaster-hss-co5-foret-a-metaux-6-0mm-din-338-5-cobalt\/","name":"REX Steelmaster HSS-Co5 Foret \u00e0 m\u00e9taux 6.0mm DIN 338 - 5% Cobalt - Schroevendump","isPartOf":{"@id":"https:\/\/schroevendump.nl\/fr\/#website"},"primaryImageOfPage":{"@id":"https:\/\/schroevendump.nl\/fr\/produit\/rex-steelmaster-hss-co5-foret-a-metaux-6-0mm-din-338-5-cobalt\/#primaryimage"},"image":{"@id":"https:\/\/schroevendump.nl\/fr\/produit\/rex-steelmaster-hss-co5-foret-a-metaux-6-0mm-din-338-5-cobalt\/#primaryimage"},"thumbnailUrl":"https:\/\/schroevendump.nl\/wp-content\/uploads\/2025\/05\/rex_metaalboor-removebg-preview.png","datePublished":"2025-05-28T19:55:00+00:00","dateModified":"2025-12-10T11:50:13+00:00","breadcrumb":{"@id":"https:\/\/schroevendump.nl\/fr\/produit\/rex-steelmaster-hss-co5-foret-a-metaux-6-0mm-din-338-5-cobalt\/#breadcrumb"},"inLanguage":"fr-FR","potentialAction":[{"@type":"ReadAction","target":["https:\/\/schroevendump.nl\/fr\/produit\/rex-steelmaster-hss-co5-foret-a-metaux-6-0mm-din-338-5-cobalt\/"]}]},{"@type":"ImageObject","inLanguage":"fr-FR","@id":"https:\/\/schroevendump.nl\/fr\/produit\/rex-steelmaster-hss-co5-foret-a-metaux-6-0mm-din-338-5-cobalt\/#primaryimage","url":"https:\/\/schroevendump.nl\/wp-content\/uploads\/2025\/05\/rex_metaalboor-removebg-preview.png","contentUrl":"https:\/\/schroevendump.nl\/wp-content\/uploads\/2025\/05\/rex_metaalboor-removebg-preview.png","width":500,"height":500},{"@type":"BreadcrumbList","@id":"https:\/\/schroevendump.nl\/fr\/produit\/rex-steelmaster-hss-co5-foret-a-metaux-6-0mm-din-338-5-cobalt\/#breadcrumb","itemListElement":[{"@type":"ListItem","position":1,"name":"Accueil","item":"https:\/\/schroevendump.nl\/fr\/"},{"@type":"ListItem","position":2,"name":"Boutique","item":"https:\/\/schroevendump.nl\/fr\/boutique\/"},{"@type":"ListItem","position":3,"name":"REX Steelmaster HSS-Co5 Foret \u00e0 m\u00e9taux 6.0mm DIN 338 &#8211; 5% Cobalt"}]},{"@type":"WebSite","@id":"https:\/\/schroevendump.nl\/fr\/#website","url":"https:\/\/schroevendump.nl\/fr\/","name":"Schroevendump","description":"","potentialAction":[{"@type":"SearchAction","target":{"@type":"EntryPoint","urlTemplate":"https:\/\/schroevendump.nl\/fr\/?s={search_term_string}"},"query-input":{"@type":"PropertyValueSpecification","valueRequired":true,"valueName":"search_term_string"}}],"inLanguage":"fr-FR"}]}},"_links":{"self":[{"href":"https:\/\/schroevendump.nl\/fr\/wp-json\/wp\/v2\/product\/28764","targetHints":{"allow":["GET"]}}],"collection":[{"href":"https:\/\/schroevendump.nl\/fr\/wp-json\/wp\/v2\/product"}],"about":[{"href":"https:\/\/schroevendump.nl\/fr\/wp-json\/wp\/v2\/types\/product"}],"replies":[{"embeddable":true,"href":"https:\/\/schroevendump.nl\/fr\/wp-json\/wp\/v2\/comments?post=28764"}],"wp:featuredmedia":[{"embeddable":true,"href":"https:\/\/schroevendump.nl\/fr\/wp-json\/wp\/v2\/media\/28747"}],"wp:attachment":[{"href":"https:\/\/schroevendump.nl\/fr\/wp-json\/wp\/v2\/media?parent=28764"}],"wp:term":[{"taxonomy":"product_brand","embeddable":true,"href":"https:\/\/schroevendump.nl\/fr\/wp-json\/wp\/v2\/product_brand?post=28764"},{"taxonomy":"product_cat","embeddable":true,"href":"https:\/\/schroevendump.nl\/fr\/wp-json\/wp\/v2\/product_cat?post=28764"},{"taxonomy":"product_tag","embeddable":true,"href":"https:\/\/schroevendump.nl\/fr\/wp-json\/wp\/v2\/product_tag?post=28764"}],"curies":[{"name":"wp","href":"https:\/\/api.w.org\/{rel}","templated":true}]}}