{"id":28782,"date":"2025-08-28T19:55:00","date_gmt":"2025-08-28T19:55:00","guid":{"rendered":"https:\/\/schroevendump.nl\/product\/vis-disolation-4-8x180-tx-25-500-pieces-bois-acier\/"},"modified":"2025-12-10T12:02:36","modified_gmt":"2025-12-10T12:02:36","slug":"vis-disolation-4-8x180-tx-25-500-pieces-bois-acier","status":"publish","type":"product","link":"https:\/\/schroevendump.nl\/fr\/produit\/vis-disolation-4-8x180-tx-25-500-pieces-bois-acier\/","title":{"rendered":"Vis d&#8217;isolation 4.8&#215;180 TX-25 500 pi\u00e8ces bois\/acier"},"content":{"rendered":"<p data-start=\"301\" data-end=\"557\">Ces vis d&#8217;isolation avec pointe de per\u00e7age 1 sont id\u00e9ales pour la fixation de mat\u00e9riaux d&#8217;isolation sur des supports en bois ou en m\u00e9tal l\u00e9ger (acier jusqu&#8217;\u00e0 2 mm). Gr\u00e2ce \u00e0 la pointe auto-per\u00e7ante, il n&#8217;est pas n\u00e9cessaire de pr\u00e9-percer et l&#8217;assemblage peut \u00eatre r\u00e9alis\u00e9 rapidement et efficacement. <\/p>\n<p data-start=\"559\" data-end=\"789\">Les vis d&#8217;isolation sont livr\u00e9es dans un <strong data-start=\"603\" data-end=\"628\">seau en plastique robuste<\/strong>, ce qui vous permet de les transporter facilement et de les ranger proprement sur le chantier. De plus, vous recevrez <strong data-start=\"725\" data-end=\"752\">3 embouts Torx 25 gratuits<\/strong> pour que vous puissiez commencer tout de suite.<\/p>\n<h2 data-start=\"791\" data-end=\"812\">  Applications<\/h2>\n<ul data-start=\"813\" data-end=\"1001\">\n<li data-start=\"813\" data-end=\"859\">\n<p data-start=\"815\" data-end=\"859\">Fixation des dalles en PIR, EPS et laine de roche<\/p>\n<\/li>\n<li data-start=\"860\" data-end=\"906\">\n<p data-start=\"862\" data-end=\"906\">Convient pour l&#8217;isolation des toitures, des murs et des fa\u00e7ades<\/p>\n<\/li>\n<li data-start=\"907\" data-end=\"955\">\n<p data-start=\"909\" data-end=\"955\">Pour les projets de r\u00e9novation et de nouvelle construction<\/p>\n<\/li>\n<li data-start=\"956\" data-end=\"1001\">\n<p data-start=\"958\" data-end=\"1001\">Pour le bois et l&#8217;acier \u00e0 parois minces jusqu&#8217;\u00e0 2 mm d&#8217;\u00e9paisseur<\/p>\n<\/li>\n<\/ul>\n<h2 data-start=\"1003\" data-end=\"1048\">  Avantages de ces vis d&#8217;isolation<\/h2>\n<ul data-start=\"1049\" data-end=\"1322\">\n<li data-start=\"1049\" data-end=\"1092\">\n<p data-start=\"1051\" data-end=\"1092\">Auto-per\u00e7age &#8211; montage rapide et facile<\/p>\n<\/li>\n<li data-start=\"1093\" data-end=\"1152\">\n<p data-start=\"1095\" data-end=\"1152\">Entra\u00eenement Torx pour une adh\u00e9rence et une transmission de puissance maximales<\/p>\n<\/li>\n<li data-start=\"1153\" data-end=\"1193\">\n<p data-start=\"1155\" data-end=\"1193\">Filet fin pour une meilleure prise en main<\/p>\n<\/li>\n<li data-start=\"1194\" data-end=\"1226\">\n<p data-start=\"1196\" data-end=\"1226\">Protection durable contre la corrosion<\/p>\n<\/li>\n<li data-start=\"1227\" data-end=\"1266\">\n<p data-start=\"1229\" data-end=\"1266\">Connexion fiable et durable<\/p>\n<\/li>\n<li data-start=\"1267\" data-end=\"1322\">\n<p data-start=\"1269\" data-end=\"1322\">Livr\u00e9 dans un seau pratique + 3 embouts Torx 25 gratuits<\/p>\n<\/li>\n<\/ul>\n<h2 data-start=\"1324\" data-end=\"1353\">  Sp\u00e9cifications du produit<\/h2>\n<ul data-start=\"1354\" data-end=\"1586\">\n<li data-start=\"1354\" data-end=\"1393\">\n<p data-start=\"1356\" data-end=\"1393\">Mat\u00e9riau : acier tremp\u00e9 et galvanis\u00e9<\/p>\n<\/li>\n<li data-start=\"1394\" data-end=\"1418\">\n<p data-start=\"1396\" data-end=\"1418\">Entra\u00eenement : Torx 25<\/p>\n<\/li>\n<li data-start=\"1419\" data-end=\"1455\">\n<p data-start=\"1421\" data-end=\"1455\">Capacit\u00e9 de per\u00e7age : jusqu&#8217;\u00e0 2,0 mm d&#8217;acier<\/p>\n<\/li>\n<li data-start=\"1456\" data-end=\"1501\">\n<p data-start=\"1458\" data-end=\"1501\">Conditionnement : <strong data-start=\"1470\" data-end=\"1499\">seau en plastique de 500<\/strong><\/p>\n<\/li>\n<li data-start=\"1502\" data-end=\"1544\">\n<p data-start=\"1504\" data-end=\"1544\">Comprend : <strong data-start=\"1515\" data-end=\"1542\">3 embouts Torx 25 gratuits<\/strong><\/p>\n<\/li>\n<li data-start=\"1545\" data-end=\"1586\">\n<p data-start=\"1547\" data-end=\"1586\">Convient au bois et \u00e0 l&#8217;acier \u00e0 parois minces<\/p>\n<\/li>\n<\/ul>\n<h2 data-start=\"1588\" data-end=\"1612\">  Conseils de traitement<\/h2>\n<ul data-start=\"1613\" data-end=\"1782\">\n<li data-start=\"1613\" data-end=\"1682\">\n<p data-start=\"1615\" data-end=\"1682\">Utilisez toujours un embout Torx appropri\u00e9 (l&#8217;embout Torx 25 est fourni).<\/p>\n<\/li>\n<li data-start=\"1683\" data-end=\"1727\">\n<p data-start=\"1685\" data-end=\"1727\">Vitesse de per\u00e7age recommand\u00e9e : 1500 &#8211; 2500 TPM<\/p>\n<\/li>\n<li data-start=\"1728\" data-end=\"1782\">\n<p data-start=\"1730\" data-end=\"1782\">Laissez la pointe du foret faire le travail, sans trop de pression.<\/p>\n<\/li>\n<\/ul>\n<p>&nbsp;<\/p>\n<p>&nbsp;<\/p>\n<table>\n<thead>\n<tr>\n<td><strong>CAPACIT\u00c9 D&#8217;ISOLATION <\/strong><\/td>\n<td><strong>Dans le BOIS (profondeur de vissage de 35 mm recommand\u00e9e) <\/strong><\/td>\n<td><strong>En ACIER (Max 2 mm d&#8217;\u00e9paisseur)<\/strong><\/td>\n<\/tr>\n<\/thead>\n<tbody>\n<tr>\n<td>IS60<\/td>\n<td>5,0 mm &#8211; 25,0 mm<\/td>\n<td>5,0 mm &#8211; 50,0 mm<\/td>\n<\/tr>\n<tr>\n<td>IS80<\/td>\n<td>25,0 mm &#8211; 50,0 mm<\/td>\n<td>25,0 mm &#8211; 70,0 mm<\/td>\n<\/tr>\n<tr>\n<td>IS100<\/td>\n<td>45,0 mm &#8211; 65,0 mm<\/td>\n<td>45,0 mm &#8211; 90,0 mm<\/td>\n<\/tr>\n<tr>\n<td>IS110<\/td>\n<td>55,0 mm &#8211; 75,0 mm<\/td>\n<td>55,0 mm &#8211; 100,0 mm<\/td>\n<\/tr>\n<tr>\n<td>IS120<\/td>\n<td>65,0 mm &#8211; 85,0 mm<\/td>\n<td>65,0 mm &#8211; 110,0 mm<\/td>\n<\/tr>\n<tr>\n<td>IS130<\/td>\n<td>55,0 mm &#8211; 95,0 mm<\/td>\n<td>55,0 mm &#8211; 120,0 mm<\/td>\n<\/tr>\n<tr>\n<td>IS140<\/td>\n<td>65,0 mm &#8211; 105,0 mm<\/td>\n<td>65,0 mm &#8211; 130,0 mm<\/td>\n<\/tr>\n<tr>\n<td>IS150<\/td>\n<td>75,0 mm &#8211; 115,0 mm<\/td>\n<td>75,0 mm &#8211; 140,0 mm<\/td>\n<\/tr>\n<tr>\n<td>IS160<\/td>\n<td>85,0 mm &#8211; 125,0 mm<\/td>\n<td>85,0 mm &#8211; 150,0 mm<\/td>\n<\/tr>\n<tr>\n<td>IS170<\/td>\n<td>95,0 mm &#8211; 135,0 mm<\/td>\n<td>95,0 mm &#8211; 160,0 mm<\/td>\n<\/tr>\n<tr>\n<td>IS180<\/td>\n<td>115,0 mm &#8211; 145,0 mm<\/td>\n<td>105,0 mm &#8211; 170,0 mm<\/td>\n<\/tr>\n<tr>\n<td>IS190<\/td>\n<td>115,0 mm &#8211; 155,0 mm<\/td>\n<td>115,0 mm &#8211; 180,0 mm<\/td>\n<\/tr>\n<tr>\n<td>IS200<\/td>\n<td>125,0 mm &#8211; 165,0 mm<\/td>\n<td>125,0 mm &#8211; 190,0 mm<\/td>\n<\/tr>\n<tr>\n<td>IS220<\/td>\n<td>145,0 mm &#8211; 185,0 mm<\/td>\n<td>145,0 mm &#8211; 210,0 mm<\/td>\n<\/tr>\n<tr>\n<td>IS240<\/td>\n<td>165,0 mm &#8211; 205,0 mm<\/td>\n<td>165,0 mm &#8211; 230,0 mm<\/td>\n<\/tr>\n<tr>\n<td>IS260<\/td>\n<td>185,0 mm &#8211; 225,0 mm<\/td>\n<td>185,0 mm &#8211; 250,0 mm<\/td>\n<\/tr>\n<tr>\n<td>IS280<\/td>\n<td>205,0 mm &#8211; 245,0 mm<\/td>\n<td>205,0 mm &#8211; 270,0 mm<\/td>\n<\/tr>\n<tr>\n<td>IS300<\/td>\n<td>225,0 mm &#8211; 265,0 mm<\/td>\n<td>225,0 mm &#8211; 290,0 mm<\/td>\n<\/tr>\n<tr>\n<td><\/td>\n<td><\/td>\n<td><\/td>\n<\/tr>\n<\/tbody>\n<\/table>\n<p>&nbsp;<\/p>\n","protected":false},"excerpt":{"rendered":"<p>Ces vis d&#8217;isolation avec pointe de per\u00e7age 1 sont id\u00e9ales pour la fixation de mat\u00e9riaux d&#8217;isolation sur des supports en bois ou en m\u00e9tal l\u00e9ger (acier jusqu&#8217;\u00e0 2 mm). Gr\u00e2ce \u00e0 la pointe auto-per\u00e7ante, il n&#8217;est pas n\u00e9cessaire de pr\u00e9-percer et l&#8217;assemblage peut \u00eatre r\u00e9alis\u00e9 rapidement et efficacement. Les vis d&#8217;isolation sont livr\u00e9es dans un [&hellip;]<\/p>\n","protected":false},"featured_media":28563,"comment_status":"closed","ping_status":"closed","template":"","meta":[],"product_brand":[],"product_cat":[821,820],"product_tag":[],"class_list":{"0":"post-28782","1":"product","2":"type-product","3":"status-publish","4":"has-post-thumbnail","6":"product_cat-vis-disolation","7":"product_cat-plaques-de-repartition-de-la-pression-anneaux-disolation","8":"pa_draad-fil-fin","10":"first","11":"outofstock","12":"taxable","13":"shipping-taxable","14":"purchasable","15":"product-type-simple"},"supplier_id":null,"supplier_sku":"","barcode":null,"atum_controlled":true,"out_stock_date":"2026-03-13 16:47:51","out_stock_threshold":null,"inheritable":false,"inbound_stock":0,"stock_on_hold":0,"sold_today":0,"sales_last_days":0,"reserved_stock":0,"customer_returns":0,"warehouse_damage":0,"lost_in_post":0,"other_logs":0,"out_stock_days":35,"lost_sales":0,"has_location":false,"update_date":"2026-04-18T01:01:02","atum_locations":[],"atum_stock_status":"outofstock","restock_status":false,"low_stock_amount":"","sales_update_date":"2026-04-18T01:01:02","calc_backorders":null,"acf":[],"yoast_head":"<!-- This site is optimized with the Yoast SEO plugin v26.6 - https:\/\/yoast.com\/wordpress\/plugins\/seo\/ -->\n<title>Vis d&#039;isolation 4.8x180 TX-25 500 pi\u00e8ces bois\/acier - Schroevendump<\/title>\n<meta name=\"robots\" content=\"index, follow, max-snippet:-1, max-image-preview:large, max-video-preview:-1\" \/>\n<link rel=\"canonical\" href=\"https:\/\/schroevendump.nl\/fr\/produit\/vis-disolation-4-8x180-tx-25-500-pieces-bois-acier\/\" \/>\n<meta property=\"og:locale\" content=\"fr_FR\" \/>\n<meta property=\"og:type\" content=\"article\" \/>\n<meta property=\"og:title\" content=\"Vis d&#039;isolation 4.8x180 TX-25 500 pi\u00e8ces bois\/acier - Schroevendump\" \/>\n<meta property=\"og:description\" content=\"Ces vis d&#8217;isolation avec pointe de per\u00e7age 1 sont id\u00e9ales pour la fixation de mat\u00e9riaux d&#8217;isolation sur des supports en bois ou en m\u00e9tal l\u00e9ger (acier jusqu&#8217;\u00e0 2 mm). Gr\u00e2ce \u00e0 la pointe auto-per\u00e7ante, il n&#8217;est pas n\u00e9cessaire de pr\u00e9-percer et l&#8217;assemblage peut \u00eatre r\u00e9alis\u00e9 rapidement et efficacement. Les vis d&#8217;isolation sont livr\u00e9es dans un [&hellip;]\" \/>\n<meta property=\"og:url\" content=\"https:\/\/schroevendump.nl\/fr\/produit\/vis-disolation-4-8x180-tx-25-500-pieces-bois-acier\/\" \/>\n<meta property=\"og:site_name\" content=\"Schroevendump\" \/>\n<meta property=\"article:modified_time\" content=\"2025-12-10T12:02:36+00:00\" \/>\n<meta property=\"og:image\" content=\"https:\/\/schroevendump.nl\/wp-content\/uploads\/2025\/08\/Schroevendump-emmer-isolatieschroeven--scaled-e1759607368488.png\" \/>\n\t<meta property=\"og:image:width\" content=\"2150\" \/>\n\t<meta property=\"og:image:height\" content=\"2173\" \/>\n\t<meta property=\"og:image:type\" content=\"image\/png\" \/>\n<meta name=\"twitter:card\" content=\"summary_large_image\" \/>\n<meta name=\"twitter:label1\" content=\"Dur\u00e9e de lecture estim\u00e9e\" \/>\n\t<meta name=\"twitter:data1\" content=\"2 minutes\" \/>\n<script type=\"application\/ld+json\" class=\"yoast-schema-graph\">{\"@context\":\"https:\/\/schema.org\",\"@graph\":[{\"@type\":\"WebPage\",\"@id\":\"https:\/\/schroevendump.nl\/fr\/produit\/vis-disolation-4-8x180-tx-25-500-pieces-bois-acier\/\",\"url\":\"https:\/\/schroevendump.nl\/fr\/produit\/vis-disolation-4-8x180-tx-25-500-pieces-bois-acier\/\",\"name\":\"Vis d'isolation 4.8x180 TX-25 500 pi\u00e8ces bois\/acier - Schroevendump\",\"isPartOf\":{\"@id\":\"https:\/\/schroevendump.nl\/fr\/#website\"},\"primaryImageOfPage\":{\"@id\":\"https:\/\/schroevendump.nl\/fr\/produit\/vis-disolation-4-8x180-tx-25-500-pieces-bois-acier\/#primaryimage\"},\"image\":{\"@id\":\"https:\/\/schroevendump.nl\/fr\/produit\/vis-disolation-4-8x180-tx-25-500-pieces-bois-acier\/#primaryimage\"},\"thumbnailUrl\":\"https:\/\/schroevendump.nl\/wp-content\/uploads\/2025\/08\/Schroevendump-emmer-isolatieschroeven--scaled-e1759607368488.png\",\"datePublished\":\"2025-08-28T19:55:00+00:00\",\"dateModified\":\"2025-12-10T12:02:36+00:00\",\"breadcrumb\":{\"@id\":\"https:\/\/schroevendump.nl\/fr\/produit\/vis-disolation-4-8x180-tx-25-500-pieces-bois-acier\/#breadcrumb\"},\"inLanguage\":\"fr-FR\",\"potentialAction\":[{\"@type\":\"ReadAction\",\"target\":[\"https:\/\/schroevendump.nl\/fr\/produit\/vis-disolation-4-8x180-tx-25-500-pieces-bois-acier\/\"]}]},{\"@type\":\"ImageObject\",\"inLanguage\":\"fr-FR\",\"@id\":\"https:\/\/schroevendump.nl\/fr\/produit\/vis-disolation-4-8x180-tx-25-500-pieces-bois-acier\/#primaryimage\",\"url\":\"https:\/\/schroevendump.nl\/wp-content\/uploads\/2025\/08\/Schroevendump-emmer-isolatieschroeven--scaled-e1759607368488.png\",\"contentUrl\":\"https:\/\/schroevendump.nl\/wp-content\/uploads\/2025\/08\/Schroevendump-emmer-isolatieschroeven--scaled-e1759607368488.png\",\"width\":2150,\"height\":2173},{\"@type\":\"BreadcrumbList\",\"@id\":\"https:\/\/schroevendump.nl\/fr\/produit\/vis-disolation-4-8x180-tx-25-500-pieces-bois-acier\/#breadcrumb\",\"itemListElement\":[{\"@type\":\"ListItem\",\"position\":1,\"name\":\"Accueil\",\"item\":\"https:\/\/schroevendump.nl\/fr\/\"},{\"@type\":\"ListItem\",\"position\":2,\"name\":\"Boutique\",\"item\":\"https:\/\/schroevendump.nl\/fr\/boutique\/\"},{\"@type\":\"ListItem\",\"position\":3,\"name\":\"Vis d&#8217;isolation 4.8&#215;180 TX-25 500 pi\u00e8ces bois\/acier\"}]},{\"@type\":\"WebSite\",\"@id\":\"https:\/\/schroevendump.nl\/fr\/#website\",\"url\":\"https:\/\/schroevendump.nl\/fr\/\",\"name\":\"Schroevendump\",\"description\":\"\",\"potentialAction\":[{\"@type\":\"SearchAction\",\"target\":{\"@type\":\"EntryPoint\",\"urlTemplate\":\"https:\/\/schroevendump.nl\/fr\/?s={search_term_string}\"},\"query-input\":{\"@type\":\"PropertyValueSpecification\",\"valueRequired\":true,\"valueName\":\"search_term_string\"}}],\"inLanguage\":\"fr-FR\"}]}<\/script>\n<!-- \/ Yoast SEO plugin. -->","yoast_head_json":{"title":"Vis d'isolation 4.8x180 TX-25 500 pi\u00e8ces bois\/acier - Schroevendump","robots":{"index":"index","follow":"follow","max-snippet":"max-snippet:-1","max-image-preview":"max-image-preview:large","max-video-preview":"max-video-preview:-1"},"canonical":"https:\/\/schroevendump.nl\/fr\/produit\/vis-disolation-4-8x180-tx-25-500-pieces-bois-acier\/","og_locale":"fr_FR","og_type":"article","og_title":"Vis d'isolation 4.8x180 TX-25 500 pi\u00e8ces bois\/acier - Schroevendump","og_description":"Ces vis d&#8217;isolation avec pointe de per\u00e7age 1 sont id\u00e9ales pour la fixation de mat\u00e9riaux d&#8217;isolation sur des supports en bois ou en m\u00e9tal l\u00e9ger (acier jusqu&#8217;\u00e0 2 mm). Gr\u00e2ce \u00e0 la pointe auto-per\u00e7ante, il n&#8217;est pas n\u00e9cessaire de pr\u00e9-percer et l&#8217;assemblage peut \u00eatre r\u00e9alis\u00e9 rapidement et efficacement. Les vis d&#8217;isolation sont livr\u00e9es dans un [&hellip;]","og_url":"https:\/\/schroevendump.nl\/fr\/produit\/vis-disolation-4-8x180-tx-25-500-pieces-bois-acier\/","og_site_name":"Schroevendump","article_modified_time":"2025-12-10T12:02:36+00:00","og_image":[{"width":2150,"height":2173,"url":"https:\/\/schroevendump.nl\/wp-content\/uploads\/2025\/08\/Schroevendump-emmer-isolatieschroeven--scaled-e1759607368488.png","type":"image\/png"}],"twitter_card":"summary_large_image","twitter_misc":{"Dur\u00e9e de lecture estim\u00e9e":"2 minutes"},"schema":{"@context":"https:\/\/schema.org","@graph":[{"@type":"WebPage","@id":"https:\/\/schroevendump.nl\/fr\/produit\/vis-disolation-4-8x180-tx-25-500-pieces-bois-acier\/","url":"https:\/\/schroevendump.nl\/fr\/produit\/vis-disolation-4-8x180-tx-25-500-pieces-bois-acier\/","name":"Vis d'isolation 4.8x180 TX-25 500 pi\u00e8ces bois\/acier - Schroevendump","isPartOf":{"@id":"https:\/\/schroevendump.nl\/fr\/#website"},"primaryImageOfPage":{"@id":"https:\/\/schroevendump.nl\/fr\/produit\/vis-disolation-4-8x180-tx-25-500-pieces-bois-acier\/#primaryimage"},"image":{"@id":"https:\/\/schroevendump.nl\/fr\/produit\/vis-disolation-4-8x180-tx-25-500-pieces-bois-acier\/#primaryimage"},"thumbnailUrl":"https:\/\/schroevendump.nl\/wp-content\/uploads\/2025\/08\/Schroevendump-emmer-isolatieschroeven--scaled-e1759607368488.png","datePublished":"2025-08-28T19:55:00+00:00","dateModified":"2025-12-10T12:02:36+00:00","breadcrumb":{"@id":"https:\/\/schroevendump.nl\/fr\/produit\/vis-disolation-4-8x180-tx-25-500-pieces-bois-acier\/#breadcrumb"},"inLanguage":"fr-FR","potentialAction":[{"@type":"ReadAction","target":["https:\/\/schroevendump.nl\/fr\/produit\/vis-disolation-4-8x180-tx-25-500-pieces-bois-acier\/"]}]},{"@type":"ImageObject","inLanguage":"fr-FR","@id":"https:\/\/schroevendump.nl\/fr\/produit\/vis-disolation-4-8x180-tx-25-500-pieces-bois-acier\/#primaryimage","url":"https:\/\/schroevendump.nl\/wp-content\/uploads\/2025\/08\/Schroevendump-emmer-isolatieschroeven--scaled-e1759607368488.png","contentUrl":"https:\/\/schroevendump.nl\/wp-content\/uploads\/2025\/08\/Schroevendump-emmer-isolatieschroeven--scaled-e1759607368488.png","width":2150,"height":2173},{"@type":"BreadcrumbList","@id":"https:\/\/schroevendump.nl\/fr\/produit\/vis-disolation-4-8x180-tx-25-500-pieces-bois-acier\/#breadcrumb","itemListElement":[{"@type":"ListItem","position":1,"name":"Accueil","item":"https:\/\/schroevendump.nl\/fr\/"},{"@type":"ListItem","position":2,"name":"Boutique","item":"https:\/\/schroevendump.nl\/fr\/boutique\/"},{"@type":"ListItem","position":3,"name":"Vis d&#8217;isolation 4.8&#215;180 TX-25 500 pi\u00e8ces bois\/acier"}]},{"@type":"WebSite","@id":"https:\/\/schroevendump.nl\/fr\/#website","url":"https:\/\/schroevendump.nl\/fr\/","name":"Schroevendump","description":"","potentialAction":[{"@type":"SearchAction","target":{"@type":"EntryPoint","urlTemplate":"https:\/\/schroevendump.nl\/fr\/?s={search_term_string}"},"query-input":{"@type":"PropertyValueSpecification","valueRequired":true,"valueName":"search_term_string"}}],"inLanguage":"fr-FR"}]}},"_links":{"self":[{"href":"https:\/\/schroevendump.nl\/fr\/wp-json\/wp\/v2\/product\/28782","targetHints":{"allow":["GET"]}}],"collection":[{"href":"https:\/\/schroevendump.nl\/fr\/wp-json\/wp\/v2\/product"}],"about":[{"href":"https:\/\/schroevendump.nl\/fr\/wp-json\/wp\/v2\/types\/product"}],"replies":[{"embeddable":true,"href":"https:\/\/schroevendump.nl\/fr\/wp-json\/wp\/v2\/comments?post=28782"}],"wp:featuredmedia":[{"embeddable":true,"href":"https:\/\/schroevendump.nl\/fr\/wp-json\/wp\/v2\/media\/28563"}],"wp:attachment":[{"href":"https:\/\/schroevendump.nl\/fr\/wp-json\/wp\/v2\/media?parent=28782"}],"wp:term":[{"taxonomy":"product_brand","embeddable":true,"href":"https:\/\/schroevendump.nl\/fr\/wp-json\/wp\/v2\/product_brand?post=28782"},{"taxonomy":"product_cat","embeddable":true,"href":"https:\/\/schroevendump.nl\/fr\/wp-json\/wp\/v2\/product_cat?post=28782"},{"taxonomy":"product_tag","embeddable":true,"href":"https:\/\/schroevendump.nl\/fr\/wp-json\/wp\/v2\/product_tag?post=28782"}],"curies":[{"name":"wp","href":"https:\/\/api.w.org\/{rel}","templated":true}]}}