{"id":28800,"date":"2025-10-08T19:47:54","date_gmt":"2025-10-08T19:47:54","guid":{"rendered":"https:\/\/schroevendump.nl\/product\/impact-bit-torx-20-x-30mm-tres-approprie-pour-les-rouleaux-a-impact\/"},"modified":"2025-12-10T12:03:29","modified_gmt":"2025-12-10T12:03:29","slug":"impact-bit-torx-20-x-30mm-tres-approprie-pour-les-rouleaux-a-impact","status":"publish","type":"product","link":"https:\/\/schroevendump.nl\/fr\/produit\/impact-bit-torx-20-x-30mm-tres-approprie-pour-les-rouleaux-a-impact\/","title":{"rendered":"Impact Bit Torx 20 x 25mm &#8211; Tr\u00e8s appropri\u00e9 pour les rouleaux \u00e0 percussion"},"content":{"rendered":"<p data-start=\"193\" data-end=\"373\"><strong data-start=\"200\" data-end=\"227\">Embouts \u00e0 chocs Torx 25mm<\/strong>, en acier tremp\u00e9, <strong data-start=\"257\" data-end=\"290\">tr\u00e8s r\u00e9sistants aux chocs<\/strong>.<br data-start=\"291\" data-end=\"294\">Con\u00e7us pour un transfert de puissance maximal sans s&#8217;user ou se casser rapidement.<\/p>\n<p data-start=\"375\" data-end=\"395\"><strong data-start=\"375\" data-end=\"393\">Caract\u00e9ristiques :<\/strong><\/p>\n<ul data-start=\"396\" data-end=\"642\">\n<li data-start=\"396\" data-end=\"416\">\n<p data-start=\"398\" data-end=\"416\">Longueur : <strong data-start=\"406\" data-end=\"414\">25 mm<\/strong><\/p>\n<\/li>\n<li data-start=\"417\" data-end=\"449\">\n<p data-start=\"419\" data-end=\"449\">Type : <strong data-start=\"425\" data-end=\"447\">Torx (T10 \u00e0 T40<\/strong>)<\/p>\n<\/li>\n<li data-start=\"450\" data-end=\"493\">\n<p data-start=\"452\" data-end=\"493\">Fabriqu\u00e9 en <strong data-start=\"464\" data-end=\"491\">acier \u00e0 chocs de haute qualit\u00e9<\/strong><\/p>\n<\/li>\n<li data-start=\"494\" data-end=\"556\">\n<p data-start=\"496\" data-end=\"556\"><strong data-start=\"496\" data-end=\"554\">Convient parfaitement aux rouleaux \u00e0 percussion et aux visseuses \u00e0 percussion<\/strong><\/p>\n<\/li>\n<li data-start=\"557\" data-end=\"598\">\n<p data-start=\"559\" data-end=\"598\"><strong data-start=\"559\" data-end=\"579\">S&#8217;ins\u00e8re parfaitement<\/strong> dans la t\u00eate de la vis<\/p>\n<\/li>\n<li data-start=\"599\" data-end=\"642\">\n<p data-start=\"601\" data-end=\"642\">Pour un usage professionnel et intensif<\/p>\n<\/li>\n<\/ul>\n<p data-start=\"644\" data-end=\"752\"><strong data-start=\"644\" data-end=\"659\">Application :<\/strong><br data-start=\"659\" data-end=\"662\">Id\u00e9al pour l&#8217;assemblage, la construction en bois et le travail du m\u00e9tal o\u00f9 la r\u00e9sistance et la durabilit\u00e9 sont importantes.<\/p>\n","protected":false},"excerpt":{"rendered":"<p>Embouts \u00e0 chocs Torx 25mm, en acier tremp\u00e9, tr\u00e8s r\u00e9sistants aux chocs.Con\u00e7us pour un transfert de puissance maximal sans s&#8217;user ou se casser rapidement. Caract\u00e9ristiques : Longueur : 25 mm Type : Torx (T10 \u00e0 T40) Fabriqu\u00e9 en acier \u00e0 chocs de haute qualit\u00e9 Convient parfaitement aux rouleaux \u00e0 percussion et aux visseuses \u00e0 percussion [&hellip;]<\/p>\n","protected":false},"featured_media":30116,"comment_status":"closed","ping_status":"closed","template":"","meta":[],"product_brand":[],"product_cat":[662],"product_tag":[],"class_list":{"0":"post-28800","1":"product","2":"type-product","3":"status-publish","4":"has-post-thumbnail","6":"product_cat-embouts-de-vis","8":"first","9":"instock","10":"taxable","11":"shipping-taxable","12":"purchasable","13":"product-type-simple"},"supplier_id":null,"supplier_sku":"","barcode":null,"atum_controlled":true,"out_stock_date":null,"out_stock_threshold":null,"inheritable":false,"inbound_stock":0,"stock_on_hold":1,"sold_today":0,"sales_last_days":0,"reserved_stock":0,"customer_returns":0,"warehouse_damage":0,"lost_in_post":0,"other_logs":0,"out_stock_days":0,"lost_sales":0,"has_location":false,"update_date":"2026-04-29T01:11:02","atum_locations":[],"atum_stock_status":"instock","restock_status":false,"low_stock_amount":"","sales_update_date":"2026-04-29T01:11:02","calc_backorders":null,"acf":[],"yoast_head":"<!-- This site is optimized with the Yoast SEO plugin v26.6 - https:\/\/yoast.com\/wordpress\/plugins\/seo\/ -->\n<title>Impact Bit Torx 20 x 25mm - Tr\u00e8s appropri\u00e9 pour les rouleaux \u00e0 percussion - Schroevendump<\/title>\n<meta name=\"robots\" content=\"index, follow, max-snippet:-1, max-image-preview:large, max-video-preview:-1\" \/>\n<link rel=\"canonical\" href=\"https:\/\/schroevendump.nl\/fr\/produit\/impact-bit-torx-20-x-30mm-tres-approprie-pour-les-rouleaux-a-impact\/\" \/>\n<meta property=\"og:locale\" content=\"fr_FR\" \/>\n<meta property=\"og:type\" content=\"article\" \/>\n<meta property=\"og:title\" content=\"Impact Bit Torx 20 x 25mm - Tr\u00e8s appropri\u00e9 pour les rouleaux \u00e0 percussion - Schroevendump\" \/>\n<meta property=\"og:description\" content=\"Embouts \u00e0 chocs Torx 25mm, en acier tremp\u00e9, tr\u00e8s r\u00e9sistants aux chocs.Con\u00e7us pour un transfert de puissance maximal sans s&#8217;user ou se casser rapidement. Caract\u00e9ristiques : Longueur : 25 mm Type : Torx (T10 \u00e0 T40) Fabriqu\u00e9 en acier \u00e0 chocs de haute qualit\u00e9 Convient parfaitement aux rouleaux \u00e0 percussion et aux visseuses \u00e0 percussion [&hellip;]\" \/>\n<meta property=\"og:url\" content=\"https:\/\/schroevendump.nl\/fr\/produit\/impact-bit-torx-20-x-30mm-tres-approprie-pour-les-rouleaux-a-impact\/\" \/>\n<meta property=\"og:site_name\" content=\"Schroevendump\" \/>\n<meta property=\"article:modified_time\" content=\"2025-12-10T12:03:29+00:00\" \/>\n<meta property=\"og:image\" content=\"https:\/\/schroevendump.nl\/wp-content\/uploads\/2025\/10\/impact-bitje--e1759952539202.png\" \/>\n\t<meta property=\"og:image:width\" content=\"1365\" \/>\n\t<meta property=\"og:image:height\" content=\"1440\" \/>\n\t<meta property=\"og:image:type\" content=\"image\/png\" \/>\n<meta name=\"twitter:card\" content=\"summary_large_image\" \/>\n<script type=\"application\/ld+json\" class=\"yoast-schema-graph\">{\"@context\":\"https:\/\/schema.org\",\"@graph\":[{\"@type\":\"WebPage\",\"@id\":\"https:\/\/schroevendump.nl\/fr\/produit\/impact-bit-torx-20-x-30mm-tres-approprie-pour-les-rouleaux-a-impact\/\",\"url\":\"https:\/\/schroevendump.nl\/fr\/produit\/impact-bit-torx-20-x-30mm-tres-approprie-pour-les-rouleaux-a-impact\/\",\"name\":\"Impact Bit Torx 20 x 25mm - Tr\u00e8s appropri\u00e9 pour les rouleaux \u00e0 percussion - Schroevendump\",\"isPartOf\":{\"@id\":\"https:\/\/schroevendump.nl\/fr\/#website\"},\"primaryImageOfPage\":{\"@id\":\"https:\/\/schroevendump.nl\/fr\/produit\/impact-bit-torx-20-x-30mm-tres-approprie-pour-les-rouleaux-a-impact\/#primaryimage\"},\"image\":{\"@id\":\"https:\/\/schroevendump.nl\/fr\/produit\/impact-bit-torx-20-x-30mm-tres-approprie-pour-les-rouleaux-a-impact\/#primaryimage\"},\"thumbnailUrl\":\"https:\/\/schroevendump.nl\/wp-content\/uploads\/2025\/10\/impacht-bit-zonder-achtergrond-.png\",\"datePublished\":\"2025-10-08T19:47:54+00:00\",\"dateModified\":\"2025-12-10T12:03:29+00:00\",\"breadcrumb\":{\"@id\":\"https:\/\/schroevendump.nl\/fr\/produit\/impact-bit-torx-20-x-30mm-tres-approprie-pour-les-rouleaux-a-impact\/#breadcrumb\"},\"inLanguage\":\"fr-FR\",\"potentialAction\":[{\"@type\":\"ReadAction\",\"target\":[\"https:\/\/schroevendump.nl\/fr\/produit\/impact-bit-torx-20-x-30mm-tres-approprie-pour-les-rouleaux-a-impact\/\"]}]},{\"@type\":\"ImageObject\",\"inLanguage\":\"fr-FR\",\"@id\":\"https:\/\/schroevendump.nl\/fr\/produit\/impact-bit-torx-20-x-30mm-tres-approprie-pour-les-rouleaux-a-impact\/#primaryimage\",\"url\":\"https:\/\/schroevendump.nl\/wp-content\/uploads\/2025\/10\/impacht-bit-zonder-achtergrond-.png\",\"contentUrl\":\"https:\/\/schroevendump.nl\/wp-content\/uploads\/2025\/10\/impacht-bit-zonder-achtergrond-.png\",\"width\":800,\"height\":1200},{\"@type\":\"BreadcrumbList\",\"@id\":\"https:\/\/schroevendump.nl\/fr\/produit\/impact-bit-torx-20-x-30mm-tres-approprie-pour-les-rouleaux-a-impact\/#breadcrumb\",\"itemListElement\":[{\"@type\":\"ListItem\",\"position\":1,\"name\":\"Accueil\",\"item\":\"https:\/\/schroevendump.nl\/fr\/\"},{\"@type\":\"ListItem\",\"position\":2,\"name\":\"Boutique\",\"item\":\"https:\/\/schroevendump.nl\/fr\/boutique\/\"},{\"@type\":\"ListItem\",\"position\":3,\"name\":\"Impact Bit Torx 20 x 25mm &#8211; Tr\u00e8s appropri\u00e9 pour les rouleaux \u00e0 percussion\"}]},{\"@type\":\"WebSite\",\"@id\":\"https:\/\/schroevendump.nl\/fr\/#website\",\"url\":\"https:\/\/schroevendump.nl\/fr\/\",\"name\":\"Schroevendump\",\"description\":\"\",\"potentialAction\":[{\"@type\":\"SearchAction\",\"target\":{\"@type\":\"EntryPoint\",\"urlTemplate\":\"https:\/\/schroevendump.nl\/fr\/?s={search_term_string}\"},\"query-input\":{\"@type\":\"PropertyValueSpecification\",\"valueRequired\":true,\"valueName\":\"search_term_string\"}}],\"inLanguage\":\"fr-FR\"}]}<\/script>\n<!-- \/ Yoast SEO plugin. -->","yoast_head_json":{"title":"Impact Bit Torx 20 x 25mm - Tr\u00e8s appropri\u00e9 pour les rouleaux \u00e0 percussion - Schroevendump","robots":{"index":"index","follow":"follow","max-snippet":"max-snippet:-1","max-image-preview":"max-image-preview:large","max-video-preview":"max-video-preview:-1"},"canonical":"https:\/\/schroevendump.nl\/fr\/produit\/impact-bit-torx-20-x-30mm-tres-approprie-pour-les-rouleaux-a-impact\/","og_locale":"fr_FR","og_type":"article","og_title":"Impact Bit Torx 20 x 25mm - Tr\u00e8s appropri\u00e9 pour les rouleaux \u00e0 percussion - Schroevendump","og_description":"Embouts \u00e0 chocs Torx 25mm, en acier tremp\u00e9, tr\u00e8s r\u00e9sistants aux chocs.Con\u00e7us pour un transfert de puissance maximal sans s&#8217;user ou se casser rapidement. Caract\u00e9ristiques : Longueur : 25 mm Type : Torx (T10 \u00e0 T40) Fabriqu\u00e9 en acier \u00e0 chocs de haute qualit\u00e9 Convient parfaitement aux rouleaux \u00e0 percussion et aux visseuses \u00e0 percussion [&hellip;]","og_url":"https:\/\/schroevendump.nl\/fr\/produit\/impact-bit-torx-20-x-30mm-tres-approprie-pour-les-rouleaux-a-impact\/","og_site_name":"Schroevendump","article_modified_time":"2025-12-10T12:03:29+00:00","og_image":[{"width":1365,"height":1440,"url":"https:\/\/schroevendump.nl\/wp-content\/uploads\/2025\/10\/impact-bitje--e1759952539202.png","type":"image\/png"}],"twitter_card":"summary_large_image","schema":{"@context":"https:\/\/schema.org","@graph":[{"@type":"WebPage","@id":"https:\/\/schroevendump.nl\/fr\/produit\/impact-bit-torx-20-x-30mm-tres-approprie-pour-les-rouleaux-a-impact\/","url":"https:\/\/schroevendump.nl\/fr\/produit\/impact-bit-torx-20-x-30mm-tres-approprie-pour-les-rouleaux-a-impact\/","name":"Impact Bit Torx 20 x 25mm - Tr\u00e8s appropri\u00e9 pour les rouleaux \u00e0 percussion - Schroevendump","isPartOf":{"@id":"https:\/\/schroevendump.nl\/fr\/#website"},"primaryImageOfPage":{"@id":"https:\/\/schroevendump.nl\/fr\/produit\/impact-bit-torx-20-x-30mm-tres-approprie-pour-les-rouleaux-a-impact\/#primaryimage"},"image":{"@id":"https:\/\/schroevendump.nl\/fr\/produit\/impact-bit-torx-20-x-30mm-tres-approprie-pour-les-rouleaux-a-impact\/#primaryimage"},"thumbnailUrl":"https:\/\/schroevendump.nl\/wp-content\/uploads\/2025\/10\/impacht-bit-zonder-achtergrond-.png","datePublished":"2025-10-08T19:47:54+00:00","dateModified":"2025-12-10T12:03:29+00:00","breadcrumb":{"@id":"https:\/\/schroevendump.nl\/fr\/produit\/impact-bit-torx-20-x-30mm-tres-approprie-pour-les-rouleaux-a-impact\/#breadcrumb"},"inLanguage":"fr-FR","potentialAction":[{"@type":"ReadAction","target":["https:\/\/schroevendump.nl\/fr\/produit\/impact-bit-torx-20-x-30mm-tres-approprie-pour-les-rouleaux-a-impact\/"]}]},{"@type":"ImageObject","inLanguage":"fr-FR","@id":"https:\/\/schroevendump.nl\/fr\/produit\/impact-bit-torx-20-x-30mm-tres-approprie-pour-les-rouleaux-a-impact\/#primaryimage","url":"https:\/\/schroevendump.nl\/wp-content\/uploads\/2025\/10\/impacht-bit-zonder-achtergrond-.png","contentUrl":"https:\/\/schroevendump.nl\/wp-content\/uploads\/2025\/10\/impacht-bit-zonder-achtergrond-.png","width":800,"height":1200},{"@type":"BreadcrumbList","@id":"https:\/\/schroevendump.nl\/fr\/produit\/impact-bit-torx-20-x-30mm-tres-approprie-pour-les-rouleaux-a-impact\/#breadcrumb","itemListElement":[{"@type":"ListItem","position":1,"name":"Accueil","item":"https:\/\/schroevendump.nl\/fr\/"},{"@type":"ListItem","position":2,"name":"Boutique","item":"https:\/\/schroevendump.nl\/fr\/boutique\/"},{"@type":"ListItem","position":3,"name":"Impact Bit Torx 20 x 25mm &#8211; Tr\u00e8s appropri\u00e9 pour les rouleaux \u00e0 percussion"}]},{"@type":"WebSite","@id":"https:\/\/schroevendump.nl\/fr\/#website","url":"https:\/\/schroevendump.nl\/fr\/","name":"Schroevendump","description":"","potentialAction":[{"@type":"SearchAction","target":{"@type":"EntryPoint","urlTemplate":"https:\/\/schroevendump.nl\/fr\/?s={search_term_string}"},"query-input":{"@type":"PropertyValueSpecification","valueRequired":true,"valueName":"search_term_string"}}],"inLanguage":"fr-FR"}]}},"_links":{"self":[{"href":"https:\/\/schroevendump.nl\/fr\/wp-json\/wp\/v2\/product\/28800","targetHints":{"allow":["GET"]}}],"collection":[{"href":"https:\/\/schroevendump.nl\/fr\/wp-json\/wp\/v2\/product"}],"about":[{"href":"https:\/\/schroevendump.nl\/fr\/wp-json\/wp\/v2\/types\/product"}],"replies":[{"embeddable":true,"href":"https:\/\/schroevendump.nl\/fr\/wp-json\/wp\/v2\/comments?post=28800"}],"wp:featuredmedia":[{"embeddable":true,"href":"https:\/\/schroevendump.nl\/fr\/wp-json\/wp\/v2\/media\/30116"}],"wp:attachment":[{"href":"https:\/\/schroevendump.nl\/fr\/wp-json\/wp\/v2\/media?parent=28800"}],"wp:term":[{"taxonomy":"product_brand","embeddable":true,"href":"https:\/\/schroevendump.nl\/fr\/wp-json\/wp\/v2\/product_brand?post=28800"},{"taxonomy":"product_cat","embeddable":true,"href":"https:\/\/schroevendump.nl\/fr\/wp-json\/wp\/v2\/product_cat?post=28800"},{"taxonomy":"product_tag","embeddable":true,"href":"https:\/\/schroevendump.nl\/fr\/wp-json\/wp\/v2\/product_tag?post=28800"}],"curies":[{"name":"wp","href":"https:\/\/api.w.org\/{rel}","templated":true}]}}