{"id":28806,"date":"2024-11-30T13:40:44","date_gmt":"2024-11-30T13:40:44","guid":{"rendered":"https:\/\/schroevendump.nl\/product\/disque-a-decouper-rhodius-o-125-x-10mm-pour-lacier-et-lacier-inoxydable\/"},"modified":"2025-12-10T11:30:40","modified_gmt":"2025-12-10T11:30:40","slug":"disque-a-decouper-rhodius-o-125-x-10mm-pour-lacier-et-lacier-inoxydable","status":"publish","type":"product","link":"https:\/\/schroevendump.nl\/fr\/produit\/disque-a-decouper-rhodius-o-125-x-10mm-pour-lacier-et-lacier-inoxydable\/","title":{"rendered":"Disque \u00e0 d\u00e9couper Rhodius \u00d8 125 x 1,0mm pour l&#8217;acier et l&#8217;acier inoxydable"},"content":{"rendered":"<p>Disque de coupe droit<\/p>\n<p>Disque \u00e0 tron\u00e7onner extra-fin avec une longue dur\u00e9e de vie pour une large gamme d&#8217;applications et un rapport qualit\u00e9-prix optimal.<\/p>\n<ul>\n<li>  Faible formation de bavures<\/li>\n<li>  Vitesse de coupe \u00e9lev\u00e9e<\/li>\n<li>  Pluie d&#8217;\u00e9tincelles faible<\/li>\n<li>  Faible effritement de l&#8217;ar\u00eate de coupe<\/li>\n<li>1 pi\u00e8ce<\/li>\n<li>\u00d8 125 x 1,0 x22,23mm<\/li>\n<li>Approuv\u00e9 par l&#8217;OSA<\/li>\n<\/ul>\n<p>des coupes pr\u00e9cises et rapides et une qualit\u00e9 professionnelle \u00e9lev\u00e9e<\/p>\n<p>En outre, la meule de tron\u00e7onnage est id\u00e9ale pour les machines de faible puissance<\/p>\n<p>Choisissez la qualit\u00e9 au meilleur prix sur <a href=\"https:\/\/schroevendump.nl\/fr\/\">schroevendump.co.uk <\/a>et jetez un coup d&#8217;\u0153il \u00e0 notre <a href=\"https:\/\/www.instagram.com\/schroevendump\/\">page instragram<\/a>.<\/p>\n","protected":false},"excerpt":{"rendered":"<p>Disque de coupe droit Disque \u00e0 tron\u00e7onner extra-fin avec une longue dur\u00e9e de vie pour une large gamme d&#8217;applications et un rapport qualit\u00e9-prix optimal. Faible formation de bavures Vitesse de coupe \u00e9lev\u00e9e Pluie d&#8217;\u00e9tincelles faible Faible effritement de l&#8217;ar\u00eate de coupe 1 pi\u00e8ce \u00d8 125 x 1,0 x22,23mm Approuv\u00e9 par l&#8217;OSA des coupes pr\u00e9cises et [&hellip;]<\/p>\n","protected":false},"featured_media":29369,"comment_status":"closed","ping_status":"closed","template":"","meta":[],"product_brand":[],"product_cat":[784],"product_tag":[],"class_list":{"0":"post-28806","1":"product","2":"type-product","3":"status-publish","4":"has-post-thumbnail","6":"product_cat-disques-de-meulage-brasage","8":"first","9":"instock","10":"taxable","11":"shipping-taxable","12":"purchasable","13":"product-type-simple"},"supplier_id":null,"supplier_sku":"","barcode":null,"atum_controlled":true,"out_stock_date":null,"out_stock_threshold":null,"inheritable":false,"inbound_stock":0,"stock_on_hold":100,"sold_today":0,"sales_last_days":0,"reserved_stock":0,"customer_returns":0,"warehouse_damage":0,"lost_in_post":0,"other_logs":0,"out_stock_days":0,"lost_sales":0,"has_location":false,"update_date":"2026-04-18T01:05:33","atum_locations":[],"atum_stock_status":"instock","restock_status":false,"low_stock_amount":"","sales_update_date":"2026-04-18T01:05:33","calc_backorders":null,"acf":[],"yoast_head":"<!-- This site is optimized with the Yoast SEO plugin v26.6 - https:\/\/yoast.com\/wordpress\/plugins\/seo\/ -->\n<title>Disque \u00e0 d\u00e9couper Rhodius \u00d8 125 x 1,0mm pour l&#039;acier et l&#039;acier inoxydable - Schroevendump<\/title>\n<meta name=\"robots\" content=\"index, follow, max-snippet:-1, max-image-preview:large, max-video-preview:-1\" \/>\n<link rel=\"canonical\" href=\"https:\/\/schroevendump.nl\/fr\/produit\/disque-a-decouper-rhodius-o-125-x-10mm-pour-lacier-et-lacier-inoxydable\/\" \/>\n<meta property=\"og:locale\" content=\"fr_FR\" \/>\n<meta property=\"og:type\" content=\"article\" \/>\n<meta property=\"og:title\" content=\"Disque \u00e0 d\u00e9couper Rhodius \u00d8 125 x 1,0mm pour l&#039;acier et l&#039;acier inoxydable - Schroevendump\" \/>\n<meta property=\"og:description\" content=\"Disque de coupe droit Disque \u00e0 tron\u00e7onner extra-fin avec une longue dur\u00e9e de vie pour une large gamme d&#8217;applications et un rapport qualit\u00e9-prix optimal. Faible formation de bavures Vitesse de coupe \u00e9lev\u00e9e Pluie d&#8217;\u00e9tincelles faible Faible effritement de l&#8217;ar\u00eate de coupe 1 pi\u00e8ce \u00d8 125 x 1,0 x22,23mm Approuv\u00e9 par l&#8217;OSA des coupes pr\u00e9cises et [&hellip;]\" \/>\n<meta property=\"og:url\" content=\"https:\/\/schroevendump.nl\/fr\/produit\/disque-a-decouper-rhodius-o-125-x-10mm-pour-lacier-et-lacier-inoxydable\/\" \/>\n<meta property=\"og:site_name\" content=\"Schroevendump\" \/>\n<meta property=\"article:modified_time\" content=\"2025-12-10T11:30:40+00:00\" \/>\n<meta property=\"og:image\" content=\"https:\/\/schroevendump.nl\/wp-content\/uploads\/2024\/11\/rodius-slijp-125mm-staal--e1765039237108-1019x1024.png\" \/>\n\t<meta property=\"og:image:width\" content=\"1019\" \/>\n\t<meta property=\"og:image:height\" content=\"1024\" \/>\n\t<meta property=\"og:image:type\" content=\"image\/png\" \/>\n<meta name=\"twitter:card\" content=\"summary_large_image\" \/>\n<meta name=\"twitter:label1\" content=\"Dur\u00e9e de lecture estim\u00e9e\" \/>\n\t<meta name=\"twitter:data1\" content=\"1 minute\" \/>\n<script type=\"application\/ld+json\" class=\"yoast-schema-graph\">{\"@context\":\"https:\/\/schema.org\",\"@graph\":[{\"@type\":\"WebPage\",\"@id\":\"https:\/\/schroevendump.nl\/fr\/produit\/disque-a-decouper-rhodius-o-125-x-10mm-pour-lacier-et-lacier-inoxydable\/\",\"url\":\"https:\/\/schroevendump.nl\/fr\/produit\/disque-a-decouper-rhodius-o-125-x-10mm-pour-lacier-et-lacier-inoxydable\/\",\"name\":\"Disque \u00e0 d\u00e9couper Rhodius \u00d8 125 x 1,0mm pour l'acier et l'acier inoxydable - Schroevendump\",\"isPartOf\":{\"@id\":\"https:\/\/schroevendump.nl\/fr\/#website\"},\"primaryImageOfPage\":{\"@id\":\"https:\/\/schroevendump.nl\/fr\/produit\/disque-a-decouper-rhodius-o-125-x-10mm-pour-lacier-et-lacier-inoxydable\/#primaryimage\"},\"image\":{\"@id\":\"https:\/\/schroevendump.nl\/fr\/produit\/disque-a-decouper-rhodius-o-125-x-10mm-pour-lacier-et-lacier-inoxydable\/#primaryimage\"},\"thumbnailUrl\":\"https:\/\/schroevendump.nl\/wp-content\/uploads\/2024\/11\/rodius-slijp-125mm-staal--e1765039237108.png\",\"datePublished\":\"2024-11-30T13:40:44+00:00\",\"dateModified\":\"2025-12-10T11:30:40+00:00\",\"breadcrumb\":{\"@id\":\"https:\/\/schroevendump.nl\/fr\/produit\/disque-a-decouper-rhodius-o-125-x-10mm-pour-lacier-et-lacier-inoxydable\/#breadcrumb\"},\"inLanguage\":\"fr-FR\",\"potentialAction\":[{\"@type\":\"ReadAction\",\"target\":[\"https:\/\/schroevendump.nl\/fr\/produit\/disque-a-decouper-rhodius-o-125-x-10mm-pour-lacier-et-lacier-inoxydable\/\"]}]},{\"@type\":\"ImageObject\",\"inLanguage\":\"fr-FR\",\"@id\":\"https:\/\/schroevendump.nl\/fr\/produit\/disque-a-decouper-rhodius-o-125-x-10mm-pour-lacier-et-lacier-inoxydable\/#primaryimage\",\"url\":\"https:\/\/schroevendump.nl\/wp-content\/uploads\/2024\/11\/rodius-slijp-125mm-staal--e1765039237108.png\",\"contentUrl\":\"https:\/\/schroevendump.nl\/wp-content\/uploads\/2024\/11\/rodius-slijp-125mm-staal--e1765039237108.png\",\"width\":2053,\"height\":2064},{\"@type\":\"BreadcrumbList\",\"@id\":\"https:\/\/schroevendump.nl\/fr\/produit\/disque-a-decouper-rhodius-o-125-x-10mm-pour-lacier-et-lacier-inoxydable\/#breadcrumb\",\"itemListElement\":[{\"@type\":\"ListItem\",\"position\":1,\"name\":\"Accueil\",\"item\":\"https:\/\/schroevendump.nl\/fr\/\"},{\"@type\":\"ListItem\",\"position\":2,\"name\":\"Boutique\",\"item\":\"https:\/\/schroevendump.nl\/fr\/boutique\/\"},{\"@type\":\"ListItem\",\"position\":3,\"name\":\"Disque \u00e0 d\u00e9couper Rhodius \u00d8 125 x 1,0mm pour l&#8217;acier et l&#8217;acier inoxydable\"}]},{\"@type\":\"WebSite\",\"@id\":\"https:\/\/schroevendump.nl\/fr\/#website\",\"url\":\"https:\/\/schroevendump.nl\/fr\/\",\"name\":\"Schroevendump\",\"description\":\"\",\"potentialAction\":[{\"@type\":\"SearchAction\",\"target\":{\"@type\":\"EntryPoint\",\"urlTemplate\":\"https:\/\/schroevendump.nl\/fr\/?s={search_term_string}\"},\"query-input\":{\"@type\":\"PropertyValueSpecification\",\"valueRequired\":true,\"valueName\":\"search_term_string\"}}],\"inLanguage\":\"fr-FR\"}]}<\/script>\n<!-- \/ Yoast SEO plugin. -->","yoast_head_json":{"title":"Disque \u00e0 d\u00e9couper Rhodius \u00d8 125 x 1,0mm pour l'acier et l'acier inoxydable - Schroevendump","robots":{"index":"index","follow":"follow","max-snippet":"max-snippet:-1","max-image-preview":"max-image-preview:large","max-video-preview":"max-video-preview:-1"},"canonical":"https:\/\/schroevendump.nl\/fr\/produit\/disque-a-decouper-rhodius-o-125-x-10mm-pour-lacier-et-lacier-inoxydable\/","og_locale":"fr_FR","og_type":"article","og_title":"Disque \u00e0 d\u00e9couper Rhodius \u00d8 125 x 1,0mm pour l'acier et l'acier inoxydable - Schroevendump","og_description":"Disque de coupe droit Disque \u00e0 tron\u00e7onner extra-fin avec une longue dur\u00e9e de vie pour une large gamme d&#8217;applications et un rapport qualit\u00e9-prix optimal. Faible formation de bavures Vitesse de coupe \u00e9lev\u00e9e Pluie d&#8217;\u00e9tincelles faible Faible effritement de l&#8217;ar\u00eate de coupe 1 pi\u00e8ce \u00d8 125 x 1,0 x22,23mm Approuv\u00e9 par l&#8217;OSA des coupes pr\u00e9cises et [&hellip;]","og_url":"https:\/\/schroevendump.nl\/fr\/produit\/disque-a-decouper-rhodius-o-125-x-10mm-pour-lacier-et-lacier-inoxydable\/","og_site_name":"Schroevendump","article_modified_time":"2025-12-10T11:30:40+00:00","og_image":[{"width":1019,"height":1024,"url":"https:\/\/schroevendump.nl\/wp-content\/uploads\/2024\/11\/rodius-slijp-125mm-staal--e1765039237108-1019x1024.png","type":"image\/png"}],"twitter_card":"summary_large_image","twitter_misc":{"Dur\u00e9e de lecture estim\u00e9e":"1 minute"},"schema":{"@context":"https:\/\/schema.org","@graph":[{"@type":"WebPage","@id":"https:\/\/schroevendump.nl\/fr\/produit\/disque-a-decouper-rhodius-o-125-x-10mm-pour-lacier-et-lacier-inoxydable\/","url":"https:\/\/schroevendump.nl\/fr\/produit\/disque-a-decouper-rhodius-o-125-x-10mm-pour-lacier-et-lacier-inoxydable\/","name":"Disque \u00e0 d\u00e9couper Rhodius \u00d8 125 x 1,0mm pour l'acier et l'acier inoxydable - Schroevendump","isPartOf":{"@id":"https:\/\/schroevendump.nl\/fr\/#website"},"primaryImageOfPage":{"@id":"https:\/\/schroevendump.nl\/fr\/produit\/disque-a-decouper-rhodius-o-125-x-10mm-pour-lacier-et-lacier-inoxydable\/#primaryimage"},"image":{"@id":"https:\/\/schroevendump.nl\/fr\/produit\/disque-a-decouper-rhodius-o-125-x-10mm-pour-lacier-et-lacier-inoxydable\/#primaryimage"},"thumbnailUrl":"https:\/\/schroevendump.nl\/wp-content\/uploads\/2024\/11\/rodius-slijp-125mm-staal--e1765039237108.png","datePublished":"2024-11-30T13:40:44+00:00","dateModified":"2025-12-10T11:30:40+00:00","breadcrumb":{"@id":"https:\/\/schroevendump.nl\/fr\/produit\/disque-a-decouper-rhodius-o-125-x-10mm-pour-lacier-et-lacier-inoxydable\/#breadcrumb"},"inLanguage":"fr-FR","potentialAction":[{"@type":"ReadAction","target":["https:\/\/schroevendump.nl\/fr\/produit\/disque-a-decouper-rhodius-o-125-x-10mm-pour-lacier-et-lacier-inoxydable\/"]}]},{"@type":"ImageObject","inLanguage":"fr-FR","@id":"https:\/\/schroevendump.nl\/fr\/produit\/disque-a-decouper-rhodius-o-125-x-10mm-pour-lacier-et-lacier-inoxydable\/#primaryimage","url":"https:\/\/schroevendump.nl\/wp-content\/uploads\/2024\/11\/rodius-slijp-125mm-staal--e1765039237108.png","contentUrl":"https:\/\/schroevendump.nl\/wp-content\/uploads\/2024\/11\/rodius-slijp-125mm-staal--e1765039237108.png","width":2053,"height":2064},{"@type":"BreadcrumbList","@id":"https:\/\/schroevendump.nl\/fr\/produit\/disque-a-decouper-rhodius-o-125-x-10mm-pour-lacier-et-lacier-inoxydable\/#breadcrumb","itemListElement":[{"@type":"ListItem","position":1,"name":"Accueil","item":"https:\/\/schroevendump.nl\/fr\/"},{"@type":"ListItem","position":2,"name":"Boutique","item":"https:\/\/schroevendump.nl\/fr\/boutique\/"},{"@type":"ListItem","position":3,"name":"Disque \u00e0 d\u00e9couper Rhodius \u00d8 125 x 1,0mm pour l&#8217;acier et l&#8217;acier inoxydable"}]},{"@type":"WebSite","@id":"https:\/\/schroevendump.nl\/fr\/#website","url":"https:\/\/schroevendump.nl\/fr\/","name":"Schroevendump","description":"","potentialAction":[{"@type":"SearchAction","target":{"@type":"EntryPoint","urlTemplate":"https:\/\/schroevendump.nl\/fr\/?s={search_term_string}"},"query-input":{"@type":"PropertyValueSpecification","valueRequired":true,"valueName":"search_term_string"}}],"inLanguage":"fr-FR"}]}},"_links":{"self":[{"href":"https:\/\/schroevendump.nl\/fr\/wp-json\/wp\/v2\/product\/28806","targetHints":{"allow":["GET"]}}],"collection":[{"href":"https:\/\/schroevendump.nl\/fr\/wp-json\/wp\/v2\/product"}],"about":[{"href":"https:\/\/schroevendump.nl\/fr\/wp-json\/wp\/v2\/types\/product"}],"replies":[{"embeddable":true,"href":"https:\/\/schroevendump.nl\/fr\/wp-json\/wp\/v2\/comments?post=28806"}],"wp:featuredmedia":[{"embeddable":true,"href":"https:\/\/schroevendump.nl\/fr\/wp-json\/wp\/v2\/media\/29369"}],"wp:attachment":[{"href":"https:\/\/schroevendump.nl\/fr\/wp-json\/wp\/v2\/media?parent=28806"}],"wp:term":[{"taxonomy":"product_brand","embeddable":true,"href":"https:\/\/schroevendump.nl\/fr\/wp-json\/wp\/v2\/product_brand?post=28806"},{"taxonomy":"product_cat","embeddable":true,"href":"https:\/\/schroevendump.nl\/fr\/wp-json\/wp\/v2\/product_cat?post=28806"},{"taxonomy":"product_tag","embeddable":true,"href":"https:\/\/schroevendump.nl\/fr\/wp-json\/wp\/v2\/product_tag?post=28806"}],"curies":[{"name":"wp","href":"https:\/\/api.w.org\/{rel}","templated":true}]}}