{"id":28812,"date":"2024-11-30T18:27:28","date_gmt":"2024-11-30T18:27:28","guid":{"rendered":"https:\/\/schroevendump.nl\/product\/plaques-disolation-de-distribution-de-pression-o70mm-100-pieces\/"},"modified":"2025-12-10T11:33:11","modified_gmt":"2025-12-10T11:33:11","slug":"plaques-disolation-de-distribution-de-pression-o70mm-100-pieces","status":"publish","type":"product","link":"https:\/\/schroevendump.nl\/fr\/produit\/plaques-disolation-de-distribution-de-pression-o70mm-100-pieces\/","title":{"rendered":"Plaques d&#8217;isolation\/de distribution de pression \u00d870mm 100 pi\u00e8ces"},"content":{"rendered":"<p data-start=\"191\" data-end=\"461\">Les <strong data-start=\"194\" data-end=\"225\"> anneaux d&#8217;isolation \u00d870mm<\/strong> de <strong data-start=\"230\" data-end=\"247\">Schroevendump<\/strong> sont con\u00e7us pour une fixation solide et durable des panneaux d&#8217;isolation. Gr\u00e2ce \u00e0 leur grande surface de r\u00e9partition de la pression, ils r\u00e9partissent uniform\u00e9ment la force de la vis, emp\u00eachant ainsi l&#8217;endommagement ou l&#8217;effondrement de l&#8217;isolant.<\/p>\n<p data-start=\"463\" data-end=\"658\">Les rondelles sont <strong data-start=\"478\" data-end=\"543\">particuli\u00e8rement adapt\u00e9es aux<a href=\"https:\/\/schroevendump.nl\/fr\/product-categorie\/vis-disolation\/\"> vis d&#8217;isolation de<\/a> Schroevendump<\/strong> et d\u00e9passent visiblement de la surface, ce qui garantit une finition soign\u00e9e lors de l&#8217;assemblage.<\/p>\n<p data-start=\"660\" data-end=\"678\"><img decoding=\"async\" class=\"emoji\" role=\"img\" draggable=\"false\" src=\"https:\/\/s.w.org\/images\/core\/emoji\/16.0.1\/svg\/2705.svg\" alt=\"\u2705\"> <strong data-start=\"662\" data-end=\"676\">Avantages :<\/strong><\/p>\n<ul data-start=\"679\" data-end=\"892\">\n<li data-start=\"679\" data-end=\"725\">\n<p data-start=\"681\" data-end=\"725\">Fabriqu\u00e9 en <strong data-start=\"705\" data-end=\"723\">acier galvanis\u00e9<\/strong> de haute qualit\u00e9<\/p>\n<\/li>\n<li data-start=\"726\" data-end=\"763\">\n<p data-start=\"728\" data-end=\"763\">\u00d870mm pour une r\u00e9partition optimale de la pression<\/p>\n<\/li>\n<li data-start=\"764\" data-end=\"823\">\n<p data-start=\"766\" data-end=\"823\"><a href=\"https:\/\/schroevendump.nl\/fr\/product-categorie\/vis-disolation\/\">Vis d&#8217;isolation<\/a> parfaitement adapt\u00e9es de Schroevendump<\/p>\n<\/li>\n<li data-start=\"824\" data-end=\"862\">\n<p data-start=\"826\" data-end=\"862\">Robuste, inoxydable et durable<\/p>\n<\/li>\n<li data-start=\"863\" data-end=\"892\">\n<p data-start=\"865\" data-end=\"892\">Emball\u00e9 par<strong data-start=\"877\" data-end=\"890\">100 pi\u00e8ces<\/strong><\/p>\n<\/li>\n<\/ul>\n<p data-start=\"894\" data-end=\"1037\"><strong data-start=\"894\" data-end=\"909\">Application :<\/strong><br data-start=\"909\" data-end=\"912\">Id\u00e9al pour l&#8217;isolation des fa\u00e7ades, l&#8217;isolation des toits et d&#8217;autres applications o\u00f9 une fixation solide et une longue dur\u00e9e de vie sont importantes.<\/p>\n","protected":false},"excerpt":{"rendered":"<p>Les anneaux d&#8217;isolation \u00d870mm de Schroevendump sont con\u00e7us pour une fixation solide et durable des panneaux d&#8217;isolation. Gr\u00e2ce \u00e0 leur grande surface de r\u00e9partition de la pression, ils r\u00e9partissent uniform\u00e9ment la force de la vis, emp\u00eachant ainsi l&#8217;endommagement ou l&#8217;effondrement de l&#8217;isolant. Les rondelles sont particuli\u00e8rement adapt\u00e9es aux vis d&#8217;isolation de Schroevendump et d\u00e9passent visiblement [&hellip;]<\/p>\n","protected":false},"featured_media":28816,"comment_status":"closed","ping_status":"closed","template":"","meta":[],"product_brand":[],"product_cat":[820],"product_tag":[],"class_list":{"0":"post-28812","1":"product","2":"type-product","3":"status-publish","4":"has-post-thumbnail","6":"product_cat-plaques-de-repartition-de-la-pression-anneaux-disolation","8":"first","9":"instock","10":"taxable","11":"shipping-taxable","12":"purchasable","13":"product-type-simple"},"supplier_id":null,"supplier_sku":"","barcode":null,"atum_controlled":true,"out_stock_date":null,"out_stock_threshold":null,"inheritable":false,"inbound_stock":0,"stock_on_hold":3,"sold_today":2,"sales_last_days":35,"reserved_stock":0,"customer_returns":0,"warehouse_damage":0,"lost_in_post":0,"other_logs":0,"out_stock_days":0,"lost_sales":0,"has_location":false,"update_date":"2026-04-18T14:28:32","atum_locations":[],"atum_stock_status":"instock","restock_status":false,"low_stock_amount":"","sales_update_date":"2026-04-18T14:28:32","calc_backorders":null,"acf":[],"yoast_head":"<!-- This site is optimized with the Yoast SEO plugin v26.6 - https:\/\/yoast.com\/wordpress\/plugins\/seo\/ -->\n<title>Plaques d&#039;isolation\/de distribution de pression \u00d870mm 100 pi\u00e8ces - Schroevendump<\/title>\n<meta name=\"robots\" content=\"index, follow, max-snippet:-1, max-image-preview:large, max-video-preview:-1\" \/>\n<link rel=\"canonical\" href=\"https:\/\/schroevendump.nl\/fr\/produit\/plaques-disolation-de-distribution-de-pression-o70mm-100-pieces\/\" \/>\n<meta property=\"og:locale\" content=\"fr_FR\" \/>\n<meta property=\"og:type\" content=\"article\" \/>\n<meta property=\"og:title\" content=\"Plaques d&#039;isolation\/de distribution de pression \u00d870mm 100 pi\u00e8ces - Schroevendump\" \/>\n<meta property=\"og:description\" content=\"Les anneaux d&#8217;isolation \u00d870mm de Schroevendump sont con\u00e7us pour une fixation solide et durable des panneaux d&#8217;isolation. Gr\u00e2ce \u00e0 leur grande surface de r\u00e9partition de la pression, ils r\u00e9partissent uniform\u00e9ment la force de la vis, emp\u00eachant ainsi l&#8217;endommagement ou l&#8217;effondrement de l&#8217;isolant. Les rondelles sont particuli\u00e8rement adapt\u00e9es aux vis d&#8217;isolation de Schroevendump et d\u00e9passent visiblement [&hellip;]\" \/>\n<meta property=\"og:url\" content=\"https:\/\/schroevendump.nl\/fr\/produit\/plaques-disolation-de-distribution-de-pression-o70mm-100-pieces\/\" \/>\n<meta property=\"og:site_name\" content=\"Schroevendump\" \/>\n<meta property=\"article:modified_time\" content=\"2025-12-10T11:33:11+00:00\" \/>\n<meta property=\"og:image\" content=\"https:\/\/schroevendump.nl\/wp-content\/uploads\/2024\/11\/isolatieringen-scaled-e1759609620587.png\" \/>\n\t<meta property=\"og:image:width\" content=\"2040\" \/>\n\t<meta property=\"og:image:height\" content=\"2027\" \/>\n\t<meta property=\"og:image:type\" content=\"image\/png\" \/>\n<meta name=\"twitter:card\" content=\"summary_large_image\" \/>\n<meta name=\"twitter:label1\" content=\"Dur\u00e9e de lecture estim\u00e9e\" \/>\n\t<meta name=\"twitter:data1\" content=\"1 minute\" \/>\n<script type=\"application\/ld+json\" class=\"yoast-schema-graph\">{\"@context\":\"https:\/\/schema.org\",\"@graph\":[{\"@type\":\"WebPage\",\"@id\":\"https:\/\/schroevendump.nl\/fr\/produit\/plaques-disolation-de-distribution-de-pression-o70mm-100-pieces\/\",\"url\":\"https:\/\/schroevendump.nl\/fr\/produit\/plaques-disolation-de-distribution-de-pression-o70mm-100-pieces\/\",\"name\":\"Plaques d'isolation\/de distribution de pression \u00d870mm 100 pi\u00e8ces - Schroevendump\",\"isPartOf\":{\"@id\":\"https:\/\/schroevendump.nl\/fr\/#website\"},\"primaryImageOfPage\":{\"@id\":\"https:\/\/schroevendump.nl\/fr\/produit\/plaques-disolation-de-distribution-de-pression-o70mm-100-pieces\/#primaryimage\"},\"image\":{\"@id\":\"https:\/\/schroevendump.nl\/fr\/produit\/plaques-disolation-de-distribution-de-pression-o70mm-100-pieces\/#primaryimage\"},\"thumbnailUrl\":\"https:\/\/schroevendump.nl\/wp-content\/uploads\/2024\/11\/isolatieringen-scaled-e1759609620587.png\",\"datePublished\":\"2024-11-30T18:27:28+00:00\",\"dateModified\":\"2025-12-10T11:33:11+00:00\",\"breadcrumb\":{\"@id\":\"https:\/\/schroevendump.nl\/fr\/produit\/plaques-disolation-de-distribution-de-pression-o70mm-100-pieces\/#breadcrumb\"},\"inLanguage\":\"fr-FR\",\"potentialAction\":[{\"@type\":\"ReadAction\",\"target\":[\"https:\/\/schroevendump.nl\/fr\/produit\/plaques-disolation-de-distribution-de-pression-o70mm-100-pieces\/\"]}]},{\"@type\":\"ImageObject\",\"inLanguage\":\"fr-FR\",\"@id\":\"https:\/\/schroevendump.nl\/fr\/produit\/plaques-disolation-de-distribution-de-pression-o70mm-100-pieces\/#primaryimage\",\"url\":\"https:\/\/schroevendump.nl\/wp-content\/uploads\/2024\/11\/isolatieringen-scaled-e1759609620587.png\",\"contentUrl\":\"https:\/\/schroevendump.nl\/wp-content\/uploads\/2024\/11\/isolatieringen-scaled-e1759609620587.png\",\"width\":2040,\"height\":2027},{\"@type\":\"BreadcrumbList\",\"@id\":\"https:\/\/schroevendump.nl\/fr\/produit\/plaques-disolation-de-distribution-de-pression-o70mm-100-pieces\/#breadcrumb\",\"itemListElement\":[{\"@type\":\"ListItem\",\"position\":1,\"name\":\"Accueil\",\"item\":\"https:\/\/schroevendump.nl\/fr\/\"},{\"@type\":\"ListItem\",\"position\":2,\"name\":\"Boutique\",\"item\":\"https:\/\/schroevendump.nl\/fr\/boutique\/\"},{\"@type\":\"ListItem\",\"position\":3,\"name\":\"Plaques d&#8217;isolation\/de distribution de pression \u00d870mm 100 pi\u00e8ces\"}]},{\"@type\":\"WebSite\",\"@id\":\"https:\/\/schroevendump.nl\/fr\/#website\",\"url\":\"https:\/\/schroevendump.nl\/fr\/\",\"name\":\"Schroevendump\",\"description\":\"\",\"potentialAction\":[{\"@type\":\"SearchAction\",\"target\":{\"@type\":\"EntryPoint\",\"urlTemplate\":\"https:\/\/schroevendump.nl\/fr\/?s={search_term_string}\"},\"query-input\":{\"@type\":\"PropertyValueSpecification\",\"valueRequired\":true,\"valueName\":\"search_term_string\"}}],\"inLanguage\":\"fr-FR\"}]}<\/script>\n<!-- \/ Yoast SEO plugin. -->","yoast_head_json":{"title":"Plaques d'isolation\/de distribution de pression \u00d870mm 100 pi\u00e8ces - Schroevendump","robots":{"index":"index","follow":"follow","max-snippet":"max-snippet:-1","max-image-preview":"max-image-preview:large","max-video-preview":"max-video-preview:-1"},"canonical":"https:\/\/schroevendump.nl\/fr\/produit\/plaques-disolation-de-distribution-de-pression-o70mm-100-pieces\/","og_locale":"fr_FR","og_type":"article","og_title":"Plaques d'isolation\/de distribution de pression \u00d870mm 100 pi\u00e8ces - Schroevendump","og_description":"Les anneaux d&#8217;isolation \u00d870mm de Schroevendump sont con\u00e7us pour une fixation solide et durable des panneaux d&#8217;isolation. Gr\u00e2ce \u00e0 leur grande surface de r\u00e9partition de la pression, ils r\u00e9partissent uniform\u00e9ment la force de la vis, emp\u00eachant ainsi l&#8217;endommagement ou l&#8217;effondrement de l&#8217;isolant. Les rondelles sont particuli\u00e8rement adapt\u00e9es aux vis d&#8217;isolation de Schroevendump et d\u00e9passent visiblement [&hellip;]","og_url":"https:\/\/schroevendump.nl\/fr\/produit\/plaques-disolation-de-distribution-de-pression-o70mm-100-pieces\/","og_site_name":"Schroevendump","article_modified_time":"2025-12-10T11:33:11+00:00","og_image":[{"width":2040,"height":2027,"url":"https:\/\/schroevendump.nl\/wp-content\/uploads\/2024\/11\/isolatieringen-scaled-e1759609620587.png","type":"image\/png"}],"twitter_card":"summary_large_image","twitter_misc":{"Dur\u00e9e de lecture estim\u00e9e":"1 minute"},"schema":{"@context":"https:\/\/schema.org","@graph":[{"@type":"WebPage","@id":"https:\/\/schroevendump.nl\/fr\/produit\/plaques-disolation-de-distribution-de-pression-o70mm-100-pieces\/","url":"https:\/\/schroevendump.nl\/fr\/produit\/plaques-disolation-de-distribution-de-pression-o70mm-100-pieces\/","name":"Plaques d'isolation\/de distribution de pression \u00d870mm 100 pi\u00e8ces - Schroevendump","isPartOf":{"@id":"https:\/\/schroevendump.nl\/fr\/#website"},"primaryImageOfPage":{"@id":"https:\/\/schroevendump.nl\/fr\/produit\/plaques-disolation-de-distribution-de-pression-o70mm-100-pieces\/#primaryimage"},"image":{"@id":"https:\/\/schroevendump.nl\/fr\/produit\/plaques-disolation-de-distribution-de-pression-o70mm-100-pieces\/#primaryimage"},"thumbnailUrl":"https:\/\/schroevendump.nl\/wp-content\/uploads\/2024\/11\/isolatieringen-scaled-e1759609620587.png","datePublished":"2024-11-30T18:27:28+00:00","dateModified":"2025-12-10T11:33:11+00:00","breadcrumb":{"@id":"https:\/\/schroevendump.nl\/fr\/produit\/plaques-disolation-de-distribution-de-pression-o70mm-100-pieces\/#breadcrumb"},"inLanguage":"fr-FR","potentialAction":[{"@type":"ReadAction","target":["https:\/\/schroevendump.nl\/fr\/produit\/plaques-disolation-de-distribution-de-pression-o70mm-100-pieces\/"]}]},{"@type":"ImageObject","inLanguage":"fr-FR","@id":"https:\/\/schroevendump.nl\/fr\/produit\/plaques-disolation-de-distribution-de-pression-o70mm-100-pieces\/#primaryimage","url":"https:\/\/schroevendump.nl\/wp-content\/uploads\/2024\/11\/isolatieringen-scaled-e1759609620587.png","contentUrl":"https:\/\/schroevendump.nl\/wp-content\/uploads\/2024\/11\/isolatieringen-scaled-e1759609620587.png","width":2040,"height":2027},{"@type":"BreadcrumbList","@id":"https:\/\/schroevendump.nl\/fr\/produit\/plaques-disolation-de-distribution-de-pression-o70mm-100-pieces\/#breadcrumb","itemListElement":[{"@type":"ListItem","position":1,"name":"Accueil","item":"https:\/\/schroevendump.nl\/fr\/"},{"@type":"ListItem","position":2,"name":"Boutique","item":"https:\/\/schroevendump.nl\/fr\/boutique\/"},{"@type":"ListItem","position":3,"name":"Plaques d&#8217;isolation\/de distribution de pression \u00d870mm 100 pi\u00e8ces"}]},{"@type":"WebSite","@id":"https:\/\/schroevendump.nl\/fr\/#website","url":"https:\/\/schroevendump.nl\/fr\/","name":"Schroevendump","description":"","potentialAction":[{"@type":"SearchAction","target":{"@type":"EntryPoint","urlTemplate":"https:\/\/schroevendump.nl\/fr\/?s={search_term_string}"},"query-input":{"@type":"PropertyValueSpecification","valueRequired":true,"valueName":"search_term_string"}}],"inLanguage":"fr-FR"}]}},"_links":{"self":[{"href":"https:\/\/schroevendump.nl\/fr\/wp-json\/wp\/v2\/product\/28812","targetHints":{"allow":["GET"]}}],"collection":[{"href":"https:\/\/schroevendump.nl\/fr\/wp-json\/wp\/v2\/product"}],"about":[{"href":"https:\/\/schroevendump.nl\/fr\/wp-json\/wp\/v2\/types\/product"}],"replies":[{"embeddable":true,"href":"https:\/\/schroevendump.nl\/fr\/wp-json\/wp\/v2\/comments?post=28812"}],"wp:featuredmedia":[{"embeddable":true,"href":"https:\/\/schroevendump.nl\/fr\/wp-json\/wp\/v2\/media\/28816"}],"wp:attachment":[{"href":"https:\/\/schroevendump.nl\/fr\/wp-json\/wp\/v2\/media?parent=28812"}],"wp:term":[{"taxonomy":"product_brand","embeddable":true,"href":"https:\/\/schroevendump.nl\/fr\/wp-json\/wp\/v2\/product_brand?post=28812"},{"taxonomy":"product_cat","embeddable":true,"href":"https:\/\/schroevendump.nl\/fr\/wp-json\/wp\/v2\/product_cat?post=28812"},{"taxonomy":"product_tag","embeddable":true,"href":"https:\/\/schroevendump.nl\/fr\/wp-json\/wp\/v2\/product_tag?post=28812"}],"curies":[{"name":"wp","href":"https:\/\/api.w.org\/{rel}","templated":true}]}}