{"id":28842,"date":"2024-11-18T14:37:57","date_gmt":"2024-11-18T14:37:57","guid":{"rendered":"https:\/\/schroevendump.nl\/product\/plaques-de-remplissage-7-mm-gris-96-pieces-dans-un-conteneur-en-plastique\/"},"modified":"2025-12-10T11:25:56","modified_gmt":"2025-12-10T11:25:56","slug":"plaques-de-remplissage-7-mm-gris-96-pieces-dans-un-conteneur-en-plastique","status":"publish","type":"product","link":"https:\/\/schroevendump.nl\/fr\/produit\/plaques-de-remplissage-7-mm-gris-96-pieces-dans-un-conteneur-en-plastique\/","title":{"rendered":"Plaques de remplissage 7 mm gris 96 pi\u00e8ces dans un conteneur en plastique"},"content":{"rendered":"<p>Les cales sont fabriqu\u00e9es en mati\u00e8re plastique. Une cale est souvent utilis\u00e9e pour cr\u00e9er une pression entre un joint ou, par exemple, pour fixer des cadres, des poutres, etc. <\/p>\n<p>Les plaques de remplissage sont tr\u00e8s utiles pour combler les espaces, l&#8217;avantage des plaques de remplissage est que vous avez diff\u00e9rentes tailles, souvent vous pouvez les changer rapidement pour une plaque de remplissage l\u00e9g\u00e8rement plus \u00e9paisse ou plus fine. Les cales sont \u00e9galement souvent utilis\u00e9es pour le carrelage (g\u00e9n\u00e9ralement les cales de 2 mm) afin de cr\u00e9er des joints de taille r\u00e9guli\u00e8re. Les cales sont r\u00e9sistantes \u00e0 la pression.  <\/p>\n<p>Les plaques de remplissage sont disponibles en 1mm 2mm 3mm 4mm 5mm 7mm 10mm, ce qui laisse un large choix pour le remplissage !<\/p>\n<p>Schroevendump, l&#8217;une des boutiques en ligne les moins ch\u00e8res des Pays-Bas !<\/p>\n","protected":false},"excerpt":{"rendered":"<p>Les cales sont fabriqu\u00e9es en mati\u00e8re plastique. Une cale est souvent utilis\u00e9e pour cr\u00e9er une pression entre un joint ou, par exemple, pour fixer des cadres, des poutres, etc. Les plaques de remplissage sont tr\u00e8s utiles pour combler les espaces, l&#8217;avantage des plaques de remplissage est que vous avez diff\u00e9rentes tailles, souvent vous pouvez les [&hellip;]<\/p>\n","protected":false},"featured_media":28836,"comment_status":"open","ping_status":"closed","template":"","meta":[],"product_brand":[],"product_cat":[716],"product_tag":[],"class_list":{"0":"post-28842","1":"product","2":"type-product","3":"status-publish","4":"has-post-thumbnail","6":"product_cat-cales","8":"first","9":"instock","10":"taxable","11":"shipping-taxable","12":"purchasable","13":"product-type-simple"},"supplier_id":null,"supplier_sku":"","barcode":null,"atum_controlled":true,"out_stock_date":null,"out_stock_threshold":null,"inheritable":false,"inbound_stock":0,"stock_on_hold":3,"sold_today":0,"sales_last_days":0,"reserved_stock":0,"customer_returns":0,"warehouse_damage":0,"lost_in_post":0,"other_logs":0,"out_stock_days":0,"lost_sales":0,"has_location":false,"update_date":"2026-04-15T01:04:22","atum_locations":[],"atum_stock_status":"instock","restock_status":false,"low_stock_amount":"","sales_update_date":"2026-04-15T01:04:21","calc_backorders":null,"acf":[],"yoast_head":"<!-- This site is optimized with the Yoast SEO plugin v26.6 - https:\/\/yoast.com\/wordpress\/plugins\/seo\/ -->\n<title>Plaques de remplissage 7 mm gris 96 pi\u00e8ces dans un conteneur en plastique - Schroevendump<\/title>\n<meta name=\"robots\" content=\"index, follow, max-snippet:-1, max-image-preview:large, max-video-preview:-1\" \/>\n<link rel=\"canonical\" href=\"https:\/\/schroevendump.nl\/fr\/produit\/plaques-de-remplissage-7-mm-gris-96-pieces-dans-un-conteneur-en-plastique\/\" \/>\n<meta property=\"og:locale\" content=\"fr_FR\" \/>\n<meta property=\"og:type\" content=\"article\" \/>\n<meta property=\"og:title\" content=\"Plaques de remplissage 7 mm gris 96 pi\u00e8ces dans un conteneur en plastique - Schroevendump\" \/>\n<meta property=\"og:description\" content=\"Les cales sont fabriqu\u00e9es en mati\u00e8re plastique. Une cale est souvent utilis\u00e9e pour cr\u00e9er une pression entre un joint ou, par exemple, pour fixer des cadres, des poutres, etc. Les plaques de remplissage sont tr\u00e8s utiles pour combler les espaces, l&#8217;avantage des plaques de remplissage est que vous avez diff\u00e9rentes tailles, souvent vous pouvez les [&hellip;]\" \/>\n<meta property=\"og:url\" content=\"https:\/\/schroevendump.nl\/fr\/produit\/plaques-de-remplissage-7-mm-gris-96-pieces-dans-un-conteneur-en-plastique\/\" \/>\n<meta property=\"og:site_name\" content=\"Schroevendump\" \/>\n<meta property=\"article:modified_time\" content=\"2025-12-10T11:25:56+00:00\" \/>\n<meta property=\"og:image\" content=\"https:\/\/schroevendump.nl\/wp-content\/uploads\/2024\/11\/vulplaat_7mm-removebg-preview.png\" \/>\n\t<meta property=\"og:image:width\" content=\"500\" \/>\n\t<meta property=\"og:image:height\" content=\"500\" \/>\n\t<meta property=\"og:image:type\" content=\"image\/png\" \/>\n<meta name=\"twitter:card\" content=\"summary_large_image\" \/>\n<meta name=\"twitter:label1\" content=\"Dur\u00e9e de lecture estim\u00e9e\" \/>\n\t<meta name=\"twitter:data1\" content=\"1 minute\" \/>\n<script type=\"application\/ld+json\" class=\"yoast-schema-graph\">{\"@context\":\"https:\/\/schema.org\",\"@graph\":[{\"@type\":\"WebPage\",\"@id\":\"https:\/\/schroevendump.nl\/fr\/produit\/plaques-de-remplissage-7-mm-gris-96-pieces-dans-un-conteneur-en-plastique\/\",\"url\":\"https:\/\/schroevendump.nl\/fr\/produit\/plaques-de-remplissage-7-mm-gris-96-pieces-dans-un-conteneur-en-plastique\/\",\"name\":\"Plaques de remplissage 7 mm gris 96 pi\u00e8ces dans un conteneur en plastique - Schroevendump\",\"isPartOf\":{\"@id\":\"https:\/\/schroevendump.nl\/fr\/#website\"},\"primaryImageOfPage\":{\"@id\":\"https:\/\/schroevendump.nl\/fr\/produit\/plaques-de-remplissage-7-mm-gris-96-pieces-dans-un-conteneur-en-plastique\/#primaryimage\"},\"image\":{\"@id\":\"https:\/\/schroevendump.nl\/fr\/produit\/plaques-de-remplissage-7-mm-gris-96-pieces-dans-un-conteneur-en-plastique\/#primaryimage\"},\"thumbnailUrl\":\"https:\/\/schroevendump.nl\/wp-content\/uploads\/2024\/11\/vulplaat_7mm-removebg-preview.png\",\"datePublished\":\"2024-11-18T14:37:57+00:00\",\"dateModified\":\"2025-12-10T11:25:56+00:00\",\"breadcrumb\":{\"@id\":\"https:\/\/schroevendump.nl\/fr\/produit\/plaques-de-remplissage-7-mm-gris-96-pieces-dans-un-conteneur-en-plastique\/#breadcrumb\"},\"inLanguage\":\"fr-FR\",\"potentialAction\":[{\"@type\":\"ReadAction\",\"target\":[\"https:\/\/schroevendump.nl\/fr\/produit\/plaques-de-remplissage-7-mm-gris-96-pieces-dans-un-conteneur-en-plastique\/\"]}]},{\"@type\":\"ImageObject\",\"inLanguage\":\"fr-FR\",\"@id\":\"https:\/\/schroevendump.nl\/fr\/produit\/plaques-de-remplissage-7-mm-gris-96-pieces-dans-un-conteneur-en-plastique\/#primaryimage\",\"url\":\"https:\/\/schroevendump.nl\/wp-content\/uploads\/2024\/11\/vulplaat_7mm-removebg-preview.png\",\"contentUrl\":\"https:\/\/schroevendump.nl\/wp-content\/uploads\/2024\/11\/vulplaat_7mm-removebg-preview.png\",\"width\":500,\"height\":500},{\"@type\":\"BreadcrumbList\",\"@id\":\"https:\/\/schroevendump.nl\/fr\/produit\/plaques-de-remplissage-7-mm-gris-96-pieces-dans-un-conteneur-en-plastique\/#breadcrumb\",\"itemListElement\":[{\"@type\":\"ListItem\",\"position\":1,\"name\":\"Accueil\",\"item\":\"https:\/\/schroevendump.nl\/fr\/\"},{\"@type\":\"ListItem\",\"position\":2,\"name\":\"Boutique\",\"item\":\"https:\/\/schroevendump.nl\/fr\/boutique\/\"},{\"@type\":\"ListItem\",\"position\":3,\"name\":\"Plaques de remplissage 7 mm gris 96 pi\u00e8ces dans un conteneur en plastique\"}]},{\"@type\":\"WebSite\",\"@id\":\"https:\/\/schroevendump.nl\/fr\/#website\",\"url\":\"https:\/\/schroevendump.nl\/fr\/\",\"name\":\"Schroevendump\",\"description\":\"\",\"potentialAction\":[{\"@type\":\"SearchAction\",\"target\":{\"@type\":\"EntryPoint\",\"urlTemplate\":\"https:\/\/schroevendump.nl\/fr\/?s={search_term_string}\"},\"query-input\":{\"@type\":\"PropertyValueSpecification\",\"valueRequired\":true,\"valueName\":\"search_term_string\"}}],\"inLanguage\":\"fr-FR\"}]}<\/script>\n<!-- \/ Yoast SEO plugin. -->","yoast_head_json":{"title":"Plaques de remplissage 7 mm gris 96 pi\u00e8ces dans un conteneur en plastique - Schroevendump","robots":{"index":"index","follow":"follow","max-snippet":"max-snippet:-1","max-image-preview":"max-image-preview:large","max-video-preview":"max-video-preview:-1"},"canonical":"https:\/\/schroevendump.nl\/fr\/produit\/plaques-de-remplissage-7-mm-gris-96-pieces-dans-un-conteneur-en-plastique\/","og_locale":"fr_FR","og_type":"article","og_title":"Plaques de remplissage 7 mm gris 96 pi\u00e8ces dans un conteneur en plastique - Schroevendump","og_description":"Les cales sont fabriqu\u00e9es en mati\u00e8re plastique. Une cale est souvent utilis\u00e9e pour cr\u00e9er une pression entre un joint ou, par exemple, pour fixer des cadres, des poutres, etc. Les plaques de remplissage sont tr\u00e8s utiles pour combler les espaces, l&#8217;avantage des plaques de remplissage est que vous avez diff\u00e9rentes tailles, souvent vous pouvez les [&hellip;]","og_url":"https:\/\/schroevendump.nl\/fr\/produit\/plaques-de-remplissage-7-mm-gris-96-pieces-dans-un-conteneur-en-plastique\/","og_site_name":"Schroevendump","article_modified_time":"2025-12-10T11:25:56+00:00","og_image":[{"width":500,"height":500,"url":"https:\/\/schroevendump.nl\/wp-content\/uploads\/2024\/11\/vulplaat_7mm-removebg-preview.png","type":"image\/png"}],"twitter_card":"summary_large_image","twitter_misc":{"Dur\u00e9e de lecture estim\u00e9e":"1 minute"},"schema":{"@context":"https:\/\/schema.org","@graph":[{"@type":"WebPage","@id":"https:\/\/schroevendump.nl\/fr\/produit\/plaques-de-remplissage-7-mm-gris-96-pieces-dans-un-conteneur-en-plastique\/","url":"https:\/\/schroevendump.nl\/fr\/produit\/plaques-de-remplissage-7-mm-gris-96-pieces-dans-un-conteneur-en-plastique\/","name":"Plaques de remplissage 7 mm gris 96 pi\u00e8ces dans un conteneur en plastique - Schroevendump","isPartOf":{"@id":"https:\/\/schroevendump.nl\/fr\/#website"},"primaryImageOfPage":{"@id":"https:\/\/schroevendump.nl\/fr\/produit\/plaques-de-remplissage-7-mm-gris-96-pieces-dans-un-conteneur-en-plastique\/#primaryimage"},"image":{"@id":"https:\/\/schroevendump.nl\/fr\/produit\/plaques-de-remplissage-7-mm-gris-96-pieces-dans-un-conteneur-en-plastique\/#primaryimage"},"thumbnailUrl":"https:\/\/schroevendump.nl\/wp-content\/uploads\/2024\/11\/vulplaat_7mm-removebg-preview.png","datePublished":"2024-11-18T14:37:57+00:00","dateModified":"2025-12-10T11:25:56+00:00","breadcrumb":{"@id":"https:\/\/schroevendump.nl\/fr\/produit\/plaques-de-remplissage-7-mm-gris-96-pieces-dans-un-conteneur-en-plastique\/#breadcrumb"},"inLanguage":"fr-FR","potentialAction":[{"@type":"ReadAction","target":["https:\/\/schroevendump.nl\/fr\/produit\/plaques-de-remplissage-7-mm-gris-96-pieces-dans-un-conteneur-en-plastique\/"]}]},{"@type":"ImageObject","inLanguage":"fr-FR","@id":"https:\/\/schroevendump.nl\/fr\/produit\/plaques-de-remplissage-7-mm-gris-96-pieces-dans-un-conteneur-en-plastique\/#primaryimage","url":"https:\/\/schroevendump.nl\/wp-content\/uploads\/2024\/11\/vulplaat_7mm-removebg-preview.png","contentUrl":"https:\/\/schroevendump.nl\/wp-content\/uploads\/2024\/11\/vulplaat_7mm-removebg-preview.png","width":500,"height":500},{"@type":"BreadcrumbList","@id":"https:\/\/schroevendump.nl\/fr\/produit\/plaques-de-remplissage-7-mm-gris-96-pieces-dans-un-conteneur-en-plastique\/#breadcrumb","itemListElement":[{"@type":"ListItem","position":1,"name":"Accueil","item":"https:\/\/schroevendump.nl\/fr\/"},{"@type":"ListItem","position":2,"name":"Boutique","item":"https:\/\/schroevendump.nl\/fr\/boutique\/"},{"@type":"ListItem","position":3,"name":"Plaques de remplissage 7 mm gris 96 pi\u00e8ces dans un conteneur en plastique"}]},{"@type":"WebSite","@id":"https:\/\/schroevendump.nl\/fr\/#website","url":"https:\/\/schroevendump.nl\/fr\/","name":"Schroevendump","description":"","potentialAction":[{"@type":"SearchAction","target":{"@type":"EntryPoint","urlTemplate":"https:\/\/schroevendump.nl\/fr\/?s={search_term_string}"},"query-input":{"@type":"PropertyValueSpecification","valueRequired":true,"valueName":"search_term_string"}}],"inLanguage":"fr-FR"}]}},"_links":{"self":[{"href":"https:\/\/schroevendump.nl\/fr\/wp-json\/wp\/v2\/product\/28842","targetHints":{"allow":["GET"]}}],"collection":[{"href":"https:\/\/schroevendump.nl\/fr\/wp-json\/wp\/v2\/product"}],"about":[{"href":"https:\/\/schroevendump.nl\/fr\/wp-json\/wp\/v2\/types\/product"}],"replies":[{"embeddable":true,"href":"https:\/\/schroevendump.nl\/fr\/wp-json\/wp\/v2\/comments?post=28842"}],"wp:featuredmedia":[{"embeddable":true,"href":"https:\/\/schroevendump.nl\/fr\/wp-json\/wp\/v2\/media\/28836"}],"wp:attachment":[{"href":"https:\/\/schroevendump.nl\/fr\/wp-json\/wp\/v2\/media?parent=28842"}],"wp:term":[{"taxonomy":"product_brand","embeddable":true,"href":"https:\/\/schroevendump.nl\/fr\/wp-json\/wp\/v2\/product_brand?post=28842"},{"taxonomy":"product_cat","embeddable":true,"href":"https:\/\/schroevendump.nl\/fr\/wp-json\/wp\/v2\/product_cat?post=28842"},{"taxonomy":"product_tag","embeddable":true,"href":"https:\/\/schroevendump.nl\/fr\/wp-json\/wp\/v2\/product_tag?post=28842"}],"curies":[{"name":"wp","href":"https:\/\/api.w.org\/{rel}","templated":true}]}}