{"id":28850,"date":"2025-05-22T15:13:38","date_gmt":"2025-05-22T15:13:38","guid":{"rendered":"https:\/\/schroevendump.nl\/product\/stanley-claw-hammer-blue-strike-450gr-1-51-488-marteau-de-charpentier-professionnel\/"},"modified":"2025-12-10T11:38:21","modified_gmt":"2025-12-10T11:38:21","slug":"stanley-claw-hammer-blue-strike-450gr-1-51-488-marteau-de-charpentier-professionnel","status":"publish","type":"product","link":"https:\/\/schroevendump.nl\/fr\/produit\/stanley-claw-hammer-blue-strike-450gr-1-51-488-marteau-de-charpentier-professionnel\/","title":{"rendered":"Stanley Claw Hammer Blue Strike 450gr &#8211; 1-51-488 &#8211; Marteau de charpentier professionnel"},"content":{"rendered":"<h3 data-start=\"121\" data-end=\"176\">\ud83d\udee0\ufe0f Stanley Claw Hammer Blue Strike 450gr (1-51-488)<\/h3>\n<p data-start=\"178\" data-end=\"243\"><strong data-start=\"178\" data-end=\"243\">Marteau \u00e0 griffes robuste et fiable pour un usage professionnel<\/strong><\/p>\n<p data-start=\"245\" data-end=\"399\"><span class=\"relative -mx-px my-[-0.2rem] rounded px-px py-[0.2rem] transition-colors duration-100 ease-in-out\">Le marteau \u00e0 griffes Stanley Blue Strike 450gr est con\u00e7u pour les professionnels et les bricoleurs \u00e0 la recherche d&#8217;un marteau durable et confortable.<\/span> <span class=\"relative -mx-px my-[-0.2rem] rounded px-px py-[0.2rem] transition-colors duration-100 ease-in-out\">Avec une t\u00eate tremp\u00e9e et forg\u00e9e, ce marteau offre une excellente r\u00e9sistance et durabilit\u00e9.<\/span> <span class=\"relative -mx-px my-[-0.2rem] rounded px-px py-[0.2rem] transition-colors duration-100 ease-in-out\">La poign\u00e9e ovale tubulaire allie robustesse et l\u00e9g\u00e8ret\u00e9, assurant un \u00e9quilibre parfait lors de l&#8217;utilisation.<\/span><\/p>\n<ul data-start=\"431\" data-end=\"811\">\n<li data-start=\"431\" data-end=\"489\">\n<p data-start=\"433\" data-end=\"489\"><strong data-start=\"433\" data-end=\"449\">Poids de la t\u00eate :<\/strong> <span class=\"relative -mx-px my-[-0.2rem] rounded px-px py-[0.2rem] transition-colors duration-100 ease-in-out\">450 grammes<\/span><\/p>\n<\/li>\n<li data-start=\"490\" data-end=\"543\">\n<p data-start=\"492\" data-end=\"543\"><strong data-start=\"492\" data-end=\"503\">Longueur :<\/strong> <span class=\"relative -mx-px my-[-0.2rem] rounded px-px py-[0.2rem] transition-colors duration-100 ease-in-out\">325 mm<\/span><\/p>\n<\/li>\n<li data-start=\"544\" data-end=\"604\">\n<p data-start=\"546\" data-end=\"604\"><strong data-start=\"546\" data-end=\"564\">Mat\u00e9riau de la t\u00eate :<\/strong> <span class=\"relative -mx-px my-[-0.2rem] rounded px-px py-[0.2rem] transition-colors duration-100 ease-in-out\">Acier tremp\u00e9 et forg\u00e9 pour une r\u00e9sistance accrue<\/span><\/p>\n<\/li>\n<li data-start=\"605\" data-end=\"657\">\n<p data-start=\"607\" data-end=\"657\"><strong data-start=\"607\" data-end=\"617\">Poign\u00e9e :<\/strong> <span class=\"relative -mx-px my-[-0.2rem] rounded px-px py-[0.2rem] transition-colors duration-100 ease-in-out\">Poign\u00e9e ovale tubulaire alliant r\u00e9sistance et l\u00e9g\u00e8ret\u00e9.<\/span><\/p>\n<\/li>\n<li data-start=\"658\" data-end=\"714\">\n<p data-start=\"660\" data-end=\"714\"><strong data-start=\"660\" data-end=\"674\">Poign\u00e9e :<\/strong> <span class=\"relative -mx-px my-[-0.2rem] rounded px-px py-[0.2rem] transition-colors duration-100 ease-in-out\">Conception ergonomique pour le confort et le contr\u00f4le<\/span><\/p>\n<\/li>\n<li data-start=\"715\" data-end=\"811\">\n<p data-start=\"717\" data-end=\"811\"><strong data-start=\"717\" data-end=\"732\">Application :<\/strong> <span class=\"relative -mx-px my-[-0.2rem] rounded px-px py-[0.2rem] transition-colors duration-100 ease-in-out\">Id\u00e9al pour divers travaux de menuiserie et travaux g\u00e9n\u00e9raux<\/span><\/p>\n<\/li>\n<\/ul>\n<p>&nbsp;<\/p>\n<p data-start=\"1112\" data-end=\"1129\"><strong data-start=\"1112\" data-end=\"1129\">Applications :<\/strong><\/p>\n<p data-start=\"1131\" data-end=\"1209\"><span class=\"relative -mx-px my-[-0.2rem] rounded px-px py-[0.2rem] transition-colors duration-100 ease-in-out\">Parfait pour enfoncer et retirer les clous, ainsi que pour d&#8217;autres travaux de menuiserie n\u00e9cessitant pr\u00e9cision et force.<\/span><\/p>\n","protected":false},"excerpt":{"rendered":"<p>\ud83d\udee0\ufe0f Stanley Claw Hammer Blue Strike 450gr (1-51-488) Marteau \u00e0 griffes robuste et fiable pour un usage professionnel Le marteau \u00e0 griffes Stanley Blue Strike 450gr est con\u00e7u pour les professionnels et les bricoleurs \u00e0 la recherche d&#8217;un marteau durable et confortable. Avec une t\u00eate tremp\u00e9e et forg\u00e9e, ce marteau offre une excellente r\u00e9sistance et [&hellip;]<\/p>\n","protected":false},"featured_media":28852,"comment_status":"open","ping_status":"closed","template":"","meta":[],"product_brand":[],"product_cat":[590],"product_tag":[],"class_list":{"0":"post-28850","1":"product","2":"type-product","3":"status-publish","4":"has-post-thumbnail","6":"product_cat-outils-a-main","8":"first","9":"instock","10":"taxable","11":"shipping-taxable","12":"purchasable","13":"product-type-simple"},"supplier_id":null,"supplier_sku":"","barcode":null,"atum_controlled":true,"out_stock_date":null,"out_stock_threshold":null,"inheritable":false,"inbound_stock":0,"stock_on_hold":0,"sold_today":0,"sales_last_days":0,"reserved_stock":0,"customer_returns":0,"warehouse_damage":0,"lost_in_post":0,"other_logs":0,"out_stock_days":0,"lost_sales":0,"has_location":false,"update_date":"2026-04-25T01:06:24","atum_locations":[],"atum_stock_status":"instock","restock_status":false,"low_stock_amount":"","sales_update_date":"2026-04-25T01:06:24","calc_backorders":null,"acf":[],"yoast_head":"<!-- This site is optimized with the Yoast SEO plugin v26.6 - https:\/\/yoast.com\/wordpress\/plugins\/seo\/ -->\n<title>Stanley Claw Hammer Blue Strike 450gr - 1-51-488 - Marteau de charpentier professionnel - Schroevendump<\/title>\n<meta name=\"robots\" content=\"index, follow, max-snippet:-1, max-image-preview:large, max-video-preview:-1\" \/>\n<link rel=\"canonical\" href=\"https:\/\/schroevendump.nl\/fr\/produit\/stanley-claw-hammer-blue-strike-450gr-1-51-488-marteau-de-charpentier-professionnel\/\" \/>\n<meta property=\"og:locale\" content=\"fr_FR\" \/>\n<meta property=\"og:type\" content=\"article\" \/>\n<meta property=\"og:title\" content=\"Stanley Claw Hammer Blue Strike 450gr - 1-51-488 - Marteau de charpentier professionnel - Schroevendump\" \/>\n<meta property=\"og:description\" content=\"\ud83d\udee0\ufe0f Stanley Claw Hammer Blue Strike 450gr (1-51-488) Marteau \u00e0 griffes robuste et fiable pour un usage professionnel Le marteau \u00e0 griffes Stanley Blue Strike 450gr est con\u00e7u pour les professionnels et les bricoleurs \u00e0 la recherche d&#8217;un marteau durable et confortable. Avec une t\u00eate tremp\u00e9e et forg\u00e9e, ce marteau offre une excellente r\u00e9sistance et [&hellip;]\" \/>\n<meta property=\"og:url\" content=\"https:\/\/schroevendump.nl\/fr\/produit\/stanley-claw-hammer-blue-strike-450gr-1-51-488-marteau-de-charpentier-professionnel\/\" \/>\n<meta property=\"og:site_name\" content=\"Schroevendump\" \/>\n<meta property=\"article:modified_time\" content=\"2025-12-10T11:38:21+00:00\" \/>\n<meta property=\"og:image\" content=\"https:\/\/schroevendump.nl\/wp-content\/uploads\/2025\/05\/1-51-488_1_1_-removebg-preview.png\" \/>\n\t<meta property=\"og:image:width\" content=\"500\" \/>\n\t<meta property=\"og:image:height\" content=\"500\" \/>\n\t<meta property=\"og:image:type\" content=\"image\/png\" \/>\n<meta name=\"twitter:card\" content=\"summary_large_image\" \/>\n<meta name=\"twitter:label1\" content=\"Dur\u00e9e de lecture estim\u00e9e\" \/>\n\t<meta name=\"twitter:data1\" content=\"1 minute\" \/>\n<script type=\"application\/ld+json\" class=\"yoast-schema-graph\">{\"@context\":\"https:\/\/schema.org\",\"@graph\":[{\"@type\":\"WebPage\",\"@id\":\"https:\/\/schroevendump.nl\/fr\/produit\/stanley-claw-hammer-blue-strike-450gr-1-51-488-marteau-de-charpentier-professionnel\/\",\"url\":\"https:\/\/schroevendump.nl\/fr\/produit\/stanley-claw-hammer-blue-strike-450gr-1-51-488-marteau-de-charpentier-professionnel\/\",\"name\":\"Stanley Claw Hammer Blue Strike 450gr - 1-51-488 - Marteau de charpentier professionnel - Schroevendump\",\"isPartOf\":{\"@id\":\"https:\/\/schroevendump.nl\/fr\/#website\"},\"primaryImageOfPage\":{\"@id\":\"https:\/\/schroevendump.nl\/fr\/produit\/stanley-claw-hammer-blue-strike-450gr-1-51-488-marteau-de-charpentier-professionnel\/#primaryimage\"},\"image\":{\"@id\":\"https:\/\/schroevendump.nl\/fr\/produit\/stanley-claw-hammer-blue-strike-450gr-1-51-488-marteau-de-charpentier-professionnel\/#primaryimage\"},\"thumbnailUrl\":\"https:\/\/schroevendump.nl\/wp-content\/uploads\/2025\/05\/1-51-488_1_1_-removebg-preview.png\",\"datePublished\":\"2025-05-22T15:13:38+00:00\",\"dateModified\":\"2025-12-10T11:38:21+00:00\",\"breadcrumb\":{\"@id\":\"https:\/\/schroevendump.nl\/fr\/produit\/stanley-claw-hammer-blue-strike-450gr-1-51-488-marteau-de-charpentier-professionnel\/#breadcrumb\"},\"inLanguage\":\"fr-FR\",\"potentialAction\":[{\"@type\":\"ReadAction\",\"target\":[\"https:\/\/schroevendump.nl\/fr\/produit\/stanley-claw-hammer-blue-strike-450gr-1-51-488-marteau-de-charpentier-professionnel\/\"]}]},{\"@type\":\"ImageObject\",\"inLanguage\":\"fr-FR\",\"@id\":\"https:\/\/schroevendump.nl\/fr\/produit\/stanley-claw-hammer-blue-strike-450gr-1-51-488-marteau-de-charpentier-professionnel\/#primaryimage\",\"url\":\"https:\/\/schroevendump.nl\/wp-content\/uploads\/2025\/05\/1-51-488_1_1_-removebg-preview.png\",\"contentUrl\":\"https:\/\/schroevendump.nl\/wp-content\/uploads\/2025\/05\/1-51-488_1_1_-removebg-preview.png\",\"width\":500,\"height\":500},{\"@type\":\"BreadcrumbList\",\"@id\":\"https:\/\/schroevendump.nl\/fr\/produit\/stanley-claw-hammer-blue-strike-450gr-1-51-488-marteau-de-charpentier-professionnel\/#breadcrumb\",\"itemListElement\":[{\"@type\":\"ListItem\",\"position\":1,\"name\":\"Accueil\",\"item\":\"https:\/\/schroevendump.nl\/fr\/\"},{\"@type\":\"ListItem\",\"position\":2,\"name\":\"Boutique\",\"item\":\"https:\/\/schroevendump.nl\/fr\/boutique\/\"},{\"@type\":\"ListItem\",\"position\":3,\"name\":\"Stanley Claw Hammer Blue Strike 450gr &#8211; 1-51-488 &#8211; Marteau de charpentier professionnel\"}]},{\"@type\":\"WebSite\",\"@id\":\"https:\/\/schroevendump.nl\/fr\/#website\",\"url\":\"https:\/\/schroevendump.nl\/fr\/\",\"name\":\"Schroevendump\",\"description\":\"\",\"potentialAction\":[{\"@type\":\"SearchAction\",\"target\":{\"@type\":\"EntryPoint\",\"urlTemplate\":\"https:\/\/schroevendump.nl\/fr\/?s={search_term_string}\"},\"query-input\":{\"@type\":\"PropertyValueSpecification\",\"valueRequired\":true,\"valueName\":\"search_term_string\"}}],\"inLanguage\":\"fr-FR\"}]}<\/script>\n<!-- \/ Yoast SEO plugin. -->","yoast_head_json":{"title":"Stanley Claw Hammer Blue Strike 450gr - 1-51-488 - Marteau de charpentier professionnel - Schroevendump","robots":{"index":"index","follow":"follow","max-snippet":"max-snippet:-1","max-image-preview":"max-image-preview:large","max-video-preview":"max-video-preview:-1"},"canonical":"https:\/\/schroevendump.nl\/fr\/produit\/stanley-claw-hammer-blue-strike-450gr-1-51-488-marteau-de-charpentier-professionnel\/","og_locale":"fr_FR","og_type":"article","og_title":"Stanley Claw Hammer Blue Strike 450gr - 1-51-488 - Marteau de charpentier professionnel - Schroevendump","og_description":"\ud83d\udee0\ufe0f Stanley Claw Hammer Blue Strike 450gr (1-51-488) Marteau \u00e0 griffes robuste et fiable pour un usage professionnel Le marteau \u00e0 griffes Stanley Blue Strike 450gr est con\u00e7u pour les professionnels et les bricoleurs \u00e0 la recherche d&#8217;un marteau durable et confortable. Avec une t\u00eate tremp\u00e9e et forg\u00e9e, ce marteau offre une excellente r\u00e9sistance et [&hellip;]","og_url":"https:\/\/schroevendump.nl\/fr\/produit\/stanley-claw-hammer-blue-strike-450gr-1-51-488-marteau-de-charpentier-professionnel\/","og_site_name":"Schroevendump","article_modified_time":"2025-12-10T11:38:21+00:00","og_image":[{"width":500,"height":500,"url":"https:\/\/schroevendump.nl\/wp-content\/uploads\/2025\/05\/1-51-488_1_1_-removebg-preview.png","type":"image\/png"}],"twitter_card":"summary_large_image","twitter_misc":{"Dur\u00e9e de lecture estim\u00e9e":"1 minute"},"schema":{"@context":"https:\/\/schema.org","@graph":[{"@type":"WebPage","@id":"https:\/\/schroevendump.nl\/fr\/produit\/stanley-claw-hammer-blue-strike-450gr-1-51-488-marteau-de-charpentier-professionnel\/","url":"https:\/\/schroevendump.nl\/fr\/produit\/stanley-claw-hammer-blue-strike-450gr-1-51-488-marteau-de-charpentier-professionnel\/","name":"Stanley Claw Hammer Blue Strike 450gr - 1-51-488 - Marteau de charpentier professionnel - Schroevendump","isPartOf":{"@id":"https:\/\/schroevendump.nl\/fr\/#website"},"primaryImageOfPage":{"@id":"https:\/\/schroevendump.nl\/fr\/produit\/stanley-claw-hammer-blue-strike-450gr-1-51-488-marteau-de-charpentier-professionnel\/#primaryimage"},"image":{"@id":"https:\/\/schroevendump.nl\/fr\/produit\/stanley-claw-hammer-blue-strike-450gr-1-51-488-marteau-de-charpentier-professionnel\/#primaryimage"},"thumbnailUrl":"https:\/\/schroevendump.nl\/wp-content\/uploads\/2025\/05\/1-51-488_1_1_-removebg-preview.png","datePublished":"2025-05-22T15:13:38+00:00","dateModified":"2025-12-10T11:38:21+00:00","breadcrumb":{"@id":"https:\/\/schroevendump.nl\/fr\/produit\/stanley-claw-hammer-blue-strike-450gr-1-51-488-marteau-de-charpentier-professionnel\/#breadcrumb"},"inLanguage":"fr-FR","potentialAction":[{"@type":"ReadAction","target":["https:\/\/schroevendump.nl\/fr\/produit\/stanley-claw-hammer-blue-strike-450gr-1-51-488-marteau-de-charpentier-professionnel\/"]}]},{"@type":"ImageObject","inLanguage":"fr-FR","@id":"https:\/\/schroevendump.nl\/fr\/produit\/stanley-claw-hammer-blue-strike-450gr-1-51-488-marteau-de-charpentier-professionnel\/#primaryimage","url":"https:\/\/schroevendump.nl\/wp-content\/uploads\/2025\/05\/1-51-488_1_1_-removebg-preview.png","contentUrl":"https:\/\/schroevendump.nl\/wp-content\/uploads\/2025\/05\/1-51-488_1_1_-removebg-preview.png","width":500,"height":500},{"@type":"BreadcrumbList","@id":"https:\/\/schroevendump.nl\/fr\/produit\/stanley-claw-hammer-blue-strike-450gr-1-51-488-marteau-de-charpentier-professionnel\/#breadcrumb","itemListElement":[{"@type":"ListItem","position":1,"name":"Accueil","item":"https:\/\/schroevendump.nl\/fr\/"},{"@type":"ListItem","position":2,"name":"Boutique","item":"https:\/\/schroevendump.nl\/fr\/boutique\/"},{"@type":"ListItem","position":3,"name":"Stanley Claw Hammer Blue Strike 450gr &#8211; 1-51-488 &#8211; Marteau de charpentier professionnel"}]},{"@type":"WebSite","@id":"https:\/\/schroevendump.nl\/fr\/#website","url":"https:\/\/schroevendump.nl\/fr\/","name":"Schroevendump","description":"","potentialAction":[{"@type":"SearchAction","target":{"@type":"EntryPoint","urlTemplate":"https:\/\/schroevendump.nl\/fr\/?s={search_term_string}"},"query-input":{"@type":"PropertyValueSpecification","valueRequired":true,"valueName":"search_term_string"}}],"inLanguage":"fr-FR"}]}},"_links":{"self":[{"href":"https:\/\/schroevendump.nl\/fr\/wp-json\/wp\/v2\/product\/28850","targetHints":{"allow":["GET"]}}],"collection":[{"href":"https:\/\/schroevendump.nl\/fr\/wp-json\/wp\/v2\/product"}],"about":[{"href":"https:\/\/schroevendump.nl\/fr\/wp-json\/wp\/v2\/types\/product"}],"replies":[{"embeddable":true,"href":"https:\/\/schroevendump.nl\/fr\/wp-json\/wp\/v2\/comments?post=28850"}],"wp:featuredmedia":[{"embeddable":true,"href":"https:\/\/schroevendump.nl\/fr\/wp-json\/wp\/v2\/media\/28852"}],"wp:attachment":[{"href":"https:\/\/schroevendump.nl\/fr\/wp-json\/wp\/v2\/media?parent=28850"}],"wp:term":[{"taxonomy":"product_brand","embeddable":true,"href":"https:\/\/schroevendump.nl\/fr\/wp-json\/wp\/v2\/product_brand?post=28850"},{"taxonomy":"product_cat","embeddable":true,"href":"https:\/\/schroevendump.nl\/fr\/wp-json\/wp\/v2\/product_cat?post=28850"},{"taxonomy":"product_tag","embeddable":true,"href":"https:\/\/schroevendump.nl\/fr\/wp-json\/wp\/v2\/product_tag?post=28850"}],"curies":[{"name":"wp","href":"https:\/\/api.w.org\/{rel}","templated":true}]}}