{"id":28856,"date":"2025-05-22T15:05:07","date_gmt":"2025-05-22T15:05:07","guid":{"rendered":"https:\/\/schroevendump.nl\/product\/stanley-stroke-line-powder-blue-115g-1-47-403-pour-les-marquages-clairs\/"},"modified":"2025-12-10T11:40:09","modified_gmt":"2025-12-10T11:40:09","slug":"stanley-stroke-line-powder-blue-115g-1-47-403-pour-les-marquages-clairs","status":"publish","type":"product","link":"https:\/\/schroevendump.nl\/fr\/produit\/stanley-stroke-line-powder-blue-115g-1-47-403-pour-les-marquages-clairs\/","title":{"rendered":"Stanley Stroke Line Powder Blue 115g &#8211; 1-47-403 &#8211; Pour les marquages clairs"},"content":{"rendered":"<h3 data-start=\"121\" data-end=\"173\">\ud83d\udee0\ufe0f Stanley Impact Line Powder Blue 115g (1-47-403)<\/h3>\n<p data-start=\"175\" data-end=\"239\"><strong data-start=\"175\" data-end=\"239\">Outil de marquage fiable pour l&#8217;int\u00e9rieur et l&#8217;ext\u00e9rieur<\/strong><\/p>\n<p data-start=\"241\" data-end=\"355\"><span class=\"relative -mx-px my-[-0.2rem] rounded px-px py-[0.2rem] transition-colors duration-100 ease-in-out\">Le Stanley Impact Line Powder Blue 115g est sp\u00e9cialement con\u00e7u pour r\u00e9aliser des marquages clairs et durables.<\/span> <span class=\"relative -mx-px my-[-0.2rem] rounded px-px py-[0.2rem] transition-colors duration-100 ease-in-out\">La poudre adh\u00e8re bien \u00e0 diverses surfaces et r\u00e9siste \u00e0 l&#8217;eau, ce qui la rend efficace pour une utilisation int\u00e9rieure et ext\u00e9rieure.<\/span><\/p>\n<p data-start=\"241\" data-end=\"355\"><strong data-start=\"357\" data-end=\"385\">Caract\u00e9ristiques principales :<\/strong><\/p>\n<ul data-start=\"387\" data-end=\"714\">\n<li data-start=\"387\" data-end=\"439\">\n<p data-start=\"389\" data-end=\"439\"><strong data-start=\"389\" data-end=\"399\">Couleur :<\/strong> <span class=\"relative -mx-px my-[-0.2rem] rounded px-px py-[0.2rem] transition-colors duration-100 ease-in-out\">Bleu<\/span><\/p>\n<\/li>\n<li data-start=\"440\" data-end=\"493\">\n<p data-start=\"442\" data-end=\"493\"><strong data-start=\"442\" data-end=\"453\">Contenu :<\/strong> <span class=\"relative -mx-px my-[-0.2rem] rounded px-px py-[0.2rem] transition-colors duration-100 ease-in-out\">115 g<\/span><\/p>\n<\/li>\n<li data-start=\"494\" data-end=\"551\">\n<p data-start=\"496\" data-end=\"551\"><strong data-start=\"496\" data-end=\"511\">Application :<\/strong> <span class=\"relative -mx-px my-[-0.2rem] rounded px-px py-[0.2rem] transition-colors duration-100 ease-in-out\">Convient \u00e0 un usage g\u00e9n\u00e9ral, \u00e0 l&#8217;int\u00e9rieur comme \u00e0 l&#8217;ext\u00e9rieur.<\/span><\/p>\n<\/li>\n<li data-start=\"552\" data-end=\"613\">\n<p data-start=\"554\" data-end=\"613\"><strong data-start=\"554\" data-end=\"573\">R\u00e9sistant \u00e0 l&#8217;eau :<\/strong> <span class=\"relative -mx-px my-[-0.2rem] rounded px-px py-[0.2rem] transition-colors duration-100 ease-in-out\">Conserve la visibilit\u00e9 m\u00eame en cas d&#8217;exposition \u00e0 l&#8217;humidit\u00e9<\/span><\/p>\n<\/li>\n<li data-start=\"614\" data-end=\"714\">\n<p data-start=\"616\" data-end=\"714\"><strong data-start=\"616\" data-end=\"635\">Bonne adh\u00e9rence :<\/strong> <span class=\"relative -mx-px my-[-0.2rem] rounded px-px py-[0.2rem] transition-colors duration-100 ease-in-out\">Sp\u00e9cialement formul\u00e9 pour une adh\u00e9rence et une visibilit\u00e9 optimales.<\/span><\/p>\n<\/li>\n<\/ul>\n","protected":false},"excerpt":{"rendered":"<p>\ud83d\udee0\ufe0f Stanley Impact Line Powder Blue 115g (1-47-403) Outil de marquage fiable pour l&#8217;int\u00e9rieur et l&#8217;ext\u00e9rieur Le Stanley Impact Line Powder Blue 115g est sp\u00e9cialement con\u00e7u pour r\u00e9aliser des marquages clairs et durables. La poudre adh\u00e8re bien \u00e0 diverses surfaces et r\u00e9siste \u00e0 l&#8217;eau, ce qui la rend efficace pour une utilisation int\u00e9rieure et ext\u00e9rieure. [&hellip;]<\/p>\n","protected":false},"featured_media":19518,"comment_status":"open","ping_status":"closed","template":"","meta":[],"product_brand":[],"product_cat":[590],"product_tag":[],"class_list":{"0":"post-28856","1":"product","2":"type-product","3":"status-publish","4":"has-post-thumbnail","6":"product_cat-outils-a-main","8":"first","9":"instock","10":"taxable","11":"shipping-taxable","12":"purchasable","13":"product-type-simple"},"supplier_id":null,"supplier_sku":"","barcode":null,"atum_controlled":true,"out_stock_date":null,"out_stock_threshold":null,"inheritable":false,"inbound_stock":0,"stock_on_hold":0,"sold_today":0,"sales_last_days":0,"reserved_stock":0,"customer_returns":0,"warehouse_damage":0,"lost_in_post":0,"other_logs":0,"out_stock_days":0,"lost_sales":0,"has_location":false,"update_date":"2026-04-08T00:57:40","atum_locations":[],"atum_stock_status":"instock","restock_status":false,"low_stock_amount":"","sales_update_date":"2026-04-08T00:57:40","calc_backorders":null,"acf":[],"yoast_head":"<!-- This site is optimized with the Yoast SEO plugin v26.6 - https:\/\/yoast.com\/wordpress\/plugins\/seo\/ -->\n<title>Stanley Stroke Line Powder Blue 115g - 1-47-403 - Pour les marquages clairs - Schroevendump<\/title>\n<meta name=\"robots\" content=\"index, follow, max-snippet:-1, max-image-preview:large, max-video-preview:-1\" \/>\n<link rel=\"canonical\" href=\"https:\/\/schroevendump.nl\/fr\/produit\/stanley-stroke-line-powder-blue-115g-1-47-403-pour-les-marquages-clairs\/\" \/>\n<meta property=\"og:locale\" content=\"fr_FR\" \/>\n<meta property=\"og:type\" content=\"article\" \/>\n<meta property=\"og:title\" content=\"Stanley Stroke Line Powder Blue 115g - 1-47-403 - Pour les marquages clairs - Schroevendump\" \/>\n<meta property=\"og:description\" content=\"\ud83d\udee0\ufe0f Stanley Impact Line Powder Blue 115g (1-47-403) Outil de marquage fiable pour l&#8217;int\u00e9rieur et l&#8217;ext\u00e9rieur Le Stanley Impact Line Powder Blue 115g est sp\u00e9cialement con\u00e7u pour r\u00e9aliser des marquages clairs et durables. La poudre adh\u00e8re bien \u00e0 diverses surfaces et r\u00e9siste \u00e0 l&#8217;eau, ce qui la rend efficace pour une utilisation int\u00e9rieure et ext\u00e9rieure. [&hellip;]\" \/>\n<meta property=\"og:url\" content=\"https:\/\/schroevendump.nl\/fr\/produit\/stanley-stroke-line-powder-blue-115g-1-47-403-pour-les-marquages-clairs\/\" \/>\n<meta property=\"og:site_name\" content=\"Schroevendump\" \/>\n<meta property=\"article:modified_time\" content=\"2025-12-10T11:40:09+00:00\" \/>\n<meta property=\"og:image\" content=\"https:\/\/schroevendump.nl\/wp-content\/uploads\/2025\/05\/1-47-403_1_1_-removebg-preview.png\" \/>\n\t<meta property=\"og:image:width\" content=\"500\" \/>\n\t<meta property=\"og:image:height\" content=\"500\" \/>\n\t<meta property=\"og:image:type\" content=\"image\/png\" \/>\n<meta name=\"twitter:card\" content=\"summary_large_image\" \/>\n<meta name=\"twitter:label1\" content=\"Dur\u00e9e de lecture estim\u00e9e\" \/>\n\t<meta name=\"twitter:data1\" content=\"1 minute\" \/>\n<script type=\"application\/ld+json\" class=\"yoast-schema-graph\">{\"@context\":\"https:\/\/schema.org\",\"@graph\":[{\"@type\":\"WebPage\",\"@id\":\"https:\/\/schroevendump.nl\/fr\/produit\/stanley-stroke-line-powder-blue-115g-1-47-403-pour-les-marquages-clairs\/\",\"url\":\"https:\/\/schroevendump.nl\/fr\/produit\/stanley-stroke-line-powder-blue-115g-1-47-403-pour-les-marquages-clairs\/\",\"name\":\"Stanley Stroke Line Powder Blue 115g - 1-47-403 - Pour les marquages clairs - Schroevendump\",\"isPartOf\":{\"@id\":\"https:\/\/schroevendump.nl\/fr\/#website\"},\"primaryImageOfPage\":{\"@id\":\"https:\/\/schroevendump.nl\/fr\/produit\/stanley-stroke-line-powder-blue-115g-1-47-403-pour-les-marquages-clairs\/#primaryimage\"},\"image\":{\"@id\":\"https:\/\/schroevendump.nl\/fr\/produit\/stanley-stroke-line-powder-blue-115g-1-47-403-pour-les-marquages-clairs\/#primaryimage\"},\"thumbnailUrl\":\"https:\/\/schroevendump.nl\/wp-content\/uploads\/2025\/05\/1-47-403_1_1_-removebg-preview.png\",\"datePublished\":\"2025-05-22T15:05:07+00:00\",\"dateModified\":\"2025-12-10T11:40:09+00:00\",\"breadcrumb\":{\"@id\":\"https:\/\/schroevendump.nl\/fr\/produit\/stanley-stroke-line-powder-blue-115g-1-47-403-pour-les-marquages-clairs\/#breadcrumb\"},\"inLanguage\":\"fr-FR\",\"potentialAction\":[{\"@type\":\"ReadAction\",\"target\":[\"https:\/\/schroevendump.nl\/fr\/produit\/stanley-stroke-line-powder-blue-115g-1-47-403-pour-les-marquages-clairs\/\"]}]},{\"@type\":\"ImageObject\",\"inLanguage\":\"fr-FR\",\"@id\":\"https:\/\/schroevendump.nl\/fr\/produit\/stanley-stroke-line-powder-blue-115g-1-47-403-pour-les-marquages-clairs\/#primaryimage\",\"url\":\"https:\/\/schroevendump.nl\/wp-content\/uploads\/2025\/05\/1-47-403_1_1_-removebg-preview.png\",\"contentUrl\":\"https:\/\/schroevendump.nl\/wp-content\/uploads\/2025\/05\/1-47-403_1_1_-removebg-preview.png\",\"width\":500,\"height\":500},{\"@type\":\"BreadcrumbList\",\"@id\":\"https:\/\/schroevendump.nl\/fr\/produit\/stanley-stroke-line-powder-blue-115g-1-47-403-pour-les-marquages-clairs\/#breadcrumb\",\"itemListElement\":[{\"@type\":\"ListItem\",\"position\":1,\"name\":\"Accueil\",\"item\":\"https:\/\/schroevendump.nl\/fr\/\"},{\"@type\":\"ListItem\",\"position\":2,\"name\":\"Boutique\",\"item\":\"https:\/\/schroevendump.nl\/fr\/boutique\/\"},{\"@type\":\"ListItem\",\"position\":3,\"name\":\"Stanley Stroke Line Powder Blue 115g &#8211; 1-47-403 &#8211; Pour les marquages clairs\"}]},{\"@type\":\"WebSite\",\"@id\":\"https:\/\/schroevendump.nl\/fr\/#website\",\"url\":\"https:\/\/schroevendump.nl\/fr\/\",\"name\":\"Schroevendump\",\"description\":\"\",\"potentialAction\":[{\"@type\":\"SearchAction\",\"target\":{\"@type\":\"EntryPoint\",\"urlTemplate\":\"https:\/\/schroevendump.nl\/fr\/?s={search_term_string}\"},\"query-input\":{\"@type\":\"PropertyValueSpecification\",\"valueRequired\":true,\"valueName\":\"search_term_string\"}}],\"inLanguage\":\"fr-FR\"}]}<\/script>\n<!-- \/ Yoast SEO plugin. -->","yoast_head_json":{"title":"Stanley Stroke Line Powder Blue 115g - 1-47-403 - Pour les marquages clairs - Schroevendump","robots":{"index":"index","follow":"follow","max-snippet":"max-snippet:-1","max-image-preview":"max-image-preview:large","max-video-preview":"max-video-preview:-1"},"canonical":"https:\/\/schroevendump.nl\/fr\/produit\/stanley-stroke-line-powder-blue-115g-1-47-403-pour-les-marquages-clairs\/","og_locale":"fr_FR","og_type":"article","og_title":"Stanley Stroke Line Powder Blue 115g - 1-47-403 - Pour les marquages clairs - Schroevendump","og_description":"\ud83d\udee0\ufe0f Stanley Impact Line Powder Blue 115g (1-47-403) Outil de marquage fiable pour l&#8217;int\u00e9rieur et l&#8217;ext\u00e9rieur Le Stanley Impact Line Powder Blue 115g est sp\u00e9cialement con\u00e7u pour r\u00e9aliser des marquages clairs et durables. La poudre adh\u00e8re bien \u00e0 diverses surfaces et r\u00e9siste \u00e0 l&#8217;eau, ce qui la rend efficace pour une utilisation int\u00e9rieure et ext\u00e9rieure. [&hellip;]","og_url":"https:\/\/schroevendump.nl\/fr\/produit\/stanley-stroke-line-powder-blue-115g-1-47-403-pour-les-marquages-clairs\/","og_site_name":"Schroevendump","article_modified_time":"2025-12-10T11:40:09+00:00","og_image":[{"width":500,"height":500,"url":"https:\/\/schroevendump.nl\/wp-content\/uploads\/2025\/05\/1-47-403_1_1_-removebg-preview.png","type":"image\/png"}],"twitter_card":"summary_large_image","twitter_misc":{"Dur\u00e9e de lecture estim\u00e9e":"1 minute"},"schema":{"@context":"https:\/\/schema.org","@graph":[{"@type":"WebPage","@id":"https:\/\/schroevendump.nl\/fr\/produit\/stanley-stroke-line-powder-blue-115g-1-47-403-pour-les-marquages-clairs\/","url":"https:\/\/schroevendump.nl\/fr\/produit\/stanley-stroke-line-powder-blue-115g-1-47-403-pour-les-marquages-clairs\/","name":"Stanley Stroke Line Powder Blue 115g - 1-47-403 - Pour les marquages clairs - Schroevendump","isPartOf":{"@id":"https:\/\/schroevendump.nl\/fr\/#website"},"primaryImageOfPage":{"@id":"https:\/\/schroevendump.nl\/fr\/produit\/stanley-stroke-line-powder-blue-115g-1-47-403-pour-les-marquages-clairs\/#primaryimage"},"image":{"@id":"https:\/\/schroevendump.nl\/fr\/produit\/stanley-stroke-line-powder-blue-115g-1-47-403-pour-les-marquages-clairs\/#primaryimage"},"thumbnailUrl":"https:\/\/schroevendump.nl\/wp-content\/uploads\/2025\/05\/1-47-403_1_1_-removebg-preview.png","datePublished":"2025-05-22T15:05:07+00:00","dateModified":"2025-12-10T11:40:09+00:00","breadcrumb":{"@id":"https:\/\/schroevendump.nl\/fr\/produit\/stanley-stroke-line-powder-blue-115g-1-47-403-pour-les-marquages-clairs\/#breadcrumb"},"inLanguage":"fr-FR","potentialAction":[{"@type":"ReadAction","target":["https:\/\/schroevendump.nl\/fr\/produit\/stanley-stroke-line-powder-blue-115g-1-47-403-pour-les-marquages-clairs\/"]}]},{"@type":"ImageObject","inLanguage":"fr-FR","@id":"https:\/\/schroevendump.nl\/fr\/produit\/stanley-stroke-line-powder-blue-115g-1-47-403-pour-les-marquages-clairs\/#primaryimage","url":"https:\/\/schroevendump.nl\/wp-content\/uploads\/2025\/05\/1-47-403_1_1_-removebg-preview.png","contentUrl":"https:\/\/schroevendump.nl\/wp-content\/uploads\/2025\/05\/1-47-403_1_1_-removebg-preview.png","width":500,"height":500},{"@type":"BreadcrumbList","@id":"https:\/\/schroevendump.nl\/fr\/produit\/stanley-stroke-line-powder-blue-115g-1-47-403-pour-les-marquages-clairs\/#breadcrumb","itemListElement":[{"@type":"ListItem","position":1,"name":"Accueil","item":"https:\/\/schroevendump.nl\/fr\/"},{"@type":"ListItem","position":2,"name":"Boutique","item":"https:\/\/schroevendump.nl\/fr\/boutique\/"},{"@type":"ListItem","position":3,"name":"Stanley Stroke Line Powder Blue 115g &#8211; 1-47-403 &#8211; Pour les marquages clairs"}]},{"@type":"WebSite","@id":"https:\/\/schroevendump.nl\/fr\/#website","url":"https:\/\/schroevendump.nl\/fr\/","name":"Schroevendump","description":"","potentialAction":[{"@type":"SearchAction","target":{"@type":"EntryPoint","urlTemplate":"https:\/\/schroevendump.nl\/fr\/?s={search_term_string}"},"query-input":{"@type":"PropertyValueSpecification","valueRequired":true,"valueName":"search_term_string"}}],"inLanguage":"fr-FR"}]}},"_links":{"self":[{"href":"https:\/\/schroevendump.nl\/fr\/wp-json\/wp\/v2\/product\/28856","targetHints":{"allow":["GET"]}}],"collection":[{"href":"https:\/\/schroevendump.nl\/fr\/wp-json\/wp\/v2\/product"}],"about":[{"href":"https:\/\/schroevendump.nl\/fr\/wp-json\/wp\/v2\/types\/product"}],"replies":[{"embeddable":true,"href":"https:\/\/schroevendump.nl\/fr\/wp-json\/wp\/v2\/comments?post=28856"}],"wp:featuredmedia":[{"embeddable":true,"href":"https:\/\/schroevendump.nl\/fr\/wp-json\/wp\/v2\/media\/19518"}],"wp:attachment":[{"href":"https:\/\/schroevendump.nl\/fr\/wp-json\/wp\/v2\/media?parent=28856"}],"wp:term":[{"taxonomy":"product_brand","embeddable":true,"href":"https:\/\/schroevendump.nl\/fr\/wp-json\/wp\/v2\/product_brand?post=28856"},{"taxonomy":"product_cat","embeddable":true,"href":"https:\/\/schroevendump.nl\/fr\/wp-json\/wp\/v2\/product_cat?post=28856"},{"taxonomy":"product_tag","embeddable":true,"href":"https:\/\/schroevendump.nl\/fr\/wp-json\/wp\/v2\/product_tag?post=28856"}],"curies":[{"name":"wp","href":"https:\/\/api.w.org\/{rel}","templated":true}]}}