{"id":28862,"date":"2025-05-22T14:20:27","date_gmt":"2025-05-22T14:20:27","guid":{"rendered":"https:\/\/schroevendump.nl\/product\/stanley-wonder-bar-300mm-1-55-515-burin-de-demolition-pour-usage-professionnel\/"},"modified":"2025-12-10T11:39:42","modified_gmt":"2025-12-10T11:39:42","slug":"stanley-wonder-bar-300mm-1-55-515-burin-de-demolition-pour-usage-professionnel","status":"publish","type":"product","link":"https:\/\/schroevendump.nl\/fr\/produit\/stanley-wonder-bar-300mm-1-55-515-burin-de-demolition-pour-usage-professionnel\/","title":{"rendered":"Stanley Wonder Bar 300mm &#8211; 1-55-515 &#8211; Burin de d\u00e9molition pour usage professionnel"},"content":{"rendered":"<h3 data-start=\"173\" data-end=\"216\">\ud83d\udee0\ufe0f Stanley Wonder Bar 300mm (1-55-515)<\/h3>\n<p data-start=\"218\" data-end=\"284\"><strong data-start=\"218\" data-end=\"284\">Ciseau de d\u00e9molition polyvalent et durable pour un usage professionnel<\/strong><\/p>\n<p data-start=\"286\" data-end=\"438\"><span class=\"relative -mx-px my-[-0.2rem] rounded px-px py-[0.2rem] transition-colors duration-100 ease-in-out\">La barre magique Stanley de 300 mm est un outil essentiel pour les travaux de d\u00e9molition et de r\u00e9novation.<\/span> <span class=\"relative -mx-px my-[-0.2rem] rounded px-px py-[0.2rem] transition-colors duration-100 ease-in-out\">Fabriqu\u00e9 en acier au carbone forg\u00e9 de haute qualit\u00e9, ce burin de d\u00e9molition offre une excellente durabilit\u00e9 et une grande solidit\u00e9.<\/span> <span class=\"relative -mx-px my-[-0.2rem] rounded px-px py-[0.2rem] transition-colors duration-100 ease-in-out\">Les extr\u00e9mit\u00e9s aplaties et les fentes de clous biseaut\u00e9es facilitent le retrait des clous, la s\u00e9paration des mat\u00e9riaux et le grattage des surfaces.<\/span><\/p>\n<p data-start=\"440\" data-end=\"468\"><strong data-start=\"440\" data-end=\"468\">Caract\u00e9ristiques principales :<\/strong><\/p>\n<ul data-start=\"470\" data-end=\"831\">\n<li data-start=\"470\" data-end=\"523\">\n<p data-start=\"472\" data-end=\"523\"><strong data-start=\"472\" data-end=\"483\">Longueur :<\/strong> <span class=\"relative -mx-px my-[-0.2rem] rounded px-px py-[0.2rem] transition-colors duration-100 ease-in-out\">300 mm<\/span><\/p>\n<\/li>\n<li data-start=\"524\" data-end=\"580\">\n<p data-start=\"526\" data-end=\"580\"><strong data-start=\"526\" data-end=\"540\">Mat\u00e9riau :<\/strong> <span class=\"relative -mx-px my-[-0.2rem] rounded px-px py-[0.2rem] transition-colors duration-100 ease-in-out\">Acier au carbone forg\u00e9 de haute qualit\u00e9 pour une r\u00e9sistance et une durabilit\u00e9 accrues<\/span><\/p>\n<\/li>\n<li data-start=\"581\" data-end=\"648\">\n<p data-start=\"583\" data-end=\"648\"><strong data-start=\"583\" data-end=\"608\">Extr\u00e9mit\u00e9s aplaties :<\/strong> <span class=\"relative -mx-px my-[-0.2rem] rounded px-px py-[0.2rem] transition-colors duration-100 ease-in-out\">Pour un meilleur fonctionnement et un meilleur acc\u00e8s aux espaces restreints<\/span><\/p>\n<\/li>\n<li data-start=\"649\" data-end=\"721\">\n<p data-start=\"651\" data-end=\"721\"><strong data-start=\"651\" data-end=\"681\">Fentes \u00e0 clous biseaut\u00e9es :<\/strong> <span class=\"relative -mx-px my-[-0.2rem] rounded px-px py-[0.2rem] transition-colors duration-100 ease-in-out\">Aux deux extr\u00e9mit\u00e9s pour faciliter le retrait des clous<\/span><\/p>\n<\/li>\n<li data-start=\"722\" data-end=\"831\">\n<p data-start=\"724\" data-end=\"831\"><strong data-start=\"724\" data-end=\"752\">Finition en poudre :<\/strong> <span class=\"relative -mx-px my-[-0.2rem] rounded px-px py-[0.2rem] transition-colors duration-100 ease-in-out\">Assure la r\u00e9sistance \u00e0 la corrosion et une meilleure visibilit\u00e9<\/span><\/p>\n<\/li>\n<\/ul>\n<p data-start=\"833\" data-end=\"862\"><strong data-start=\"833\" data-end=\"862\">Caract\u00e9ristiques techniques :<\/strong><\/p>\n<ul data-start=\"864\" data-end=\"1069\">\n<li data-start=\"864\" data-end=\"924\">\n<p data-start=\"866\" data-end=\"924\"><strong data-start=\"866\" data-end=\"884\">Num\u00e9ro d&#8217;article<\/strong> <span class=\"relative -mx-px my-[-0.2rem] rounded px-px py-[0.2rem] transition-colors duration-100 ease-in-out\">1-55-515<\/span><\/p>\n<\/li>\n<li data-start=\"925\" data-end=\"975\">\n<p data-start=\"927\" data-end=\"975\"><strong data-start=\"927\" data-end=\"935\">EAN :<\/strong> <span class=\"relative -mx-px my-[-0.2rem] rounded px-px py-[0.2rem] transition-colors duration-100 ease-in-out\">3253561555152<\/span><\/p>\n<\/li>\n<li data-start=\"976\" data-end=\"1069\">\n<p data-start=\"978\" data-end=\"1069\"><strong data-start=\"978\" data-end=\"990\">Poids :<\/strong> <span class=\"relative -mx-px my-[-0.2rem] rounded px-px py-[0.2rem] transition-colors duration-100 ease-in-out\">environ 0,6 kg<\/span><\/p>\n<\/li>\n<\/ul>\n<p data-start=\"1071\" data-end=\"1088\"><strong data-start=\"1071\" data-end=\"1088\">Applications :<\/strong><\/p>\n<p data-start=\"1090\" data-end=\"1168\"><span class=\"relative -mx-px my-[-0.2rem] rounded px-px py-[0.2rem] transition-colors duration-100 ease-in-out\">Id\u00e9al pour arracher les clous, briser les mat\u00e9riaux et gratter les surfaces lors de divers travaux de d\u00e9molition et de r\u00e9novation.<\/span><\/p>\n","protected":false},"excerpt":{"rendered":"<p>\ud83d\udee0\ufe0f Stanley Wonder Bar 300mm (1-55-515) Ciseau de d\u00e9molition polyvalent et durable pour un usage professionnel La barre magique Stanley de 300 mm est un outil essentiel pour les travaux de d\u00e9molition et de r\u00e9novation. Fabriqu\u00e9 en acier au carbone forg\u00e9 de haute qualit\u00e9, ce burin de d\u00e9molition offre une excellente durabilit\u00e9 et une grande [&hellip;]<\/p>\n","protected":false},"featured_media":28864,"comment_status":"open","ping_status":"closed","template":"","meta":[],"product_brand":[],"product_cat":[590],"product_tag":[],"class_list":{"0":"post-28862","1":"product","2":"type-product","3":"status-publish","4":"has-post-thumbnail","6":"product_cat-outils-a-main","8":"first","9":"outofstock","10":"taxable","11":"shipping-taxable","12":"purchasable","13":"product-type-simple"},"supplier_id":null,"supplier_sku":"","barcode":null,"atum_controlled":true,"out_stock_date":"2026-04-20 20:18:39","out_stock_threshold":null,"inheritable":false,"inbound_stock":0,"stock_on_hold":0,"sold_today":0,"sales_last_days":0,"reserved_stock":0,"customer_returns":0,"warehouse_damage":0,"lost_in_post":0,"other_logs":0,"out_stock_days":4,"lost_sales":0,"has_location":false,"update_date":"2026-04-25T01:07:13","atum_locations":[],"atum_stock_status":"outofstock","restock_status":false,"low_stock_amount":"","sales_update_date":"2026-04-25T01:07:13","calc_backorders":null,"acf":[],"yoast_head":"<!-- This site is optimized with the Yoast SEO plugin v26.6 - https:\/\/yoast.com\/wordpress\/plugins\/seo\/ -->\n<title>Stanley Wonder Bar 300mm - 1-55-515 - Burin de d\u00e9molition pour usage professionnel - Schroevendump<\/title>\n<meta name=\"robots\" content=\"index, follow, max-snippet:-1, max-image-preview:large, max-video-preview:-1\" \/>\n<link rel=\"canonical\" href=\"https:\/\/schroevendump.nl\/fr\/produit\/stanley-wonder-bar-300mm-1-55-515-burin-de-demolition-pour-usage-professionnel\/\" \/>\n<meta property=\"og:locale\" content=\"fr_FR\" \/>\n<meta property=\"og:type\" content=\"article\" \/>\n<meta property=\"og:title\" content=\"Stanley Wonder Bar 300mm - 1-55-515 - Burin de d\u00e9molition pour usage professionnel - Schroevendump\" \/>\n<meta property=\"og:description\" content=\"\ud83d\udee0\ufe0f Stanley Wonder Bar 300mm (1-55-515) Ciseau de d\u00e9molition polyvalent et durable pour un usage professionnel La barre magique Stanley de 300 mm est un outil essentiel pour les travaux de d\u00e9molition et de r\u00e9novation. Fabriqu\u00e9 en acier au carbone forg\u00e9 de haute qualit\u00e9, ce burin de d\u00e9molition offre une excellente durabilit\u00e9 et une grande [&hellip;]\" \/>\n<meta property=\"og:url\" content=\"https:\/\/schroevendump.nl\/fr\/produit\/stanley-wonder-bar-300mm-1-55-515-burin-de-demolition-pour-usage-professionnel\/\" \/>\n<meta property=\"og:site_name\" content=\"Schroevendump\" \/>\n<meta property=\"article:modified_time\" content=\"2025-12-10T11:39:42+00:00\" \/>\n<meta property=\"og:image\" content=\"https:\/\/schroevendump.nl\/wp-content\/uploads\/2025\/05\/1-55-515_1_1_-removebg-preview-1.png\" \/>\n\t<meta property=\"og:image:width\" content=\"500\" \/>\n\t<meta property=\"og:image:height\" content=\"500\" \/>\n\t<meta property=\"og:image:type\" content=\"image\/png\" \/>\n<meta name=\"twitter:card\" content=\"summary_large_image\" \/>\n<meta name=\"twitter:label1\" content=\"Dur\u00e9e de lecture estim\u00e9e\" \/>\n\t<meta name=\"twitter:data1\" content=\"1 minute\" \/>\n<script type=\"application\/ld+json\" class=\"yoast-schema-graph\">{\"@context\":\"https:\/\/schema.org\",\"@graph\":[{\"@type\":\"WebPage\",\"@id\":\"https:\/\/schroevendump.nl\/fr\/produit\/stanley-wonder-bar-300mm-1-55-515-burin-de-demolition-pour-usage-professionnel\/\",\"url\":\"https:\/\/schroevendump.nl\/fr\/produit\/stanley-wonder-bar-300mm-1-55-515-burin-de-demolition-pour-usage-professionnel\/\",\"name\":\"Stanley Wonder Bar 300mm - 1-55-515 - Burin de d\u00e9molition pour usage professionnel - Schroevendump\",\"isPartOf\":{\"@id\":\"https:\/\/schroevendump.nl\/fr\/#website\"},\"primaryImageOfPage\":{\"@id\":\"https:\/\/schroevendump.nl\/fr\/produit\/stanley-wonder-bar-300mm-1-55-515-burin-de-demolition-pour-usage-professionnel\/#primaryimage\"},\"image\":{\"@id\":\"https:\/\/schroevendump.nl\/fr\/produit\/stanley-wonder-bar-300mm-1-55-515-burin-de-demolition-pour-usage-professionnel\/#primaryimage\"},\"thumbnailUrl\":\"https:\/\/schroevendump.nl\/wp-content\/uploads\/2025\/05\/1-55-515_1_1_-removebg-preview-1.png\",\"datePublished\":\"2025-05-22T14:20:27+00:00\",\"dateModified\":\"2025-12-10T11:39:42+00:00\",\"breadcrumb\":{\"@id\":\"https:\/\/schroevendump.nl\/fr\/produit\/stanley-wonder-bar-300mm-1-55-515-burin-de-demolition-pour-usage-professionnel\/#breadcrumb\"},\"inLanguage\":\"fr-FR\",\"potentialAction\":[{\"@type\":\"ReadAction\",\"target\":[\"https:\/\/schroevendump.nl\/fr\/produit\/stanley-wonder-bar-300mm-1-55-515-burin-de-demolition-pour-usage-professionnel\/\"]}]},{\"@type\":\"ImageObject\",\"inLanguage\":\"fr-FR\",\"@id\":\"https:\/\/schroevendump.nl\/fr\/produit\/stanley-wonder-bar-300mm-1-55-515-burin-de-demolition-pour-usage-professionnel\/#primaryimage\",\"url\":\"https:\/\/schroevendump.nl\/wp-content\/uploads\/2025\/05\/1-55-515_1_1_-removebg-preview-1.png\",\"contentUrl\":\"https:\/\/schroevendump.nl\/wp-content\/uploads\/2025\/05\/1-55-515_1_1_-removebg-preview-1.png\",\"width\":500,\"height\":500},{\"@type\":\"BreadcrumbList\",\"@id\":\"https:\/\/schroevendump.nl\/fr\/produit\/stanley-wonder-bar-300mm-1-55-515-burin-de-demolition-pour-usage-professionnel\/#breadcrumb\",\"itemListElement\":[{\"@type\":\"ListItem\",\"position\":1,\"name\":\"Accueil\",\"item\":\"https:\/\/schroevendump.nl\/fr\/\"},{\"@type\":\"ListItem\",\"position\":2,\"name\":\"Boutique\",\"item\":\"https:\/\/schroevendump.nl\/fr\/boutique\/\"},{\"@type\":\"ListItem\",\"position\":3,\"name\":\"Stanley Wonder Bar 300mm &#8211; 1-55-515 &#8211; Burin de d\u00e9molition pour usage professionnel\"}]},{\"@type\":\"WebSite\",\"@id\":\"https:\/\/schroevendump.nl\/fr\/#website\",\"url\":\"https:\/\/schroevendump.nl\/fr\/\",\"name\":\"Schroevendump\",\"description\":\"\",\"potentialAction\":[{\"@type\":\"SearchAction\",\"target\":{\"@type\":\"EntryPoint\",\"urlTemplate\":\"https:\/\/schroevendump.nl\/fr\/?s={search_term_string}\"},\"query-input\":{\"@type\":\"PropertyValueSpecification\",\"valueRequired\":true,\"valueName\":\"search_term_string\"}}],\"inLanguage\":\"fr-FR\"}]}<\/script>\n<!-- \/ Yoast SEO plugin. -->","yoast_head_json":{"title":"Stanley Wonder Bar 300mm - 1-55-515 - Burin de d\u00e9molition pour usage professionnel - Schroevendump","robots":{"index":"index","follow":"follow","max-snippet":"max-snippet:-1","max-image-preview":"max-image-preview:large","max-video-preview":"max-video-preview:-1"},"canonical":"https:\/\/schroevendump.nl\/fr\/produit\/stanley-wonder-bar-300mm-1-55-515-burin-de-demolition-pour-usage-professionnel\/","og_locale":"fr_FR","og_type":"article","og_title":"Stanley Wonder Bar 300mm - 1-55-515 - Burin de d\u00e9molition pour usage professionnel - Schroevendump","og_description":"\ud83d\udee0\ufe0f Stanley Wonder Bar 300mm (1-55-515) Ciseau de d\u00e9molition polyvalent et durable pour un usage professionnel La barre magique Stanley de 300 mm est un outil essentiel pour les travaux de d\u00e9molition et de r\u00e9novation. Fabriqu\u00e9 en acier au carbone forg\u00e9 de haute qualit\u00e9, ce burin de d\u00e9molition offre une excellente durabilit\u00e9 et une grande [&hellip;]","og_url":"https:\/\/schroevendump.nl\/fr\/produit\/stanley-wonder-bar-300mm-1-55-515-burin-de-demolition-pour-usage-professionnel\/","og_site_name":"Schroevendump","article_modified_time":"2025-12-10T11:39:42+00:00","og_image":[{"width":500,"height":500,"url":"https:\/\/schroevendump.nl\/wp-content\/uploads\/2025\/05\/1-55-515_1_1_-removebg-preview-1.png","type":"image\/png"}],"twitter_card":"summary_large_image","twitter_misc":{"Dur\u00e9e de lecture estim\u00e9e":"1 minute"},"schema":{"@context":"https:\/\/schema.org","@graph":[{"@type":"WebPage","@id":"https:\/\/schroevendump.nl\/fr\/produit\/stanley-wonder-bar-300mm-1-55-515-burin-de-demolition-pour-usage-professionnel\/","url":"https:\/\/schroevendump.nl\/fr\/produit\/stanley-wonder-bar-300mm-1-55-515-burin-de-demolition-pour-usage-professionnel\/","name":"Stanley Wonder Bar 300mm - 1-55-515 - Burin de d\u00e9molition pour usage professionnel - Schroevendump","isPartOf":{"@id":"https:\/\/schroevendump.nl\/fr\/#website"},"primaryImageOfPage":{"@id":"https:\/\/schroevendump.nl\/fr\/produit\/stanley-wonder-bar-300mm-1-55-515-burin-de-demolition-pour-usage-professionnel\/#primaryimage"},"image":{"@id":"https:\/\/schroevendump.nl\/fr\/produit\/stanley-wonder-bar-300mm-1-55-515-burin-de-demolition-pour-usage-professionnel\/#primaryimage"},"thumbnailUrl":"https:\/\/schroevendump.nl\/wp-content\/uploads\/2025\/05\/1-55-515_1_1_-removebg-preview-1.png","datePublished":"2025-05-22T14:20:27+00:00","dateModified":"2025-12-10T11:39:42+00:00","breadcrumb":{"@id":"https:\/\/schroevendump.nl\/fr\/produit\/stanley-wonder-bar-300mm-1-55-515-burin-de-demolition-pour-usage-professionnel\/#breadcrumb"},"inLanguage":"fr-FR","potentialAction":[{"@type":"ReadAction","target":["https:\/\/schroevendump.nl\/fr\/produit\/stanley-wonder-bar-300mm-1-55-515-burin-de-demolition-pour-usage-professionnel\/"]}]},{"@type":"ImageObject","inLanguage":"fr-FR","@id":"https:\/\/schroevendump.nl\/fr\/produit\/stanley-wonder-bar-300mm-1-55-515-burin-de-demolition-pour-usage-professionnel\/#primaryimage","url":"https:\/\/schroevendump.nl\/wp-content\/uploads\/2025\/05\/1-55-515_1_1_-removebg-preview-1.png","contentUrl":"https:\/\/schroevendump.nl\/wp-content\/uploads\/2025\/05\/1-55-515_1_1_-removebg-preview-1.png","width":500,"height":500},{"@type":"BreadcrumbList","@id":"https:\/\/schroevendump.nl\/fr\/produit\/stanley-wonder-bar-300mm-1-55-515-burin-de-demolition-pour-usage-professionnel\/#breadcrumb","itemListElement":[{"@type":"ListItem","position":1,"name":"Accueil","item":"https:\/\/schroevendump.nl\/fr\/"},{"@type":"ListItem","position":2,"name":"Boutique","item":"https:\/\/schroevendump.nl\/fr\/boutique\/"},{"@type":"ListItem","position":3,"name":"Stanley Wonder Bar 300mm &#8211; 1-55-515 &#8211; Burin de d\u00e9molition pour usage professionnel"}]},{"@type":"WebSite","@id":"https:\/\/schroevendump.nl\/fr\/#website","url":"https:\/\/schroevendump.nl\/fr\/","name":"Schroevendump","description":"","potentialAction":[{"@type":"SearchAction","target":{"@type":"EntryPoint","urlTemplate":"https:\/\/schroevendump.nl\/fr\/?s={search_term_string}"},"query-input":{"@type":"PropertyValueSpecification","valueRequired":true,"valueName":"search_term_string"}}],"inLanguage":"fr-FR"}]}},"_links":{"self":[{"href":"https:\/\/schroevendump.nl\/fr\/wp-json\/wp\/v2\/product\/28862","targetHints":{"allow":["GET"]}}],"collection":[{"href":"https:\/\/schroevendump.nl\/fr\/wp-json\/wp\/v2\/product"}],"about":[{"href":"https:\/\/schroevendump.nl\/fr\/wp-json\/wp\/v2\/types\/product"}],"replies":[{"embeddable":true,"href":"https:\/\/schroevendump.nl\/fr\/wp-json\/wp\/v2\/comments?post=28862"}],"wp:featuredmedia":[{"embeddable":true,"href":"https:\/\/schroevendump.nl\/fr\/wp-json\/wp\/v2\/media\/28864"}],"wp:attachment":[{"href":"https:\/\/schroevendump.nl\/fr\/wp-json\/wp\/v2\/media?parent=28862"}],"wp:term":[{"taxonomy":"product_brand","embeddable":true,"href":"https:\/\/schroevendump.nl\/fr\/wp-json\/wp\/v2\/product_brand?post=28862"},{"taxonomy":"product_cat","embeddable":true,"href":"https:\/\/schroevendump.nl\/fr\/wp-json\/wp\/v2\/product_cat?post=28862"},{"taxonomy":"product_tag","embeddable":true,"href":"https:\/\/schroevendump.nl\/fr\/wp-json\/wp\/v2\/product_tag?post=28862"}],"curies":[{"name":"wp","href":"https:\/\/api.w.org\/{rel}","templated":true}]}}